{"id":9962,"date":"2022-10-12T10:49:19","date_gmt":"2022-10-12T08:49:19","guid":{"rendered":"https:\/\/www.lraloeverashop.eu\/product\/kolostrum-kapsule-set\/"},"modified":"2026-03-16T18:23:12","modified_gmt":"2026-03-16T17:23:12","slug":"kolostrum-kapsule-set","status":"publish","type":"product","link":"https:\/\/www.lraloeverashop.eu\/sk\/produkt\/kolostrum-kapsule-set\/","title":{"rendered":"Lr Kolostrum Kapsule Set"},"content":{"rendered":"<h2><strong><span style=\"font-size: 16pt;\">Lr Kolostrum Kapsule Set<\/span><\/strong><\/h2>\n<p><strong><span style=\"font-size: 14pt;\">Lr Kolostrum Kapsule Set Pom\u00e1haju posilni\u0165 imunitn\u00fd syst\u00e9m<\/span><\/strong><\/p>\n<p>LR Kolostrum kapsule Set obsahuj\u00fa to najlep\u0161ie z kravsk\u00e9ho prv\u00e9ho mlieka vo vysoko koncentrovanej forme. Cenn\u00fd pr\u00e1\u0161ok z kolostra vo vn\u00fatri kaps\u00fal sa z\u00edskava z prv\u00e9ho <a href=\"https:\/\/www.lraloeverashop.eu\/sk\/bovinne-kolostrum-zdravotne-vyhody\/\">matersk\u00e9ho mlieka<\/a> po naroden\u00ed te\u013ea\u0165a. Iba odmasten\u00fd a z jemne mrazom su\u0161en\u00fd, kvalitn\u00e9 pr\u00edsady zost\u00e1vaj\u00fa vo ve\u013ekej miere nedotknut\u00e9.<\/p>\n<p>Vysoko kvalitn\u00e9 zlo\u017eenie vytv\u00e1ra Lr Kolostrum Kapsule Set kvalitn\u00fd produkt vyroben\u00fd v Nemecku na ktor\u00e9ho kvalitu sa m\u00f4\u017eete spo\u013eahn\u00fa\u0165. Na v\u00fdrobu LR pou\u017e\u00edva len <a href=\"https:\/\/www.lraloeverashop.eu\/sk\/produkt\/kolostrum-direkt-liquid\/\"><strong>nadbyto\u010dn\u00e9 kolostrum<\/strong><\/a>, ktor\u00e9 je vopred do podrobna testovan\u00e9.<\/p>\n<p>Ka\u017ed\u00fd v\u00fdrobn\u00fd krok sprev\u00e1dza pr\u00edsne parametre kvality a najvy\u0161\u0161ie kontroln\u00e9 \u0161tandardy. Okrem intern\u00fdch kontrol nez\u00e1visl\u00e9ho SGS INSTITUTE FRESENIUS sa pravidelne kontroluj\u00fa v\u0161etky kroky spracovania, ako aj kone\u010dn\u00fd produkt.<\/p>\n<p>Ako znak vysokej kvality v\u00fdrobky <a href=\"https:\/\/www.lraloeverashop.eu\/sk\/produkt\/kolostrum-kapsule\/\">LR Kolostrum<\/a> nes\u00fa zna\u010dku kvality INSTITUT FRESENIUS. Je to jeden z najtvrd\u0161\u00edch nez\u00e1visl\u00fdch testovac\u00edch Institutov Kvality na trhu.<\/p>\n<p>&nbsp;<\/p>\n<h3><span style=\"font-size: 16pt;\"><strong>Ako pou\u017eiva\u0165<\/strong><\/span><\/h3>\n<p><strong>Odpor\u00fa\u010danie spotreby:<\/strong> R\u00e1no a ve\u010der jednu kapsulu zapit s vodou<\/p>\n<p>Nepou\u017e\u00edvajte s hor\u00facimi n\u00e1pojmi.<\/p>\n<p>Uistite sa, \u017ee m\u00e1te rozmanit\u00fa a <a href=\"https:\/\/www.lraloeverashop.eu\/sk\/kategoria-produktu\/doplnky-stravy\/\">vyv\u00e1\u017een\u00fa stravu<\/a>, ako aj zdrav\u00fd \u017eivotn\u00fd \u0161t\u00fdl. Skladova\u0165 v chladnom a suchom prostred\u00ed.<\/p>\n<p>&nbsp;<\/p>\n<h4><strong><span style=\"font-size: 16pt;\">Vedeli ste?<\/span><\/strong><\/h4>\n<p>S cie\u013eom splni\u0165 vysok\u00e9 \u0161tandardy kvality a d\u00f4sledne kontrolova\u0165 v\u0161etky kroky na ceste ku kone\u010dn\u00e9mu produktu pou\u017e\u00edva spolo\u010dnos\u0165 LR iba prebyto\u010dn\u00e9 <a href=\"https:\/\/www.lraloeverashop.eu\/sk\/kategoria-produktu\/specialne-produkty\/kolostrum-sk\/\">kolostrum z eur\u00f3pskych kr\u00e1v<\/a> pre svoje v\u00fdrobky z kolostra.<\/p>\n","protected":false},"excerpt":{"rendered":"<ul>\n<li>Kapsule obsahuj\u00face kolostrum na denn\u00fa spotrebu<\/li>\n<li>Pre v\u0161eobecn\u00e9 blaho<\/li>\n<li>Dod\u00e1va 800 mg cenn\u00e9ho pr\u00e1\u0161ku z kravsk\u00e9ho kolostra na denn\u00fa davku<\/li>\n<li>Pom\u00e1ha posilni\u0165 imunitn\u00fd syst\u00e9m<\/li>\n<li>Starostlivo vyroben\u00e9 v Nemecku<\/li>\n<li>Mledzivo v\u00fdlu\u010dne z eur\u00f3pskych kr\u00e1v<\/li>\n<li>Obsah: 3 x 60 kapsuliek<\/li>\n<\/ul>\n<p>&nbsp;<\/p>\n","protected":false},"featured_media":5542,"comment_status":"open","ping_status":"closed","template":"","meta":{"_kad_blocks_custom_css":"","_kad_blocks_head_custom_js":"","_kad_blocks_body_custom_js":"","_kad_blocks_footer_custom_js":"","_kadence_starter_templates_imported_post":false,"_kad_post_transparent":"default","_kad_post_title":"","_kad_post_layout":"default","_kad_post_sidebar_id":"","_kad_post_content_style":"default","_kad_post_vertical_padding":"default","_kad_post_feature":"","_kad_post_feature_position":"","_kad_post_header":false,"_kad_post_footer":false,"_kad_post_classname":""},"product_brand":[],"product_cat":[349,498,414,459,402],"product_tag":[683],"class_list":{"0":"post-9962","1":"product","2":"type-product","3":"status-publish","4":"has-post-thumbnail","6":"product_cat-imunitny-system-a-rovnovaha","7":"product_cat-kolostrum-sk","8":"product_cat-specialne-produkty","9":"product_cat-usetrite-v-setoch","10":"product_cat-zaklad","11":"product_tag-posilnovac-imunity","13":"first","14":"instock","15":"taxable","16":"shipping-taxable","17":"purchasable","18":"product-type-simple","19":"entry","20":"content-bg","21":"loop-entry"},"yoast_head":"<!-- This site is optimized with the Yoast SEO Premium plugin v27.4 (Yoast SEO v27.4) - https:\/\/yoast.com\/product\/yoast-seo-premium-wordpress\/ -->\n<title>Lr Kolostrum Kapsule Pom\u00e1haju posilni\u0165 imunitn\u00fd syst\u00e9m<\/title>\n<meta name=\"description\" content=\"Lr Kolostrum Kapsule dod\u00e1vaju 800 mg cenn\u00e9ho pr\u00e1\u0161ku z kravsk\u00e9ho kolostra na denn\u00fa davku. Mledzivo v\u00fdlu\u010dne z eur\u00f3pskych kr\u00e1v. Starostlivo vyroben\u00e9 v Nemecku\" \/>\n<meta name=\"robots\" content=\"index, follow, max-snippet:-1, max-image-preview:large, max-video-preview:-1\" \/>\n<link rel=\"canonical\" href=\"https:\/\/www.lraloeverashop.eu\/sk\/produkt\/kolostrum-kapsule-set\/\" \/>\n<meta property=\"og:locale\" content=\"sk_SK\" \/>\n<meta property=\"og:type\" content=\"article\" \/>\n<meta property=\"og:title\" content=\"Lr Kolostrum Kapsule Set\" \/>\n<meta property=\"og:description\" content=\"Lr Kolostrum Kapsule dod\u00e1vaju 800 mg cenn\u00e9ho pr\u00e1\u0161ku z kravsk\u00e9ho kolostra na denn\u00fa davku. Mledzivo v\u00fdlu\u010dne z eur\u00f3pskych kr\u00e1v. Starostlivo vyroben\u00e9 v Nemecku\" \/>\n<meta property=\"og:url\" content=\"https:\/\/www.lraloeverashop.eu\/sk\/produkt\/kolostrum-kapsule-set\/\" \/>\n<meta property=\"og:site_name\" content=\"Lr Obchod Aloe Vera\" \/>\n<meta property=\"article:publisher\" content=\"https:\/\/www.facebook.com\/lraloeverashop.eu\" \/>\n<meta property=\"article:modified_time\" content=\"2026-03-16T17:23:12+00:00\" \/>\n<meta property=\"og:image\" content=\"https:\/\/www.lraloeverashop.eu\/wp-content\/uploads\/2022\/10\/Lr-Colostrum-Compact-capsules-3-Set.jpg\" \/>\n\t<meta property=\"og:image:width\" content=\"1200\" \/>\n\t<meta property=\"og:image:height\" content=\"1200\" \/>\n\t<meta property=\"og:image:type\" content=\"image\/jpeg\" \/>\n<meta name=\"twitter:card\" content=\"summary_large_image\" \/>\n<meta name=\"twitter:site\" content=\"@natur__kosmetik\" \/>\n<script type=\"application\/ld+json\" class=\"yoast-schema-graph\">{\"@context\":\"https:\\\/\\\/schema.org\",\"@graph\":[{\"@type\":[\"WebPage\",\"ItemPage\"],\"@id\":\"https:\\\/\\\/www.lraloeverashop.eu\\\/sk\\\/produkt\\\/kolostrum-kapsule-set\\\/\",\"url\":\"https:\\\/\\\/www.lraloeverashop.eu\\\/sk\\\/produkt\\\/kolostrum-kapsule-set\\\/\",\"name\":\"Lr Kolostrum Kapsule Pom\u00e1haju posilni\u0165 imunitn\u00fd syst\u00e9m\",\"isPartOf\":{\"@id\":\"https:\\\/\\\/www.lraloeverashop.eu\\\/sk\\\/#website\"},\"primaryImageOfPage\":{\"@id\":\"https:\\\/\\\/www.lraloeverashop.eu\\\/sk\\\/produkt\\\/kolostrum-kapsule-set\\\/#primaryimage\"},\"image\":{\"@id\":\"https:\\\/\\\/www.lraloeverashop.eu\\\/sk\\\/produkt\\\/kolostrum-kapsule-set\\\/#primaryimage\"},\"thumbnailUrl\":\"https:\\\/\\\/www.lraloeverashop.eu\\\/wp-content\\\/uploads\\\/2022\\\/10\\\/Lr-Colostrum-Compact-capsules-3-Set.jpg\",\"datePublished\":\"2022-10-12T08:49:19+00:00\",\"dateModified\":\"2026-03-16T17:23:12+00:00\",\"description\":\"Lr Kolostrum Kapsule dod\u00e1vaju 800 mg cenn\u00e9ho pr\u00e1\u0161ku z kravsk\u00e9ho kolostra na denn\u00fa davku. Mledzivo v\u00fdlu\u010dne z eur\u00f3pskych kr\u00e1v. Starostlivo vyroben\u00e9 v Nemecku\",\"breadcrumb\":{\"@id\":\"https:\\\/\\\/www.lraloeverashop.eu\\\/sk\\\/produkt\\\/kolostrum-kapsule-set\\\/#breadcrumb\"},\"inLanguage\":\"sk-SK\",\"potentialAction\":[{\"@type\":\"ReadAction\",\"target\":[\"https:\\\/\\\/www.lraloeverashop.eu\\\/sk\\\/produkt\\\/kolostrum-kapsule-set\\\/\"]}]},{\"@type\":\"ImageObject\",\"inLanguage\":\"sk-SK\",\"@id\":\"https:\\\/\\\/www.lraloeverashop.eu\\\/sk\\\/produkt\\\/kolostrum-kapsule-set\\\/#primaryimage\",\"url\":\"https:\\\/\\\/www.lraloeverashop.eu\\\/wp-content\\\/uploads\\\/2022\\\/10\\\/Lr-Colostrum-Compact-capsules-3-Set.jpg\",\"contentUrl\":\"https:\\\/\\\/www.lraloeverashop.eu\\\/wp-content\\\/uploads\\\/2022\\\/10\\\/Lr-Colostrum-Compact-capsules-3-Set.jpg\",\"width\":1200,\"height\":1200,\"caption\":\"Lr Kolostrum kompaktn\u00e9 kapsuly S\u00faprava na 3 mesiace\"},{\"@type\":\"BreadcrumbList\",\"@id\":\"https:\\\/\\\/www.lraloeverashop.eu\\\/sk\\\/produkt\\\/kolostrum-kapsule-set\\\/#breadcrumb\",\"itemListElement\":[{\"@type\":\"ListItem\",\"position\":1,\"name\":\"Home\",\"item\":\"https:\\\/\\\/www.lraloeverashop.eu\\\/sk\\\/\"},{\"@type\":\"ListItem\",\"position\":2,\"name\":\"Obchod\",\"item\":\"https:\\\/\\\/www.lraloeverashop.eu\\\/shop\\\/\"},{\"@type\":\"ListItem\",\"position\":3,\"name\":\"Lr Kolostrum Kapsule Set\"}]},{\"@type\":\"WebSite\",\"@id\":\"https:\\\/\\\/www.lraloeverashop.eu\\\/sk\\\/#website\",\"url\":\"https:\\\/\\\/www.lraloeverashop.eu\\\/sk\\\/\",\"name\":\"Lr Obchod Aloe Vera\",\"description\":\"High Quality Lr Aloe Vera Gel, Aloe Vera Cream and Shampoo\",\"publisher\":{\"@id\":\"https:\\\/\\\/www.lraloeverashop.eu\\\/sk\\\/#organization\"},\"potentialAction\":[{\"@type\":\"SearchAction\",\"target\":{\"@type\":\"EntryPoint\",\"urlTemplate\":\"https:\\\/\\\/www.lraloeverashop.eu\\\/sk\\\/?s={search_term_string}\"},\"query-input\":{\"@type\":\"PropertyValueSpecification\",\"valueRequired\":true,\"valueName\":\"search_term_string\"}}],\"inLanguage\":\"sk-SK\"},{\"@type\":\"Organization\",\"@id\":\"https:\\\/\\\/www.lraloeverashop.eu\\\/sk\\\/#organization\",\"name\":\"Lr Obchod Aloe Vera\",\"alternateName\":\"LR\",\"url\":\"https:\\\/\\\/www.lraloeverashop.eu\\\/sk\\\/\",\"logo\":{\"@type\":\"ImageObject\",\"inLanguage\":\"sk-SK\",\"@id\":\"https:\\\/\\\/www.lraloeverashop.eu\\\/sk\\\/#\\\/schema\\\/logo\\\/image\\\/\",\"url\":\"https:\\\/\\\/www.lraloeverashop.eu\\\/wp-content\\\/uploads\\\/2022\\\/09\\\/cropped-Lr-Aloe-Vera-Shop.jpg\",\"contentUrl\":\"https:\\\/\\\/www.lraloeverashop.eu\\\/wp-content\\\/uploads\\\/2022\\\/09\\\/cropped-Lr-Aloe-Vera-Shop.jpg\",\"width\":228,\"height\":76,\"caption\":\"Lr Obchod Aloe Vera\"},\"image\":{\"@id\":\"https:\\\/\\\/www.lraloeverashop.eu\\\/sk\\\/#\\\/schema\\\/logo\\\/image\\\/\"},\"sameAs\":[\"https:\\\/\\\/www.facebook.com\\\/lraloeverashop.eu\",\"https:\\\/\\\/x.com\\\/natur__kosmetik\",\"https:\\\/\\\/www.youtube.com\\\/channel\\\/UC5oN7BJ8nfYb8RpVtjwDEBA\",\"https:\\\/\\\/www.instagram.com\\\/lrbeautyeu\\\/\"],\"description\":\"Obchod Lr Aloe Vera je va\u0161\u00edm d\u00f4veryhodn\u00fdm miestom pre pr\u00e9miov\u00e9 produkty LR Health & Beauty vyroben\u00e9 v Nemecku. Pon\u00fakame vysokokvalitn\u00e9 rie\u0161enia starostlivosti o ple\u0165 s Aloe Vera, v\u00fd\u017eivu a proti starnutiu, vyroben\u00e9 z \u010dist\u00fdch ingredienci\u00ed a podlo\u017een\u00e9 vedeck\u00fdm v\u00fdskumom. Objavte pr\u00edrodn\u00fa starostlivos\u0165, ktor\u00e1 regeneruje, chr\u00e1ni a revitalizuje va\u0161u ple\u0165 \u2013 a vyu\u017eite exkluz\u00edvne mesa\u010dn\u00e9 ponuky na na\u0161e najpred\u00e1vanej\u0161ie produkty LR Aloe Vera.\\nZa\u010dnite svoju cestu za pr\u00edrodnou starostlivos\u0165ou o ple\u0165 e\u0161te dnes a poc\u00ed\u0165te rozdiel.\",\"email\":\"info@lraloeverashop.eu\",\"telephone\":\"+49 17670609653\",\"legalName\":\"Lr Aloe Vera Shop\",\"foundingDate\":\"2018-04-21\",\"numberOfEmployees\":{\"@type\":\"QuantitativeValue\",\"minValue\":\"1\",\"maxValue\":\"10\"}}]}<\/script>\n<meta property=\"product:price:amount\" content=\"178.41\" \/>\n<meta property=\"product:price:currency\" content=\"EUR\" \/>\n<meta property=\"og:availability\" content=\"instock\" \/>\n<meta property=\"product:availability\" content=\"instock\" \/>\n<meta property=\"product:retailer_item_id\" content=\"80389-501SK\" \/>\n<meta property=\"product:condition\" content=\"new\" \/>\n<!-- \/ Yoast SEO Premium plugin. -->","yoast_head_json":{"title":"Lr Kolostrum Kapsule Pom\u00e1haju posilni\u0165 imunitn\u00fd syst\u00e9m","description":"Lr Kolostrum Kapsule dod\u00e1vaju 800 mg cenn\u00e9ho pr\u00e1\u0161ku z kravsk\u00e9ho kolostra na denn\u00fa davku. Mledzivo v\u00fdlu\u010dne z eur\u00f3pskych kr\u00e1v. Starostlivo vyroben\u00e9 v Nemecku","robots":{"index":"index","follow":"follow","max-snippet":"max-snippet:-1","max-image-preview":"max-image-preview:large","max-video-preview":"max-video-preview:-1"},"canonical":"https:\/\/www.lraloeverashop.eu\/sk\/produkt\/kolostrum-kapsule-set\/","og_locale":"sk_SK","og_type":"article","og_title":"Lr Kolostrum Kapsule Set","og_description":"Lr Kolostrum Kapsule dod\u00e1vaju 800 mg cenn\u00e9ho pr\u00e1\u0161ku z kravsk\u00e9ho kolostra na denn\u00fa davku. Mledzivo v\u00fdlu\u010dne z eur\u00f3pskych kr\u00e1v. Starostlivo vyroben\u00e9 v Nemecku","og_url":"https:\/\/www.lraloeverashop.eu\/sk\/produkt\/kolostrum-kapsule-set\/","og_site_name":"Lr Obchod Aloe Vera","article_publisher":"https:\/\/www.facebook.com\/lraloeverashop.eu","article_modified_time":"2026-03-16T17:23:12+00:00","og_image":[{"width":1200,"height":1200,"url":"https:\/\/www.lraloeverashop.eu\/wp-content\/uploads\/2022\/10\/Lr-Colostrum-Compact-capsules-3-Set.jpg","type":"image\/jpeg"}],"twitter_card":"summary_large_image","twitter_site":"@natur__kosmetik","schema":{"@context":"https:\/\/schema.org","@graph":[{"@type":["WebPage","ItemPage"],"@id":"https:\/\/www.lraloeverashop.eu\/sk\/produkt\/kolostrum-kapsule-set\/","url":"https:\/\/www.lraloeverashop.eu\/sk\/produkt\/kolostrum-kapsule-set\/","name":"Lr Kolostrum Kapsule Pom\u00e1haju posilni\u0165 imunitn\u00fd syst\u00e9m","isPartOf":{"@id":"https:\/\/www.lraloeverashop.eu\/sk\/#website"},"primaryImageOfPage":{"@id":"https:\/\/www.lraloeverashop.eu\/sk\/produkt\/kolostrum-kapsule-set\/#primaryimage"},"image":{"@id":"https:\/\/www.lraloeverashop.eu\/sk\/produkt\/kolostrum-kapsule-set\/#primaryimage"},"thumbnailUrl":"https:\/\/www.lraloeverashop.eu\/wp-content\/uploads\/2022\/10\/Lr-Colostrum-Compact-capsules-3-Set.jpg","datePublished":"2022-10-12T08:49:19+00:00","dateModified":"2026-03-16T17:23:12+00:00","description":"Lr Kolostrum Kapsule dod\u00e1vaju 800 mg cenn\u00e9ho pr\u00e1\u0161ku z kravsk\u00e9ho kolostra na denn\u00fa davku. Mledzivo v\u00fdlu\u010dne z eur\u00f3pskych kr\u00e1v. Starostlivo vyroben\u00e9 v Nemecku","breadcrumb":{"@id":"https:\/\/www.lraloeverashop.eu\/sk\/produkt\/kolostrum-kapsule-set\/#breadcrumb"},"inLanguage":"sk-SK","potentialAction":[{"@type":"ReadAction","target":["https:\/\/www.lraloeverashop.eu\/sk\/produkt\/kolostrum-kapsule-set\/"]}]},{"@type":"ImageObject","inLanguage":"sk-SK","@id":"https:\/\/www.lraloeverashop.eu\/sk\/produkt\/kolostrum-kapsule-set\/#primaryimage","url":"https:\/\/www.lraloeverashop.eu\/wp-content\/uploads\/2022\/10\/Lr-Colostrum-Compact-capsules-3-Set.jpg","contentUrl":"https:\/\/www.lraloeverashop.eu\/wp-content\/uploads\/2022\/10\/Lr-Colostrum-Compact-capsules-3-Set.jpg","width":1200,"height":1200,"caption":"Lr Kolostrum kompaktn\u00e9 kapsuly S\u00faprava na 3 mesiace"},{"@type":"BreadcrumbList","@id":"https:\/\/www.lraloeverashop.eu\/sk\/produkt\/kolostrum-kapsule-set\/#breadcrumb","itemListElement":[{"@type":"ListItem","position":1,"name":"Home","item":"https:\/\/www.lraloeverashop.eu\/sk\/"},{"@type":"ListItem","position":2,"name":"Obchod","item":"https:\/\/www.lraloeverashop.eu\/shop\/"},{"@type":"ListItem","position":3,"name":"Lr Kolostrum Kapsule Set"}]},{"@type":"WebSite","@id":"https:\/\/www.lraloeverashop.eu\/sk\/#website","url":"https:\/\/www.lraloeverashop.eu\/sk\/","name":"Lr Obchod Aloe Vera","description":"High Quality Lr Aloe Vera Gel, Aloe Vera Cream and Shampoo","publisher":{"@id":"https:\/\/www.lraloeverashop.eu\/sk\/#organization"},"potentialAction":[{"@type":"SearchAction","target":{"@type":"EntryPoint","urlTemplate":"https:\/\/www.lraloeverashop.eu\/sk\/?s={search_term_string}"},"query-input":{"@type":"PropertyValueSpecification","valueRequired":true,"valueName":"search_term_string"}}],"inLanguage":"sk-SK"},{"@type":"Organization","@id":"https:\/\/www.lraloeverashop.eu\/sk\/#organization","name":"Lr Obchod Aloe Vera","alternateName":"LR","url":"https:\/\/www.lraloeverashop.eu\/sk\/","logo":{"@type":"ImageObject","inLanguage":"sk-SK","@id":"https:\/\/www.lraloeverashop.eu\/sk\/#\/schema\/logo\/image\/","url":"https:\/\/www.lraloeverashop.eu\/wp-content\/uploads\/2022\/09\/cropped-Lr-Aloe-Vera-Shop.jpg","contentUrl":"https:\/\/www.lraloeverashop.eu\/wp-content\/uploads\/2022\/09\/cropped-Lr-Aloe-Vera-Shop.jpg","width":228,"height":76,"caption":"Lr Obchod Aloe Vera"},"image":{"@id":"https:\/\/www.lraloeverashop.eu\/sk\/#\/schema\/logo\/image\/"},"sameAs":["https:\/\/www.facebook.com\/lraloeverashop.eu","https:\/\/x.com\/natur__kosmetik","https:\/\/www.youtube.com\/channel\/UC5oN7BJ8nfYb8RpVtjwDEBA","https:\/\/www.instagram.com\/lrbeautyeu\/"],"description":"Obchod Lr Aloe Vera je va\u0161\u00edm d\u00f4veryhodn\u00fdm miestom pre pr\u00e9miov\u00e9 produkty LR Health & Beauty vyroben\u00e9 v Nemecku. Pon\u00fakame vysokokvalitn\u00e9 rie\u0161enia starostlivosti o ple\u0165 s Aloe Vera, v\u00fd\u017eivu a proti starnutiu, vyroben\u00e9 z \u010dist\u00fdch ingredienci\u00ed a podlo\u017een\u00e9 vedeck\u00fdm v\u00fdskumom. Objavte pr\u00edrodn\u00fa starostlivos\u0165, ktor\u00e1 regeneruje, chr\u00e1ni a revitalizuje va\u0161u ple\u0165 \u2013 a vyu\u017eite exkluz\u00edvne mesa\u010dn\u00e9 ponuky na na\u0161e najpred\u00e1vanej\u0161ie produkty LR Aloe Vera.\nZa\u010dnite svoju cestu za pr\u00edrodnou starostlivos\u0165ou o ple\u0165 e\u0161te dnes a poc\u00ed\u0165te rozdiel.","email":"info@lraloeverashop.eu","telephone":"+49 17670609653","legalName":"Lr Aloe Vera Shop","foundingDate":"2018-04-21","numberOfEmployees":{"@type":"QuantitativeValue","minValue":"1","maxValue":"10"}}]},"product_price_amount":"178.41","product_price_currency":"EUR","og_availability":"instock","product_availability":"instock","product_retailer_item_id":"80389-501SK","product_condition":"new"},"taxonomy_info":{"product_cat":[{"value":349,"label":"Imunitn\u00fd Syst\u00e9m a Rovnov\u00e1ha"},{"value":498,"label":"Kolostrum"},{"value":414,"label":"\u0160peci\u00e1lne Produkty"},{"value":459,"label":"U\u0161etrite v setoch"},{"value":402,"label":"Z\u00e1klad"}],"product_tag":[{"value":683,"label":"Posil\u0148ova\u010d imunity"}]},"featured_image_src_large":["https:\/\/www.lraloeverashop.eu\/wp-content\/uploads\/2022\/10\/Lr-Colostrum-Compact-capsules-3-Set-1024x1024.jpg",1024,1024,true],"author_info":[],"comment_info":0,"_links":{"self":[{"href":"https:\/\/www.lraloeverashop.eu\/sk\/wp-json\/wp\/v2\/product\/9962","targetHints":{"allow":["GET"]}}],"collection":[{"href":"https:\/\/www.lraloeverashop.eu\/sk\/wp-json\/wp\/v2\/product"}],"about":[{"href":"https:\/\/www.lraloeverashop.eu\/sk\/wp-json\/wp\/v2\/types\/product"}],"replies":[{"embeddable":true,"href":"https:\/\/www.lraloeverashop.eu\/sk\/wp-json\/wp\/v2\/comments?post=9962"}],"wp:featuredmedia":[{"embeddable":true,"href":"https:\/\/www.lraloeverashop.eu\/sk\/wp-json\/wp\/v2\/media\/5542"}],"wp:attachment":[{"href":"https:\/\/www.lraloeverashop.eu\/sk\/wp-json\/wp\/v2\/media?parent=9962"}],"wp:term":[{"taxonomy":"product_brand","embeddable":true,"href":"https:\/\/www.lraloeverashop.eu\/sk\/wp-json\/wp\/v2\/product_brand?post=9962"},{"taxonomy":"product_cat","embeddable":true,"href":"https:\/\/www.lraloeverashop.eu\/sk\/wp-json\/wp\/v2\/product_cat?post=9962"},{"taxonomy":"product_tag","embeddable":true,"href":"https:\/\/www.lraloeverashop.eu\/sk\/wp-json\/wp\/v2\/product_tag?post=9962"}],"curies":[{"name":"wp","href":"https:\/\/api.w.org\/{rel}","templated":true}]}}