{"id":9928,"date":"2022-10-12T11:25:58","date_gmt":"2022-10-12T09:25:58","guid":{"rendered":"https:\/\/www.lraloeverashop.eu\/product\/cistus-incanus-kapsule-sada-2-kusov\/"},"modified":"2026-04-02T16:41:36","modified_gmt":"2026-04-02T14:41:36","slug":"cistus-incanus-kapsule-sada-2-kusov","status":"publish","type":"product","link":"https:\/\/www.lraloeverashop.eu\/sk\/produkt\/cistus-incanus-kapsule-sada-2-kusov\/","title":{"rendered":"Kapsule Cistus Incanus Limitovan\u00e1 Ponuka"},"content":{"rendered":"<h2><span style=\"font-size: 16pt; color: #000000;\"><strong>Kapsule <\/strong><\/span><span style=\"font-size: 16pt; color: #000000;\"><strong>Cistus Incanus Limitovan\u00e1 Ponuka<\/strong><\/span><\/h2>\n<p><span style=\"font-size: 14pt; color: #000000;\"><strong>Kapsule Cistus Incanus p\u00f4sobia protiz\u00e1palovo a dezinfek\u010dne<\/strong><\/span><\/p>\n<p>Obrana organizmu neust\u00e1le funguje bez preru\u0161enia. Pomocou Lr Cistus Incanus Kapsule s vitam\u00ednom C a obohaten\u00fdmi kapsulami zinku m\u00f4\u017eete cenn\u00fdm sp\u00f4sobom prispie\u0165 k funkcii imunitn\u00e9ho syst\u00e9mu. Iba dva kapsuly denne pokr\u00fdvaj\u00fa ka\u017edodenn\u00e9 potreby vitam\u00ednu C.<\/p>\n<p>&nbsp;<\/p>\n<h2><span style=\"color: #000000;\"><strong><span style=\"font-size: 16pt;\">Kapsule Cistus Incanus \u00fa\u010dinky<\/span><\/strong><\/span><\/h2>\n<ul>\n<li>detoxikuj\u00fa organizmus<\/li>\n<li>zvy\u0161uj\u00fa obranyschopnos\u0165<\/li>\n<li>ochra\u0148uj\u00fa telo pred vo\u013en\u00fdmi radik\u00e1lmi<\/li>\n<li>p\u00f4sobia proti v\u00edrusom, bakt\u00e9ri\u00e1m a plesniam<\/li>\n<li>p\u00f4sobia protiz\u00e1palovo a dezinfek\u010dne<\/li>\n<\/ul>\n<p>Vedecky potvrden\u00e9 Eur\u00f3pskym \u00faradom pre bezpe\u010dnos\u0165 potrav\u00edn: vitam\u00edn C a zinok prispievaj\u00fa k norm\u00e1lnemu fungovaniu imunitn\u00e9ho syst\u00e9mu.<\/p>\n<p>&nbsp;<\/p>\n<h3><span style=\"font-size: 16pt; color: #000000;\"><strong>Ako pou\u017eiva\u0165 Kapsule<\/strong><\/span><\/h3>\n<p>Vezmite 2 x 1 Kapsule Cistus Incanus denne s mal\u00fdm mno\u017estvom tekutiny.<\/p>\n<p>Odpor\u00fa\u010dan\u00e1 denn\u00e1 d\u00e1vka sa nesmie prekro\u010di\u0165. V\u00fd\u017eivov\u00e9 doplnky nie s\u00fa n\u00e1hradou za rozmanit\u00fa a vyv\u00e1\u017een\u00fa stravu, ktor\u00e1 je d\u00f4le\u017eit\u00e1 spolu so zdrav\u00fdm \u017eivotn\u00fdm \u0161t\u00fdlom. V\u00fdrobok uchov\u00e1vajte mimo dosahu mal\u00fdch det\u00ed. Skladova\u0165 v chlade a suchu.<\/p>\n<h3><\/h3>\n<h3><span style=\"font-size: 16pt;\"><strong>Vedeli ste?<img loading=\"lazy\" decoding=\"async\" class=\"size-full wp-image-2830 alignright\" src=\"https:\/\/www.lraloeverashop.eu\/wp-content\/uploads\/2022\/10\/Cistus-Incanus-flower.jpg\" alt=\"Cistus Incanus flower\" width=\"293\" height=\"389\" srcset=\"https:\/\/www.lraloeverashop.eu\/wp-content\/uploads\/2022\/10\/Cistus-Incanus-flower.jpg 293w, https:\/\/www.lraloeverashop.eu\/wp-content\/uploads\/2022\/10\/Cistus-Incanus-flower-226x300.jpg 226w\" sizes=\"auto, (max-width: 293px) 100vw, 293px\" \/><\/strong><\/span><\/h3>\n<p><strong>O rastline<\/strong><br \/>\nCistus incanus je \u010dlenom rodu skaln\u00fdch ru\u017e\u00ed v rastlin\u00e1ch rodu Cistus a rast\u00fa hlavne v teplom Stredozem\u00ed (napr\u00edklad v Gr\u00e9cku a Turecku). Za dobr\u00fdch klimatick\u00fdch podmienok rastlina rastie do v\u00fd\u0161ky jedn\u00e9ho metra, produkuje pekne ru\u017eov\u00e9 a\u017e fialov\u00e9 kvety v obdob\u00ed kvitnutia od apr\u00edla do j\u00fana a dosahuje priemer 4 a\u017e 6 centimetrov.<\/p>\n<p>&nbsp;<\/p>\n<p><strong>Pestovanie<\/strong><br \/>\nBohu\u017eia\u013e, pestovanie rastliny Cistus Incanus je bezn\u00e1dejn\u00fd z\u00e1mer, preto\u017ee \u0161edovlas\u00e1 ru\u017ea raste len divoko. Cistus incanus rastlina sa nach\u00e1dza po celom Stredomor\u00ed najlep\u0161ie rastie na v\u00e1pencoch alebo kremi\u010ditanoch ktor\u00e9 sa nach\u00e1dzaj\u00fa uprostred r\u00f4znych pichlia\u010dov a kr\u00edkov.<\/p>\n<p>&nbsp;<\/p>\n<h4><span style=\"font-size: 16pt;\"><strong>\u010casto kladen\u00e9 ot\u00e1zky<\/strong><\/span><\/h4>\n<p><strong>\u010co je Cistus Incanus?<\/strong><br \/>\nHist\u00f3ria tejto rastliny sa za\u010d\u00edna u\u017e vo 4. storo\u010d\u00ed pred na\u0161\u00edm letopo\u010dtom. Cistus Incanus sa \u010doskoro stal ob\u013e\u00faben\u00fdm \u010dajom na Strednom v\u00fdchode, v severnej Afrike a v eur\u00f3pskom Stredomor\u00ed.<\/p>\n<p><strong>\u010co pou\u017e\u00edva LR z tejto rastliny?<\/strong><br \/>\nSpracov\u00e1vaj\u00fa sa iba narezan\u00e9 listy. Drevo a kmene sa d\u00f4sledne triedia. Trval\u00e1 kontrola kvality po\u010das v\u00fdrobn\u00e9ho procesu zaru\u010duje maxim\u00e1lnu \u010distotu a kvalitu.<\/p>\n<p><strong>M\u00f4\u017eem Lr Cistus Incanus pou\u017e\u00edva\u0165 dlh\u0161iu dobu?<\/strong><br \/>\nKapsule Cistus Incanus m\u00f4\u017eete bezpe\u010dne pou\u017e\u00edva\u0165 stale.<\/p>\n<p><strong>Ktor\u00fa surovinu pou\u017e\u00edva LR vo svojom produkte?<\/strong><br \/>\nPou\u017e\u00edvame Cistus Incanus ssp. Tauricus. T\u00e1to rastlina rastie divo v pr\u00edrode, nie na plant\u00e1\u017each.<\/p>\n<p><strong>Ako sa spracov\u00e1va surovina?<\/strong><br \/>\nListy rastliny sa zbieraj\u00fa, su\u0161ia, \u010distia a kr\u00e1jaj\u00fa pred t\u00fdm, ako ich zn\u00e1my vodn\u00fd extrakt spracuje na vodn\u00fd n\u00e1poj. Tento extrakt sa vysu\u0161\u00ed a nakoniec sa pln\u00ed do kaps\u00fal. Pop\u00edsanou met\u00f3dou je \u0161tandardn\u00e1 extrak\u010dn\u00e1 technol\u00f3gia.<\/p>\n","protected":false},"excerpt":{"rendered":"<ul>\n<li><span style=\"color: #ff0000;\"><strong>LIMITOVAN\u00c1 PONUKA<\/strong><\/span><\/li>\n<li>Zinok a vitam\u00edn C podporuj\u00fa zdrav\u00fd imunitn\u00fd syst\u00e9m\u00b9<\/li>\n<li>69% extraktu Cistus incanus<\/li>\n<li>100% vitam\u00ednu C a 20% zinku na denn\u00fa d\u00e1vku<\/li>\n<li>P\u00f4sob\u00ed proti v\u00edrusom, bakt\u00e9ri\u00e1m a plesniam<\/li>\n<li>P\u00f4sob\u00ed protiz\u00e1palovo a dezinfek\u010dne<\/li>\n<li>Obsah: 2 x 60 kaps\u00fal<\/li>\n<\/ul>\n<p>&nbsp;<\/p>\n","protected":false},"featured_media":5140,"comment_status":"open","ping_status":"closed","template":"","meta":{"_kad_blocks_custom_css":"","_kad_blocks_head_custom_js":"","_kad_blocks_body_custom_js":"","_kad_blocks_footer_custom_js":"","_kadence_starter_templates_imported_post":false,"_kad_post_transparent":"default","_kad_post_title":"","_kad_post_layout":"default","_kad_post_sidebar_id":"","_kad_post_content_style":"default","_kad_post_vertical_padding":"default","_kad_post_feature":"","_kad_post_feature_position":"","_kad_post_header":false,"_kad_post_footer":false,"_kad_post_classname":""},"product_brand":[],"product_cat":[492,349,414,402,355],"product_tag":[683],"class_list":{"0":"post-9928","1":"product","2":"type-product","3":"status-publish","4":"has-post-thumbnail","6":"product_cat-cistus-incanus-sk","7":"product_cat-imunitny-system-a-rovnovaha","8":"product_cat-specialne-produkty","9":"product_cat-zaklad","10":"product_cat-zlavy","11":"product_tag-posilnovac-imunity","13":"first","14":"outofstock","15":"sale","16":"taxable","17":"shipping-taxable","18":"purchasable","19":"product-type-simple","20":"entry","21":"content-bg","22":"loop-entry"},"yoast_head":"<!-- This site is optimized with the Yoast SEO Premium plugin v27.4 (Yoast SEO v27.4) - https:\/\/yoast.com\/product\/yoast-seo-premium-wordpress\/ -->\n<title>Kapsule Cistus Incanus p\u00f4sobia protiz\u00e1palovo a dezinfek\u010dne<\/title>\n<meta name=\"description\" content=\"Kapsule Cistus Incanus s 69 % extraktu, 100 % vitam\u00ednu C a 20 % zinku v dennej d\u00e1vke podporuje imunitn\u00fd syst\u00e9m. Limitovana Ponuka. Vysok\u00e1 kvalita.\" \/>\n<meta name=\"robots\" content=\"index, follow, max-snippet:-1, max-image-preview:large, max-video-preview:-1\" \/>\n<link rel=\"canonical\" href=\"https:\/\/www.lraloeverashop.eu\/sk\/produkt\/cistus-incanus-kapsule-sada-2-kusov\/\" \/>\n<meta property=\"og:locale\" content=\"sk_SK\" \/>\n<meta property=\"og:type\" content=\"article\" \/>\n<meta property=\"og:title\" content=\"Kapsule Cistus Incanus Limitovan\u00e1 Ponuka\" \/>\n<meta property=\"og:description\" content=\"Kapsule Cistus Incanus s 69 % extraktu, 100 % vitam\u00ednu C a 20 % zinku v dennej d\u00e1vke podporuje imunitn\u00fd syst\u00e9m. Limitovana Ponuka. Vysok\u00e1 kvalita.\" \/>\n<meta property=\"og:url\" content=\"https:\/\/www.lraloeverashop.eu\/sk\/produkt\/cistus-incanus-kapsule-sada-2-kusov\/\" \/>\n<meta property=\"og:site_name\" content=\"Lr Obchod Aloe Vera\" \/>\n<meta property=\"article:publisher\" content=\"https:\/\/www.facebook.com\/lraloeverashop.eu\" \/>\n<meta property=\"article:modified_time\" content=\"2026-04-02T14:41:36+00:00\" \/>\n<meta property=\"og:image\" content=\"https:\/\/www.lraloeverashop.eu\/wp-content\/uploads\/2022\/10\/Cistus-Incanus-2-Pieces-Set-Limited-Offer.jpg\" \/>\n\t<meta property=\"og:image:width\" content=\"1200\" \/>\n\t<meta property=\"og:image:height\" content=\"1200\" \/>\n\t<meta property=\"og:image:type\" content=\"image\/jpeg\" \/>\n<meta name=\"twitter:card\" content=\"summary_large_image\" \/>\n<meta name=\"twitter:site\" content=\"@natur__kosmetik\" \/>\n<script type=\"application\/ld+json\" class=\"yoast-schema-graph\">{\"@context\":\"https:\\\/\\\/schema.org\",\"@graph\":[{\"@type\":[\"WebPage\",\"ItemPage\"],\"@id\":\"https:\\\/\\\/www.lraloeverashop.eu\\\/sk\\\/produkt\\\/cistus-incanus-kapsule-sada-2-kusov\\\/\",\"url\":\"https:\\\/\\\/www.lraloeverashop.eu\\\/sk\\\/produkt\\\/cistus-incanus-kapsule-sada-2-kusov\\\/\",\"name\":\"Kapsule Cistus Incanus p\u00f4sobia protiz\u00e1palovo a dezinfek\u010dne\",\"isPartOf\":{\"@id\":\"https:\\\/\\\/www.lraloeverashop.eu\\\/sk\\\/#website\"},\"primaryImageOfPage\":{\"@id\":\"https:\\\/\\\/www.lraloeverashop.eu\\\/sk\\\/produkt\\\/cistus-incanus-kapsule-sada-2-kusov\\\/#primaryimage\"},\"image\":{\"@id\":\"https:\\\/\\\/www.lraloeverashop.eu\\\/sk\\\/produkt\\\/cistus-incanus-kapsule-sada-2-kusov\\\/#primaryimage\"},\"thumbnailUrl\":\"https:\\\/\\\/www.lraloeverashop.eu\\\/wp-content\\\/uploads\\\/2022\\\/10\\\/Cistus-Incanus-2-Pieces-Set-Limited-Offer.jpg\",\"datePublished\":\"2022-10-12T09:25:58+00:00\",\"dateModified\":\"2026-04-02T14:41:36+00:00\",\"description\":\"Kapsule Cistus Incanus s 69 % extraktu, 100 % vitam\u00ednu C a 20 % zinku v dennej d\u00e1vke podporuje imunitn\u00fd syst\u00e9m. Limitovana Ponuka. Vysok\u00e1 kvalita.\",\"breadcrumb\":{\"@id\":\"https:\\\/\\\/www.lraloeverashop.eu\\\/sk\\\/produkt\\\/cistus-incanus-kapsule-sada-2-kusov\\\/#breadcrumb\"},\"inLanguage\":\"sk-SK\",\"potentialAction\":[{\"@type\":\"ReadAction\",\"target\":[\"https:\\\/\\\/www.lraloeverashop.eu\\\/sk\\\/produkt\\\/cistus-incanus-kapsule-sada-2-kusov\\\/\"]}]},{\"@type\":\"ImageObject\",\"inLanguage\":\"sk-SK\",\"@id\":\"https:\\\/\\\/www.lraloeverashop.eu\\\/sk\\\/produkt\\\/cistus-incanus-kapsule-sada-2-kusov\\\/#primaryimage\",\"url\":\"https:\\\/\\\/www.lraloeverashop.eu\\\/wp-content\\\/uploads\\\/2022\\\/10\\\/Cistus-Incanus-2-Pieces-Set-Limited-Offer.jpg\",\"contentUrl\":\"https:\\\/\\\/www.lraloeverashop.eu\\\/wp-content\\\/uploads\\\/2022\\\/10\\\/Cistus-Incanus-2-Pieces-Set-Limited-Offer.jpg\",\"width\":1200,\"height\":1200,\"caption\":\"Limitovan\u00e1 ponuka 2 kusov Cistus Incanus Set\"},{\"@type\":\"BreadcrumbList\",\"@id\":\"https:\\\/\\\/www.lraloeverashop.eu\\\/sk\\\/produkt\\\/cistus-incanus-kapsule-sada-2-kusov\\\/#breadcrumb\",\"itemListElement\":[{\"@type\":\"ListItem\",\"position\":1,\"name\":\"Home\",\"item\":\"https:\\\/\\\/www.lraloeverashop.eu\\\/sk\\\/\"},{\"@type\":\"ListItem\",\"position\":2,\"name\":\"Obchod\",\"item\":\"https:\\\/\\\/www.lraloeverashop.eu\\\/shop\\\/\"},{\"@type\":\"ListItem\",\"position\":3,\"name\":\"Kapsule Cistus Incanus Limitovan\u00e1 Ponuka\"}]},{\"@type\":\"WebSite\",\"@id\":\"https:\\\/\\\/www.lraloeverashop.eu\\\/sk\\\/#website\",\"url\":\"https:\\\/\\\/www.lraloeverashop.eu\\\/sk\\\/\",\"name\":\"Lr Obchod Aloe Vera\",\"description\":\"High Quality Lr Aloe Vera Gel, Aloe Vera Cream and Shampoo\",\"publisher\":{\"@id\":\"https:\\\/\\\/www.lraloeverashop.eu\\\/sk\\\/#organization\"},\"potentialAction\":[{\"@type\":\"SearchAction\",\"target\":{\"@type\":\"EntryPoint\",\"urlTemplate\":\"https:\\\/\\\/www.lraloeverashop.eu\\\/sk\\\/?s={search_term_string}\"},\"query-input\":{\"@type\":\"PropertyValueSpecification\",\"valueRequired\":true,\"valueName\":\"search_term_string\"}}],\"inLanguage\":\"sk-SK\"},{\"@type\":\"Organization\",\"@id\":\"https:\\\/\\\/www.lraloeverashop.eu\\\/sk\\\/#organization\",\"name\":\"Lr Obchod Aloe Vera\",\"alternateName\":\"LR\",\"url\":\"https:\\\/\\\/www.lraloeverashop.eu\\\/sk\\\/\",\"logo\":{\"@type\":\"ImageObject\",\"inLanguage\":\"sk-SK\",\"@id\":\"https:\\\/\\\/www.lraloeverashop.eu\\\/sk\\\/#\\\/schema\\\/logo\\\/image\\\/\",\"url\":\"https:\\\/\\\/www.lraloeverashop.eu\\\/wp-content\\\/uploads\\\/2022\\\/09\\\/cropped-Lr-Aloe-Vera-Shop.jpg\",\"contentUrl\":\"https:\\\/\\\/www.lraloeverashop.eu\\\/wp-content\\\/uploads\\\/2022\\\/09\\\/cropped-Lr-Aloe-Vera-Shop.jpg\",\"width\":228,\"height\":76,\"caption\":\"Lr Obchod Aloe Vera\"},\"image\":{\"@id\":\"https:\\\/\\\/www.lraloeverashop.eu\\\/sk\\\/#\\\/schema\\\/logo\\\/image\\\/\"},\"sameAs\":[\"https:\\\/\\\/www.facebook.com\\\/lraloeverashop.eu\",\"https:\\\/\\\/x.com\\\/natur__kosmetik\",\"https:\\\/\\\/www.youtube.com\\\/channel\\\/UC5oN7BJ8nfYb8RpVtjwDEBA\",\"https:\\\/\\\/www.instagram.com\\\/lrbeautyeu\\\/\"],\"description\":\"Obchod Lr Aloe Vera je va\u0161\u00edm d\u00f4veryhodn\u00fdm miestom pre pr\u00e9miov\u00e9 produkty LR Health & Beauty vyroben\u00e9 v Nemecku. Pon\u00fakame vysokokvalitn\u00e9 rie\u0161enia starostlivosti o ple\u0165 s Aloe Vera, v\u00fd\u017eivu a proti starnutiu, vyroben\u00e9 z \u010dist\u00fdch ingredienci\u00ed a podlo\u017een\u00e9 vedeck\u00fdm v\u00fdskumom. Objavte pr\u00edrodn\u00fa starostlivos\u0165, ktor\u00e1 regeneruje, chr\u00e1ni a revitalizuje va\u0161u ple\u0165 \u2013 a vyu\u017eite exkluz\u00edvne mesa\u010dn\u00e9 ponuky na na\u0161e najpred\u00e1vanej\u0161ie produkty LR Aloe Vera.\\nZa\u010dnite svoju cestu za pr\u00edrodnou starostlivos\u0165ou o ple\u0165 e\u0161te dnes a poc\u00ed\u0165te rozdiel.\",\"email\":\"info@lraloeverashop.eu\",\"telephone\":\"+49 17670609653\",\"legalName\":\"Lr Aloe Vera Shop\",\"foundingDate\":\"2018-04-21\",\"numberOfEmployees\":{\"@type\":\"QuantitativeValue\",\"minValue\":\"1\",\"maxValue\":\"10\"}}]}<\/script>\n<meta property=\"product:price:amount\" content=\"65.99\" \/>\n<meta property=\"product:price:currency\" content=\"EUR\" \/>\n<meta property=\"og:availability\" content=\"out of stock\" \/>\n<meta property=\"product:availability\" content=\"out of stock\" \/>\n<meta property=\"product:retailer_item_id\" content=\"80528-1SK\" \/>\n<meta property=\"product:condition\" content=\"new\" \/>\n<!-- \/ Yoast SEO Premium plugin. -->","yoast_head_json":{"title":"Kapsule Cistus Incanus p\u00f4sobia protiz\u00e1palovo a dezinfek\u010dne","description":"Kapsule Cistus Incanus s 69 % extraktu, 100 % vitam\u00ednu C a 20 % zinku v dennej d\u00e1vke podporuje imunitn\u00fd syst\u00e9m. Limitovana Ponuka. Vysok\u00e1 kvalita.","robots":{"index":"index","follow":"follow","max-snippet":"max-snippet:-1","max-image-preview":"max-image-preview:large","max-video-preview":"max-video-preview:-1"},"canonical":"https:\/\/www.lraloeverashop.eu\/sk\/produkt\/cistus-incanus-kapsule-sada-2-kusov\/","og_locale":"sk_SK","og_type":"article","og_title":"Kapsule Cistus Incanus Limitovan\u00e1 Ponuka","og_description":"Kapsule Cistus Incanus s 69 % extraktu, 100 % vitam\u00ednu C a 20 % zinku v dennej d\u00e1vke podporuje imunitn\u00fd syst\u00e9m. Limitovana Ponuka. Vysok\u00e1 kvalita.","og_url":"https:\/\/www.lraloeverashop.eu\/sk\/produkt\/cistus-incanus-kapsule-sada-2-kusov\/","og_site_name":"Lr Obchod Aloe Vera","article_publisher":"https:\/\/www.facebook.com\/lraloeverashop.eu","article_modified_time":"2026-04-02T14:41:36+00:00","og_image":[{"width":1200,"height":1200,"url":"https:\/\/www.lraloeverashop.eu\/wp-content\/uploads\/2022\/10\/Cistus-Incanus-2-Pieces-Set-Limited-Offer.jpg","type":"image\/jpeg"}],"twitter_card":"summary_large_image","twitter_site":"@natur__kosmetik","schema":{"@context":"https:\/\/schema.org","@graph":[{"@type":["WebPage","ItemPage"],"@id":"https:\/\/www.lraloeverashop.eu\/sk\/produkt\/cistus-incanus-kapsule-sada-2-kusov\/","url":"https:\/\/www.lraloeverashop.eu\/sk\/produkt\/cistus-incanus-kapsule-sada-2-kusov\/","name":"Kapsule Cistus Incanus p\u00f4sobia protiz\u00e1palovo a dezinfek\u010dne","isPartOf":{"@id":"https:\/\/www.lraloeverashop.eu\/sk\/#website"},"primaryImageOfPage":{"@id":"https:\/\/www.lraloeverashop.eu\/sk\/produkt\/cistus-incanus-kapsule-sada-2-kusov\/#primaryimage"},"image":{"@id":"https:\/\/www.lraloeverashop.eu\/sk\/produkt\/cistus-incanus-kapsule-sada-2-kusov\/#primaryimage"},"thumbnailUrl":"https:\/\/www.lraloeverashop.eu\/wp-content\/uploads\/2022\/10\/Cistus-Incanus-2-Pieces-Set-Limited-Offer.jpg","datePublished":"2022-10-12T09:25:58+00:00","dateModified":"2026-04-02T14:41:36+00:00","description":"Kapsule Cistus Incanus s 69 % extraktu, 100 % vitam\u00ednu C a 20 % zinku v dennej d\u00e1vke podporuje imunitn\u00fd syst\u00e9m. Limitovana Ponuka. Vysok\u00e1 kvalita.","breadcrumb":{"@id":"https:\/\/www.lraloeverashop.eu\/sk\/produkt\/cistus-incanus-kapsule-sada-2-kusov\/#breadcrumb"},"inLanguage":"sk-SK","potentialAction":[{"@type":"ReadAction","target":["https:\/\/www.lraloeverashop.eu\/sk\/produkt\/cistus-incanus-kapsule-sada-2-kusov\/"]}]},{"@type":"ImageObject","inLanguage":"sk-SK","@id":"https:\/\/www.lraloeverashop.eu\/sk\/produkt\/cistus-incanus-kapsule-sada-2-kusov\/#primaryimage","url":"https:\/\/www.lraloeverashop.eu\/wp-content\/uploads\/2022\/10\/Cistus-Incanus-2-Pieces-Set-Limited-Offer.jpg","contentUrl":"https:\/\/www.lraloeverashop.eu\/wp-content\/uploads\/2022\/10\/Cistus-Incanus-2-Pieces-Set-Limited-Offer.jpg","width":1200,"height":1200,"caption":"Limitovan\u00e1 ponuka 2 kusov Cistus Incanus Set"},{"@type":"BreadcrumbList","@id":"https:\/\/www.lraloeverashop.eu\/sk\/produkt\/cistus-incanus-kapsule-sada-2-kusov\/#breadcrumb","itemListElement":[{"@type":"ListItem","position":1,"name":"Home","item":"https:\/\/www.lraloeverashop.eu\/sk\/"},{"@type":"ListItem","position":2,"name":"Obchod","item":"https:\/\/www.lraloeverashop.eu\/shop\/"},{"@type":"ListItem","position":3,"name":"Kapsule Cistus Incanus Limitovan\u00e1 Ponuka"}]},{"@type":"WebSite","@id":"https:\/\/www.lraloeverashop.eu\/sk\/#website","url":"https:\/\/www.lraloeverashop.eu\/sk\/","name":"Lr Obchod Aloe Vera","description":"High Quality Lr Aloe Vera Gel, Aloe Vera Cream and Shampoo","publisher":{"@id":"https:\/\/www.lraloeverashop.eu\/sk\/#organization"},"potentialAction":[{"@type":"SearchAction","target":{"@type":"EntryPoint","urlTemplate":"https:\/\/www.lraloeverashop.eu\/sk\/?s={search_term_string}"},"query-input":{"@type":"PropertyValueSpecification","valueRequired":true,"valueName":"search_term_string"}}],"inLanguage":"sk-SK"},{"@type":"Organization","@id":"https:\/\/www.lraloeverashop.eu\/sk\/#organization","name":"Lr Obchod Aloe Vera","alternateName":"LR","url":"https:\/\/www.lraloeverashop.eu\/sk\/","logo":{"@type":"ImageObject","inLanguage":"sk-SK","@id":"https:\/\/www.lraloeverashop.eu\/sk\/#\/schema\/logo\/image\/","url":"https:\/\/www.lraloeverashop.eu\/wp-content\/uploads\/2022\/09\/cropped-Lr-Aloe-Vera-Shop.jpg","contentUrl":"https:\/\/www.lraloeverashop.eu\/wp-content\/uploads\/2022\/09\/cropped-Lr-Aloe-Vera-Shop.jpg","width":228,"height":76,"caption":"Lr Obchod Aloe Vera"},"image":{"@id":"https:\/\/www.lraloeverashop.eu\/sk\/#\/schema\/logo\/image\/"},"sameAs":["https:\/\/www.facebook.com\/lraloeverashop.eu","https:\/\/x.com\/natur__kosmetik","https:\/\/www.youtube.com\/channel\/UC5oN7BJ8nfYb8RpVtjwDEBA","https:\/\/www.instagram.com\/lrbeautyeu\/"],"description":"Obchod Lr Aloe Vera je va\u0161\u00edm d\u00f4veryhodn\u00fdm miestom pre pr\u00e9miov\u00e9 produkty LR Health & Beauty vyroben\u00e9 v Nemecku. Pon\u00fakame vysokokvalitn\u00e9 rie\u0161enia starostlivosti o ple\u0165 s Aloe Vera, v\u00fd\u017eivu a proti starnutiu, vyroben\u00e9 z \u010dist\u00fdch ingredienci\u00ed a podlo\u017een\u00e9 vedeck\u00fdm v\u00fdskumom. Objavte pr\u00edrodn\u00fa starostlivos\u0165, ktor\u00e1 regeneruje, chr\u00e1ni a revitalizuje va\u0161u ple\u0165 \u2013 a vyu\u017eite exkluz\u00edvne mesa\u010dn\u00e9 ponuky na na\u0161e najpred\u00e1vanej\u0161ie produkty LR Aloe Vera.\nZa\u010dnite svoju cestu za pr\u00edrodnou starostlivos\u0165ou o ple\u0165 e\u0161te dnes a poc\u00ed\u0165te rozdiel.","email":"info@lraloeverashop.eu","telephone":"+49 17670609653","legalName":"Lr Aloe Vera Shop","foundingDate":"2018-04-21","numberOfEmployees":{"@type":"QuantitativeValue","minValue":"1","maxValue":"10"}}]},"product_price_amount":"65.99","product_price_currency":"EUR","og_availability":"out of stock","product_availability":"out of stock","product_retailer_item_id":"80528-1SK","product_condition":"new"},"taxonomy_info":{"product_cat":[{"value":492,"label":"Cistus Incanus"},{"value":349,"label":"Imunitn\u00fd Syst\u00e9m a Rovnov\u00e1ha"},{"value":414,"label":"\u0160peci\u00e1lne Produkty"},{"value":402,"label":"Z\u00e1klad"},{"value":355,"label":"Z\u013eavy"}],"product_tag":[{"value":683,"label":"Posil\u0148ova\u010d imunity"}]},"featured_image_src_large":["https:\/\/www.lraloeverashop.eu\/wp-content\/uploads\/2022\/10\/Cistus-Incanus-2-Pieces-Set-Limited-Offer-1024x1024.jpg",1024,1024,true],"author_info":[],"comment_info":0,"_links":{"self":[{"href":"https:\/\/www.lraloeverashop.eu\/sk\/wp-json\/wp\/v2\/product\/9928","targetHints":{"allow":["GET"]}}],"collection":[{"href":"https:\/\/www.lraloeverashop.eu\/sk\/wp-json\/wp\/v2\/product"}],"about":[{"href":"https:\/\/www.lraloeverashop.eu\/sk\/wp-json\/wp\/v2\/types\/product"}],"replies":[{"embeddable":true,"href":"https:\/\/www.lraloeverashop.eu\/sk\/wp-json\/wp\/v2\/comments?post=9928"}],"wp:featuredmedia":[{"embeddable":true,"href":"https:\/\/www.lraloeverashop.eu\/sk\/wp-json\/wp\/v2\/media\/5140"}],"wp:attachment":[{"href":"https:\/\/www.lraloeverashop.eu\/sk\/wp-json\/wp\/v2\/media?parent=9928"}],"wp:term":[{"taxonomy":"product_brand","embeddable":true,"href":"https:\/\/www.lraloeverashop.eu\/sk\/wp-json\/wp\/v2\/product_brand?post=9928"},{"taxonomy":"product_cat","embeddable":true,"href":"https:\/\/www.lraloeverashop.eu\/sk\/wp-json\/wp\/v2\/product_cat?post=9928"},{"taxonomy":"product_tag","embeddable":true,"href":"https:\/\/www.lraloeverashop.eu\/sk\/wp-json\/wp\/v2\/product_tag?post=9928"}],"curies":[{"name":"wp","href":"https:\/\/api.w.org\/{rel}","templated":true}]}}