{"id":9923,"date":"2022-10-12T11:10:10","date_gmt":"2022-10-12T09:10:10","guid":{"rendered":"https:\/\/www.lraloeverashop.eu\/product\/cistus-incanus-kapsule\/"},"modified":"2025-12-15T09:19:43","modified_gmt":"2025-12-15T08:19:43","slug":"cistus-incanus-kapsule","status":"publish","type":"product","link":"https:\/\/www.lraloeverashop.eu\/sk\/produkt\/cistus-incanus-kapsule\/","title":{"rendered":"Cistus Incanus Kapsule"},"content":{"rendered":"<h2><span style=\"font-size: 16pt; color: #000000;\"><strong>Cistus Incanus Kapsule<\/strong><\/span><\/h2>\n<p><span style=\"font-size: 14pt; color: #000000;\"><strong>Cistus Incanus Kapsule &#8211; Podpora Pre Zdrav\u00fd Imunitn\u00fd Syst\u00e9m<\/strong><\/span><\/p>\n<p>Obrana organizmu neust\u00e1le funguje bez preru\u0161enia. Pomocou Cistus Incanus Kapsule s vitam\u00ednom C a obohaten\u00fdmi kapsulami zinku m\u00f4\u017eete cenn\u00fdm sp\u00f4sobom prispie\u0165 k funkcii imunitn\u00e9ho syst\u00e9mu. Iba dva kapsuly denne pokr\u00fdvaj\u00fa ka\u017edodenn\u00e9 potreby <a href=\"https:\/\/www.lraloeverashop.eu\/sk\/produkt\/vita-active-cervene-ovocie\/\">vitam\u00ednu C<\/a>.<\/p>\n<h2><span style=\"color: #000000;\"><strong><span style=\"font-size: 16pt;\">Cistus Incanus Kapsule \u00fa\u010dinky<\/span><\/strong><\/span><\/h2>\n<ul>\n<li>detoxikuj\u00fa organizmus<\/li>\n<li>zvy\u0161uj\u00fa <a href=\"https:\/\/www.lraloeverashop.eu\/sk\/produkt\/kolostrum-direkt-liquid\/\">obranyschopnos\u0165<\/a><\/li>\n<li>ochra\u0148uj\u00fa telo pred vo\u013en\u00fdmi radik\u00e1lmi<\/li>\n<li>p\u00f4sobia proti v\u00edrusom, bakt\u00e9ri\u00e1m a plesniam<\/li>\n<li>p\u00f4sobia protiz\u00e1palovo a dezinfek\u010dne<\/li>\n<\/ul>\n<p>Vedecky potvrden\u00e9 Eur\u00f3pskym \u00faradom pre bezpe\u010dnos\u0165 potrav\u00edn: vitam\u00edn C a zinok prispievaj\u00fa k norm\u00e1lnemu fungovaniu imunitn\u00e9ho syst\u00e9mu.<\/p>\n<h3><span style=\"font-size: 16pt; color: #000000;\"><strong>Ako pou\u017eiva\u0165 Kapsule<\/strong><\/span><\/h3>\n<p>Vezmite 2 x 1 kapsulu denne s mal\u00fdm mno\u017estvom tekutiny.<\/p>\n<p>Odpor\u00fa\u010dan\u00e1 denn\u00e1 d\u00e1vka sa nesmie prekro\u010di\u0165. V\u00fd\u017eivov\u00e9 doplnky nie s\u00fa n\u00e1hradou za rozmanit\u00fa a vyv\u00e1\u017een\u00fa stravu, ktor\u00e1 je d\u00f4le\u017eit\u00e1 spolu so zdrav\u00fdm \u017eivotn\u00fdm \u0161t\u00fdlom. V\u00fdrobok uchov\u00e1vajte mimo dosahu mal\u00fdch det\u00ed. Skladova\u0165 v chlade a suchu.<\/p>\n<h3><span style=\"font-size: 16pt; color: #000000;\"><strong>Vedeli ste?<\/strong><\/span><\/h3>\n<p><strong>O rastline<\/strong><br \/>\nCistus incanus je \u010dlenom rodu skaln\u00fdch ru\u017e\u00ed v rastlin\u00e1ch rodu Cistus a rast\u00fa hlavne v teplom Stredozem\u00ed (napr\u00edklad v Gr\u00e9cku a Turecku). Za dobr\u00fdch klimatick\u00fdch podmienok rastlina rastie do v\u00fd\u0161ky jedn\u00e9ho metra, produkuje pekne ru\u017eov\u00e9 a\u017e fialov\u00e9 kvety v obdob\u00ed kvitnutia od apr\u00edla do j\u00fana a dosahuje priemer 4 a\u017e 6 centimetrov. S tejto drahocenej rastliny sa vyrabaju Cistus Incanus Kapsule<\/p>\n<p>&nbsp;<\/p>\n<p><strong>Pestovanie<\/strong><br \/>\nBohu\u017eia\u013e, pestovanie rastliny <a href=\"https:\/\/www.lraloeverashop.eu\/sk\/produkt\/lr-cistus-incanus-kapsule\/\">Cistus Incanus<\/a> je bezn\u00e1dejn\u00fd z\u00e1mer, preto\u017ee \u0161edovlas\u00e1 ru\u017ea raste len divoko. Cistus incanus rastlina sa nach\u00e1dza po celom Stredomor\u00ed najlep\u0161ie rastie na v\u00e1pencoch alebo kremi\u010ditanoch ktor\u00e9 sa nach\u00e1dzaj\u00fa uprostred r\u00f4znych pichlia\u010dov a kr\u00edkov.<\/p>\n<h4><span style=\"font-size: 16pt; color: #000000;\"><strong>\u010casto kladen\u00e9 ot\u00e1zky<\/strong><\/span><\/h4>\n<p><strong>\u010co je Cistus Incanus?<\/strong><br \/>\nHist\u00f3ria tejto rastliny sa za\u010d\u00edna u\u017e vo 4. storo\u010d\u00ed pred na\u0161\u00edm letopo\u010dtom. Cistus Incanus sa \u010doskoro stal ob\u013e\u00faben\u00fdm \u010dajom na Strednom v\u00fdchode, v severnej Afrike a v eur\u00f3pskom Stredomor\u00ed.<\/p>\n<p><strong>\u010co pou\u017e\u00edva LR z tejto rastliny?<\/strong><br \/>\nSpracov\u00e1vaj\u00fa sa iba narezan\u00e9 listy. Drevo a kmene sa d\u00f4sledne triedia. Trval\u00e1 kontrola kvality po\u010das v\u00fdrobn\u00e9ho procesu zaru\u010duje maxim\u00e1lnu <a href=\"https:\/\/www.lraloeverashop.eu\/sk\/produkt\/cistus-incanus-kapsule-sada-2-kusov\/\">\u010distotu a kvalitu<\/a>.<\/p>\n<p><strong>M\u00f4\u017eem Cistus Incanus pou\u017e\u00edva\u0165 dlh\u0161iu dobu?<\/strong><br \/>\nCistus Incanus Kapsule m\u00f4\u017eete bezpe\u010dne pou\u017e\u00edva\u0165 dlho.<\/p>\n<p><strong>Ktor\u00fa surovinu pou\u017e\u00edva LR vo svojom produkte?<\/strong><br \/>\nNa vyrobu Cistus Incanus Kapsule pou\u017e\u00edvame Cistus Incanus ssp. Tauricus. T\u00e1to rastlina rastie divo v pr\u00edrode, nie na plant\u00e1\u017each.<\/p>\n<p><strong>Ako sa spracov\u00e1va surovina?<\/strong><br \/>\nListy rastliny sa zbieraj\u00fa, su\u0161ia, \u010distia a kr\u00e1jaj\u00fa pred t\u00fdm, ako ich zn\u00e1my vodn\u00fd extrakt spracuje na vodn\u00fd n\u00e1poj. Tento extrakt sa vysu\u0161\u00ed a nakoniec sa pln\u00ed do kaps\u00fal. Pop\u00edsanou met\u00f3dou je \u0161tandardn\u00e1 extrak\u010dn\u00e1 technol\u00f3gia.<\/p>\n","protected":false},"excerpt":{"rendered":"<ul>\n<li>Zinok a vitam\u00edn C podporuj\u00fa zdrav\u00fd imunitn\u00fd syst\u00e9m\u00b9<\/li>\n<li>69% extraktu Cistus incanus<\/li>\n<li>100% vitam\u00ednu C a 20% zinku na denn\u00fa d\u00e1vku<\/li>\n<li>P\u00f4sob\u00ed proti v\u00edrusom, bakt\u00e9ri\u00e1m a plesniam<\/li>\n<li>P\u00f4sob\u00ed protiz\u00e1palovo a dezinfek\u010dne<\/li>\n<li>\u010cist\u00e1 rastlinn\u00e1 kapsula<\/li>\n<li>Obsah: 60 kaps\u00fal<\/li>\n<\/ul>\n<p>&nbsp;<\/p>\n","protected":false},"featured_media":5398,"comment_status":"open","ping_status":"closed","template":"","meta":{"_kad_blocks_custom_css":"","_kad_blocks_head_custom_js":"","_kad_blocks_body_custom_js":"","_kad_blocks_footer_custom_js":"","_kadence_starter_templates_imported_post":false,"_kad_post_transparent":"default","_kad_post_title":"","_kad_post_layout":"default","_kad_post_sidebar_id":"","_kad_post_content_style":"default","_kad_post_vertical_padding":"default","_kad_post_feature":"","_kad_post_feature_position":"","_kad_post_header":false,"_kad_post_footer":false,"_kad_post_classname":""},"product_brand":[],"product_cat":[492,349,414,402],"product_tag":[683],"class_list":{"0":"post-9923","1":"product","2":"type-product","3":"status-publish","4":"has-post-thumbnail","6":"product_cat-cistus-incanus-sk","7":"product_cat-imunitny-system-a-rovnovaha","8":"product_cat-specialne-produkty","9":"product_cat-zaklad","10":"product_tag-posilnovac-imunity","12":"first","13":"instock","14":"taxable","15":"shipping-taxable","16":"purchasable","17":"product-type-simple","18":"entry","19":"content-bg","20":"loop-entry"},"yoast_head":"<!-- This site is optimized with the Yoast SEO Premium plugin v27.4 (Yoast SEO v27.4) - https:\/\/yoast.com\/product\/yoast-seo-premium-wordpress\/ -->\n<title>Cistus Incanus Kapsule - najlep\u0161ia podpora pre imunitn\u00fd syst\u00e9m<\/title>\n<meta name=\"description\" content=\"Cistus Incanus Kapsule so 69% extraktom, vitam\u00ednom C a zinkom cenn\u00fdm sp\u00f4sobom prispievaj\u00fa k funkcii v\u00e1\u0161ho imunitn\u00e9ho syst\u00e9mu.\" \/>\n<meta name=\"robots\" content=\"index, follow, max-snippet:-1, max-image-preview:large, max-video-preview:-1\" \/>\n<link rel=\"canonical\" href=\"https:\/\/www.lraloeverashop.eu\/sk\/produkt\/cistus-incanus-kapsule\/\" \/>\n<meta property=\"og:locale\" content=\"sk_SK\" \/>\n<meta property=\"og:type\" content=\"article\" \/>\n<meta property=\"og:title\" content=\"Cistus Incanus Kapsule\" \/>\n<meta property=\"og:description\" content=\"Cistus Incanus Kapsule so 69% extraktom, vitam\u00ednom C a zinkom cenn\u00fdm sp\u00f4sobom prispievaj\u00fa k funkcii v\u00e1\u0161ho imunitn\u00e9ho syst\u00e9mu.\" \/>\n<meta property=\"og:url\" content=\"https:\/\/www.lraloeverashop.eu\/sk\/produkt\/cistus-incanus-kapsule\/\" \/>\n<meta property=\"og:site_name\" content=\"Lr Obchod Aloe Vera\" \/>\n<meta property=\"article:publisher\" content=\"https:\/\/www.facebook.com\/lraloeverashop.eu\" \/>\n<meta property=\"article:modified_time\" content=\"2025-12-15T08:19:43+00:00\" \/>\n<meta property=\"og:image\" content=\"https:\/\/www.lraloeverashop.eu\/wp-content\/uploads\/2022\/10\/Cistus-Incanus-Capsules.jpg\" \/>\n\t<meta property=\"og:image:width\" content=\"1200\" \/>\n\t<meta property=\"og:image:height\" content=\"1200\" \/>\n\t<meta property=\"og:image:type\" content=\"image\/jpeg\" \/>\n<meta name=\"twitter:card\" content=\"summary_large_image\" \/>\n<meta name=\"twitter:site\" content=\"@natur__kosmetik\" \/>\n<script type=\"application\/ld+json\" class=\"yoast-schema-graph\">{\"@context\":\"https:\\\/\\\/schema.org\",\"@graph\":[{\"@type\":[\"WebPage\",\"ItemPage\"],\"@id\":\"https:\\\/\\\/www.lraloeverashop.eu\\\/sk\\\/produkt\\\/cistus-incanus-kapsule\\\/\",\"url\":\"https:\\\/\\\/www.lraloeverashop.eu\\\/sk\\\/produkt\\\/cistus-incanus-kapsule\\\/\",\"name\":\"Cistus Incanus Kapsule - najlep\u0161ia podpora pre imunitn\u00fd syst\u00e9m\",\"isPartOf\":{\"@id\":\"https:\\\/\\\/www.lraloeverashop.eu\\\/sk\\\/#website\"},\"primaryImageOfPage\":{\"@id\":\"https:\\\/\\\/www.lraloeverashop.eu\\\/sk\\\/produkt\\\/cistus-incanus-kapsule\\\/#primaryimage\"},\"image\":{\"@id\":\"https:\\\/\\\/www.lraloeverashop.eu\\\/sk\\\/produkt\\\/cistus-incanus-kapsule\\\/#primaryimage\"},\"thumbnailUrl\":\"https:\\\/\\\/www.lraloeverashop.eu\\\/wp-content\\\/uploads\\\/2022\\\/10\\\/Cistus-Incanus-Capsules.jpg\",\"datePublished\":\"2022-10-12T09:10:10+00:00\",\"dateModified\":\"2025-12-15T08:19:43+00:00\",\"description\":\"Cistus Incanus Kapsule so 69% extraktom, vitam\u00ednom C a zinkom cenn\u00fdm sp\u00f4sobom prispievaj\u00fa k funkcii v\u00e1\u0161ho imunitn\u00e9ho syst\u00e9mu.\",\"breadcrumb\":{\"@id\":\"https:\\\/\\\/www.lraloeverashop.eu\\\/sk\\\/produkt\\\/cistus-incanus-kapsule\\\/#breadcrumb\"},\"inLanguage\":\"sk-SK\",\"potentialAction\":[{\"@type\":\"ReadAction\",\"target\":[\"https:\\\/\\\/www.lraloeverashop.eu\\\/sk\\\/produkt\\\/cistus-incanus-kapsule\\\/\"]}]},{\"@type\":\"ImageObject\",\"inLanguage\":\"sk-SK\",\"@id\":\"https:\\\/\\\/www.lraloeverashop.eu\\\/sk\\\/produkt\\\/cistus-incanus-kapsule\\\/#primaryimage\",\"url\":\"https:\\\/\\\/www.lraloeverashop.eu\\\/wp-content\\\/uploads\\\/2022\\\/10\\\/Cistus-Incanus-Capsules.jpg\",\"contentUrl\":\"https:\\\/\\\/www.lraloeverashop.eu\\\/wp-content\\\/uploads\\\/2022\\\/10\\\/Cistus-Incanus-Capsules.jpg\",\"width\":1200,\"height\":1200,\"caption\":\"Lr Cistus Incanus Kapsuly prispievaj\u00fa k norm\u00e1lnej funkcii v\u00e1\u0161ho imunitn\u00e9ho syst\u00e9mu\"},{\"@type\":\"BreadcrumbList\",\"@id\":\"https:\\\/\\\/www.lraloeverashop.eu\\\/sk\\\/produkt\\\/cistus-incanus-kapsule\\\/#breadcrumb\",\"itemListElement\":[{\"@type\":\"ListItem\",\"position\":1,\"name\":\"Home\",\"item\":\"https:\\\/\\\/www.lraloeverashop.eu\\\/sk\\\/\"},{\"@type\":\"ListItem\",\"position\":2,\"name\":\"Obchod\",\"item\":\"https:\\\/\\\/www.lraloeverashop.eu\\\/shop\\\/\"},{\"@type\":\"ListItem\",\"position\":3,\"name\":\"Cistus Incanus Kapsule\"}]},{\"@type\":\"WebSite\",\"@id\":\"https:\\\/\\\/www.lraloeverashop.eu\\\/sk\\\/#website\",\"url\":\"https:\\\/\\\/www.lraloeverashop.eu\\\/sk\\\/\",\"name\":\"Lr Obchod Aloe Vera\",\"description\":\"High Quality Lr Aloe Vera Gel, Aloe Vera Cream and Shampoo\",\"publisher\":{\"@id\":\"https:\\\/\\\/www.lraloeverashop.eu\\\/sk\\\/#organization\"},\"potentialAction\":[{\"@type\":\"SearchAction\",\"target\":{\"@type\":\"EntryPoint\",\"urlTemplate\":\"https:\\\/\\\/www.lraloeverashop.eu\\\/sk\\\/?s={search_term_string}\"},\"query-input\":{\"@type\":\"PropertyValueSpecification\",\"valueRequired\":true,\"valueName\":\"search_term_string\"}}],\"inLanguage\":\"sk-SK\"},{\"@type\":\"Organization\",\"@id\":\"https:\\\/\\\/www.lraloeverashop.eu\\\/sk\\\/#organization\",\"name\":\"Lr Obchod Aloe Vera\",\"alternateName\":\"LR\",\"url\":\"https:\\\/\\\/www.lraloeverashop.eu\\\/sk\\\/\",\"logo\":{\"@type\":\"ImageObject\",\"inLanguage\":\"sk-SK\",\"@id\":\"https:\\\/\\\/www.lraloeverashop.eu\\\/sk\\\/#\\\/schema\\\/logo\\\/image\\\/\",\"url\":\"https:\\\/\\\/www.lraloeverashop.eu\\\/wp-content\\\/uploads\\\/2022\\\/09\\\/cropped-Lr-Aloe-Vera-Shop.jpg\",\"contentUrl\":\"https:\\\/\\\/www.lraloeverashop.eu\\\/wp-content\\\/uploads\\\/2022\\\/09\\\/cropped-Lr-Aloe-Vera-Shop.jpg\",\"width\":228,\"height\":76,\"caption\":\"Lr Obchod Aloe Vera\"},\"image\":{\"@id\":\"https:\\\/\\\/www.lraloeverashop.eu\\\/sk\\\/#\\\/schema\\\/logo\\\/image\\\/\"},\"sameAs\":[\"https:\\\/\\\/www.facebook.com\\\/lraloeverashop.eu\",\"https:\\\/\\\/x.com\\\/natur__kosmetik\",\"https:\\\/\\\/www.youtube.com\\\/channel\\\/UC5oN7BJ8nfYb8RpVtjwDEBA\",\"https:\\\/\\\/www.instagram.com\\\/lrbeautyeu\\\/\"],\"description\":\"Obchod Lr Aloe Vera je va\u0161\u00edm d\u00f4veryhodn\u00fdm miestom pre pr\u00e9miov\u00e9 produkty LR Health & Beauty vyroben\u00e9 v Nemecku. Pon\u00fakame vysokokvalitn\u00e9 rie\u0161enia starostlivosti o ple\u0165 s Aloe Vera, v\u00fd\u017eivu a proti starnutiu, vyroben\u00e9 z \u010dist\u00fdch ingredienci\u00ed a podlo\u017een\u00e9 vedeck\u00fdm v\u00fdskumom. Objavte pr\u00edrodn\u00fa starostlivos\u0165, ktor\u00e1 regeneruje, chr\u00e1ni a revitalizuje va\u0161u ple\u0165 \u2013 a vyu\u017eite exkluz\u00edvne mesa\u010dn\u00e9 ponuky na na\u0161e najpred\u00e1vanej\u0161ie produkty LR Aloe Vera.\\nZa\u010dnite svoju cestu za pr\u00edrodnou starostlivos\u0165ou o ple\u0165 e\u0161te dnes a poc\u00ed\u0165te rozdiel.\",\"email\":\"info@lraloeverashop.eu\",\"telephone\":\"+49 17670609653\",\"legalName\":\"Lr Aloe Vera Shop\",\"foundingDate\":\"2018-04-21\",\"numberOfEmployees\":{\"@type\":\"QuantitativeValue\",\"minValue\":\"1\",\"maxValue\":\"10\"}}]}<\/script>\n<meta property=\"product:price:amount\" content=\"42.99\" \/>\n<meta property=\"product:price:currency\" content=\"EUR\" \/>\n<meta property=\"og:availability\" content=\"instock\" \/>\n<meta property=\"product:availability\" content=\"instock\" \/>\n<meta property=\"product:retailer_item_id\" content=\"80325-401SK\" \/>\n<meta property=\"product:condition\" content=\"new\" \/>\n<!-- \/ Yoast SEO Premium plugin. -->","yoast_head_json":{"title":"Cistus Incanus Kapsule - najlep\u0161ia podpora pre imunitn\u00fd syst\u00e9m","description":"Cistus Incanus Kapsule so 69% extraktom, vitam\u00ednom C a zinkom cenn\u00fdm sp\u00f4sobom prispievaj\u00fa k funkcii v\u00e1\u0161ho imunitn\u00e9ho syst\u00e9mu.","robots":{"index":"index","follow":"follow","max-snippet":"max-snippet:-1","max-image-preview":"max-image-preview:large","max-video-preview":"max-video-preview:-1"},"canonical":"https:\/\/www.lraloeverashop.eu\/sk\/produkt\/cistus-incanus-kapsule\/","og_locale":"sk_SK","og_type":"article","og_title":"Cistus Incanus Kapsule","og_description":"Cistus Incanus Kapsule so 69% extraktom, vitam\u00ednom C a zinkom cenn\u00fdm sp\u00f4sobom prispievaj\u00fa k funkcii v\u00e1\u0161ho imunitn\u00e9ho syst\u00e9mu.","og_url":"https:\/\/www.lraloeverashop.eu\/sk\/produkt\/cistus-incanus-kapsule\/","og_site_name":"Lr Obchod Aloe Vera","article_publisher":"https:\/\/www.facebook.com\/lraloeverashop.eu","article_modified_time":"2025-12-15T08:19:43+00:00","og_image":[{"width":1200,"height":1200,"url":"https:\/\/www.lraloeverashop.eu\/wp-content\/uploads\/2022\/10\/Cistus-Incanus-Capsules.jpg","type":"image\/jpeg"}],"twitter_card":"summary_large_image","twitter_site":"@natur__kosmetik","schema":{"@context":"https:\/\/schema.org","@graph":[{"@type":["WebPage","ItemPage"],"@id":"https:\/\/www.lraloeverashop.eu\/sk\/produkt\/cistus-incanus-kapsule\/","url":"https:\/\/www.lraloeverashop.eu\/sk\/produkt\/cistus-incanus-kapsule\/","name":"Cistus Incanus Kapsule - najlep\u0161ia podpora pre imunitn\u00fd syst\u00e9m","isPartOf":{"@id":"https:\/\/www.lraloeverashop.eu\/sk\/#website"},"primaryImageOfPage":{"@id":"https:\/\/www.lraloeverashop.eu\/sk\/produkt\/cistus-incanus-kapsule\/#primaryimage"},"image":{"@id":"https:\/\/www.lraloeverashop.eu\/sk\/produkt\/cistus-incanus-kapsule\/#primaryimage"},"thumbnailUrl":"https:\/\/www.lraloeverashop.eu\/wp-content\/uploads\/2022\/10\/Cistus-Incanus-Capsules.jpg","datePublished":"2022-10-12T09:10:10+00:00","dateModified":"2025-12-15T08:19:43+00:00","description":"Cistus Incanus Kapsule so 69% extraktom, vitam\u00ednom C a zinkom cenn\u00fdm sp\u00f4sobom prispievaj\u00fa k funkcii v\u00e1\u0161ho imunitn\u00e9ho syst\u00e9mu.","breadcrumb":{"@id":"https:\/\/www.lraloeverashop.eu\/sk\/produkt\/cistus-incanus-kapsule\/#breadcrumb"},"inLanguage":"sk-SK","potentialAction":[{"@type":"ReadAction","target":["https:\/\/www.lraloeverashop.eu\/sk\/produkt\/cistus-incanus-kapsule\/"]}]},{"@type":"ImageObject","inLanguage":"sk-SK","@id":"https:\/\/www.lraloeverashop.eu\/sk\/produkt\/cistus-incanus-kapsule\/#primaryimage","url":"https:\/\/www.lraloeverashop.eu\/wp-content\/uploads\/2022\/10\/Cistus-Incanus-Capsules.jpg","contentUrl":"https:\/\/www.lraloeverashop.eu\/wp-content\/uploads\/2022\/10\/Cistus-Incanus-Capsules.jpg","width":1200,"height":1200,"caption":"Lr Cistus Incanus Kapsuly prispievaj\u00fa k norm\u00e1lnej funkcii v\u00e1\u0161ho imunitn\u00e9ho syst\u00e9mu"},{"@type":"BreadcrumbList","@id":"https:\/\/www.lraloeverashop.eu\/sk\/produkt\/cistus-incanus-kapsule\/#breadcrumb","itemListElement":[{"@type":"ListItem","position":1,"name":"Home","item":"https:\/\/www.lraloeverashop.eu\/sk\/"},{"@type":"ListItem","position":2,"name":"Obchod","item":"https:\/\/www.lraloeverashop.eu\/shop\/"},{"@type":"ListItem","position":3,"name":"Cistus Incanus Kapsule"}]},{"@type":"WebSite","@id":"https:\/\/www.lraloeverashop.eu\/sk\/#website","url":"https:\/\/www.lraloeverashop.eu\/sk\/","name":"Lr Obchod Aloe Vera","description":"High Quality Lr Aloe Vera Gel, Aloe Vera Cream and Shampoo","publisher":{"@id":"https:\/\/www.lraloeverashop.eu\/sk\/#organization"},"potentialAction":[{"@type":"SearchAction","target":{"@type":"EntryPoint","urlTemplate":"https:\/\/www.lraloeverashop.eu\/sk\/?s={search_term_string}"},"query-input":{"@type":"PropertyValueSpecification","valueRequired":true,"valueName":"search_term_string"}}],"inLanguage":"sk-SK"},{"@type":"Organization","@id":"https:\/\/www.lraloeverashop.eu\/sk\/#organization","name":"Lr Obchod Aloe Vera","alternateName":"LR","url":"https:\/\/www.lraloeverashop.eu\/sk\/","logo":{"@type":"ImageObject","inLanguage":"sk-SK","@id":"https:\/\/www.lraloeverashop.eu\/sk\/#\/schema\/logo\/image\/","url":"https:\/\/www.lraloeverashop.eu\/wp-content\/uploads\/2022\/09\/cropped-Lr-Aloe-Vera-Shop.jpg","contentUrl":"https:\/\/www.lraloeverashop.eu\/wp-content\/uploads\/2022\/09\/cropped-Lr-Aloe-Vera-Shop.jpg","width":228,"height":76,"caption":"Lr Obchod Aloe Vera"},"image":{"@id":"https:\/\/www.lraloeverashop.eu\/sk\/#\/schema\/logo\/image\/"},"sameAs":["https:\/\/www.facebook.com\/lraloeverashop.eu","https:\/\/x.com\/natur__kosmetik","https:\/\/www.youtube.com\/channel\/UC5oN7BJ8nfYb8RpVtjwDEBA","https:\/\/www.instagram.com\/lrbeautyeu\/"],"description":"Obchod Lr Aloe Vera je va\u0161\u00edm d\u00f4veryhodn\u00fdm miestom pre pr\u00e9miov\u00e9 produkty LR Health & Beauty vyroben\u00e9 v Nemecku. Pon\u00fakame vysokokvalitn\u00e9 rie\u0161enia starostlivosti o ple\u0165 s Aloe Vera, v\u00fd\u017eivu a proti starnutiu, vyroben\u00e9 z \u010dist\u00fdch ingredienci\u00ed a podlo\u017een\u00e9 vedeck\u00fdm v\u00fdskumom. Objavte pr\u00edrodn\u00fa starostlivos\u0165, ktor\u00e1 regeneruje, chr\u00e1ni a revitalizuje va\u0161u ple\u0165 \u2013 a vyu\u017eite exkluz\u00edvne mesa\u010dn\u00e9 ponuky na na\u0161e najpred\u00e1vanej\u0161ie produkty LR Aloe Vera.\nZa\u010dnite svoju cestu za pr\u00edrodnou starostlivos\u0165ou o ple\u0165 e\u0161te dnes a poc\u00ed\u0165te rozdiel.","email":"info@lraloeverashop.eu","telephone":"+49 17670609653","legalName":"Lr Aloe Vera Shop","foundingDate":"2018-04-21","numberOfEmployees":{"@type":"QuantitativeValue","minValue":"1","maxValue":"10"}}]},"product_price_amount":"42.99","product_price_currency":"EUR","og_availability":"instock","product_availability":"instock","product_retailer_item_id":"80325-401SK","product_condition":"new"},"taxonomy_info":{"product_cat":[{"value":492,"label":"Cistus Incanus"},{"value":349,"label":"Imunitn\u00fd Syst\u00e9m a Rovnov\u00e1ha"},{"value":414,"label":"\u0160peci\u00e1lne Produkty"},{"value":402,"label":"Z\u00e1klad"}],"product_tag":[{"value":683,"label":"Posil\u0148ova\u010d imunity"}]},"featured_image_src_large":["https:\/\/www.lraloeverashop.eu\/wp-content\/uploads\/2022\/10\/Cistus-Incanus-Capsules-1024x1024.jpg",1024,1024,true],"author_info":[],"comment_info":0,"_links":{"self":[{"href":"https:\/\/www.lraloeverashop.eu\/sk\/wp-json\/wp\/v2\/product\/9923","targetHints":{"allow":["GET"]}}],"collection":[{"href":"https:\/\/www.lraloeverashop.eu\/sk\/wp-json\/wp\/v2\/product"}],"about":[{"href":"https:\/\/www.lraloeverashop.eu\/sk\/wp-json\/wp\/v2\/types\/product"}],"replies":[{"embeddable":true,"href":"https:\/\/www.lraloeverashop.eu\/sk\/wp-json\/wp\/v2\/comments?post=9923"}],"wp:featuredmedia":[{"embeddable":true,"href":"https:\/\/www.lraloeverashop.eu\/sk\/wp-json\/wp\/v2\/media\/5398"}],"wp:attachment":[{"href":"https:\/\/www.lraloeverashop.eu\/sk\/wp-json\/wp\/v2\/media?parent=9923"}],"wp:term":[{"taxonomy":"product_brand","embeddable":true,"href":"https:\/\/www.lraloeverashop.eu\/sk\/wp-json\/wp\/v2\/product_brand?post=9923"},{"taxonomy":"product_cat","embeddable":true,"href":"https:\/\/www.lraloeverashop.eu\/sk\/wp-json\/wp\/v2\/product_cat?post=9923"},{"taxonomy":"product_tag","embeddable":true,"href":"https:\/\/www.lraloeverashop.eu\/sk\/wp-json\/wp\/v2\/product_tag?post=9923"}],"curies":[{"name":"wp","href":"https:\/\/api.w.org\/{rel}","templated":true}]}}