{"id":9857,"date":"2022-10-12T12:27:15","date_gmt":"2022-10-12T10:27:15","guid":{"rendered":"https:\/\/www.lraloeverashop.eu\/product\/prirodne-probiotika-pre-deti\/"},"modified":"2025-03-29T18:39:18","modified_gmt":"2025-03-29T17:39:18","slug":"prirodne-probiotika-pre-deti","status":"publish","type":"product","link":"https:\/\/www.lraloeverashop.eu\/sk\/produkt\/prirodne-probiotika-pre-deti\/","title":{"rendered":"Pr\u00edrodn\u00e9 Probiotik\u00e1 pre Deti Pro 12"},"content":{"rendered":"<h2><strong><span style=\"font-size: 16pt;\">Pr\u00edrodn\u00e9 Probiotik\u00e1 pre Deti Pro 12<\/span><\/strong><\/h2>\n<p><span style=\"font-size: 14pt;\"><strong>Pr\u00edrodn\u00e9 Probiotik\u00e1 pre Deti, \u017deny a Mu\u017eov Podporuju celkov\u00e9 zdravie a pohodu<\/strong><\/span><\/p>\n<p>\u010crevo je jedn\u00fdm z najv\u00e4\u010d\u0161\u00edch org\u00e1nov \u013eudsk\u00e9ho tela, ktor\u00e9 je zodpovedn\u00e9 za celkov\u00fd wellness a pohodu n\u00e1\u0161ho tela. \u010crevn\u00e1 stena je kolonizovan\u00e1 ve\u013ek\u00fdm po\u010dtom bakt\u00e9ri\u00ed. Zdraviu prospe\u0161n\u00e9 bakt\u00e9rie sa naz\u00fdvaj\u00fa Probiotik\u00e1, ostatn\u00e9 bakt\u00e9rie sp\u00f4sobuj\u00fa ochorenia.<\/p>\n<h3><span style=\"font-size: 14pt;\"><strong>Ako p\u00f4sobia Pr\u00edrodn\u00e9 Probiotik\u00e1 pre Deti, \u017deny a Mu\u017eov v \u010dreve v najd\u00f4le\u017eitej\u0161om imunitnom org\u00e1ne \u010dloveka<\/strong><\/span><\/h3>\n<ul>\n<li>\u010crev\u00e1 predstavuj\u00fa 80% <a href=\"https:\/\/www.lraloeverashop.eu\/sk\/produkt\/kolostrum-direkt-liquid\/\">\u013eudskej imunity<\/a><\/li>\n<li>Sl\u00fa\u017ei na regul\u00e1ciu \u010drevnej mikrofl\u00f3ry.<\/li>\n<li>Probiotick\u00e9 bakt\u00e9rie riadia v \u010dreve najd\u00f4le\u017eitej\u0161ie procesy <a href=\"https:\/\/sk.wikipedia.org\/wiki\/Imunitn%C3%BD_syst%C3%A9m\">imunitn\u00e9ho syst\u00e9mu<\/a>!<\/li>\n<li>Patentovan\u00e9 mikro-zap\u00fazdrenie ochra\u0148uje bakt\u00e9rie po\u010das kritick\u00e9ho prechodu \u017eal\u00fadkom pred agres\u00edvnou \u017eal\u00fado\u010dnou kyselinou.<\/li>\n<li>Pro 12 Probiotik\u00e1 obsahuje celkom 1 miliardu bakt\u00e9ri\u00ed v kapsule. Tieto sa rozde\u013euj\u00fa na 12 r\u00f4znych kme\u0148ov a kombin\u00e1cia optim\u00e1lne vyva\u017euje prostredie \u010dreva a je vo svete jedine\u010dn\u00e1.<\/li>\n<\/ul>\n<h2><span style=\"font-size: 16pt;\"><strong>Pr\u00edrodn\u00e9 Probiotik\u00e1 pre Deti &#8211; Hlavn\u00e9 zdravotn\u00e9 \u00fa\u010dinky.<\/strong><\/span><\/h2>\n<ul style=\"list-style-type: square;\">\n<li>Spr\u00e1vna funkcia za\u017e\u00edvacieho syst\u00e9mu<\/li>\n<li>ulcer\u00f3zna kolit\u00edda z\u00e1pal tkaniva hrub\u00e9ho \u010dreva<\/li>\n<li>Crohnovu chorobu<\/li>\n<li>refluxnej choroby pa\u017eer\u00e1ka<\/li>\n<li>Celkov\u00e9 zv\u00fd\u0161enie odolnosti organizmu<\/li>\n<li>Prevencia karcin\u00f3mu \u010driev \/ 8300 nov\u00fdch pr\u00edpadov ro\u010dne !!! \/<\/li>\n<li>Prevencia vredov aj z\u00e1palov \u017eal\u00fadka<\/li>\n<li>Pre pacientov trpiacich myk\u00f3zami (ples\u0148ami), v\u00fdtoky<\/li>\n<li>Hna\u010dka (infek\u010dn\u00e9 chr\u00edpka, salmonela, Campylobakter, rotav\u00edrusy &#8230;)<\/li>\n<li>Z\u00e1pcha<\/li>\n<li>Ak\u00fatna probl\u00e9my tr\u00e1venia, Reflux, P\u00e1lenie z\u00e1hy<\/li>\n<li>Intolerancia lakt\u00f3zy<\/li>\n<li>Syndr\u00f3m dr\u00e1\u017ediv\u00e9ho \u010dreva<\/li>\n<li>Cestovate\u013esk\u00e9 hna\u010dky \/ <strong>nasadi\u0165 3 dni pred odletom<\/strong> \/<\/li>\n<li>Potravinov\u00e9 alergie \/ br\u00e1ni rozvoju atopick\u00e9ho ekz\u00e9mu \/<\/li>\n<li>Divertikulit\u00edda<\/li>\n<li>Syndr\u00f3m priepustn\u00e9ho \u010dreva<\/li>\n<li>Chronick\u00fd \u00fanavov\u00fd syndr\u00f3m<\/li>\n<li>Nad\u00favanie<\/li>\n<\/ul>\n<p>&nbsp;<\/p>\n<p><strong>Odpor\u00fa\u010dan\u00e9 d\u00e1vkovanie:<\/strong> 1 tableta denne! V\u010faka mikrozapuzdreniu sa m\u00f4\u017ee skladova\u0165 v izbovej teplote. Pr\u00edrodn\u00e9 Probiotik\u00e1 pre Deti s\u00fa vhodn\u00e9 aj pre tehotn\u00e9, doj\u010diace \u017eeny ale aj pre diabetikov a je ide\u00e1lny doplnok ku k\u00fare s <a href=\"https:\/\/www.lraloeverashop.eu\/sk\/produkt\/aloe-vera-gel-na-pitie-s-medom\/\">Aloe Vera g\u00e9lom na pitie<\/a>.<\/p>\n<h3 style=\"text-align: left;\"><span style=\"font-size: 16pt;\"><strong>Niektor\u00e9 probiotick\u00e9 kmene maj\u00fa zo zdravotn\u00e9ho h\u013eadiska v\u00e4\u0161\u010diu hodnotu!<\/strong><\/span><\/h3>\n<p><span style=\"color: #993366;\"><strong>\u00bb<\/strong><\/span> \u0160t\u00fadie preuk\u00e1zali, \u017ee ak boli pod\u00e1van\u00e9 \u017een\u00e1m s pozit\u00edvnou alergickou anamn\u00e9zou 2-4 t\u00fd\u017edne pred p\u00f4rodom a potom ich de\u0165om 6 mesiacov po p\u00f4rode, do\u0161lo v dvoch rokoch die\u0165a\u0165a k zn\u00ed\u017eeniu v\u00fdskytu <a href=\"https:\/\/www.lraloeverashop.eu\/sk\/lr-aloe-vera-sprej-prvej-pomoci\/\">atopick\u00e9ho ekz\u00e9mu<\/a> o 34%!<\/p>\n<p>\u010crevn\u00e1 mikrofl\u00f3ra alergick\u00fdch a zdrav\u00fdch det\u00ed sa l\u00ed\u0161i pr\u00e1ve v tom, \u017ee alergick\u00e9 deti <em>maj\u00fa<\/em> men\u0161\u00ed v\u00fdskyt lactobacilov a bifidobakt\u00e9ri\u00ed v stolici.<\/p>\n<p><span style=\"color: #993366;\"><strong>\u00bb<\/strong><\/span>\u00a0\u0160t\u00fadie preuk\u00e1zali u 92,8% pacientov, \u017ee Probiotika zvy\u0161uj\u00fa \u0161ancu na vylie\u010denie ulcer\u00f3znej kolit\u00eddy.<\/p>\n<p><span style=\"color: #993366;\"><strong>\u00bb<\/strong><\/span> \u0160t\u00fadie tie\u017e preuk\u00e1zali, \u017ee Pr\u00edrodn\u00e9 Probiotik\u00e1 pre Deti \u00faspe\u0161ne nasto\u013euju rovnov\u00e1hu a normalizuje funkciu \u010driev po lie\u010dbe antibiotikami.<\/p>\n<p><strong>Antibiotik\u00e1 maj\u00fa za \u00falohu vyhubi\u0165 v \u010drev\u00e1ch nepriate\u013esk\u00e9 bakt\u00e9rie &#8211; p\u00f4vodcu ochorenia. Antibiotik\u00e1 v\u0161ak nedok\u00e1\u017eu rozl\u00ed\u0161i\u0165 typ bakt\u00e9ri\u00ed, preto spolo\u010dne s nepriate\u013esk\u00fdmi vyhubia i priate\u013esk\u00e9. Z tohto d\u00f4vodu sa po lie\u010dbe antibiotikami objavuje nad\u00favanie, z\u00e1pcha, hna\u010dka, myk\u00f3zy \u010di opary.<\/strong><\/p>\n<p>&nbsp;<\/p>\n<h3><span style=\"font-size: 16pt;\"><strong>Pro 12 Obsahuju vz\u00e1cne kmene bakt\u00e9ri\u00ed, ktor\u00e9 na trh takmer nikto ned\u00e1va!<\/strong><\/span><\/h3>\n<p>Bifidobacterium longum, Bifidobacterium breve, Bifidobacterium bifidum, Bifidobacterium infantis, Bifidobacterium lactis, Lactobacillus plantarum, Lactobacillus casei, Lactobacillus paracasei, Lactobacilus Rhamnosu, Lactobacillus acidophilus, Lactobacillus bulgaricus, Streptococcus thermophilus<\/p>\n<p>Prebiotik\u00e1 sl\u00fa\u017eia ako v\u00fd\u017eiva pre probiotick\u00e9 bakt\u00e9rie. Ak prid\u00e1me prebiotikum do probiotick\u00e9ho produktu, p\u00f4sob\u00ed potom ako aktiv\u00e1tor pre probiotick\u00e9 bakt\u00e9rie v tele a podporuje zdrav\u00fa rovnov\u00e1hu \u010drevnej mikrofl\u00f3ry.<\/p>\n<p>&nbsp;<\/p>\n<h4><span style=\"font-size: 16pt;\"><strong>Ako pou\u017eiva\u0165<\/strong><\/span><\/h4>\n<p>Odpor\u00fa\u010dan\u00e9 denn\u00e9 d\u00e1vkovanie:<br \/>\n1 x denne 1 Kapsula <a href=\"https:\/\/www.lraloeverashop.eu\/sk\/produkt\/pro-12-probiotika-v-kapsulach\/\">Pro 12<\/a> s poh\u00e1rom vody.<\/p>\n<p>Nepresahujte odpor\u00fa\u010dan\u00fa denn\u00fa d\u00e1vku. Di\u00e9tne doplnky nie s\u00fa n\u00e1hradou za bohat\u00fa a vyv\u00e1\u017een\u00fa stravu v kombin\u00e1cii so zdrav\u00fdm \u017eivotn\u00fdm \u0161t\u00fdlom. V\u00fdrobok uchov\u00e1vajte mimo dosahu det\u00ed. M\u00f4\u017ee obsahova\u0165 stopy lakt\u00f3zy a s\u00f3je.<\/p>\n<p>Uzavrite obal a uchov\u00e1vajte na suchom mieste pri izbovej teplote.<\/p>\n","protected":false},"excerpt":{"rendered":"<ul>\n<li>Podporuje celkov\u00e9 zdravie a pohodu<\/li>\n<li>S 12 r\u00f4znymi bakteri\u00e1lnymi kme\u0148mi<\/li>\n<li>Regul\u00e1cia \u010drevnej mikrofl\u00f3ry<\/li>\n<li>S 1 miliardou probiotick\u00fdch bakt\u00e9ri\u00ed na jednu kapsulu<\/li>\n<li>Patentovan\u00fd mikrokapsula\u010dn\u00fd proces<\/li>\n<li>Patent \u010d .: EP 2 228 067<\/li>\n<li>Obsahuje pr\u00edrodn\u00e9 vl\u00e1kna<\/li>\n<li>Obsah: 3 x 30 kaps\u00fal<\/li>\n<\/ul>\n<p>&nbsp;<\/p>\n","protected":false},"featured_media":30095,"comment_status":"open","ping_status":"closed","template":"","meta":{"_kad_blocks_custom_css":"","_kad_blocks_head_custom_js":"","_kad_blocks_body_custom_js":"","_kad_blocks_footer_custom_js":"","_kadence_starter_templates_imported_post":false,"_kad_post_transparent":"default","_kad_post_title":"","_kad_post_layout":"default","_kad_post_sidebar_id":"","_kad_post_content_style":"default","_kad_post_vertical_padding":"default","_kad_post_feature":"","_kad_post_feature_position":"","_kad_post_header":false,"_kad_post_footer":false,"_kad_post_classname":""},"product_brand":[],"product_cat":[438,349,510,468,414,459,402],"product_tag":[683],"class_list":{"0":"post-9857","1":"product","2":"type-product","3":"status-publish","4":"has-post-thumbnail","6":"product_cat-creva-a-travenie","7":"product_cat-imunitny-system-a-rovnovaha","8":"product_cat-probiotika-sk","9":"product_cat-specialista","10":"product_cat-specialne-produkty","11":"product_cat-usetrite-v-setoch","12":"product_cat-zaklad","13":"product_tag-posilnovac-imunity","15":"first","16":"outofstock","17":"taxable","18":"shipping-taxable","19":"purchasable","20":"product-type-simple","21":"entry","22":"content-bg","23":"loop-entry"},"yoast_head":"<!-- This site is optimized with the Yoast SEO Premium plugin v27.3 (Yoast SEO v27.3) - https:\/\/yoast.com\/product\/yoast-seo-premium-wordpress\/ -->\n<title>Pr\u00edrodn\u00e9 Probiotik\u00e1 pre deti, \u017eeny a mu\u017eov Podporuju zdravie<\/title>\n<meta name=\"description\" content=\"Pr\u00edrodn\u00e9 Probiotik\u00e1 pre Deti obsahuju dvan\u00e1s\u0165 cenn\u00fdch bakteri\u00e1lnych kme\u0148ov. Prirodzen\u00e1 rovnov\u00e1ha t\u00fdchto bakt\u00e9ri\u00ed prispieva k dobremu zdraviu a pohode\" \/>\n<meta name=\"robots\" content=\"index, follow, max-snippet:-1, max-image-preview:large, max-video-preview:-1\" \/>\n<link rel=\"canonical\" href=\"https:\/\/www.lraloeverashop.eu\/sk\/produkt\/prirodne-probiotika-pre-deti\/\" \/>\n<meta property=\"og:locale\" content=\"sk_SK\" \/>\n<meta property=\"og:type\" content=\"article\" \/>\n<meta property=\"og:title\" content=\"Pr\u00edrodn\u00e9 Probiotik\u00e1 pre Deti Pro 12\" \/>\n<meta property=\"og:description\" content=\"Pr\u00edrodn\u00e9 Probiotik\u00e1 pre Deti obsahuju dvan\u00e1s\u0165 cenn\u00fdch bakteri\u00e1lnych kme\u0148ov. Prirodzen\u00e1 rovnov\u00e1ha t\u00fdchto bakt\u00e9ri\u00ed prispieva k dobremu zdraviu a pohode\" \/>\n<meta property=\"og:url\" content=\"https:\/\/www.lraloeverashop.eu\/sk\/produkt\/prirodne-probiotika-pre-deti\/\" \/>\n<meta property=\"og:site_name\" content=\"Lr Obchod Aloe Vera\" \/>\n<meta property=\"article:publisher\" content=\"https:\/\/www.facebook.com\/lraloeverashop.eu\" \/>\n<meta property=\"article:modified_time\" content=\"2025-03-29T17:39:18+00:00\" \/>\n<meta property=\"og:image\" content=\"https:\/\/www.lraloeverashop.eu\/wp-content\/uploads\/2022\/10\/Lr-Probiotic-12-bacteria-3-Set.jpg\" \/>\n\t<meta property=\"og:image:width\" content=\"1200\" \/>\n\t<meta property=\"og:image:height\" content=\"1200\" \/>\n\t<meta property=\"og:image:type\" content=\"image\/jpeg\" \/>\n<meta name=\"twitter:card\" content=\"summary_large_image\" \/>\n<meta name=\"twitter:site\" content=\"@natur__kosmetik\" \/>\n<script type=\"application\/ld+json\" class=\"yoast-schema-graph\">{\"@context\":\"https:\\\/\\\/schema.org\",\"@graph\":[{\"@type\":[\"WebPage\",\"ItemPage\"],\"@id\":\"https:\\\/\\\/www.lraloeverashop.eu\\\/sk\\\/produkt\\\/prirodne-probiotika-pre-deti\\\/\",\"url\":\"https:\\\/\\\/www.lraloeverashop.eu\\\/sk\\\/produkt\\\/prirodne-probiotika-pre-deti\\\/\",\"name\":\"Pr\u00edrodn\u00e9 Probiotik\u00e1 pre deti, \u017eeny a mu\u017eov Podporuju zdravie\",\"isPartOf\":{\"@id\":\"https:\\\/\\\/www.lraloeverashop.eu\\\/sk\\\/#website\"},\"primaryImageOfPage\":{\"@id\":\"https:\\\/\\\/www.lraloeverashop.eu\\\/sk\\\/produkt\\\/prirodne-probiotika-pre-deti\\\/#primaryimage\"},\"image\":{\"@id\":\"https:\\\/\\\/www.lraloeverashop.eu\\\/sk\\\/produkt\\\/prirodne-probiotika-pre-deti\\\/#primaryimage\"},\"thumbnailUrl\":\"https:\\\/\\\/www.lraloeverashop.eu\\\/wp-content\\\/uploads\\\/2026\\\/04\\\/Probiotics-Tablets-Pro-12-Plus.jpg\",\"datePublished\":\"2022-10-12T10:27:15+00:00\",\"dateModified\":\"2025-03-29T17:39:18+00:00\",\"description\":\"Pr\u00edrodn\u00e9 Probiotik\u00e1 pre Deti obsahuju dvan\u00e1s\u0165 cenn\u00fdch bakteri\u00e1lnych kme\u0148ov. Prirodzen\u00e1 rovnov\u00e1ha t\u00fdchto bakt\u00e9ri\u00ed prispieva k dobremu zdraviu a pohode\",\"breadcrumb\":{\"@id\":\"https:\\\/\\\/www.lraloeverashop.eu\\\/sk\\\/produkt\\\/prirodne-probiotika-pre-deti\\\/#breadcrumb\"},\"inLanguage\":\"sk-SK\",\"potentialAction\":[{\"@type\":\"ReadAction\",\"target\":[\"https:\\\/\\\/www.lraloeverashop.eu\\\/sk\\\/produkt\\\/prirodne-probiotika-pre-deti\\\/\"]}]},{\"@type\":\"ImageObject\",\"inLanguage\":\"sk-SK\",\"@id\":\"https:\\\/\\\/www.lraloeverashop.eu\\\/sk\\\/produkt\\\/prirodne-probiotika-pre-deti\\\/#primaryimage\",\"url\":\"https:\\\/\\\/www.lraloeverashop.eu\\\/wp-content\\\/uploads\\\/2026\\\/04\\\/Probiotics-Tablets-Pro-12-Plus.jpg\",\"contentUrl\":\"https:\\\/\\\/www.lraloeverashop.eu\\\/wp-content\\\/uploads\\\/2026\\\/04\\\/Probiotics-Tablets-Pro-12-Plus.jpg\",\"width\":1200,\"height\":1200,\"caption\":\"Probiotika pre Deti a Dospel\u00fdch Pro 12 Plus pre celkov\u00e9 zdravie a pohodu\"},{\"@type\":\"BreadcrumbList\",\"@id\":\"https:\\\/\\\/www.lraloeverashop.eu\\\/sk\\\/produkt\\\/prirodne-probiotika-pre-deti\\\/#breadcrumb\",\"itemListElement\":[{\"@type\":\"ListItem\",\"position\":1,\"name\":\"Home\",\"item\":\"https:\\\/\\\/www.lraloeverashop.eu\\\/sk\\\/\"},{\"@type\":\"ListItem\",\"position\":2,\"name\":\"Obchod\",\"item\":\"https:\\\/\\\/www.lraloeverashop.eu\\\/shop\\\/\"},{\"@type\":\"ListItem\",\"position\":3,\"name\":\"Pr\u00edrodn\u00e9 Probiotik\u00e1 pre Deti Pro 12\"}]},{\"@type\":\"WebSite\",\"@id\":\"https:\\\/\\\/www.lraloeverashop.eu\\\/sk\\\/#website\",\"url\":\"https:\\\/\\\/www.lraloeverashop.eu\\\/sk\\\/\",\"name\":\"Lr Obchod Aloe Vera\",\"description\":\"High Quality Lr Aloe Vera Gel, Aloe Vera Cream and Shampoo\",\"publisher\":{\"@id\":\"https:\\\/\\\/www.lraloeverashop.eu\\\/sk\\\/#organization\"},\"potentialAction\":[{\"@type\":\"SearchAction\",\"target\":{\"@type\":\"EntryPoint\",\"urlTemplate\":\"https:\\\/\\\/www.lraloeverashop.eu\\\/sk\\\/?s={search_term_string}\"},\"query-input\":{\"@type\":\"PropertyValueSpecification\",\"valueRequired\":true,\"valueName\":\"search_term_string\"}}],\"inLanguage\":\"sk-SK\"},{\"@type\":\"Organization\",\"@id\":\"https:\\\/\\\/www.lraloeverashop.eu\\\/sk\\\/#organization\",\"name\":\"Lr Obchod Aloe Vera\",\"alternateName\":\"LR\",\"url\":\"https:\\\/\\\/www.lraloeverashop.eu\\\/sk\\\/\",\"logo\":{\"@type\":\"ImageObject\",\"inLanguage\":\"sk-SK\",\"@id\":\"https:\\\/\\\/www.lraloeverashop.eu\\\/sk\\\/#\\\/schema\\\/logo\\\/image\\\/\",\"url\":\"https:\\\/\\\/www.lraloeverashop.eu\\\/wp-content\\\/uploads\\\/2022\\\/09\\\/cropped-Lr-Aloe-Vera-Shop.jpg\",\"contentUrl\":\"https:\\\/\\\/www.lraloeverashop.eu\\\/wp-content\\\/uploads\\\/2022\\\/09\\\/cropped-Lr-Aloe-Vera-Shop.jpg\",\"width\":228,\"height\":76,\"caption\":\"Lr Obchod Aloe Vera\"},\"image\":{\"@id\":\"https:\\\/\\\/www.lraloeverashop.eu\\\/sk\\\/#\\\/schema\\\/logo\\\/image\\\/\"},\"sameAs\":[\"https:\\\/\\\/www.facebook.com\\\/lraloeverashop.eu\",\"https:\\\/\\\/x.com\\\/natur__kosmetik\",\"https:\\\/\\\/www.youtube.com\\\/channel\\\/UC5oN7BJ8nfYb8RpVtjwDEBA\",\"https:\\\/\\\/www.instagram.com\\\/lrbeautyeu\\\/\"]}]}<\/script>\n<meta property=\"product:price:amount\" content=\"145.89\" \/>\n<meta property=\"product:price:currency\" content=\"EUR\" \/>\n<meta property=\"og:availability\" content=\"out of stock\" \/>\n<meta property=\"product:availability\" content=\"out of stock\" \/>\n<meta property=\"product:retailer_item_id\" content=\"80373-599SK\" \/>\n<meta property=\"product:condition\" content=\"new\" \/>\n<!-- \/ Yoast SEO Premium plugin. -->","yoast_head_json":{"title":"Pr\u00edrodn\u00e9 Probiotik\u00e1 pre deti, \u017eeny a mu\u017eov Podporuju zdravie","description":"Pr\u00edrodn\u00e9 Probiotik\u00e1 pre Deti obsahuju dvan\u00e1s\u0165 cenn\u00fdch bakteri\u00e1lnych kme\u0148ov. Prirodzen\u00e1 rovnov\u00e1ha t\u00fdchto bakt\u00e9ri\u00ed prispieva k dobremu zdraviu a pohode","robots":{"index":"index","follow":"follow","max-snippet":"max-snippet:-1","max-image-preview":"max-image-preview:large","max-video-preview":"max-video-preview:-1"},"canonical":"https:\/\/www.lraloeverashop.eu\/sk\/produkt\/prirodne-probiotika-pre-deti\/","og_locale":"sk_SK","og_type":"article","og_title":"Pr\u00edrodn\u00e9 Probiotik\u00e1 pre Deti Pro 12","og_description":"Pr\u00edrodn\u00e9 Probiotik\u00e1 pre Deti obsahuju dvan\u00e1s\u0165 cenn\u00fdch bakteri\u00e1lnych kme\u0148ov. Prirodzen\u00e1 rovnov\u00e1ha t\u00fdchto bakt\u00e9ri\u00ed prispieva k dobremu zdraviu a pohode","og_url":"https:\/\/www.lraloeverashop.eu\/sk\/produkt\/prirodne-probiotika-pre-deti\/","og_site_name":"Lr Obchod Aloe Vera","article_publisher":"https:\/\/www.facebook.com\/lraloeverashop.eu","article_modified_time":"2025-03-29T17:39:18+00:00","og_image":[{"width":1200,"height":1200,"url":"https:\/\/www.lraloeverashop.eu\/wp-content\/uploads\/2022\/10\/Lr-Probiotic-12-bacteria-3-Set.jpg","type":"image\/jpeg"}],"twitter_card":"summary_large_image","twitter_site":"@natur__kosmetik","schema":{"@context":"https:\/\/schema.org","@graph":[{"@type":["WebPage","ItemPage"],"@id":"https:\/\/www.lraloeverashop.eu\/sk\/produkt\/prirodne-probiotika-pre-deti\/","url":"https:\/\/www.lraloeverashop.eu\/sk\/produkt\/prirodne-probiotika-pre-deti\/","name":"Pr\u00edrodn\u00e9 Probiotik\u00e1 pre deti, \u017eeny a mu\u017eov Podporuju zdravie","isPartOf":{"@id":"https:\/\/www.lraloeverashop.eu\/sk\/#website"},"primaryImageOfPage":{"@id":"https:\/\/www.lraloeverashop.eu\/sk\/produkt\/prirodne-probiotika-pre-deti\/#primaryimage"},"image":{"@id":"https:\/\/www.lraloeverashop.eu\/sk\/produkt\/prirodne-probiotika-pre-deti\/#primaryimage"},"thumbnailUrl":"https:\/\/www.lraloeverashop.eu\/wp-content\/uploads\/2026\/04\/Probiotics-Tablets-Pro-12-Plus.jpg","datePublished":"2022-10-12T10:27:15+00:00","dateModified":"2025-03-29T17:39:18+00:00","description":"Pr\u00edrodn\u00e9 Probiotik\u00e1 pre Deti obsahuju dvan\u00e1s\u0165 cenn\u00fdch bakteri\u00e1lnych kme\u0148ov. Prirodzen\u00e1 rovnov\u00e1ha t\u00fdchto bakt\u00e9ri\u00ed prispieva k dobremu zdraviu a pohode","breadcrumb":{"@id":"https:\/\/www.lraloeverashop.eu\/sk\/produkt\/prirodne-probiotika-pre-deti\/#breadcrumb"},"inLanguage":"sk-SK","potentialAction":[{"@type":"ReadAction","target":["https:\/\/www.lraloeverashop.eu\/sk\/produkt\/prirodne-probiotika-pre-deti\/"]}]},{"@type":"ImageObject","inLanguage":"sk-SK","@id":"https:\/\/www.lraloeverashop.eu\/sk\/produkt\/prirodne-probiotika-pre-deti\/#primaryimage","url":"https:\/\/www.lraloeverashop.eu\/wp-content\/uploads\/2026\/04\/Probiotics-Tablets-Pro-12-Plus.jpg","contentUrl":"https:\/\/www.lraloeverashop.eu\/wp-content\/uploads\/2026\/04\/Probiotics-Tablets-Pro-12-Plus.jpg","width":1200,"height":1200,"caption":"Probiotika pre Deti a Dospel\u00fdch Pro 12 Plus pre celkov\u00e9 zdravie a pohodu"},{"@type":"BreadcrumbList","@id":"https:\/\/www.lraloeverashop.eu\/sk\/produkt\/prirodne-probiotika-pre-deti\/#breadcrumb","itemListElement":[{"@type":"ListItem","position":1,"name":"Home","item":"https:\/\/www.lraloeverashop.eu\/sk\/"},{"@type":"ListItem","position":2,"name":"Obchod","item":"https:\/\/www.lraloeverashop.eu\/shop\/"},{"@type":"ListItem","position":3,"name":"Pr\u00edrodn\u00e9 Probiotik\u00e1 pre Deti Pro 12"}]},{"@type":"WebSite","@id":"https:\/\/www.lraloeverashop.eu\/sk\/#website","url":"https:\/\/www.lraloeverashop.eu\/sk\/","name":"Lr Obchod Aloe Vera","description":"High Quality Lr Aloe Vera Gel, Aloe Vera Cream and Shampoo","publisher":{"@id":"https:\/\/www.lraloeverashop.eu\/sk\/#organization"},"potentialAction":[{"@type":"SearchAction","target":{"@type":"EntryPoint","urlTemplate":"https:\/\/www.lraloeverashop.eu\/sk\/?s={search_term_string}"},"query-input":{"@type":"PropertyValueSpecification","valueRequired":true,"valueName":"search_term_string"}}],"inLanguage":"sk-SK"},{"@type":"Organization","@id":"https:\/\/www.lraloeverashop.eu\/sk\/#organization","name":"Lr Obchod Aloe Vera","alternateName":"LR","url":"https:\/\/www.lraloeverashop.eu\/sk\/","logo":{"@type":"ImageObject","inLanguage":"sk-SK","@id":"https:\/\/www.lraloeverashop.eu\/sk\/#\/schema\/logo\/image\/","url":"https:\/\/www.lraloeverashop.eu\/wp-content\/uploads\/2022\/09\/cropped-Lr-Aloe-Vera-Shop.jpg","contentUrl":"https:\/\/www.lraloeverashop.eu\/wp-content\/uploads\/2022\/09\/cropped-Lr-Aloe-Vera-Shop.jpg","width":228,"height":76,"caption":"Lr Obchod Aloe Vera"},"image":{"@id":"https:\/\/www.lraloeverashop.eu\/sk\/#\/schema\/logo\/image\/"},"sameAs":["https:\/\/www.facebook.com\/lraloeverashop.eu","https:\/\/x.com\/natur__kosmetik","https:\/\/www.youtube.com\/channel\/UC5oN7BJ8nfYb8RpVtjwDEBA","https:\/\/www.instagram.com\/lrbeautyeu\/"]}]},"product_price_amount":"145.89","product_price_currency":"EUR","og_availability":"out of stock","product_availability":"out of stock","product_retailer_item_id":"80373-599SK","product_condition":"new"},"taxonomy_info":{"product_cat":[{"value":438,"label":"\u010crev\u00e1 a Tr\u00e1venie"},{"value":349,"label":"Imunitn\u00fd Syst\u00e9m a Rovnov\u00e1ha"},{"value":510,"label":"Probiotik\u00e1"},{"value":468,"label":"\u0160pecialisti"},{"value":414,"label":"\u0160peci\u00e1lne Produkty"},{"value":459,"label":"U\u0161etrite v setoch"},{"value":402,"label":"Z\u00e1klad"}],"product_tag":[{"value":683,"label":"Posil\u0148ova\u010d imunity"}]},"featured_image_src_large":["https:\/\/www.lraloeverashop.eu\/wp-content\/uploads\/2026\/04\/Probiotics-Tablets-Pro-12-Plus-1024x1024.jpg",1024,1024,true],"author_info":[],"comment_info":0,"_links":{"self":[{"href":"https:\/\/www.lraloeverashop.eu\/sk\/wp-json\/wp\/v2\/product\/9857","targetHints":{"allow":["GET"]}}],"collection":[{"href":"https:\/\/www.lraloeverashop.eu\/sk\/wp-json\/wp\/v2\/product"}],"about":[{"href":"https:\/\/www.lraloeverashop.eu\/sk\/wp-json\/wp\/v2\/types\/product"}],"replies":[{"embeddable":true,"href":"https:\/\/www.lraloeverashop.eu\/sk\/wp-json\/wp\/v2\/comments?post=9857"}],"wp:featuredmedia":[{"embeddable":true,"href":"https:\/\/www.lraloeverashop.eu\/sk\/wp-json\/wp\/v2\/media\/30095"}],"wp:attachment":[{"href":"https:\/\/www.lraloeverashop.eu\/sk\/wp-json\/wp\/v2\/media?parent=9857"}],"wp:term":[{"taxonomy":"product_brand","embeddable":true,"href":"https:\/\/www.lraloeverashop.eu\/sk\/wp-json\/wp\/v2\/product_brand?post=9857"},{"taxonomy":"product_cat","embeddable":true,"href":"https:\/\/www.lraloeverashop.eu\/sk\/wp-json\/wp\/v2\/product_cat?post=9857"},{"taxonomy":"product_tag","embeddable":true,"href":"https:\/\/www.lraloeverashop.eu\/sk\/wp-json\/wp\/v2\/product_tag?post=9857"}],"curies":[{"name":"wp","href":"https:\/\/api.w.org\/{rel}","templated":true}]}}