{"id":9829,"date":"2022-10-12T21:14:55","date_gmt":"2022-10-12T19:14:55","guid":{"rendered":"https:\/\/www.lraloeverashop.eu\/product\/reishi-huba-kapsule\/"},"modified":"2026-03-01T15:00:52","modified_gmt":"2026-03-01T14:00:52","slug":"reishi-huba-kapsule","status":"publish","type":"product","link":"https:\/\/www.lraloeverashop.eu\/sk\/produkt\/reishi-huba-kapsule\/","title":{"rendered":"Reishi Huba Kapsule Set"},"content":{"rendered":"<h2><span style=\"font-size: 16pt;\"><strong>Reishi Huba Kapsule Set<\/strong><\/span><\/h2>\n<p><span style=\"font-size: 14pt;\"><strong>Reishi Huba Kapsule Prispievaju k norm\u00e1lnemu energetick\u00e9mu metabolizmu<\/strong><\/span><\/p>\n<p>Lr Reishi Huba Kapsule obsahuj\u00fa vysoko kvalitn\u00fd extrakt a pr\u00e1\u0161ok z h\u00fab menom Reishi. Reishi, nazvan\u00e1 Ganoderma, je nekonzumovate\u013en\u00e1 parazituj\u00face huba, ktor\u00e1 vo\u013ene rastie v dubov\u00fdch a habrov\u00fdch lesoch v juhov\u00fdchodnej \u00c1zii (Japonsko, \u010c\u00edna, K\u00f3rea) a pre svoje v\u00fdrazn\u00e9 \u00fa\u010dinky na zdravie \u010dloveka je naz\u00fdvan\u00e1 &#8220;bo\u017eskou hubou nesmrte\u013enosti&#8221;, alebo &#8220;\u0161pongiou duchovnej sily &#8220;.<\/p>\n<p>V\u010faka svojim \u00fa\u010dinkom sa v \u00c1zii rad\u00ed na prv\u00e9 miesto medzi lie\u010div\u00fdmi rastlinami, dokonca aj pred u n\u00e1s viac zn\u00e1my \u017een\u0161en, a je ozna\u010dovan\u00e1 ako cis\u00e1rovn\u00e1 lie\u010div\u00fdch rastl\u00edn.<\/p>\n<p>Pre z\u00e1padn\u00fd svet bola objaven\u00e1 a\u017e za\u010diatkom 20. storo\u010dia, aj ke\u010f jej \u00fa\u017easn\u00e9 \u00fa\u010dinky \u013eudstvo pozn\u00e1 a vyu\u017e\u00edva u\u017e cez 4000 rokov. Celkom existuje asi 2000 druhov h\u00fab, z nich \u0161es\u0165 m\u00e1 lie\u010debn\u00e9 \u00fa\u010dinky. Najv\u00e4\u010d\u0161ie \u00fa\u010dinky s\u00fa preuk\u00e1zan\u00e9 u \u010derven\u00e9 Reishi, \u010do je dan\u00e9 mno\u017estvom pr\u00edtomn\u00fdch polysacharidov.<\/p>\n<p>V Lr Reishi Huba Kapsulach je pou\u017eit\u00e1 pr\u00e1ve <a href=\"https:\/\/www.lraloeverashop.eu\/sk\/produkt\/reishi-plus-kapsule\/\">\u010derven\u00e1 Reishi<\/a>. Jej lie\u010debn\u00e9 \u00fa\u010dinky boli potvrden\u00e9 vedeck\u00fdmi \u0161t\u00fadiami v USA aj v Japonsku, a preto sa za\u010dali \u0161iroko vyu\u017e\u00edva\u0165 ako doplnkov\u00e1 lie\u010dba aj v z\u00e1padnom svete. Teraz je v Japonsku \u010derven\u00e1 Reishi pestovan\u00e1 za pr\u00edsnych podmienok, aby bol udr\u017ean\u00fd vysok\u00fd obsah akt\u00edvnych l\u00e1tok, a t\u00fdm aj \u00fa\u010dinnos\u0165 produktov.<\/p>\n<p>Reishi obsahuje okrem vysoko imunologicky \u00fa\u010dinn\u00fdch polysacharidov (betagluk\u00e1nov) \u010fal\u0161ie imunitne a metabolicky akt\u00edvne l\u00e1tky a stopov\u00e9 prvky.<\/p>\n<p>Medzi ne sa rad\u00ed 17 aminokysel\u00edn, z toho v\u0161etk\u00fdch 8 esenci\u00e1lnych, m\u00e1 vysok\u00fd obsah \u017eeleza, sel\u00e9nu a vitam\u00ednu B, s\u00fa tu pr\u00edtomn\u00e9 triterp\u00e9ny = ganoderick\u00e9 kyseliny, ktor\u00e9 maj\u00fa protin\u00e1dorov\u00fd \u00fa\u010dinok u onkologick\u00fdch chor\u00f4b, adenoz\u00edn a steroly a kyselina oleinov\u00e1, ktor\u00e9 sa podie\u013eaj\u00fa na <a href=\"https:\/\/www.lraloeverashop.eu\/sk\/produkt\/super-omega-3-activ-kapsuly\/\">podpore kardiovaskul\u00e1rneho syst\u00e9mu<\/a> a prispievaj\u00fa k ovplyvneniu krvn\u00e9ho tlaku a tukov\u00e9ho metabolizmu.<\/p>\n<p><img loading=\"lazy\" decoding=\"async\" class=\"aligncenter wp-image-2843\" src=\"https:\/\/www.lraloeverashop.eu\/wp-content\/uploads\/2022\/10\/Red-Reishi-mushrom.jpg\" alt=\"Reishi Huba Kapsule s v\u00fd\u0165a\u017ekami a pr\u00e1\u0161kom z ganodermy\" width=\"1525\" height=\"477\" srcset=\"https:\/\/www.lraloeverashop.eu\/wp-content\/uploads\/2022\/10\/Red-Reishi-mushrom.jpg 960w, https:\/\/www.lraloeverashop.eu\/wp-content\/uploads\/2022\/10\/Red-Reishi-mushrom-600x188.jpg 600w, https:\/\/www.lraloeverashop.eu\/wp-content\/uploads\/2022\/10\/Red-Reishi-mushrom-300x94.jpg 300w, https:\/\/www.lraloeverashop.eu\/wp-content\/uploads\/2022\/10\/Red-Reishi-mushrom-768x240.jpg 768w\" sizes=\"auto, (max-width: 1525px) 100vw, 1525px\" \/><\/p>\n<p>\u010c\u00ednsky n\u00e1zov reishi je Ling Zhi a znamen\u00e1 &#8220;duchovn\u00e1 rastlina&#8221;. \u010eal\u0161ie be\u017en\u00e9 \u010d\u00ednske n\u00e1zvy s\u00fa \u201ehuba dlh\u00e9ho \u017eivota\u201c alebo \u201edesa\u0165tis\u00edcro\u010dn\u00e1 huba\u201c.<\/p>\n<ol>\n<li>Vitam\u00edn C prispieva k norm\u00e1lnemu energetick\u00e9mu metabolizmu.<\/li>\n<li>Vitam\u00edn C chr\u00e1ni pred oxida\u010dn\u00fdm stresom a <a href=\"https:\/\/www.lraloeverashop.eu\/sk\/produkt\/vita-active-cervene-ovocie\/\">pom\u00e1ha zni\u017eova\u0165 \u00fanavu<\/a><\/li>\n<\/ol>\n<p>&nbsp;<\/p>\n<h2><strong><span style=\"font-size: 16pt;\">Hlavn\u00e9 \u00fa\u010dinky Reishi sa prejavuj\u00fa v t\u00fdchto oblastiach:<\/span><\/strong><\/h2>\n<ul>\n<li>protin\u00e1dorovej &#8211; posil\u0148uj\u00faci imunitu (zni\u017euj\u00fa PSA)<\/li>\n<li>protialergick\u00e9, protiz\u00e1palov\u00e9<\/li>\n<li>analgetick\u00e9<\/li>\n<li>zlep\u0161en\u00e9 vyu\u017eitie kysl\u00edka srdcov\u00fdm svalom, prekrvenie<\/li>\n<li>zni\u017euje cholesterol, LDL, hodnoty krvn\u00e9ho tlaku<\/li>\n<li>protibakteri\u00e1lne, v\u00edrusov\u00fd, antioxida\u010dn\u00fd<\/li>\n<li>posil\u0148uje prolifer\u00e1ciu kostnej drene &#8211; podpora krvotvorby<\/li>\n<li>zlep\u0161uje adrenokortik\u00e1lna funkciu &#8211; funkciu nadobli\u010diek<\/li>\n<li>regeneruje bronchi\u00e1lnu epitel &#8211; v\u00fdstelka d\u00fdchac\u00edch ciest<\/li>\n<li>zni\u017euje tvorbu krvn\u00fdch zrazen\u00edn<\/li>\n<li>hepatoprotekt\u00edvne &#8211; hepatit\u00eddy, infek\u010dn\u00e1 mononukle\u00f3za<\/li>\n<\/ul>\n<p>&nbsp;<\/p>\n<p>Lr Reishi Huba Kapsule je mo\u017en\u00e9 pou\u017e\u00edva\u0165 samostatne, ale aj spolo\u010dne, najlep\u0161ie v kombin\u00e1cii s <a href=\"https:\/\/www.lraloeverashop.eu\/sk\/produkt\/aloe-vera-gel-na-pitie-sivera\/\">Aloe Vera G\u00e9lom na pitie<\/a>. D\u00e1vkovanie je individu\u00e1lne a z\u00e1le\u017e\u00ed na type ochorenia a jeho z\u00e1va\u017enosti. Mo\u017eno pou\u017ei\u0165 kombin\u00e1cia aj s ostatn\u00fdmi produktmi.<\/p>\n<p>&nbsp;<\/p>\n<h3><span style=\"font-size: 16pt;\"><strong>Ako pou\u017eiva\u0165 Reishi Huba Kapsule<\/strong><\/span><\/h3>\n<p><strong>1 kapsula denne<\/strong><br \/>\nOdpor\u00fa\u010dan\u00e1 denn\u00e1 d\u00e1vka by sa nemala prekro\u010di\u0165. V\u00fd\u017eivov\u00e9 doplnky nie s\u00fa n\u00e1hradou pestrej a vyv\u00e1\u017eenej stravy, ktor\u00e1 je d\u00f4le\u017eit\u00e1 spolu so zdrav\u00fdm \u017eivotn\u00fdm \u0161t\u00fdlom. V\u00fdrobok uchov\u00e1vajte mimo dosahu mal\u00fdch det\u00ed. Skladujte v chlade a suchu.<\/p>\n<p>&nbsp;<\/p>\n<h4><span style=\"font-size: 16pt;\"><strong>\u010casto kladen\u00e9 ot\u00e1zky<\/strong><\/span><\/h4>\n<p><strong>Ako rastie huba Reishi?<\/strong><br \/>\nReishi Huba Kapsule pochadza zo saprofyt, t. J. Huba \u017eij\u00faca na m\u0155tvom dreve, ktor\u00e1 rastie na pni stromov, kore\u0148och alebo na b\u00e1ze dubov a bukov a \u017eiv\u00ed sa nimi. Ke\u010f\u017ee ste sa museli dlho spolieha\u0165 v\u00fdlu\u010dne na div\u00e9 huby, zistenie, \u017ee <a href=\"https:\/\/www.lraloeverashop.eu\/sk\/produkt\/lr-reishi-limitovana-ponuka\/\">Ling Zhi<\/a> bola \u00faderom \u0161\u0165astia a dobr\u00fdm znamen\u00edm. V 70. rokoch 20. storo\u010dia sa vyvinul proces kultiv\u00e1cie Reishi na ve\u013ek\u00fdch chovn\u00fdch farm\u00e1ch po celom svete. Huba pou\u017eit\u00e1 v Reishi Kapsulach nepoch\u00e1dza z divok\u00fdch zbierok.<\/p>\n<p>&nbsp;<\/p>\n","protected":false},"excerpt":{"rendered":"<ul>\n<li>Prispieva k be\u017en\u00e9mu energetick\u00e9mu metabolizmu<\/li>\n<li>Po tis\u00edcro\u010dia, s\u00fa\u010das\u0165 trad\u00edcie \u010ealek\u00e9ho v\u00fdchodu<\/li>\n<li>S v\u00fd\u0165a\u017ekami a pr\u00e1\u0161kom z Reishi a vitam\u00ednom C<\/li>\n<li>posil\u0148uje imunitu<\/li>\n<li>Zni\u017euje \u00fanavu<\/li>\n<li>Vegan a bez lakt\u00f3zy<\/li>\n<li>Mno\u017estvo: 3 x 30 kaps\u00fal<\/li>\n<\/ul>\n<p>&nbsp;<\/p>\n","protected":false},"featured_media":5674,"comment_status":"open","ping_status":"closed","template":"","meta":{"_kad_blocks_custom_css":"","_kad_blocks_head_custom_js":"","_kad_blocks_body_custom_js":"","_kad_blocks_footer_custom_js":"","_kadence_starter_templates_imported_post":false,"_kad_post_transparent":"default","_kad_post_title":"","_kad_post_layout":"default","_kad_post_sidebar_id":"","_kad_post_content_style":"default","_kad_post_vertical_padding":"default","_kad_post_feature":"","_kad_post_feature_position":"","_kad_post_header":false,"_kad_post_footer":false,"_kad_post_classname":""},"product_brand":[],"product_cat":[349,468,414,426,459,402],"product_tag":[683],"class_list":{"0":"post-9829","1":"product","2":"type-product","3":"status-publish","4":"has-post-thumbnail","6":"product_cat-imunitny-system-a-rovnovaha","7":"product_cat-specialista","8":"product_cat-specialne-produkty","9":"product_cat-srdce-a-krvny-obeh","10":"product_cat-usetrite-v-setoch","11":"product_cat-zaklad","12":"product_tag-posilnovac-imunity","14":"first","15":"instock","16":"taxable","17":"shipping-taxable","18":"purchasable","19":"product-type-simple","20":"entry","21":"content-bg","22":"loop-entry"},"yoast_head":"<!-- This site is optimized with the Yoast SEO Premium plugin v27.6 (Yoast SEO v27.6) - https:\/\/yoast.com\/product\/yoast-seo-premium-wordpress\/ -->\n<title>Reishi Huba Kapsule podporuj\u00fa kardiovaskul\u00e1rny syst\u00e9m.<\/title>\n<meta name=\"description\" content=\"Reishi Huba Kapsule s v\u00fd\u0165a\u017ekami a pr\u00e1\u0161kom z ganodermy zni\u017euje \u00fanavu a podporuje metabolizmus. Huba Reishi obsahuje 17 d\u00f4le\u017eitych aminokysel\u00edn\" \/>\n<meta name=\"robots\" content=\"index, follow, max-snippet:-1, max-image-preview:large, max-video-preview:-1\" \/>\n<link rel=\"canonical\" href=\"https:\/\/www.lraloeverashop.eu\/sk\/produkt\/reishi-huba-kapsule\/\" \/>\n<meta property=\"og:locale\" content=\"sk_SK\" \/>\n<meta property=\"og:type\" content=\"article\" \/>\n<meta property=\"og:title\" content=\"Reishi Huba Kapsule Set\" \/>\n<meta property=\"og:description\" content=\"Reishi Huba Kapsule s v\u00fd\u0165a\u017ekami a pr\u00e1\u0161kom z ganodermy zni\u017euje \u00fanavu a podporuje metabolizmus. Huba Reishi obsahuje 17 d\u00f4le\u017eitych aminokysel\u00edn\" \/>\n<meta property=\"og:url\" content=\"https:\/\/www.lraloeverashop.eu\/sk\/produkt\/reishi-huba-kapsule\/\" \/>\n<meta property=\"og:site_name\" content=\"Lr Obchod Aloe Vera\" \/>\n<meta property=\"article:publisher\" content=\"https:\/\/www.facebook.com\/lraloeverashop.eu\" \/>\n<meta property=\"article:modified_time\" content=\"2026-03-01T14:00:52+00:00\" \/>\n<meta property=\"og:image\" content=\"https:\/\/www.lraloeverashop.eu\/wp-content\/uploads\/2022\/10\/Lr-Reishi-triple-pack-cost-less-money.jpg\" \/>\n\t<meta property=\"og:image:width\" content=\"1200\" \/>\n\t<meta property=\"og:image:height\" content=\"1200\" \/>\n\t<meta property=\"og:image:type\" content=\"image\/jpeg\" \/>\n<meta name=\"twitter:card\" content=\"summary_large_image\" \/>\n<meta name=\"twitter:site\" content=\"@natur__kosmetik\" \/>\n<script type=\"application\/ld+json\" class=\"yoast-schema-graph\">{\"@context\":\"https:\\\/\\\/schema.org\",\"@graph\":[{\"@type\":[\"WebPage\",\"ItemPage\"],\"@id\":\"https:\\\/\\\/www.lraloeverashop.eu\\\/sk\\\/produkt\\\/reishi-huba-kapsule\\\/\",\"url\":\"https:\\\/\\\/www.lraloeverashop.eu\\\/sk\\\/produkt\\\/reishi-huba-kapsule\\\/\",\"name\":\"Reishi Huba Kapsule podporuj\u00fa kardiovaskul\u00e1rny syst\u00e9m.\",\"isPartOf\":{\"@id\":\"https:\\\/\\\/www.lraloeverashop.eu\\\/sk\\\/#website\"},\"primaryImageOfPage\":{\"@id\":\"https:\\\/\\\/www.lraloeverashop.eu\\\/sk\\\/produkt\\\/reishi-huba-kapsule\\\/#primaryimage\"},\"image\":{\"@id\":\"https:\\\/\\\/www.lraloeverashop.eu\\\/sk\\\/produkt\\\/reishi-huba-kapsule\\\/#primaryimage\"},\"thumbnailUrl\":\"https:\\\/\\\/www.lraloeverashop.eu\\\/wp-content\\\/uploads\\\/2022\\\/10\\\/Lr-Reishi-triple-pack-cost-less-money.jpg\",\"datePublished\":\"2022-10-12T19:14:55+00:00\",\"dateModified\":\"2026-03-01T14:00:52+00:00\",\"description\":\"Reishi Huba Kapsule s v\u00fd\u0165a\u017ekami a pr\u00e1\u0161kom z ganodermy zni\u017euje \u00fanavu a podporuje metabolizmus. Huba Reishi obsahuje 17 d\u00f4le\u017eitych aminokysel\u00edn\",\"breadcrumb\":{\"@id\":\"https:\\\/\\\/www.lraloeverashop.eu\\\/sk\\\/produkt\\\/reishi-huba-kapsule\\\/#breadcrumb\"},\"inLanguage\":\"sk-SK\",\"potentialAction\":[{\"@type\":\"ReadAction\",\"target\":[\"https:\\\/\\\/www.lraloeverashop.eu\\\/sk\\\/produkt\\\/reishi-huba-kapsule\\\/\"]}]},{\"@type\":\"ImageObject\",\"inLanguage\":\"sk-SK\",\"@id\":\"https:\\\/\\\/www.lraloeverashop.eu\\\/sk\\\/produkt\\\/reishi-huba-kapsule\\\/#primaryimage\",\"url\":\"https:\\\/\\\/www.lraloeverashop.eu\\\/wp-content\\\/uploads\\\/2022\\\/10\\\/Lr-Reishi-triple-pack-cost-less-money.jpg\",\"contentUrl\":\"https:\\\/\\\/www.lraloeverashop.eu\\\/wp-content\\\/uploads\\\/2022\\\/10\\\/Lr-Reishi-triple-pack-cost-less-money.jpg\",\"width\":1200,\"height\":1200,\"caption\":\"Lr Reishi Plus Trojbalenie kaps\u00fal stoj\u00ed menej pe\u0148az\u00ed\"},{\"@type\":\"BreadcrumbList\",\"@id\":\"https:\\\/\\\/www.lraloeverashop.eu\\\/sk\\\/produkt\\\/reishi-huba-kapsule\\\/#breadcrumb\",\"itemListElement\":[{\"@type\":\"ListItem\",\"position\":1,\"name\":\"Home\",\"item\":\"https:\\\/\\\/www.lraloeverashop.eu\\\/sk\\\/aloe-vera-obchod-vsetko-pre-vasu-krasu-a-pohodu\\\/\"},{\"@type\":\"ListItem\",\"position\":2,\"name\":\"Obchod\",\"item\":\"https:\\\/\\\/www.lraloeverashop.eu\\\/sk\\\/obchod\\\/\"},{\"@type\":\"ListItem\",\"position\":3,\"name\":\"Reishi Huba Kapsule Set\"}]},{\"@type\":\"WebSite\",\"@id\":\"https:\\\/\\\/www.lraloeverashop.eu\\\/sk\\\/#website\",\"url\":\"https:\\\/\\\/www.lraloeverashop.eu\\\/sk\\\/\",\"name\":\"Lr Obchod Aloe Vera\",\"description\":\"High Quality Lr Aloe Vera Gel, Aloe Vera Cream and Shampoo\",\"publisher\":{\"@id\":\"https:\\\/\\\/www.lraloeverashop.eu\\\/sk\\\/#organization\"},\"alternateName\":\"LR\",\"potentialAction\":[{\"@type\":\"SearchAction\",\"target\":{\"@type\":\"EntryPoint\",\"urlTemplate\":\"https:\\\/\\\/www.lraloeverashop.eu\\\/sk\\\/?s={search_term_string}\"},\"query-input\":{\"@type\":\"PropertyValueSpecification\",\"valueRequired\":true,\"valueName\":\"search_term_string\"}}],\"inLanguage\":\"sk-SK\"},{\"@type\":\"Organization\",\"@id\":\"https:\\\/\\\/www.lraloeverashop.eu\\\/sk\\\/#organization\",\"name\":\"Lr Obchod Aloe Vera\",\"alternateName\":\"LR\",\"url\":\"https:\\\/\\\/www.lraloeverashop.eu\\\/sk\\\/\",\"logo\":{\"@type\":\"ImageObject\",\"inLanguage\":\"sk-SK\",\"@id\":\"https:\\\/\\\/www.lraloeverashop.eu\\\/sk\\\/#\\\/schema\\\/logo\\\/image\\\/\",\"url\":\"https:\\\/\\\/www.lraloeverashop.eu\\\/wp-content\\\/uploads\\\/2022\\\/09\\\/cropped-Lr-Aloe-Vera-Shop.jpg\",\"contentUrl\":\"https:\\\/\\\/www.lraloeverashop.eu\\\/wp-content\\\/uploads\\\/2022\\\/09\\\/cropped-Lr-Aloe-Vera-Shop.jpg\",\"width\":228,\"height\":76,\"caption\":\"Lr Obchod Aloe Vera\"},\"image\":{\"@id\":\"https:\\\/\\\/www.lraloeverashop.eu\\\/sk\\\/#\\\/schema\\\/logo\\\/image\\\/\"},\"sameAs\":[\"https:\\\/\\\/www.facebook.com\\\/lraloeverashop.eu\",\"https:\\\/\\\/x.com\\\/natur__kosmetik\",\"https:\\\/\\\/www.youtube.com\\\/channel\\\/UC5oN7BJ8nfYb8RpVtjwDEBA\",\"https:\\\/\\\/www.instagram.com\\\/lrbeautyeu\\\/\"],\"description\":\"Obchod Lr Aloe Vera je va\u0161\u00edm d\u00f4veryhodn\u00fdm miestom pre pr\u00e9miov\u00e9 produkty LR Health & Beauty vyroben\u00e9 v Nemecku. Pon\u00fakame vysokokvalitn\u00e9 rie\u0161enia starostlivosti o ple\u0165 s Aloe Vera, v\u00fd\u017eivu a proti starnutiu, vyroben\u00e9 z \u010dist\u00fdch ingredienci\u00ed a podlo\u017een\u00e9 vedeck\u00fdm v\u00fdskumom. Objavte pr\u00edrodn\u00fa starostlivos\u0165, ktor\u00e1 regeneruje, chr\u00e1ni a revitalizuje va\u0161u ple\u0165 \u2013 a vyu\u017eite exkluz\u00edvne mesa\u010dn\u00e9 ponuky na na\u0161e najpred\u00e1vanej\u0161ie produkty LR Aloe Vera.\\nZa\u010dnite svoju cestu za pr\u00edrodnou starostlivos\u0165ou o ple\u0165 e\u0161te dnes a poc\u00ed\u0165te rozdiel.\",\"email\":\"info@lraloeverashop.eu\",\"telephone\":\"+49 17670609653\",\"legalName\":\"Lr Aloe Vera Shop\",\"foundingDate\":\"2018-04-21\",\"numberOfEmployees\":{\"@type\":\"QuantitativeValue\",\"minValue\":\"1\",\"maxValue\":\"10\"}}]}<\/script>\n<meta property=\"product:price:amount\" content=\"142.99\" \/>\n<meta property=\"product:price:currency\" content=\"EUR\" \/>\n<meta property=\"og:availability\" content=\"instock\" \/>\n<meta property=\"product:availability\" content=\"instock\" \/>\n<meta property=\"product:retailer_item_id\" content=\"80147-401SK\" \/>\n<meta property=\"product:condition\" content=\"new\" \/>\n<!-- \/ Yoast SEO Premium plugin. -->","yoast_head_json":{"title":"Reishi Huba Kapsule podporuj\u00fa kardiovaskul\u00e1rny syst\u00e9m.","description":"Reishi Huba Kapsule s v\u00fd\u0165a\u017ekami a pr\u00e1\u0161kom z ganodermy zni\u017euje \u00fanavu a podporuje metabolizmus. Huba Reishi obsahuje 17 d\u00f4le\u017eitych aminokysel\u00edn","robots":{"index":"index","follow":"follow","max-snippet":"max-snippet:-1","max-image-preview":"max-image-preview:large","max-video-preview":"max-video-preview:-1"},"canonical":"https:\/\/www.lraloeverashop.eu\/sk\/produkt\/reishi-huba-kapsule\/","og_locale":"sk_SK","og_type":"article","og_title":"Reishi Huba Kapsule Set","og_description":"Reishi Huba Kapsule s v\u00fd\u0165a\u017ekami a pr\u00e1\u0161kom z ganodermy zni\u017euje \u00fanavu a podporuje metabolizmus. Huba Reishi obsahuje 17 d\u00f4le\u017eitych aminokysel\u00edn","og_url":"https:\/\/www.lraloeverashop.eu\/sk\/produkt\/reishi-huba-kapsule\/","og_site_name":"Lr Obchod Aloe Vera","article_publisher":"https:\/\/www.facebook.com\/lraloeverashop.eu","article_modified_time":"2026-03-01T14:00:52+00:00","og_image":[{"width":1200,"height":1200,"url":"https:\/\/www.lraloeverashop.eu\/wp-content\/uploads\/2022\/10\/Lr-Reishi-triple-pack-cost-less-money.jpg","type":"image\/jpeg"}],"twitter_card":"summary_large_image","twitter_site":"@natur__kosmetik","schema":{"@context":"https:\/\/schema.org","@graph":[{"@type":["WebPage","ItemPage"],"@id":"https:\/\/www.lraloeverashop.eu\/sk\/produkt\/reishi-huba-kapsule\/","url":"https:\/\/www.lraloeverashop.eu\/sk\/produkt\/reishi-huba-kapsule\/","name":"Reishi Huba Kapsule podporuj\u00fa kardiovaskul\u00e1rny syst\u00e9m.","isPartOf":{"@id":"https:\/\/www.lraloeverashop.eu\/sk\/#website"},"primaryImageOfPage":{"@id":"https:\/\/www.lraloeverashop.eu\/sk\/produkt\/reishi-huba-kapsule\/#primaryimage"},"image":{"@id":"https:\/\/www.lraloeverashop.eu\/sk\/produkt\/reishi-huba-kapsule\/#primaryimage"},"thumbnailUrl":"https:\/\/www.lraloeverashop.eu\/wp-content\/uploads\/2022\/10\/Lr-Reishi-triple-pack-cost-less-money.jpg","datePublished":"2022-10-12T19:14:55+00:00","dateModified":"2026-03-01T14:00:52+00:00","description":"Reishi Huba Kapsule s v\u00fd\u0165a\u017ekami a pr\u00e1\u0161kom z ganodermy zni\u017euje \u00fanavu a podporuje metabolizmus. Huba Reishi obsahuje 17 d\u00f4le\u017eitych aminokysel\u00edn","breadcrumb":{"@id":"https:\/\/www.lraloeverashop.eu\/sk\/produkt\/reishi-huba-kapsule\/#breadcrumb"},"inLanguage":"sk-SK","potentialAction":[{"@type":"ReadAction","target":["https:\/\/www.lraloeverashop.eu\/sk\/produkt\/reishi-huba-kapsule\/"]}]},{"@type":"ImageObject","inLanguage":"sk-SK","@id":"https:\/\/www.lraloeverashop.eu\/sk\/produkt\/reishi-huba-kapsule\/#primaryimage","url":"https:\/\/www.lraloeverashop.eu\/wp-content\/uploads\/2022\/10\/Lr-Reishi-triple-pack-cost-less-money.jpg","contentUrl":"https:\/\/www.lraloeverashop.eu\/wp-content\/uploads\/2022\/10\/Lr-Reishi-triple-pack-cost-less-money.jpg","width":1200,"height":1200,"caption":"Lr Reishi Plus Trojbalenie kaps\u00fal stoj\u00ed menej pe\u0148az\u00ed"},{"@type":"BreadcrumbList","@id":"https:\/\/www.lraloeverashop.eu\/sk\/produkt\/reishi-huba-kapsule\/#breadcrumb","itemListElement":[{"@type":"ListItem","position":1,"name":"Home","item":"https:\/\/www.lraloeverashop.eu\/sk\/aloe-vera-obchod-vsetko-pre-vasu-krasu-a-pohodu\/"},{"@type":"ListItem","position":2,"name":"Obchod","item":"https:\/\/www.lraloeverashop.eu\/sk\/obchod\/"},{"@type":"ListItem","position":3,"name":"Reishi Huba Kapsule Set"}]},{"@type":"WebSite","@id":"https:\/\/www.lraloeverashop.eu\/sk\/#website","url":"https:\/\/www.lraloeverashop.eu\/sk\/","name":"Lr Obchod Aloe Vera","description":"High Quality Lr Aloe Vera Gel, Aloe Vera Cream and Shampoo","publisher":{"@id":"https:\/\/www.lraloeverashop.eu\/sk\/#organization"},"alternateName":"LR","potentialAction":[{"@type":"SearchAction","target":{"@type":"EntryPoint","urlTemplate":"https:\/\/www.lraloeverashop.eu\/sk\/?s={search_term_string}"},"query-input":{"@type":"PropertyValueSpecification","valueRequired":true,"valueName":"search_term_string"}}],"inLanguage":"sk-SK"},{"@type":"Organization","@id":"https:\/\/www.lraloeverashop.eu\/sk\/#organization","name":"Lr Obchod Aloe Vera","alternateName":"LR","url":"https:\/\/www.lraloeverashop.eu\/sk\/","logo":{"@type":"ImageObject","inLanguage":"sk-SK","@id":"https:\/\/www.lraloeverashop.eu\/sk\/#\/schema\/logo\/image\/","url":"https:\/\/www.lraloeverashop.eu\/wp-content\/uploads\/2022\/09\/cropped-Lr-Aloe-Vera-Shop.jpg","contentUrl":"https:\/\/www.lraloeverashop.eu\/wp-content\/uploads\/2022\/09\/cropped-Lr-Aloe-Vera-Shop.jpg","width":228,"height":76,"caption":"Lr Obchod Aloe Vera"},"image":{"@id":"https:\/\/www.lraloeverashop.eu\/sk\/#\/schema\/logo\/image\/"},"sameAs":["https:\/\/www.facebook.com\/lraloeverashop.eu","https:\/\/x.com\/natur__kosmetik","https:\/\/www.youtube.com\/channel\/UC5oN7BJ8nfYb8RpVtjwDEBA","https:\/\/www.instagram.com\/lrbeautyeu\/"],"description":"Obchod Lr Aloe Vera je va\u0161\u00edm d\u00f4veryhodn\u00fdm miestom pre pr\u00e9miov\u00e9 produkty LR Health & Beauty vyroben\u00e9 v Nemecku. Pon\u00fakame vysokokvalitn\u00e9 rie\u0161enia starostlivosti o ple\u0165 s Aloe Vera, v\u00fd\u017eivu a proti starnutiu, vyroben\u00e9 z \u010dist\u00fdch ingredienci\u00ed a podlo\u017een\u00e9 vedeck\u00fdm v\u00fdskumom. Objavte pr\u00edrodn\u00fa starostlivos\u0165, ktor\u00e1 regeneruje, chr\u00e1ni a revitalizuje va\u0161u ple\u0165 \u2013 a vyu\u017eite exkluz\u00edvne mesa\u010dn\u00e9 ponuky na na\u0161e najpred\u00e1vanej\u0161ie produkty LR Aloe Vera.\nZa\u010dnite svoju cestu za pr\u00edrodnou starostlivos\u0165ou o ple\u0165 e\u0161te dnes a poc\u00ed\u0165te rozdiel.","email":"info@lraloeverashop.eu","telephone":"+49 17670609653","legalName":"Lr Aloe Vera Shop","foundingDate":"2018-04-21","numberOfEmployees":{"@type":"QuantitativeValue","minValue":"1","maxValue":"10"}}]},"product_price_amount":"142.99","product_price_currency":"EUR","og_availability":"instock","product_availability":"instock","product_retailer_item_id":"80147-401SK","product_condition":"new"},"taxonomy_info":{"product_cat":[{"value":349,"label":"Imunitn\u00fd Syst\u00e9m a Rovnov\u00e1ha"},{"value":468,"label":"\u0160pecialisti"},{"value":414,"label":"\u0160peci\u00e1lne Produkty"},{"value":426,"label":"Srdce a Krvn\u00fd Obeh"},{"value":459,"label":"U\u0161etrite v setoch"},{"value":402,"label":"Z\u00e1klad"}],"product_tag":[{"value":683,"label":"Posil\u0148ova\u010d imunity"}]},"featured_image_src_large":["https:\/\/www.lraloeverashop.eu\/wp-content\/uploads\/2022\/10\/Lr-Reishi-triple-pack-cost-less-money-1024x1024.jpg",1024,1024,true],"author_info":[],"comment_info":0,"_links":{"self":[{"href":"https:\/\/www.lraloeverashop.eu\/sk\/wp-json\/wp\/v2\/product\/9829","targetHints":{"allow":["GET"]}}],"collection":[{"href":"https:\/\/www.lraloeverashop.eu\/sk\/wp-json\/wp\/v2\/product"}],"about":[{"href":"https:\/\/www.lraloeverashop.eu\/sk\/wp-json\/wp\/v2\/types\/product"}],"replies":[{"embeddable":true,"href":"https:\/\/www.lraloeverashop.eu\/sk\/wp-json\/wp\/v2\/comments?post=9829"}],"wp:featuredmedia":[{"embeddable":true,"href":"https:\/\/www.lraloeverashop.eu\/sk\/wp-json\/wp\/v2\/media\/5674"}],"wp:attachment":[{"href":"https:\/\/www.lraloeverashop.eu\/sk\/wp-json\/wp\/v2\/media?parent=9829"}],"wp:term":[{"taxonomy":"product_brand","embeddable":true,"href":"https:\/\/www.lraloeverashop.eu\/sk\/wp-json\/wp\/v2\/product_brand?post=9829"},{"taxonomy":"product_cat","embeddable":true,"href":"https:\/\/www.lraloeverashop.eu\/sk\/wp-json\/wp\/v2\/product_cat?post=9829"},{"taxonomy":"product_tag","embeddable":true,"href":"https:\/\/www.lraloeverashop.eu\/sk\/wp-json\/wp\/v2\/product_tag?post=9829"}],"curies":[{"name":"wp","href":"https:\/\/api.w.org\/{rel}","templated":true}]}}