{"id":9723,"date":"2022-10-13T05:47:11","date_gmt":"2022-10-13T03:47:11","guid":{"rendered":"https:\/\/www.lraloeverashop.eu\/product\/pro-balance-sada-3-kusov\/"},"modified":"2026-03-07T10:07:43","modified_gmt":"2026-03-07T09:07:43","slug":"pro-balance-sada-3-kusov","status":"publish","type":"product","link":"https:\/\/www.lraloeverashop.eu\/sk\/produkt\/pro-balance-sada-3-kusov\/","title":{"rendered":"Pro Balance Sada 3 kusov"},"content":{"rendered":"<h2><strong><span style=\"font-size: 16pt;\">Pro Balance Sada 3 kusov<\/span><\/strong><\/h2>\n<p><span style=\"font-size: 14pt;\"><strong>Pro Balance Sada 3 Kusov zo z\u00e1kladn\u00fdmi miner\u00e1lmi a stopov\u00fdmi prvkami<\/strong><\/span><\/p>\n<p>Nevyv\u00e1\u017een\u00e1 strava bez odrody m\u00f4\u017ee vies\u0165 k naru\u0161eniu acidob\u00e1zickej rovnov\u00e1hy v\u00e1\u0161ho tela. <a href=\"https:\/\/www.lraloeverashop.eu\/sk\/produkt\/pro-balance-tabletky\/\">Pro Balance Tabletky<\/a> pon\u00fakaj\u00fa praktick\u00fa podporu, ktor\u00fa je mo\u017en\u00e9 \u013eahko za\u010dleni\u0165 do ka\u017edodennej stravy a obnovi\u0165 rovnov\u00e1hu medzi kyselinou a b\u00e1zou.<\/p>\n<p>ProBalance z\u00e1sobuje telo vysoko kvalitn\u00fdmi alkalick\u00fdmi miner\u00e1lmi, ktor\u00e9 si telo nevie vytvori\u0165 samo. Obsahuje miner\u00e1lne l\u00e1tky a stopov\u00e9 prvky pre zaistenie rovnov\u00e1hy a hlavn\u00fdch <a href=\"https:\/\/www.lraloeverashop.eu\/sk\/aloe-vera-napoj-od-lr-health-beauty\/\">kysel\u00edn v organizme<\/a> a k n\u00e1slednej re-mineraliz\u00e1cii org\u00e1nov a tkan\u00edv, ktor\u00e9 miner\u00e1ly stratili.<\/p>\n<p>&nbsp;<\/p>\n<h3><span style=\"font-size: 16pt;\"><strong>Pro Balance Sada 3 Kusov &#8211; v\u00fdhody a \u00fa\u010dinky:<\/strong><\/span><\/h3>\n<p><span style=\"color: #993366;\"><strong>\u00bb<\/strong> <\/span>dod\u00e1va vybran\u00e9 z\u00e1sadit\u00e9 miner\u00e1lne soli &#8211; m\u00e1 vysok\u00fa alkalick\u00fa kapacitu<br \/>\n<span style=\"color: #993366;\"><strong>\u00bb<\/strong> <\/span>je ve\u013emi dobre vstrebate\u013en\u00fd, neza\u0165a\u017euje <a href=\"https:\/\/sk.wikipedia.org\/wiki\/Obli%C4%8Dka\">obli\u010dky<\/a><br \/>\n<span style=\"color: #993366;\"><strong>\u00bb<\/strong> <\/span>podporuje metabolizmus a r\u00fdchlej\u0161\u00ed \u00fabytok tukov, spev\u0148uje tkaniv\u00e1<br \/>\n<span style=\"color: #993366;\"><strong>\u00bb<\/strong> <\/span>podporuje vypr\u00e1zd\u0148ovanie tekut\u00edn z tela a zlep\u0161uje podmienky chudnutia<br \/>\n<span style=\"color: #993366;\"><strong>\u00bb<\/strong> <\/span>neobsahuje l\u00e1tky \u017eivo\u010d\u00ed\u0161neho p\u00f4vodu<br \/>\n<span style=\"color: #993366;\"><strong>\u00bb<\/strong> <\/span>bez konzerva\u010dn\u00fdch prostriedkov, neobsahuje lakt\u00f3zu<\/p>\n<p><strong><span style=\"color: #000000;\">Pro Balance Sada 3 Kusov je vhodn\u00e1 na:<\/span><\/strong><br \/>\n<span style=\"color: #993366;\"><strong>\u00bb<\/strong> <\/span>Prekyslenie organizmu &#8211; \/ pH mo\u010du je pod 6,8 \/<br \/>\n<span style=\"color: #993366;\"><strong>\u00bb<\/strong> <\/span>Latentn\u00e1 acid\u00f3za<br \/>\n<span style=\"color: #993366;\"><strong>\u00bb<\/strong> <\/span>\u0160portovci<br \/>\n<span style=\"color: #993366;\"><strong>\u00bb<\/strong> <\/span>Bolesti k\u013abov, \u00faponov\u00e9 bolesti, periartrit\u00edda<br \/>\n<span style=\"color: #993366;\"><strong>\u00bb<\/strong> <\/span>K\u0155\u010dov\u00e9 stavy<br \/>\n<span style=\"color: #993366;\"><strong>\u00bb<\/strong> <\/span>Dna<br \/>\n<span style=\"color: #993366;\"><strong>\u00bb<\/strong> <\/span>Osteopor\u00f3za<br \/>\n<span style=\"color: #993366;\"><strong>\u00bb<\/strong> <\/span>Prv\u00fd krok pred di\u00e9tou, inak sa objav\u00ed &#8220;jo jo efekt!&#8221;<\/p>\n<p>(1) Hor\u010d\u00edk v Pro Balance tablet\u00e1ch pom\u00e1ha zni\u017eova\u0165\u00a0 \u00fanavu a udr\u017eiava\u0165 rovnov\u00e1hu elektrolytov.<\/p>\n<p>&nbsp;<\/p>\n<h3><span style=\"font-size: 16pt;\"><strong>Odpor\u00fa\u010dan\u00e9 d\u00e1vkovanie:<\/strong><\/span><\/h3>\n<p><strong>Pod\u013ea potreby a nameran\u00e9ho pH:<\/strong><br \/>\nMu\u017ei 3 x 4 tablety denne<br \/>\n\u017deny 3 x 3 tablety denne<br \/>\nDeti od 7-12 rokov\u00a02 x 1 tabletu denne alebo 3 x 2 tablety denne po\u010das jedla alebo po jedle zapi\u0165 vodou. <a href=\"https:\/\/www.lraloeverashop.eu\/sk\/produkt\/pro-balance-tablety\/\">Tablety<\/a> nerozhr\u00fdza\u0165.<br \/>\nObsah balenia: 360 tabliet<\/p>\n<p><strong>POZOR:<\/strong> Je ve\u013emi d\u00f4le\u017eit\u00e9 u\u017e\u00edva\u0165 tak\u00e9 miner\u00e1ly, ktor\u00e9 s\u00fa pre n\u00e1\u0161 organizmus \u010do najviac vstrebate\u013en\u00e9, inak oby\u010dajn\u00e9 anorganick\u00e9 miner\u00e1ly (z miner\u00e1lnych v\u00f4d, dolomitov\u00fdch tablet pod &#8230;) za\u0165a\u017euj\u00fa obli\u010dky, usadzuj\u00fa sa v cievach a <a href=\"https:\/\/www.lraloeverashop.eu\/sk\/produkt\/active-freedom-kapsule-sada2\/\">k\u013aboch<\/a>, p\u00f4sob\u00ed \u017el\u010dov\u00e9 a obli\u010dkov\u00e9 kamene.<\/p>\n<p>&nbsp;<\/p>\n<h4><strong><span style=\"font-size: 16pt;\">Vedeli ste?<\/span><\/strong><\/h4>\n<p>Miner\u00e1ly sa nikdy neobjavuj\u00fa vo svojej \u010distej forme, ale v\u017edy v so\u013en\u00fdch zmesiach. Zvl\u00e1\u0161\u0165 d\u00f4le\u017eit\u00e1 pre biologick\u00fa dostupnos\u0165 miner\u00e1lnych prvkov je spr\u00e1vny pomer r\u00f4znych zl\u00fa\u010den\u00edn. Z tohto d\u00f4vodu LR pou\u017e\u00edva zmes citr\u00f3nov\u00fdch, uhli\u010ditanov\u00fdch a glukon\u00e1tov\u00fdch sol\u00ed.<\/p>\n<p>&nbsp;<\/p>\n<h4><strong><span style=\"font-size: 14pt;\">\u010casto kladen\u00e9 ot\u00e1zky<\/span><\/strong><\/h4>\n<p><strong>Ako sa zvy\u0161uje hladina kyseliny v na\u0161om tele?<\/strong><br \/>\nExistuje ve\u013ea faktorov, ktor\u00e9 zvy\u0161uj\u00fa kyslos\u0165 v na\u0161om tele. Na\u0161a strava a na\u0161e stravovacie n\u00e1vyky s\u00fa nevyhnutn\u00e9. \u010cast\u00e1 alebo nadmern\u00e1 konzum\u00e1cia niektor\u00fdch potrav\u00edn m\u00f4\u017ee ma\u0165 negat\u00edvny vplyv na na\u0161u acidob\u00e1zick\u00fa rovnov\u00e1hu: m\u00e4so, s\u00fdten\u00e1 miner\u00e1lna voda, k\u00e1va, tuk, biela m\u00fa\u010dka, sladkosti at\u010f. Negat\u00edvny vplyv t\u00fdchto potrav\u00edn sa zvy\u0161uje, ke\u010f nekonzumujeme dostatok ovocia a zeleniny. \u010eal\u0161ie faktory, ako je nedostatok pohybu a\u00a0stres, m\u00f4\u017eu ovplyvni\u0165 n\u00e1\u0161 <a href=\"https:\/\/www.lraloeverashop.eu\/sk\/produkt\/kolostrum-kapsule-sada-2-kusov\/\">metabolizmus<\/a>.<\/p>\n<p><strong>Ako miner\u00e1ly a stopov\u00e9 prvky vyva\u017euj\u00fa kyslos\u0165 n\u00e1\u0161ho tela?<\/strong><br \/>\nMiner\u00e1ly pom\u00e1haj\u00fa regulova\u0165 acidob\u00e1zick\u00fa rovnov\u00e1hu tela v ka\u017edej bunke, aby neutralizovali kyseliny. Po\u010das kyslosti, napr. ke\u010f na\u0161a v\u00fd\u017eiva nie je vyv\u00e1\u017een\u00e1, telo str\u00e1ca svoje miner\u00e1ly. V\u00fdsledkom je, \u017ee \u013eudsk\u00e9 telo nem\u00e1 primeran\u00fa \u00farove\u0148 miner\u00e1lov, a preto nefunguje spr\u00e1vne.<\/p>\n<p><strong>Oplat\u00ed sa vo\u013eba kvalitn\u00fdch miner\u00e1lnych doplnkov ako s\u00fa Pro Balance Tabletky.<\/strong><\/p>\n","protected":false},"excerpt":{"rendered":"<ul>\n<li>Kombin\u00e1cia z\u00e1kladn\u00fdch miner\u00e1lov a stopov\u00fdch prvkov pre va\u0161u vn\u00fatorn\u00fa rovnov\u00e1hu\u00b9<\/li>\n<li>Vynikaj\u00faca zmes citr\u00e1tov, uhli\u010ditanov a glukon\u00e1tov<\/li>\n<li>Podporuje metabolizmus<\/li>\n<li>Bez lakt\u00f3zy<\/li>\n<li>V\u00fdrobok vyroben\u00fd v Nemecku<\/li>\n<li>Obsah: 3 x 252g<\/li>\n<\/ul>\n<p>&nbsp;<\/p>\n","protected":false},"featured_media":5644,"comment_status":"open","ping_status":"closed","template":"","meta":{"_kad_blocks_custom_css":"","_kad_blocks_head_custom_js":"","_kad_blocks_body_custom_js":"","_kad_blocks_footer_custom_js":"","_kadence_starter_templates_imported_post":false,"_kad_post_transparent":"default","_kad_post_title":"","_kad_post_layout":"default","_kad_post_sidebar_id":"","_kad_post_content_style":"default","_kad_post_vertical_padding":"default","_kad_post_feature":"","_kad_post_feature_position":"","_kad_post_header":false,"_kad_post_footer":false,"_kad_post_classname":""},"product_brand":[],"product_cat":[349,420,456,468,414,459,301,402],"product_tag":[686,684],"class_list":{"0":"post-9723","1":"product","2":"type-product","3":"status-publish","4":"has-post-thumbnail","6":"product_cat-imunitny-system-a-rovnovaha","7":"product_cat-kosti-klby-a-svaly","8":"product_cat-pro-balance-sk","9":"product_cat-specialista","10":"product_cat-specialne-produkty","11":"product_cat-usetrite-v-setoch","12":"product_cat-vitaminy-a-mineraly","13":"product_cat-zaklad","14":"product_tag-mineraly-a-vitaminy","15":"product_tag-na-bolest-klbov","17":"first","18":"instock","19":"taxable","20":"shipping-taxable","21":"purchasable","22":"product-type-simple","23":"entry","24":"content-bg","25":"loop-entry"},"yoast_head":"<!-- This site is optimized with the Yoast SEO Premium plugin v27.4 (Yoast SEO v27.4) - https:\/\/yoast.com\/product\/yoast-seo-premium-wordpress\/ -->\n<title>Pro Balance Sada 3 Kusov zo z\u00e1kladn\u00fdmi miner\u00e1lmi pre telo<\/title>\n<meta name=\"description\" content=\"Pro Balance Sada 3 Kusov z\u00e1sobuje telo vysoko kvalitn\u00fdmi alkalick\u00fdmi miner\u00e1lmi, ktor\u00e9 si telo nevie vytvori\u0165 samo. Obsahuje miner\u00e1lne l\u00e1tky a stopov\u00e9 prvky\" \/>\n<meta name=\"robots\" content=\"index, follow, max-snippet:-1, max-image-preview:large, max-video-preview:-1\" \/>\n<link rel=\"canonical\" href=\"https:\/\/www.lraloeverashop.eu\/sk\/produkt\/pro-balance-sada-3-kusov\/\" \/>\n<meta property=\"og:locale\" content=\"sk_SK\" \/>\n<meta property=\"og:type\" content=\"article\" \/>\n<meta property=\"og:title\" content=\"Pro Balance Sada 3 kusov\" \/>\n<meta property=\"og:description\" content=\"Pro Balance Sada 3 Kusov z\u00e1sobuje telo vysoko kvalitn\u00fdmi alkalick\u00fdmi miner\u00e1lmi, ktor\u00e9 si telo nevie vytvori\u0165 samo. Obsahuje miner\u00e1lne l\u00e1tky a stopov\u00e9 prvky\" \/>\n<meta property=\"og:url\" content=\"https:\/\/www.lraloeverashop.eu\/sk\/produkt\/pro-balance-sada-3-kusov\/\" \/>\n<meta property=\"og:site_name\" content=\"Lr Obchod Aloe Vera\" \/>\n<meta property=\"article:publisher\" content=\"https:\/\/www.facebook.com\/lraloeverashop.eu\" \/>\n<meta property=\"article:modified_time\" content=\"2026-03-07T09:07:43+00:00\" \/>\n<meta property=\"og:image\" content=\"https:\/\/www.lraloeverashop.eu\/wp-content\/uploads\/2022\/10\/Lr-pro-balance-minerals-pack-of-3.jpg\" \/>\n\t<meta property=\"og:image:width\" content=\"1200\" \/>\n\t<meta property=\"og:image:height\" content=\"1200\" \/>\n\t<meta property=\"og:image:type\" content=\"image\/jpeg\" \/>\n<meta name=\"twitter:card\" content=\"summary_large_image\" \/>\n<meta name=\"twitter:site\" content=\"@natur__kosmetik\" \/>\n<script type=\"application\/ld+json\" class=\"yoast-schema-graph\">{\"@context\":\"https:\\\/\\\/schema.org\",\"@graph\":[{\"@type\":[\"WebPage\",\"ItemPage\"],\"@id\":\"https:\\\/\\\/www.lraloeverashop.eu\\\/sk\\\/produkt\\\/pro-balance-sada-3-kusov\\\/\",\"url\":\"https:\\\/\\\/www.lraloeverashop.eu\\\/sk\\\/produkt\\\/pro-balance-sada-3-kusov\\\/\",\"name\":\"Pro Balance Sada 3 Kusov zo z\u00e1kladn\u00fdmi miner\u00e1lmi pre telo\",\"isPartOf\":{\"@id\":\"https:\\\/\\\/www.lraloeverashop.eu\\\/sk\\\/#website\"},\"primaryImageOfPage\":{\"@id\":\"https:\\\/\\\/www.lraloeverashop.eu\\\/sk\\\/produkt\\\/pro-balance-sada-3-kusov\\\/#primaryimage\"},\"image\":{\"@id\":\"https:\\\/\\\/www.lraloeverashop.eu\\\/sk\\\/produkt\\\/pro-balance-sada-3-kusov\\\/#primaryimage\"},\"thumbnailUrl\":\"https:\\\/\\\/www.lraloeverashop.eu\\\/wp-content\\\/uploads\\\/2022\\\/10\\\/Lr-pro-balance-minerals-pack-of-3.jpg\",\"datePublished\":\"2022-10-13T03:47:11+00:00\",\"dateModified\":\"2026-03-07T09:07:43+00:00\",\"description\":\"Pro Balance Sada 3 Kusov z\u00e1sobuje telo vysoko kvalitn\u00fdmi alkalick\u00fdmi miner\u00e1lmi, ktor\u00e9 si telo nevie vytvori\u0165 samo. Obsahuje miner\u00e1lne l\u00e1tky a stopov\u00e9 prvky\",\"breadcrumb\":{\"@id\":\"https:\\\/\\\/www.lraloeverashop.eu\\\/sk\\\/produkt\\\/pro-balance-sada-3-kusov\\\/#breadcrumb\"},\"inLanguage\":\"sk-SK\",\"potentialAction\":[{\"@type\":\"ReadAction\",\"target\":[\"https:\\\/\\\/www.lraloeverashop.eu\\\/sk\\\/produkt\\\/pro-balance-sada-3-kusov\\\/\"]}]},{\"@type\":\"ImageObject\",\"inLanguage\":\"sk-SK\",\"@id\":\"https:\\\/\\\/www.lraloeverashop.eu\\\/sk\\\/produkt\\\/pro-balance-sada-3-kusov\\\/#primaryimage\",\"url\":\"https:\\\/\\\/www.lraloeverashop.eu\\\/wp-content\\\/uploads\\\/2022\\\/10\\\/Lr-pro-balance-minerals-pack-of-3.jpg\",\"contentUrl\":\"https:\\\/\\\/www.lraloeverashop.eu\\\/wp-content\\\/uploads\\\/2022\\\/10\\\/Lr-pro-balance-minerals-pack-of-3.jpg\",\"width\":1200,\"height\":1200,\"caption\":\"Lr pro balance sada miner\u00e1lov 3 kusy\"},{\"@type\":\"BreadcrumbList\",\"@id\":\"https:\\\/\\\/www.lraloeverashop.eu\\\/sk\\\/produkt\\\/pro-balance-sada-3-kusov\\\/#breadcrumb\",\"itemListElement\":[{\"@type\":\"ListItem\",\"position\":1,\"name\":\"Home\",\"item\":\"https:\\\/\\\/www.lraloeverashop.eu\\\/sk\\\/aloe-vera-obchod-vsetko-pre-vasu-krasu-a-pohodu\\\/\"},{\"@type\":\"ListItem\",\"position\":2,\"name\":\"Obchod\",\"item\":\"https:\\\/\\\/www.lraloeverashop.eu\\\/sk\\\/obchod\\\/\"},{\"@type\":\"ListItem\",\"position\":3,\"name\":\"Pro Balance Sada 3 kusov\"}]},{\"@type\":\"WebSite\",\"@id\":\"https:\\\/\\\/www.lraloeverashop.eu\\\/sk\\\/#website\",\"url\":\"https:\\\/\\\/www.lraloeverashop.eu\\\/sk\\\/\",\"name\":\"Lr Obchod Aloe Vera\",\"description\":\"High Quality Lr Aloe Vera Gel, Aloe Vera Cream and Shampoo\",\"publisher\":{\"@id\":\"https:\\\/\\\/www.lraloeverashop.eu\\\/sk\\\/#organization\"},\"alternateName\":\"LR\",\"potentialAction\":[{\"@type\":\"SearchAction\",\"target\":{\"@type\":\"EntryPoint\",\"urlTemplate\":\"https:\\\/\\\/www.lraloeverashop.eu\\\/sk\\\/?s={search_term_string}\"},\"query-input\":{\"@type\":\"PropertyValueSpecification\",\"valueRequired\":true,\"valueName\":\"search_term_string\"}}],\"inLanguage\":\"sk-SK\"},{\"@type\":\"Organization\",\"@id\":\"https:\\\/\\\/www.lraloeverashop.eu\\\/sk\\\/#organization\",\"name\":\"Lr Obchod Aloe Vera\",\"alternateName\":\"LR\",\"url\":\"https:\\\/\\\/www.lraloeverashop.eu\\\/sk\\\/\",\"logo\":{\"@type\":\"ImageObject\",\"inLanguage\":\"sk-SK\",\"@id\":\"https:\\\/\\\/www.lraloeverashop.eu\\\/sk\\\/#\\\/schema\\\/logo\\\/image\\\/\",\"url\":\"https:\\\/\\\/www.lraloeverashop.eu\\\/wp-content\\\/uploads\\\/2022\\\/09\\\/cropped-Lr-Aloe-Vera-Shop.jpg\",\"contentUrl\":\"https:\\\/\\\/www.lraloeverashop.eu\\\/wp-content\\\/uploads\\\/2022\\\/09\\\/cropped-Lr-Aloe-Vera-Shop.jpg\",\"width\":228,\"height\":76,\"caption\":\"Lr Obchod Aloe Vera\"},\"image\":{\"@id\":\"https:\\\/\\\/www.lraloeverashop.eu\\\/sk\\\/#\\\/schema\\\/logo\\\/image\\\/\"},\"sameAs\":[\"https:\\\/\\\/www.facebook.com\\\/lraloeverashop.eu\",\"https:\\\/\\\/x.com\\\/natur__kosmetik\",\"https:\\\/\\\/www.youtube.com\\\/channel\\\/UC5oN7BJ8nfYb8RpVtjwDEBA\",\"https:\\\/\\\/www.instagram.com\\\/lrbeautyeu\\\/\"],\"description\":\"Obchod Lr Aloe Vera je va\u0161\u00edm d\u00f4veryhodn\u00fdm miestom pre pr\u00e9miov\u00e9 produkty LR Health & Beauty vyroben\u00e9 v Nemecku. Pon\u00fakame vysokokvalitn\u00e9 rie\u0161enia starostlivosti o ple\u0165 s Aloe Vera, v\u00fd\u017eivu a proti starnutiu, vyroben\u00e9 z \u010dist\u00fdch ingredienci\u00ed a podlo\u017een\u00e9 vedeck\u00fdm v\u00fdskumom. Objavte pr\u00edrodn\u00fa starostlivos\u0165, ktor\u00e1 regeneruje, chr\u00e1ni a revitalizuje va\u0161u ple\u0165 \u2013 a vyu\u017eite exkluz\u00edvne mesa\u010dn\u00e9 ponuky na na\u0161e najpred\u00e1vanej\u0161ie produkty LR Aloe Vera.\\nZa\u010dnite svoju cestu za pr\u00edrodnou starostlivos\u0165ou o ple\u0165 e\u0161te dnes a poc\u00ed\u0165te rozdiel.\",\"email\":\"info@lraloeverashop.eu\",\"telephone\":\"+49 17670609653\",\"legalName\":\"Lr Aloe Vera Shop\",\"foundingDate\":\"2018-04-21\",\"numberOfEmployees\":{\"@type\":\"QuantitativeValue\",\"minValue\":\"1\",\"maxValue\":\"10\"}}]}<\/script>\n<meta property=\"product:price:amount\" content=\"103.99\" \/>\n<meta property=\"product:price:currency\" content=\"EUR\" \/>\n<meta property=\"og:availability\" content=\"instock\" \/>\n<meta property=\"product:availability\" content=\"instock\" \/>\n<meta property=\"product:retailer_item_id\" content=\"80108-401SK\" \/>\n<meta property=\"product:condition\" content=\"new\" \/>\n<!-- \/ Yoast SEO Premium plugin. -->","yoast_head_json":{"title":"Pro Balance Sada 3 Kusov zo z\u00e1kladn\u00fdmi miner\u00e1lmi pre telo","description":"Pro Balance Sada 3 Kusov z\u00e1sobuje telo vysoko kvalitn\u00fdmi alkalick\u00fdmi miner\u00e1lmi, ktor\u00e9 si telo nevie vytvori\u0165 samo. Obsahuje miner\u00e1lne l\u00e1tky a stopov\u00e9 prvky","robots":{"index":"index","follow":"follow","max-snippet":"max-snippet:-1","max-image-preview":"max-image-preview:large","max-video-preview":"max-video-preview:-1"},"canonical":"https:\/\/www.lraloeverashop.eu\/sk\/produkt\/pro-balance-sada-3-kusov\/","og_locale":"sk_SK","og_type":"article","og_title":"Pro Balance Sada 3 kusov","og_description":"Pro Balance Sada 3 Kusov z\u00e1sobuje telo vysoko kvalitn\u00fdmi alkalick\u00fdmi miner\u00e1lmi, ktor\u00e9 si telo nevie vytvori\u0165 samo. Obsahuje miner\u00e1lne l\u00e1tky a stopov\u00e9 prvky","og_url":"https:\/\/www.lraloeverashop.eu\/sk\/produkt\/pro-balance-sada-3-kusov\/","og_site_name":"Lr Obchod Aloe Vera","article_publisher":"https:\/\/www.facebook.com\/lraloeverashop.eu","article_modified_time":"2026-03-07T09:07:43+00:00","og_image":[{"width":1200,"height":1200,"url":"https:\/\/www.lraloeverashop.eu\/wp-content\/uploads\/2022\/10\/Lr-pro-balance-minerals-pack-of-3.jpg","type":"image\/jpeg"}],"twitter_card":"summary_large_image","twitter_site":"@natur__kosmetik","schema":{"@context":"https:\/\/schema.org","@graph":[{"@type":["WebPage","ItemPage"],"@id":"https:\/\/www.lraloeverashop.eu\/sk\/produkt\/pro-balance-sada-3-kusov\/","url":"https:\/\/www.lraloeverashop.eu\/sk\/produkt\/pro-balance-sada-3-kusov\/","name":"Pro Balance Sada 3 Kusov zo z\u00e1kladn\u00fdmi miner\u00e1lmi pre telo","isPartOf":{"@id":"https:\/\/www.lraloeverashop.eu\/sk\/#website"},"primaryImageOfPage":{"@id":"https:\/\/www.lraloeverashop.eu\/sk\/produkt\/pro-balance-sada-3-kusov\/#primaryimage"},"image":{"@id":"https:\/\/www.lraloeverashop.eu\/sk\/produkt\/pro-balance-sada-3-kusov\/#primaryimage"},"thumbnailUrl":"https:\/\/www.lraloeverashop.eu\/wp-content\/uploads\/2022\/10\/Lr-pro-balance-minerals-pack-of-3.jpg","datePublished":"2022-10-13T03:47:11+00:00","dateModified":"2026-03-07T09:07:43+00:00","description":"Pro Balance Sada 3 Kusov z\u00e1sobuje telo vysoko kvalitn\u00fdmi alkalick\u00fdmi miner\u00e1lmi, ktor\u00e9 si telo nevie vytvori\u0165 samo. Obsahuje miner\u00e1lne l\u00e1tky a stopov\u00e9 prvky","breadcrumb":{"@id":"https:\/\/www.lraloeverashop.eu\/sk\/produkt\/pro-balance-sada-3-kusov\/#breadcrumb"},"inLanguage":"sk-SK","potentialAction":[{"@type":"ReadAction","target":["https:\/\/www.lraloeverashop.eu\/sk\/produkt\/pro-balance-sada-3-kusov\/"]}]},{"@type":"ImageObject","inLanguage":"sk-SK","@id":"https:\/\/www.lraloeverashop.eu\/sk\/produkt\/pro-balance-sada-3-kusov\/#primaryimage","url":"https:\/\/www.lraloeverashop.eu\/wp-content\/uploads\/2022\/10\/Lr-pro-balance-minerals-pack-of-3.jpg","contentUrl":"https:\/\/www.lraloeverashop.eu\/wp-content\/uploads\/2022\/10\/Lr-pro-balance-minerals-pack-of-3.jpg","width":1200,"height":1200,"caption":"Lr pro balance sada miner\u00e1lov 3 kusy"},{"@type":"BreadcrumbList","@id":"https:\/\/www.lraloeverashop.eu\/sk\/produkt\/pro-balance-sada-3-kusov\/#breadcrumb","itemListElement":[{"@type":"ListItem","position":1,"name":"Home","item":"https:\/\/www.lraloeverashop.eu\/sk\/aloe-vera-obchod-vsetko-pre-vasu-krasu-a-pohodu\/"},{"@type":"ListItem","position":2,"name":"Obchod","item":"https:\/\/www.lraloeverashop.eu\/sk\/obchod\/"},{"@type":"ListItem","position":3,"name":"Pro Balance Sada 3 kusov"}]},{"@type":"WebSite","@id":"https:\/\/www.lraloeverashop.eu\/sk\/#website","url":"https:\/\/www.lraloeverashop.eu\/sk\/","name":"Lr Obchod Aloe Vera","description":"High Quality Lr Aloe Vera Gel, Aloe Vera Cream and Shampoo","publisher":{"@id":"https:\/\/www.lraloeverashop.eu\/sk\/#organization"},"alternateName":"LR","potentialAction":[{"@type":"SearchAction","target":{"@type":"EntryPoint","urlTemplate":"https:\/\/www.lraloeverashop.eu\/sk\/?s={search_term_string}"},"query-input":{"@type":"PropertyValueSpecification","valueRequired":true,"valueName":"search_term_string"}}],"inLanguage":"sk-SK"},{"@type":"Organization","@id":"https:\/\/www.lraloeverashop.eu\/sk\/#organization","name":"Lr Obchod Aloe Vera","alternateName":"LR","url":"https:\/\/www.lraloeverashop.eu\/sk\/","logo":{"@type":"ImageObject","inLanguage":"sk-SK","@id":"https:\/\/www.lraloeverashop.eu\/sk\/#\/schema\/logo\/image\/","url":"https:\/\/www.lraloeverashop.eu\/wp-content\/uploads\/2022\/09\/cropped-Lr-Aloe-Vera-Shop.jpg","contentUrl":"https:\/\/www.lraloeverashop.eu\/wp-content\/uploads\/2022\/09\/cropped-Lr-Aloe-Vera-Shop.jpg","width":228,"height":76,"caption":"Lr Obchod Aloe Vera"},"image":{"@id":"https:\/\/www.lraloeverashop.eu\/sk\/#\/schema\/logo\/image\/"},"sameAs":["https:\/\/www.facebook.com\/lraloeverashop.eu","https:\/\/x.com\/natur__kosmetik","https:\/\/www.youtube.com\/channel\/UC5oN7BJ8nfYb8RpVtjwDEBA","https:\/\/www.instagram.com\/lrbeautyeu\/"],"description":"Obchod Lr Aloe Vera je va\u0161\u00edm d\u00f4veryhodn\u00fdm miestom pre pr\u00e9miov\u00e9 produkty LR Health & Beauty vyroben\u00e9 v Nemecku. Pon\u00fakame vysokokvalitn\u00e9 rie\u0161enia starostlivosti o ple\u0165 s Aloe Vera, v\u00fd\u017eivu a proti starnutiu, vyroben\u00e9 z \u010dist\u00fdch ingredienci\u00ed a podlo\u017een\u00e9 vedeck\u00fdm v\u00fdskumom. Objavte pr\u00edrodn\u00fa starostlivos\u0165, ktor\u00e1 regeneruje, chr\u00e1ni a revitalizuje va\u0161u ple\u0165 \u2013 a vyu\u017eite exkluz\u00edvne mesa\u010dn\u00e9 ponuky na na\u0161e najpred\u00e1vanej\u0161ie produkty LR Aloe Vera.\nZa\u010dnite svoju cestu za pr\u00edrodnou starostlivos\u0165ou o ple\u0165 e\u0161te dnes a poc\u00ed\u0165te rozdiel.","email":"info@lraloeverashop.eu","telephone":"+49 17670609653","legalName":"Lr Aloe Vera Shop","foundingDate":"2018-04-21","numberOfEmployees":{"@type":"QuantitativeValue","minValue":"1","maxValue":"10"}}]},"product_price_amount":"103.99","product_price_currency":"EUR","og_availability":"instock","product_availability":"instock","product_retailer_item_id":"80108-401SK","product_condition":"new"},"taxonomy_info":{"product_cat":[{"value":349,"label":"Imunitn\u00fd Syst\u00e9m a Rovnov\u00e1ha"},{"value":420,"label":"Kosti, k\u013aby a Svaly"},{"value":456,"label":"Pro Balance"},{"value":468,"label":"\u0160pecialisti"},{"value":414,"label":"\u0160peci\u00e1lne Produkty"},{"value":459,"label":"U\u0161etrite v setoch"},{"value":301,"label":"Vitam\u00edny a Miner\u00e1ly"},{"value":402,"label":"Z\u00e1klad"}],"product_tag":[{"value":686,"label":"Miner\u00e1ly a vitam\u00edny"},{"value":684,"label":"na boles\u0165 k\u013abov"}]},"featured_image_src_large":["https:\/\/www.lraloeverashop.eu\/wp-content\/uploads\/2022\/10\/Lr-pro-balance-minerals-pack-of-3-1024x1024.jpg",1024,1024,true],"author_info":[],"comment_info":0,"_links":{"self":[{"href":"https:\/\/www.lraloeverashop.eu\/sk\/wp-json\/wp\/v2\/product\/9723","targetHints":{"allow":["GET"]}}],"collection":[{"href":"https:\/\/www.lraloeverashop.eu\/sk\/wp-json\/wp\/v2\/product"}],"about":[{"href":"https:\/\/www.lraloeverashop.eu\/sk\/wp-json\/wp\/v2\/types\/product"}],"replies":[{"embeddable":true,"href":"https:\/\/www.lraloeverashop.eu\/sk\/wp-json\/wp\/v2\/comments?post=9723"}],"wp:featuredmedia":[{"embeddable":true,"href":"https:\/\/www.lraloeverashop.eu\/sk\/wp-json\/wp\/v2\/media\/5644"}],"wp:attachment":[{"href":"https:\/\/www.lraloeverashop.eu\/sk\/wp-json\/wp\/v2\/media?parent=9723"}],"wp:term":[{"taxonomy":"product_brand","embeddable":true,"href":"https:\/\/www.lraloeverashop.eu\/sk\/wp-json\/wp\/v2\/product_brand?post=9723"},{"taxonomy":"product_cat","embeddable":true,"href":"https:\/\/www.lraloeverashop.eu\/sk\/wp-json\/wp\/v2\/product_cat?post=9723"},{"taxonomy":"product_tag","embeddable":true,"href":"https:\/\/www.lraloeverashop.eu\/sk\/wp-json\/wp\/v2\/product_tag?post=9723"}],"curies":[{"name":"wp","href":"https:\/\/api.w.org\/{rel}","templated":true}]}}