{"id":9689,"date":"2022-10-13T08:51:23","date_gmt":"2022-10-13T06:51:23","guid":{"rendered":"https:\/\/www.lraloeverashop.eu\/product\/lr-vita-active\/"},"modified":"2026-03-01T06:52:32","modified_gmt":"2026-03-01T05:52:32","slug":"lr-vita-active","status":"publish","type":"product","link":"https:\/\/www.lraloeverashop.eu\/sk\/produkt\/lr-vita-active\/","title":{"rendered":"Lr Vita Active Limitovan\u00e1 ponuka"},"content":{"rendered":"<h2><span style=\"font-size: 16pt;\"><strong>Lr Vita Active Limitovan\u00e1 ponuka<\/strong><\/span><\/h2>\n<p><span style=\"font-size: 14pt;\"><strong>Lr Vita Active Limitovan\u00e1 ponuka &#8211; Kompaktn\u00fd koncentr\u00e1t s 21 druhmi ovocia a zeleniny.<\/strong><\/span><\/p>\n<p>Rozmanit\u00e1 a vyv\u00e1\u017een\u00e1 strava zohr\u00e1va d\u00f4le\u017eit\u00fa \u00falohu v <a href=\"https:\/\/www.lraloeverashop.eu\/sk\/produkt\/vita-active-cervene-ovocie-set\/\">zdravom \u017eivotnom \u0161t\u00fdle<\/a>. Na\u0161e telo vstreb\u00e1va denne mno\u017estvo potrav\u00edn potrebn\u00fdch na v\u00fd\u017eivu.<\/p>\n<p>Lr Vita Active je koncentr\u00e1t z 21 druhov ovocia a zeleniny, ktor\u00fd m\u00e1 vynikaj\u00facu chu\u0165 a dod\u00e1va telu desa\u0165 z\u00e1kladn\u00fdch vitam\u00ednov. Vitam\u00edny s\u00fa skuto\u010dn\u00fdmi z\u00e1zra\u010dn\u00fdmi robotn\u00edkmi: vitam\u00edny D a B6 prispievaj\u00fa k <a href=\"https:\/\/www.lraloeverashop.eu\/sk\/produkt\/kolostrum-direkt-liquid\/\">norm\u00e1lnej funkcii imunitn\u00e9ho syst\u00e9mu<\/a>, vitam\u00edn B12 prispieva k rozdeleniu buniek a vitam\u00edn B1 prispieva k norm\u00e1lnej funkcii srdca.<\/p>\n<p>Obsahuje v\u00fd\u0165a\u017eok z \u010derven\u00e9ho hrozna, jab\u013ak, vi\u0161n\u00ed, bazy, \u0161\u00edpok, jah\u00f4d, \u010dern\u00edc, karotky, trnky, \u010du\u010doriedok, \u00c1ronov\u00fdch \u010dere\u0161n\u00ed, sliviek, \u010derven\u00e9ho i \u010diernych r\u00edbezl\u00ed, rakytn\u00edka, citr\u00f3na, brosk\u00fd\u0148, bazy \u010diernej, marh\u00fa\u013e, mal\u00edn, paradajok .<\/p>\n<p>&nbsp;<\/p>\n<h3><span style=\"font-size: 16pt;\"><strong>Odpor\u00fa\u010dan\u00e9 denn\u00e9 d\u00e1vkovanie<\/strong><\/span><\/h3>\n<p>5 ml jedenkr\u00e1t denne po\u010das jedla alebo po jedle. Deti 2,5 ml. Lr Vita Active m\u00f4\u017eete prida\u0165 do poh\u00e1ra miner\u00e1lnej vody, jogurtu alebo cereal. Doporu\u010duje sa dlhodob\u00e1 spotreba.<\/p>\n<p>Nepresahujte odpor\u00fa\u010dan\u00fa denn\u00fa d\u00e1vku. Di\u00e9tne doplnky nie s\u00fa n\u00e1hradou za bohat\u00fa a vyv\u00e1\u017een\u00fa stravu v kombin\u00e1cii so zdrav\u00fdm \u017eivotn\u00fdm \u0161t\u00fdlom. V\u00fdrobok uchov\u00e1vajte mimo dosahu det\u00ed.<\/p>\n<p>Uchov\u00e1vajte pri teplote neprevy\u0161uj\u00facej 25 \u00b0 C. Po otvoren\u00ed uchovajte v Chladni\u010dke. Pred pou\u017eit\u00edm pretrepte.<\/p>\n<p>&nbsp;<\/p>\n<h4><span style=\"font-size: 16pt;\"><strong>Viete, \u017ee vitam\u00edn D sa naz\u00fdva \u201eslne\u010dn\u00fd vitam\u00edn\u201c?<\/strong><\/span><\/h4>\n<p>Vitam\u00edn D je \u0161peci\u00e1lny vitam\u00edn zlo\u017een\u00fd z vystavenia poko\u017eky slne\u010dn\u00e9mu \u017eiareniu. Vyv\u00e1\u017een\u00e1 strava poskytuje telo v\u0161etk\u00fdm potrebn\u00fdm vitam\u00ednom na spr\u00e1vnu funkciu. Najm\u00e4 v zime m\u00f4\u017ee by\u0165 Vita Active u\u017eito\u010dn\u00fdm doplnkom k va\u0161ej strave.<\/p>\n<p>Vyv\u00e1\u017een\u00e1 strava m\u00e1 ve\u013ek\u00fd v\u00fdznam najm\u00e4 pre \u013eud\u00ed so zv\u00fd\u0161enou zodpovednos\u0165ou v pr\u00e1ci alebo v rodine. Po\u010das obdobia\u00a0zv\u00fd\u0161en\u00e9ho stresu sa postarajte o va\u0161u stravu a spojte ju s Lr Vita Active.<\/p>\n","protected":false},"excerpt":{"rendered":"<ul>\n<li><strong><span style=\"color: #ff0000;\">Limitovan\u00e1 ponuka<\/span><\/strong><\/li>\n<li>Len jedna \u010dajov\u00e1 ly\u017ei\u010dka (5 ml) denne pokr\u00fdva 100% d\u00e1vku vitam\u00ednov ktor\u00e9 telo potrebuje<\/li>\n<li>Z 21 druhov ovocia a zeleniny<\/li>\n<li>Neobsahuje konzerva\u010dn\u00e9 l\u00e1tky a farbiv\u00e1<\/li>\n<li>Chr\u00e1ni pred mikrobi\u00e1lnymi infekciami<\/li>\n<li>Produkt vyroben\u00fd v Nemecku<\/li>\n<li>Obsah: 2 x 150 ml<\/li>\n<\/ul>\n<p>&nbsp;<\/p>\n","protected":false},"featured_media":14633,"comment_status":"open","ping_status":"closed","template":"","meta":{"_kad_blocks_custom_css":"","_kad_blocks_head_custom_js":"","_kad_blocks_body_custom_js":"","_kad_blocks_footer_custom_js":"","_kadence_starter_templates_imported_post":false,"_kad_post_transparent":"default","_kad_post_title":"","_kad_post_layout":"default","_kad_post_sidebar_id":"","_kad_post_content_style":"default","_kad_post_vertical_padding":"default","_kad_post_feature":"","_kad_post_feature_position":"","_kad_post_header":false,"_kad_post_footer":false,"_kad_post_classname":""},"product_brand":[],"product_cat":[301,402,355],"product_tag":[686],"class_list":{"0":"post-9689","1":"product","2":"type-product","3":"status-publish","4":"has-post-thumbnail","6":"product_cat-vitaminy-a-mineraly","7":"product_cat-zaklad","8":"product_cat-zlavy","9":"product_tag-mineraly-a-vitaminy","11":"first","12":"outofstock","13":"sale","14":"taxable","15":"shipping-taxable","16":"purchasable","17":"product-type-simple","18":"entry","19":"content-bg","20":"loop-entry"},"yoast_head":"<!-- This site is optimized with the Yoast SEO Premium plugin v27.6 (Yoast SEO v27.6) - https:\/\/yoast.com\/product\/yoast-seo-premium-wordpress\/ -->\n<title>Lr Vita Active - Super Koncentr\u00e1t s 21 druhmi ovocia a zeleniny<\/title>\n<meta name=\"description\" content=\"Len jedna \u010dajov\u00e1 ly\u017ei\u010dka Lr Vita Active denne pokryje 100% potreby tela v 10 vitam\u00ednoch. Odpor\u00fa\u010da sa dlhodob\u00e1 konzum\u00e1cia. M\u00f4\u017eete ho pou\u017ei\u0165 aj s jogurtom.\" \/>\n<meta name=\"robots\" content=\"index, follow, max-snippet:-1, max-image-preview:large, max-video-preview:-1\" \/>\n<link rel=\"canonical\" href=\"https:\/\/www.lraloeverashop.eu\/sk\/produkt\/lr-vita-active\/\" \/>\n<meta property=\"og:locale\" content=\"sk_SK\" \/>\n<meta property=\"og:type\" content=\"article\" \/>\n<meta property=\"og:title\" content=\"Lr Vita Active Limitovan\u00e1 ponuka\" \/>\n<meta property=\"og:description\" content=\"Len jedna \u010dajov\u00e1 ly\u017ei\u010dka Lr Vita Active denne pokryje 100% potreby tela v 10 vitam\u00ednoch. Odpor\u00fa\u010da sa dlhodob\u00e1 konzum\u00e1cia. M\u00f4\u017eete ho pou\u017ei\u0165 aj s jogurtom.\" \/>\n<meta property=\"og:url\" content=\"https:\/\/www.lraloeverashop.eu\/sk\/produkt\/lr-vita-active\/\" \/>\n<meta property=\"og:site_name\" content=\"Lr Obchod Aloe Vera\" \/>\n<meta property=\"article:publisher\" content=\"https:\/\/www.facebook.com\/lraloeverashop.eu\" \/>\n<meta property=\"article:modified_time\" content=\"2026-03-01T05:52:32+00:00\" \/>\n<meta property=\"og:image\" content=\"https:\/\/www.lraloeverashop.eu\/wp-content\/uploads\/2024\/03\/Vita-Active-Vitamins-Red-Fruits-limited-Offer.jpeg\" \/>\n\t<meta property=\"og:image:width\" content=\"1200\" \/>\n\t<meta property=\"og:image:height\" content=\"1200\" \/>\n\t<meta property=\"og:image:type\" content=\"image\/jpeg\" \/>\n<meta name=\"twitter:card\" content=\"summary_large_image\" \/>\n<meta name=\"twitter:site\" content=\"@natur__kosmetik\" \/>\n<script type=\"application\/ld+json\" class=\"yoast-schema-graph\">{\"@context\":\"https:\\\/\\\/schema.org\",\"@graph\":[{\"@type\":[\"WebPage\",\"ItemPage\"],\"@id\":\"https:\\\/\\\/www.lraloeverashop.eu\\\/sk\\\/produkt\\\/lr-vita-active\\\/\",\"url\":\"https:\\\/\\\/www.lraloeverashop.eu\\\/sk\\\/produkt\\\/lr-vita-active\\\/\",\"name\":\"Lr Vita Active - Super Koncentr\u00e1t s 21 druhmi ovocia a zeleniny\",\"isPartOf\":{\"@id\":\"https:\\\/\\\/www.lraloeverashop.eu\\\/sk\\\/#website\"},\"primaryImageOfPage\":{\"@id\":\"https:\\\/\\\/www.lraloeverashop.eu\\\/sk\\\/produkt\\\/lr-vita-active\\\/#primaryimage\"},\"image\":{\"@id\":\"https:\\\/\\\/www.lraloeverashop.eu\\\/sk\\\/produkt\\\/lr-vita-active\\\/#primaryimage\"},\"thumbnailUrl\":\"https:\\\/\\\/www.lraloeverashop.eu\\\/wp-content\\\/uploads\\\/2024\\\/03\\\/Vita-Active-Vitamins-Red-Fruits-limited-Offer.jpeg\",\"datePublished\":\"2022-10-13T06:51:23+00:00\",\"dateModified\":\"2026-03-01T05:52:32+00:00\",\"description\":\"Len jedna \u010dajov\u00e1 ly\u017ei\u010dka Lr Vita Active denne pokryje 100% potreby tela v 10 vitam\u00ednoch. Odpor\u00fa\u010da sa dlhodob\u00e1 konzum\u00e1cia. M\u00f4\u017eete ho pou\u017ei\u0165 aj s jogurtom.\",\"breadcrumb\":{\"@id\":\"https:\\\/\\\/www.lraloeverashop.eu\\\/sk\\\/produkt\\\/lr-vita-active\\\/#breadcrumb\"},\"inLanguage\":\"sk-SK\",\"potentialAction\":[{\"@type\":\"ReadAction\",\"target\":[\"https:\\\/\\\/www.lraloeverashop.eu\\\/sk\\\/produkt\\\/lr-vita-active\\\/\"]}]},{\"@type\":\"ImageObject\",\"inLanguage\":\"sk-SK\",\"@id\":\"https:\\\/\\\/www.lraloeverashop.eu\\\/sk\\\/produkt\\\/lr-vita-active\\\/#primaryimage\",\"url\":\"https:\\\/\\\/www.lraloeverashop.eu\\\/wp-content\\\/uploads\\\/2024\\\/03\\\/Vita-Active-Vitamins-Red-Fruits-limited-Offer.jpeg\",\"contentUrl\":\"https:\\\/\\\/www.lraloeverashop.eu\\\/wp-content\\\/uploads\\\/2024\\\/03\\\/Vita-Active-Vitamins-Red-Fruits-limited-Offer.jpeg\",\"width\":1200,\"height\":1200,\"caption\":\"Vita Active vitam\u00edny \u010derven\u00e9ho ovocia limitovan\u00e1 ponuka\"},{\"@type\":\"BreadcrumbList\",\"@id\":\"https:\\\/\\\/www.lraloeverashop.eu\\\/sk\\\/produkt\\\/lr-vita-active\\\/#breadcrumb\",\"itemListElement\":[{\"@type\":\"ListItem\",\"position\":1,\"name\":\"Home\",\"item\":\"https:\\\/\\\/www.lraloeverashop.eu\\\/sk\\\/aloe-vera-obchod-vsetko-pre-vasu-krasu-a-pohodu\\\/\"},{\"@type\":\"ListItem\",\"position\":2,\"name\":\"Obchod\",\"item\":\"https:\\\/\\\/www.lraloeverashop.eu\\\/sk\\\/obchod\\\/\"},{\"@type\":\"ListItem\",\"position\":3,\"name\":\"Lr Vita Active Limitovan\u00e1 ponuka\"}]},{\"@type\":\"WebSite\",\"@id\":\"https:\\\/\\\/www.lraloeverashop.eu\\\/sk\\\/#website\",\"url\":\"https:\\\/\\\/www.lraloeverashop.eu\\\/sk\\\/\",\"name\":\"Lr Obchod Aloe Vera\",\"description\":\"High Quality Lr Aloe Vera Gel, Aloe Vera Cream and Shampoo\",\"publisher\":{\"@id\":\"https:\\\/\\\/www.lraloeverashop.eu\\\/sk\\\/#organization\"},\"alternateName\":\"LR\",\"potentialAction\":[{\"@type\":\"SearchAction\",\"target\":{\"@type\":\"EntryPoint\",\"urlTemplate\":\"https:\\\/\\\/www.lraloeverashop.eu\\\/sk\\\/?s={search_term_string}\"},\"query-input\":{\"@type\":\"PropertyValueSpecification\",\"valueRequired\":true,\"valueName\":\"search_term_string\"}}],\"inLanguage\":\"sk-SK\"},{\"@type\":\"Organization\",\"@id\":\"https:\\\/\\\/www.lraloeverashop.eu\\\/sk\\\/#organization\",\"name\":\"Lr Obchod Aloe Vera\",\"alternateName\":\"LR\",\"url\":\"https:\\\/\\\/www.lraloeverashop.eu\\\/sk\\\/\",\"logo\":{\"@type\":\"ImageObject\",\"inLanguage\":\"sk-SK\",\"@id\":\"https:\\\/\\\/www.lraloeverashop.eu\\\/sk\\\/#\\\/schema\\\/logo\\\/image\\\/\",\"url\":\"https:\\\/\\\/www.lraloeverashop.eu\\\/wp-content\\\/uploads\\\/2022\\\/09\\\/cropped-Lr-Aloe-Vera-Shop.jpg\",\"contentUrl\":\"https:\\\/\\\/www.lraloeverashop.eu\\\/wp-content\\\/uploads\\\/2022\\\/09\\\/cropped-Lr-Aloe-Vera-Shop.jpg\",\"width\":228,\"height\":76,\"caption\":\"Lr Obchod Aloe Vera\"},\"image\":{\"@id\":\"https:\\\/\\\/www.lraloeverashop.eu\\\/sk\\\/#\\\/schema\\\/logo\\\/image\\\/\"},\"sameAs\":[\"https:\\\/\\\/www.facebook.com\\\/lraloeverashop.eu\",\"https:\\\/\\\/x.com\\\/natur__kosmetik\",\"https:\\\/\\\/www.youtube.com\\\/channel\\\/UC5oN7BJ8nfYb8RpVtjwDEBA\",\"https:\\\/\\\/www.instagram.com\\\/lrbeautyeu\\\/\"],\"description\":\"Obchod Lr Aloe Vera je va\u0161\u00edm d\u00f4veryhodn\u00fdm miestom pre pr\u00e9miov\u00e9 produkty LR Health & Beauty vyroben\u00e9 v Nemecku. Pon\u00fakame vysokokvalitn\u00e9 rie\u0161enia starostlivosti o ple\u0165 s Aloe Vera, v\u00fd\u017eivu a proti starnutiu, vyroben\u00e9 z \u010dist\u00fdch ingredienci\u00ed a podlo\u017een\u00e9 vedeck\u00fdm v\u00fdskumom. Objavte pr\u00edrodn\u00fa starostlivos\u0165, ktor\u00e1 regeneruje, chr\u00e1ni a revitalizuje va\u0161u ple\u0165 \u2013 a vyu\u017eite exkluz\u00edvne mesa\u010dn\u00e9 ponuky na na\u0161e najpred\u00e1vanej\u0161ie produkty LR Aloe Vera.\\nZa\u010dnite svoju cestu za pr\u00edrodnou starostlivos\u0165ou o ple\u0165 e\u0161te dnes a poc\u00ed\u0165te rozdiel.\",\"email\":\"info@lraloeverashop.eu\",\"telephone\":\"+49 17670609653\",\"legalName\":\"Lr Aloe Vera Shop\",\"foundingDate\":\"2018-04-21\",\"numberOfEmployees\":{\"@type\":\"QuantitativeValue\",\"minValue\":\"1\",\"maxValue\":\"10\"}}]}<\/script>\n<meta property=\"product:price:amount\" content=\"38.99\" \/>\n<meta property=\"product:price:currency\" content=\"EUR\" \/>\n<meta property=\"og:availability\" content=\"out of stock\" \/>\n<meta property=\"product:availability\" content=\"out of stock\" \/>\n<meta property=\"product:retailer_item_id\" content=\"80527SK\" \/>\n<meta property=\"product:condition\" content=\"new\" \/>\n<!-- \/ Yoast SEO Premium plugin. -->","yoast_head_json":{"title":"Lr Vita Active - Super Koncentr\u00e1t s 21 druhmi ovocia a zeleniny","description":"Len jedna \u010dajov\u00e1 ly\u017ei\u010dka Lr Vita Active denne pokryje 100% potreby tela v 10 vitam\u00ednoch. Odpor\u00fa\u010da sa dlhodob\u00e1 konzum\u00e1cia. M\u00f4\u017eete ho pou\u017ei\u0165 aj s jogurtom.","robots":{"index":"index","follow":"follow","max-snippet":"max-snippet:-1","max-image-preview":"max-image-preview:large","max-video-preview":"max-video-preview:-1"},"canonical":"https:\/\/www.lraloeverashop.eu\/sk\/produkt\/lr-vita-active\/","og_locale":"sk_SK","og_type":"article","og_title":"Lr Vita Active Limitovan\u00e1 ponuka","og_description":"Len jedna \u010dajov\u00e1 ly\u017ei\u010dka Lr Vita Active denne pokryje 100% potreby tela v 10 vitam\u00ednoch. Odpor\u00fa\u010da sa dlhodob\u00e1 konzum\u00e1cia. M\u00f4\u017eete ho pou\u017ei\u0165 aj s jogurtom.","og_url":"https:\/\/www.lraloeverashop.eu\/sk\/produkt\/lr-vita-active\/","og_site_name":"Lr Obchod Aloe Vera","article_publisher":"https:\/\/www.facebook.com\/lraloeverashop.eu","article_modified_time":"2026-03-01T05:52:32+00:00","og_image":[{"width":1200,"height":1200,"url":"https:\/\/www.lraloeverashop.eu\/wp-content\/uploads\/2024\/03\/Vita-Active-Vitamins-Red-Fruits-limited-Offer.jpeg","type":"image\/jpeg"}],"twitter_card":"summary_large_image","twitter_site":"@natur__kosmetik","schema":{"@context":"https:\/\/schema.org","@graph":[{"@type":["WebPage","ItemPage"],"@id":"https:\/\/www.lraloeverashop.eu\/sk\/produkt\/lr-vita-active\/","url":"https:\/\/www.lraloeverashop.eu\/sk\/produkt\/lr-vita-active\/","name":"Lr Vita Active - Super Koncentr\u00e1t s 21 druhmi ovocia a zeleniny","isPartOf":{"@id":"https:\/\/www.lraloeverashop.eu\/sk\/#website"},"primaryImageOfPage":{"@id":"https:\/\/www.lraloeverashop.eu\/sk\/produkt\/lr-vita-active\/#primaryimage"},"image":{"@id":"https:\/\/www.lraloeverashop.eu\/sk\/produkt\/lr-vita-active\/#primaryimage"},"thumbnailUrl":"https:\/\/www.lraloeverashop.eu\/wp-content\/uploads\/2024\/03\/Vita-Active-Vitamins-Red-Fruits-limited-Offer.jpeg","datePublished":"2022-10-13T06:51:23+00:00","dateModified":"2026-03-01T05:52:32+00:00","description":"Len jedna \u010dajov\u00e1 ly\u017ei\u010dka Lr Vita Active denne pokryje 100% potreby tela v 10 vitam\u00ednoch. Odpor\u00fa\u010da sa dlhodob\u00e1 konzum\u00e1cia. M\u00f4\u017eete ho pou\u017ei\u0165 aj s jogurtom.","breadcrumb":{"@id":"https:\/\/www.lraloeverashop.eu\/sk\/produkt\/lr-vita-active\/#breadcrumb"},"inLanguage":"sk-SK","potentialAction":[{"@type":"ReadAction","target":["https:\/\/www.lraloeverashop.eu\/sk\/produkt\/lr-vita-active\/"]}]},{"@type":"ImageObject","inLanguage":"sk-SK","@id":"https:\/\/www.lraloeverashop.eu\/sk\/produkt\/lr-vita-active\/#primaryimage","url":"https:\/\/www.lraloeverashop.eu\/wp-content\/uploads\/2024\/03\/Vita-Active-Vitamins-Red-Fruits-limited-Offer.jpeg","contentUrl":"https:\/\/www.lraloeverashop.eu\/wp-content\/uploads\/2024\/03\/Vita-Active-Vitamins-Red-Fruits-limited-Offer.jpeg","width":1200,"height":1200,"caption":"Vita Active vitam\u00edny \u010derven\u00e9ho ovocia limitovan\u00e1 ponuka"},{"@type":"BreadcrumbList","@id":"https:\/\/www.lraloeverashop.eu\/sk\/produkt\/lr-vita-active\/#breadcrumb","itemListElement":[{"@type":"ListItem","position":1,"name":"Home","item":"https:\/\/www.lraloeverashop.eu\/sk\/aloe-vera-obchod-vsetko-pre-vasu-krasu-a-pohodu\/"},{"@type":"ListItem","position":2,"name":"Obchod","item":"https:\/\/www.lraloeverashop.eu\/sk\/obchod\/"},{"@type":"ListItem","position":3,"name":"Lr Vita Active Limitovan\u00e1 ponuka"}]},{"@type":"WebSite","@id":"https:\/\/www.lraloeverashop.eu\/sk\/#website","url":"https:\/\/www.lraloeverashop.eu\/sk\/","name":"Lr Obchod Aloe Vera","description":"High Quality Lr Aloe Vera Gel, Aloe Vera Cream and Shampoo","publisher":{"@id":"https:\/\/www.lraloeverashop.eu\/sk\/#organization"},"alternateName":"LR","potentialAction":[{"@type":"SearchAction","target":{"@type":"EntryPoint","urlTemplate":"https:\/\/www.lraloeverashop.eu\/sk\/?s={search_term_string}"},"query-input":{"@type":"PropertyValueSpecification","valueRequired":true,"valueName":"search_term_string"}}],"inLanguage":"sk-SK"},{"@type":"Organization","@id":"https:\/\/www.lraloeverashop.eu\/sk\/#organization","name":"Lr Obchod Aloe Vera","alternateName":"LR","url":"https:\/\/www.lraloeverashop.eu\/sk\/","logo":{"@type":"ImageObject","inLanguage":"sk-SK","@id":"https:\/\/www.lraloeverashop.eu\/sk\/#\/schema\/logo\/image\/","url":"https:\/\/www.lraloeverashop.eu\/wp-content\/uploads\/2022\/09\/cropped-Lr-Aloe-Vera-Shop.jpg","contentUrl":"https:\/\/www.lraloeverashop.eu\/wp-content\/uploads\/2022\/09\/cropped-Lr-Aloe-Vera-Shop.jpg","width":228,"height":76,"caption":"Lr Obchod Aloe Vera"},"image":{"@id":"https:\/\/www.lraloeverashop.eu\/sk\/#\/schema\/logo\/image\/"},"sameAs":["https:\/\/www.facebook.com\/lraloeverashop.eu","https:\/\/x.com\/natur__kosmetik","https:\/\/www.youtube.com\/channel\/UC5oN7BJ8nfYb8RpVtjwDEBA","https:\/\/www.instagram.com\/lrbeautyeu\/"],"description":"Obchod Lr Aloe Vera je va\u0161\u00edm d\u00f4veryhodn\u00fdm miestom pre pr\u00e9miov\u00e9 produkty LR Health & Beauty vyroben\u00e9 v Nemecku. Pon\u00fakame vysokokvalitn\u00e9 rie\u0161enia starostlivosti o ple\u0165 s Aloe Vera, v\u00fd\u017eivu a proti starnutiu, vyroben\u00e9 z \u010dist\u00fdch ingredienci\u00ed a podlo\u017een\u00e9 vedeck\u00fdm v\u00fdskumom. Objavte pr\u00edrodn\u00fa starostlivos\u0165, ktor\u00e1 regeneruje, chr\u00e1ni a revitalizuje va\u0161u ple\u0165 \u2013 a vyu\u017eite exkluz\u00edvne mesa\u010dn\u00e9 ponuky na na\u0161e najpred\u00e1vanej\u0161ie produkty LR Aloe Vera.\nZa\u010dnite svoju cestu za pr\u00edrodnou starostlivos\u0165ou o ple\u0165 e\u0161te dnes a poc\u00ed\u0165te rozdiel.","email":"info@lraloeverashop.eu","telephone":"+49 17670609653","legalName":"Lr Aloe Vera Shop","foundingDate":"2018-04-21","numberOfEmployees":{"@type":"QuantitativeValue","minValue":"1","maxValue":"10"}}]},"product_price_amount":"38.99","product_price_currency":"EUR","og_availability":"out of stock","product_availability":"out of stock","product_retailer_item_id":"80527SK","product_condition":"new"},"taxonomy_info":{"product_cat":[{"value":301,"label":"Vitam\u00edny a Miner\u00e1ly"},{"value":402,"label":"Z\u00e1klad"},{"value":355,"label":"Z\u013eavy"}],"product_tag":[{"value":686,"label":"Miner\u00e1ly a vitam\u00edny"}]},"featured_image_src_large":["https:\/\/www.lraloeverashop.eu\/wp-content\/uploads\/2024\/03\/Vita-Active-Vitamins-Red-Fruits-limited-Offer-1024x1024.jpeg",1024,1024,true],"author_info":[],"comment_info":0,"_links":{"self":[{"href":"https:\/\/www.lraloeverashop.eu\/sk\/wp-json\/wp\/v2\/product\/9689","targetHints":{"allow":["GET"]}}],"collection":[{"href":"https:\/\/www.lraloeverashop.eu\/sk\/wp-json\/wp\/v2\/product"}],"about":[{"href":"https:\/\/www.lraloeverashop.eu\/sk\/wp-json\/wp\/v2\/types\/product"}],"replies":[{"embeddable":true,"href":"https:\/\/www.lraloeverashop.eu\/sk\/wp-json\/wp\/v2\/comments?post=9689"}],"wp:featuredmedia":[{"embeddable":true,"href":"https:\/\/www.lraloeverashop.eu\/sk\/wp-json\/wp\/v2\/media\/14633"}],"wp:attachment":[{"href":"https:\/\/www.lraloeverashop.eu\/sk\/wp-json\/wp\/v2\/media?parent=9689"}],"wp:term":[{"taxonomy":"product_brand","embeddable":true,"href":"https:\/\/www.lraloeverashop.eu\/sk\/wp-json\/wp\/v2\/product_brand?post=9689"},{"taxonomy":"product_cat","embeddable":true,"href":"https:\/\/www.lraloeverashop.eu\/sk\/wp-json\/wp\/v2\/product_cat?post=9689"},{"taxonomy":"product_tag","embeddable":true,"href":"https:\/\/www.lraloeverashop.eu\/sk\/wp-json\/wp\/v2\/product_tag?post=9689"}],"curies":[{"name":"wp","href":"https:\/\/api.w.org\/{rel}","templated":true}]}}