{"id":9632,"date":"2022-10-13T09:03:50","date_gmt":"2022-10-13T07:03:50","guid":{"rendered":"https:\/\/www.lraloeverashop.eu\/product\/super-omega-3-activ-kapsuly\/"},"modified":"2025-12-15T08:48:11","modified_gmt":"2025-12-15T07:48:11","slug":"super-omega-3-activ-kapsuly","status":"publish","type":"product","link":"https:\/\/www.lraloeverashop.eu\/sk\/produkt\/super-omega-3-activ-kapsuly\/","title":{"rendered":"Super Omega 3 Activ kapsuly"},"content":{"rendered":"<h2><span style=\"font-size: 16pt;\"><strong>Super Omega 3 Activ kapsuly<\/strong><\/span><\/h2>\n<p><span style=\"font-size: 14pt;\"><strong>Super Omega 3 Activ kapsuly &#8211; denn\u00fd pr\u00edspevok k norm\u00e1lnej funkcii srdca<\/strong><\/span><\/p>\n<p>Super Omega 3 Activ Kapsuly mastn\u00e9 kyseliny maj\u00fa ve\u013emi pozit\u00edvny vplyv na r\u00f4zne telesn\u00e9 procesy. Je to recept\u00fara \u200b\u200bs ryb\u00edm a pupalkov\u00fdm olejom, s vysokou koncentr\u00e1ciou EPA, DHA a \u010fal\u0161\u00edmi nenas\u00fdten\u00fdmi mastn\u00fdmi kyselinami a betagluk\u00e1nom.<\/p>\n<p>Super Omega 3 Activ Kapsuly s\u00fa vyroben\u00e9 v\u00fdhradne z vo\u013ene \u017eij\u00facich sardiniek, makr\u00e9l a tuniakov z oblast\u00ed Ju\u017enej Ameriky a tichomoria ktor\u00e9 je bohat\u00e9 na pr\u00edrodn\u00e9 cenn\u00fd plankt\u00f3n.<\/p>\n<p>&nbsp;<\/p>\n<h3><span style=\"font-size: 16pt;\"><strong>Super Omega 3 Activ Kapsuly &#8211; Omega 3 mastn\u00e9 kyseliny a ich \u00fa\u010dinky<\/strong><\/span><\/h3>\n<p><span style=\"font-size: 14pt;\"><strong>Polynenas\u00fdten\u00e9 mastn\u00e9 kyseliny<\/strong><\/span><\/p>\n<p>&nbsp;<\/p>\n<p><strong>1. Ovplyv\u0148uj\u00fa kardiovaskul\u00e1rny syst\u00e9m (srdce, cievy) a metabolick\u00fd syndr\u00f3m.<\/strong><\/p>\n<p>Zni\u017euj\u00fa hladinu LDL cholesterolu a tukov v krvi. Zvy\u0161uj\u00fa HDL cholesterol a t\u00fdm prispievaj\u00fa k zn\u00ed\u017eeniu rizika ochorenia art\u00e9rioskler\u00f3zou. Zni\u017euj\u00fa hladinu krvn\u00e9ho cukru. Potla\u010duj\u00ed civiliza\u010dn\u00e9 choroby &#8211; obehov\u00fd syst\u00e9m, srdcov\u00e9 a mozgov\u00e9 pr\u00edhody, n\u00e1dorov\u00e9 ochorenia.<\/p>\n<p>&nbsp;<\/p>\n<p><strong>2. Ovplyv\u0148uj\u00fa centr\u00e1lny nervov\u00fd syst\u00e9m a \u010dinnos\u0165 mozgu.<\/strong><\/p>\n<p>Zlep\u0161uj\u00fa pam\u00e4\u0165, koncentr\u00e1ciu a schopnos\u0165 u\u010denia. Zais\u0165uj\u00fa spr\u00e1vny v\u00fdvoj vy\u0161\u0161ej nervovej s\u00fastavy.<br \/>\nZlep\u0161uj\u00fa mozgov\u00fa \u010dinnos\u0165, pam\u00e4\u0165ov\u00e9 schopnosti, pozn\u00e1vacie schopnosti, u\u010denie, zapam\u00e4tanie<br \/>\n(Prevencia chor\u00f4b ako je Alzheimer, Parkinson &#8230;)<\/p>\n<p>&nbsp;<\/p>\n<p><strong>3. maj\u00fa v\u00fdznamn\u00fd vplyv na imunitn\u00fd syst\u00e9m.<\/strong><\/p>\n<p>Potl\u00e1\u010daj\u00fa z\u00e1palov\u00e9 procesy (preto je ryb\u00ed tuk pou\u017e\u00edvan\u00fd pre zlep\u0161enie r\u00f4znych z\u00e1palov\u00fdch stavov, ako je Crohnova choroba a reumatoidn\u00e1 <a href=\"https:\/\/www.lraloeverashop.eu\/sk\/produkt\/cistus-incanus-kapsule\/\">artrit\u00edda<\/a>. Niektor\u00e9 spr\u00e1vy uv\u00e1dzaj\u00fa, \u017ee v\u00fdrobky z rybieho tuku pomohli \u013eu\u010fom s chorobami obli\u010diek a \u017ee m\u00f4\u017eu chr\u00e1ni\u0165 proti chronickej ob\u0161truk\u010dnej chorobe p\u013e\u00fac.) \u013dudia produkuj\u00fa viac z\u00e1palov\u00fdch l\u00e1tok, ke\u010f za\u017e\u00edvaj\u00fa psychick\u00e9 stresy (napr. mana\u017e\u00e9rske \u00fanavov\u00e9 syndr\u00f3my, \u0161kolsk\u00e9 sk\u00fa\u0161ky). Pri nerovnov\u00e1he mastn\u00fdch kysel\u00edn sa z\u00e1palov\u00e1 reakcia na stres zv\u00e4\u010d\u0161uje.<\/p>\n<p>&nbsp;<\/p>\n<p><strong>SUPER Omega 3 mastn\u00e9 kyseliny (MK):<\/strong> Unik\u00e1tna kombin\u00e1cia rastlinn\u00fdch a \u017eivo\u010d\u00ed\u0161nych tukov v jednom! rastlinn\u00e9 &#8211; \u013eanov\u00fd a repkov\u00fd olej (kys. linolenov\u00e1)<\/p>\n<p>&nbsp;<\/p>\n<h2><span style=\"font-size: 16pt;\"><strong>Omega 3 mastn\u00e9 kyseliny EPA a DHA<\/strong><\/span><\/h2>\n<p><strong>DHA &#8211;<\/strong> p\u00f4sob\u00ed na zdrav\u00fd v\u00fdvoj mozgu a nervovej s\u00fastavy. Pom\u00e1ha udr\u017eiava\u0165 du\u0161evn\u00e9 zdravie v ka\u017edom veku, podporuje schopnos\u0165 u\u010denia, p\u00f4sob\u00ed prevent\u00edvne proti stareckej demencii a chr\u00e1ni pred rozvojom Alzheimerovej choroby.<\/p>\n<p><strong>EPA &#8211;<\/strong> pom\u00e1ha udr\u017eiava\u0165 zdrav\u00e9 srdce a pru\u017en\u00e9 cievy, pom\u00e1ha pri prevencii mozgov\u00fdch pr\u00edhod a srdcov\u00fdch infarktov. Udr\u017euje pru\u017en\u00e9, <a href=\"https:\/\/www.lraloeverashop.eu\/sk\/zdravie-chrupavky-a-aloe-vera-gel-na-pitie-freedom\/\">zdrav\u00e9 k\u013aby a chrupavky<\/a>, p\u00f4sob\u00ed prevent\u00edvne na rozvoj osteoartrit\u00eddy. Zni\u017euje v\u00fdskyt alergick\u00fdch ochoren\u00ed, najm\u00e4 astmy a atopick\u00e9ho ekz\u00e9mu.<\/p>\n<h3><span style=\"font-size: 16pt;\"><strong><img loading=\"lazy\" decoding=\"async\" class=\"alignright wp-image-5746\" style=\"margin-left: var(--global-md-spacing);\" src=\"https:\/\/www.lraloeverashop.eu\/wp-content\/uploads\/2022\/10\/Omega-3-benefits-Are-Notable.jpg\" alt=\"Super Omega 3 Activ kapsuly na podporu kardiovaskul\u00e1rneho syst\u00e9mu\" width=\"368\" height=\"501\" srcset=\"https:\/\/www.lraloeverashop.eu\/wp-content\/uploads\/2022\/10\/Omega-3-benefits-Are-Notable.jpg 662w, https:\/\/www.lraloeverashop.eu\/wp-content\/uploads\/2022\/10\/Omega-3-benefits-Are-Notable-600x817.jpg 600w, https:\/\/www.lraloeverashop.eu\/wp-content\/uploads\/2022\/10\/Omega-3-benefits-Are-Notable-220x300.jpg 220w\" sizes=\"auto, (max-width: 368px) 100vw, 368px\" \/><\/strong><\/span><\/h3>\n<p>&nbsp;<\/p>\n<h3><span style=\"font-size: 16pt;\"><strong>EPA + DHA Omega 3 mastn\u00e9 kyseliny v tehotenstve<\/strong><\/span><\/h3>\n<p>Tieto kyseliny s\u00fa vhodn\u00e9 aj pre deti a tehotn\u00e9 a doj\u010diace \u017eeny, kde sa podie\u013eaj\u00fa na spr\u00e1vnom v\u00fdvoji mozgov\u00fdch funkci\u00ed plodu a die\u0165a\u0165a.<\/p>\n<p>Najm\u00e4 v dvoch posledn\u00fdch mesiacoch tehotenstva, kedy s\u00fa intenz\u00edvne dotv\u00e1ran\u00e9 vy\u0161\u0161ie nervov\u00e9 funkcie plodu, je pr\u00edsun viacn\u00e1sobne nenas\u00fdten\u00fdch mastn\u00fdch kysel\u00edn v spr\u00e1vnom pomere do tela matky nevyhnutnou podmienkou spr\u00e1vneho v\u00fdvoja die\u0165a\u0165a po naroden\u00ed.<\/p>\n<p>&nbsp;<\/p>\n<p>To ist\u00e9 plat\u00ed aj pre n\u00e1sledn\u00e9 obdobie po naroden\u00ed die\u0165a\u0165a, kedy je die\u0165a doj\u010den\u00e9 a kedy e\u0161te st\u00e1le doch\u00e1dza k r\u00fdchlemu n\u00e1rastu mozgov\u00e9ho tkaniva.<\/p>\n<p>DHA je nevyhnutn\u00e1 pre zrak kojencov, zni\u017euje riziko vzniku ve\u013ek\u00e9ho mno\u017estva ochoren\u00ed a to nielen srdce, <a href=\"https:\/\/www.lraloeverashop.eu\/sk\/produkt\/aloe-vera-hydratacny-gelovy-koncentrat\/\">atopick\u00e9ho ekz\u00e9mu<\/a>, astmy, ale aj \u010fal\u0161\u00edch autoimunitn\u00e9 ochorenia.<\/p>\n<p>&nbsp;<\/p>\n<p><strong>Nedostatok EPA a DHA vyvol\u00e1va patologick\u00e9 zmeny, ktor\u00e9 ved\u00fa k rozvoju autoimunitn\u00fdch ochoren\u00ed:<\/strong><\/p>\n<p><strong>Lupus &#8211;<\/strong> chronick\u00e9 ko\u017en\u00e9 ochorenie, Crohnova choroba, Reumatoidn\u00e1 artrit\u00edda, Atopick\u00fd ekz\u00e9m, Ulcer\u00f3zna kolit\u00edda, Sclerosis multiplex (roztr\u00fasen\u00e1 skler\u00f3za), Tlm\u00ed aj prehnan\u00e9 alergick\u00e9 reakcie &#8211; brzd\u00ed sekr\u00e9ciu (tvorbu) interleuk\u00ednu 2 (IL-2)<\/p>\n<p>&nbsp;<\/p>\n<h2><strong><span style=\"font-size: 16pt;\">Ako pou\u017eiva\u0165 Super Omega 3 Activ Kapsuly<\/span><\/strong><\/h2>\n<p><strong>Odpor\u00fa\u010dan\u00e1 denn\u00e1 d\u00e1vka:<\/strong> dospel\u00ed + deti od 12 rokov 1-3 kapsule denne (1 kapsula obsahuje 942mg nenas\u00fdten\u00fdch mastn\u00fdch kysel\u00edn Omega 3 a Omega 6 v rovnov\u00e1\u017enom pomere). Nehr\u00fdz\u0165, zapi\u0165 vodou.<\/p>\n<p>&nbsp;<\/p>\n<h3><strong><span style=\"font-size: 16pt;\">Vedeli ste?<\/span><\/strong><\/h3>\n<p><a href=\"https:\/\/www.lraloeverashop.eu\/sk\/produkt\/omega-3-mastne-kyseliny\/\">Omega 3 mastn\u00e9 kyseliny<\/a> s\u00fa nevyhnutn\u00e9 pre \u013eud\u00ed. Nem\u00f4\u017eu by\u0165 vyroben\u00e9 \u013eudsk\u00fdm metabolizmom, ale musia by\u0165 k\u0155men\u00e9 potravou. Pod\u013ea Eur\u00f3pskeho \u00faradu pre bezpe\u010dnos\u0165 potrav\u00edn (EFSA) sa odpor\u00fa\u010da denn\u00fd pr\u00edjem najmenej 250 mg DHA. Nemeck\u00e9 Spolo\u010denstvo pre v\u00fd\u017eivu (DGE) potvrdzuje toto odpor\u00fa\u010danie.<\/p>\n<p>&nbsp;<\/p>\n<h4><strong><span style=\"font-size: 16pt;\">\u010casto kladen\u00e9 ot\u00e1zky<\/span><\/strong><\/h4>\n<p><strong>Ako sa vyr\u00e1baj\u00fa Super Omega Activ 3 kapsuly?<\/strong><br \/>\nSuper Omega Kapsuly obsahuj\u00fa koncentr\u00e1t, ktor\u00fd je vyroben\u00fd z re\u00e1lneho rybieho oleja. T\u00fdmto sp\u00f4sobom s\u00fa omega-3 mastn\u00e9 kyseliny obohaten\u00e9 a spr\u00edstupnen\u00e9 pre \u013eudsk\u00fa v\u00fd\u017eivu. V pr\u00edpade Super Omega Capsules pou\u017e\u00edva LR iba vo\u013ene \u017eij\u00face, tu\u010dn\u00e9 slan\u00e9 ryby, ako s\u00fa sardinky, makrely a tuniaky, doplnen\u00e9 hodnotn\u00fdm olejom z ve\u010dernej pupo\u010dn\u00edka.<\/p>\n<p><strong>\u010co je beta-gluk\u00e1n?<\/strong><br \/>\nBeta-gluk\u00e1n je prirodzen\u00fd polysacharid z ja\u010dmenn\u00fdch vl\u00e1kien.<\/p>\n<p><strong>\u010co mo\u017eno urobi\u0165 na podporu kardiovaskul\u00e1rneho syst\u00e9mu?<\/strong><br \/>\nOkrem \u017eiv\u00edn, ako s\u00fa omega-3 mastn\u00e9 kyseliny, pravideln\u00e9 cvi\u010denie a vyv\u00e1\u017een\u00e1 strava s\u00fa k\u013e\u00fa\u010dom k udr\u017eiavaniu srdca a krvn\u00fdch ciev.<\/p>\n<p>&nbsp;<\/p>\n","protected":false},"excerpt":{"rendered":"<ul>\n<li>Prispievaj\u00fa k dobrej \u010dinnosti srdca\u00b9<\/li>\n<li>Vysok\u00e1 v EPA (kyselina eikosapentaenov\u00e1) a DHA (kyselina dokosahexaenov\u00e1)<\/li>\n<li>Iba z vo\u013ene \u017eij\u00facich makrel, sardiniek a tuniakov<\/li>\n<li>Len z udr\u017eate\u013en\u00e9ho rybolovu s pe\u010da\u0165ou \u201cFriend of the Sea\u201d<\/li>\n<li>Vhodn\u00e9 aj pre tehotn\u00e9 \u017eeny<\/li>\n<li>Produkt vyroben\u00fd v Nemecku<\/li>\n<li>Obsah: 60 kaps\u00fal<\/li>\n<\/ul>\n<p>&nbsp;<\/p>\n<p>&nbsp;<\/p>\n","protected":false},"featured_media":5638,"comment_status":"open","ping_status":"closed","template":"","meta":{"_kad_blocks_custom_css":"","_kad_blocks_head_custom_js":"","_kad_blocks_body_custom_js":"","_kad_blocks_footer_custom_js":"","_kadence_starter_templates_imported_post":false,"_kad_post_transparent":"default","_kad_post_title":"","_kad_post_layout":"default","_kad_post_sidebar_id":"","_kad_post_content_style":"default","_kad_post_vertical_padding":"default","_kad_post_feature":"","_kad_post_feature_position":"","_kad_post_header":false,"_kad_post_footer":false,"_kad_post_classname":""},"product_brand":[],"product_cat":[468,426,301,444,402],"product_tag":[686],"class_list":{"0":"post-9632","1":"product","2":"type-product","3":"status-publish","4":"has-post-thumbnail","6":"product_cat-specialista","7":"product_cat-srdce-a-krvny-obeh","8":"product_cat-vitaminy-a-mineraly","9":"product_cat-vykon-a-energia","10":"product_cat-zaklad","11":"product_tag-mineraly-a-vitaminy","13":"first","14":"instock","15":"taxable","16":"shipping-taxable","17":"purchasable","18":"product-type-simple","19":"entry","20":"content-bg","21":"loop-entry"},"yoast_head":"<!-- This site is optimized with the Yoast SEO Premium plugin v27.4 (Yoast SEO v27.4) - https:\/\/yoast.com\/product\/yoast-seo-premium-wordpress\/ -->\n<title>Super Omega 3 Activ kapsuly prispievaj\u00fa k dobrej \u010dinnosti srdca<\/title>\n<meta name=\"description\" content=\"Super Omega 3 Activ kapsuly s\u00fa vyroben\u00e9 z vysoko kvalitn\u00e9ho rybieho oleja zo sardiniek, makrely a tuniaka. EPA a DHA prispievaj\u00fa k norm\u00e1lnej \u010dinnosti srdca.\" \/>\n<meta name=\"robots\" content=\"index, follow, max-snippet:-1, max-image-preview:large, max-video-preview:-1\" \/>\n<link rel=\"canonical\" href=\"https:\/\/www.lraloeverashop.eu\/sk\/produkt\/super-omega-3-activ-kapsuly\/\" \/>\n<meta property=\"og:locale\" content=\"sk_SK\" \/>\n<meta property=\"og:type\" content=\"article\" \/>\n<meta property=\"og:title\" content=\"Super Omega 3 Activ kapsuly\" \/>\n<meta property=\"og:description\" content=\"Super Omega 3 Activ kapsuly s\u00fa vyroben\u00e9 z vysoko kvalitn\u00e9ho rybieho oleja zo sardiniek, makrely a tuniaka. EPA a DHA prispievaj\u00fa k norm\u00e1lnej \u010dinnosti srdca.\" \/>\n<meta property=\"og:url\" content=\"https:\/\/www.lraloeverashop.eu\/sk\/produkt\/super-omega-3-activ-kapsuly\/\" \/>\n<meta property=\"og:site_name\" content=\"Lr Obchod Aloe Vera\" \/>\n<meta property=\"article:publisher\" content=\"https:\/\/www.facebook.com\/lraloeverashop.eu\" \/>\n<meta property=\"article:modified_time\" content=\"2025-12-15T07:48:11+00:00\" \/>\n<meta property=\"og:image\" content=\"https:\/\/www.lraloeverashop.eu\/wp-content\/uploads\/2022\/10\/Lr-Omega-3-Fatty-acids-contributes-to-normal-cardiac-function.jpg\" \/>\n\t<meta property=\"og:image:width\" content=\"1200\" \/>\n\t<meta property=\"og:image:height\" content=\"1200\" \/>\n\t<meta property=\"og:image:type\" content=\"image\/jpeg\" \/>\n<meta name=\"twitter:card\" content=\"summary_large_image\" \/>\n<meta name=\"twitter:site\" content=\"@natur__kosmetik\" \/>\n<script type=\"application\/ld+json\" class=\"yoast-schema-graph\">{\"@context\":\"https:\\\/\\\/schema.org\",\"@graph\":[{\"@type\":[\"WebPage\",\"ItemPage\"],\"@id\":\"https:\\\/\\\/www.lraloeverashop.eu\\\/sk\\\/produkt\\\/super-omega-3-activ-kapsuly\\\/\",\"url\":\"https:\\\/\\\/www.lraloeverashop.eu\\\/sk\\\/produkt\\\/super-omega-3-activ-kapsuly\\\/\",\"name\":\"Super Omega 3 Activ kapsuly prispievaj\u00fa k dobrej \u010dinnosti srdca\",\"isPartOf\":{\"@id\":\"https:\\\/\\\/www.lraloeverashop.eu\\\/sk\\\/#website\"},\"primaryImageOfPage\":{\"@id\":\"https:\\\/\\\/www.lraloeverashop.eu\\\/sk\\\/produkt\\\/super-omega-3-activ-kapsuly\\\/#primaryimage\"},\"image\":{\"@id\":\"https:\\\/\\\/www.lraloeverashop.eu\\\/sk\\\/produkt\\\/super-omega-3-activ-kapsuly\\\/#primaryimage\"},\"thumbnailUrl\":\"https:\\\/\\\/www.lraloeverashop.eu\\\/wp-content\\\/uploads\\\/2022\\\/10\\\/Lr-Omega-3-Fatty-acids-contributes-to-normal-cardiac-function.jpg\",\"datePublished\":\"2022-10-13T07:03:50+00:00\",\"dateModified\":\"2025-12-15T07:48:11+00:00\",\"description\":\"Super Omega 3 Activ kapsuly s\u00fa vyroben\u00e9 z vysoko kvalitn\u00e9ho rybieho oleja zo sardiniek, makrely a tuniaka. EPA a DHA prispievaj\u00fa k norm\u00e1lnej \u010dinnosti srdca.\",\"breadcrumb\":{\"@id\":\"https:\\\/\\\/www.lraloeverashop.eu\\\/sk\\\/produkt\\\/super-omega-3-activ-kapsuly\\\/#breadcrumb\"},\"inLanguage\":\"sk-SK\",\"potentialAction\":[{\"@type\":\"ReadAction\",\"target\":[\"https:\\\/\\\/www.lraloeverashop.eu\\\/sk\\\/produkt\\\/super-omega-3-activ-kapsuly\\\/\"]}]},{\"@type\":\"ImageObject\",\"inLanguage\":\"sk-SK\",\"@id\":\"https:\\\/\\\/www.lraloeverashop.eu\\\/sk\\\/produkt\\\/super-omega-3-activ-kapsuly\\\/#primaryimage\",\"url\":\"https:\\\/\\\/www.lraloeverashop.eu\\\/wp-content\\\/uploads\\\/2022\\\/10\\\/Lr-Omega-3-Fatty-acids-contributes-to-normal-cardiac-function.jpg\",\"contentUrl\":\"https:\\\/\\\/www.lraloeverashop.eu\\\/wp-content\\\/uploads\\\/2022\\\/10\\\/Lr-Omega-3-Fatty-acids-contributes-to-normal-cardiac-function.jpg\",\"width\":1200,\"height\":1200,\"caption\":\"Lr Omega 3 Mastn\u00e9 kyseliny prispievaj\u00fa k norm\u00e1lnej \u010dinnosti srdca\"},{\"@type\":\"BreadcrumbList\",\"@id\":\"https:\\\/\\\/www.lraloeverashop.eu\\\/sk\\\/produkt\\\/super-omega-3-activ-kapsuly\\\/#breadcrumb\",\"itemListElement\":[{\"@type\":\"ListItem\",\"position\":1,\"name\":\"Home\",\"item\":\"https:\\\/\\\/www.lraloeverashop.eu\\\/sk\\\/\"},{\"@type\":\"ListItem\",\"position\":2,\"name\":\"Obchod\",\"item\":\"https:\\\/\\\/www.lraloeverashop.eu\\\/shop\\\/\"},{\"@type\":\"ListItem\",\"position\":3,\"name\":\"Super Omega 3 Activ kapsuly\"}]},{\"@type\":\"WebSite\",\"@id\":\"https:\\\/\\\/www.lraloeverashop.eu\\\/sk\\\/#website\",\"url\":\"https:\\\/\\\/www.lraloeverashop.eu\\\/sk\\\/\",\"name\":\"Lr Obchod Aloe Vera\",\"description\":\"High Quality Lr Aloe Vera Gel, Aloe Vera Cream and Shampoo\",\"publisher\":{\"@id\":\"https:\\\/\\\/www.lraloeverashop.eu\\\/sk\\\/#organization\"},\"potentialAction\":[{\"@type\":\"SearchAction\",\"target\":{\"@type\":\"EntryPoint\",\"urlTemplate\":\"https:\\\/\\\/www.lraloeverashop.eu\\\/sk\\\/?s={search_term_string}\"},\"query-input\":{\"@type\":\"PropertyValueSpecification\",\"valueRequired\":true,\"valueName\":\"search_term_string\"}}],\"inLanguage\":\"sk-SK\"},{\"@type\":\"Organization\",\"@id\":\"https:\\\/\\\/www.lraloeverashop.eu\\\/sk\\\/#organization\",\"name\":\"Lr Obchod Aloe Vera\",\"alternateName\":\"LR\",\"url\":\"https:\\\/\\\/www.lraloeverashop.eu\\\/sk\\\/\",\"logo\":{\"@type\":\"ImageObject\",\"inLanguage\":\"sk-SK\",\"@id\":\"https:\\\/\\\/www.lraloeverashop.eu\\\/sk\\\/#\\\/schema\\\/logo\\\/image\\\/\",\"url\":\"https:\\\/\\\/www.lraloeverashop.eu\\\/wp-content\\\/uploads\\\/2022\\\/09\\\/cropped-Lr-Aloe-Vera-Shop.jpg\",\"contentUrl\":\"https:\\\/\\\/www.lraloeverashop.eu\\\/wp-content\\\/uploads\\\/2022\\\/09\\\/cropped-Lr-Aloe-Vera-Shop.jpg\",\"width\":228,\"height\":76,\"caption\":\"Lr Obchod Aloe Vera\"},\"image\":{\"@id\":\"https:\\\/\\\/www.lraloeverashop.eu\\\/sk\\\/#\\\/schema\\\/logo\\\/image\\\/\"},\"sameAs\":[\"https:\\\/\\\/www.facebook.com\\\/lraloeverashop.eu\",\"https:\\\/\\\/x.com\\\/natur__kosmetik\",\"https:\\\/\\\/www.youtube.com\\\/channel\\\/UC5oN7BJ8nfYb8RpVtjwDEBA\",\"https:\\\/\\\/www.instagram.com\\\/lrbeautyeu\\\/\"],\"description\":\"Obchod Lr Aloe Vera je va\u0161\u00edm d\u00f4veryhodn\u00fdm miestom pre pr\u00e9miov\u00e9 produkty LR Health & Beauty vyroben\u00e9 v Nemecku. Pon\u00fakame vysokokvalitn\u00e9 rie\u0161enia starostlivosti o ple\u0165 s Aloe Vera, v\u00fd\u017eivu a proti starnutiu, vyroben\u00e9 z \u010dist\u00fdch ingredienci\u00ed a podlo\u017een\u00e9 vedeck\u00fdm v\u00fdskumom. Objavte pr\u00edrodn\u00fa starostlivos\u0165, ktor\u00e1 regeneruje, chr\u00e1ni a revitalizuje va\u0161u ple\u0165 \u2013 a vyu\u017eite exkluz\u00edvne mesa\u010dn\u00e9 ponuky na na\u0161e najpred\u00e1vanej\u0161ie produkty LR Aloe Vera.\\nZa\u010dnite svoju cestu za pr\u00edrodnou starostlivos\u0165ou o ple\u0165 e\u0161te dnes a poc\u00ed\u0165te rozdiel.\",\"email\":\"info@lraloeverashop.eu\",\"telephone\":\"+49 17670609653\",\"legalName\":\"Lr Aloe Vera Shop\",\"foundingDate\":\"2018-04-21\",\"numberOfEmployees\":{\"@type\":\"QuantitativeValue\",\"minValue\":\"1\",\"maxValue\":\"10\"}}]}<\/script>\n<meta property=\"product:price:amount\" content=\"42.99\" \/>\n<meta property=\"product:price:currency\" content=\"EUR\" \/>\n<meta property=\"og:availability\" content=\"instock\" \/>\n<meta property=\"product:availability\" content=\"instock\" \/>\n<meta property=\"product:retailer_item_id\" content=\"80338-401SK\" \/>\n<meta property=\"product:condition\" content=\"new\" \/>\n<!-- \/ Yoast SEO Premium plugin. -->","yoast_head_json":{"title":"Super Omega 3 Activ kapsuly prispievaj\u00fa k dobrej \u010dinnosti srdca","description":"Super Omega 3 Activ kapsuly s\u00fa vyroben\u00e9 z vysoko kvalitn\u00e9ho rybieho oleja zo sardiniek, makrely a tuniaka. EPA a DHA prispievaj\u00fa k norm\u00e1lnej \u010dinnosti srdca.","robots":{"index":"index","follow":"follow","max-snippet":"max-snippet:-1","max-image-preview":"max-image-preview:large","max-video-preview":"max-video-preview:-1"},"canonical":"https:\/\/www.lraloeverashop.eu\/sk\/produkt\/super-omega-3-activ-kapsuly\/","og_locale":"sk_SK","og_type":"article","og_title":"Super Omega 3 Activ kapsuly","og_description":"Super Omega 3 Activ kapsuly s\u00fa vyroben\u00e9 z vysoko kvalitn\u00e9ho rybieho oleja zo sardiniek, makrely a tuniaka. EPA a DHA prispievaj\u00fa k norm\u00e1lnej \u010dinnosti srdca.","og_url":"https:\/\/www.lraloeverashop.eu\/sk\/produkt\/super-omega-3-activ-kapsuly\/","og_site_name":"Lr Obchod Aloe Vera","article_publisher":"https:\/\/www.facebook.com\/lraloeverashop.eu","article_modified_time":"2025-12-15T07:48:11+00:00","og_image":[{"width":1200,"height":1200,"url":"https:\/\/www.lraloeverashop.eu\/wp-content\/uploads\/2022\/10\/Lr-Omega-3-Fatty-acids-contributes-to-normal-cardiac-function.jpg","type":"image\/jpeg"}],"twitter_card":"summary_large_image","twitter_site":"@natur__kosmetik","schema":{"@context":"https:\/\/schema.org","@graph":[{"@type":["WebPage","ItemPage"],"@id":"https:\/\/www.lraloeverashop.eu\/sk\/produkt\/super-omega-3-activ-kapsuly\/","url":"https:\/\/www.lraloeverashop.eu\/sk\/produkt\/super-omega-3-activ-kapsuly\/","name":"Super Omega 3 Activ kapsuly prispievaj\u00fa k dobrej \u010dinnosti srdca","isPartOf":{"@id":"https:\/\/www.lraloeverashop.eu\/sk\/#website"},"primaryImageOfPage":{"@id":"https:\/\/www.lraloeverashop.eu\/sk\/produkt\/super-omega-3-activ-kapsuly\/#primaryimage"},"image":{"@id":"https:\/\/www.lraloeverashop.eu\/sk\/produkt\/super-omega-3-activ-kapsuly\/#primaryimage"},"thumbnailUrl":"https:\/\/www.lraloeverashop.eu\/wp-content\/uploads\/2022\/10\/Lr-Omega-3-Fatty-acids-contributes-to-normal-cardiac-function.jpg","datePublished":"2022-10-13T07:03:50+00:00","dateModified":"2025-12-15T07:48:11+00:00","description":"Super Omega 3 Activ kapsuly s\u00fa vyroben\u00e9 z vysoko kvalitn\u00e9ho rybieho oleja zo sardiniek, makrely a tuniaka. EPA a DHA prispievaj\u00fa k norm\u00e1lnej \u010dinnosti srdca.","breadcrumb":{"@id":"https:\/\/www.lraloeverashop.eu\/sk\/produkt\/super-omega-3-activ-kapsuly\/#breadcrumb"},"inLanguage":"sk-SK","potentialAction":[{"@type":"ReadAction","target":["https:\/\/www.lraloeverashop.eu\/sk\/produkt\/super-omega-3-activ-kapsuly\/"]}]},{"@type":"ImageObject","inLanguage":"sk-SK","@id":"https:\/\/www.lraloeverashop.eu\/sk\/produkt\/super-omega-3-activ-kapsuly\/#primaryimage","url":"https:\/\/www.lraloeverashop.eu\/wp-content\/uploads\/2022\/10\/Lr-Omega-3-Fatty-acids-contributes-to-normal-cardiac-function.jpg","contentUrl":"https:\/\/www.lraloeverashop.eu\/wp-content\/uploads\/2022\/10\/Lr-Omega-3-Fatty-acids-contributes-to-normal-cardiac-function.jpg","width":1200,"height":1200,"caption":"Lr Omega 3 Mastn\u00e9 kyseliny prispievaj\u00fa k norm\u00e1lnej \u010dinnosti srdca"},{"@type":"BreadcrumbList","@id":"https:\/\/www.lraloeverashop.eu\/sk\/produkt\/super-omega-3-activ-kapsuly\/#breadcrumb","itemListElement":[{"@type":"ListItem","position":1,"name":"Home","item":"https:\/\/www.lraloeverashop.eu\/sk\/"},{"@type":"ListItem","position":2,"name":"Obchod","item":"https:\/\/www.lraloeverashop.eu\/shop\/"},{"@type":"ListItem","position":3,"name":"Super Omega 3 Activ kapsuly"}]},{"@type":"WebSite","@id":"https:\/\/www.lraloeverashop.eu\/sk\/#website","url":"https:\/\/www.lraloeverashop.eu\/sk\/","name":"Lr Obchod Aloe Vera","description":"High Quality Lr Aloe Vera Gel, Aloe Vera Cream and Shampoo","publisher":{"@id":"https:\/\/www.lraloeverashop.eu\/sk\/#organization"},"potentialAction":[{"@type":"SearchAction","target":{"@type":"EntryPoint","urlTemplate":"https:\/\/www.lraloeverashop.eu\/sk\/?s={search_term_string}"},"query-input":{"@type":"PropertyValueSpecification","valueRequired":true,"valueName":"search_term_string"}}],"inLanguage":"sk-SK"},{"@type":"Organization","@id":"https:\/\/www.lraloeverashop.eu\/sk\/#organization","name":"Lr Obchod Aloe Vera","alternateName":"LR","url":"https:\/\/www.lraloeverashop.eu\/sk\/","logo":{"@type":"ImageObject","inLanguage":"sk-SK","@id":"https:\/\/www.lraloeverashop.eu\/sk\/#\/schema\/logo\/image\/","url":"https:\/\/www.lraloeverashop.eu\/wp-content\/uploads\/2022\/09\/cropped-Lr-Aloe-Vera-Shop.jpg","contentUrl":"https:\/\/www.lraloeverashop.eu\/wp-content\/uploads\/2022\/09\/cropped-Lr-Aloe-Vera-Shop.jpg","width":228,"height":76,"caption":"Lr Obchod Aloe Vera"},"image":{"@id":"https:\/\/www.lraloeverashop.eu\/sk\/#\/schema\/logo\/image\/"},"sameAs":["https:\/\/www.facebook.com\/lraloeverashop.eu","https:\/\/x.com\/natur__kosmetik","https:\/\/www.youtube.com\/channel\/UC5oN7BJ8nfYb8RpVtjwDEBA","https:\/\/www.instagram.com\/lrbeautyeu\/"],"description":"Obchod Lr Aloe Vera je va\u0161\u00edm d\u00f4veryhodn\u00fdm miestom pre pr\u00e9miov\u00e9 produkty LR Health & Beauty vyroben\u00e9 v Nemecku. Pon\u00fakame vysokokvalitn\u00e9 rie\u0161enia starostlivosti o ple\u0165 s Aloe Vera, v\u00fd\u017eivu a proti starnutiu, vyroben\u00e9 z \u010dist\u00fdch ingredienci\u00ed a podlo\u017een\u00e9 vedeck\u00fdm v\u00fdskumom. Objavte pr\u00edrodn\u00fa starostlivos\u0165, ktor\u00e1 regeneruje, chr\u00e1ni a revitalizuje va\u0161u ple\u0165 \u2013 a vyu\u017eite exkluz\u00edvne mesa\u010dn\u00e9 ponuky na na\u0161e najpred\u00e1vanej\u0161ie produkty LR Aloe Vera.\nZa\u010dnite svoju cestu za pr\u00edrodnou starostlivos\u0165ou o ple\u0165 e\u0161te dnes a poc\u00ed\u0165te rozdiel.","email":"info@lraloeverashop.eu","telephone":"+49 17670609653","legalName":"Lr Aloe Vera Shop","foundingDate":"2018-04-21","numberOfEmployees":{"@type":"QuantitativeValue","minValue":"1","maxValue":"10"}}]},"product_price_amount":"42.99","product_price_currency":"EUR","og_availability":"instock","product_availability":"instock","product_retailer_item_id":"80338-401SK","product_condition":"new"},"taxonomy_info":{"product_cat":[{"value":468,"label":"\u0160pecialisti"},{"value":426,"label":"Srdce a Krvn\u00fd Obeh"},{"value":301,"label":"Vitam\u00edny a Miner\u00e1ly"},{"value":444,"label":"V\u00fdkon a Energia"},{"value":402,"label":"Z\u00e1klad"}],"product_tag":[{"value":686,"label":"Miner\u00e1ly a vitam\u00edny"}]},"featured_image_src_large":["https:\/\/www.lraloeverashop.eu\/wp-content\/uploads\/2022\/10\/Lr-Omega-3-Fatty-acids-contributes-to-normal-cardiac-function-1024x1024.jpg",1024,1024,true],"author_info":[],"comment_info":0,"_links":{"self":[{"href":"https:\/\/www.lraloeverashop.eu\/sk\/wp-json\/wp\/v2\/product\/9632","targetHints":{"allow":["GET"]}}],"collection":[{"href":"https:\/\/www.lraloeverashop.eu\/sk\/wp-json\/wp\/v2\/product"}],"about":[{"href":"https:\/\/www.lraloeverashop.eu\/sk\/wp-json\/wp\/v2\/types\/product"}],"replies":[{"embeddable":true,"href":"https:\/\/www.lraloeverashop.eu\/sk\/wp-json\/wp\/v2\/comments?post=9632"}],"wp:featuredmedia":[{"embeddable":true,"href":"https:\/\/www.lraloeverashop.eu\/sk\/wp-json\/wp\/v2\/media\/5638"}],"wp:attachment":[{"href":"https:\/\/www.lraloeverashop.eu\/sk\/wp-json\/wp\/v2\/media?parent=9632"}],"wp:term":[{"taxonomy":"product_brand","embeddable":true,"href":"https:\/\/www.lraloeverashop.eu\/sk\/wp-json\/wp\/v2\/product_brand?post=9632"},{"taxonomy":"product_cat","embeddable":true,"href":"https:\/\/www.lraloeverashop.eu\/sk\/wp-json\/wp\/v2\/product_cat?post=9632"},{"taxonomy":"product_tag","embeddable":true,"href":"https:\/\/www.lraloeverashop.eu\/sk\/wp-json\/wp\/v2\/product_tag?post=9632"}],"curies":[{"name":"wp","href":"https:\/\/api.w.org\/{rel}","templated":true}]}}