{"id":9593,"date":"2022-10-13T10:31:27","date_gmt":"2022-10-13T08:31:27","guid":{"rendered":"https:\/\/www.lraloeverashop.eu\/product\/mind-master-extreme-s-guaranou\/"},"modified":"2026-02-28T06:23:33","modified_gmt":"2026-02-28T05:23:33","slug":"mind-master-extreme-s-guaranou","status":"publish","type":"product","link":"https:\/\/www.lraloeverashop.eu\/sk\/produkt\/mind-master-extreme-s-guaranou\/","title":{"rendered":"Mind Master Extreme s Guaranou"},"content":{"rendered":"<h2><strong><span style=\"font-size: 16pt;\">Mind Master Extreme s Guaranou<\/span><\/strong><\/h2>\n<p><strong><span style=\"font-size: 14pt;\">Mind Master Extreme s Guaranou pre viac energie a v\u00fdkonu<\/span><\/strong><\/p>\n<p>Mind Master Extreme s Guaranou vo vhodnom form\u00e1te. Jednoducho roztrhnite s\u00e1\u010dok, vezmite ho priamo bez vody a za\u010dnite s nap\u00e4t\u00edm! Recept\u00fara 2 v 1 v\u00e1m pon\u00faka nielen silu, ale aj <a href=\"https:\/\/www.lraloeverashop.eu\/sk\/produkt\/mind-master-s-guaranou\/\">ochranu pred oxida\u010dn\u00fdm stresom<\/a> v\u010faka \u00fa\u010dinn\u00fdm antioxidantom.<\/p>\n<p>MindMaster Extreme poskytuje okam\u017eit\u00fa, \u00fa\u010dinn\u00fa a zdrav\u00fa energiu pre myse\u013e a telo<span style=\"font-size: 10pt;\"><sup>1,2,3,4<\/sup><\/span><br \/>\nS\u00e1\u010dok sa zmest\u00ed do ka\u017ed\u00e9ho vrecka a d\u00e1 sa konzumova\u0165 priamo &#8211; bez vody.<\/p>\n<p style=\"text-align: left;\"><strong><span style=\"font-size: 14pt;\">Extr\u00e9mna energetick\u00e1 podpora pre myse\u013e<span style=\"font-size: 10pt;\"><sup>4,5<\/sup><\/span>:<\/span><\/strong><\/p>\n<p>Prebud\u00ed V\u00e1s \u010do najkrat\u0161om \u010dase<span style=\"font-size: 14pt;\"><span style=\"font-size: 10pt;\"><sup>1,2,3<\/sup><\/span><\/span><br \/>\nZv\u00fd\u0161uje koncentr\u00e1ciu a v\u00fdkon<span style=\"font-size: 14pt;\"><span style=\"font-size: 10pt;\"><sup>1,2,4<\/sup><\/span><\/span><\/p>\n<p>&nbsp;<\/p>\n<p style=\"text-align: left;\"><strong><span style=\"font-size: 14pt;\">Extr\u00e9mna energetick\u00e1 podpora pre telo<span style=\"font-size: 10pt;\"><sup>1,2,3,5,6<\/sup><\/span><\/span><\/strong><\/p>\n<p>Budete fit a vit\u00e1lny vo velmi kr\u00e1tkom \u010dase<span style=\"font-size: 10pt;\"><sup>1,2<\/sup><\/span><br \/>\nZvy\u0161uje vytrvalos\u0165 a v\u00fdkon<span style=\"font-size: 10pt;\"><sup>2,3<\/sup><\/span><\/p>\n<p>&nbsp;<\/p>\n<p>Mind Master Extremer s Guaranou pozost\u00e1va z hodnotnej zmesi pr\u00edrodn\u00fdch super boosterov, ako je kofe\u00edn, taur\u00edn, inozitol, aminokyseliny, vitam\u00edny, miner\u00e1ly a koenz\u00fdm Q10. So sladidlami. Bez lepku, bez lakt\u00f3zy, s pr\u00edchu\u0165ou gran\u00e1tov\u00e9ho jablka. Jedna ty\u010dinka obsahuje viac kofe\u00ednu ako \u0161\u00e1lka espressa alebo be\u017en\u00e9ho energetick\u00e9ho n\u00e1poja. Pokr\u00fdva 100% dennej potreby 6 d\u00f4le\u017eit\u00fdch vitam\u00ednov vr\u00e1tane D, E, B12.<\/p>\n<p><strong><span style=\"color: #0000ff;\">Sta\u010d\u00ed ho roztrhn\u00fa\u0165, skonzumova\u0165 obsah bez vody a za\u010da\u0165 s v\u00fdkonom!<\/span><\/strong><\/p>\n<h3><strong><span style=\"font-size: 16pt;\">MindMaster Bez cukru a chut\u00ed ako gran\u00e1tov\u00e9 jablko.<\/span><\/strong><\/h3>\n<p>Kofe\u00edn z guarany a extraktu zo zelen\u00e9ho \u010daju, ako aj aminokyseliny (BCAA) na\u0161tartuj\u00fa metabolizmus a <a href=\"https:\/\/www.lraloeverashop.eu\/sk\/mind-master-extreme-energeticky-prasok-pre-viac-energie\/\">dodaj\u00fa telu energiu<\/a>, tak\u017ee m\u00f4\u017eete priamo pod\u00e1va\u0165 v\u00fdkony. Vitam\u00edny skupiny B zni\u017euj\u00fa \u00fanavu a podporuj\u00fa va\u0161e du\u0161evn\u00e9 a kognit\u00edvne funkcie. Va\u0161a reaktivita sa zvy\u0161uje a m\u00f4\u017eete kona\u0165 r\u00fdchlej\u0161ie a by\u0165 ostra\u017eitej\u0161\u00ed. Antioxidanty ako vitam\u00edn E a vitam\u00edn C chr\u00e1nia pred oxida\u010dn\u00fdm stresom.<\/p>\n<p>1) Vitam\u00edn B12 pom\u00e1ha zni\u017eova\u0165 \u00fanavu a vy\u010derpanie.<br \/>\n2) Kofe\u00edn nach\u00e1dzaj\u00faci sa v guarane pom\u00e1ha zvy\u0161ova\u0165 bdelos\u0165 a koncentr\u00e1ciu. Kofe\u00edn obsiahnut\u00fd v guarane pom\u00e1ha zvy\u0161ova\u0165 vytrvalostn\u00fd v\u00fdkon.<br \/>\n3) Vitam\u00edn C prispieva k norm\u00e1lnemu energetick\u00e9mu metabolizmu.<br \/>\n4) Tiam\u00edn, vitam\u00edn B6 a vitam\u00edn B12 prispievaj\u00fa k norm\u00e1lnej du\u0161evnej funkcii.<br \/>\n5) Mind Master Extreme Pr\u00e1\u0161ok s Guaranou a Vitam\u00ednom E, C a sel\u00e9nom pom\u00e1ha chr\u00e1ni\u0165 bunky pred oxida\u010dn\u00fdm stresom.<br \/>\n6) Vitam\u00edn D prispieva k udr\u017eaniu norm\u00e1lnej \u010dinnosti svalov.<\/p>\n","protected":false},"excerpt":{"rendered":"<ul>\n<li>Potenci\u00e1tor pre du\u0161evn\u00fd a fyzick\u00fd v\u00fdkon<span style=\"font-size: 10pt;\"><sup>2,3,4<\/sup><\/span><\/li>\n<li>Ochrana proti oxidat\u00edvnemu stresu<span style=\"font-size: 10pt;\"><sup>,1<\/sup><\/span><\/li>\n<li>Vysoko v\u00fdkonn\u00fd pr\u00e1\u0161ok v praktickom form\u00e1te<\/li>\n<li>Bez cukru<\/li>\n<li>Na priamu konzum\u00e1ciu bez vody<\/li>\n<li>Mno\u017estvo: 5 x 35 g<\/li>\n<\/ul>\n<p>&nbsp;<\/p>\n","protected":false},"featured_media":5758,"comment_status":"open","ping_status":"closed","template":"","meta":{"_kad_blocks_custom_css":"","_kad_blocks_head_custom_js":"","_kad_blocks_body_custom_js":"","_kad_blocks_footer_custom_js":"","_kadence_starter_templates_imported_post":false,"_kad_post_transparent":"default","_kad_post_title":"","_kad_post_layout":"default","_kad_post_sidebar_id":"","_kad_post_content_style":"default","_kad_post_vertical_padding":"default","_kad_post_feature":"","_kad_post_feature_position":"","_kad_post_header":false,"_kad_post_footer":false,"_kad_post_classname":""},"product_brand":[],"product_cat":[504,468,414,459,444],"product_tag":[678],"class_list":{"0":"post-9593","1":"product","2":"type-product","3":"status-publish","4":"has-post-thumbnail","6":"product_cat-mind-master-sk","7":"product_cat-specialista","8":"product_cat-specialne-produkty","9":"product_cat-usetrite-v-setoch","10":"product_cat-vykon-a-energia","11":"product_tag-na-energiu","13":"first","14":"outofstock","15":"taxable","16":"shipping-taxable","17":"purchasable","18":"product-type-simple","19":"entry","20":"content-bg","21":"loop-entry"},"yoast_head":"<!-- This site is optimized with the Yoast SEO Premium plugin v27.3 (Yoast SEO v27.3) - https:\/\/yoast.com\/product\/yoast-seo-premium-wordpress\/ -->\n<title>Mind Master Extreme s Guaranou pre viac energie a v\u00fdkonu<\/title>\n<meta name=\"description\" content=\"Mind Master Extreme s Guaranou poskytuje okam\u017eit\u00fa, \u00fa\u010dinn\u00fa a zdrav\u00fa energiu pre myse\u013e a telo. Je to Potenci\u00e1tor pre du\u0161evn\u00fd a fyzick\u00fd v\u00fdkon. Bez cukru.\" \/>\n<meta name=\"robots\" content=\"index, follow, max-snippet:-1, max-image-preview:large, max-video-preview:-1\" \/>\n<link rel=\"canonical\" href=\"https:\/\/www.lraloeverashop.eu\/sk\/produkt\/mind-master-extreme-s-guaranou\/\" \/>\n<meta property=\"og:locale\" content=\"sk_SK\" \/>\n<meta property=\"og:type\" content=\"article\" \/>\n<meta property=\"og:title\" content=\"Mind Master Extreme s Guaranou\" \/>\n<meta property=\"og:description\" content=\"Mind Master Extreme s Guaranou poskytuje okam\u017eit\u00fa, \u00fa\u010dinn\u00fa a zdrav\u00fa energiu pre myse\u013e a telo. Je to Potenci\u00e1tor pre du\u0161evn\u00fd a fyzick\u00fd v\u00fdkon. Bez cukru.\" \/>\n<meta property=\"og:url\" content=\"https:\/\/www.lraloeverashop.eu\/sk\/produkt\/mind-master-extreme-s-guaranou\/\" \/>\n<meta property=\"og:site_name\" content=\"Lr Obchod Aloe Vera\" \/>\n<meta property=\"article:publisher\" content=\"https:\/\/www.facebook.com\/lraloeverashop.eu\" \/>\n<meta property=\"article:modified_time\" content=\"2026-02-28T05:23:33+00:00\" \/>\n<meta property=\"og:image\" content=\"https:\/\/www.lraloeverashop.eu\/wp-content\/uploads\/2022\/10\/Mind-Master-Performance-powder-with-quarana-set.jpg\" \/>\n\t<meta property=\"og:image:width\" content=\"1200\" \/>\n\t<meta property=\"og:image:height\" content=\"1200\" \/>\n\t<meta property=\"og:image:type\" content=\"image\/jpeg\" \/>\n<meta name=\"twitter:card\" content=\"summary_large_image\" \/>\n<meta name=\"twitter:site\" content=\"@natur__kosmetik\" \/>\n<script type=\"application\/ld+json\" class=\"yoast-schema-graph\">{\"@context\":\"https:\\\/\\\/schema.org\",\"@graph\":[{\"@type\":[\"WebPage\",\"ItemPage\"],\"@id\":\"https:\\\/\\\/www.lraloeverashop.eu\\\/sk\\\/produkt\\\/mind-master-extreme-s-guaranou\\\/\",\"url\":\"https:\\\/\\\/www.lraloeverashop.eu\\\/sk\\\/produkt\\\/mind-master-extreme-s-guaranou\\\/\",\"name\":\"Mind Master Extreme s Guaranou pre viac energie a v\u00fdkonu\",\"isPartOf\":{\"@id\":\"https:\\\/\\\/www.lraloeverashop.eu\\\/sk\\\/#website\"},\"primaryImageOfPage\":{\"@id\":\"https:\\\/\\\/www.lraloeverashop.eu\\\/sk\\\/produkt\\\/mind-master-extreme-s-guaranou\\\/#primaryimage\"},\"image\":{\"@id\":\"https:\\\/\\\/www.lraloeverashop.eu\\\/sk\\\/produkt\\\/mind-master-extreme-s-guaranou\\\/#primaryimage\"},\"thumbnailUrl\":\"https:\\\/\\\/www.lraloeverashop.eu\\\/wp-content\\\/uploads\\\/2022\\\/10\\\/Mind-Master-Performance-powder-with-quarana-set.jpg\",\"datePublished\":\"2022-10-13T08:31:27+00:00\",\"dateModified\":\"2026-02-28T05:23:33+00:00\",\"description\":\"Mind Master Extreme s Guaranou poskytuje okam\u017eit\u00fa, \u00fa\u010dinn\u00fa a zdrav\u00fa energiu pre myse\u013e a telo. Je to Potenci\u00e1tor pre du\u0161evn\u00fd a fyzick\u00fd v\u00fdkon. Bez cukru.\",\"breadcrumb\":{\"@id\":\"https:\\\/\\\/www.lraloeverashop.eu\\\/sk\\\/produkt\\\/mind-master-extreme-s-guaranou\\\/#breadcrumb\"},\"inLanguage\":\"sk-SK\",\"potentialAction\":[{\"@type\":\"ReadAction\",\"target\":[\"https:\\\/\\\/www.lraloeverashop.eu\\\/sk\\\/produkt\\\/mind-master-extreme-s-guaranou\\\/\"]}]},{\"@type\":\"ImageObject\",\"inLanguage\":\"sk-SK\",\"@id\":\"https:\\\/\\\/www.lraloeverashop.eu\\\/sk\\\/produkt\\\/mind-master-extreme-s-guaranou\\\/#primaryimage\",\"url\":\"https:\\\/\\\/www.lraloeverashop.eu\\\/wp-content\\\/uploads\\\/2022\\\/10\\\/Mind-Master-Performance-powder-with-quarana-set.jpg\",\"contentUrl\":\"https:\\\/\\\/www.lraloeverashop.eu\\\/wp-content\\\/uploads\\\/2022\\\/10\\\/Mind-Master-Performance-powder-with-quarana-set.jpg\",\"width\":1200,\"height\":1200,\"caption\":\"Sada Mind Master V\u00fdkonn\u00fd pr\u00e1\u0161ok s guaranou\"},{\"@type\":\"BreadcrumbList\",\"@id\":\"https:\\\/\\\/www.lraloeverashop.eu\\\/sk\\\/produkt\\\/mind-master-extreme-s-guaranou\\\/#breadcrumb\",\"itemListElement\":[{\"@type\":\"ListItem\",\"position\":1,\"name\":\"Home\",\"item\":\"https:\\\/\\\/www.lraloeverashop.eu\\\/sk\\\/\"},{\"@type\":\"ListItem\",\"position\":2,\"name\":\"Obchod\",\"item\":\"https:\\\/\\\/www.lraloeverashop.eu\\\/shop\\\/\"},{\"@type\":\"ListItem\",\"position\":3,\"name\":\"Mind Master Extreme s Guaranou\"}]},{\"@type\":\"WebSite\",\"@id\":\"https:\\\/\\\/www.lraloeverashop.eu\\\/sk\\\/#website\",\"url\":\"https:\\\/\\\/www.lraloeverashop.eu\\\/sk\\\/\",\"name\":\"Lr Obchod Aloe Vera\",\"description\":\"High Quality Lr Aloe Vera Gel, Aloe Vera Cream and Shampoo\",\"publisher\":{\"@id\":\"https:\\\/\\\/www.lraloeverashop.eu\\\/sk\\\/#organization\"},\"potentialAction\":[{\"@type\":\"SearchAction\",\"target\":{\"@type\":\"EntryPoint\",\"urlTemplate\":\"https:\\\/\\\/www.lraloeverashop.eu\\\/sk\\\/?s={search_term_string}\"},\"query-input\":{\"@type\":\"PropertyValueSpecification\",\"valueRequired\":true,\"valueName\":\"search_term_string\"}}],\"inLanguage\":\"sk-SK\"},{\"@type\":\"Organization\",\"@id\":\"https:\\\/\\\/www.lraloeverashop.eu\\\/sk\\\/#organization\",\"name\":\"Lr Obchod Aloe Vera\",\"alternateName\":\"LR\",\"url\":\"https:\\\/\\\/www.lraloeverashop.eu\\\/sk\\\/\",\"logo\":{\"@type\":\"ImageObject\",\"inLanguage\":\"sk-SK\",\"@id\":\"https:\\\/\\\/www.lraloeverashop.eu\\\/sk\\\/#\\\/schema\\\/logo\\\/image\\\/\",\"url\":\"https:\\\/\\\/www.lraloeverashop.eu\\\/wp-content\\\/uploads\\\/2022\\\/09\\\/cropped-Lr-Aloe-Vera-Shop.jpg\",\"contentUrl\":\"https:\\\/\\\/www.lraloeverashop.eu\\\/wp-content\\\/uploads\\\/2022\\\/09\\\/cropped-Lr-Aloe-Vera-Shop.jpg\",\"width\":228,\"height\":76,\"caption\":\"Lr Obchod Aloe Vera\"},\"image\":{\"@id\":\"https:\\\/\\\/www.lraloeverashop.eu\\\/sk\\\/#\\\/schema\\\/logo\\\/image\\\/\"},\"sameAs\":[\"https:\\\/\\\/www.facebook.com\\\/lraloeverashop.eu\",\"https:\\\/\\\/x.com\\\/natur__kosmetik\",\"https:\\\/\\\/www.youtube.com\\\/channel\\\/UC5oN7BJ8nfYb8RpVtjwDEBA\",\"https:\\\/\\\/www.instagram.com\\\/lrbeautyeu\\\/\"]}]}<\/script>\n<meta property=\"product:price:amount\" content=\"157.49\" \/>\n<meta property=\"product:price:currency\" content=\"EUR\" \/>\n<meta property=\"og:availability\" content=\"out of stock\" \/>\n<meta property=\"product:availability\" content=\"out of stock\" \/>\n<meta property=\"product:retailer_item_id\" content=\"80985-101SK\" \/>\n<meta property=\"product:condition\" content=\"new\" \/>\n<!-- \/ Yoast SEO Premium plugin. -->","yoast_head_json":{"title":"Mind Master Extreme s Guaranou pre viac energie a v\u00fdkonu","description":"Mind Master Extreme s Guaranou poskytuje okam\u017eit\u00fa, \u00fa\u010dinn\u00fa a zdrav\u00fa energiu pre myse\u013e a telo. Je to Potenci\u00e1tor pre du\u0161evn\u00fd a fyzick\u00fd v\u00fdkon. Bez cukru.","robots":{"index":"index","follow":"follow","max-snippet":"max-snippet:-1","max-image-preview":"max-image-preview:large","max-video-preview":"max-video-preview:-1"},"canonical":"https:\/\/www.lraloeverashop.eu\/sk\/produkt\/mind-master-extreme-s-guaranou\/","og_locale":"sk_SK","og_type":"article","og_title":"Mind Master Extreme s Guaranou","og_description":"Mind Master Extreme s Guaranou poskytuje okam\u017eit\u00fa, \u00fa\u010dinn\u00fa a zdrav\u00fa energiu pre myse\u013e a telo. Je to Potenci\u00e1tor pre du\u0161evn\u00fd a fyzick\u00fd v\u00fdkon. Bez cukru.","og_url":"https:\/\/www.lraloeverashop.eu\/sk\/produkt\/mind-master-extreme-s-guaranou\/","og_site_name":"Lr Obchod Aloe Vera","article_publisher":"https:\/\/www.facebook.com\/lraloeverashop.eu","article_modified_time":"2026-02-28T05:23:33+00:00","og_image":[{"width":1200,"height":1200,"url":"https:\/\/www.lraloeverashop.eu\/wp-content\/uploads\/2022\/10\/Mind-Master-Performance-powder-with-quarana-set.jpg","type":"image\/jpeg"}],"twitter_card":"summary_large_image","twitter_site":"@natur__kosmetik","schema":{"@context":"https:\/\/schema.org","@graph":[{"@type":["WebPage","ItemPage"],"@id":"https:\/\/www.lraloeverashop.eu\/sk\/produkt\/mind-master-extreme-s-guaranou\/","url":"https:\/\/www.lraloeverashop.eu\/sk\/produkt\/mind-master-extreme-s-guaranou\/","name":"Mind Master Extreme s Guaranou pre viac energie a v\u00fdkonu","isPartOf":{"@id":"https:\/\/www.lraloeverashop.eu\/sk\/#website"},"primaryImageOfPage":{"@id":"https:\/\/www.lraloeverashop.eu\/sk\/produkt\/mind-master-extreme-s-guaranou\/#primaryimage"},"image":{"@id":"https:\/\/www.lraloeverashop.eu\/sk\/produkt\/mind-master-extreme-s-guaranou\/#primaryimage"},"thumbnailUrl":"https:\/\/www.lraloeverashop.eu\/wp-content\/uploads\/2022\/10\/Mind-Master-Performance-powder-with-quarana-set.jpg","datePublished":"2022-10-13T08:31:27+00:00","dateModified":"2026-02-28T05:23:33+00:00","description":"Mind Master Extreme s Guaranou poskytuje okam\u017eit\u00fa, \u00fa\u010dinn\u00fa a zdrav\u00fa energiu pre myse\u013e a telo. Je to Potenci\u00e1tor pre du\u0161evn\u00fd a fyzick\u00fd v\u00fdkon. Bez cukru.","breadcrumb":{"@id":"https:\/\/www.lraloeverashop.eu\/sk\/produkt\/mind-master-extreme-s-guaranou\/#breadcrumb"},"inLanguage":"sk-SK","potentialAction":[{"@type":"ReadAction","target":["https:\/\/www.lraloeverashop.eu\/sk\/produkt\/mind-master-extreme-s-guaranou\/"]}]},{"@type":"ImageObject","inLanguage":"sk-SK","@id":"https:\/\/www.lraloeverashop.eu\/sk\/produkt\/mind-master-extreme-s-guaranou\/#primaryimage","url":"https:\/\/www.lraloeverashop.eu\/wp-content\/uploads\/2022\/10\/Mind-Master-Performance-powder-with-quarana-set.jpg","contentUrl":"https:\/\/www.lraloeverashop.eu\/wp-content\/uploads\/2022\/10\/Mind-Master-Performance-powder-with-quarana-set.jpg","width":1200,"height":1200,"caption":"Sada Mind Master V\u00fdkonn\u00fd pr\u00e1\u0161ok s guaranou"},{"@type":"BreadcrumbList","@id":"https:\/\/www.lraloeverashop.eu\/sk\/produkt\/mind-master-extreme-s-guaranou\/#breadcrumb","itemListElement":[{"@type":"ListItem","position":1,"name":"Home","item":"https:\/\/www.lraloeverashop.eu\/sk\/"},{"@type":"ListItem","position":2,"name":"Obchod","item":"https:\/\/www.lraloeverashop.eu\/shop\/"},{"@type":"ListItem","position":3,"name":"Mind Master Extreme s Guaranou"}]},{"@type":"WebSite","@id":"https:\/\/www.lraloeverashop.eu\/sk\/#website","url":"https:\/\/www.lraloeverashop.eu\/sk\/","name":"Lr Obchod Aloe Vera","description":"High Quality Lr Aloe Vera Gel, Aloe Vera Cream and Shampoo","publisher":{"@id":"https:\/\/www.lraloeverashop.eu\/sk\/#organization"},"potentialAction":[{"@type":"SearchAction","target":{"@type":"EntryPoint","urlTemplate":"https:\/\/www.lraloeverashop.eu\/sk\/?s={search_term_string}"},"query-input":{"@type":"PropertyValueSpecification","valueRequired":true,"valueName":"search_term_string"}}],"inLanguage":"sk-SK"},{"@type":"Organization","@id":"https:\/\/www.lraloeverashop.eu\/sk\/#organization","name":"Lr Obchod Aloe Vera","alternateName":"LR","url":"https:\/\/www.lraloeverashop.eu\/sk\/","logo":{"@type":"ImageObject","inLanguage":"sk-SK","@id":"https:\/\/www.lraloeverashop.eu\/sk\/#\/schema\/logo\/image\/","url":"https:\/\/www.lraloeverashop.eu\/wp-content\/uploads\/2022\/09\/cropped-Lr-Aloe-Vera-Shop.jpg","contentUrl":"https:\/\/www.lraloeverashop.eu\/wp-content\/uploads\/2022\/09\/cropped-Lr-Aloe-Vera-Shop.jpg","width":228,"height":76,"caption":"Lr Obchod Aloe Vera"},"image":{"@id":"https:\/\/www.lraloeverashop.eu\/sk\/#\/schema\/logo\/image\/"},"sameAs":["https:\/\/www.facebook.com\/lraloeverashop.eu","https:\/\/x.com\/natur__kosmetik","https:\/\/www.youtube.com\/channel\/UC5oN7BJ8nfYb8RpVtjwDEBA","https:\/\/www.instagram.com\/lrbeautyeu\/"]}]},"product_price_amount":"157.49","product_price_currency":"EUR","og_availability":"out of stock","product_availability":"out of stock","product_retailer_item_id":"80985-101SK","product_condition":"new"},"taxonomy_info":{"product_cat":[{"value":504,"label":"Mind Master"},{"value":468,"label":"\u0160pecialisti"},{"value":414,"label":"\u0160peci\u00e1lne Produkty"},{"value":459,"label":"U\u0161etrite v setoch"},{"value":444,"label":"V\u00fdkon a Energia"}],"product_tag":[{"value":678,"label":"na energiu"}]},"featured_image_src_large":["https:\/\/www.lraloeverashop.eu\/wp-content\/uploads\/2022\/10\/Mind-Master-Performance-powder-with-quarana-set-1024x1024.jpg",1024,1024,true],"author_info":[],"comment_info":0,"_links":{"self":[{"href":"https:\/\/www.lraloeverashop.eu\/sk\/wp-json\/wp\/v2\/product\/9593","targetHints":{"allow":["GET"]}}],"collection":[{"href":"https:\/\/www.lraloeverashop.eu\/sk\/wp-json\/wp\/v2\/product"}],"about":[{"href":"https:\/\/www.lraloeverashop.eu\/sk\/wp-json\/wp\/v2\/types\/product"}],"replies":[{"embeddable":true,"href":"https:\/\/www.lraloeverashop.eu\/sk\/wp-json\/wp\/v2\/comments?post=9593"}],"wp:featuredmedia":[{"embeddable":true,"href":"https:\/\/www.lraloeverashop.eu\/sk\/wp-json\/wp\/v2\/media\/5758"}],"wp:attachment":[{"href":"https:\/\/www.lraloeverashop.eu\/sk\/wp-json\/wp\/v2\/media?parent=9593"}],"wp:term":[{"taxonomy":"product_brand","embeddable":true,"href":"https:\/\/www.lraloeverashop.eu\/sk\/wp-json\/wp\/v2\/product_brand?post=9593"},{"taxonomy":"product_cat","embeddable":true,"href":"https:\/\/www.lraloeverashop.eu\/sk\/wp-json\/wp\/v2\/product_cat?post=9593"},{"taxonomy":"product_tag","embeddable":true,"href":"https:\/\/www.lraloeverashop.eu\/sk\/wp-json\/wp\/v2\/product_tag?post=9593"}],"curies":[{"name":"wp","href":"https:\/\/api.w.org\/{rel}","templated":true}]}}