{"id":9530,"date":"2022-10-13T18:52:54","date_gmt":"2022-10-13T16:52:54","guid":{"rendered":"https:\/\/www.lraloeverashop.eu\/product\/mind-master-performance-drink-cerveny\/"},"modified":"2026-02-27T17:48:43","modified_gmt":"2026-02-27T16:48:43","slug":"mind-master-performance-drink-cerveny","status":"publish","type":"product","link":"https:\/\/www.lraloeverashop.eu\/sk\/produkt\/mind-master-performance-drink-cerveny\/","title":{"rendered":"Mind Master Drink \u010cerven\u00fd"},"content":{"rendered":"<h2><span style=\"font-size: 16pt;\"><strong>Mind Master Drink \u010cerven\u00fd<\/strong><\/span><\/h2>\n<p><span style=\"font-size: 14pt;\"><strong>Mind Master Drink \u010cerven\u00fd Prispieva k norm\u00e1lnemu energetick\u00e9mu metabolizmu<\/strong><\/span><\/p>\n<p>&nbsp;<\/p>\n<p>Pr\u00e1ca, rodina, \u0161port a vo\u013en\u00fd \u010das \u2013 dosta\u0165 veci pod kontrolu m\u00f4\u017ee by\u0165 niekedy vy\u010derp\u00e1vaj\u00face. O to d\u00f4le\u017eitej\u0161ie je optim\u00e1lne zabezpe\u010di\u0165 rovnov\u00e1hu \u017eiv\u00edn s u\u017eito\u010dn\u00fdmi vitam\u00ednmi a stopov\u00fdmi prvkami.<\/p>\n<p><strong>Mind Master dod\u00e1va d\u00f4le\u017eit\u00e9 mikro\u017eiviny, ktor\u00e9 prispievaj\u00fa k:<\/strong><\/p>\n<ul>\n<li>K norm\u00e1lnej zmene energie,<\/li>\n<li>Norm\u00e1lna funkcia <a href=\"https:\/\/www.lraloeverashop.eu\/sk\/produkt\/mind-master-s-guaranou\/\">nervov\u00e9ho syst\u00e9mu<\/a>,<\/li>\n<li>K norm\u00e1lnej du\u0161evnej funkcii,<\/li>\n<li>Na zn\u00ed\u017eenie \u00fanavy,<\/li>\n<li>K norm\u00e1lnej <a href=\"https:\/\/www.lraloeverashop.eu\/sk\/produkt\/reishi-huba-kapsule\/\">kognit\u00edvnej funkcii<\/a>,<\/li>\n<li>Na ochranu buniek pred oxida\u010dn\u00fdm stresom.<\/li>\n<\/ul>\n<p>&nbsp;<\/p>\n<p>Mind Master Drink \u010cerven\u00fd v\u00e1s bude sprev\u00e1dza\u0165 po cel\u00fd de\u0148: do pr\u00e1ce, do \u0161koly, na \u0161port at\u010f. V\u00e1\u0161 ka\u017edodenn\u00fd pr\u00edspevok k ide\u00e1lnemu z\u00e1sobovaniu \u017eivinami pri akt\u00edvnom \u017eivotnom \u0161t\u00fdle!<\/p>\n<p><strong>Vedecky testovan\u00e9 EFSA *<\/strong><\/p>\n<ul>\n<li>Tiam\u00edn a vitam\u00edn B12 prispievaj\u00fa k norm\u00e1lnemu energetick\u00e9mu metabolizmu.<\/li>\n<li>Vitam\u00edn B12 prispieva k norm\u00e1lnej funkcii nervov\u00e9ho syst\u00e9mu.<\/li>\n<li>Vitam\u00edn B12 prispieva k norm\u00e1lnej <a href=\"https:\/\/www.lraloeverashop.eu\/sk\/produkt\/mind-master-extreme-s-guaranou\/\">psychickej \u010dinnosti<\/a>.<\/li>\n<li>Vitam\u00edn B12 a \u017eelezo prispievaj\u00fa k zn\u00ed\u017eeniu \u00fanavy.<\/li>\n<li>\u017delezo prispieva k norm\u00e1lnej kognit\u00edvnej funkcii.<\/li>\n<li>Vitam\u00edn E pom\u00e1ha chr\u00e1ni\u0165 bunky pred oxida\u010dn\u00fdm stresom.<\/li>\n<\/ul>\n<h3><strong><span style=\"font-size: 16pt;\">Ako pou\u017e\u00edva\u0165<\/span><\/strong><\/h3>\n<p><strong>Odpor\u00fa\u010dan\u00e9 denn\u00e9 d\u00e1vkovanie:<\/strong><br \/>\nU\u017e\u00edvajte 80 ml <a href=\"https:\/\/www.lraloeverashop.eu\/sk\/produkt\/mind-master-cerveny-napoj\/\">Mind Master<\/a> raz denne, najlep\u0161ie po jedle. V z\u00e1vislosti od va\u0161ich preferenci\u00ed sa m\u00f4\u017ee konzumova\u0165 \u010dist\u00fd alebo rozpusten\u00fd vo vode alebo \u0161\u0165ave. Pred pou\u017eit\u00edm pretrepte. Po otvoren\u00ed skladuje v chladni\u010dke.<\/p>\n<p><strong>Neprekra\u010dujte odpor\u00fa\u010dan\u00fa denn\u00fa d\u00e1vku.<\/strong><br \/>\nV\u00fd\u017eivov\u00e9 doplnky nie s\u00fa n\u00e1hradou pestrej a vyv\u00e1\u017eenej stravy v kombin\u00e1cii so zdrav\u00fdm \u017eivotn\u00fdm \u0161t\u00fdlom. Uchov\u00e1vajte mimo dosahu det\u00ed.<\/p>\n<p>&nbsp;<\/p>\n<h4><span style=\"font-size: 16pt;\"><strong>\u010casto kladen\u00e9 ot\u00e1zky<\/strong><\/span><\/h4>\n<p><strong>Odkia\u013e poch\u00e1dza \u0161peci\u00e1lna chu\u0165 n\u00e1poja Mind Master Drink?<\/strong><br \/>\nChu\u0165 je \u00faplne prirodzen\u00e1 &#8211; poch\u00e1dza z vysokej koncentr\u00e1cie rastlinn\u00fdch extraktov, a preto m\u00e1 jemne horkast\u00fa n\u00f4tu. Hlavnou chu\u0165ou je \u0161\u0165ava z \u010derven\u00e9ho hrozna ako z\u00e1klad. Chu\u0165 dotv\u00e1ra St\u00e9via, \u010dist\u00e1 rastlinn\u00e1 l\u00e1tka s vysokou sladivos\u0165ou.<\/p>\n<p><strong>Je Mind Master Drink \u010cerven\u00fd vhodn\u00fd pre deti?<\/strong><br \/>\n\u0160kol\u00e1ci a t\u00edned\u017eeri m\u00f4\u017eu konzumova\u0165 Mind Master.<\/p>\n<p><strong>Je Mind Master vhodn\u00fd pre \u013eud\u00ed s cukrovkou?<\/strong><br \/>\nMind Master obsahuje len mal\u00e9 mno\u017estvo jednoduch\u00fdch cukrov vo forme dextr\u00f3zy. Denn\u00e1 d\u00e1vka 80 ml obsahuje 0,87 ekvivalentu \u0161krobu. V pr\u00edpade nejasnost\u00ed o vhodnosti pr\u00edpravku je vhodn\u00e9 informova\u0165 o\u0161etruj\u00faceho lek\u00e1ra.<\/p>\n","protected":false},"excerpt":{"rendered":"<ul>\n<li>V\u00fd\u017eivov\u00fd doplnok s d\u00f4le\u017eit\u00fdmi vitam\u00ednmi a stopov\u00fdmi prvkami<\/li>\n<li>Poskytuje vysokokvalitn\u00e9 mikro\u017eiviny pre t\u00fdch, ktor\u00ed akt\u00edvne formuj\u00fa svoj \u017eivot<\/li>\n<li>S vitam\u00ednom E na ochranu buniek pred oxida\u010dn\u00fdm stresom<\/li>\n<li>S ovocnou pr\u00edchu\u0165ou hrozna<\/li>\n<li>Ka\u017edodenn\u00fd spolo\u010dn\u00edk v pr\u00e1ci, v \u0161kole alebo&#8230;<\/li>\n<li>Mno\u017estvo: 5 x 500ml<\/li>\n<\/ul>\n<p>&nbsp;<\/p>\n","protected":false},"featured_media":5764,"comment_status":"open","ping_status":"closed","template":"","meta":{"_kad_blocks_custom_css":"","_kad_blocks_head_custom_js":"","_kad_blocks_body_custom_js":"","_kad_blocks_footer_custom_js":"","_kadence_starter_templates_imported_post":false,"_kad_post_transparent":"default","_kad_post_title":"","_kad_post_layout":"default","_kad_post_sidebar_id":"","_kad_post_content_style":"default","_kad_post_vertical_padding":"default","_kad_post_feature":"","_kad_post_feature_position":"","_kad_post_header":false,"_kad_post_footer":false,"_kad_post_classname":""},"product_brand":[],"product_cat":[504,468,414,459,444],"product_tag":[678],"class_list":{"0":"post-9530","1":"product","2":"type-product","3":"status-publish","4":"has-post-thumbnail","6":"product_cat-mind-master-sk","7":"product_cat-specialista","8":"product_cat-specialne-produkty","9":"product_cat-usetrite-v-setoch","10":"product_cat-vykon-a-energia","11":"product_tag-na-energiu","13":"first","14":"instock","15":"taxable","16":"shipping-taxable","17":"purchasable","18":"product-type-simple","19":"entry","20":"content-bg","21":"loop-entry"},"yoast_head":"<!-- This site is optimized with the Yoast SEO Premium plugin v27.4 (Yoast SEO v27.4) - https:\/\/yoast.com\/product\/yoast-seo-premium-wordpress\/ -->\n<title>Mind Master Drink \u010cerven\u00fd prispieva k zn\u00ed\u017eeniu \u00fanavy<\/title>\n<meta name=\"description\" content=\"Mind Master Drink \u010cerven\u00fd Prispieva k norm\u00e1lnemu energetick\u00e9mu metabolizmu. S vitam\u00ednom E a B12 proti unave a na ochranu buniek pred oxida\u010dn\u00fdm stresom.\" \/>\n<meta name=\"robots\" content=\"index, follow, max-snippet:-1, max-image-preview:large, max-video-preview:-1\" \/>\n<link rel=\"canonical\" href=\"https:\/\/www.lraloeverashop.eu\/sk\/produkt\/mind-master-performance-drink-cerveny\/\" \/>\n<meta property=\"og:locale\" content=\"sk_SK\" \/>\n<meta property=\"og:type\" content=\"article\" \/>\n<meta property=\"og:title\" content=\"Mind Master Drink \u010cerven\u00fd\" \/>\n<meta property=\"og:description\" content=\"Mind Master Drink \u010cerven\u00fd Prispieva k norm\u00e1lnemu energetick\u00e9mu metabolizmu. S vitam\u00ednom E a B12 proti unave a na ochranu buniek pred oxida\u010dn\u00fdm stresom.\" \/>\n<meta property=\"og:url\" content=\"https:\/\/www.lraloeverashop.eu\/sk\/produkt\/mind-master-performance-drink-cerveny\/\" \/>\n<meta property=\"og:site_name\" content=\"Lr Obchod Aloe Vera\" \/>\n<meta property=\"article:publisher\" content=\"https:\/\/www.facebook.com\/lraloeverashop.eu\" \/>\n<meta property=\"article:modified_time\" content=\"2026-02-27T16:48:43+00:00\" \/>\n<meta property=\"og:image\" content=\"https:\/\/www.lraloeverashop.eu\/wp-content\/uploads\/2022\/10\/Mind-Master-Performance-Set-5-Red.jpg\" \/>\n\t<meta property=\"og:image:width\" content=\"1200\" \/>\n\t<meta property=\"og:image:height\" content=\"1200\" \/>\n\t<meta property=\"og:image:type\" content=\"image\/jpeg\" \/>\n<meta name=\"twitter:card\" content=\"summary_large_image\" \/>\n<meta name=\"twitter:site\" content=\"@natur__kosmetik\" \/>\n<script type=\"application\/ld+json\" class=\"yoast-schema-graph\">{\"@context\":\"https:\\\/\\\/schema.org\",\"@graph\":[{\"@type\":[\"WebPage\",\"ItemPage\"],\"@id\":\"https:\\\/\\\/www.lraloeverashop.eu\\\/sk\\\/produkt\\\/mind-master-performance-drink-cerveny\\\/\",\"url\":\"https:\\\/\\\/www.lraloeverashop.eu\\\/sk\\\/produkt\\\/mind-master-performance-drink-cerveny\\\/\",\"name\":\"Mind Master Drink \u010cerven\u00fd prispieva k zn\u00ed\u017eeniu \u00fanavy\",\"isPartOf\":{\"@id\":\"https:\\\/\\\/www.lraloeverashop.eu\\\/sk\\\/#website\"},\"primaryImageOfPage\":{\"@id\":\"https:\\\/\\\/www.lraloeverashop.eu\\\/sk\\\/produkt\\\/mind-master-performance-drink-cerveny\\\/#primaryimage\"},\"image\":{\"@id\":\"https:\\\/\\\/www.lraloeverashop.eu\\\/sk\\\/produkt\\\/mind-master-performance-drink-cerveny\\\/#primaryimage\"},\"thumbnailUrl\":\"https:\\\/\\\/www.lraloeverashop.eu\\\/wp-content\\\/uploads\\\/2022\\\/10\\\/Mind-Master-Performance-Set-5-Red.jpg\",\"datePublished\":\"2022-10-13T16:52:54+00:00\",\"dateModified\":\"2026-02-27T16:48:43+00:00\",\"description\":\"Mind Master Drink \u010cerven\u00fd Prispieva k norm\u00e1lnemu energetick\u00e9mu metabolizmu. S vitam\u00ednom E a B12 proti unave a na ochranu buniek pred oxida\u010dn\u00fdm stresom.\",\"breadcrumb\":{\"@id\":\"https:\\\/\\\/www.lraloeverashop.eu\\\/sk\\\/produkt\\\/mind-master-performance-drink-cerveny\\\/#breadcrumb\"},\"inLanguage\":\"sk-SK\",\"potentialAction\":[{\"@type\":\"ReadAction\",\"target\":[\"https:\\\/\\\/www.lraloeverashop.eu\\\/sk\\\/produkt\\\/mind-master-performance-drink-cerveny\\\/\"]}]},{\"@type\":\"ImageObject\",\"inLanguage\":\"sk-SK\",\"@id\":\"https:\\\/\\\/www.lraloeverashop.eu\\\/sk\\\/produkt\\\/mind-master-performance-drink-cerveny\\\/#primaryimage\",\"url\":\"https:\\\/\\\/www.lraloeverashop.eu\\\/wp-content\\\/uploads\\\/2022\\\/10\\\/Mind-Master-Performance-Set-5-Red.jpg\",\"contentUrl\":\"https:\\\/\\\/www.lraloeverashop.eu\\\/wp-content\\\/uploads\\\/2022\\\/10\\\/Mind-Master-Performance-Set-5-Red.jpg\",\"width\":1200,\"height\":1200,\"caption\":\"Mind Master Performance Set 5 kusov \u010cerven\u00fd\"},{\"@type\":\"BreadcrumbList\",\"@id\":\"https:\\\/\\\/www.lraloeverashop.eu\\\/sk\\\/produkt\\\/mind-master-performance-drink-cerveny\\\/#breadcrumb\",\"itemListElement\":[{\"@type\":\"ListItem\",\"position\":1,\"name\":\"Home\",\"item\":\"https:\\\/\\\/www.lraloeverashop.eu\\\/sk\\\/\"},{\"@type\":\"ListItem\",\"position\":2,\"name\":\"Obchod\",\"item\":\"https:\\\/\\\/www.lraloeverashop.eu\\\/shop\\\/\"},{\"@type\":\"ListItem\",\"position\":3,\"name\":\"Mind Master Drink \u010cerven\u00fd\"}]},{\"@type\":\"WebSite\",\"@id\":\"https:\\\/\\\/www.lraloeverashop.eu\\\/sk\\\/#website\",\"url\":\"https:\\\/\\\/www.lraloeverashop.eu\\\/sk\\\/\",\"name\":\"Lr Obchod Aloe Vera\",\"description\":\"High Quality Lr Aloe Vera Gel, Aloe Vera Cream and Shampoo\",\"publisher\":{\"@id\":\"https:\\\/\\\/www.lraloeverashop.eu\\\/sk\\\/#organization\"},\"potentialAction\":[{\"@type\":\"SearchAction\",\"target\":{\"@type\":\"EntryPoint\",\"urlTemplate\":\"https:\\\/\\\/www.lraloeverashop.eu\\\/sk\\\/?s={search_term_string}\"},\"query-input\":{\"@type\":\"PropertyValueSpecification\",\"valueRequired\":true,\"valueName\":\"search_term_string\"}}],\"inLanguage\":\"sk-SK\"},{\"@type\":\"Organization\",\"@id\":\"https:\\\/\\\/www.lraloeverashop.eu\\\/sk\\\/#organization\",\"name\":\"Lr Obchod Aloe Vera\",\"alternateName\":\"LR\",\"url\":\"https:\\\/\\\/www.lraloeverashop.eu\\\/sk\\\/\",\"logo\":{\"@type\":\"ImageObject\",\"inLanguage\":\"sk-SK\",\"@id\":\"https:\\\/\\\/www.lraloeverashop.eu\\\/sk\\\/#\\\/schema\\\/logo\\\/image\\\/\",\"url\":\"https:\\\/\\\/www.lraloeverashop.eu\\\/wp-content\\\/uploads\\\/2022\\\/09\\\/cropped-Lr-Aloe-Vera-Shop.jpg\",\"contentUrl\":\"https:\\\/\\\/www.lraloeverashop.eu\\\/wp-content\\\/uploads\\\/2022\\\/09\\\/cropped-Lr-Aloe-Vera-Shop.jpg\",\"width\":228,\"height\":76,\"caption\":\"Lr Obchod Aloe Vera\"},\"image\":{\"@id\":\"https:\\\/\\\/www.lraloeverashop.eu\\\/sk\\\/#\\\/schema\\\/logo\\\/image\\\/\"},\"sameAs\":[\"https:\\\/\\\/www.facebook.com\\\/lraloeverashop.eu\",\"https:\\\/\\\/x.com\\\/natur__kosmetik\",\"https:\\\/\\\/www.youtube.com\\\/channel\\\/UC5oN7BJ8nfYb8RpVtjwDEBA\",\"https:\\\/\\\/www.instagram.com\\\/lrbeautyeu\\\/\"],\"description\":\"Obchod Lr Aloe Vera je va\u0161\u00edm d\u00f4veryhodn\u00fdm miestom pre pr\u00e9miov\u00e9 produkty LR Health & Beauty vyroben\u00e9 v Nemecku. Pon\u00fakame vysokokvalitn\u00e9 rie\u0161enia starostlivosti o ple\u0165 s Aloe Vera, v\u00fd\u017eivu a proti starnutiu, vyroben\u00e9 z \u010dist\u00fdch ingredienci\u00ed a podlo\u017een\u00e9 vedeck\u00fdm v\u00fdskumom. Objavte pr\u00edrodn\u00fa starostlivos\u0165, ktor\u00e1 regeneruje, chr\u00e1ni a revitalizuje va\u0161u ple\u0165 \u2013 a vyu\u017eite exkluz\u00edvne mesa\u010dn\u00e9 ponuky na na\u0161e najpred\u00e1vanej\u0161ie produkty LR Aloe Vera.\\nZa\u010dnite svoju cestu za pr\u00edrodnou starostlivos\u0165ou o ple\u0165 e\u0161te dnes a poc\u00ed\u0165te rozdiel.\",\"email\":\"info@lraloeverashop.eu\",\"telephone\":\"+49 17670609653\",\"legalName\":\"Lr Aloe Vera Shop\",\"foundingDate\":\"2018-04-21\",\"numberOfEmployees\":{\"@type\":\"QuantitativeValue\",\"minValue\":\"1\",\"maxValue\":\"10\"}}]}<\/script>\n<meta property=\"product:price:amount\" content=\"96.49\" \/>\n<meta property=\"product:price:currency\" content=\"EUR\" \/>\n<meta property=\"og:availability\" content=\"instock\" \/>\n<meta property=\"product:availability\" content=\"instock\" \/>\n<meta property=\"product:retailer_item_id\" content=\"80905-RSK\" \/>\n<meta property=\"product:condition\" content=\"new\" \/>\n<!-- \/ Yoast SEO Premium plugin. -->","yoast_head_json":{"title":"Mind Master Drink \u010cerven\u00fd prispieva k zn\u00ed\u017eeniu \u00fanavy","description":"Mind Master Drink \u010cerven\u00fd Prispieva k norm\u00e1lnemu energetick\u00e9mu metabolizmu. S vitam\u00ednom E a B12 proti unave a na ochranu buniek pred oxida\u010dn\u00fdm stresom.","robots":{"index":"index","follow":"follow","max-snippet":"max-snippet:-1","max-image-preview":"max-image-preview:large","max-video-preview":"max-video-preview:-1"},"canonical":"https:\/\/www.lraloeverashop.eu\/sk\/produkt\/mind-master-performance-drink-cerveny\/","og_locale":"sk_SK","og_type":"article","og_title":"Mind Master Drink \u010cerven\u00fd","og_description":"Mind Master Drink \u010cerven\u00fd Prispieva k norm\u00e1lnemu energetick\u00e9mu metabolizmu. S vitam\u00ednom E a B12 proti unave a na ochranu buniek pred oxida\u010dn\u00fdm stresom.","og_url":"https:\/\/www.lraloeverashop.eu\/sk\/produkt\/mind-master-performance-drink-cerveny\/","og_site_name":"Lr Obchod Aloe Vera","article_publisher":"https:\/\/www.facebook.com\/lraloeverashop.eu","article_modified_time":"2026-02-27T16:48:43+00:00","og_image":[{"width":1200,"height":1200,"url":"https:\/\/www.lraloeverashop.eu\/wp-content\/uploads\/2022\/10\/Mind-Master-Performance-Set-5-Red.jpg","type":"image\/jpeg"}],"twitter_card":"summary_large_image","twitter_site":"@natur__kosmetik","schema":{"@context":"https:\/\/schema.org","@graph":[{"@type":["WebPage","ItemPage"],"@id":"https:\/\/www.lraloeverashop.eu\/sk\/produkt\/mind-master-performance-drink-cerveny\/","url":"https:\/\/www.lraloeverashop.eu\/sk\/produkt\/mind-master-performance-drink-cerveny\/","name":"Mind Master Drink \u010cerven\u00fd prispieva k zn\u00ed\u017eeniu \u00fanavy","isPartOf":{"@id":"https:\/\/www.lraloeverashop.eu\/sk\/#website"},"primaryImageOfPage":{"@id":"https:\/\/www.lraloeverashop.eu\/sk\/produkt\/mind-master-performance-drink-cerveny\/#primaryimage"},"image":{"@id":"https:\/\/www.lraloeverashop.eu\/sk\/produkt\/mind-master-performance-drink-cerveny\/#primaryimage"},"thumbnailUrl":"https:\/\/www.lraloeverashop.eu\/wp-content\/uploads\/2022\/10\/Mind-Master-Performance-Set-5-Red.jpg","datePublished":"2022-10-13T16:52:54+00:00","dateModified":"2026-02-27T16:48:43+00:00","description":"Mind Master Drink \u010cerven\u00fd Prispieva k norm\u00e1lnemu energetick\u00e9mu metabolizmu. S vitam\u00ednom E a B12 proti unave a na ochranu buniek pred oxida\u010dn\u00fdm stresom.","breadcrumb":{"@id":"https:\/\/www.lraloeverashop.eu\/sk\/produkt\/mind-master-performance-drink-cerveny\/#breadcrumb"},"inLanguage":"sk-SK","potentialAction":[{"@type":"ReadAction","target":["https:\/\/www.lraloeverashop.eu\/sk\/produkt\/mind-master-performance-drink-cerveny\/"]}]},{"@type":"ImageObject","inLanguage":"sk-SK","@id":"https:\/\/www.lraloeverashop.eu\/sk\/produkt\/mind-master-performance-drink-cerveny\/#primaryimage","url":"https:\/\/www.lraloeverashop.eu\/wp-content\/uploads\/2022\/10\/Mind-Master-Performance-Set-5-Red.jpg","contentUrl":"https:\/\/www.lraloeverashop.eu\/wp-content\/uploads\/2022\/10\/Mind-Master-Performance-Set-5-Red.jpg","width":1200,"height":1200,"caption":"Mind Master Performance Set 5 kusov \u010cerven\u00fd"},{"@type":"BreadcrumbList","@id":"https:\/\/www.lraloeverashop.eu\/sk\/produkt\/mind-master-performance-drink-cerveny\/#breadcrumb","itemListElement":[{"@type":"ListItem","position":1,"name":"Home","item":"https:\/\/www.lraloeverashop.eu\/sk\/"},{"@type":"ListItem","position":2,"name":"Obchod","item":"https:\/\/www.lraloeverashop.eu\/shop\/"},{"@type":"ListItem","position":3,"name":"Mind Master Drink \u010cerven\u00fd"}]},{"@type":"WebSite","@id":"https:\/\/www.lraloeverashop.eu\/sk\/#website","url":"https:\/\/www.lraloeverashop.eu\/sk\/","name":"Lr Obchod Aloe Vera","description":"High Quality Lr Aloe Vera Gel, Aloe Vera Cream and Shampoo","publisher":{"@id":"https:\/\/www.lraloeverashop.eu\/sk\/#organization"},"potentialAction":[{"@type":"SearchAction","target":{"@type":"EntryPoint","urlTemplate":"https:\/\/www.lraloeverashop.eu\/sk\/?s={search_term_string}"},"query-input":{"@type":"PropertyValueSpecification","valueRequired":true,"valueName":"search_term_string"}}],"inLanguage":"sk-SK"},{"@type":"Organization","@id":"https:\/\/www.lraloeverashop.eu\/sk\/#organization","name":"Lr Obchod Aloe Vera","alternateName":"LR","url":"https:\/\/www.lraloeverashop.eu\/sk\/","logo":{"@type":"ImageObject","inLanguage":"sk-SK","@id":"https:\/\/www.lraloeverashop.eu\/sk\/#\/schema\/logo\/image\/","url":"https:\/\/www.lraloeverashop.eu\/wp-content\/uploads\/2022\/09\/cropped-Lr-Aloe-Vera-Shop.jpg","contentUrl":"https:\/\/www.lraloeverashop.eu\/wp-content\/uploads\/2022\/09\/cropped-Lr-Aloe-Vera-Shop.jpg","width":228,"height":76,"caption":"Lr Obchod Aloe Vera"},"image":{"@id":"https:\/\/www.lraloeverashop.eu\/sk\/#\/schema\/logo\/image\/"},"sameAs":["https:\/\/www.facebook.com\/lraloeverashop.eu","https:\/\/x.com\/natur__kosmetik","https:\/\/www.youtube.com\/channel\/UC5oN7BJ8nfYb8RpVtjwDEBA","https:\/\/www.instagram.com\/lrbeautyeu\/"],"description":"Obchod Lr Aloe Vera je va\u0161\u00edm d\u00f4veryhodn\u00fdm miestom pre pr\u00e9miov\u00e9 produkty LR Health & Beauty vyroben\u00e9 v Nemecku. Pon\u00fakame vysokokvalitn\u00e9 rie\u0161enia starostlivosti o ple\u0165 s Aloe Vera, v\u00fd\u017eivu a proti starnutiu, vyroben\u00e9 z \u010dist\u00fdch ingredienci\u00ed a podlo\u017een\u00e9 vedeck\u00fdm v\u00fdskumom. Objavte pr\u00edrodn\u00fa starostlivos\u0165, ktor\u00e1 regeneruje, chr\u00e1ni a revitalizuje va\u0161u ple\u0165 \u2013 a vyu\u017eite exkluz\u00edvne mesa\u010dn\u00e9 ponuky na na\u0161e najpred\u00e1vanej\u0161ie produkty LR Aloe Vera.\nZa\u010dnite svoju cestu za pr\u00edrodnou starostlivos\u0165ou o ple\u0165 e\u0161te dnes a poc\u00ed\u0165te rozdiel.","email":"info@lraloeverashop.eu","telephone":"+49 17670609653","legalName":"Lr Aloe Vera Shop","foundingDate":"2018-04-21","numberOfEmployees":{"@type":"QuantitativeValue","minValue":"1","maxValue":"10"}}]},"product_price_amount":"96.49","product_price_currency":"EUR","og_availability":"instock","product_availability":"instock","product_retailer_item_id":"80905-RSK","product_condition":"new"},"taxonomy_info":{"product_cat":[{"value":504,"label":"Mind Master"},{"value":468,"label":"\u0160pecialisti"},{"value":414,"label":"\u0160peci\u00e1lne Produkty"},{"value":459,"label":"U\u0161etrite v setoch"},{"value":444,"label":"V\u00fdkon a Energia"}],"product_tag":[{"value":678,"label":"na energiu"}]},"featured_image_src_large":["https:\/\/www.lraloeverashop.eu\/wp-content\/uploads\/2022\/10\/Mind-Master-Performance-Set-5-Red-1024x1024.jpg",1024,1024,true],"author_info":[],"comment_info":0,"_links":{"self":[{"href":"https:\/\/www.lraloeverashop.eu\/sk\/wp-json\/wp\/v2\/product\/9530","targetHints":{"allow":["GET"]}}],"collection":[{"href":"https:\/\/www.lraloeverashop.eu\/sk\/wp-json\/wp\/v2\/product"}],"about":[{"href":"https:\/\/www.lraloeverashop.eu\/sk\/wp-json\/wp\/v2\/types\/product"}],"replies":[{"embeddable":true,"href":"https:\/\/www.lraloeverashop.eu\/sk\/wp-json\/wp\/v2\/comments?post=9530"}],"wp:featuredmedia":[{"embeddable":true,"href":"https:\/\/www.lraloeverashop.eu\/sk\/wp-json\/wp\/v2\/media\/5764"}],"wp:attachment":[{"href":"https:\/\/www.lraloeverashop.eu\/sk\/wp-json\/wp\/v2\/media?parent=9530"}],"wp:term":[{"taxonomy":"product_brand","embeddable":true,"href":"https:\/\/www.lraloeverashop.eu\/sk\/wp-json\/wp\/v2\/product_brand?post=9530"},{"taxonomy":"product_cat","embeddable":true,"href":"https:\/\/www.lraloeverashop.eu\/sk\/wp-json\/wp\/v2\/product_cat?post=9530"},{"taxonomy":"product_tag","embeddable":true,"href":"https:\/\/www.lraloeverashop.eu\/sk\/wp-json\/wp\/v2\/product_tag?post=9530"}],"curies":[{"name":"wp","href":"https:\/\/api.w.org\/{rel}","templated":true}]}}