{"id":9518,"date":"2022-10-14T08:54:04","date_gmt":"2022-10-14T06:54:04","guid":{"rendered":"https:\/\/www.lraloeverashop.eu\/product\/night-master-set-na-spanie\/"},"modified":"2026-04-10T16:48:45","modified_gmt":"2026-04-10T14:48:45","slug":"night-master-set-na-spanie","status":"publish","type":"product","link":"https:\/\/www.lraloeverashop.eu\/sk\/produkt\/night-master-set-na-spanie\/","title":{"rendered":"Night Master Na Spanie"},"content":{"rendered":"<h2><span style=\"font-size: 16pt;\"><strong>Night Master na Spanie<\/strong><\/span><\/h2>\n<p><span style=\"font-size: 14pt;\"><strong>Night Master na Spanie Napom\u00e1ha k Pokojn\u00e9mu Sp\u00e1nku<\/strong><\/span><\/p>\n<p>Night Master na Spanie poskytuje dlhodob\u00fd regenera\u010dn\u00fd sp\u00e1nok a t\u00fdm prispieva k zlep\u0161eniu kvality \u017eivota.<\/p>\n<p>Night Master na Spanie pri pravidelnom u\u017e\u00edvan\u00ed dlhodobo uvo\u013e\u0148uje telo i du\u0161u a umo\u017e\u0148uje v\u00e1m r\u00fdchlej\u0161ie zaspa\u0165. Relax a pokoj pre telo a du\u0161u s\u00fa k\u013e\u00fa\u010dom k r\u00fdchlemu zasp\u00e1vaniu. Bez nich sa my\u0161lienky neuvo\u013enia a svaly sa nedok\u00e1\u017eu uvo\u013eni\u0165.<\/p>\n<p>Zlep\u0161uje kvalitu sp\u00e1nku a podporuje prirodzen\u00fa produkciu sp\u00e1nkov\u00e9ho horm\u00f3nu melaton\u00ednu v tele. K dobr\u00e9mu sp\u00e1nku prispieva ve\u013ea faktorov. Rozhoduj\u00faca je hladina melaton\u00ednu. Melaton\u00edn reguluje f\u00e1zy sp\u00e1nku a bdenia. Vo vhodnej koncentr\u00e1cii v\u00e1s unav\u00ed a umo\u017en\u00ed v\u00e1m r\u00fdchlo zaspa\u0165 a prespa\u0165 cel\u00fa noc.<\/p>\n<p>Night Master na Spanie zlep\u0161uje prirodzen\u00fa regener\u00e1ciu tela a du\u0161e po\u010das sp\u00e1nku, aby ste sa zobudili fit a dobre odd\u00fdchnut\u00ed a na\u010derpali nov\u00e9 sily na de\u0148. Regener\u00e1cia po\u010das sp\u00e1nku je nevyhnutn\u00e1: Po\u010das sp\u00e1nku spracov\u00e1vame inform\u00e1cie, dojmy a podnety. Uvo\u013e\u0148uj\u00fa sa rastov\u00e9 horm\u00f3ny, ktor\u00e9 stimuluj\u00fa rast svalov a opravn\u00e9 mechanizmy. Imunitn\u00fd syst\u00e9m sa m\u00f4\u017ee tie\u017e zotavi\u0165.<\/p>\n<h3><\/h3>\n<h3><span style=\"font-size: 16pt;\"><strong>Night Master na Spanie \u2013 regeneruje po\u010das noci<\/strong><\/span><\/h3>\n<p>Pokojn\u00fd, regenera\u010dn\u00fd sp\u00e1nok je pre pre telo s myse\u013e \u013eud\u00ed nevyhnutn\u00fd. Spr\u00e1vna kombin\u00e1cia \u017eiv\u00edn m\u00f4\u017ee navy\u0161e podpori\u0165 sp\u00e1nok. Navy\u0161e, aj mal\u00e9 \u00fapravy v be\u017enom \u017eivote m\u00f4\u017eu urobi\u0165 ve\u013ea dobr\u00fdch vec\u00ed pre pokojn\u00fd sp\u00e1nok.<\/p>\n<p>&nbsp;<\/p>\n<h4><span style=\"font-size: 16pt;\"><strong>Odborn\u00e9 tipy:<\/strong><\/span><\/h4>\n<p><strong>V\u00fd\u017eiva<\/strong><br \/>\nAj vn\u00fatorn\u00e9 org\u00e1ny maj\u00fa svoj rytmus. Pankreas a \u010drev\u00e1 napr. B. v noci prepnite na n\u00edzky plame\u0148. Preto na\u010dasovanie a mno\u017estvo jedla maj\u00fa vplyv na kvalitu sp\u00e1nku a hodnotu regener\u00e1cie. Pam\u00e4tajte, \u017ee po poslednom jedle m\u00e1 telo ve\u013ea hod\u00edn na tr\u00e1venie. Aspo\u0148 cez t\u00fd\u017ede\u0148 si ve\u010deru napl\u00e1nujte tak, aby ste boli st\u00e1le dobre nas\u00fdten\u00ed, no ne\u0161li spa\u0165 naplno. Existuj\u00fa aj potraviny, ktor\u00e9 n\u00e1m m\u00f4\u017eu pom\u00f4c\u0165 zaspa\u0165.<\/p>\n<p><strong>Sp\u00f4sob \u017eivota<\/strong><br \/>\n\u010c\u00edm akt\u00edvnej\u0161ie str\u00e1vite de\u0148, t\u00fdm lep\u0161ie budete v noci spa\u0165. Nese\u010fte v kuse dlh\u0161ie ako 20 min\u00fat. Vst\u00e1vajte \u010dastej\u0161ie. Po\u010d\u00edta sa aj cesta ku k\u00e1vovaru alebo na toaletu. Ak nechod\u00edte pravidelne von alebo m\u00f4\u017eete \u0161portova\u0165, mali by ste si po\u010das d\u0148a napl\u00e1nova\u0165 mal\u00e9 pohybov\u00e9 jednotky 1-2 min\u00faty. Stres sa potom v tele len tak \u013eahko neusad\u00ed.<\/p>\n<p><strong>Pohyb<\/strong><br \/>\nNa n\u00e1\u0161 sp\u00e1nok vpl\u00fdva mno\u017estvo vplyvov zvn\u00fatra aj zvonka. Oplat\u00ed sa ich optimalizova\u0165. Preto\u017ee na\u0161a <a href=\"https:\/\/www.lraloeverashop.eu\/sk\/produkt\/maska-na-spanie-hydratacna\/\">kvalita sp\u00e1nku<\/a> z\u00e1vis\u00ed od na\u0161ej bezprostrednej pohody a z dlhodob\u00e9ho h\u013eadiska aj od n\u00e1\u0161ho zdravia. Mali\u010dkosti tu m\u00f4\u017eu ma\u0165 ve\u013ek\u00fd vplyv.<\/p>\n<h2><\/h2>\n<h2><span style=\"font-size: 16pt;\"><strong>Night Master na Spanie &#8211; Ingrediencie a efekty<\/strong><\/span><\/h2>\n<p>Night Master na Spanie obsahuje d\u00f4le\u017eit\u00e9 pr\u00edrodn\u00e9 zlo\u017eky ako Aloe vera, \u0161afran a extrakt z chme\u013eu. Okrem toho obsahuje L-tryptof\u00e1n, hor\u010d\u00edk, zinok a \u0161tyri vitam\u00edny skupiny B.<\/p>\n<p><strong>Aloe vera<\/strong> podporuje hromadenie a <a href=\"https:\/\/www.lraloeverashop.eu\/sk\/aloe-vera-nocny-krem\/\">regenera\u010dn\u00e9 procesy<\/a> po\u010das noci a pom\u00e1ha v\u00e1m zobudi\u0165 sa svie\u017ei. Zvy\u0161uje tie\u017e vyu\u017eitie \u010fal\u0161\u00edch \u00fa\u010dinn\u00fdch l\u00e1tok v organizme a t\u00fdm zvy\u0161uje biologick\u00fa dostupnos\u0165.<\/p>\n<p><strong>\u0160afran<\/strong> v Night Master na spanie v\u00e1m pom\u00e1ha r\u00fdchlej\u0161ie zaspa\u0165, zlep\u0161uje kvalitu sp\u00e1nku a regener\u00e1ciu po\u010das noci. Okrem toho zni\u017euje \u00fazkos\u0165. \u0160afran obsahuje okrem in\u00fdch zlo\u017eiek aj antioxidanty. S\u00fa za to zodpovedn\u00e9 sekund\u00e1rne rastlinn\u00e9 l\u00e1tky v \u0161afrane, ako s\u00fa karotenoidy. Naz\u00fdvaj\u00fa sa crocin a crocetin a s\u00fa zodpovedn\u00e9 za \u017elt\u00fa farbu \u0161afranu.<\/p>\n<p><strong>L-tryptof\u00e1n<\/strong> patr\u00ed medzi esenci\u00e1lne aminokyseliny a \u013eudsk\u00e9 telo si ho nedok\u00e1\u017ee vyrobi\u0165, ale mus\u00ed by\u0165 absorbovan\u00e9 potravou. L-tryptof\u00e1n je prekurzorom seroton\u00ednu (zn\u00e1meho aj ako horm\u00f3n \u0161\u0165astia), ktor\u00fd sa zase premie\u0148a na sp\u00e1nkov\u00fd horm\u00f3n melaton\u00edn.<\/p>\n<p><strong>Hor\u010d\u00edk<\/strong> sa podie\u013ea prakticky na v\u0161etk\u00fdch telesn\u00fdch funkci\u00e1ch a ovplyv\u0148uje tak napr. svalov a nervov\u00fdch buniek. Okrem toho je zodpovedn\u00fd aj za premenu esenci\u00e1lnej aminokyseliny L-tryptof\u00e1nu na seroton\u00edn, ako aj za produkciu melaton\u00ednu. Melaton\u00edn je horm\u00f3n sp\u00e1nku, ktor\u00fd riadi rytmus sp\u00e1nku a bdenia v tele.<\/p>\n<p><strong>Zinok<\/strong> v Night Master na spanie je \u017eivotne d\u00f4le\u017eit\u00fd stopov\u00fd prvok a druh\u00fd najroz\u0161\u00edrenej\u0161\u00ed v \u013eudskom tele. Je zodpovedn\u00fd za nieko\u013eko metabolick\u00fdch procesov: Zinok napr\u00edklad hr\u00e1 d\u00f4le\u017eit\u00fa \u00falohu pri regener\u00e1cii, ako s\u00fa rastov\u00e9 procesy tela a posilnenie imunitn\u00e9ho syst\u00e9mu. Zinok sa tie\u017e podie\u013ea na tvorbe seroton\u00ednu a jeho premene na melaton\u00edn.<\/p>\n<p><strong>Vitam\u00edn B<\/strong> sa naz\u00fdvaj\u00fa aj nervov\u00e9 alebo energetick\u00e9 vitam\u00edny. Zohr\u00e1vaj\u00fa d\u00f4le\u017eit\u00fa \u00falohu pri tvorbe seroton\u00ednu a melaton\u00ednu a t\u00fdm prispievaj\u00fa k prirodzen\u00e9mu rytmu sp\u00e1nku a bdenia.<br \/>\nNiac\u00edn (vitam\u00edn B3) reguluje energetick\u00fd metabolizmus v bunk\u00e1ch (mitochondri\u00e1ch) a prispieva k regener\u00e1cii.<br \/>\nVitam\u00edn B6 je d\u00f4le\u017eit\u00fd pre metabolizmus aminokysel\u00edn a podie\u013ea sa na tvorbe neurotransmiterov, ako je seroton\u00edn, a na imunitnom syst\u00e9me.<\/p>\n<p><strong>Tiam\u00edn<\/strong> (vitam\u00edn B1) podporuje regener\u00e1ciu tela i du\u0161e.<br \/>\nVitam\u00edn B12 podporuje delenie buniek a t\u00fdm podporuje prirodzen\u00fa regener\u00e1ciu. Dlhodobo zni\u017euje \u00fanavu a vy\u010derpanie.<\/p>\n<p>&nbsp;<\/p>\n<h3><span style=\"font-size: 16pt;\"><strong>Vedeli ste?<\/strong><\/span><\/h3>\n<p>Night Master na Spanie je 100% veg\u00e1nsky, bez lepku, lakt\u00f3zy a cukru. Obsahuje d\u00f4le\u017eit\u00e9 pr\u00edrodn\u00e9 zlo\u017eky ako Aloe vera, \u0161afran a extrakt z chme\u013eu. Okrem toho obsahuje L-tryptof\u00e1n, hor\u010d\u00edk, zinok a \u0161tyri vitam\u00edny skupiny B. <a href=\"https:\/\/www.lraloeverashop.eu\/sk\/produkt\/night-master-zlepsovac-spanku\/\">Night Master Zlep\u0161ova\u010d Kvality Sp\u00e1nku<\/a> je mo\u017en\u00e9 u\u017e\u00edva\u0165 denne po\u010das dlh\u0161ieho obdobia bez ak\u00e9hoko\u013evek rizika z\u00e1vislosti.<\/p>\n<p>&nbsp;<\/p>\n<h4><span style=\"font-size: 16pt;\"><strong>Ako pou\u017e\u00edva\u0165<\/strong><\/span><\/h4>\n<p>Obsah jednej ty\u010dinky rozmie\u0161ajte v 100 ml vody a vypite 30 min\u00fat pred span\u00edm. Night Master na spanie je mo\u017en\u00e9 u\u017e\u00edva\u0165 aj po vy\u010disten\u00ed zubov, preto\u017ee neobsahuje cukor.<\/p>\n","protected":false},"excerpt":{"rendered":"<ul>\n<li>V\u010faka relaxa\u010dn\u00e9mu \u00fa\u010dinku \u013eah\u0161ie zasp\u00edte<\/li>\n<li>Spite hlboko v\u010faka zlep\u0161enej kvalite sp\u00e1nku<\/li>\n<li>S Aloe vera, \u0161afranom a extraktom z chme\u013eu.<\/li>\n<li>Obsahuje L-tryptof\u00e1n, hor\u010d\u00edk, zinok a vitam\u00edny skupiny B.<\/li>\n<li>Bez lepku, lakt\u00f3zy a cukru<\/li>\n<li>100% vegan<\/li>\n<li>Mno\u017estvo: 3 x 111 g \u2013 90 ty\u010diniek po 3,7<\/li>\n<\/ul>\n<p>&nbsp;<\/p>\n","protected":false},"featured_media":5788,"comment_status":"open","ping_status":"closed","template":"","meta":{"_kad_blocks_custom_css":"","_kad_blocks_head_custom_js":"","_kad_blocks_body_custom_js":"","_kad_blocks_footer_custom_js":"","_kadence_starter_templates_imported_post":false,"_kad_post_transparent":"default","_kad_post_title":"","_kad_post_layout":"default","_kad_post_sidebar_id":"","_kad_post_content_style":"default","_kad_post_vertical_padding":"default","_kad_post_feature":"","_kad_post_feature_position":"","_kad_post_header":false,"_kad_post_footer":false,"_kad_post_classname":""},"product_brand":[],"product_cat":[450,468,459],"product_tag":[],"class_list":{"0":"post-9518","1":"product","2":"type-product","3":"status-publish","4":"has-post-thumbnail","6":"product_cat-relaxacia","7":"product_cat-specialista","8":"product_cat-usetrite-v-setoch","10":"first","11":"instock","12":"taxable","13":"shipping-taxable","14":"purchasable","15":"product-type-simple","16":"entry","17":"content-bg","18":"loop-entry"},"yoast_head":"<!-- This site is optimized with the Yoast SEO Premium plugin v27.5 (Yoast SEO v27.5) - https:\/\/yoast.com\/product\/yoast-seo-premium-wordpress\/ -->\n<title>Night Master na spanie v\u00e1m pom\u00f4\u017ee dobre zaspa\u0165<\/title>\n<meta name=\"description\" content=\"Night Master na spanie zlep\u0161uje kvalitu v\u00e1\u0161ho sp\u00e1nku a podporuje prirodzen\u00fa produkciu sp\u00e1nkov\u00e9ho horm\u00f3nu melaton\u00ednu v tele. Pre\u010d\u00edtajte si viac tu\" \/>\n<meta name=\"robots\" content=\"index, follow, max-snippet:-1, max-image-preview:large, max-video-preview:-1\" \/>\n<link rel=\"canonical\" href=\"https:\/\/www.lraloeverashop.eu\/sk\/produkt\/night-master-set-na-spanie\/\" \/>\n<meta property=\"og:locale\" content=\"sk_SK\" \/>\n<meta property=\"og:type\" content=\"article\" \/>\n<meta property=\"og:title\" content=\"Night Master Na Spanie\" \/>\n<meta property=\"og:description\" content=\"Night Master na spanie zlep\u0161uje kvalitu v\u00e1\u0161ho sp\u00e1nku a podporuje prirodzen\u00fa produkciu sp\u00e1nkov\u00e9ho horm\u00f3nu melaton\u00ednu v tele. Pre\u010d\u00edtajte si viac tu\" \/>\n<meta property=\"og:url\" content=\"https:\/\/www.lraloeverashop.eu\/sk\/produkt\/night-master-set-na-spanie\/\" \/>\n<meta property=\"og:site_name\" content=\"Lr Obchod Aloe Vera\" \/>\n<meta property=\"article:publisher\" content=\"https:\/\/www.facebook.com\/lraloeverashop.eu\" \/>\n<meta property=\"article:modified_time\" content=\"2026-04-10T14:48:45+00:00\" \/>\n<meta property=\"og:image\" content=\"https:\/\/www.lraloeverashop.eu\/wp-content\/uploads\/2022\/10\/Night-Master-Set.jpg\" \/>\n\t<meta property=\"og:image:width\" content=\"1200\" \/>\n\t<meta property=\"og:image:height\" content=\"1200\" \/>\n\t<meta property=\"og:image:type\" content=\"image\/jpeg\" \/>\n<meta name=\"twitter:card\" content=\"summary_large_image\" \/>\n<meta name=\"twitter:site\" content=\"@natur__kosmetik\" \/>\n<script type=\"application\/ld+json\" class=\"yoast-schema-graph\">{\"@context\":\"https:\\\/\\\/schema.org\",\"@graph\":[{\"@type\":[\"WebPage\",\"ItemPage\"],\"@id\":\"https:\\\/\\\/www.lraloeverashop.eu\\\/sk\\\/produkt\\\/night-master-set-na-spanie\\\/\",\"url\":\"https:\\\/\\\/www.lraloeverashop.eu\\\/sk\\\/produkt\\\/night-master-set-na-spanie\\\/\",\"name\":\"Night Master na spanie v\u00e1m pom\u00f4\u017ee dobre zaspa\u0165\",\"isPartOf\":{\"@id\":\"https:\\\/\\\/www.lraloeverashop.eu\\\/sk\\\/#website\"},\"primaryImageOfPage\":{\"@id\":\"https:\\\/\\\/www.lraloeverashop.eu\\\/sk\\\/produkt\\\/night-master-set-na-spanie\\\/#primaryimage\"},\"image\":{\"@id\":\"https:\\\/\\\/www.lraloeverashop.eu\\\/sk\\\/produkt\\\/night-master-set-na-spanie\\\/#primaryimage\"},\"thumbnailUrl\":\"https:\\\/\\\/www.lraloeverashop.eu\\\/wp-content\\\/uploads\\\/2022\\\/10\\\/Night-Master-Set.jpg\",\"datePublished\":\"2022-10-14T06:54:04+00:00\",\"dateModified\":\"2026-04-10T14:48:45+00:00\",\"description\":\"Night Master na spanie zlep\u0161uje kvalitu v\u00e1\u0161ho sp\u00e1nku a podporuje prirodzen\u00fa produkciu sp\u00e1nkov\u00e9ho horm\u00f3nu melaton\u00ednu v tele. Pre\u010d\u00edtajte si viac tu\",\"breadcrumb\":{\"@id\":\"https:\\\/\\\/www.lraloeverashop.eu\\\/sk\\\/produkt\\\/night-master-set-na-spanie\\\/#breadcrumb\"},\"inLanguage\":\"sk-SK\",\"potentialAction\":[{\"@type\":\"ReadAction\",\"target\":[\"https:\\\/\\\/www.lraloeverashop.eu\\\/sk\\\/produkt\\\/night-master-set-na-spanie\\\/\"]}]},{\"@type\":\"ImageObject\",\"inLanguage\":\"sk-SK\",\"@id\":\"https:\\\/\\\/www.lraloeverashop.eu\\\/sk\\\/produkt\\\/night-master-set-na-spanie\\\/#primaryimage\",\"url\":\"https:\\\/\\\/www.lraloeverashop.eu\\\/wp-content\\\/uploads\\\/2022\\\/10\\\/Night-Master-Set.jpg\",\"contentUrl\":\"https:\\\/\\\/www.lraloeverashop.eu\\\/wp-content\\\/uploads\\\/2022\\\/10\\\/Night-Master-Set.jpg\",\"width\":1200,\"height\":1200,\"caption\":\"Night Master S\u00faprava 3 kusov\"},{\"@type\":\"BreadcrumbList\",\"@id\":\"https:\\\/\\\/www.lraloeverashop.eu\\\/sk\\\/produkt\\\/night-master-set-na-spanie\\\/#breadcrumb\",\"itemListElement\":[{\"@type\":\"ListItem\",\"position\":1,\"name\":\"Home\",\"item\":\"https:\\\/\\\/www.lraloeverashop.eu\\\/sk\\\/aloe-vera-obchod-vsetko-pre-vasu-krasu-a-pohodu\\\/\"},{\"@type\":\"ListItem\",\"position\":2,\"name\":\"Obchod\",\"item\":\"https:\\\/\\\/www.lraloeverashop.eu\\\/sk\\\/obchod\\\/\"},{\"@type\":\"ListItem\",\"position\":3,\"name\":\"Night Master Na Spanie\"}]},{\"@type\":\"WebSite\",\"@id\":\"https:\\\/\\\/www.lraloeverashop.eu\\\/sk\\\/#website\",\"url\":\"https:\\\/\\\/www.lraloeverashop.eu\\\/sk\\\/\",\"name\":\"Lr Obchod Aloe Vera\",\"description\":\"High Quality Lr Aloe Vera Gel, Aloe Vera Cream and Shampoo\",\"publisher\":{\"@id\":\"https:\\\/\\\/www.lraloeverashop.eu\\\/sk\\\/#organization\"},\"alternateName\":\"LR\",\"potentialAction\":[{\"@type\":\"SearchAction\",\"target\":{\"@type\":\"EntryPoint\",\"urlTemplate\":\"https:\\\/\\\/www.lraloeverashop.eu\\\/sk\\\/?s={search_term_string}\"},\"query-input\":{\"@type\":\"PropertyValueSpecification\",\"valueRequired\":true,\"valueName\":\"search_term_string\"}}],\"inLanguage\":\"sk-SK\"},{\"@type\":\"Organization\",\"@id\":\"https:\\\/\\\/www.lraloeverashop.eu\\\/sk\\\/#organization\",\"name\":\"Lr Obchod Aloe Vera\",\"alternateName\":\"LR\",\"url\":\"https:\\\/\\\/www.lraloeverashop.eu\\\/sk\\\/\",\"logo\":{\"@type\":\"ImageObject\",\"inLanguage\":\"sk-SK\",\"@id\":\"https:\\\/\\\/www.lraloeverashop.eu\\\/sk\\\/#\\\/schema\\\/logo\\\/image\\\/\",\"url\":\"https:\\\/\\\/www.lraloeverashop.eu\\\/wp-content\\\/uploads\\\/2022\\\/09\\\/cropped-Lr-Aloe-Vera-Shop.jpg\",\"contentUrl\":\"https:\\\/\\\/www.lraloeverashop.eu\\\/wp-content\\\/uploads\\\/2022\\\/09\\\/cropped-Lr-Aloe-Vera-Shop.jpg\",\"width\":228,\"height\":76,\"caption\":\"Lr Obchod Aloe Vera\"},\"image\":{\"@id\":\"https:\\\/\\\/www.lraloeverashop.eu\\\/sk\\\/#\\\/schema\\\/logo\\\/image\\\/\"},\"sameAs\":[\"https:\\\/\\\/www.facebook.com\\\/lraloeverashop.eu\",\"https:\\\/\\\/x.com\\\/natur__kosmetik\",\"https:\\\/\\\/www.youtube.com\\\/channel\\\/UC5oN7BJ8nfYb8RpVtjwDEBA\",\"https:\\\/\\\/www.instagram.com\\\/lrbeautyeu\\\/\"],\"description\":\"Obchod Lr Aloe Vera je va\u0161\u00edm d\u00f4veryhodn\u00fdm miestom pre pr\u00e9miov\u00e9 produkty LR Health & Beauty vyroben\u00e9 v Nemecku. Pon\u00fakame vysokokvalitn\u00e9 rie\u0161enia starostlivosti o ple\u0165 s Aloe Vera, v\u00fd\u017eivu a proti starnutiu, vyroben\u00e9 z \u010dist\u00fdch ingredienci\u00ed a podlo\u017een\u00e9 vedeck\u00fdm v\u00fdskumom. Objavte pr\u00edrodn\u00fa starostlivos\u0165, ktor\u00e1 regeneruje, chr\u00e1ni a revitalizuje va\u0161u ple\u0165 \u2013 a vyu\u017eite exkluz\u00edvne mesa\u010dn\u00e9 ponuky na na\u0161e najpred\u00e1vanej\u0161ie produkty LR Aloe Vera.\\nZa\u010dnite svoju cestu za pr\u00edrodnou starostlivos\u0165ou o ple\u0165 e\u0161te dnes a poc\u00ed\u0165te rozdiel.\",\"email\":\"info@lraloeverashop.eu\",\"telephone\":\"+49 17670609653\",\"legalName\":\"Lr Aloe Vera Shop\",\"foundingDate\":\"2018-04-21\",\"numberOfEmployees\":{\"@type\":\"QuantitativeValue\",\"minValue\":\"1\",\"maxValue\":\"10\"}}]}<\/script>\n<meta property=\"product:price:amount\" content=\"245.99\" \/>\n<meta property=\"product:price:currency\" content=\"EUR\" \/>\n<meta property=\"og:availability\" content=\"instock\" \/>\n<meta property=\"product:availability\" content=\"instock\" \/>\n<meta property=\"product:retailer_item_id\" content=\"81113-1SK\" \/>\n<meta property=\"product:condition\" content=\"new\" \/>\n<!-- \/ Yoast SEO Premium plugin. -->","yoast_head_json":{"title":"Night Master na spanie v\u00e1m pom\u00f4\u017ee dobre zaspa\u0165","description":"Night Master na spanie zlep\u0161uje kvalitu v\u00e1\u0161ho sp\u00e1nku a podporuje prirodzen\u00fa produkciu sp\u00e1nkov\u00e9ho horm\u00f3nu melaton\u00ednu v tele. Pre\u010d\u00edtajte si viac tu","robots":{"index":"index","follow":"follow","max-snippet":"max-snippet:-1","max-image-preview":"max-image-preview:large","max-video-preview":"max-video-preview:-1"},"canonical":"https:\/\/www.lraloeverashop.eu\/sk\/produkt\/night-master-set-na-spanie\/","og_locale":"sk_SK","og_type":"article","og_title":"Night Master Na Spanie","og_description":"Night Master na spanie zlep\u0161uje kvalitu v\u00e1\u0161ho sp\u00e1nku a podporuje prirodzen\u00fa produkciu sp\u00e1nkov\u00e9ho horm\u00f3nu melaton\u00ednu v tele. Pre\u010d\u00edtajte si viac tu","og_url":"https:\/\/www.lraloeverashop.eu\/sk\/produkt\/night-master-set-na-spanie\/","og_site_name":"Lr Obchod Aloe Vera","article_publisher":"https:\/\/www.facebook.com\/lraloeverashop.eu","article_modified_time":"2026-04-10T14:48:45+00:00","og_image":[{"width":1200,"height":1200,"url":"https:\/\/www.lraloeverashop.eu\/wp-content\/uploads\/2022\/10\/Night-Master-Set.jpg","type":"image\/jpeg"}],"twitter_card":"summary_large_image","twitter_site":"@natur__kosmetik","schema":{"@context":"https:\/\/schema.org","@graph":[{"@type":["WebPage","ItemPage"],"@id":"https:\/\/www.lraloeverashop.eu\/sk\/produkt\/night-master-set-na-spanie\/","url":"https:\/\/www.lraloeverashop.eu\/sk\/produkt\/night-master-set-na-spanie\/","name":"Night Master na spanie v\u00e1m pom\u00f4\u017ee dobre zaspa\u0165","isPartOf":{"@id":"https:\/\/www.lraloeverashop.eu\/sk\/#website"},"primaryImageOfPage":{"@id":"https:\/\/www.lraloeverashop.eu\/sk\/produkt\/night-master-set-na-spanie\/#primaryimage"},"image":{"@id":"https:\/\/www.lraloeverashop.eu\/sk\/produkt\/night-master-set-na-spanie\/#primaryimage"},"thumbnailUrl":"https:\/\/www.lraloeverashop.eu\/wp-content\/uploads\/2022\/10\/Night-Master-Set.jpg","datePublished":"2022-10-14T06:54:04+00:00","dateModified":"2026-04-10T14:48:45+00:00","description":"Night Master na spanie zlep\u0161uje kvalitu v\u00e1\u0161ho sp\u00e1nku a podporuje prirodzen\u00fa produkciu sp\u00e1nkov\u00e9ho horm\u00f3nu melaton\u00ednu v tele. Pre\u010d\u00edtajte si viac tu","breadcrumb":{"@id":"https:\/\/www.lraloeverashop.eu\/sk\/produkt\/night-master-set-na-spanie\/#breadcrumb"},"inLanguage":"sk-SK","potentialAction":[{"@type":"ReadAction","target":["https:\/\/www.lraloeverashop.eu\/sk\/produkt\/night-master-set-na-spanie\/"]}]},{"@type":"ImageObject","inLanguage":"sk-SK","@id":"https:\/\/www.lraloeverashop.eu\/sk\/produkt\/night-master-set-na-spanie\/#primaryimage","url":"https:\/\/www.lraloeverashop.eu\/wp-content\/uploads\/2022\/10\/Night-Master-Set.jpg","contentUrl":"https:\/\/www.lraloeverashop.eu\/wp-content\/uploads\/2022\/10\/Night-Master-Set.jpg","width":1200,"height":1200,"caption":"Night Master S\u00faprava 3 kusov"},{"@type":"BreadcrumbList","@id":"https:\/\/www.lraloeverashop.eu\/sk\/produkt\/night-master-set-na-spanie\/#breadcrumb","itemListElement":[{"@type":"ListItem","position":1,"name":"Home","item":"https:\/\/www.lraloeverashop.eu\/sk\/aloe-vera-obchod-vsetko-pre-vasu-krasu-a-pohodu\/"},{"@type":"ListItem","position":2,"name":"Obchod","item":"https:\/\/www.lraloeverashop.eu\/sk\/obchod\/"},{"@type":"ListItem","position":3,"name":"Night Master Na Spanie"}]},{"@type":"WebSite","@id":"https:\/\/www.lraloeverashop.eu\/sk\/#website","url":"https:\/\/www.lraloeverashop.eu\/sk\/","name":"Lr Obchod Aloe Vera","description":"High Quality Lr Aloe Vera Gel, Aloe Vera Cream and Shampoo","publisher":{"@id":"https:\/\/www.lraloeverashop.eu\/sk\/#organization"},"alternateName":"LR","potentialAction":[{"@type":"SearchAction","target":{"@type":"EntryPoint","urlTemplate":"https:\/\/www.lraloeverashop.eu\/sk\/?s={search_term_string}"},"query-input":{"@type":"PropertyValueSpecification","valueRequired":true,"valueName":"search_term_string"}}],"inLanguage":"sk-SK"},{"@type":"Organization","@id":"https:\/\/www.lraloeverashop.eu\/sk\/#organization","name":"Lr Obchod Aloe Vera","alternateName":"LR","url":"https:\/\/www.lraloeverashop.eu\/sk\/","logo":{"@type":"ImageObject","inLanguage":"sk-SK","@id":"https:\/\/www.lraloeverashop.eu\/sk\/#\/schema\/logo\/image\/","url":"https:\/\/www.lraloeverashop.eu\/wp-content\/uploads\/2022\/09\/cropped-Lr-Aloe-Vera-Shop.jpg","contentUrl":"https:\/\/www.lraloeverashop.eu\/wp-content\/uploads\/2022\/09\/cropped-Lr-Aloe-Vera-Shop.jpg","width":228,"height":76,"caption":"Lr Obchod Aloe Vera"},"image":{"@id":"https:\/\/www.lraloeverashop.eu\/sk\/#\/schema\/logo\/image\/"},"sameAs":["https:\/\/www.facebook.com\/lraloeverashop.eu","https:\/\/x.com\/natur__kosmetik","https:\/\/www.youtube.com\/channel\/UC5oN7BJ8nfYb8RpVtjwDEBA","https:\/\/www.instagram.com\/lrbeautyeu\/"],"description":"Obchod Lr Aloe Vera je va\u0161\u00edm d\u00f4veryhodn\u00fdm miestom pre pr\u00e9miov\u00e9 produkty LR Health & Beauty vyroben\u00e9 v Nemecku. Pon\u00fakame vysokokvalitn\u00e9 rie\u0161enia starostlivosti o ple\u0165 s Aloe Vera, v\u00fd\u017eivu a proti starnutiu, vyroben\u00e9 z \u010dist\u00fdch ingredienci\u00ed a podlo\u017een\u00e9 vedeck\u00fdm v\u00fdskumom. Objavte pr\u00edrodn\u00fa starostlivos\u0165, ktor\u00e1 regeneruje, chr\u00e1ni a revitalizuje va\u0161u ple\u0165 \u2013 a vyu\u017eite exkluz\u00edvne mesa\u010dn\u00e9 ponuky na na\u0161e najpred\u00e1vanej\u0161ie produkty LR Aloe Vera.\nZa\u010dnite svoju cestu za pr\u00edrodnou starostlivos\u0165ou o ple\u0165 e\u0161te dnes a poc\u00ed\u0165te rozdiel.","email":"info@lraloeverashop.eu","telephone":"+49 17670609653","legalName":"Lr Aloe Vera Shop","foundingDate":"2018-04-21","numberOfEmployees":{"@type":"QuantitativeValue","minValue":"1","maxValue":"10"}}]},"product_price_amount":"245.99","product_price_currency":"EUR","og_availability":"instock","product_availability":"instock","product_retailer_item_id":"81113-1SK","product_condition":"new"},"taxonomy_info":{"product_cat":[{"value":450,"label":"Relax\u00e1cia"},{"value":468,"label":"\u0160pecialisti"},{"value":459,"label":"U\u0161etrite v setoch"}]},"featured_image_src_large":["https:\/\/www.lraloeverashop.eu\/wp-content\/uploads\/2022\/10\/Night-Master-Set-1024x1024.jpg",1024,1024,true],"author_info":[],"comment_info":0,"_links":{"self":[{"href":"https:\/\/www.lraloeverashop.eu\/sk\/wp-json\/wp\/v2\/product\/9518","targetHints":{"allow":["GET"]}}],"collection":[{"href":"https:\/\/www.lraloeverashop.eu\/sk\/wp-json\/wp\/v2\/product"}],"about":[{"href":"https:\/\/www.lraloeverashop.eu\/sk\/wp-json\/wp\/v2\/types\/product"}],"replies":[{"embeddable":true,"href":"https:\/\/www.lraloeverashop.eu\/sk\/wp-json\/wp\/v2\/comments?post=9518"}],"wp:featuredmedia":[{"embeddable":true,"href":"https:\/\/www.lraloeverashop.eu\/sk\/wp-json\/wp\/v2\/media\/5788"}],"wp:attachment":[{"href":"https:\/\/www.lraloeverashop.eu\/sk\/wp-json\/wp\/v2\/media?parent=9518"}],"wp:term":[{"taxonomy":"product_brand","embeddable":true,"href":"https:\/\/www.lraloeverashop.eu\/sk\/wp-json\/wp\/v2\/product_brand?post=9518"},{"taxonomy":"product_cat","embeddable":true,"href":"https:\/\/www.lraloeverashop.eu\/sk\/wp-json\/wp\/v2\/product_cat?post=9518"},{"taxonomy":"product_tag","embeddable":true,"href":"https:\/\/www.lraloeverashop.eu\/sk\/wp-json\/wp\/v2\/product_tag?post=9518"}],"curies":[{"name":"wp","href":"https:\/\/api.w.org\/{rel}","templated":true}]}}