{"id":9469,"date":"2022-10-14T10:51:54","date_gmt":"2022-10-14T08:51:54","guid":{"rendered":"https:\/\/www.lraloeverashop.eu\/product\/produkt-fiber-boost-napoj-v-prasku-set\/"},"modified":"2026-02-22T16:47:00","modified_gmt":"2026-02-22T15:47:00","slug":"produkt-fiber-boost-napoj-v-prasku-set","status":"publish","type":"product","link":"https:\/\/www.lraloeverashop.eu\/sk\/produkt\/produkt-fiber-boost-napoj-v-prasku-set\/","title":{"rendered":"Fiber Boost N\u00e1poj v Pr\u00e1\u0161ku Set"},"content":{"rendered":"<h2><span style=\"font-size: 16pt;\"><strong>Fiber Boost N\u00e1poj v Pr\u00e1\u0161ku Set 3 Kusy<\/strong><\/span><\/h2>\n<p><span style=\"font-size: 14pt;\"><strong>Fiber Boost N\u00e1poj v Pr\u00e1\u0161ku Set &#8211; Vysoko vl\u00e1knov\u00fd v\u00fd\u017eivov\u00fd doplnok proti ve\u013ek\u00e9mu hladu<\/strong><\/span><\/p>\n<p>V ka\u017edodennom hektickom \u017eivote sa \u010dasto v nevyv\u00e1\u017eenej strave* spotreb\u00fava pr\u00edli\u0161 m\u00e1lo vl\u00e1kniny. Fiber Boost N\u00e1poj v Pr\u00e1\u0161ku Set podporuje telo s vysok\u00fdm obsahom vl\u00e1kniny z troch r\u00f4znych zdrojov vl\u00e1knin a chut\u00ed v\u00fdborne.<\/p>\n<p>Ka\u017ed\u00fd to vie: ra\u0148ajky alebo obed bol len pred nieko\u013ek\u00fdmi hodinami a op\u00e4\u0165 sa n\u00e1\u0161 \u017eal\u00fadok hl\u00e1si ale do \u010fal\u0161ieho jedla ch\u00fdba e\u0161te p\u00e1r hod\u00edn. R\u00fdchlo uchopime vysoko kalorick\u00e9 ob\u010derstvenie. Za\u010dnite pou\u017e\u00edva\u0165 Fiber Boost Set, n\u00edzkokalorick\u00fd doplnok stravy s vysok\u00fdm obsahom vl\u00e1kniny.<\/p>\n<p>Fiber Boost v Pr\u00e1\u0161ku nielen pom\u00e1ha s prv\u00fdm pocitom hladu. Poskytuje n\u00e1m tie\u017e vl\u00e1kno a navy\u0161e dod\u00e1va telu d\u00f4le\u017eit\u00fd stopov\u00fd prvok chr\u00f3m pre <a href=\"https:\/\/www.lraloeverashop.eu\/sk\/produkt\/fiber-boost-napoj-v-prasku\/\">regulovan\u00fd v\u00fd\u017eivov\u00fd metabolizmus<\/a>\u00b9 a stabilnej\u0161\u00ed krvn\u00fd cukor.<\/p>\n<p>&nbsp;<\/p>\n<h2><span style=\"font-size: 16pt;\"><strong>Fiber Boost Set &#8211; koktail s vl\u00e1kninou, chr\u00f3mom a sladkou chu\u0165ou st\u00e9vie<\/strong><\/span><\/h2>\n<p>&nbsp;<\/p>\n<p><strong><span style=\"color: #0000ff;\">\u00bb\u00a0<\/span><\/strong>Podporuje tr\u00e1venie<br \/>\n<strong><span style=\"color: #0000ff;\">\u00bb\u00a0<\/span><\/strong>Podporuje <a href=\"https:\/\/www.lraloeverashop.eu\/sk\/produkt\/prirodne-probiotika-pre-deti\/\">zdravie \u010driev<\/a><br \/>\n<strong><span style=\"color: #0000ff;\">\u00bb\u00a0<\/span><\/strong>Pom\u00e1ha regulova\u0165 v\u00e1hu<br \/>\n<strong><span style=\"color: #0000ff;\">\u00bb\u00a0<\/span><\/strong>Dod\u00e1va pocit s\u00fdtosti, je nekalorick\u00fd<br \/>\n<span style=\"color: #0000ff;\"><strong>\u00bb<\/strong> <\/span>Zlep\u0161uje \u010drevn\u00fa mikrofl\u00f3ru<br \/>\n<strong><span style=\"color: #0000ff;\">\u00bb\u00a0<\/span><\/strong>Podporuje vn\u00fatorn\u00e9 pre\u010distenie<br \/>\n<strong><span style=\"color: #0000ff;\">\u00bb\u00a0<\/span><\/strong>P\u00f4sob\u00ed proti z\u00e1pche<\/p>\n<p>&nbsp;<\/p>\n<h3><span style=\"font-size: 16pt;\"><strong>Fiber Boost N\u00e1poj v Pr\u00e1\u0161ku Set &#8211; 3 vysoko kvalitn\u00e9 zdroje vl\u00e1kniny<\/strong><\/span><\/h3>\n<p><strong>Karobov\u00e1 m\u00faka:<\/strong> obsahuje mno\u017estvo vitam\u00ednov skupiny B, miner\u00e1lnych l\u00e1tok- (drasl\u00edk, hor\u010d\u00edk, v\u00e1pnik) a stopov\u00fdch prvkov (\u017eelezo, mang\u00e1n, nikel, chr\u00f3m, me\u010f) je bohat\u00fdm zdrojom vl\u00e1kniny, pekt\u00ednu a lign\u00ednu.<\/p>\n<p><strong>Guarov\u00e1 m\u00faka:<\/strong>\u00a0V\u010faka vl\u00e1knine podporuje \u010dinnos\u0165 \u010driev a stimuluje pohyb odpadov\u00fdch l\u00e1tok mimo telo. Spoma\u013euje tie\u017e vypr\u00e1zd\u0148ovanie \u017eal\u00fadka a obmedzuje vstrebanie cukrov, \u010do telu dod\u00e1va pocit s\u00fdtosti. Guara sa pou\u017e\u00edva aj v boji proti obezite a to pre svoju vlastnos\u0165 vstreb\u00e1va\u0165 cholesterol a tuk z \u010driev.<\/p>\n<p><strong>Konjakov\u00e1 m\u00faka:<\/strong> Vl\u00e1knina pektinov\u00e9ho typu s priazniv\u00fdm \u00fa\u010dinkom na tr\u00e1venie a <a href=\"https:\/\/www.lraloeverashop.eu\/sk\/produkt\/vanilkovy-protein-v-prasku\/\">metabolizmus<\/a>. Jej najv\u00e4\u010d\u0161\u00edm benefitom je spomalenie vstreb\u00e1vanie sacharidov a t\u00fdm schopnos\u0165 zni\u017eova\u0165 glykemick\u00fd index. Obsahuje pr\u00edrodn\u00e9 sladidlo st\u00e9vii z tzv. Sladk\u00e9 tr\u00e1vy, preto sa uplat\u0148uje v jed\u00e1lni\u010dku pre diabetikov. Neobsahuje lepok ani lakt\u00f3zu, preto sa uplat\u0148uje v jed\u00e1lni\u010dku pre celiakov.<\/p>\n<p>&nbsp;<\/p>\n<h3><span style=\"font-size: 16pt;\"><strong>PRE\u010cO JE VL\u00c1KNINA D\u00d4LE\u017dIT\u00c1?<\/strong><\/span><\/h3>\n<p>Vl\u00e1knina predstavuje nestr\u00e1vite\u013en\u00fa zlo\u017eku potrav\u00edn, ktor\u00e1 je obsiahnut\u00e1 najm\u00e4 v ovoc\u00ed, zelenine, ale aj v obilnin\u00e1ch, strukovin\u00e1ch a v men\u0161om mno\u017estve v mlieku. Vl\u00e1knina m\u00e1 na svedom\u00ed napu\u010danie, ktor\u00e9 v hrubom \u010dreve riedi obsah stolice a r\u00fdchlej\u0161ie z tela odv\u00e1dza l\u00e1tky, ktor\u00e9 vznikli pri tr\u00e1ven\u00ed a ktor\u00e9 by sa mohli hromadi\u0165, by\u0165 semeniskom bakt\u00e9ri\u00ed a \u0161kodi\u0165 \u010drevu.<\/p>\n<p><strong><span style=\"color: #0000ff;\">\u00bb\u00a0<\/span><\/strong>66% \u013eud\u00ed vo veku 35-75 rokov trp\u00ed n\u00edzkym pr\u00edjmom vl\u00e1kniny kv\u00f4li zl\u00fdm stravovac\u00edm n\u00e1vykom!<\/p>\n<p>Zdroj: Federal Minister of Food&#8217;2008 &#8211; spolkov\u00fd v\u00fdskumn\u00fd \u00fastav pre v\u00fd\u017eivu a potraviny.<\/p>\n<p>&nbsp;<\/p>\n<h4><span style=\"font-size: 16pt;\"><strong>\u010co je Chrom?<\/strong><\/span><\/h4>\n<p>Esenci\u00e1lny stopov\u00fd prvok, ktor\u00fd sa nach\u00e1dza vo vzduchu, vode i v p\u00f4de. Trojmocn\u00fd chr\u00f3m je prospe\u0161n\u00fd a je nevyhnutnou s\u00fa\u010das\u0165ou ka\u017edodennej stravy. Pozor na \u0161es\u0165mocn\u00fd chr\u00f3m ten p\u00f4sob\u00ed negat\u00edvne a je pokladan\u00fd, za mo\u017en\u00fd karcin\u00f3m!<\/p>\n<p><strong>Zdroje chr\u00f3mu:<\/strong> ryby, hydina, strukoviny, ry\u017ea, melasa, pr\u00edrodn\u00fd hned\u00fd cukor, \u010derven\u00e1 repa, lesn\u00e9 plody, kvasnice, pivo &#8230;<\/p>\n<p>&nbsp;<\/p>\n<p><span style=\"font-size: 14pt;\"><strong>V posledn\u00fdch rokoch je chr\u00f3m predmetom z\u00e1ujmu mnoh\u00fdch vedcov.<\/strong><\/span><\/p>\n<p><strong><span style=\"color: #0000ff;\">\u00bb\u00a0<\/span><\/strong>\u0160t\u00fadie potvrdzuj\u00fa \u00fa\u010dinky pri redukcii hmotnosti. Chr\u00f3m zosil\u0148uje p\u00f4sobenie inzul\u00ednu, a podporuje tak vstreb\u00e1vanie cukru do buniek. Pom\u00e1ha inzul\u00ednu fungova\u0165 \u00fa\u010dinnej\u0161ie a tlm\u00ed chu\u0165 na sladk\u00e9.<br \/>\n<strong><span style=\"color: #0000ff;\">\u00bb<\/span><\/strong> Niektor\u00e9 \u0161t\u00fadie potvrdzuj\u00fa, \u017ee chr\u00f3m je esenci\u00e1lna pre metabolizmus lipidov a zn\u00ed\u017eenie rizika vzniku ateroskler\u00f3zy.<br \/>\n<strong><span style=\"color: #0000ff;\">\u00bb<\/span><\/strong> V s\u00fa\u010dasnej dobe prebiehaj\u00fa vedeck\u00e9 \u0161t\u00fadie mechanizmu a fyziologick\u00e9ho v\u00fdznamu interakcie chr\u00f3mu s funkciou \u0161t\u00edtnej \u017e\u013eazy. Pod\u013ea zatia\u013e dostupn\u00fdch zdrojov, chr\u00f3m ovplyv\u0148uje p\u00f4sobenie j\u00f3du v \u0161t\u00edtnej \u017e\u013eaze!<\/p>\n<p>&nbsp;<\/p>\n<p><strong>Za\u010dnite pou\u017e\u00edva\u0165 Fiber Boost N\u00e1poj v Pr\u00e1\u0161ku Set, n\u00edzkokalorick\u00fd doplnok stravy s vysok\u00fdm obsahom vl\u00e1kniny.\u00a0<\/strong><br \/>\n<strong>Dod\u00e1 V\u00e1m pocit s\u00fdtosti a je nekalorick\u00fd<\/strong><\/p>\n<p>&nbsp;<\/p>\n<h3><span style=\"font-size: 16pt;\"><strong>Jednoduch\u00e1 a r\u00fdchla pr\u00edprava! <\/strong><\/span><\/h3>\n<p>Vezmite si raz denne pripraven\u00fa \u010das\u0165 vl\u00e1knov\u00e9ho posilnenia. Odpor\u00fa\u010da sa u\u017e\u00edva\u0165 medzi jedlami.<\/p>\n<p>Pr\u00edprava: Do 200 ml mlieka s n\u00edzkym obsahom tuku, mlieka bez lakt\u00f3zy (1,5% tuku) alebo vody ur\u010denej na okam\u017eit\u00fa konzum\u00e1ciu primie\u0161ajte dve lopatky (jednu lopatka = pribli\u017ene 3,5 g). Pou\u017eite aspo\u0148 300 ml pohar. Preto odpor\u00fa\u010dame pr\u00edpravu v LR Shaker.<\/p>\n<p>Pozn\u00e1mka: Uistite sa, \u017ee ste pili dos\u0165 tekut\u00edn. V\u00fdrobok uchov\u00e1vajte mimo dosahu mal\u00fdch det\u00ed. Udr\u017eujte dobre uzavret\u00e9, usu\u0161te a uchov\u00e1vajte pri izbovej teplote. Znovu zatvorte po otvoren\u00ed.<\/p>\n<p>&nbsp;<\/p>\n<h4><strong><span style=\"font-size: 16pt;\">D\u00f4le\u017eit\u00e9 upozornenie<\/span><\/strong><\/h4>\n<p>Ak sa odchy\u013eite od pokynov pr\u00edpravy na obale, zmena sa aj nutri\u010dne hodnoty pripravenej d\u00e1vky. Najefekt\u00edvnej\u0161\u00edm sp\u00f4sobom, ako pou\u017ei\u0165 Fiber Boost Set, je pri pr\u00edprave dodr\u017eiava\u0165 pokyny na obale v\u00fdrobku.<\/p>\n","protected":false},"excerpt":{"rendered":"<ul>\n<li>Vl\u00e1kna proti ve\u013ek\u00e9mu hladu<\/li>\n<li>Pre v\u0161eobecn\u00e9 blahobyt v ka\u017edodennom \u017eivote<\/li>\n<li>Pre pr\u00edjemn\u00fd pocit tela<\/li>\n<li>N\u00edzka hladina kal\u00f3ri\u00ed s pr\u00edrodnou sladkos\u0165ou Stevie<\/li>\n<li>Bohat\u00e9 na vl\u00e1kno z troch r\u00f4znych zdrojov<\/li>\n<li>S d\u00f4le\u017eit\u00fdm stopov\u00fdm prvkom chr\u00f3m pre regulovan\u00e9 hladiny cukru v krvi a v\u00fd\u017eivov\u00fd metabolizmus<\/li>\n<li>Obsah: 3 x 210g<\/li>\n<\/ul>\n<p>&nbsp;<\/p>\n","protected":false},"featured_media":5446,"comment_status":"open","ping_status":"closed","template":"","meta":{"_kad_blocks_custom_css":"","_kad_blocks_head_custom_js":"","_kad_blocks_body_custom_js":"","_kad_blocks_footer_custom_js":"","_kadence_starter_templates_imported_post":false,"_kad_post_transparent":"default","_kad_post_title":"","_kad_post_layout":"default","_kad_post_sidebar_id":"","_kad_post_content_style":"default","_kad_post_vertical_padding":"default","_kad_post_feature":"","_kad_post_feature_position":"","_kad_post_header":false,"_kad_post_footer":false,"_kad_post_classname":""},"product_brand":[],"product_cat":[438,343,337,468,459],"product_tag":[623],"class_list":{"0":"post-9469","1":"product","2":"type-product","3":"status-publish","4":"has-post-thumbnail","6":"product_cat-creva-a-travenie","7":"product_cat-dietny-spolocnik","8":"product_cat-doplnky-stravy","9":"product_cat-specialista","10":"product_cat-usetrite-v-setoch","11":"product_tag-dieta-sk","13":"first","14":"instock","15":"taxable","16":"shipping-taxable","17":"purchasable","18":"product-type-simple","19":"entry","20":"content-bg","21":"loop-entry"},"yoast_head":"<!-- This site is optimized with the Yoast SEO Premium plugin v27.5 (Yoast SEO v27.5) - https:\/\/yoast.com\/product\/yoast-seo-premium-wordpress\/ -->\n<title>Fiber Boost N\u00e1poj v Pr\u00e1\u0161ku Set<\/title>\n<meta name=\"description\" content=\"Fiber Boost N\u00e1poj v Pr\u00e1\u0161ku Set podporuje zdravie \u010driev a pom\u00e1ha regulova\u0165 v\u00e1hu. Dod\u00e1va pocit s\u00fdtosti a je nekalorick\u00fd. Zlep\u0161uje \u010drevn\u00fa mikrofl\u00f3ru.\" \/>\n<meta name=\"robots\" content=\"index, follow, max-snippet:-1, max-image-preview:large, max-video-preview:-1\" \/>\n<link rel=\"canonical\" href=\"https:\/\/www.lraloeverashop.eu\/sk\/produkt\/produkt-fiber-boost-napoj-v-prasku-set\/\" \/>\n<meta property=\"og:locale\" content=\"sk_SK\" \/>\n<meta property=\"og:type\" content=\"article\" \/>\n<meta property=\"og:title\" content=\"Fiber Boost N\u00e1poj v Pr\u00e1\u0161ku Set\" \/>\n<meta property=\"og:description\" content=\"Fiber Boost N\u00e1poj v Pr\u00e1\u0161ku Set podporuje zdravie \u010driev a pom\u00e1ha regulova\u0165 v\u00e1hu. Dod\u00e1va pocit s\u00fdtosti a je nekalorick\u00fd. Zlep\u0161uje \u010drevn\u00fa mikrofl\u00f3ru.\" \/>\n<meta property=\"og:url\" content=\"https:\/\/www.lraloeverashop.eu\/sk\/produkt\/produkt-fiber-boost-napoj-v-prasku-set\/\" \/>\n<meta property=\"og:site_name\" content=\"Lr Obchod Aloe Vera\" \/>\n<meta property=\"article:publisher\" content=\"https:\/\/www.facebook.com\/lraloeverashop.eu\" \/>\n<meta property=\"article:modified_time\" content=\"2026-02-22T15:47:00+00:00\" \/>\n<meta property=\"og:image\" content=\"https:\/\/www.lraloeverashop.eu\/wp-content\/uploads\/2022\/10\/Fiber-Boost-Drink-Powder-set.jpg\" \/>\n\t<meta property=\"og:image:width\" content=\"1200\" \/>\n\t<meta property=\"og:image:height\" content=\"1200\" \/>\n\t<meta property=\"og:image:type\" content=\"image\/jpeg\" \/>\n<meta name=\"twitter:card\" content=\"summary_large_image\" \/>\n<meta name=\"twitter:site\" content=\"@natur__kosmetik\" \/>\n<script type=\"application\/ld+json\" class=\"yoast-schema-graph\">{\"@context\":\"https:\\\/\\\/schema.org\",\"@graph\":[{\"@type\":[\"WebPage\",\"ItemPage\"],\"@id\":\"https:\\\/\\\/www.lraloeverashop.eu\\\/sk\\\/produkt\\\/produkt-fiber-boost-napoj-v-prasku-set\\\/\",\"url\":\"https:\\\/\\\/www.lraloeverashop.eu\\\/sk\\\/produkt\\\/produkt-fiber-boost-napoj-v-prasku-set\\\/\",\"name\":\"Fiber Boost N\u00e1poj v Pr\u00e1\u0161ku Set\",\"isPartOf\":{\"@id\":\"https:\\\/\\\/www.lraloeverashop.eu\\\/sk\\\/#website\"},\"primaryImageOfPage\":{\"@id\":\"https:\\\/\\\/www.lraloeverashop.eu\\\/sk\\\/produkt\\\/produkt-fiber-boost-napoj-v-prasku-set\\\/#primaryimage\"},\"image\":{\"@id\":\"https:\\\/\\\/www.lraloeverashop.eu\\\/sk\\\/produkt\\\/produkt-fiber-boost-napoj-v-prasku-set\\\/#primaryimage\"},\"thumbnailUrl\":\"https:\\\/\\\/www.lraloeverashop.eu\\\/wp-content\\\/uploads\\\/2022\\\/10\\\/Fiber-Boost-Drink-Powder-set.jpg\",\"datePublished\":\"2022-10-14T08:51:54+00:00\",\"dateModified\":\"2026-02-22T15:47:00+00:00\",\"description\":\"Fiber Boost N\u00e1poj v Pr\u00e1\u0161ku Set podporuje zdravie \u010driev a pom\u00e1ha regulova\u0165 v\u00e1hu. Dod\u00e1va pocit s\u00fdtosti a je nekalorick\u00fd. Zlep\u0161uje \u010drevn\u00fa mikrofl\u00f3ru.\",\"breadcrumb\":{\"@id\":\"https:\\\/\\\/www.lraloeverashop.eu\\\/sk\\\/produkt\\\/produkt-fiber-boost-napoj-v-prasku-set\\\/#breadcrumb\"},\"inLanguage\":\"sk-SK\",\"potentialAction\":[{\"@type\":\"ReadAction\",\"target\":[\"https:\\\/\\\/www.lraloeverashop.eu\\\/sk\\\/produkt\\\/produkt-fiber-boost-napoj-v-prasku-set\\\/\"]}]},{\"@type\":\"ImageObject\",\"inLanguage\":\"sk-SK\",\"@id\":\"https:\\\/\\\/www.lraloeverashop.eu\\\/sk\\\/produkt\\\/produkt-fiber-boost-napoj-v-prasku-set\\\/#primaryimage\",\"url\":\"https:\\\/\\\/www.lraloeverashop.eu\\\/wp-content\\\/uploads\\\/2022\\\/10\\\/Fiber-Boost-Drink-Powder-set.jpg\",\"contentUrl\":\"https:\\\/\\\/www.lraloeverashop.eu\\\/wp-content\\\/uploads\\\/2022\\\/10\\\/Fiber-Boost-Drink-Powder-set.jpg\",\"width\":1200,\"height\":1200,\"caption\":\"Fiber Boost Sada pr\u00e1\u0161ku na pitie pre ve\u013ek\u00fd hlad\"},{\"@type\":\"BreadcrumbList\",\"@id\":\"https:\\\/\\\/www.lraloeverashop.eu\\\/sk\\\/produkt\\\/produkt-fiber-boost-napoj-v-prasku-set\\\/#breadcrumb\",\"itemListElement\":[{\"@type\":\"ListItem\",\"position\":1,\"name\":\"Home\",\"item\":\"https:\\\/\\\/www.lraloeverashop.eu\\\/sk\\\/aloe-vera-obchod-vsetko-pre-vasu-krasu-a-pohodu\\\/\"},{\"@type\":\"ListItem\",\"position\":2,\"name\":\"Obchod\",\"item\":\"https:\\\/\\\/www.lraloeverashop.eu\\\/sk\\\/obchod\\\/\"},{\"@type\":\"ListItem\",\"position\":3,\"name\":\"Fiber Boost N\u00e1poj v Pr\u00e1\u0161ku Set\"}]},{\"@type\":\"WebSite\",\"@id\":\"https:\\\/\\\/www.lraloeverashop.eu\\\/sk\\\/#website\",\"url\":\"https:\\\/\\\/www.lraloeverashop.eu\\\/sk\\\/\",\"name\":\"Lr Obchod Aloe Vera\",\"description\":\"High Quality Lr Aloe Vera Gel, Aloe Vera Cream and Shampoo\",\"publisher\":{\"@id\":\"https:\\\/\\\/www.lraloeverashop.eu\\\/sk\\\/#organization\"},\"alternateName\":\"LR\",\"potentialAction\":[{\"@type\":\"SearchAction\",\"target\":{\"@type\":\"EntryPoint\",\"urlTemplate\":\"https:\\\/\\\/www.lraloeverashop.eu\\\/sk\\\/?s={search_term_string}\"},\"query-input\":{\"@type\":\"PropertyValueSpecification\",\"valueRequired\":true,\"valueName\":\"search_term_string\"}}],\"inLanguage\":\"sk-SK\"},{\"@type\":\"Organization\",\"@id\":\"https:\\\/\\\/www.lraloeverashop.eu\\\/sk\\\/#organization\",\"name\":\"Lr Obchod Aloe Vera\",\"alternateName\":\"LR\",\"url\":\"https:\\\/\\\/www.lraloeverashop.eu\\\/sk\\\/\",\"logo\":{\"@type\":\"ImageObject\",\"inLanguage\":\"sk-SK\",\"@id\":\"https:\\\/\\\/www.lraloeverashop.eu\\\/sk\\\/#\\\/schema\\\/logo\\\/image\\\/\",\"url\":\"https:\\\/\\\/www.lraloeverashop.eu\\\/wp-content\\\/uploads\\\/2022\\\/09\\\/cropped-Lr-Aloe-Vera-Shop.jpg\",\"contentUrl\":\"https:\\\/\\\/www.lraloeverashop.eu\\\/wp-content\\\/uploads\\\/2022\\\/09\\\/cropped-Lr-Aloe-Vera-Shop.jpg\",\"width\":228,\"height\":76,\"caption\":\"Lr Obchod Aloe Vera\"},\"image\":{\"@id\":\"https:\\\/\\\/www.lraloeverashop.eu\\\/sk\\\/#\\\/schema\\\/logo\\\/image\\\/\"},\"sameAs\":[\"https:\\\/\\\/www.facebook.com\\\/lraloeverashop.eu\",\"https:\\\/\\\/x.com\\\/natur__kosmetik\",\"https:\\\/\\\/www.youtube.com\\\/channel\\\/UC5oN7BJ8nfYb8RpVtjwDEBA\",\"https:\\\/\\\/www.instagram.com\\\/lrbeautyeu\\\/\"],\"description\":\"Obchod Lr Aloe Vera je va\u0161\u00edm d\u00f4veryhodn\u00fdm miestom pre pr\u00e9miov\u00e9 produkty LR Health & Beauty vyroben\u00e9 v Nemecku. Pon\u00fakame vysokokvalitn\u00e9 rie\u0161enia starostlivosti o ple\u0165 s Aloe Vera, v\u00fd\u017eivu a proti starnutiu, vyroben\u00e9 z \u010dist\u00fdch ingredienci\u00ed a podlo\u017een\u00e9 vedeck\u00fdm v\u00fdskumom. Objavte pr\u00edrodn\u00fa starostlivos\u0165, ktor\u00e1 regeneruje, chr\u00e1ni a revitalizuje va\u0161u ple\u0165 \u2013 a vyu\u017eite exkluz\u00edvne mesa\u010dn\u00e9 ponuky na na\u0161e najpred\u00e1vanej\u0161ie produkty LR Aloe Vera.\\nZa\u010dnite svoju cestu za pr\u00edrodnou starostlivos\u0165ou o ple\u0165 e\u0161te dnes a poc\u00ed\u0165te rozdiel.\",\"email\":\"info@lraloeverashop.eu\",\"telephone\":\"+49 17670609653\",\"legalName\":\"Lr Aloe Vera Shop\",\"foundingDate\":\"2018-04-21\",\"numberOfEmployees\":{\"@type\":\"QuantitativeValue\",\"minValue\":\"1\",\"maxValue\":\"10\"}}]}<\/script>\n<meta property=\"product:price:amount\" content=\"90.99\" \/>\n<meta property=\"product:price:currency\" content=\"EUR\" \/>\n<meta property=\"og:availability\" content=\"instock\" \/>\n<meta property=\"product:availability\" content=\"instock\" \/>\n<meta property=\"product:retailer_item_id\" content=\"80633-499SK\" \/>\n<meta property=\"product:condition\" content=\"new\" \/>\n<!-- \/ Yoast SEO Premium plugin. -->","yoast_head_json":{"title":"Fiber Boost N\u00e1poj v Pr\u00e1\u0161ku Set","description":"Fiber Boost N\u00e1poj v Pr\u00e1\u0161ku Set podporuje zdravie \u010driev a pom\u00e1ha regulova\u0165 v\u00e1hu. Dod\u00e1va pocit s\u00fdtosti a je nekalorick\u00fd. Zlep\u0161uje \u010drevn\u00fa mikrofl\u00f3ru.","robots":{"index":"index","follow":"follow","max-snippet":"max-snippet:-1","max-image-preview":"max-image-preview:large","max-video-preview":"max-video-preview:-1"},"canonical":"https:\/\/www.lraloeverashop.eu\/sk\/produkt\/produkt-fiber-boost-napoj-v-prasku-set\/","og_locale":"sk_SK","og_type":"article","og_title":"Fiber Boost N\u00e1poj v Pr\u00e1\u0161ku Set","og_description":"Fiber Boost N\u00e1poj v Pr\u00e1\u0161ku Set podporuje zdravie \u010driev a pom\u00e1ha regulova\u0165 v\u00e1hu. Dod\u00e1va pocit s\u00fdtosti a je nekalorick\u00fd. Zlep\u0161uje \u010drevn\u00fa mikrofl\u00f3ru.","og_url":"https:\/\/www.lraloeverashop.eu\/sk\/produkt\/produkt-fiber-boost-napoj-v-prasku-set\/","og_site_name":"Lr Obchod Aloe Vera","article_publisher":"https:\/\/www.facebook.com\/lraloeverashop.eu","article_modified_time":"2026-02-22T15:47:00+00:00","og_image":[{"width":1200,"height":1200,"url":"https:\/\/www.lraloeverashop.eu\/wp-content\/uploads\/2022\/10\/Fiber-Boost-Drink-Powder-set.jpg","type":"image\/jpeg"}],"twitter_card":"summary_large_image","twitter_site":"@natur__kosmetik","schema":{"@context":"https:\/\/schema.org","@graph":[{"@type":["WebPage","ItemPage"],"@id":"https:\/\/www.lraloeverashop.eu\/sk\/produkt\/produkt-fiber-boost-napoj-v-prasku-set\/","url":"https:\/\/www.lraloeverashop.eu\/sk\/produkt\/produkt-fiber-boost-napoj-v-prasku-set\/","name":"Fiber Boost N\u00e1poj v Pr\u00e1\u0161ku Set","isPartOf":{"@id":"https:\/\/www.lraloeverashop.eu\/sk\/#website"},"primaryImageOfPage":{"@id":"https:\/\/www.lraloeverashop.eu\/sk\/produkt\/produkt-fiber-boost-napoj-v-prasku-set\/#primaryimage"},"image":{"@id":"https:\/\/www.lraloeverashop.eu\/sk\/produkt\/produkt-fiber-boost-napoj-v-prasku-set\/#primaryimage"},"thumbnailUrl":"https:\/\/www.lraloeverashop.eu\/wp-content\/uploads\/2022\/10\/Fiber-Boost-Drink-Powder-set.jpg","datePublished":"2022-10-14T08:51:54+00:00","dateModified":"2026-02-22T15:47:00+00:00","description":"Fiber Boost N\u00e1poj v Pr\u00e1\u0161ku Set podporuje zdravie \u010driev a pom\u00e1ha regulova\u0165 v\u00e1hu. Dod\u00e1va pocit s\u00fdtosti a je nekalorick\u00fd. Zlep\u0161uje \u010drevn\u00fa mikrofl\u00f3ru.","breadcrumb":{"@id":"https:\/\/www.lraloeverashop.eu\/sk\/produkt\/produkt-fiber-boost-napoj-v-prasku-set\/#breadcrumb"},"inLanguage":"sk-SK","potentialAction":[{"@type":"ReadAction","target":["https:\/\/www.lraloeverashop.eu\/sk\/produkt\/produkt-fiber-boost-napoj-v-prasku-set\/"]}]},{"@type":"ImageObject","inLanguage":"sk-SK","@id":"https:\/\/www.lraloeverashop.eu\/sk\/produkt\/produkt-fiber-boost-napoj-v-prasku-set\/#primaryimage","url":"https:\/\/www.lraloeverashop.eu\/wp-content\/uploads\/2022\/10\/Fiber-Boost-Drink-Powder-set.jpg","contentUrl":"https:\/\/www.lraloeverashop.eu\/wp-content\/uploads\/2022\/10\/Fiber-Boost-Drink-Powder-set.jpg","width":1200,"height":1200,"caption":"Fiber Boost Sada pr\u00e1\u0161ku na pitie pre ve\u013ek\u00fd hlad"},{"@type":"BreadcrumbList","@id":"https:\/\/www.lraloeverashop.eu\/sk\/produkt\/produkt-fiber-boost-napoj-v-prasku-set\/#breadcrumb","itemListElement":[{"@type":"ListItem","position":1,"name":"Home","item":"https:\/\/www.lraloeverashop.eu\/sk\/aloe-vera-obchod-vsetko-pre-vasu-krasu-a-pohodu\/"},{"@type":"ListItem","position":2,"name":"Obchod","item":"https:\/\/www.lraloeverashop.eu\/sk\/obchod\/"},{"@type":"ListItem","position":3,"name":"Fiber Boost N\u00e1poj v Pr\u00e1\u0161ku Set"}]},{"@type":"WebSite","@id":"https:\/\/www.lraloeverashop.eu\/sk\/#website","url":"https:\/\/www.lraloeverashop.eu\/sk\/","name":"Lr Obchod Aloe Vera","description":"High Quality Lr Aloe Vera Gel, Aloe Vera Cream and Shampoo","publisher":{"@id":"https:\/\/www.lraloeverashop.eu\/sk\/#organization"},"alternateName":"LR","potentialAction":[{"@type":"SearchAction","target":{"@type":"EntryPoint","urlTemplate":"https:\/\/www.lraloeverashop.eu\/sk\/?s={search_term_string}"},"query-input":{"@type":"PropertyValueSpecification","valueRequired":true,"valueName":"search_term_string"}}],"inLanguage":"sk-SK"},{"@type":"Organization","@id":"https:\/\/www.lraloeverashop.eu\/sk\/#organization","name":"Lr Obchod Aloe Vera","alternateName":"LR","url":"https:\/\/www.lraloeverashop.eu\/sk\/","logo":{"@type":"ImageObject","inLanguage":"sk-SK","@id":"https:\/\/www.lraloeverashop.eu\/sk\/#\/schema\/logo\/image\/","url":"https:\/\/www.lraloeverashop.eu\/wp-content\/uploads\/2022\/09\/cropped-Lr-Aloe-Vera-Shop.jpg","contentUrl":"https:\/\/www.lraloeverashop.eu\/wp-content\/uploads\/2022\/09\/cropped-Lr-Aloe-Vera-Shop.jpg","width":228,"height":76,"caption":"Lr Obchod Aloe Vera"},"image":{"@id":"https:\/\/www.lraloeverashop.eu\/sk\/#\/schema\/logo\/image\/"},"sameAs":["https:\/\/www.facebook.com\/lraloeverashop.eu","https:\/\/x.com\/natur__kosmetik","https:\/\/www.youtube.com\/channel\/UC5oN7BJ8nfYb8RpVtjwDEBA","https:\/\/www.instagram.com\/lrbeautyeu\/"],"description":"Obchod Lr Aloe Vera je va\u0161\u00edm d\u00f4veryhodn\u00fdm miestom pre pr\u00e9miov\u00e9 produkty LR Health & Beauty vyroben\u00e9 v Nemecku. Pon\u00fakame vysokokvalitn\u00e9 rie\u0161enia starostlivosti o ple\u0165 s Aloe Vera, v\u00fd\u017eivu a proti starnutiu, vyroben\u00e9 z \u010dist\u00fdch ingredienci\u00ed a podlo\u017een\u00e9 vedeck\u00fdm v\u00fdskumom. Objavte pr\u00edrodn\u00fa starostlivos\u0165, ktor\u00e1 regeneruje, chr\u00e1ni a revitalizuje va\u0161u ple\u0165 \u2013 a vyu\u017eite exkluz\u00edvne mesa\u010dn\u00e9 ponuky na na\u0161e najpred\u00e1vanej\u0161ie produkty LR Aloe Vera.\nZa\u010dnite svoju cestu za pr\u00edrodnou starostlivos\u0165ou o ple\u0165 e\u0161te dnes a poc\u00ed\u0165te rozdiel.","email":"info@lraloeverashop.eu","telephone":"+49 17670609653","legalName":"Lr Aloe Vera Shop","foundingDate":"2018-04-21","numberOfEmployees":{"@type":"QuantitativeValue","minValue":"1","maxValue":"10"}}]},"product_price_amount":"90.99","product_price_currency":"EUR","og_availability":"instock","product_availability":"instock","product_retailer_item_id":"80633-499SK","product_condition":"new"},"taxonomy_info":{"product_cat":[{"value":438,"label":"\u010crev\u00e1 a Tr\u00e1venie"},{"value":343,"label":"Di\u00e9tny spolo\u010dn\u00edk"},{"value":337,"label":"N\u00e1hrada jedla"},{"value":468,"label":"\u0160pecialisti"},{"value":459,"label":"U\u0161etrite v setoch"}],"product_tag":[{"value":623,"label":"Di\u00e9ta"}]},"featured_image_src_large":["https:\/\/www.lraloeverashop.eu\/wp-content\/uploads\/2022\/10\/Fiber-Boost-Drink-Powder-set-1024x1024.jpg",1024,1024,true],"author_info":[],"comment_info":0,"_links":{"self":[{"href":"https:\/\/www.lraloeverashop.eu\/sk\/wp-json\/wp\/v2\/product\/9469","targetHints":{"allow":["GET"]}}],"collection":[{"href":"https:\/\/www.lraloeverashop.eu\/sk\/wp-json\/wp\/v2\/product"}],"about":[{"href":"https:\/\/www.lraloeverashop.eu\/sk\/wp-json\/wp\/v2\/types\/product"}],"replies":[{"embeddable":true,"href":"https:\/\/www.lraloeverashop.eu\/sk\/wp-json\/wp\/v2\/comments?post=9469"}],"wp:featuredmedia":[{"embeddable":true,"href":"https:\/\/www.lraloeverashop.eu\/sk\/wp-json\/wp\/v2\/media\/5446"}],"wp:attachment":[{"href":"https:\/\/www.lraloeverashop.eu\/sk\/wp-json\/wp\/v2\/media?parent=9469"}],"wp:term":[{"taxonomy":"product_brand","embeddable":true,"href":"https:\/\/www.lraloeverashop.eu\/sk\/wp-json\/wp\/v2\/product_brand?post=9469"},{"taxonomy":"product_cat","embeddable":true,"href":"https:\/\/www.lraloeverashop.eu\/sk\/wp-json\/wp\/v2\/product_cat?post=9469"},{"taxonomy":"product_tag","embeddable":true,"href":"https:\/\/www.lraloeverashop.eu\/sk\/wp-json\/wp\/v2\/product_tag?post=9469"}],"curies":[{"name":"wp","href":"https:\/\/api.w.org\/{rel}","templated":true}]}}