{"id":9445,"date":"2022-10-14T11:02:51","date_gmt":"2022-10-14T09:02:51","guid":{"rendered":"https:\/\/www.lraloeverashop.eu\/product\/bylinkovy-caj-na-chudnutie\/"},"modified":"2025-12-14T12:11:12","modified_gmt":"2025-12-14T11:11:12","slug":"bylinkovy-caj-na-chudnutie","status":"publish","type":"product","link":"https:\/\/www.lraloeverashop.eu\/sk\/produkt\/bylinkovy-caj-na-chudnutie\/","title":{"rendered":"Bylinkov\u00fd \u010caj na Chudnutie"},"content":{"rendered":"<h2><span style=\"font-size: 16pt;\"><strong>Bylinkov\u00fd \u010caj na Chudnutie<\/strong><\/span><\/h2>\n<p><span style=\"font-size: 14pt;\"><strong>Bylinkov\u00fd \u010caj na Chudnutie &#8211; ide\u00e1lny spolo\u010dn\u00edk na ka\u017ed\u00fd de\u0148<\/strong><\/span><\/p>\n<p>Po\u010das d\u0148a je mimoriadne d\u00f4le\u017eit\u00e9 dodr\u017eiava\u0165 pitn\u00fd re\u017e\u00edm . \u010caj na chudnutie pom\u00e1ha eliminova\u0165 zadr\u017eiavanie tukov a tekut\u00edn. Prirodzene p\u00f4sob\u00ed na tr\u00e1venie a \u010drevn\u00fa fl\u00f3ru. Je to pr\u00edrodn\u00fd produkt bez kontraindik\u00e1ci\u00ed. Bylinkov\u00fd <a href=\"https:\/\/www.lraloeverashop.eu\/sk\/nahrada-stravy-figu-active-inteligentna-dieta-na-chudnutie\/\"><span style=\"color: #000000;\"><strong>odtu\u010dnovac\u00ed \u010daj<\/strong><\/span><\/a> je ide\u00e1lnym spolo\u010dn\u00edkom, preto\u017ee m\u00e1 lahodn\u00fa chu\u0165 ktor\u00e1 v\u00e1m umo\u017en\u00ed \u013eahko skonzumova\u0165 dostatok tekut\u00edn po\u010das d\u0148a. Navy\u0161e, mno\u017estvo pitia m\u00f4\u017ee stimulova\u0165 <a href=\"https:\/\/sk.wikipedia.org\/wiki\/Metabolick%C3%A9_poruchy_(MKCH-10)\">metabolizmus<\/a> a t\u00fdm v\u00e1s akt\u00edvne podporova\u0165.<\/p>\n<p>Dokonca aj pri dodr\u017eiavan\u00ed di\u00e9ty je ve\u013emi d\u00f4le\u017eit\u00e9 pi\u0165 dosatok vody. Bylinkov\u00fd \u010caj na chudnutie v\u00e1s plne podporuje v tejto f\u00e1ze <a href=\"https:\/\/www.lraloeverashop.eu\/sk\/produkt\/figu-active-koktail-vanilka\/\">chudnu\u0165ia<\/a>.<\/p>\n<p>&nbsp;<\/p>\n<h3><strong><span style=\"font-size: 16pt;\"><a href=\"https:\/\/www.lraloeverashop.eu\/wp-content\/uploads\/2024\/09\/weight-loss-diet-review-300x300.jpeg\"><img loading=\"lazy\" decoding=\"async\" class=\"alignleft wp-image-16353 size-medium\" src=\"https:\/\/www.lraloeverashop.eu\/wp-content\/uploads\/2024\/09\/weight-loss-diet-review-300x300.jpeg\" alt=\"Recenzia di\u00e9ty na chudnutie\" width=\"300\" height=\"300\" srcset=\"https:\/\/www.lraloeverashop.eu\/wp-content\/uploads\/2024\/09\/weight-loss-diet-review-300x300.jpeg 300w, https:\/\/www.lraloeverashop.eu\/wp-content\/uploads\/2024\/09\/weight-loss-diet-review-1024x1024.jpeg 1024w, https:\/\/www.lraloeverashop.eu\/wp-content\/uploads\/2024\/09\/weight-loss-diet-review-150x150.jpeg 150w, https:\/\/www.lraloeverashop.eu\/wp-content\/uploads\/2024\/09\/weight-loss-diet-review-768x768.jpeg 768w, https:\/\/www.lraloeverashop.eu\/wp-content\/uploads\/2024\/09\/weight-loss-diet-review-600x600.jpeg 600w, https:\/\/www.lraloeverashop.eu\/wp-content\/uploads\/2024\/09\/weight-loss-diet-review-100x100.jpeg 100w, https:\/\/www.lraloeverashop.eu\/wp-content\/uploads\/2024\/09\/weight-loss-diet-review.jpeg 1200w\" sizes=\"auto, (max-width: 300px) 100vw, 300px\" \/><\/a> <a href=\"https:\/\/www.lraloeverashop.eu\/wp-content\/uploads\/2024\/09\/man-weight-loss-before-and-after-300x300.jpeg\"><img loading=\"lazy\" decoding=\"async\" class=\"alignleft wp-image-16360 size-medium\" src=\"https:\/\/www.lraloeverashop.eu\/wp-content\/uploads\/2024\/09\/man-weight-loss-before-and-after-300x300.jpeg\" alt=\"Di\u00e9ta na chudnutie pred a po\" width=\"300\" height=\"300\" srcset=\"https:\/\/www.lraloeverashop.eu\/wp-content\/uploads\/2024\/09\/man-weight-loss-before-and-after-300x300.jpeg 300w, https:\/\/www.lraloeverashop.eu\/wp-content\/uploads\/2024\/09\/man-weight-loss-before-and-after-1024x1024.jpeg 1024w, https:\/\/www.lraloeverashop.eu\/wp-content\/uploads\/2024\/09\/man-weight-loss-before-and-after-150x150.jpeg 150w, https:\/\/www.lraloeverashop.eu\/wp-content\/uploads\/2024\/09\/man-weight-loss-before-and-after-768x768.jpeg 768w, https:\/\/www.lraloeverashop.eu\/wp-content\/uploads\/2024\/09\/man-weight-loss-before-and-after-600x600.jpeg 600w, https:\/\/www.lraloeverashop.eu\/wp-content\/uploads\/2024\/09\/man-weight-loss-before-and-after-100x100.jpeg 100w, https:\/\/www.lraloeverashop.eu\/wp-content\/uploads\/2024\/09\/man-weight-loss-before-and-after.jpeg 1200w\" sizes=\"auto, (max-width: 300px) 100vw, 300px\" \/><\/a>Ako pripravi\u0165<\/span><\/strong><\/h3>\n<p>1-2 ly\u017ei\u010dky \u010daju zalejeme 500 ml vody a nech\u00e1me vyluhova\u0165 5-7 min\u00fat. Pite 3-4 \u0161\u00e1lky denne.<\/p>\n<p>Tak\u00fdmto sp\u00f4sobom sa V\u00e1m m\u00f4\u017ee podari\u0165 vypi\u0165 odpor\u00fa\u010dan\u00fdch 1,5 litra tekutin denne:<\/p>\n<p>Osl\u00e1vte to!<\/p>\n<p>Pre\u010do sa neobdarite novou \u0161\u00e1lkou s ktor\u00e9j najrad\u0161ej pijete?<\/p>\n<p>&nbsp;<\/p>\n<p>Najlep\u0161ie je urobi\u0165 hned cel\u00fa n\u00e1dobu s \u010dajom ale venujte pozornos\u0165 \u010dasu varenia. Ak nech\u00e1te vari\u0165 pr\u00edli\u0161 kr\u00e1tky alebo pr\u00edli\u0161 dlh\u00fd \u010daj, m\u00f4\u017ee to ma\u0165 in\u00fa chu\u0165. Uistite sa, \u017ee m\u00e1te rozmanit\u00fa a vyv\u00e1\u017een\u00fa stravu, ako aj zdrav\u00fd \u017eivotn\u00fd \u0161t\u00fdl.<\/p>\n<p>&nbsp;<\/p>\n<h4><strong><span style=\"font-size: 16pt;\">Vedeli ste?<\/span><\/strong><\/h4>\n<p>Nemeck\u00e1 v\u00fd\u017eivov\u00e1 spolo\u010dnos\u0165 odpor\u00fa\u010da denne pi\u0165 priemerne 1,5 litra vody alebo <a href=\"https:\/\/www.lraloeverashop.eu\/sk\/moze-vam-bylinkovy-caj-na-chudnutie-pomoct-schudnut\/\">nesladen\u00fdch \u010dajov<\/a>. V z\u00e1vislosti od vonkaj\u0161ej teploty a aktiv\u00edt a najm\u00e4 pri dodr\u017ean\u00ed stravovania by ste mali pi\u0165 trochu viac.<\/p>\n","protected":false},"excerpt":{"rendered":"<ul>\n<li>Pr\u00edrodn\u00fd produkt bez kontraindik\u00e1ci\u00ed<\/li>\n<li>Pom\u00e1ha vylu\u010dova\u0165 tuky<\/li>\n<li>Pom\u00e1ha eliminova\u0165 zadr\u017eiavanie tekut\u00edn<\/li>\n<li>P\u00f4sob\u00ed prirodzene pri tr\u00e1ven\u00ed a \u010drevnej fl\u00f3re<\/li>\n<li>\u0160peci\u00e1lna zmes r\u00f4znych byl\u00edn, listov m\u00e1ty a k\u00f4ry lapacho<\/li>\n<li>\u010caj Vyroben\u00fd v Nemecku<\/li>\n<li>Obsah: 250 g<\/li>\n<\/ul>\n<p>&nbsp;<\/p>\n","protected":false},"featured_media":5434,"comment_status":"open","ping_status":"closed","template":"","meta":{"_kad_blocks_custom_css":"","_kad_blocks_head_custom_js":"","_kad_blocks_body_custom_js":"","_kad_blocks_footer_custom_js":"","_kadence_starter_templates_imported_post":false,"_kad_post_transparent":"default","_kad_post_title":"","_kad_post_layout":"default","_kad_post_sidebar_id":"","_kad_post_content_style":"default","_kad_post_vertical_padding":"default","_kad_post_feature":"","_kad_post_feature_position":"","_kad_post_header":false,"_kad_post_footer":false,"_kad_post_classname":""},"product_brand":[],"product_cat":[438,343,337,468],"product_tag":[623],"class_list":{"0":"post-9445","1":"product","2":"type-product","3":"status-publish","4":"has-post-thumbnail","6":"product_cat-creva-a-travenie","7":"product_cat-dietny-spolocnik","8":"product_cat-doplnky-stravy","9":"product_cat-specialista","10":"product_tag-dieta-sk","12":"first","13":"instock","14":"taxable","15":"shipping-taxable","16":"purchasable","17":"product-type-simple","18":"entry","19":"content-bg","20":"loop-entry"},"yoast_head":"<!-- This site is optimized with the Yoast SEO Premium plugin v27.4 (Yoast SEO v27.4) - https:\/\/yoast.com\/product\/yoast-seo-premium-wordpress\/ -->\n<title>Bylinkov\u00fd \u010caj na Chudnutie - ide\u00e1lny spolo\u010dn\u00edk na ka\u017ed\u00fd de\u0148<\/title>\n<meta name=\"description\" content=\"Bylinkov\u00fd \u010caj na chudnutie pom\u00e1ha eliminova\u0165 zadr\u017eiavanie tukov a tekut\u00edn. Prirodzene p\u00f4sob\u00ed na tr\u00e1venie, \u010drevn\u00fa fl\u00f3ru. Pr\u00edrodn\u00fd produkt bez kontraindik\u00e1cii\" \/>\n<meta name=\"robots\" content=\"index, follow, max-snippet:-1, max-image-preview:large, max-video-preview:-1\" \/>\n<link rel=\"canonical\" href=\"https:\/\/www.lraloeverashop.eu\/sk\/produkt\/bylinkovy-caj-na-chudnutie\/\" \/>\n<meta property=\"og:locale\" content=\"sk_SK\" \/>\n<meta property=\"og:type\" content=\"article\" \/>\n<meta property=\"og:title\" content=\"Bylinkov\u00fd \u010caj na Chudnutie\" \/>\n<meta property=\"og:description\" content=\"Bylinkov\u00fd \u010caj na chudnutie pom\u00e1ha eliminova\u0165 zadr\u017eiavanie tukov a tekut\u00edn. Prirodzene p\u00f4sob\u00ed na tr\u00e1venie, \u010drevn\u00fa fl\u00f3ru. Pr\u00edrodn\u00fd produkt bez kontraindik\u00e1cii\" \/>\n<meta property=\"og:url\" content=\"https:\/\/www.lraloeverashop.eu\/sk\/produkt\/bylinkovy-caj-na-chudnutie\/\" \/>\n<meta property=\"og:site_name\" content=\"Lr Obchod Aloe Vera\" \/>\n<meta property=\"article:publisher\" content=\"https:\/\/www.facebook.com\/lraloeverashop.eu\" \/>\n<meta property=\"article:modified_time\" content=\"2025-12-14T11:11:12+00:00\" \/>\n<meta property=\"og:image\" content=\"https:\/\/www.lraloeverashop.eu\/wp-content\/uploads\/2022\/10\/fast-tea.jpg\" \/>\n\t<meta property=\"og:image:width\" content=\"1200\" \/>\n\t<meta property=\"og:image:height\" content=\"1200\" \/>\n\t<meta property=\"og:image:type\" content=\"image\/jpeg\" \/>\n<meta name=\"twitter:card\" content=\"summary_large_image\" \/>\n<meta name=\"twitter:site\" content=\"@natur__kosmetik\" \/>\n<script type=\"application\/ld+json\" class=\"yoast-schema-graph\">{\"@context\":\"https:\\\/\\\/schema.org\",\"@graph\":[{\"@type\":[\"WebPage\",\"ItemPage\"],\"@id\":\"https:\\\/\\\/www.lraloeverashop.eu\\\/sk\\\/produkt\\\/bylinkovy-caj-na-chudnutie\\\/\",\"url\":\"https:\\\/\\\/www.lraloeverashop.eu\\\/sk\\\/produkt\\\/bylinkovy-caj-na-chudnutie\\\/\",\"name\":\"Bylinkov\u00fd \u010caj na Chudnutie - ide\u00e1lny spolo\u010dn\u00edk na ka\u017ed\u00fd de\u0148\",\"isPartOf\":{\"@id\":\"https:\\\/\\\/www.lraloeverashop.eu\\\/sk\\\/#website\"},\"primaryImageOfPage\":{\"@id\":\"https:\\\/\\\/www.lraloeverashop.eu\\\/sk\\\/produkt\\\/bylinkovy-caj-na-chudnutie\\\/#primaryimage\"},\"image\":{\"@id\":\"https:\\\/\\\/www.lraloeverashop.eu\\\/sk\\\/produkt\\\/bylinkovy-caj-na-chudnutie\\\/#primaryimage\"},\"thumbnailUrl\":\"https:\\\/\\\/www.lraloeverashop.eu\\\/wp-content\\\/uploads\\\/2022\\\/10\\\/fast-tea.jpg\",\"datePublished\":\"2022-10-14T09:02:51+00:00\",\"dateModified\":\"2025-12-14T11:11:12+00:00\",\"description\":\"Bylinkov\u00fd \u010caj na chudnutie pom\u00e1ha eliminova\u0165 zadr\u017eiavanie tukov a tekut\u00edn. Prirodzene p\u00f4sob\u00ed na tr\u00e1venie, \u010drevn\u00fa fl\u00f3ru. Pr\u00edrodn\u00fd produkt bez kontraindik\u00e1cii\",\"breadcrumb\":{\"@id\":\"https:\\\/\\\/www.lraloeverashop.eu\\\/sk\\\/produkt\\\/bylinkovy-caj-na-chudnutie\\\/#breadcrumb\"},\"inLanguage\":\"sk-SK\",\"potentialAction\":[{\"@type\":\"ReadAction\",\"target\":[\"https:\\\/\\\/www.lraloeverashop.eu\\\/sk\\\/produkt\\\/bylinkovy-caj-na-chudnutie\\\/\"]}]},{\"@type\":\"ImageObject\",\"inLanguage\":\"sk-SK\",\"@id\":\"https:\\\/\\\/www.lraloeverashop.eu\\\/sk\\\/produkt\\\/bylinkovy-caj-na-chudnutie\\\/#primaryimage\",\"url\":\"https:\\\/\\\/www.lraloeverashop.eu\\\/wp-content\\\/uploads\\\/2022\\\/10\\\/fast-tea.jpg\",\"contentUrl\":\"https:\\\/\\\/www.lraloeverashop.eu\\\/wp-content\\\/uploads\\\/2022\\\/10\\\/fast-tea.jpg\",\"width\":1200,\"height\":1200,\"caption\":\"\u00da\u010dinn\u00fd bylinn\u00fd \u010daj na chudnutie\"},{\"@type\":\"BreadcrumbList\",\"@id\":\"https:\\\/\\\/www.lraloeverashop.eu\\\/sk\\\/produkt\\\/bylinkovy-caj-na-chudnutie\\\/#breadcrumb\",\"itemListElement\":[{\"@type\":\"ListItem\",\"position\":1,\"name\":\"Home\",\"item\":\"https:\\\/\\\/www.lraloeverashop.eu\\\/sk\\\/\"},{\"@type\":\"ListItem\",\"position\":2,\"name\":\"Obchod\",\"item\":\"https:\\\/\\\/www.lraloeverashop.eu\\\/shop\\\/\"},{\"@type\":\"ListItem\",\"position\":3,\"name\":\"Bylinkov\u00fd \u010caj na Chudnutie\"}]},{\"@type\":\"WebSite\",\"@id\":\"https:\\\/\\\/www.lraloeverashop.eu\\\/sk\\\/#website\",\"url\":\"https:\\\/\\\/www.lraloeverashop.eu\\\/sk\\\/\",\"name\":\"Lr Obchod Aloe Vera\",\"description\":\"High Quality Lr Aloe Vera Gel, Aloe Vera Cream and Shampoo\",\"publisher\":{\"@id\":\"https:\\\/\\\/www.lraloeverashop.eu\\\/sk\\\/#organization\"},\"potentialAction\":[{\"@type\":\"SearchAction\",\"target\":{\"@type\":\"EntryPoint\",\"urlTemplate\":\"https:\\\/\\\/www.lraloeverashop.eu\\\/sk\\\/?s={search_term_string}\"},\"query-input\":{\"@type\":\"PropertyValueSpecification\",\"valueRequired\":true,\"valueName\":\"search_term_string\"}}],\"inLanguage\":\"sk-SK\"},{\"@type\":\"Organization\",\"@id\":\"https:\\\/\\\/www.lraloeverashop.eu\\\/sk\\\/#organization\",\"name\":\"Lr Obchod Aloe Vera\",\"alternateName\":\"LR\",\"url\":\"https:\\\/\\\/www.lraloeverashop.eu\\\/sk\\\/\",\"logo\":{\"@type\":\"ImageObject\",\"inLanguage\":\"sk-SK\",\"@id\":\"https:\\\/\\\/www.lraloeverashop.eu\\\/sk\\\/#\\\/schema\\\/logo\\\/image\\\/\",\"url\":\"https:\\\/\\\/www.lraloeverashop.eu\\\/wp-content\\\/uploads\\\/2022\\\/09\\\/cropped-Lr-Aloe-Vera-Shop.jpg\",\"contentUrl\":\"https:\\\/\\\/www.lraloeverashop.eu\\\/wp-content\\\/uploads\\\/2022\\\/09\\\/cropped-Lr-Aloe-Vera-Shop.jpg\",\"width\":228,\"height\":76,\"caption\":\"Lr Obchod Aloe Vera\"},\"image\":{\"@id\":\"https:\\\/\\\/www.lraloeverashop.eu\\\/sk\\\/#\\\/schema\\\/logo\\\/image\\\/\"},\"sameAs\":[\"https:\\\/\\\/www.facebook.com\\\/lraloeverashop.eu\",\"https:\\\/\\\/x.com\\\/natur__kosmetik\",\"https:\\\/\\\/www.youtube.com\\\/channel\\\/UC5oN7BJ8nfYb8RpVtjwDEBA\",\"https:\\\/\\\/www.instagram.com\\\/lrbeautyeu\\\/\"],\"description\":\"Obchod Lr Aloe Vera je va\u0161\u00edm d\u00f4veryhodn\u00fdm miestom pre pr\u00e9miov\u00e9 produkty LR Health & Beauty vyroben\u00e9 v Nemecku. Pon\u00fakame vysokokvalitn\u00e9 rie\u0161enia starostlivosti o ple\u0165 s Aloe Vera, v\u00fd\u017eivu a proti starnutiu, vyroben\u00e9 z \u010dist\u00fdch ingredienci\u00ed a podlo\u017een\u00e9 vedeck\u00fdm v\u00fdskumom. Objavte pr\u00edrodn\u00fa starostlivos\u0165, ktor\u00e1 regeneruje, chr\u00e1ni a revitalizuje va\u0161u ple\u0165 \u2013 a vyu\u017eite exkluz\u00edvne mesa\u010dn\u00e9 ponuky na na\u0161e najpred\u00e1vanej\u0161ie produkty LR Aloe Vera.\\nZa\u010dnite svoju cestu za pr\u00edrodnou starostlivos\u0165ou o ple\u0165 e\u0161te dnes a poc\u00ed\u0165te rozdiel.\",\"email\":\"info@lraloeverashop.eu\",\"telephone\":\"+49 17670609653\",\"legalName\":\"Lr Aloe Vera Shop\",\"foundingDate\":\"2018-04-21\",\"numberOfEmployees\":{\"@type\":\"QuantitativeValue\",\"minValue\":\"1\",\"maxValue\":\"10\"}}]}<\/script>\n<meta property=\"product:price:amount\" content=\"25.29\" \/>\n<meta property=\"product:price:currency\" content=\"EUR\" \/>\n<meta property=\"og:availability\" content=\"instock\" \/>\n<meta property=\"product:availability\" content=\"instock\" \/>\n<meta property=\"product:retailer_item_id\" content=\"80205-401SK\" \/>\n<meta property=\"product:condition\" content=\"new\" \/>\n<!-- \/ Yoast SEO Premium plugin. -->","yoast_head_json":{"title":"Bylinkov\u00fd \u010caj na Chudnutie - ide\u00e1lny spolo\u010dn\u00edk na ka\u017ed\u00fd de\u0148","description":"Bylinkov\u00fd \u010caj na chudnutie pom\u00e1ha eliminova\u0165 zadr\u017eiavanie tukov a tekut\u00edn. Prirodzene p\u00f4sob\u00ed na tr\u00e1venie, \u010drevn\u00fa fl\u00f3ru. Pr\u00edrodn\u00fd produkt bez kontraindik\u00e1cii","robots":{"index":"index","follow":"follow","max-snippet":"max-snippet:-1","max-image-preview":"max-image-preview:large","max-video-preview":"max-video-preview:-1"},"canonical":"https:\/\/www.lraloeverashop.eu\/sk\/produkt\/bylinkovy-caj-na-chudnutie\/","og_locale":"sk_SK","og_type":"article","og_title":"Bylinkov\u00fd \u010caj na Chudnutie","og_description":"Bylinkov\u00fd \u010caj na chudnutie pom\u00e1ha eliminova\u0165 zadr\u017eiavanie tukov a tekut\u00edn. Prirodzene p\u00f4sob\u00ed na tr\u00e1venie, \u010drevn\u00fa fl\u00f3ru. Pr\u00edrodn\u00fd produkt bez kontraindik\u00e1cii","og_url":"https:\/\/www.lraloeverashop.eu\/sk\/produkt\/bylinkovy-caj-na-chudnutie\/","og_site_name":"Lr Obchod Aloe Vera","article_publisher":"https:\/\/www.facebook.com\/lraloeverashop.eu","article_modified_time":"2025-12-14T11:11:12+00:00","og_image":[{"width":1200,"height":1200,"url":"https:\/\/www.lraloeverashop.eu\/wp-content\/uploads\/2022\/10\/fast-tea.jpg","type":"image\/jpeg"}],"twitter_card":"summary_large_image","twitter_site":"@natur__kosmetik","schema":{"@context":"https:\/\/schema.org","@graph":[{"@type":["WebPage","ItemPage"],"@id":"https:\/\/www.lraloeverashop.eu\/sk\/produkt\/bylinkovy-caj-na-chudnutie\/","url":"https:\/\/www.lraloeverashop.eu\/sk\/produkt\/bylinkovy-caj-na-chudnutie\/","name":"Bylinkov\u00fd \u010caj na Chudnutie - ide\u00e1lny spolo\u010dn\u00edk na ka\u017ed\u00fd de\u0148","isPartOf":{"@id":"https:\/\/www.lraloeverashop.eu\/sk\/#website"},"primaryImageOfPage":{"@id":"https:\/\/www.lraloeverashop.eu\/sk\/produkt\/bylinkovy-caj-na-chudnutie\/#primaryimage"},"image":{"@id":"https:\/\/www.lraloeverashop.eu\/sk\/produkt\/bylinkovy-caj-na-chudnutie\/#primaryimage"},"thumbnailUrl":"https:\/\/www.lraloeverashop.eu\/wp-content\/uploads\/2022\/10\/fast-tea.jpg","datePublished":"2022-10-14T09:02:51+00:00","dateModified":"2025-12-14T11:11:12+00:00","description":"Bylinkov\u00fd \u010caj na chudnutie pom\u00e1ha eliminova\u0165 zadr\u017eiavanie tukov a tekut\u00edn. Prirodzene p\u00f4sob\u00ed na tr\u00e1venie, \u010drevn\u00fa fl\u00f3ru. Pr\u00edrodn\u00fd produkt bez kontraindik\u00e1cii","breadcrumb":{"@id":"https:\/\/www.lraloeverashop.eu\/sk\/produkt\/bylinkovy-caj-na-chudnutie\/#breadcrumb"},"inLanguage":"sk-SK","potentialAction":[{"@type":"ReadAction","target":["https:\/\/www.lraloeverashop.eu\/sk\/produkt\/bylinkovy-caj-na-chudnutie\/"]}]},{"@type":"ImageObject","inLanguage":"sk-SK","@id":"https:\/\/www.lraloeverashop.eu\/sk\/produkt\/bylinkovy-caj-na-chudnutie\/#primaryimage","url":"https:\/\/www.lraloeverashop.eu\/wp-content\/uploads\/2022\/10\/fast-tea.jpg","contentUrl":"https:\/\/www.lraloeverashop.eu\/wp-content\/uploads\/2022\/10\/fast-tea.jpg","width":1200,"height":1200,"caption":"\u00da\u010dinn\u00fd bylinn\u00fd \u010daj na chudnutie"},{"@type":"BreadcrumbList","@id":"https:\/\/www.lraloeverashop.eu\/sk\/produkt\/bylinkovy-caj-na-chudnutie\/#breadcrumb","itemListElement":[{"@type":"ListItem","position":1,"name":"Home","item":"https:\/\/www.lraloeverashop.eu\/sk\/"},{"@type":"ListItem","position":2,"name":"Obchod","item":"https:\/\/www.lraloeverashop.eu\/shop\/"},{"@type":"ListItem","position":3,"name":"Bylinkov\u00fd \u010caj na Chudnutie"}]},{"@type":"WebSite","@id":"https:\/\/www.lraloeverashop.eu\/sk\/#website","url":"https:\/\/www.lraloeverashop.eu\/sk\/","name":"Lr Obchod Aloe Vera","description":"High Quality Lr Aloe Vera Gel, Aloe Vera Cream and Shampoo","publisher":{"@id":"https:\/\/www.lraloeverashop.eu\/sk\/#organization"},"potentialAction":[{"@type":"SearchAction","target":{"@type":"EntryPoint","urlTemplate":"https:\/\/www.lraloeverashop.eu\/sk\/?s={search_term_string}"},"query-input":{"@type":"PropertyValueSpecification","valueRequired":true,"valueName":"search_term_string"}}],"inLanguage":"sk-SK"},{"@type":"Organization","@id":"https:\/\/www.lraloeverashop.eu\/sk\/#organization","name":"Lr Obchod Aloe Vera","alternateName":"LR","url":"https:\/\/www.lraloeverashop.eu\/sk\/","logo":{"@type":"ImageObject","inLanguage":"sk-SK","@id":"https:\/\/www.lraloeverashop.eu\/sk\/#\/schema\/logo\/image\/","url":"https:\/\/www.lraloeverashop.eu\/wp-content\/uploads\/2022\/09\/cropped-Lr-Aloe-Vera-Shop.jpg","contentUrl":"https:\/\/www.lraloeverashop.eu\/wp-content\/uploads\/2022\/09\/cropped-Lr-Aloe-Vera-Shop.jpg","width":228,"height":76,"caption":"Lr Obchod Aloe Vera"},"image":{"@id":"https:\/\/www.lraloeverashop.eu\/sk\/#\/schema\/logo\/image\/"},"sameAs":["https:\/\/www.facebook.com\/lraloeverashop.eu","https:\/\/x.com\/natur__kosmetik","https:\/\/www.youtube.com\/channel\/UC5oN7BJ8nfYb8RpVtjwDEBA","https:\/\/www.instagram.com\/lrbeautyeu\/"],"description":"Obchod Lr Aloe Vera je va\u0161\u00edm d\u00f4veryhodn\u00fdm miestom pre pr\u00e9miov\u00e9 produkty LR Health & Beauty vyroben\u00e9 v Nemecku. Pon\u00fakame vysokokvalitn\u00e9 rie\u0161enia starostlivosti o ple\u0165 s Aloe Vera, v\u00fd\u017eivu a proti starnutiu, vyroben\u00e9 z \u010dist\u00fdch ingredienci\u00ed a podlo\u017een\u00e9 vedeck\u00fdm v\u00fdskumom. Objavte pr\u00edrodn\u00fa starostlivos\u0165, ktor\u00e1 regeneruje, chr\u00e1ni a revitalizuje va\u0161u ple\u0165 \u2013 a vyu\u017eite exkluz\u00edvne mesa\u010dn\u00e9 ponuky na na\u0161e najpred\u00e1vanej\u0161ie produkty LR Aloe Vera.\nZa\u010dnite svoju cestu za pr\u00edrodnou starostlivos\u0165ou o ple\u0165 e\u0161te dnes a poc\u00ed\u0165te rozdiel.","email":"info@lraloeverashop.eu","telephone":"+49 17670609653","legalName":"Lr Aloe Vera Shop","foundingDate":"2018-04-21","numberOfEmployees":{"@type":"QuantitativeValue","minValue":"1","maxValue":"10"}}]},"product_price_amount":"25.29","product_price_currency":"EUR","og_availability":"instock","product_availability":"instock","product_retailer_item_id":"80205-401SK","product_condition":"new"},"taxonomy_info":{"product_cat":[{"value":438,"label":"\u010crev\u00e1 a Tr\u00e1venie"},{"value":343,"label":"Di\u00e9tny spolo\u010dn\u00edk"},{"value":337,"label":"N\u00e1hrada jedla"},{"value":468,"label":"\u0160pecialisti"}],"product_tag":[{"value":623,"label":"Di\u00e9ta"}]},"featured_image_src_large":["https:\/\/www.lraloeverashop.eu\/wp-content\/uploads\/2022\/10\/fast-tea-1024x1024.jpg",1024,1024,true],"author_info":[],"comment_info":0,"_links":{"self":[{"href":"https:\/\/www.lraloeverashop.eu\/sk\/wp-json\/wp\/v2\/product\/9445","targetHints":{"allow":["GET"]}}],"collection":[{"href":"https:\/\/www.lraloeverashop.eu\/sk\/wp-json\/wp\/v2\/product"}],"about":[{"href":"https:\/\/www.lraloeverashop.eu\/sk\/wp-json\/wp\/v2\/types\/product"}],"replies":[{"embeddable":true,"href":"https:\/\/www.lraloeverashop.eu\/sk\/wp-json\/wp\/v2\/comments?post=9445"}],"wp:featuredmedia":[{"embeddable":true,"href":"https:\/\/www.lraloeverashop.eu\/sk\/wp-json\/wp\/v2\/media\/5434"}],"wp:attachment":[{"href":"https:\/\/www.lraloeverashop.eu\/sk\/wp-json\/wp\/v2\/media?parent=9445"}],"wp:term":[{"taxonomy":"product_brand","embeddable":true,"href":"https:\/\/www.lraloeverashop.eu\/sk\/wp-json\/wp\/v2\/product_brand?post=9445"},{"taxonomy":"product_cat","embeddable":true,"href":"https:\/\/www.lraloeverashop.eu\/sk\/wp-json\/wp\/v2\/product_cat?post=9445"},{"taxonomy":"product_tag","embeddable":true,"href":"https:\/\/www.lraloeverashop.eu\/sk\/wp-json\/wp\/v2\/product_tag?post=9445"}],"curies":[{"name":"wp","href":"https:\/\/api.w.org\/{rel}","templated":true}]}}