{"id":9409,"date":"2022-10-15T07:43:52","date_gmt":"2022-10-15T05:43:52","guid":{"rendered":"https:\/\/www.lraloeverashop.eu\/product\/liek-na-menopauzu-woman-phyto\/"},"modified":"2026-02-22T09:32:54","modified_gmt":"2026-02-22T08:32:54","slug":"liek-na-menopauzu-woman-phyto","status":"publish","type":"product","link":"https:\/\/www.lraloeverashop.eu\/sk\/produkt\/liek-na-menopauzu-woman-phyto\/","title":{"rendered":"Liek na Menopauzu Woman Phyto Limitovan\u00e1 ponuka"},"content":{"rendered":"<h2><span style=\"font-size: 16pt;\"><strong>Liek na Menopauzu Woman Phyto<\/strong><\/span><\/h2>\n<p><span style=\"font-size: 14pt;\"><strong>Liek na Menopauzu Woman Phyto S extraktom z \u010dervenej \u010fateliny<\/strong><\/span><\/p>\n<p>Liek na Menopauzu &#8211; Pr\u00edrodn\u00e1 pomoc v obdob\u00ed klimakt\u00e9ria. Obsahuje hor\u010d\u00edk, v\u00e1pnik, vitam\u00edn D3, ktor\u00fd pom\u00e1ha pri ukladan\u00ed v\u00e1pnika do kostnej hmoty. S extraktom z \u010dervenej \u010fateliny. Iba z Alpsk\u00fdch h\u00f4r! Neobsahuje lakt\u00f3zu a lepok.<\/p>\n<p><strong>Liek na Menopauzu Woman Phyto Potl\u00e1\u010da sympt\u00f3my menopauzy:<\/strong><\/p>\n<ul>\n<li>N\u00e1valy tepla, potenie, podr\u00e1\u017edenos\u0165, nervozitu, \u00fanavu, poruchy sp\u00e1nku, bolesti hlavy, pocity nap\u00e4tia v prsn\u00edkoch &#8230;<\/li>\n<li>Prevencia <a href=\"https:\/\/www.lraloeverashop.eu\/sk\/produkt\/aloe-vera-na-pitie-freedom\/\">osteopor\u00f3zy<\/a>!<\/li>\n<li>Zni\u017euje riziko rakoviny prsn\u00edka, <a href=\"https:\/\/www.lraloeverashop.eu\/sk\/produkt\/pro-12-probiotika-v-kapsulach\/\">hrub\u00e9ho \u010dreva<\/a>, vaje\u010dn\u00edkov (endometri\u00f3za), vaje\u010dn\u00edkov!<\/li>\n<li>Kardiovaskul\u00e1rna prevencia! Zni\u017euje krvn\u00fd<\/li>\n<li>tlak! Zni\u017euje cholesterol!<\/li>\n<\/ul>\n<p>&nbsp;<\/p>\n<p><strong>Odpor\u00fa\u010dan\u00e9 d\u00e1vkovanie:<\/strong> 2-3 x denne 1 kapsulu pred alebo po jedle.<\/p>\n<p>3 x Liek na Menopauzu Woman Phyto obsahuje 250 mg v\u00fd\u0165a\u017eku z \u010dervenej \u010fateliny, \u010do zodpoved\u00e1 50 mg izoflav\u00f3nov z \u010dervenej \u010fateliny, l\u00e1tok podobn\u00fdch fytoestrog\u00e9nom, ale na pr\u00edrodnej b\u00e1ze.<\/p>\n<p>Ide\u00e1lne je u\u017e\u00edva\u0165 Liek na Menopauzu Woman Phyto spolo\u010dne s Aloe\u00a0Vera g\u00e9lom, ktor\u00fd dok\u00e1\u017ee vyladi\u0165 \u017eensk\u00fd hormon\u00e1lny syst\u00e9m a v\u010faka synergii sa prevent\u00edvny aj lie\u010debn\u00fd efekt n\u00e1sob\u00ed.<br \/>\nIzoflav\u00f3ny \/ fytoestrog\u00e9ny \/ s\u00fa molekuly podobn\u00e9 estrog\u00e9nom, v rastlin\u00e1ch \u00fa\u010dinkuj\u00fa ako antioxidanty, lapa\u010de vo\u013en\u00fdch radik\u00e1lov. Plnia kon\u0161trukt\u00edvnu ochranu buniek. Ochra\u0148uj\u00fa cievy pred <a href=\"https:\/\/www.lraloeverashop.eu\/sk\/produkt\/woman-phyto-activ-kapsule-set\/\">ateroskler\u00f3zou<\/a>.<\/p>\n<p><strong>Pozor:<\/strong> Aj nevhodne pou\u017e\u00edvan\u00e1 hormon\u00e1lna antikoncepcia alebo lie\u010dba syntetick\u00fdmi hormon\u00e1lnymi pr\u00edpravkami m\u00f4\u017ee samozrejme prispie\u0165 k naru\u0161eniu optim\u00e1lneho pomeru pohlavn\u00fdch horm\u00f3nov!<\/p>\n<p>&nbsp;<\/p>\n<h2><span style=\"font-size: 16pt;\"><strong>Kto by mal Liek na Menopauzu Woman Phyto<\/strong><strong>\u00a0u\u017e\u00edva\u0165?<\/strong><\/span><\/h2>\n<p>Liek na Menopauzu Woman Phyto by mali pou\u017eiva\u0165 hlavne \u017eeny v premenopauz\u00e1lnym veku, ktor\u00e9 si chc\u00fa akt\u00edvne vychutna\u0165 \u010fal\u0161ie roky zrel\u00e9 dospelosti a preventivne sa vyhn\u00fa\u0165 zdravotn\u00fdm komplik\u00e1ci\u00e1m. \u010ealej fertiln\u00e9 \u017eeny, u ktor\u00fdch sa prejavuj\u00fa zdravotn\u00e9 probl\u00e9my navodenej estrog\u00e9nov\u00fa dominanciou.<\/p>\n<p>Tehotn\u00e9 a doj\u010diace matky by pr\u00edpadn\u00e9 u\u017e\u00edvanie mali konzultova\u0165 so svoj\u00edm lek\u00e1rom. \u017deny, ktor\u00e9 prekonali alebo prekon\u00e1vaj\u00fa niektor\u00e9 z\u00e1va\u017en\u00e9 ochorenie s\u00favisiace s prechodom, by mali tento produkt pravidelne u\u017e\u00edva\u0165, pr\u00edpadne aj s farmakologickou lie\u010dbou a s \u010fal\u0161\u00edmi pr\u00edrodn\u00fdmi lie\u010div\u00fdmi prostriedkami, ako je napr. Aloe Vera G\u00e9l na pitie, <a href=\"https:\/\/www.lraloeverashop.eu\/sk\/produkt\/reishi-huba-kapsule\/\">Reishi<\/a>, Vita Aktiv at\u010f.<\/p>\n<p>Neodpor\u00facame u\u017e\u00edvanie pripravku Woman Phyto Aktiv Kapsule diev\u010dat\u00e1m v puberte u ktor\u00fdch izoflav\u00f3ny vo vy\u0161\u0161om mno\u017estve m\u00f4\u017eu oslabova\u0165 imunitn\u00fd syst\u00e9m. Zvl\u00e1\u0161\u0165 mami\u010dky, prev\u00e1dzaj\u00facej doj\u010dat\u00e1 na umel\u00fa doj\u010densk\u00fa v\u00fd\u017eivu, by mali dohliadnu\u0165, aby nebola vyr\u00e1ban\u00e1 zo s\u00f3je.<\/p>\n<p>Ide\u00e1lne je samozrejme u\u017e\u00edva\u0165 Woman Phyto Activ Kapsule spolo\u010dne s Aloe Vera g\u00e9lom lebo aloe sama o sebe dok\u00e1\u017ee vyladi\u0165 \u017eensk\u00fd hormon\u00e1lny syst\u00e9m. Diky synergii sa prevent\u00edvny a lie\u010debn\u00fd efekt n\u00e1sob\u00ed.<\/p>\n<p>&nbsp;<\/p>\n<h3><span style=\"font-size: 16pt;\"><strong>Ako pou\u017eiva\u0165 Woman Phyto Kapsule<\/strong><\/span><\/h3>\n<p><strong>Odpor\u00fa\u010dan\u00e9 d\u00e1vkovanie:<\/strong> Vezmite 3 x 1 kapsulu denne s mal\u00fdm mno\u017estvom tekutiny.<\/p>\n<p>Odpor\u00fa\u010dan\u00e1 denn\u00e1 d\u00e1vka sa nesmie prekro\u010di\u0165. Doplnky stravy by sa nemali pou\u017e\u00edva\u0165 ako n\u00e1hrada vyv\u00e1\u017eenej a pestrej stravy. V\u00fdrobok uchov\u00e1vajte mimo dosahu mal\u00fdch det\u00ed. Uchov\u00e1vajte na chladnom a suchom mieste.<\/p>\n<p>&nbsp;<\/p>\n<h4><span style=\"font-size: 16pt;\"><strong>\u010casto kladen\u00e9 ot\u00e1zky<\/strong><\/span><\/h4>\n<p><strong>\u010co m\u00f4\u017eeme urobi\u0165 pre svoje kosti?<\/strong><br \/>\nPravideln\u00e9 cvi\u010denia posil\u0148uj\u00fa kostrov\u00e9 svalstvo a s\u00fa mimoriadne d\u00f4le\u017eit\u00e9 pre v\u00fdvoj a udr\u017eanie <a href=\"https:\/\/www.lraloeverashop.eu\/sk\/produkt\/woman-phyto-activ-kapsule\/\">stabilnej kostnej \u0161trukt\u00fary<\/a>. Beh, bicyklovanie, pl\u00e1vanie alebo dokonca cielen\u00e9 silov\u00e9 tr\u00e9ningy nam\u00e1haj\u00fa kosti, tak\u017ee sa v d\u00f4sledku toho vytv\u00e1ra viac kostnej hmoty.<\/p>\n<p>Najm\u00e4 v zime by sme sa mali ka\u017ed\u00fd de\u0148 venova\u0165 aspo\u0148 trochu slnka preto\u017ee slnko pom\u00e1ha telu tvori\u0165 vitam\u00edn D, ktor\u00fd taktie\u017e hr\u00e1 \u00falohu v mnoh\u00fdch hormon\u00e1lnych procesoch.<\/p>\n<p><strong>Ako m\u00f4\u017ee v\u00fd\u017eiva pom\u00f4c\u0165 podpori\u0165 blaho \u017eeny?<\/strong><br \/>\nZdrav\u00e1 a r\u00f4zmanit\u00e1 rastlinn\u00e1 strava m\u00e1 ve\u013ek\u00fd v\u00fdznam: Okrem d\u00f4le\u017eit\u00fdch vitam\u00ednov, miner\u00e1lov a stopov\u00fdch prvkov aj ovocie, zelenina, strukoviny a cel\u00e9 zrn\u00e1 obsahuj\u00fa fyto vitaminy, ktor\u00e9 zabra\u0148uj\u00fa pred\u010dasn\u00e9mu starnutiu.<\/p>\n<p>&nbsp;<\/p>\n","protected":false},"excerpt":{"rendered":"<ul>\n<li><span style=\"color: #ff0000;\"><strong>Limitovan\u00e1 ponuka<\/strong><\/span><\/li>\n<li>S v\u00e1pnikom a vitam\u00ednom D udr\u017eiava zdravie kost\u00ed<\/li>\n<li>Pre blaho \u017eensk\u00e9ho tela<\/li>\n<li>Prevencia osteopor\u00f3zy<\/li>\n<li>Obsahuje extrakt \u010dervenej \u010fateliny<\/li>\n<li>Bez lakt\u00f3zy a lepku<\/li>\n<li>Produkt vyroben\u00fd v Nemecku<\/li>\n<li>Obsah: 2 x 90 Kapsuliek<\/li>\n<\/ul>\n<p>&nbsp;<\/p>\n","protected":false},"featured_media":5128,"comment_status":"open","ping_status":"closed","template":"","meta":{"_kad_blocks_custom_css":"","_kad_blocks_head_custom_js":"","_kad_blocks_body_custom_js":"","_kad_blocks_footer_custom_js":"","_kadence_starter_templates_imported_post":false,"_kad_post_transparent":"default","_kad_post_title":"","_kad_post_layout":"default","_kad_post_sidebar_id":"","_kad_post_content_style":"default","_kad_post_vertical_padding":"default","_kad_post_feature":"","_kad_post_feature_position":"","_kad_post_header":false,"_kad_post_footer":false,"_kad_post_classname":""},"product_brand":[],"product_cat":[432,468,355],"product_tag":[],"class_list":{"0":"post-9409","1":"product","2":"type-product","3":"status-publish","4":"has-post-thumbnail","6":"product_cat-hormonalna-rovnovaha","7":"product_cat-specialista","8":"product_cat-zlavy","10":"first","11":"outofstock","12":"sale","13":"taxable","14":"shipping-taxable","15":"purchasable","16":"product-type-simple","17":"entry","18":"content-bg","19":"loop-entry"},"yoast_head":"<!-- This site is optimized with the Yoast SEO Premium plugin v27.5 (Yoast SEO v27.5) - https:\/\/yoast.com\/product\/yoast-seo-premium-wordpress\/ -->\n<title>Liek na Menopauzu Woman Phyto S extraktom z \u010dervenej \u010fateliny<\/title>\n<meta name=\"description\" content=\"Liek na Menopauzu Woman Phyto obsahuje hor\u010d\u00edk, v\u00e1pnik, vitam\u00edn D3, ktor\u00fd pom\u00e1ha pri ukladan\u00ed v\u00e1pnika do kostnej hmoty. S extraktom z \u010dervenej \u010fateliny.\" \/>\n<meta name=\"robots\" content=\"index, follow, max-snippet:-1, max-image-preview:large, max-video-preview:-1\" \/>\n<link rel=\"canonical\" href=\"https:\/\/www.lraloeverashop.eu\/sk\/produkt\/liek-na-menopauzu-woman-phyto\/\" \/>\n<meta property=\"og:locale\" content=\"sk_SK\" \/>\n<meta property=\"og:type\" content=\"article\" \/>\n<meta property=\"og:title\" content=\"Liek na Menopauzu Woman Phyto Limitovan\u00e1 ponuka\" \/>\n<meta property=\"og:description\" content=\"Liek na Menopauzu Woman Phyto obsahuje hor\u010d\u00edk, v\u00e1pnik, vitam\u00edn D3, ktor\u00fd pom\u00e1ha pri ukladan\u00ed v\u00e1pnika do kostnej hmoty. S extraktom z \u010dervenej \u010fateliny.\" \/>\n<meta property=\"og:url\" content=\"https:\/\/www.lraloeverashop.eu\/sk\/produkt\/liek-na-menopauzu-woman-phyto\/\" \/>\n<meta property=\"og:site_name\" content=\"Lr Obchod Aloe Vera\" \/>\n<meta property=\"article:publisher\" content=\"https:\/\/www.facebook.com\/lraloeverashop.eu\" \/>\n<meta property=\"article:modified_time\" content=\"2026-02-22T08:32:54+00:00\" \/>\n<meta property=\"og:image\" content=\"https:\/\/www.lraloeverashop.eu\/wp-content\/uploads\/2022\/10\/phyto-2.jpg\" \/>\n\t<meta property=\"og:image:width\" content=\"1200\" \/>\n\t<meta property=\"og:image:height\" content=\"1200\" \/>\n\t<meta property=\"og:image:type\" content=\"image\/jpeg\" \/>\n<meta name=\"twitter:card\" content=\"summary_large_image\" \/>\n<meta name=\"twitter:site\" content=\"@natur__kosmetik\" \/>\n<script type=\"application\/ld+json\" class=\"yoast-schema-graph\">{\"@context\":\"https:\\\/\\\/schema.org\",\"@graph\":[{\"@type\":[\"WebPage\",\"ItemPage\"],\"@id\":\"https:\\\/\\\/www.lraloeverashop.eu\\\/sk\\\/produkt\\\/liek-na-menopauzu-woman-phyto\\\/\",\"url\":\"https:\\\/\\\/www.lraloeverashop.eu\\\/sk\\\/produkt\\\/liek-na-menopauzu-woman-phyto\\\/\",\"name\":\"Liek na Menopauzu Woman Phyto S extraktom z \u010dervenej \u010fateliny\",\"isPartOf\":{\"@id\":\"https:\\\/\\\/www.lraloeverashop.eu\\\/sk\\\/#website\"},\"primaryImageOfPage\":{\"@id\":\"https:\\\/\\\/www.lraloeverashop.eu\\\/sk\\\/produkt\\\/liek-na-menopauzu-woman-phyto\\\/#primaryimage\"},\"image\":{\"@id\":\"https:\\\/\\\/www.lraloeverashop.eu\\\/sk\\\/produkt\\\/liek-na-menopauzu-woman-phyto\\\/#primaryimage\"},\"thumbnailUrl\":\"https:\\\/\\\/www.lraloeverashop.eu\\\/wp-content\\\/uploads\\\/2022\\\/10\\\/phyto-2.jpg\",\"datePublished\":\"2022-10-15T05:43:52+00:00\",\"dateModified\":\"2026-02-22T08:32:54+00:00\",\"description\":\"Liek na Menopauzu Woman Phyto obsahuje hor\u010d\u00edk, v\u00e1pnik, vitam\u00edn D3, ktor\u00fd pom\u00e1ha pri ukladan\u00ed v\u00e1pnika do kostnej hmoty. S extraktom z \u010dervenej \u010fateliny.\",\"breadcrumb\":{\"@id\":\"https:\\\/\\\/www.lraloeverashop.eu\\\/sk\\\/produkt\\\/liek-na-menopauzu-woman-phyto\\\/#breadcrumb\"},\"inLanguage\":\"sk-SK\",\"potentialAction\":[{\"@type\":\"ReadAction\",\"target\":[\"https:\\\/\\\/www.lraloeverashop.eu\\\/sk\\\/produkt\\\/liek-na-menopauzu-woman-phyto\\\/\"]}]},{\"@type\":\"ImageObject\",\"inLanguage\":\"sk-SK\",\"@id\":\"https:\\\/\\\/www.lraloeverashop.eu\\\/sk\\\/produkt\\\/liek-na-menopauzu-woman-phyto\\\/#primaryimage\",\"url\":\"https:\\\/\\\/www.lraloeverashop.eu\\\/wp-content\\\/uploads\\\/2022\\\/10\\\/phyto-2.jpg\",\"contentUrl\":\"https:\\\/\\\/www.lraloeverashop.eu\\\/wp-content\\\/uploads\\\/2022\\\/10\\\/phyto-2.jpg\",\"width\":1200,\"height\":1200,\"caption\":\"Limitovan\u00e1 ponuka Woman Phyto pre menopauzu\"},{\"@type\":\"BreadcrumbList\",\"@id\":\"https:\\\/\\\/www.lraloeverashop.eu\\\/sk\\\/produkt\\\/liek-na-menopauzu-woman-phyto\\\/#breadcrumb\",\"itemListElement\":[{\"@type\":\"ListItem\",\"position\":1,\"name\":\"Home\",\"item\":\"https:\\\/\\\/www.lraloeverashop.eu\\\/sk\\\/aloe-vera-obchod-vsetko-pre-vasu-krasu-a-pohodu\\\/\"},{\"@type\":\"ListItem\",\"position\":2,\"name\":\"Obchod\",\"item\":\"https:\\\/\\\/www.lraloeverashop.eu\\\/sk\\\/obchod\\\/\"},{\"@type\":\"ListItem\",\"position\":3,\"name\":\"Liek na Menopauzu Woman Phyto Limitovan\u00e1 ponuka\"}]},{\"@type\":\"WebSite\",\"@id\":\"https:\\\/\\\/www.lraloeverashop.eu\\\/sk\\\/#website\",\"url\":\"https:\\\/\\\/www.lraloeverashop.eu\\\/sk\\\/\",\"name\":\"Lr Obchod Aloe Vera\",\"description\":\"High Quality Lr Aloe Vera Gel, Aloe Vera Cream and Shampoo\",\"publisher\":{\"@id\":\"https:\\\/\\\/www.lraloeverashop.eu\\\/sk\\\/#organization\"},\"alternateName\":\"LR\",\"potentialAction\":[{\"@type\":\"SearchAction\",\"target\":{\"@type\":\"EntryPoint\",\"urlTemplate\":\"https:\\\/\\\/www.lraloeverashop.eu\\\/sk\\\/?s={search_term_string}\"},\"query-input\":{\"@type\":\"PropertyValueSpecification\",\"valueRequired\":true,\"valueName\":\"search_term_string\"}}],\"inLanguage\":\"sk-SK\"},{\"@type\":\"Organization\",\"@id\":\"https:\\\/\\\/www.lraloeverashop.eu\\\/sk\\\/#organization\",\"name\":\"Lr Obchod Aloe Vera\",\"alternateName\":\"LR\",\"url\":\"https:\\\/\\\/www.lraloeverashop.eu\\\/sk\\\/\",\"logo\":{\"@type\":\"ImageObject\",\"inLanguage\":\"sk-SK\",\"@id\":\"https:\\\/\\\/www.lraloeverashop.eu\\\/sk\\\/#\\\/schema\\\/logo\\\/image\\\/\",\"url\":\"https:\\\/\\\/www.lraloeverashop.eu\\\/wp-content\\\/uploads\\\/2022\\\/09\\\/cropped-Lr-Aloe-Vera-Shop.jpg\",\"contentUrl\":\"https:\\\/\\\/www.lraloeverashop.eu\\\/wp-content\\\/uploads\\\/2022\\\/09\\\/cropped-Lr-Aloe-Vera-Shop.jpg\",\"width\":228,\"height\":76,\"caption\":\"Lr Obchod Aloe Vera\"},\"image\":{\"@id\":\"https:\\\/\\\/www.lraloeverashop.eu\\\/sk\\\/#\\\/schema\\\/logo\\\/image\\\/\"},\"sameAs\":[\"https:\\\/\\\/www.facebook.com\\\/lraloeverashop.eu\",\"https:\\\/\\\/x.com\\\/natur__kosmetik\",\"https:\\\/\\\/www.youtube.com\\\/channel\\\/UC5oN7BJ8nfYb8RpVtjwDEBA\",\"https:\\\/\\\/www.instagram.com\\\/lrbeautyeu\\\/\"],\"description\":\"Obchod Lr Aloe Vera je va\u0161\u00edm d\u00f4veryhodn\u00fdm miestom pre pr\u00e9miov\u00e9 produkty LR Health & Beauty vyroben\u00e9 v Nemecku. Pon\u00fakame vysokokvalitn\u00e9 rie\u0161enia starostlivosti o ple\u0165 s Aloe Vera, v\u00fd\u017eivu a proti starnutiu, vyroben\u00e9 z \u010dist\u00fdch ingredienci\u00ed a podlo\u017een\u00e9 vedeck\u00fdm v\u00fdskumom. Objavte pr\u00edrodn\u00fa starostlivos\u0165, ktor\u00e1 regeneruje, chr\u00e1ni a revitalizuje va\u0161u ple\u0165 \u2013 a vyu\u017eite exkluz\u00edvne mesa\u010dn\u00e9 ponuky na na\u0161e najpred\u00e1vanej\u0161ie produkty LR Aloe Vera.\\nZa\u010dnite svoju cestu za pr\u00edrodnou starostlivos\u0165ou o ple\u0165 e\u0161te dnes a poc\u00ed\u0165te rozdiel.\",\"email\":\"info@lraloeverashop.eu\",\"telephone\":\"+49 17670609653\",\"legalName\":\"Lr Aloe Vera Shop\",\"foundingDate\":\"2018-04-21\",\"numberOfEmployees\":{\"@type\":\"QuantitativeValue\",\"minValue\":\"1\",\"maxValue\":\"10\"}}]}<\/script>\n<meta property=\"product:price:amount\" content=\"55.99\" \/>\n<meta property=\"product:price:currency\" content=\"EUR\" \/>\n<meta property=\"og:availability\" content=\"out of stock\" \/>\n<meta property=\"product:availability\" content=\"out of stock\" \/>\n<meta property=\"product:retailer_item_id\" content=\"80522-1SK\" \/>\n<meta property=\"product:condition\" content=\"new\" \/>\n<!-- \/ Yoast SEO Premium plugin. -->","yoast_head_json":{"title":"Liek na Menopauzu Woman Phyto S extraktom z \u010dervenej \u010fateliny","description":"Liek na Menopauzu Woman Phyto obsahuje hor\u010d\u00edk, v\u00e1pnik, vitam\u00edn D3, ktor\u00fd pom\u00e1ha pri ukladan\u00ed v\u00e1pnika do kostnej hmoty. S extraktom z \u010dervenej \u010fateliny.","robots":{"index":"index","follow":"follow","max-snippet":"max-snippet:-1","max-image-preview":"max-image-preview:large","max-video-preview":"max-video-preview:-1"},"canonical":"https:\/\/www.lraloeverashop.eu\/sk\/produkt\/liek-na-menopauzu-woman-phyto\/","og_locale":"sk_SK","og_type":"article","og_title":"Liek na Menopauzu Woman Phyto Limitovan\u00e1 ponuka","og_description":"Liek na Menopauzu Woman Phyto obsahuje hor\u010d\u00edk, v\u00e1pnik, vitam\u00edn D3, ktor\u00fd pom\u00e1ha pri ukladan\u00ed v\u00e1pnika do kostnej hmoty. S extraktom z \u010dervenej \u010fateliny.","og_url":"https:\/\/www.lraloeverashop.eu\/sk\/produkt\/liek-na-menopauzu-woman-phyto\/","og_site_name":"Lr Obchod Aloe Vera","article_publisher":"https:\/\/www.facebook.com\/lraloeverashop.eu","article_modified_time":"2026-02-22T08:32:54+00:00","og_image":[{"width":1200,"height":1200,"url":"https:\/\/www.lraloeverashop.eu\/wp-content\/uploads\/2022\/10\/phyto-2.jpg","type":"image\/jpeg"}],"twitter_card":"summary_large_image","twitter_site":"@natur__kosmetik","schema":{"@context":"https:\/\/schema.org","@graph":[{"@type":["WebPage","ItemPage"],"@id":"https:\/\/www.lraloeverashop.eu\/sk\/produkt\/liek-na-menopauzu-woman-phyto\/","url":"https:\/\/www.lraloeverashop.eu\/sk\/produkt\/liek-na-menopauzu-woman-phyto\/","name":"Liek na Menopauzu Woman Phyto S extraktom z \u010dervenej \u010fateliny","isPartOf":{"@id":"https:\/\/www.lraloeverashop.eu\/sk\/#website"},"primaryImageOfPage":{"@id":"https:\/\/www.lraloeverashop.eu\/sk\/produkt\/liek-na-menopauzu-woman-phyto\/#primaryimage"},"image":{"@id":"https:\/\/www.lraloeverashop.eu\/sk\/produkt\/liek-na-menopauzu-woman-phyto\/#primaryimage"},"thumbnailUrl":"https:\/\/www.lraloeverashop.eu\/wp-content\/uploads\/2022\/10\/phyto-2.jpg","datePublished":"2022-10-15T05:43:52+00:00","dateModified":"2026-02-22T08:32:54+00:00","description":"Liek na Menopauzu Woman Phyto obsahuje hor\u010d\u00edk, v\u00e1pnik, vitam\u00edn D3, ktor\u00fd pom\u00e1ha pri ukladan\u00ed v\u00e1pnika do kostnej hmoty. S extraktom z \u010dervenej \u010fateliny.","breadcrumb":{"@id":"https:\/\/www.lraloeverashop.eu\/sk\/produkt\/liek-na-menopauzu-woman-phyto\/#breadcrumb"},"inLanguage":"sk-SK","potentialAction":[{"@type":"ReadAction","target":["https:\/\/www.lraloeverashop.eu\/sk\/produkt\/liek-na-menopauzu-woman-phyto\/"]}]},{"@type":"ImageObject","inLanguage":"sk-SK","@id":"https:\/\/www.lraloeverashop.eu\/sk\/produkt\/liek-na-menopauzu-woman-phyto\/#primaryimage","url":"https:\/\/www.lraloeverashop.eu\/wp-content\/uploads\/2022\/10\/phyto-2.jpg","contentUrl":"https:\/\/www.lraloeverashop.eu\/wp-content\/uploads\/2022\/10\/phyto-2.jpg","width":1200,"height":1200,"caption":"Limitovan\u00e1 ponuka Woman Phyto pre menopauzu"},{"@type":"BreadcrumbList","@id":"https:\/\/www.lraloeverashop.eu\/sk\/produkt\/liek-na-menopauzu-woman-phyto\/#breadcrumb","itemListElement":[{"@type":"ListItem","position":1,"name":"Home","item":"https:\/\/www.lraloeverashop.eu\/sk\/aloe-vera-obchod-vsetko-pre-vasu-krasu-a-pohodu\/"},{"@type":"ListItem","position":2,"name":"Obchod","item":"https:\/\/www.lraloeverashop.eu\/sk\/obchod\/"},{"@type":"ListItem","position":3,"name":"Liek na Menopauzu Woman Phyto Limitovan\u00e1 ponuka"}]},{"@type":"WebSite","@id":"https:\/\/www.lraloeverashop.eu\/sk\/#website","url":"https:\/\/www.lraloeverashop.eu\/sk\/","name":"Lr Obchod Aloe Vera","description":"High Quality Lr Aloe Vera Gel, Aloe Vera Cream and Shampoo","publisher":{"@id":"https:\/\/www.lraloeverashop.eu\/sk\/#organization"},"alternateName":"LR","potentialAction":[{"@type":"SearchAction","target":{"@type":"EntryPoint","urlTemplate":"https:\/\/www.lraloeverashop.eu\/sk\/?s={search_term_string}"},"query-input":{"@type":"PropertyValueSpecification","valueRequired":true,"valueName":"search_term_string"}}],"inLanguage":"sk-SK"},{"@type":"Organization","@id":"https:\/\/www.lraloeverashop.eu\/sk\/#organization","name":"Lr Obchod Aloe Vera","alternateName":"LR","url":"https:\/\/www.lraloeverashop.eu\/sk\/","logo":{"@type":"ImageObject","inLanguage":"sk-SK","@id":"https:\/\/www.lraloeverashop.eu\/sk\/#\/schema\/logo\/image\/","url":"https:\/\/www.lraloeverashop.eu\/wp-content\/uploads\/2022\/09\/cropped-Lr-Aloe-Vera-Shop.jpg","contentUrl":"https:\/\/www.lraloeverashop.eu\/wp-content\/uploads\/2022\/09\/cropped-Lr-Aloe-Vera-Shop.jpg","width":228,"height":76,"caption":"Lr Obchod Aloe Vera"},"image":{"@id":"https:\/\/www.lraloeverashop.eu\/sk\/#\/schema\/logo\/image\/"},"sameAs":["https:\/\/www.facebook.com\/lraloeverashop.eu","https:\/\/x.com\/natur__kosmetik","https:\/\/www.youtube.com\/channel\/UC5oN7BJ8nfYb8RpVtjwDEBA","https:\/\/www.instagram.com\/lrbeautyeu\/"],"description":"Obchod Lr Aloe Vera je va\u0161\u00edm d\u00f4veryhodn\u00fdm miestom pre pr\u00e9miov\u00e9 produkty LR Health & Beauty vyroben\u00e9 v Nemecku. Pon\u00fakame vysokokvalitn\u00e9 rie\u0161enia starostlivosti o ple\u0165 s Aloe Vera, v\u00fd\u017eivu a proti starnutiu, vyroben\u00e9 z \u010dist\u00fdch ingredienci\u00ed a podlo\u017een\u00e9 vedeck\u00fdm v\u00fdskumom. Objavte pr\u00edrodn\u00fa starostlivos\u0165, ktor\u00e1 regeneruje, chr\u00e1ni a revitalizuje va\u0161u ple\u0165 \u2013 a vyu\u017eite exkluz\u00edvne mesa\u010dn\u00e9 ponuky na na\u0161e najpred\u00e1vanej\u0161ie produkty LR Aloe Vera.\nZa\u010dnite svoju cestu za pr\u00edrodnou starostlivos\u0165ou o ple\u0165 e\u0161te dnes a poc\u00ed\u0165te rozdiel.","email":"info@lraloeverashop.eu","telephone":"+49 17670609653","legalName":"Lr Aloe Vera Shop","foundingDate":"2018-04-21","numberOfEmployees":{"@type":"QuantitativeValue","minValue":"1","maxValue":"10"}}]},"product_price_amount":"55.99","product_price_currency":"EUR","og_availability":"out of stock","product_availability":"out of stock","product_retailer_item_id":"80522-1SK","product_condition":"new"},"taxonomy_info":{"product_cat":[{"value":432,"label":"Hormon\u00e1lna Rovnov\u00e1ha"},{"value":468,"label":"\u0160pecialisti"},{"value":355,"label":"Z\u013eavy"}]},"featured_image_src_large":["https:\/\/www.lraloeverashop.eu\/wp-content\/uploads\/2022\/10\/phyto-2-1024x1024.jpg",1024,1024,true],"author_info":[],"comment_info":0,"_links":{"self":[{"href":"https:\/\/www.lraloeverashop.eu\/sk\/wp-json\/wp\/v2\/product\/9409","targetHints":{"allow":["GET"]}}],"collection":[{"href":"https:\/\/www.lraloeverashop.eu\/sk\/wp-json\/wp\/v2\/product"}],"about":[{"href":"https:\/\/www.lraloeverashop.eu\/sk\/wp-json\/wp\/v2\/types\/product"}],"replies":[{"embeddable":true,"href":"https:\/\/www.lraloeverashop.eu\/sk\/wp-json\/wp\/v2\/comments?post=9409"}],"wp:featuredmedia":[{"embeddable":true,"href":"https:\/\/www.lraloeverashop.eu\/sk\/wp-json\/wp\/v2\/media\/5128"}],"wp:attachment":[{"href":"https:\/\/www.lraloeverashop.eu\/sk\/wp-json\/wp\/v2\/media?parent=9409"}],"wp:term":[{"taxonomy":"product_brand","embeddable":true,"href":"https:\/\/www.lraloeverashop.eu\/sk\/wp-json\/wp\/v2\/product_brand?post=9409"},{"taxonomy":"product_cat","embeddable":true,"href":"https:\/\/www.lraloeverashop.eu\/sk\/wp-json\/wp\/v2\/product_cat?post=9409"},{"taxonomy":"product_tag","embeddable":true,"href":"https:\/\/www.lraloeverashop.eu\/sk\/wp-json\/wp\/v2\/product_tag?post=9409"}],"curies":[{"name":"wp","href":"https:\/\/api.w.org\/{rel}","templated":true}]}}