{"id":9385,"date":"2022-10-15T08:29:04","date_gmt":"2022-10-15T06:29:04","guid":{"rendered":"https:\/\/www.lraloeverashop.eu\/product\/active-freedom-kapsule-sada2\/"},"modified":"2026-02-21T19:05:15","modified_gmt":"2026-02-21T18:05:15","slug":"active-freedom-kapsule-sada2","status":"publish","type":"product","link":"https:\/\/www.lraloeverashop.eu\/sk\/produkt\/active-freedom-kapsule-sada2\/","title":{"rendered":"Active Freedom Kapsule Limitovan\u00e1 ponuka"},"content":{"rendered":"<h2><span style=\"font-size: 16pt;\"><strong>Active Freedom Kapsule Sada 2 Kusov<\/strong><\/span><\/h2>\n<p><strong><span style=\"font-size: 14pt;\">Active Freedom Kapsule Sada 2 Kusov &#8211; Najlep\u0161ia podpora pre muskuloskelet\u00e1lny syst\u00e9m<\/span><\/strong><\/p>\n<p>Zdrav\u00e9 chrupavky, kosti a svaly s\u00fa nevyhnutn\u00e9 pre k\u013aby a t\u00fdm aj pre neporu\u0161en\u00fd pohybov\u00fd apar\u00e1t. Dostato\u010dn\u00fd pr\u00edsun mikro\u017eiv\u00edn je preto z\u00e1klad. Navy\u0161e prib\u00fadaj\u00faci vek m\u00f4\u017ee vies\u0165 k rozpadu chrupavky a svalov\u00e9ho tkaniva.<\/p>\n<p>Mikro\u017eiviny v s\u00faprave Active Freedom Capsules 2 ks poskytuj\u00fa cielen\u00fa a efekt\u00edvnu podporu pre akt\u00edvnu denn\u00fa rutinu:<\/p>\n<p>Active Freedom Kapsuly poskytuj\u00fa antioxidanty ako ochrann\u00fd mechanizmus proti vo\u013en\u00fdm radik\u00e1lom, ktor\u00e9 m\u00f4\u017eu vznikn\u00fa\u0165 napr\u00edklad pri vysokom strese. (1)<\/p>\n<p>Active Freedom Kapsuly udr\u017euj\u00fa norm\u00e1lnu \u0161trukt\u00faru kost\u00ed a tvorbu spojivov\u00e9ho tkaniva. V tomto procese vitam\u00edn D pom\u00e1ha pri vstreb\u00e1van\u00ed v\u00e1pnika a fosforu, ktor\u00e9 s\u00fa tie\u017e d\u00f4le\u017eit\u00e9 pre zdravie kost\u00ed, a podie\u013ea sa na udr\u017eiavan\u00ed hlad\u00edn v\u00e1pnika v krvi. (2,3,4,5)<\/p>\n<p><a href=\"https:\/\/www.lraloeverashop.eu\/sk\/produkt\/active-freedom-kapsule\/\">Active Freedom Tabletky<\/a> podporuj\u00fa svalov\u00fa silu a obsahuj\u00fa glukosam\u00edn sulf\u00e1t a chondroit\u00edn sulf\u00e1t, z\u00e1kladn\u00e9 stavebn\u00e9 kamene chrupavkov\u00e9ho a k\u013abov\u00e9ho tkaniva. (6)<\/p>\n<p>Ve\u013ek\u00e9mu nam\u00e1haniu s\u00fa vystaven\u00e9 najm\u00e4 na\u0161e kolenn\u00e9 a bedrov\u00e9 k\u013aby, ktor\u00e9 musia zn\u00e1\u0161a\u0165 na\u0161u telesn\u00fa v\u00e1hu, tlmi\u0165 n\u00e1razy \u010di n\u00e1razy a st\u00e1le pru\u017ene reagova\u0165. Synovi\u00e1lna tekutina, hladk\u00fd elastick\u00fd ochrann\u00fd film, pokr\u00fdva na\u0161e k\u013abov\u00e9 plochy a p\u00f4sob\u00ed okrem in\u00e9ho aj ako vank\u00fa\u0161ik medzi k\u013abmi.<\/p>\n<p>&nbsp;<\/p>\n<p>(1) Mang\u00e1n a vitam\u00edn E pom\u00e1haj\u00fa chr\u00e1ni\u0165 bunky pred oxida\u010dn\u00fdm stresom.<br \/>\n(2) Mang\u00e1n a vitam\u00edn D prispievaj\u00fa k udr\u017eaniu zdrav\u00fdch kost\u00ed.<br \/>\n(3) Mang\u00e1n prispieva k norm\u00e1lnej tvorbe spojivov\u00e9ho tkaniva.<br \/>\n(4) Vitam\u00edn D prispieva k norm\u00e1lnemu vstreb\u00e1vaniu\/vyu\u017eitiu v\u00e1pnika a fosforu.<br \/>\n(5) Vitam\u00edn D prispieva k norm\u00e1lnej hladine <a href=\"https:\/\/www.lraloeverashop.eu\/sk\/produkt\/pro-balance-sada-3-kusov\/\">v\u00e1pnika<\/a> v krvi.<br \/>\n(6) Vitam\u00edn D prispieva k udr\u017eaniu norm\u00e1lnej funkcie svalov.<\/p>\n<p>&nbsp;<\/p>\n<h3><span style=\"font-size: 16pt;\"><strong>Odpor\u00fa\u010dan\u00e9 denn\u00e9 d\u00e1vkovanie<\/strong><\/span><\/h3>\n<p>1 kapsula dvakr\u00e1t denne s trochu vodou pred alebo po jedle.<\/p>\n<p>Nepresahujte odpor\u00fa\u010dan\u00fa denn\u00fa d\u00e1vku. Di\u00e9tne doplnky nie s\u00fa n\u00e1hradou za bohat\u00fa a vyv\u00e1\u017een\u00fa stravu v kombin\u00e1cii so zdrav\u00fdm \u017eivotn\u00fdm \u0161t\u00fdlom.<\/p>\n<p><strong>Nie je ur\u010den\u00fd pre \u013eud\u00ed, ktor\u00ed s\u00fa alergick\u00ed na chondroit\u00edn a gluk\u00f3zam\u00edn-sulf\u00e1t.<\/strong><\/p>\n<p>V\u00fdrobok uchov\u00e1vajte mimo dosahu det\u00ed. Nie je ur\u010den\u00fd pre \u013eud\u00ed, ktor\u00ed s\u00fa alergick\u00ed na m\u00e4kk\u00fd\u0161e.<\/p>\n","protected":false},"excerpt":{"rendered":"<ul>\n<li><span style=\"color: #ff0000;\"><strong>Limitovan\u00e1 ponuka<\/strong><\/span><\/li>\n<li>Poskytuje antioxidanty ako ochrann\u00fd mechanizmus proti vo\u013en\u00fdm radik\u00e1lom (1)<\/li>\n<li>Udr\u017euje norm\u00e1lnu \u0161trukt\u00faru kost\u00ed a tvorbu spojivov\u00e9ho tkaniva (2,3)<\/li>\n<li>Podporuje svalov\u00fa silu<\/li>\n<li>Obsahuje glukosam\u00edn sulf\u00e1t a chondroit\u00edn sulf\u00e1t, z\u00e1kladn\u00e9 stavebn\u00e9 kamene chrupavkov\u00e9ho a k\u013abov\u00e9ho tkaniva<\/li>\n<li>Mno\u017estvo: 2 x 60 kaps\u00fal<\/li>\n<\/ul>\n<p>&nbsp;<\/p>\n","protected":false},"featured_media":5494,"comment_status":"open","ping_status":"closed","template":"","meta":{"_kad_blocks_custom_css":"","_kad_blocks_head_custom_js":"","_kad_blocks_body_custom_js":"","_kad_blocks_footer_custom_js":"","_kadence_starter_templates_imported_post":false,"_kad_post_transparent":"default","_kad_post_title":"","_kad_post_layout":"default","_kad_post_sidebar_id":"","_kad_post_content_style":"default","_kad_post_vertical_padding":"default","_kad_post_feature":"","_kad_post_feature_position":"","_kad_post_header":false,"_kad_post_footer":false,"_kad_post_classname":""},"product_brand":[],"product_cat":[420,468,355],"product_tag":[684],"class_list":{"0":"post-9385","1":"product","2":"type-product","3":"status-publish","4":"has-post-thumbnail","6":"product_cat-kosti-klby-a-svaly","7":"product_cat-specialista","8":"product_cat-zlavy","9":"product_tag-na-bolest-klbov","11":"first","12":"outofstock","13":"sale","14":"taxable","15":"shipping-taxable","16":"purchasable","17":"product-type-simple","18":"entry","19":"content-bg","20":"loop-entry"},"yoast_head":"<!-- This site is optimized with the Yoast SEO Premium plugin v27.4 (Yoast SEO v27.4) - https:\/\/yoast.com\/product\/yoast-seo-premium-wordpress\/ -->\n<title>Active Freedom Kapsule Sada 2 Kusov Podporuje svalov\u00fa silu<\/title>\n<meta name=\"description\" content=\"Active Freedom Kapsule Sada 2 kusov pre muskuloskelet\u00e1lny syst\u00e9m. Zdrav\u00e9 chrupavky, kosti a svaly s\u00fa nevyhnutn\u00e9 pre k\u013aby a t\u00fdm aj pre pohybov\u00fd apar\u00e1t\" \/>\n<meta name=\"robots\" content=\"index, follow, max-snippet:-1, max-image-preview:large, max-video-preview:-1\" \/>\n<link rel=\"canonical\" href=\"https:\/\/www.lraloeverashop.eu\/sk\/produkt\/active-freedom-kapsule-sada2\/\" \/>\n<meta property=\"og:locale\" content=\"sk_SK\" \/>\n<meta property=\"og:type\" content=\"article\" \/>\n<meta property=\"og:title\" content=\"Active Freedom Kapsule Limitovan\u00e1 ponuka\" \/>\n<meta property=\"og:description\" content=\"Active Freedom Kapsule Sada 2 kusov pre muskuloskelet\u00e1lny syst\u00e9m. Zdrav\u00e9 chrupavky, kosti a svaly s\u00fa nevyhnutn\u00e9 pre k\u013aby a t\u00fdm aj pre pohybov\u00fd apar\u00e1t\" \/>\n<meta property=\"og:url\" content=\"https:\/\/www.lraloeverashop.eu\/sk\/produkt\/active-freedom-kapsule-sada2\/\" \/>\n<meta property=\"og:site_name\" content=\"Lr Obchod Aloe Vera\" \/>\n<meta property=\"article:publisher\" content=\"https:\/\/www.facebook.com\/lraloeverashop.eu\" \/>\n<meta property=\"article:modified_time\" content=\"2026-02-21T18:05:15+00:00\" \/>\n<meta property=\"og:image\" content=\"https:\/\/www.lraloeverashop.eu\/wp-content\/uploads\/2022\/10\/Freedom-Capsules-double-Set.jpg\" \/>\n\t<meta property=\"og:image:width\" content=\"1200\" \/>\n\t<meta property=\"og:image:height\" content=\"1200\" \/>\n\t<meta property=\"og:image:type\" content=\"image\/jpeg\" \/>\n<meta name=\"twitter:card\" content=\"summary_large_image\" \/>\n<meta name=\"twitter:site\" content=\"@natur__kosmetik\" \/>\n<script type=\"application\/ld+json\" class=\"yoast-schema-graph\">{\"@context\":\"https:\\\/\\\/schema.org\",\"@graph\":[{\"@type\":[\"WebPage\",\"ItemPage\"],\"@id\":\"https:\\\/\\\/www.lraloeverashop.eu\\\/sk\\\/produkt\\\/active-freedom-kapsule-sada2\\\/\",\"url\":\"https:\\\/\\\/www.lraloeverashop.eu\\\/sk\\\/produkt\\\/active-freedom-kapsule-sada2\\\/\",\"name\":\"Active Freedom Kapsule Sada 2 Kusov Podporuje svalov\u00fa silu\",\"isPartOf\":{\"@id\":\"https:\\\/\\\/www.lraloeverashop.eu\\\/sk\\\/#website\"},\"primaryImageOfPage\":{\"@id\":\"https:\\\/\\\/www.lraloeverashop.eu\\\/sk\\\/produkt\\\/active-freedom-kapsule-sada2\\\/#primaryimage\"},\"image\":{\"@id\":\"https:\\\/\\\/www.lraloeverashop.eu\\\/sk\\\/produkt\\\/active-freedom-kapsule-sada2\\\/#primaryimage\"},\"thumbnailUrl\":\"https:\\\/\\\/www.lraloeverashop.eu\\\/wp-content\\\/uploads\\\/2022\\\/10\\\/Freedom-Capsules-double-Set.jpg\",\"datePublished\":\"2022-10-15T06:29:04+00:00\",\"dateModified\":\"2026-02-21T18:05:15+00:00\",\"description\":\"Active Freedom Kapsule Sada 2 kusov pre muskuloskelet\u00e1lny syst\u00e9m. Zdrav\u00e9 chrupavky, kosti a svaly s\u00fa nevyhnutn\u00e9 pre k\u013aby a t\u00fdm aj pre pohybov\u00fd apar\u00e1t\",\"breadcrumb\":{\"@id\":\"https:\\\/\\\/www.lraloeverashop.eu\\\/sk\\\/produkt\\\/active-freedom-kapsule-sada2\\\/#breadcrumb\"},\"inLanguage\":\"sk-SK\",\"potentialAction\":[{\"@type\":\"ReadAction\",\"target\":[\"https:\\\/\\\/www.lraloeverashop.eu\\\/sk\\\/produkt\\\/active-freedom-kapsule-sada2\\\/\"]}]},{\"@type\":\"ImageObject\",\"inLanguage\":\"sk-SK\",\"@id\":\"https:\\\/\\\/www.lraloeverashop.eu\\\/sk\\\/produkt\\\/active-freedom-kapsule-sada2\\\/#primaryimage\",\"url\":\"https:\\\/\\\/www.lraloeverashop.eu\\\/wp-content\\\/uploads\\\/2022\\\/10\\\/Freedom-Capsules-double-Set.jpg\",\"contentUrl\":\"https:\\\/\\\/www.lraloeverashop.eu\\\/wp-content\\\/uploads\\\/2022\\\/10\\\/Freedom-Capsules-double-Set.jpg\",\"width\":1200,\"height\":1200,\"caption\":\"Active Freedom Kapsule Sada 2 Kusov Podporuje svalov\u00fa silu\"},{\"@type\":\"BreadcrumbList\",\"@id\":\"https:\\\/\\\/www.lraloeverashop.eu\\\/sk\\\/produkt\\\/active-freedom-kapsule-sada2\\\/#breadcrumb\",\"itemListElement\":[{\"@type\":\"ListItem\",\"position\":1,\"name\":\"Home\",\"item\":\"https:\\\/\\\/www.lraloeverashop.eu\\\/sk\\\/aloe-vera-obchod-vsetko-pre-vasu-krasu-a-pohodu\\\/\"},{\"@type\":\"ListItem\",\"position\":2,\"name\":\"Obchod\",\"item\":\"https:\\\/\\\/www.lraloeverashop.eu\\\/sk\\\/obchod\\\/\"},{\"@type\":\"ListItem\",\"position\":3,\"name\":\"Active Freedom Kapsule Limitovan\u00e1 ponuka\"}]},{\"@type\":\"WebSite\",\"@id\":\"https:\\\/\\\/www.lraloeverashop.eu\\\/sk\\\/#website\",\"url\":\"https:\\\/\\\/www.lraloeverashop.eu\\\/sk\\\/\",\"name\":\"Lr Obchod Aloe Vera\",\"description\":\"High Quality Lr Aloe Vera Gel, Aloe Vera Cream and Shampoo\",\"publisher\":{\"@id\":\"https:\\\/\\\/www.lraloeverashop.eu\\\/sk\\\/#organization\"},\"alternateName\":\"LR\",\"potentialAction\":[{\"@type\":\"SearchAction\",\"target\":{\"@type\":\"EntryPoint\",\"urlTemplate\":\"https:\\\/\\\/www.lraloeverashop.eu\\\/sk\\\/?s={search_term_string}\"},\"query-input\":{\"@type\":\"PropertyValueSpecification\",\"valueRequired\":true,\"valueName\":\"search_term_string\"}}],\"inLanguage\":\"sk-SK\"},{\"@type\":\"Organization\",\"@id\":\"https:\\\/\\\/www.lraloeverashop.eu\\\/sk\\\/#organization\",\"name\":\"Lr Obchod Aloe Vera\",\"alternateName\":\"LR\",\"url\":\"https:\\\/\\\/www.lraloeverashop.eu\\\/sk\\\/\",\"logo\":{\"@type\":\"ImageObject\",\"inLanguage\":\"sk-SK\",\"@id\":\"https:\\\/\\\/www.lraloeverashop.eu\\\/sk\\\/#\\\/schema\\\/logo\\\/image\\\/\",\"url\":\"https:\\\/\\\/www.lraloeverashop.eu\\\/wp-content\\\/uploads\\\/2022\\\/09\\\/cropped-Lr-Aloe-Vera-Shop.jpg\",\"contentUrl\":\"https:\\\/\\\/www.lraloeverashop.eu\\\/wp-content\\\/uploads\\\/2022\\\/09\\\/cropped-Lr-Aloe-Vera-Shop.jpg\",\"width\":228,\"height\":76,\"caption\":\"Lr Obchod Aloe Vera\"},\"image\":{\"@id\":\"https:\\\/\\\/www.lraloeverashop.eu\\\/sk\\\/#\\\/schema\\\/logo\\\/image\\\/\"},\"sameAs\":[\"https:\\\/\\\/www.facebook.com\\\/lraloeverashop.eu\",\"https:\\\/\\\/x.com\\\/natur__kosmetik\",\"https:\\\/\\\/www.youtube.com\\\/channel\\\/UC5oN7BJ8nfYb8RpVtjwDEBA\",\"https:\\\/\\\/www.instagram.com\\\/lrbeautyeu\\\/\"],\"description\":\"Obchod Lr Aloe Vera je va\u0161\u00edm d\u00f4veryhodn\u00fdm miestom pre pr\u00e9miov\u00e9 produkty LR Health & Beauty vyroben\u00e9 v Nemecku. Pon\u00fakame vysokokvalitn\u00e9 rie\u0161enia starostlivosti o ple\u0165 s Aloe Vera, v\u00fd\u017eivu a proti starnutiu, vyroben\u00e9 z \u010dist\u00fdch ingredienci\u00ed a podlo\u017een\u00e9 vedeck\u00fdm v\u00fdskumom. Objavte pr\u00edrodn\u00fa starostlivos\u0165, ktor\u00e1 regeneruje, chr\u00e1ni a revitalizuje va\u0161u ple\u0165 \u2013 a vyu\u017eite exkluz\u00edvne mesa\u010dn\u00e9 ponuky na na\u0161e najpred\u00e1vanej\u0161ie produkty LR Aloe Vera.\\nZa\u010dnite svoju cestu za pr\u00edrodnou starostlivos\u0165ou o ple\u0165 e\u0161te dnes a poc\u00ed\u0165te rozdiel.\",\"email\":\"info@lraloeverashop.eu\",\"telephone\":\"+49 17670609653\",\"legalName\":\"Lr Aloe Vera Shop\",\"foundingDate\":\"2018-04-21\",\"numberOfEmployees\":{\"@type\":\"QuantitativeValue\",\"minValue\":\"1\",\"maxValue\":\"10\"}}]}<\/script>\n<meta property=\"product:price:amount\" content=\"52.99\" \/>\n<meta property=\"product:price:currency\" content=\"EUR\" \/>\n<meta property=\"og:availability\" content=\"out of stock\" \/>\n<meta property=\"product:availability\" content=\"out of stock\" \/>\n<meta property=\"product:retailer_item_id\" content=\"80191-1SK\" \/>\n<meta property=\"product:condition\" content=\"new\" \/>\n<!-- \/ Yoast SEO Premium plugin. -->","yoast_head_json":{"title":"Active Freedom Kapsule Sada 2 Kusov Podporuje svalov\u00fa silu","description":"Active Freedom Kapsule Sada 2 kusov pre muskuloskelet\u00e1lny syst\u00e9m. Zdrav\u00e9 chrupavky, kosti a svaly s\u00fa nevyhnutn\u00e9 pre k\u013aby a t\u00fdm aj pre pohybov\u00fd apar\u00e1t","robots":{"index":"index","follow":"follow","max-snippet":"max-snippet:-1","max-image-preview":"max-image-preview:large","max-video-preview":"max-video-preview:-1"},"canonical":"https:\/\/www.lraloeverashop.eu\/sk\/produkt\/active-freedom-kapsule-sada2\/","og_locale":"sk_SK","og_type":"article","og_title":"Active Freedom Kapsule Limitovan\u00e1 ponuka","og_description":"Active Freedom Kapsule Sada 2 kusov pre muskuloskelet\u00e1lny syst\u00e9m. Zdrav\u00e9 chrupavky, kosti a svaly s\u00fa nevyhnutn\u00e9 pre k\u013aby a t\u00fdm aj pre pohybov\u00fd apar\u00e1t","og_url":"https:\/\/www.lraloeverashop.eu\/sk\/produkt\/active-freedom-kapsule-sada2\/","og_site_name":"Lr Obchod Aloe Vera","article_publisher":"https:\/\/www.facebook.com\/lraloeverashop.eu","article_modified_time":"2026-02-21T18:05:15+00:00","og_image":[{"width":1200,"height":1200,"url":"https:\/\/www.lraloeverashop.eu\/wp-content\/uploads\/2022\/10\/Freedom-Capsules-double-Set.jpg","type":"image\/jpeg"}],"twitter_card":"summary_large_image","twitter_site":"@natur__kosmetik","schema":{"@context":"https:\/\/schema.org","@graph":[{"@type":["WebPage","ItemPage"],"@id":"https:\/\/www.lraloeverashop.eu\/sk\/produkt\/active-freedom-kapsule-sada2\/","url":"https:\/\/www.lraloeverashop.eu\/sk\/produkt\/active-freedom-kapsule-sada2\/","name":"Active Freedom Kapsule Sada 2 Kusov Podporuje svalov\u00fa silu","isPartOf":{"@id":"https:\/\/www.lraloeverashop.eu\/sk\/#website"},"primaryImageOfPage":{"@id":"https:\/\/www.lraloeverashop.eu\/sk\/produkt\/active-freedom-kapsule-sada2\/#primaryimage"},"image":{"@id":"https:\/\/www.lraloeverashop.eu\/sk\/produkt\/active-freedom-kapsule-sada2\/#primaryimage"},"thumbnailUrl":"https:\/\/www.lraloeverashop.eu\/wp-content\/uploads\/2022\/10\/Freedom-Capsules-double-Set.jpg","datePublished":"2022-10-15T06:29:04+00:00","dateModified":"2026-02-21T18:05:15+00:00","description":"Active Freedom Kapsule Sada 2 kusov pre muskuloskelet\u00e1lny syst\u00e9m. Zdrav\u00e9 chrupavky, kosti a svaly s\u00fa nevyhnutn\u00e9 pre k\u013aby a t\u00fdm aj pre pohybov\u00fd apar\u00e1t","breadcrumb":{"@id":"https:\/\/www.lraloeverashop.eu\/sk\/produkt\/active-freedom-kapsule-sada2\/#breadcrumb"},"inLanguage":"sk-SK","potentialAction":[{"@type":"ReadAction","target":["https:\/\/www.lraloeverashop.eu\/sk\/produkt\/active-freedom-kapsule-sada2\/"]}]},{"@type":"ImageObject","inLanguage":"sk-SK","@id":"https:\/\/www.lraloeverashop.eu\/sk\/produkt\/active-freedom-kapsule-sada2\/#primaryimage","url":"https:\/\/www.lraloeverashop.eu\/wp-content\/uploads\/2022\/10\/Freedom-Capsules-double-Set.jpg","contentUrl":"https:\/\/www.lraloeverashop.eu\/wp-content\/uploads\/2022\/10\/Freedom-Capsules-double-Set.jpg","width":1200,"height":1200,"caption":"Active Freedom Kapsule Sada 2 Kusov Podporuje svalov\u00fa silu"},{"@type":"BreadcrumbList","@id":"https:\/\/www.lraloeverashop.eu\/sk\/produkt\/active-freedom-kapsule-sada2\/#breadcrumb","itemListElement":[{"@type":"ListItem","position":1,"name":"Home","item":"https:\/\/www.lraloeverashop.eu\/sk\/aloe-vera-obchod-vsetko-pre-vasu-krasu-a-pohodu\/"},{"@type":"ListItem","position":2,"name":"Obchod","item":"https:\/\/www.lraloeverashop.eu\/sk\/obchod\/"},{"@type":"ListItem","position":3,"name":"Active Freedom Kapsule Limitovan\u00e1 ponuka"}]},{"@type":"WebSite","@id":"https:\/\/www.lraloeverashop.eu\/sk\/#website","url":"https:\/\/www.lraloeverashop.eu\/sk\/","name":"Lr Obchod Aloe Vera","description":"High Quality Lr Aloe Vera Gel, Aloe Vera Cream and Shampoo","publisher":{"@id":"https:\/\/www.lraloeverashop.eu\/sk\/#organization"},"alternateName":"LR","potentialAction":[{"@type":"SearchAction","target":{"@type":"EntryPoint","urlTemplate":"https:\/\/www.lraloeverashop.eu\/sk\/?s={search_term_string}"},"query-input":{"@type":"PropertyValueSpecification","valueRequired":true,"valueName":"search_term_string"}}],"inLanguage":"sk-SK"},{"@type":"Organization","@id":"https:\/\/www.lraloeverashop.eu\/sk\/#organization","name":"Lr Obchod Aloe Vera","alternateName":"LR","url":"https:\/\/www.lraloeverashop.eu\/sk\/","logo":{"@type":"ImageObject","inLanguage":"sk-SK","@id":"https:\/\/www.lraloeverashop.eu\/sk\/#\/schema\/logo\/image\/","url":"https:\/\/www.lraloeverashop.eu\/wp-content\/uploads\/2022\/09\/cropped-Lr-Aloe-Vera-Shop.jpg","contentUrl":"https:\/\/www.lraloeverashop.eu\/wp-content\/uploads\/2022\/09\/cropped-Lr-Aloe-Vera-Shop.jpg","width":228,"height":76,"caption":"Lr Obchod Aloe Vera"},"image":{"@id":"https:\/\/www.lraloeverashop.eu\/sk\/#\/schema\/logo\/image\/"},"sameAs":["https:\/\/www.facebook.com\/lraloeverashop.eu","https:\/\/x.com\/natur__kosmetik","https:\/\/www.youtube.com\/channel\/UC5oN7BJ8nfYb8RpVtjwDEBA","https:\/\/www.instagram.com\/lrbeautyeu\/"],"description":"Obchod Lr Aloe Vera je va\u0161\u00edm d\u00f4veryhodn\u00fdm miestom pre pr\u00e9miov\u00e9 produkty LR Health & Beauty vyroben\u00e9 v Nemecku. Pon\u00fakame vysokokvalitn\u00e9 rie\u0161enia starostlivosti o ple\u0165 s Aloe Vera, v\u00fd\u017eivu a proti starnutiu, vyroben\u00e9 z \u010dist\u00fdch ingredienci\u00ed a podlo\u017een\u00e9 vedeck\u00fdm v\u00fdskumom. Objavte pr\u00edrodn\u00fa starostlivos\u0165, ktor\u00e1 regeneruje, chr\u00e1ni a revitalizuje va\u0161u ple\u0165 \u2013 a vyu\u017eite exkluz\u00edvne mesa\u010dn\u00e9 ponuky na na\u0161e najpred\u00e1vanej\u0161ie produkty LR Aloe Vera.\nZa\u010dnite svoju cestu za pr\u00edrodnou starostlivos\u0165ou o ple\u0165 e\u0161te dnes a poc\u00ed\u0165te rozdiel.","email":"info@lraloeverashop.eu","telephone":"+49 17670609653","legalName":"Lr Aloe Vera Shop","foundingDate":"2018-04-21","numberOfEmployees":{"@type":"QuantitativeValue","minValue":"1","maxValue":"10"}}]},"product_price_amount":"52.99","product_price_currency":"EUR","og_availability":"out of stock","product_availability":"out of stock","product_retailer_item_id":"80191-1SK","product_condition":"new"},"taxonomy_info":{"product_cat":[{"value":420,"label":"Kosti, k\u013aby a Svaly"},{"value":468,"label":"\u0160pecialisti"},{"value":355,"label":"Z\u013eavy"}],"product_tag":[{"value":684,"label":"na boles\u0165 k\u013abov"}]},"featured_image_src_large":["https:\/\/www.lraloeverashop.eu\/wp-content\/uploads\/2022\/10\/Freedom-Capsules-double-Set-1024x1024.jpg",1024,1024,true],"author_info":[],"comment_info":0,"_links":{"self":[{"href":"https:\/\/www.lraloeverashop.eu\/sk\/wp-json\/wp\/v2\/product\/9385","targetHints":{"allow":["GET"]}}],"collection":[{"href":"https:\/\/www.lraloeverashop.eu\/sk\/wp-json\/wp\/v2\/product"}],"about":[{"href":"https:\/\/www.lraloeverashop.eu\/sk\/wp-json\/wp\/v2\/types\/product"}],"replies":[{"embeddable":true,"href":"https:\/\/www.lraloeverashop.eu\/sk\/wp-json\/wp\/v2\/comments?post=9385"}],"wp:featuredmedia":[{"embeddable":true,"href":"https:\/\/www.lraloeverashop.eu\/sk\/wp-json\/wp\/v2\/media\/5494"}],"wp:attachment":[{"href":"https:\/\/www.lraloeverashop.eu\/sk\/wp-json\/wp\/v2\/media?parent=9385"}],"wp:term":[{"taxonomy":"product_brand","embeddable":true,"href":"https:\/\/www.lraloeverashop.eu\/sk\/wp-json\/wp\/v2\/product_brand?post=9385"},{"taxonomy":"product_cat","embeddable":true,"href":"https:\/\/www.lraloeverashop.eu\/sk\/wp-json\/wp\/v2\/product_cat?post=9385"},{"taxonomy":"product_tag","embeddable":true,"href":"https:\/\/www.lraloeverashop.eu\/sk\/wp-json\/wp\/v2\/product_tag?post=9385"}],"curies":[{"name":"wp","href":"https:\/\/api.w.org\/{rel}","templated":true}]}}