{"id":9357,"date":"2022-10-15T12:43:38","date_gmt":"2022-10-15T10:43:38","guid":{"rendered":"https:\/\/www.lraloeverashop.eu\/product\/vanilkovy-protein\/"},"modified":"2026-02-21T07:50:48","modified_gmt":"2026-02-21T06:50:48","slug":"vanilkovy-protein-v-prasku","status":"publish","type":"product","link":"https:\/\/www.lraloeverashop.eu\/sk\/produkt\/vanilkovy-protein-v-prasku\/","title":{"rendered":"Vanilkov\u00fd Protein v Pr\u00e1\u0161ku"},"content":{"rendered":"<h2><span style=\"font-size: 16pt;\"><strong>Vanilkov\u00fd Protein v Pr\u00e1\u0161ku\u00a0<\/strong><\/span><\/h2>\n<p><span style=\"font-size: 14pt;\"><strong>Vanilkov\u00fd Protein v Pr\u00e1\u0161ku z 5 r\u00f4znych zdrojov<\/strong><\/span><\/p>\n<p>Protein v Pr\u00e1\u0161ku \u00fa\u010dinne podporuje zachovanie a zv\u00fd\u0161enie svalovej hmoty. Prispieva k norm\u00e1lnemu metabolizmu bielkov\u00edn, s prote\u00ednmi z piatich r\u00f4znych zdrojov, hor\u010d\u00edkom a vitam\u00ednom B6.<\/p>\n<p><strong>Vedecky dok\u00e1zan\u00e9 EFSA (Eur\u00f3psky \u00farad pre bezpe\u010dnos\u0165 potrav\u00edn):<\/strong><\/p>\n<p>Vanilkov\u00fd Protein v Pr\u00e1\u0161ku chr\u00e1ni svaly a podporuje tvorbu bielkov\u00edn!<br \/>\n\u21d2 Z\u00e1sobuje telo bielkovinami z 5 vysoko kvalitn\u00fdch zdrojov (95% bielkov\u00edn, hor\u010d\u00edk, Vitamin B6)!<br \/>\n\u21d2 S\u00f3ja &#8211; jedin\u00fd rastlinn\u00fd zdroj aminokysel\u00edn!<br \/>\n\u21d2 Chr\u00e1ni svaly proti ich degrad\u00e1cii a t\u00fdm pom\u00e1ha dlhodobo kontrolova\u0165 v\u00e1hu. BEZ JO-JO EFEKTU!<br \/>\n\u21d2 Zvy\u0161uje proces spa\u013eovania tukov po\u010das noci!<br \/>\n\u21d2 Podporuje \u00fabytok v\u00e1hy!<\/p>\n<p>Obsahuje v\u00fdznamn\u00e9 percento balastn\u00fdch l\u00e1tok, ktor\u00e9 zais\u0165uj\u00fa pomal\u00e9 vstreb\u00e1vanie jednoduch\u00fdch cukrov z t\u00fdchto produktov do krvi! Preto hladina gluk\u00f3zy st\u00fapa ve\u013emi plynule a nedoch\u00e1dza k prekro\u010deniu hladiny inzul\u00ednu. Glykemick\u00fa hojda\u010dku vyvol\u00e1vaj\u00fa sladk\u00e9 jedl\u00e1: biele pe\u010divo, hranolky, zemiaky, cestoviny &#8230;<\/p>\n<p>Zdroj bielkov\u00edn: vaje\u010dn\u00e9 bielky, srv\u00e1tkov\u00fd prote\u00edn, kaze\u00edn a s\u00f3jov\u00e9 bielkoviny.<\/p>\n<p>Bielkoviny z prote\u00ednov\u00e9ho n\u00e1poja maj\u00fa vysok\u00fa s\u00fdtiacu schopnos\u0165 a \u00faplne eliminuj\u00fa tzv. <a href=\"https:\/\/www.lraloeverashop.eu\/sk\/produkt\/fiber-boost-napoj-v-prasku\/\">Vl\u010d\u00ed hlad<\/a>! Maj\u00fa v\u00e4\u010d\u0161iu s\u00fdtiacu schopnos\u0165 ako tuky a cukry!<br \/>\n<a href=\"https:\/\/www.lraloeverashop.eu\/sk\/produkt\/protein-power-vanilkovy-napoj-v-prasku\/\">Prote\u00ednov\u00fd n\u00e1poj<\/a> obsahuje v\u0161etky d\u00f4le\u017eit\u00e9 aminokyseliny vr\u00e1tane t\u00fdch esenci\u00e1lnych, ktor\u00e9 si telo nevie vytvori\u0165!<br \/>\nPo\u010das di\u00e9ty doch\u00e1dza k \u0161tiepeniu tukov\u00e9ho tkaniva a svalov\u00e1 hmota zost\u00e1va \u00faplne zachovan\u00e1! Spr\u00e1vna di\u00e9ta mus\u00ed obsahova\u0165 minim\u00e1lne 20-30% bielkov\u00edn<br \/>\nEliminuje nadmern\u00e9 pocity hladu po\u010das di\u00e9ty. Zosil\u0148uje \u00fa\u010dinnos\u0165 redukcie v\u00e1hy a hod\u00ed sa ako do f\u00e1zy chudnutia, tak do f\u00e1zy udr\u017eiavacej &#8211; stabiliza\u010dnej.<\/p>\n<h3><span style=\"font-size: 16pt;\"><strong>D\u00e1vkovanie Proteinu<\/strong><\/span><\/h3>\n<p><strong>Odpor\u00fa\u010dan\u00e9 denn\u00e9 d\u00e1vkovanie:<br \/>\n<\/strong>Raz denne (ve\u010der), 1 odmerka + 125ml. vody alebo n\u00edzkotu\u010dn\u00e9ho mlieka. Obsahuje 46kcal s vodou a 105kcal s mliekom. Balenie je na 30 porci\u00ed.<\/p>\n<p>&nbsp;<\/p>\n<h4><span style=\"font-size: 16pt;\"><strong>Vedeli ste?<\/strong><\/span><\/h4>\n<p>Svaly hraj\u00fa d\u00f4le\u017eit\u00fa \u00falohu pri spa\u013eovan\u00ed tuku. T\u00ed, ktor\u00ed sa akt\u00edvne venuj\u00fa \u0161portu a t\u00ed, ktor\u00ed sa sna\u017eia schudn\u00fa\u0165, by mali venova\u0165 osobitn\u00fa pozornos\u0165 zachovaniu (a dokonca zvy\u0161ovaniu) svalovej hmoty, preto\u017ee svaly spotreb\u00favaj\u00fa energiu, \u010do vedie k <a href=\"https:\/\/www.lraloeverashop.eu\/sk\/produkt\/figu-active-koktail-jahoda-banan\/\">strate hmotnosti<\/a>.<br \/>\nT\u00e1to \u0161peci\u00e1lna zmes 5 zlo\u017eiek bielkov\u00edn je na trhu jedine\u010dn\u00e1. Podporuje metabolizmus potrebn\u00fdch bielkov\u00edn.<\/p>\n<p>Vanilkov\u00fd Protein je vysoko kvalitn\u00fd produkt, ktor\u00fd vytvorili ved\u00faci odborn\u00edci na v\u00fd\u017eivu pod\u013ea princ\u00edpov modernej zdravotnej vedy.<br \/>\nVanilkov\u00fd Protein v Pr\u00e1\u0161ku sa vyr\u00e1ba v Nemecku: ka\u017ed\u00e1 f\u00e1za v\u00fdroby, od v\u00fdberu surov\u00edn po balenie, podlieha pr\u00edsnym kontrol\u00e1m pod\u013ea noriem kvality LR.<\/p>\n","protected":false},"excerpt":{"rendered":"<ul>\n<li>Vanilkov\u00fd Protein v Pr\u00e1\u0161ku na podporu svalovej hmoty<\/li>\n<li>Obsahuje cenn\u00e9 bielkoviny a \u017eiviny, ktor\u00e9 pom\u00e1haj\u00fa chr\u00e1ni\u0165 a zvy\u0161ova\u0165 svalov\u00fa hmotu<\/li>\n<li>S 80% prote\u00ednmi z 5 r\u00f4znych zdrojov<\/li>\n<li>S hor\u010d\u00edkom a vitam\u00ednom B6<\/li>\n<li>U\u010dinn\u00e1 redukcia v\u00e1hy<\/li>\n<li>Obsah: 3 x 375 g<\/li>\n<\/ul>\n<p>&nbsp;<\/p>\n","protected":false},"featured_media":5704,"comment_status":"open","ping_status":"closed","template":"","meta":{"_kad_blocks_custom_css":"","_kad_blocks_head_custom_js":"","_kad_blocks_body_custom_js":"","_kad_blocks_footer_custom_js":"","_kadence_starter_templates_imported_post":false,"_kad_post_transparent":"default","_kad_post_title":"","_kad_post_layout":"default","_kad_post_sidebar_id":"","_kad_post_content_style":"default","_kad_post_vertical_padding":"default","_kad_post_feature":"","_kad_post_feature_position":"","_kad_post_header":false,"_kad_post_footer":false,"_kad_post_classname":""},"product_brand":[],"product_cat":[343,420,337,468,459],"product_tag":[623],"class_list":{"0":"post-9357","1":"product","2":"type-product","3":"status-publish","4":"has-post-thumbnail","6":"product_cat-dietny-spolocnik","7":"product_cat-kosti-klby-a-svaly","8":"product_cat-doplnky-stravy","9":"product_cat-specialista","10":"product_cat-usetrite-v-setoch","11":"product_tag-dieta-sk","13":"first","14":"instock","15":"taxable","16":"shipping-taxable","17":"purchasable","18":"product-type-simple","19":"entry","20":"content-bg","21":"loop-entry"},"yoast_head":"<!-- This site is optimized with the Yoast SEO Premium plugin v27.4 (Yoast SEO v27.4) - https:\/\/yoast.com\/product\/yoast-seo-premium-wordpress\/ -->\n<title>Vanilkov\u00fd Protein v Pr\u00e1\u0161ku z 5 r\u00f4znych zdrojov a vitam\u00ednom B6<\/title>\n<meta name=\"description\" content=\"Vanilkov\u00fd Protein v Pr\u00e1\u0161ku chr\u00e1ni svaly proti ich degrad\u00e1cii a t\u00fdm pom\u00e1ha dlhodobo kontrolova\u0165 v\u00e1hu. Zvy\u0161uje proces spa\u013eovania tukov po\u010das noci.\" \/>\n<meta name=\"robots\" content=\"index, follow, max-snippet:-1, max-image-preview:large, max-video-preview:-1\" \/>\n<link rel=\"canonical\" href=\"https:\/\/www.lraloeverashop.eu\/sk\/produkt\/vanilkovy-protein-v-prasku\/\" \/>\n<meta property=\"og:locale\" content=\"sk_SK\" \/>\n<meta property=\"og:type\" content=\"article\" \/>\n<meta property=\"og:title\" content=\"Vanilkov\u00fd Protein v Pr\u00e1\u0161ku\" \/>\n<meta property=\"og:description\" content=\"Vanilkov\u00fd Protein v Pr\u00e1\u0161ku chr\u00e1ni svaly proti ich degrad\u00e1cii a t\u00fdm pom\u00e1ha dlhodobo kontrolova\u0165 v\u00e1hu. Zvy\u0161uje proces spa\u013eovania tukov po\u010das noci.\" \/>\n<meta property=\"og:url\" content=\"https:\/\/www.lraloeverashop.eu\/sk\/produkt\/vanilkovy-protein-v-prasku\/\" \/>\n<meta property=\"og:site_name\" content=\"Lr Obchod Aloe Vera\" \/>\n<meta property=\"article:publisher\" content=\"https:\/\/www.facebook.com\/lraloeverashop.eu\" \/>\n<meta property=\"article:modified_time\" content=\"2026-02-21T06:50:48+00:00\" \/>\n<meta property=\"og:image\" content=\"https:\/\/www.lraloeverashop.eu\/wp-content\/uploads\/2022\/10\/Muscle-Protein-Drink-Set-3pcs.jpg\" \/>\n\t<meta property=\"og:image:width\" content=\"1200\" \/>\n\t<meta property=\"og:image:height\" content=\"1200\" \/>\n\t<meta property=\"og:image:type\" content=\"image\/jpeg\" \/>\n<meta name=\"twitter:card\" content=\"summary_large_image\" \/>\n<meta name=\"twitter:site\" content=\"@natur__kosmetik\" \/>\n<script type=\"application\/ld+json\" class=\"yoast-schema-graph\">{\"@context\":\"https:\\\/\\\/schema.org\",\"@graph\":[{\"@type\":[\"WebPage\",\"ItemPage\"],\"@id\":\"https:\\\/\\\/www.lraloeverashop.eu\\\/sk\\\/produkt\\\/vanilkovy-protein-v-prasku\\\/\",\"url\":\"https:\\\/\\\/www.lraloeverashop.eu\\\/sk\\\/produkt\\\/vanilkovy-protein-v-prasku\\\/\",\"name\":\"Vanilkov\u00fd Protein v Pr\u00e1\u0161ku z 5 r\u00f4znych zdrojov a vitam\u00ednom B6\",\"isPartOf\":{\"@id\":\"https:\\\/\\\/www.lraloeverashop.eu\\\/sk\\\/#website\"},\"primaryImageOfPage\":{\"@id\":\"https:\\\/\\\/www.lraloeverashop.eu\\\/sk\\\/produkt\\\/vanilkovy-protein-v-prasku\\\/#primaryimage\"},\"image\":{\"@id\":\"https:\\\/\\\/www.lraloeverashop.eu\\\/sk\\\/produkt\\\/vanilkovy-protein-v-prasku\\\/#primaryimage\"},\"thumbnailUrl\":\"https:\\\/\\\/www.lraloeverashop.eu\\\/wp-content\\\/uploads\\\/2022\\\/10\\\/Muscle-Protein-Drink-Set-3pcs.jpg\",\"datePublished\":\"2022-10-15T10:43:38+00:00\",\"dateModified\":\"2026-02-21T06:50:48+00:00\",\"description\":\"Vanilkov\u00fd Protein v Pr\u00e1\u0161ku chr\u00e1ni svaly proti ich degrad\u00e1cii a t\u00fdm pom\u00e1ha dlhodobo kontrolova\u0165 v\u00e1hu. Zvy\u0161uje proces spa\u013eovania tukov po\u010das noci.\",\"breadcrumb\":{\"@id\":\"https:\\\/\\\/www.lraloeverashop.eu\\\/sk\\\/produkt\\\/vanilkovy-protein-v-prasku\\\/#breadcrumb\"},\"inLanguage\":\"sk-SK\",\"potentialAction\":[{\"@type\":\"ReadAction\",\"target\":[\"https:\\\/\\\/www.lraloeverashop.eu\\\/sk\\\/produkt\\\/vanilkovy-protein-v-prasku\\\/\"]}]},{\"@type\":\"ImageObject\",\"inLanguage\":\"sk-SK\",\"@id\":\"https:\\\/\\\/www.lraloeverashop.eu\\\/sk\\\/produkt\\\/vanilkovy-protein-v-prasku\\\/#primaryimage\",\"url\":\"https:\\\/\\\/www.lraloeverashop.eu\\\/wp-content\\\/uploads\\\/2022\\\/10\\\/Muscle-Protein-Drink-Set-3pcs.jpg\",\"contentUrl\":\"https:\\\/\\\/www.lraloeverashop.eu\\\/wp-content\\\/uploads\\\/2022\\\/10\\\/Muscle-Protein-Drink-Set-3pcs.jpg\",\"width\":1200,\"height\":1200,\"caption\":\"Svalov\u00fd prote\u00ednov\u00fd n\u00e1poj Sada 3 kusov\"},{\"@type\":\"BreadcrumbList\",\"@id\":\"https:\\\/\\\/www.lraloeverashop.eu\\\/sk\\\/produkt\\\/vanilkovy-protein-v-prasku\\\/#breadcrumb\",\"itemListElement\":[{\"@type\":\"ListItem\",\"position\":1,\"name\":\"Home\",\"item\":\"https:\\\/\\\/www.lraloeverashop.eu\\\/sk\\\/\"},{\"@type\":\"ListItem\",\"position\":2,\"name\":\"Obchod\",\"item\":\"https:\\\/\\\/www.lraloeverashop.eu\\\/shop\\\/\"},{\"@type\":\"ListItem\",\"position\":3,\"name\":\"Vanilkov\u00fd Protein v Pr\u00e1\u0161ku\"}]},{\"@type\":\"WebSite\",\"@id\":\"https:\\\/\\\/www.lraloeverashop.eu\\\/sk\\\/#website\",\"url\":\"https:\\\/\\\/www.lraloeverashop.eu\\\/sk\\\/\",\"name\":\"Lr Obchod Aloe Vera\",\"description\":\"High Quality Lr Aloe Vera Gel, Aloe Vera Cream and Shampoo\",\"publisher\":{\"@id\":\"https:\\\/\\\/www.lraloeverashop.eu\\\/sk\\\/#organization\"},\"potentialAction\":[{\"@type\":\"SearchAction\",\"target\":{\"@type\":\"EntryPoint\",\"urlTemplate\":\"https:\\\/\\\/www.lraloeverashop.eu\\\/sk\\\/?s={search_term_string}\"},\"query-input\":{\"@type\":\"PropertyValueSpecification\",\"valueRequired\":true,\"valueName\":\"search_term_string\"}}],\"inLanguage\":\"sk-SK\"},{\"@type\":\"Organization\",\"@id\":\"https:\\\/\\\/www.lraloeverashop.eu\\\/sk\\\/#organization\",\"name\":\"Lr Obchod Aloe Vera\",\"alternateName\":\"LR\",\"url\":\"https:\\\/\\\/www.lraloeverashop.eu\\\/sk\\\/\",\"logo\":{\"@type\":\"ImageObject\",\"inLanguage\":\"sk-SK\",\"@id\":\"https:\\\/\\\/www.lraloeverashop.eu\\\/sk\\\/#\\\/schema\\\/logo\\\/image\\\/\",\"url\":\"https:\\\/\\\/www.lraloeverashop.eu\\\/wp-content\\\/uploads\\\/2022\\\/09\\\/cropped-Lr-Aloe-Vera-Shop.jpg\",\"contentUrl\":\"https:\\\/\\\/www.lraloeverashop.eu\\\/wp-content\\\/uploads\\\/2022\\\/09\\\/cropped-Lr-Aloe-Vera-Shop.jpg\",\"width\":228,\"height\":76,\"caption\":\"Lr Obchod Aloe Vera\"},\"image\":{\"@id\":\"https:\\\/\\\/www.lraloeverashop.eu\\\/sk\\\/#\\\/schema\\\/logo\\\/image\\\/\"},\"sameAs\":[\"https:\\\/\\\/www.facebook.com\\\/lraloeverashop.eu\",\"https:\\\/\\\/x.com\\\/natur__kosmetik\",\"https:\\\/\\\/www.youtube.com\\\/channel\\\/UC5oN7BJ8nfYb8RpVtjwDEBA\",\"https:\\\/\\\/www.instagram.com\\\/lrbeautyeu\\\/\"],\"description\":\"Obchod Lr Aloe Vera je va\u0161\u00edm d\u00f4veryhodn\u00fdm miestom pre pr\u00e9miov\u00e9 produkty LR Health & Beauty vyroben\u00e9 v Nemecku. Pon\u00fakame vysokokvalitn\u00e9 rie\u0161enia starostlivosti o ple\u0165 s Aloe Vera, v\u00fd\u017eivu a proti starnutiu, vyroben\u00e9 z \u010dist\u00fdch ingredienci\u00ed a podlo\u017een\u00e9 vedeck\u00fdm v\u00fdskumom. Objavte pr\u00edrodn\u00fa starostlivos\u0165, ktor\u00e1 regeneruje, chr\u00e1ni a revitalizuje va\u0161u ple\u0165 \u2013 a vyu\u017eite exkluz\u00edvne mesa\u010dn\u00e9 ponuky na na\u0161e najpred\u00e1vanej\u0161ie produkty LR Aloe Vera.\\nZa\u010dnite svoju cestu za pr\u00edrodnou starostlivos\u0165ou o ple\u0165 e\u0161te dnes a poc\u00ed\u0165te rozdiel.\",\"email\":\"info@lraloeverashop.eu\",\"telephone\":\"+49 17670609653\",\"legalName\":\"Lr Aloe Vera Shop\",\"foundingDate\":\"2018-04-21\",\"numberOfEmployees\":{\"@type\":\"QuantitativeValue\",\"minValue\":\"1\",\"maxValue\":\"10\"}}]}<\/script>\n<meta property=\"product:price:amount\" content=\"142.49\" \/>\n<meta property=\"product:price:currency\" content=\"EUR\" \/>\n<meta property=\"og:availability\" content=\"instock\" \/>\n<meta property=\"product:availability\" content=\"instock\" \/>\n<meta property=\"product:retailer_item_id\" content=\"80561-401SK\" \/>\n<meta property=\"product:condition\" content=\"new\" \/>\n<!-- \/ Yoast SEO Premium plugin. -->","yoast_head_json":{"title":"Vanilkov\u00fd Protein v Pr\u00e1\u0161ku z 5 r\u00f4znych zdrojov a vitam\u00ednom B6","description":"Vanilkov\u00fd Protein v Pr\u00e1\u0161ku chr\u00e1ni svaly proti ich degrad\u00e1cii a t\u00fdm pom\u00e1ha dlhodobo kontrolova\u0165 v\u00e1hu. Zvy\u0161uje proces spa\u013eovania tukov po\u010das noci.","robots":{"index":"index","follow":"follow","max-snippet":"max-snippet:-1","max-image-preview":"max-image-preview:large","max-video-preview":"max-video-preview:-1"},"canonical":"https:\/\/www.lraloeverashop.eu\/sk\/produkt\/vanilkovy-protein-v-prasku\/","og_locale":"sk_SK","og_type":"article","og_title":"Vanilkov\u00fd Protein v Pr\u00e1\u0161ku","og_description":"Vanilkov\u00fd Protein v Pr\u00e1\u0161ku chr\u00e1ni svaly proti ich degrad\u00e1cii a t\u00fdm pom\u00e1ha dlhodobo kontrolova\u0165 v\u00e1hu. Zvy\u0161uje proces spa\u013eovania tukov po\u010das noci.","og_url":"https:\/\/www.lraloeverashop.eu\/sk\/produkt\/vanilkovy-protein-v-prasku\/","og_site_name":"Lr Obchod Aloe Vera","article_publisher":"https:\/\/www.facebook.com\/lraloeverashop.eu","article_modified_time":"2026-02-21T06:50:48+00:00","og_image":[{"width":1200,"height":1200,"url":"https:\/\/www.lraloeverashop.eu\/wp-content\/uploads\/2022\/10\/Muscle-Protein-Drink-Set-3pcs.jpg","type":"image\/jpeg"}],"twitter_card":"summary_large_image","twitter_site":"@natur__kosmetik","schema":{"@context":"https:\/\/schema.org","@graph":[{"@type":["WebPage","ItemPage"],"@id":"https:\/\/www.lraloeverashop.eu\/sk\/produkt\/vanilkovy-protein-v-prasku\/","url":"https:\/\/www.lraloeverashop.eu\/sk\/produkt\/vanilkovy-protein-v-prasku\/","name":"Vanilkov\u00fd Protein v Pr\u00e1\u0161ku z 5 r\u00f4znych zdrojov a vitam\u00ednom B6","isPartOf":{"@id":"https:\/\/www.lraloeverashop.eu\/sk\/#website"},"primaryImageOfPage":{"@id":"https:\/\/www.lraloeverashop.eu\/sk\/produkt\/vanilkovy-protein-v-prasku\/#primaryimage"},"image":{"@id":"https:\/\/www.lraloeverashop.eu\/sk\/produkt\/vanilkovy-protein-v-prasku\/#primaryimage"},"thumbnailUrl":"https:\/\/www.lraloeverashop.eu\/wp-content\/uploads\/2022\/10\/Muscle-Protein-Drink-Set-3pcs.jpg","datePublished":"2022-10-15T10:43:38+00:00","dateModified":"2026-02-21T06:50:48+00:00","description":"Vanilkov\u00fd Protein v Pr\u00e1\u0161ku chr\u00e1ni svaly proti ich degrad\u00e1cii a t\u00fdm pom\u00e1ha dlhodobo kontrolova\u0165 v\u00e1hu. Zvy\u0161uje proces spa\u013eovania tukov po\u010das noci.","breadcrumb":{"@id":"https:\/\/www.lraloeverashop.eu\/sk\/produkt\/vanilkovy-protein-v-prasku\/#breadcrumb"},"inLanguage":"sk-SK","potentialAction":[{"@type":"ReadAction","target":["https:\/\/www.lraloeverashop.eu\/sk\/produkt\/vanilkovy-protein-v-prasku\/"]}]},{"@type":"ImageObject","inLanguage":"sk-SK","@id":"https:\/\/www.lraloeverashop.eu\/sk\/produkt\/vanilkovy-protein-v-prasku\/#primaryimage","url":"https:\/\/www.lraloeverashop.eu\/wp-content\/uploads\/2022\/10\/Muscle-Protein-Drink-Set-3pcs.jpg","contentUrl":"https:\/\/www.lraloeverashop.eu\/wp-content\/uploads\/2022\/10\/Muscle-Protein-Drink-Set-3pcs.jpg","width":1200,"height":1200,"caption":"Svalov\u00fd prote\u00ednov\u00fd n\u00e1poj Sada 3 kusov"},{"@type":"BreadcrumbList","@id":"https:\/\/www.lraloeverashop.eu\/sk\/produkt\/vanilkovy-protein-v-prasku\/#breadcrumb","itemListElement":[{"@type":"ListItem","position":1,"name":"Home","item":"https:\/\/www.lraloeverashop.eu\/sk\/"},{"@type":"ListItem","position":2,"name":"Obchod","item":"https:\/\/www.lraloeverashop.eu\/shop\/"},{"@type":"ListItem","position":3,"name":"Vanilkov\u00fd Protein v Pr\u00e1\u0161ku"}]},{"@type":"WebSite","@id":"https:\/\/www.lraloeverashop.eu\/sk\/#website","url":"https:\/\/www.lraloeverashop.eu\/sk\/","name":"Lr Obchod Aloe Vera","description":"High Quality Lr Aloe Vera Gel, Aloe Vera Cream and Shampoo","publisher":{"@id":"https:\/\/www.lraloeverashop.eu\/sk\/#organization"},"potentialAction":[{"@type":"SearchAction","target":{"@type":"EntryPoint","urlTemplate":"https:\/\/www.lraloeverashop.eu\/sk\/?s={search_term_string}"},"query-input":{"@type":"PropertyValueSpecification","valueRequired":true,"valueName":"search_term_string"}}],"inLanguage":"sk-SK"},{"@type":"Organization","@id":"https:\/\/www.lraloeverashop.eu\/sk\/#organization","name":"Lr Obchod Aloe Vera","alternateName":"LR","url":"https:\/\/www.lraloeverashop.eu\/sk\/","logo":{"@type":"ImageObject","inLanguage":"sk-SK","@id":"https:\/\/www.lraloeverashop.eu\/sk\/#\/schema\/logo\/image\/","url":"https:\/\/www.lraloeverashop.eu\/wp-content\/uploads\/2022\/09\/cropped-Lr-Aloe-Vera-Shop.jpg","contentUrl":"https:\/\/www.lraloeverashop.eu\/wp-content\/uploads\/2022\/09\/cropped-Lr-Aloe-Vera-Shop.jpg","width":228,"height":76,"caption":"Lr Obchod Aloe Vera"},"image":{"@id":"https:\/\/www.lraloeverashop.eu\/sk\/#\/schema\/logo\/image\/"},"sameAs":["https:\/\/www.facebook.com\/lraloeverashop.eu","https:\/\/x.com\/natur__kosmetik","https:\/\/www.youtube.com\/channel\/UC5oN7BJ8nfYb8RpVtjwDEBA","https:\/\/www.instagram.com\/lrbeautyeu\/"],"description":"Obchod Lr Aloe Vera je va\u0161\u00edm d\u00f4veryhodn\u00fdm miestom pre pr\u00e9miov\u00e9 produkty LR Health & Beauty vyroben\u00e9 v Nemecku. Pon\u00fakame vysokokvalitn\u00e9 rie\u0161enia starostlivosti o ple\u0165 s Aloe Vera, v\u00fd\u017eivu a proti starnutiu, vyroben\u00e9 z \u010dist\u00fdch ingredienci\u00ed a podlo\u017een\u00e9 vedeck\u00fdm v\u00fdskumom. Objavte pr\u00edrodn\u00fa starostlivos\u0165, ktor\u00e1 regeneruje, chr\u00e1ni a revitalizuje va\u0161u ple\u0165 \u2013 a vyu\u017eite exkluz\u00edvne mesa\u010dn\u00e9 ponuky na na\u0161e najpred\u00e1vanej\u0161ie produkty LR Aloe Vera.\nZa\u010dnite svoju cestu za pr\u00edrodnou starostlivos\u0165ou o ple\u0165 e\u0161te dnes a poc\u00ed\u0165te rozdiel.","email":"info@lraloeverashop.eu","telephone":"+49 17670609653","legalName":"Lr Aloe Vera Shop","foundingDate":"2018-04-21","numberOfEmployees":{"@type":"QuantitativeValue","minValue":"1","maxValue":"10"}}]},"product_price_amount":"142.49","product_price_currency":"EUR","og_availability":"instock","product_availability":"instock","product_retailer_item_id":"80561-401SK","product_condition":"new"},"taxonomy_info":{"product_cat":[{"value":343,"label":"Di\u00e9tny spolo\u010dn\u00edk"},{"value":420,"label":"Kosti, k\u013aby a Svaly"},{"value":337,"label":"N\u00e1hrada jedla"},{"value":468,"label":"\u0160pecialisti"},{"value":459,"label":"U\u0161etrite v setoch"}],"product_tag":[{"value":623,"label":"Di\u00e9ta"}]},"featured_image_src_large":["https:\/\/www.lraloeverashop.eu\/wp-content\/uploads\/2022\/10\/Muscle-Protein-Drink-Set-3pcs-1024x1024.jpg",1024,1024,true],"author_info":[],"comment_info":0,"_links":{"self":[{"href":"https:\/\/www.lraloeverashop.eu\/sk\/wp-json\/wp\/v2\/product\/9357","targetHints":{"allow":["GET"]}}],"collection":[{"href":"https:\/\/www.lraloeverashop.eu\/sk\/wp-json\/wp\/v2\/product"}],"about":[{"href":"https:\/\/www.lraloeverashop.eu\/sk\/wp-json\/wp\/v2\/types\/product"}],"replies":[{"embeddable":true,"href":"https:\/\/www.lraloeverashop.eu\/sk\/wp-json\/wp\/v2\/comments?post=9357"}],"wp:featuredmedia":[{"embeddable":true,"href":"https:\/\/www.lraloeverashop.eu\/sk\/wp-json\/wp\/v2\/media\/5704"}],"wp:attachment":[{"href":"https:\/\/www.lraloeverashop.eu\/sk\/wp-json\/wp\/v2\/media?parent=9357"}],"wp:term":[{"taxonomy":"product_brand","embeddable":true,"href":"https:\/\/www.lraloeverashop.eu\/sk\/wp-json\/wp\/v2\/product_brand?post=9357"},{"taxonomy":"product_cat","embeddable":true,"href":"https:\/\/www.lraloeverashop.eu\/sk\/wp-json\/wp\/v2\/product_cat?post=9357"},{"taxonomy":"product_tag","embeddable":true,"href":"https:\/\/www.lraloeverashop.eu\/sk\/wp-json\/wp\/v2\/product_tag?post=9357"}],"curies":[{"name":"wp","href":"https:\/\/api.w.org\/{rel}","templated":true}]}}