{"id":9333,"date":"2022-10-15T12:59:08","date_gmt":"2022-10-15T10:59:08","guid":{"rendered":"https:\/\/www.lraloeverashop.eu\/product\/lr-elixir-krasy\/"},"modified":"2026-04-18T20:37:59","modified_gmt":"2026-04-18T18:37:59","slug":"lr-elixir-krasy","status":"publish","type":"product","link":"https:\/\/www.lraloeverashop.eu\/sk\/produkt\/lr-elixir-krasy\/","title":{"rendered":"Lr Elix\u00edr Kr\u00e1sy"},"content":{"rendered":"<h2><span style=\"font-size: 16pt;\"><strong>Lr Elix\u00edr Kr\u00e1sy<\/strong><\/span><\/h2>\n<p><span style=\"font-size: 14pt;\"><strong>Lr Elixir Kr\u00e1sy &#8211; Za\u010dnite Pi\u0165 Z\u00e1zra\u010dn\u00fd Lektvar Kr\u00e1sy<\/strong><\/span><\/p>\n<p>Svoj\u00edm inovat\u00edvnym komplexom s dvoma zlo\u017ekami spln\u00ed hne\u010f 5v1 Lr Elix\u00edr Kr\u00e1sy va\u0161e najv\u00e4\u010d\u0161ie t\u00fa\u017eby: mladistv\u00fd vzh\u013ead, \u010dist\u00fa ple\u0165, pevn\u00e9 telo, <a href=\"https:\/\/www.lraloeverashop.eu\/sk\/produkt\/aloe-vera-nutri-repair-vlasova-maska\/\">super vlasy<\/a> a pevn\u00e9 nechty!<span style=\"font-size: 14px;\"><sup>1-4<\/sup><\/span><\/p>\n<p>Len jedna Ampulka denne efekt\u00edvne <a href=\"https:\/\/www.lraloeverashop.eu\/sk\/produkt\/lr-elixir-krasy-set\/\">aktivuje procesy kr\u00e1sy tela<\/a> a chr\u00e1ni pred hlavn\u00fdmi pr\u00ed\u010dinami starnutia a pon\u00faka v\u00e1m nad\u010dasov\u00fa kr\u00e1su od hlavy a\u017e k p\u00e4ty vo v\u0161etk\u00fdch vekov\u00fdch kateg\u00f3ri\u00e1ch<span style=\"font-size: 14px;\"><sup>1-4<\/sup><\/span>.<\/p>\n<h3><span style=\"font-size: 16pt;\"><strong>1.<\/strong> <strong>Lr Elix\u00edr Kr\u00e1sy<\/strong><strong>&#8211; Mladistv\u00fd vzh\u013ead s menej vr\u00e1skami<\/strong><\/span><\/h3>\n<p>&#8211; Zn\u00ed\u017eenie vr\u00e1sok v\u010faka vitam\u00ednu C1 a hlboko penetra\u010dn\u00fdm kolag\u00e9nov\u00fdm peptidom<span style=\"font-size: 14px;\"><sup>6<\/sup><\/span><br \/>\n&#8211; 15% vy\u0161\u0161ia elasticita ko\u017ee v\u010faka \u00fa\u010dinn\u00fdm kolag\u00e9nov\u00fdm peptidom <span style=\"font-size: 14px;\"><sup>7<\/sup><\/span><br \/>\n&#8211; Aloe vera g\u00e9l, \u010derven\u00fd pomaran\u010d, zlat\u00fd kore\u0148 a extrakt zo zelen\u00e9ho \u010daju chr\u00e1ni poko\u017eku pred hlavn\u00fdch pr\u00ed\u010dinami starnutia ako s\u00fa n apriklad UV \u017eiarenia<\/p>\n<p>&nbsp;<\/p>\n<h4><span style=\"font-size: 16pt;\"><strong>2<\/strong>. <strong>Jasn\u00e1, zdrav\u00e1 ple\u0165 bez podr\u00e1\u017edenia<\/strong><\/span><\/h4>\n<p>&#8211; Ochrana pred vonkaj\u0161\u00edmi agresormi v\u010faka v\u00fd\u0165a\u017eku z \u010du\u010doriedok a vitam\u00ednu E5<br \/>\n&#8211; Zv\u00fd\u0161en\u00e1 funkcia ko\u017ee a pigment\u00e1cia prostredn\u00edctvom vysoko koncentrovan\u00fdch vitam\u00ednov A, E, tiam\u00ednu, riboflav\u00ednu, niac\u00ednu, B6, biot\u00ednu, B12, C a zinku ako d\u00f4le\u017eit\u00e9ho stopov\u00e9ho prvku<span style=\"font-size: 14px;\"><sup>1<\/sup><\/span><\/p>\n<p>&nbsp;<\/p>\n<h2><span style=\"font-size: 16pt;\"><strong>3. A Pevn\u00e9 Telo s Men\u0161ou Celulit\u00eddou<\/strong><\/span><\/h2>\n<p>&#8211; Kolag\u00e9nov\u00e9 peptidy v Lr Elix\u00edr Kr\u00e1sy zvy\u0161uj\u00fa hustotu poko\u017eky a <a href=\"https:\/\/www.lraloeverashop.eu\/sk\/produkt\/zeitgard-pro-na-masaz-tela\/\">preuk\u00e1zate\u013ene redukuj\u00fa celulit\u00eddu<\/a><span style=\"font-size: 14px;\"><sup>8<\/sup><\/span><br \/>\n&#8211; Me\u010f<span style=\"font-size: 14px;\"><sup>2<\/sup><\/span> a\u00a0aloe vera g\u00e9l posil\u0148uj\u00fa spojivov\u00e9 tkanivo.<\/p>\n<p>&nbsp;<\/p>\n<h3><span style=\"font-size: 16pt;\"><strong>4. Lahodn\u00e9, leskl\u00e9 vlasy<\/strong><\/span><\/h3>\n<p>&#8211; Biot\u00edn posil\u0148uje vlasy a vy\u017eivuje ich zvn\u00fatra<span style=\"font-size: 14px;\"><sup>3<\/sup><\/span><br \/>\n&#8211; Me\u010f zabezpe\u010duje norm\u00e1lnu pigment\u00e1ciu vlasov pre zdrav\u00fd lesk<span style=\"font-size: 14px;\"><sup>3<\/sup><\/span><\/p>\n<p>&nbsp;<\/p>\n<h4><span style=\"font-size: 16pt;\"><strong>5. Siln\u00e9, zdrav\u00e9 nechty<\/strong><\/span><\/h4>\n<p>&#8211; Kolag\u00e9nov\u00e9 peptidy v Lr Elix\u00edr Kr\u00e1sy preuk\u00e1zate\u013ene ur\u00fdch\u013euj\u00fa rast nechtov. L\u00e1manie nechtov m\u00f4\u017ee by\u0165 zn\u00ed\u017een\u00e9 a\u017e na 42%<span style=\"font-size: 14px;\"><sup>9<\/sup><\/span><br \/>\n&#8211; Zinok posil\u0148uje nechty<span style=\"font-size: 14px;\"><sup>4<\/sup><\/span><\/p>\n<p>&nbsp;<\/p>\n<p><span style=\"font-size: 16pt;\"><strong>Jedine\u010dn\u00fd na trhu: dvojit\u00fd komplex<\/strong><\/span><\/p>\n<p><strong><span style=\"font-size: 14pt;\">Akt\u00edvny Komplex<\/span><\/strong><\/p>\n<p>Akt\u00edvny Komplex z Lr Elix\u00edr Kr\u00e1sy aktivuje procesy kr\u00e1sy tela a bojuje proti zn\u00e1mkam starnutia <span style=\"font-size: 14px;\"><sup>1-5<\/sup><\/span>. Obsahuje najd\u00f4le\u017eitej\u0161ie kozmetick\u00e9 zlo\u017eky vo vysokej koncentr\u00e1cii:<\/p>\n<p>&#8211; 2,5 g kolag\u00e9nov\u00fdch peptidov<br \/>\n&#8211; 50 mg drahocenej kyseliny hyalur\u00f3novej<br \/>\n&#8211; S me\u010fou a zinkom<\/p>\n<p>9 vitam\u00ednov vo vysokej koncentr\u00e1cii: 100% vitam\u00ednu E, B6, B12, C, tiam\u00ednu, riboflav\u00ednu, niac\u00ednu, biot\u00ednu na denn\u00fa d\u00e1vku * a 75% vitam\u00ednu A na denn\u00fa d\u00e1vku *<\/p>\n<p>&nbsp;<\/p>\n<p><strong><span style=\"font-size: 14pt;\">Prevent\u00edvny Komplex<\/span><\/strong><\/p>\n<p>Prevent\u00edvny komplex zlo\u017eiek z Lr Elix\u00edr Kr\u00e1sy chr\u00e1ni pred environment\u00e1lnymi agresormi a zabra\u0148uje vzniku <a href=\"https:\/\/www.lraloeverashop.eu\/sk\/prirodny-elixir-krasy-pre-mladistvy-vzhlad\/\">pr\u00edznakov starnutia<\/a>. Sp\u00e1ja najcennej\u0161ie pr\u00edrodn\u00e9 zlo\u017eky:<\/p>\n<p>&#8211; 20% aloe vera g\u00e9lu<br \/>\n&#8211; V\u00fd\u0165a\u017eok z krvav\u00fdch pomaran\u010dov<br \/>\n&#8211; V\u00fd\u0165a\u017eok z \u010du\u010doriedok<br \/>\n&#8211; Extrakt z zlat\u00e9ho kore\u0148a (rhodiola rosea)<br \/>\n&#8211; Extrakt z zelen\u00e9ho \u010daju<\/p>\n<p>&nbsp;<\/p>\n<h2><strong><span style=\"font-size: 16pt;\">Ako u\u017eiva\u0165 Lr Elix\u00edr Kr\u00e1sy<\/span><\/strong><\/h2>\n<p>Odpor\u00fa\u010dan\u00fd pr\u00edjem: Jedna ampulka na pitie denne. Pred pou\u017eit\u00edm pretrepte.<\/p>\n<p>Nepresahujte odpor\u00fa\u010dan\u00fd dennu davku. V\u00fd\u017eivov\u00e9 doplnky nie s\u00fa n\u00e1hradou za rozmanit\u00fa a vyv\u00e1\u017een\u00fa stravu a zdrav\u00fd \u017eivotn\u00fd \u0161t\u00fdl. Uchov\u00e1vajte mimo dosahu det\u00ed. Obsahuje kofe\u00edn. Neodpor\u00fa\u010da sa pre deti a matky (obsah kofe\u00ednu 0,8 mg na 25 ml).<\/p>\n<p>Pokyny pre skladovanie: Chr\u00e1\u0148te Lr Elix\u00edr Kr\u00e1sy pred priamym slne\u010dn\u00fdm \u017eiaren\u00edm. Skladujte na suchom mieste pri izbovej teplote.<br \/>\nChladenie nie je potrebn\u00e9!<\/p>\n<p>* Referen\u010dn\u00e1 hodnota denn\u00e9ho pr\u00edjmu pod\u013ea nariadenia o inform\u00e1ci\u00e1ch o potravin\u00e1ch<\/p>\n<p>&nbsp;<\/p>\n<p><span style=\"font-size: 14px;\"><sup>1<\/sup><\/span> Biot\u00edn, zinok, vitam\u00edn A, riboflav\u00edn a niac\u00edn pom\u00e1haj\u00fa zachova\u0165 norm\u00e1lnu poko\u017eku. Me\u010f pom\u00e1ha udr\u017eiava\u0165 pravideln\u00fa pigment\u00e1ciu poko\u017eky. Vitam\u00edn C podporuje pravideln\u00fa tvorbu kolag\u00e9nu, aby sa zachovala prirodzen\u00e1 funkcia ko\u017ee.<br \/>\n<span style=\"font-size: 14px;\"><sup>2<\/sup><\/span> Me\u010f pom\u00e1ha pri podpore spojivov\u00e9ho tkaniva.<br \/>\n<span style=\"font-size: 14px;\"><sup>3<\/sup><\/span> Biot\u00edn a zinok prispievaj\u00fa k udr\u017eaniu zdrav\u00fdch vlasov. Me\u010f podporuje pravideln\u00fa pigment\u00e1ciu vlasov.<br \/>\n<span style=\"font-size: 14px;\"><sup>4<\/sup><\/span> Zinok podporuje ochranu zdrav\u00fdch nechtov.<br \/>\n<span style=\"font-size: 14px;\"><sup>5<\/sup><\/span> Vitam\u00edn E v Lr Elix\u00edr Kr\u00e1sy pom\u00e1ha chr\u00e1ni\u0165 bunky pred oxida\u010dn\u00fdm stresom. Thiam\u00edn prispieva k norm\u00e1lnemu energetick\u00e9mu metabolizmu. Vitam\u00edn B6 a B12 pom\u00e1haj\u00fa zn\u00ed\u017ei\u0165 \u00fanavu a vy\u010derpanie.<br \/>\n<span style=\"font-size: 14px;\"><sup>6<\/sup><\/span> Proksch a kol., 2014, Skin Pharmacol Physiol; 27: 113-119. <a href=\"https:\/\/www.lraloeverashop.eu\/sk\/produkt\/zehlicka-na-tvar-zeitgard-pro\/\">V\u00fdznamn\u00e9 zn\u00ed\u017eenie vr\u00e1sok<\/a> a zv\u00fd\u0161en\u00e1 koncentr\u00e1cia kolag\u00e9nu v poko\u017eke po 4 t\u00fd\u017ed\u0148och aplik\u00e1cie. Zhodnoten\u00e1 u 100 \u017eien vo veku 45 a\u017e 65 rokov<br \/>\n<span style=\"font-size: 14px;\"><sup>7<\/sup><\/span> Proksch a kol., 2014, Skin Pharmacol Physiol; 27: 47-55. 15% zv\u00fd\u0161en\u00e1 elasticita ko\u017ee po 4 t\u00fd\u017ed\u0148och aplik\u00e1cie. Zhodnoten\u00e1 u 69 \u017eien vo veku 35 a\u017e 55 rokov<br \/>\n<span style=\"font-size: 14px;\"><sup>8<\/sup><\/span>\u00a0Schunck a kol., 2015, Journal of Medicinal Food; 18 (12) 1340-1348. V\u00fdznamn\u00e9 zn\u00ed\u017eenie celulit\u00eddy po 3 mesiacoch a v\u00fdrazn\u00e9 zv\u00fd\u0161enie hustoty poko\u017eky po 6 mesiacoch aplik\u00e1cie. Zhodnoten\u00e1 u 105 \u017eien vo veku od 25 do 50 rokov 9 Hexsel et al., 2017, Journal of Cosmetic Dermatology;<span style=\"font-size: 14px;\"><sup>1-7\u00a0<\/sup><\/span><\/p>\n<p>V\u00fdznamn\u00e9 zn\u00ed\u017eenie po\u0161kodenia nechtov po 2 mesiacoch aplik\u00e1cie a zv\u00fd\u0161enie rastu nechtov po 3 mesiacoch. Zhodnoten\u00e1 u 25 \u017eien vo veku od 18 do 50 rokov<\/p>\n<p>* Referen\u010dn\u00e1 hodnota denn\u00e9ho pr\u00edjmu pod\u013ea nariadenia o inform\u00e1ci\u00e1ch o potravin\u00e1ch<\/p>\n<p>&nbsp;<\/p>\n","protected":false},"excerpt":{"rendered":"<ul>\n<li>\u00dapln\u00e1 inov\u00e1cia!<\/li>\n<li>Dvojit\u00fd komplex zlo\u017eiek v jednom elix\u00edru<\/li>\n<li>Urobi 5 \u017eelan\u00ed naraz: mladistv\u00fd vzh\u013ead, \u010dist\u00e1, pevn\u00e1 poko\u017eka, zmyseln\u00e9 vlasy a siln\u00e9 nechty<span style=\"font-size: 14px;\"><sup>1-4<\/sup><\/span><\/li>\n<li>Akt\u00edvne a prevent\u00edvne opatrenia<\/li>\n<li>Neobsahuje sladidl\u00e1, umel\u00e9 farby, lakt\u00f3zu a lepok<\/li>\n<li>30 Ampuliek x 25 ml v ka\u017edej<\/li>\n<\/ul>\n<p>&nbsp;<\/p>\n","protected":false},"featured_media":30448,"comment_status":"open","ping_status":"closed","template":"","meta":{"_kad_blocks_custom_css":"","_kad_blocks_head_custom_js":"","_kad_blocks_body_custom_js":"","_kad_blocks_footer_custom_js":"","_kadence_starter_templates_imported_post":false,"_kad_post_transparent":"default","_kad_post_title":"","_kad_post_layout":"default","_kad_post_sidebar_id":"","_kad_post_content_style":"default","_kad_post_vertical_padding":"default","_kad_post_feature":"","_kad_post_feature_position":"","_kad_post_header":false,"_kad_post_footer":false,"_kad_post_classname":""},"product_brand":[],"product_cat":[480,474,468,414],"product_tag":[],"class_list":{"0":"post-9333","1":"product","2":"type-product","3":"status-publish","4":"has-post-thumbnail","6":"product_cat-beauty-shot-sk","7":"product_cat-krasa-zvnutra","8":"product_cat-specialista","9":"product_cat-specialne-produkty","11":"first","12":"instock","13":"taxable","14":"shipping-taxable","15":"purchasable","16":"product-type-simple","17":"entry","18":"content-bg","19":"loop-entry"},"yoast_head":"<!-- This site is optimized with the Yoast SEO Premium plugin v27.5 (Yoast SEO v27.5) - https:\/\/yoast.com\/product\/yoast-seo-premium-wordpress\/ -->\n<title>Lr Elix\u00edr Kr\u00e1sy - Jedin\u00e1 vec, ktor\u00fa \u017eena pre svoju kr\u00e1su potrebuje<\/title>\n<meta name=\"description\" content=\"Lr Elix\u00edr Kr\u00e1sy podporuje mladistv\u00fd vzh\u013ead s men\u0161\u00edm po\u010dtom vr\u00e1sok, pevn\u00e9 telo s men\u0161ou celulit\u00eddou. Kr\u00e1sne, leskl\u00e9 vlasy a siln\u00e9 a zdrav\u00e9 nechty.\" \/>\n<meta name=\"robots\" content=\"index, follow, max-snippet:-1, max-image-preview:large, max-video-preview:-1\" \/>\n<link rel=\"canonical\" href=\"https:\/\/www.lraloeverashop.eu\/sk\/produkt\/lr-elixir-krasy\/\" \/>\n<meta property=\"og:locale\" content=\"sk_SK\" \/>\n<meta property=\"og:type\" content=\"article\" \/>\n<meta property=\"og:title\" content=\"Lr Elix\u00edr Kr\u00e1sy\" \/>\n<meta property=\"og:description\" content=\"Lr Elix\u00edr Kr\u00e1sy podporuje mladistv\u00fd vzh\u013ead s men\u0161\u00edm po\u010dtom vr\u00e1sok, pevn\u00e9 telo s men\u0161ou celulit\u00eddou. Kr\u00e1sne, leskl\u00e9 vlasy a siln\u00e9 a zdrav\u00e9 nechty.\" \/>\n<meta property=\"og:url\" content=\"https:\/\/www.lraloeverashop.eu\/sk\/produkt\/lr-elixir-krasy\/\" \/>\n<meta property=\"og:site_name\" content=\"Lr Obchod Aloe Vera\" \/>\n<meta property=\"article:publisher\" content=\"https:\/\/www.facebook.com\/lraloeverashop.eu\" \/>\n<meta property=\"article:modified_time\" content=\"2026-04-18T18:37:59+00:00\" \/>\n<meta property=\"og:image\" content=\"https:\/\/www.lraloeverashop.eu\/wp-content\/uploads\/2026\/04\/Lr-Natural-Beauty-Elixir-Drink.jpeg\" \/>\n\t<meta property=\"og:image:width\" content=\"1200\" \/>\n\t<meta property=\"og:image:height\" content=\"1200\" \/>\n\t<meta property=\"og:image:type\" content=\"image\/jpeg\" \/>\n<meta name=\"twitter:card\" content=\"summary_large_image\" \/>\n<meta name=\"twitter:site\" content=\"@natur__kosmetik\" \/>\n<script type=\"application\/ld+json\" class=\"yoast-schema-graph\">{\"@context\":\"https:\\\/\\\/schema.org\",\"@graph\":[{\"@type\":[\"WebPage\",\"ItemPage\"],\"@id\":\"https:\\\/\\\/www.lraloeverashop.eu\\\/sk\\\/produkt\\\/lr-elixir-krasy\\\/\",\"url\":\"https:\\\/\\\/www.lraloeverashop.eu\\\/sk\\\/produkt\\\/lr-elixir-krasy\\\/\",\"name\":\"Lr Elix\u00edr Kr\u00e1sy - Jedin\u00e1 vec, ktor\u00fa \u017eena pre svoju kr\u00e1su potrebuje\",\"isPartOf\":{\"@id\":\"https:\\\/\\\/www.lraloeverashop.eu\\\/sk\\\/#website\"},\"primaryImageOfPage\":{\"@id\":\"https:\\\/\\\/www.lraloeverashop.eu\\\/sk\\\/produkt\\\/lr-elixir-krasy\\\/#primaryimage\"},\"image\":{\"@id\":\"https:\\\/\\\/www.lraloeverashop.eu\\\/sk\\\/produkt\\\/lr-elixir-krasy\\\/#primaryimage\"},\"thumbnailUrl\":\"https:\\\/\\\/www.lraloeverashop.eu\\\/wp-content\\\/uploads\\\/2026\\\/04\\\/Lr-Natural-Beauty-Elixir-Drink.jpeg\",\"datePublished\":\"2022-10-15T10:59:08+00:00\",\"dateModified\":\"2026-04-18T18:37:59+00:00\",\"description\":\"Lr Elix\u00edr Kr\u00e1sy podporuje mladistv\u00fd vzh\u013ead s men\u0161\u00edm po\u010dtom vr\u00e1sok, pevn\u00e9 telo s men\u0161ou celulit\u00eddou. Kr\u00e1sne, leskl\u00e9 vlasy a siln\u00e9 a zdrav\u00e9 nechty.\",\"breadcrumb\":{\"@id\":\"https:\\\/\\\/www.lraloeverashop.eu\\\/sk\\\/produkt\\\/lr-elixir-krasy\\\/#breadcrumb\"},\"inLanguage\":\"sk-SK\",\"potentialAction\":[{\"@type\":\"ReadAction\",\"target\":[\"https:\\\/\\\/www.lraloeverashop.eu\\\/sk\\\/produkt\\\/lr-elixir-krasy\\\/\"]}]},{\"@type\":\"ImageObject\",\"inLanguage\":\"sk-SK\",\"@id\":\"https:\\\/\\\/www.lraloeverashop.eu\\\/sk\\\/produkt\\\/lr-elixir-krasy\\\/#primaryimage\",\"url\":\"https:\\\/\\\/www.lraloeverashop.eu\\\/wp-content\\\/uploads\\\/2026\\\/04\\\/Lr-Natural-Beauty-Elixir-Drink.jpeg\",\"contentUrl\":\"https:\\\/\\\/www.lraloeverashop.eu\\\/wp-content\\\/uploads\\\/2026\\\/04\\\/Lr-Natural-Beauty-Elixir-Drink.jpeg\",\"width\":1200,\"height\":1200,\"caption\":\"Pr\u00edrodn\u00fd elix\u00edrov\u00fd n\u00e1poj kr\u00e1sy 5 v 1 pre mladistv\u00fd vzh\u013ead s men\u0161\u00edm po\u010dtom vr\u00e1sok\"},{\"@type\":\"BreadcrumbList\",\"@id\":\"https:\\\/\\\/www.lraloeverashop.eu\\\/sk\\\/produkt\\\/lr-elixir-krasy\\\/#breadcrumb\",\"itemListElement\":[{\"@type\":\"ListItem\",\"position\":1,\"name\":\"Home\",\"item\":\"https:\\\/\\\/www.lraloeverashop.eu\\\/sk\\\/aloe-vera-obchod-vsetko-pre-vasu-krasu-a-pohodu\\\/\"},{\"@type\":\"ListItem\",\"position\":2,\"name\":\"Obchod\",\"item\":\"https:\\\/\\\/www.lraloeverashop.eu\\\/sk\\\/obchod\\\/\"},{\"@type\":\"ListItem\",\"position\":3,\"name\":\"Lr Elix\u00edr Kr\u00e1sy\"}]},{\"@type\":\"WebSite\",\"@id\":\"https:\\\/\\\/www.lraloeverashop.eu\\\/sk\\\/#website\",\"url\":\"https:\\\/\\\/www.lraloeverashop.eu\\\/sk\\\/\",\"name\":\"Lr Obchod Aloe Vera\",\"description\":\"High Quality Lr Aloe Vera Gel, Aloe Vera Cream and Shampoo\",\"publisher\":{\"@id\":\"https:\\\/\\\/www.lraloeverashop.eu\\\/sk\\\/#organization\"},\"alternateName\":\"LR\",\"potentialAction\":[{\"@type\":\"SearchAction\",\"target\":{\"@type\":\"EntryPoint\",\"urlTemplate\":\"https:\\\/\\\/www.lraloeverashop.eu\\\/sk\\\/?s={search_term_string}\"},\"query-input\":{\"@type\":\"PropertyValueSpecification\",\"valueRequired\":true,\"valueName\":\"search_term_string\"}}],\"inLanguage\":\"sk-SK\"},{\"@type\":\"Organization\",\"@id\":\"https:\\\/\\\/www.lraloeverashop.eu\\\/sk\\\/#organization\",\"name\":\"Lr Obchod Aloe Vera\",\"alternateName\":\"LR\",\"url\":\"https:\\\/\\\/www.lraloeverashop.eu\\\/sk\\\/\",\"logo\":{\"@type\":\"ImageObject\",\"inLanguage\":\"sk-SK\",\"@id\":\"https:\\\/\\\/www.lraloeverashop.eu\\\/sk\\\/#\\\/schema\\\/logo\\\/image\\\/\",\"url\":\"https:\\\/\\\/www.lraloeverashop.eu\\\/wp-content\\\/uploads\\\/2022\\\/09\\\/cropped-Lr-Aloe-Vera-Shop.jpg\",\"contentUrl\":\"https:\\\/\\\/www.lraloeverashop.eu\\\/wp-content\\\/uploads\\\/2022\\\/09\\\/cropped-Lr-Aloe-Vera-Shop.jpg\",\"width\":228,\"height\":76,\"caption\":\"Lr Obchod Aloe Vera\"},\"image\":{\"@id\":\"https:\\\/\\\/www.lraloeverashop.eu\\\/sk\\\/#\\\/schema\\\/logo\\\/image\\\/\"},\"sameAs\":[\"https:\\\/\\\/www.facebook.com\\\/lraloeverashop.eu\",\"https:\\\/\\\/x.com\\\/natur__kosmetik\",\"https:\\\/\\\/www.youtube.com\\\/channel\\\/UC5oN7BJ8nfYb8RpVtjwDEBA\",\"https:\\\/\\\/www.instagram.com\\\/lrbeautyeu\\\/\"],\"description\":\"Obchod Lr Aloe Vera je va\u0161\u00edm d\u00f4veryhodn\u00fdm miestom pre pr\u00e9miov\u00e9 produkty LR Health & Beauty vyroben\u00e9 v Nemecku. Pon\u00fakame vysokokvalitn\u00e9 rie\u0161enia starostlivosti o ple\u0165 s Aloe Vera, v\u00fd\u017eivu a proti starnutiu, vyroben\u00e9 z \u010dist\u00fdch ingredienci\u00ed a podlo\u017een\u00e9 vedeck\u00fdm v\u00fdskumom. Objavte pr\u00edrodn\u00fa starostlivos\u0165, ktor\u00e1 regeneruje, chr\u00e1ni a revitalizuje va\u0161u ple\u0165 \u2013 a vyu\u017eite exkluz\u00edvne mesa\u010dn\u00e9 ponuky na na\u0161e najpred\u00e1vanej\u0161ie produkty LR Aloe Vera.\\nZa\u010dnite svoju cestu za pr\u00edrodnou starostlivos\u0165ou o ple\u0165 e\u0161te dnes a poc\u00ed\u0165te rozdiel.\",\"email\":\"info@lraloeverashop.eu\",\"telephone\":\"+49 17670609653\",\"legalName\":\"Lr Aloe Vera Shop\",\"foundingDate\":\"2018-04-21\",\"numberOfEmployees\":{\"@type\":\"QuantitativeValue\",\"minValue\":\"1\",\"maxValue\":\"10\"}}]}<\/script>\n<meta property=\"product:price:amount\" content=\"172.99\" \/>\n<meta property=\"product:price:currency\" content=\"EUR\" \/>\n<meta property=\"og:availability\" content=\"instock\" \/>\n<meta property=\"product:availability\" content=\"instock\" \/>\n<meta property=\"product:retailer_item_id\" content=\"81140-1SK\" \/>\n<meta property=\"product:condition\" content=\"new\" \/>\n<!-- \/ Yoast SEO Premium plugin. -->","yoast_head_json":{"title":"Lr Elix\u00edr Kr\u00e1sy - Jedin\u00e1 vec, ktor\u00fa \u017eena pre svoju kr\u00e1su potrebuje","description":"Lr Elix\u00edr Kr\u00e1sy podporuje mladistv\u00fd vzh\u013ead s men\u0161\u00edm po\u010dtom vr\u00e1sok, pevn\u00e9 telo s men\u0161ou celulit\u00eddou. Kr\u00e1sne, leskl\u00e9 vlasy a siln\u00e9 a zdrav\u00e9 nechty.","robots":{"index":"index","follow":"follow","max-snippet":"max-snippet:-1","max-image-preview":"max-image-preview:large","max-video-preview":"max-video-preview:-1"},"canonical":"https:\/\/www.lraloeverashop.eu\/sk\/produkt\/lr-elixir-krasy\/","og_locale":"sk_SK","og_type":"article","og_title":"Lr Elix\u00edr Kr\u00e1sy","og_description":"Lr Elix\u00edr Kr\u00e1sy podporuje mladistv\u00fd vzh\u013ead s men\u0161\u00edm po\u010dtom vr\u00e1sok, pevn\u00e9 telo s men\u0161ou celulit\u00eddou. Kr\u00e1sne, leskl\u00e9 vlasy a siln\u00e9 a zdrav\u00e9 nechty.","og_url":"https:\/\/www.lraloeverashop.eu\/sk\/produkt\/lr-elixir-krasy\/","og_site_name":"Lr Obchod Aloe Vera","article_publisher":"https:\/\/www.facebook.com\/lraloeverashop.eu","article_modified_time":"2026-04-18T18:37:59+00:00","og_image":[{"width":1200,"height":1200,"url":"https:\/\/www.lraloeverashop.eu\/wp-content\/uploads\/2026\/04\/Lr-Natural-Beauty-Elixir-Drink.jpeg","type":"image\/jpeg"}],"twitter_card":"summary_large_image","twitter_site":"@natur__kosmetik","schema":{"@context":"https:\/\/schema.org","@graph":[{"@type":["WebPage","ItemPage"],"@id":"https:\/\/www.lraloeverashop.eu\/sk\/produkt\/lr-elixir-krasy\/","url":"https:\/\/www.lraloeverashop.eu\/sk\/produkt\/lr-elixir-krasy\/","name":"Lr Elix\u00edr Kr\u00e1sy - Jedin\u00e1 vec, ktor\u00fa \u017eena pre svoju kr\u00e1su potrebuje","isPartOf":{"@id":"https:\/\/www.lraloeverashop.eu\/sk\/#website"},"primaryImageOfPage":{"@id":"https:\/\/www.lraloeverashop.eu\/sk\/produkt\/lr-elixir-krasy\/#primaryimage"},"image":{"@id":"https:\/\/www.lraloeverashop.eu\/sk\/produkt\/lr-elixir-krasy\/#primaryimage"},"thumbnailUrl":"https:\/\/www.lraloeverashop.eu\/wp-content\/uploads\/2026\/04\/Lr-Natural-Beauty-Elixir-Drink.jpeg","datePublished":"2022-10-15T10:59:08+00:00","dateModified":"2026-04-18T18:37:59+00:00","description":"Lr Elix\u00edr Kr\u00e1sy podporuje mladistv\u00fd vzh\u013ead s men\u0161\u00edm po\u010dtom vr\u00e1sok, pevn\u00e9 telo s men\u0161ou celulit\u00eddou. Kr\u00e1sne, leskl\u00e9 vlasy a siln\u00e9 a zdrav\u00e9 nechty.","breadcrumb":{"@id":"https:\/\/www.lraloeverashop.eu\/sk\/produkt\/lr-elixir-krasy\/#breadcrumb"},"inLanguage":"sk-SK","potentialAction":[{"@type":"ReadAction","target":["https:\/\/www.lraloeverashop.eu\/sk\/produkt\/lr-elixir-krasy\/"]}]},{"@type":"ImageObject","inLanguage":"sk-SK","@id":"https:\/\/www.lraloeverashop.eu\/sk\/produkt\/lr-elixir-krasy\/#primaryimage","url":"https:\/\/www.lraloeverashop.eu\/wp-content\/uploads\/2026\/04\/Lr-Natural-Beauty-Elixir-Drink.jpeg","contentUrl":"https:\/\/www.lraloeverashop.eu\/wp-content\/uploads\/2026\/04\/Lr-Natural-Beauty-Elixir-Drink.jpeg","width":1200,"height":1200,"caption":"Pr\u00edrodn\u00fd elix\u00edrov\u00fd n\u00e1poj kr\u00e1sy 5 v 1 pre mladistv\u00fd vzh\u013ead s men\u0161\u00edm po\u010dtom vr\u00e1sok"},{"@type":"BreadcrumbList","@id":"https:\/\/www.lraloeverashop.eu\/sk\/produkt\/lr-elixir-krasy\/#breadcrumb","itemListElement":[{"@type":"ListItem","position":1,"name":"Home","item":"https:\/\/www.lraloeverashop.eu\/sk\/aloe-vera-obchod-vsetko-pre-vasu-krasu-a-pohodu\/"},{"@type":"ListItem","position":2,"name":"Obchod","item":"https:\/\/www.lraloeverashop.eu\/sk\/obchod\/"},{"@type":"ListItem","position":3,"name":"Lr Elix\u00edr Kr\u00e1sy"}]},{"@type":"WebSite","@id":"https:\/\/www.lraloeverashop.eu\/sk\/#website","url":"https:\/\/www.lraloeverashop.eu\/sk\/","name":"Lr Obchod Aloe Vera","description":"High Quality Lr Aloe Vera Gel, Aloe Vera Cream and Shampoo","publisher":{"@id":"https:\/\/www.lraloeverashop.eu\/sk\/#organization"},"alternateName":"LR","potentialAction":[{"@type":"SearchAction","target":{"@type":"EntryPoint","urlTemplate":"https:\/\/www.lraloeverashop.eu\/sk\/?s={search_term_string}"},"query-input":{"@type":"PropertyValueSpecification","valueRequired":true,"valueName":"search_term_string"}}],"inLanguage":"sk-SK"},{"@type":"Organization","@id":"https:\/\/www.lraloeverashop.eu\/sk\/#organization","name":"Lr Obchod Aloe Vera","alternateName":"LR","url":"https:\/\/www.lraloeverashop.eu\/sk\/","logo":{"@type":"ImageObject","inLanguage":"sk-SK","@id":"https:\/\/www.lraloeverashop.eu\/sk\/#\/schema\/logo\/image\/","url":"https:\/\/www.lraloeverashop.eu\/wp-content\/uploads\/2022\/09\/cropped-Lr-Aloe-Vera-Shop.jpg","contentUrl":"https:\/\/www.lraloeverashop.eu\/wp-content\/uploads\/2022\/09\/cropped-Lr-Aloe-Vera-Shop.jpg","width":228,"height":76,"caption":"Lr Obchod Aloe Vera"},"image":{"@id":"https:\/\/www.lraloeverashop.eu\/sk\/#\/schema\/logo\/image\/"},"sameAs":["https:\/\/www.facebook.com\/lraloeverashop.eu","https:\/\/x.com\/natur__kosmetik","https:\/\/www.youtube.com\/channel\/UC5oN7BJ8nfYb8RpVtjwDEBA","https:\/\/www.instagram.com\/lrbeautyeu\/"],"description":"Obchod Lr Aloe Vera je va\u0161\u00edm d\u00f4veryhodn\u00fdm miestom pre pr\u00e9miov\u00e9 produkty LR Health & Beauty vyroben\u00e9 v Nemecku. Pon\u00fakame vysokokvalitn\u00e9 rie\u0161enia starostlivosti o ple\u0165 s Aloe Vera, v\u00fd\u017eivu a proti starnutiu, vyroben\u00e9 z \u010dist\u00fdch ingredienci\u00ed a podlo\u017een\u00e9 vedeck\u00fdm v\u00fdskumom. Objavte pr\u00edrodn\u00fa starostlivos\u0165, ktor\u00e1 regeneruje, chr\u00e1ni a revitalizuje va\u0161u ple\u0165 \u2013 a vyu\u017eite exkluz\u00edvne mesa\u010dn\u00e9 ponuky na na\u0161e najpred\u00e1vanej\u0161ie produkty LR Aloe Vera.\nZa\u010dnite svoju cestu za pr\u00edrodnou starostlivos\u0165ou o ple\u0165 e\u0161te dnes a poc\u00ed\u0165te rozdiel.","email":"info@lraloeverashop.eu","telephone":"+49 17670609653","legalName":"Lr Aloe Vera Shop","foundingDate":"2018-04-21","numberOfEmployees":{"@type":"QuantitativeValue","minValue":"1","maxValue":"10"}}]},"product_price_amount":"172.99","product_price_currency":"EUR","og_availability":"instock","product_availability":"instock","product_retailer_item_id":"81140-1SK","product_condition":"new"},"taxonomy_info":{"product_cat":[{"value":480,"label":"Beauty Shot"},{"value":474,"label":"Kr\u00e1sa zvn\u00fatra"},{"value":468,"label":"\u0160pecialisti"},{"value":414,"label":"\u0160peci\u00e1lne Produkty"}]},"featured_image_src_large":["https:\/\/www.lraloeverashop.eu\/wp-content\/uploads\/2026\/04\/Lr-Natural-Beauty-Elixir-Drink-1024x1024.jpeg",1024,1024,true],"author_info":[],"comment_info":0,"_links":{"self":[{"href":"https:\/\/www.lraloeverashop.eu\/sk\/wp-json\/wp\/v2\/product\/9333","targetHints":{"allow":["GET"]}}],"collection":[{"href":"https:\/\/www.lraloeverashop.eu\/sk\/wp-json\/wp\/v2\/product"}],"about":[{"href":"https:\/\/www.lraloeverashop.eu\/sk\/wp-json\/wp\/v2\/types\/product"}],"replies":[{"embeddable":true,"href":"https:\/\/www.lraloeverashop.eu\/sk\/wp-json\/wp\/v2\/comments?post=9333"}],"wp:featuredmedia":[{"embeddable":true,"href":"https:\/\/www.lraloeverashop.eu\/sk\/wp-json\/wp\/v2\/media\/30448"}],"wp:attachment":[{"href":"https:\/\/www.lraloeverashop.eu\/sk\/wp-json\/wp\/v2\/media?parent=9333"}],"wp:term":[{"taxonomy":"product_brand","embeddable":true,"href":"https:\/\/www.lraloeverashop.eu\/sk\/wp-json\/wp\/v2\/product_brand?post=9333"},{"taxonomy":"product_cat","embeddable":true,"href":"https:\/\/www.lraloeverashop.eu\/sk\/wp-json\/wp\/v2\/product_cat?post=9333"},{"taxonomy":"product_tag","embeddable":true,"href":"https:\/\/www.lraloeverashop.eu\/sk\/wp-json\/wp\/v2\/product_tag?post=9333"}],"curies":[{"name":"wp","href":"https:\/\/api.w.org\/{rel}","templated":true}]}}