{"id":9290,"date":"2022-10-15T14:07:29","date_gmt":"2022-10-15T12:07:29","guid":{"rendered":"https:\/\/www.lraloeverashop.eu\/product\/beauty-shot-pre-muzov-set\/"},"modified":"2026-04-18T20:50:10","modified_gmt":"2026-04-18T18:50:10","slug":"beauty-shot-pre-muzov-set","status":"publish","type":"product","link":"https:\/\/www.lraloeverashop.eu\/sk\/produkt\/beauty-shot-pre-muzov-set\/","title":{"rendered":"Beauty Shot pre mu\u017eov Set"},"content":{"rendered":"<h2><strong><span style=\"font-size: 16pt;\">Beauty Shot pre mu\u017eov Set<\/span><\/strong><\/h2>\n<p><span style=\"font-size: 14pt;\"><strong>Beauty Shot pre Mu\u017eov s vysoko \u00fa\u010dinn\u00fdm dvojit\u00fdm komplexom<\/strong><\/span><\/p>\n<p>Men&#8217;s Beauty Shot Set obsahuje koncentrovan\u00fa silu vybran\u00fdch akt\u00edvnych zlo\u017eiek z pr\u00edrody a sveta vedy, \u0161peci\u00e1lne prisp\u00f4soben\u00fdch potreb\u00e1m mu\u017eov.<\/p>\n<p>Akt\u00edvny komplex aktivuje v tele p\u00e4\u0165 stavebn\u00fdch procesov \u010distej mu\u017enosti:<br \/>\nInovat\u00edvna zmes \u00fa\u010dinn\u00fdch zlo\u017eiek v\u00e1m poskytuje tak\u00e9 nevyhnutn\u00e9 l\u00e1tky, ako je kolag\u00e9n a L-argin\u00edn.<\/p>\n<p>S piatimi \u00fa\u010dinn\u00fdmi posil\u0148ova\u010dmi miner\u00e1lov \u2013 zinok, me\u010f, hor\u010d\u00edk, mang\u00e1n a sel\u00e9n \u2013 a 10 koncentrovan\u00fdmi vitam\u00ednmi pre:<\/p>\n<p><strong>1. \u010cIST\u00da ENERGIU:<\/strong> Zvy\u0161uje va\u0161u energiu a podporuje v\u00e1\u0161 energetick\u00fd metabolizmus pre viac energie po\u010das d\u0148a.<sup>1,2<\/sup><\/p>\n<p><strong>2. ZDRAV\u00da POKO\u017dKU:<\/strong> Posil\u0148uje \u0161trukt\u00faru poko\u017eky a predch\u00e1dza vr\u00e1skam s cenn\u00fdmi \u017eivinami, ako s\u00fa biot\u00edn, zinok a me\u010f.<sup>3<\/sup><\/p>\n<p><strong>3. SILN\u00c9 VLASY:<\/strong> \u00da\u010dinn\u00e9 akt\u00edvne zlo\u017eky id\u00fa zvn\u00fatra priamo ku <a href=\"https:\/\/www.lraloeverashop.eu\/sk\/produkt\/aloe-vera-vlasova-sada\/\">korienkom vlasu<\/a> a dod\u00e1vaj\u00fa mu \u017eiviny, ktor\u00e9 potrebuje. \u0160trukt\u00fara vlasov p\u00f4sob\u00ed vy\u017eivene pre v\u00e4\u010d\u0161\u00ed lesk a hustotu.<sup>4<\/sup><\/p>\n<p><strong>4. ATRAKT\u00cdVNE SVALY:<\/strong> Podporuje tvorbu bielkov\u00edn a rast svalov.<sup>1,5<\/sup><\/p>\n<p><strong>5. SILN\u00da POTENCIU:<\/strong> Podporuje <a href=\"https:\/\/www.lraloeverashop.eu\/sk\/produkt\/5v1-beauty-shot-pre-muzov\/\">prirodzen\u00fa tvorbu testoster\u00f3nu<\/a> a pozit\u00edvne ovplyv\u0148uje mu\u017enos\u0165.<sup>6<\/sup><\/p>\n<p>Vysoko \u00fa\u010dinn\u00fd dvojit\u00fd komplex Lr Lifetakt 5v1 Beauty Shot pre Mu\u017eov Set obsahuje v\u0161etko, \u010do mu\u017e potrebuje: V\u00fdkonn\u00e9 ingrediencie zalo\u017een\u00e9 na vede a pr\u00edrode.<\/p>\n<p>&nbsp;<\/p>\n<h3><strong><span style=\"font-size: 16pt;\">AKTIVNY KOMPLEX v 5v1 Beauty Shot pre Mu\u017eov Set<\/span><\/strong><\/h3>\n<p>Aktivuje p\u00e4\u0165 v\u00fdznamn\u00fdch procesov v mu\u017eskom tele v\u010faka va\u0161ej inovat\u00edvnej kombin\u00e1cii ingredienci\u00ed:<\/p>\n<p>\u2022 Kolag\u00e9n a L-argin\u00edn<br \/>\n\u2022 5 \u00fa\u010dinn\u00fdch miner\u00e1lov ako zinok, me\u010f, hor\u010d\u00edk, mang\u00e1n a sel\u00e9n<br \/>\n\u2022 10 vitam\u00ednov vo vysokej koncentr\u00e1cii<\/p>\n<p>&nbsp;<\/p>\n<h3><span style=\"font-size: 16pt;\">PREVENT\u00cdVNY KOMPLEX<\/span><\/h3>\n<p>Ochrana a prevencia v\u010faka vysoko \u00fa\u010dinnej kombin\u00e1cii pr\u00edrodn\u00fdch zlo\u017eiek:<\/p>\n<p>\u2022 Extrakt z \u010dierneho korenia<br \/>\n\u2022 Kofe\u00edn zo zelen\u00e9ho \u010daju<br \/>\n\u2022 \u010cierna r\u00edbez\u013ea<br \/>\n\u2022 Krvav\u00fd pomaran\u010d<\/p>\n<p>&nbsp;<\/p>\n<p>Spolo\u010dnos\u0165 LR vyvinula \u010fal\u0161\u00ed skvel\u00fd produkt pre mu\u017eov: LR LIFETAKT 5v1 Beauty Shot pre Mu\u017eov Set. Metabolizmus mu\u017esk\u00e9ho tela m\u00e1 svoje charakteristick\u00e9 vlastnosti.<\/p>\n<p>Preto 5v1 Beauty Shot sp\u00e1ja ingrediencie z vedy a pr\u00edrody, ktor\u00e9 s\u00fa zameran\u00e9 na potreby mu\u017eov. Praktick\u00e9 a jednoduch\u00e9 rie\u0161enie, ktor\u00e9 mo\u017eno \u013eahko a trvalo integrova\u0165 do ka\u017edodenn\u00e9ho \u017eivota.<\/p>\n<p>1. Tiam\u00edn, vitam\u00edn B6, vitam\u00edn B12 a hor\u010d\u00edk prispievaj\u00fa k norm\u00e1lnemu energetick\u00e9mu metabolizmu.<\/p>\n<p>2. Vitam\u00edn B6, vitam\u00edn B12 a hor\u010d\u00edk pom\u00e1haj\u00fa zni\u017eova\u0165 \u00fanavu a vy\u010derpanie.<\/p>\n<p>3. Riboflav\u00edn, vitam\u00edn A, niac\u00edn, biot\u00edn a zinok pom\u00e1haj\u00fa udr\u017eiava\u0165 norm\u00e1lnu poko\u017eku. Vitam\u00edn C prispieva k norm\u00e1lnej tvorbe kolag\u00e9nu pre norm\u00e1lnu funkciu poko\u017eky.<\/p>\n<p>4. Biot\u00edn a zinok pom\u00e1haj\u00fa udr\u017eiava\u0165 norm\u00e1lne vlasy. Vitam\u00edn E, <a href=\"https:\/\/www.lraloeverashop.eu\/sk\/produkt\/vita-active-cervene-ovocie\/\">vitam\u00edn C<\/a>, sel\u00e9n a zinok pom\u00e1haj\u00fa chr\u00e1ni\u0165 bunky pred oxida\u010dn\u00fdm stresom. Me\u010f pom\u00e1ha udr\u017eiava\u0165 norm\u00e1lnu pigment\u00e1ciu vlasov.<\/p>\n<p>5. Hor\u010d\u00edk pom\u00e1ha udr\u017eiava\u0165 norm\u00e1lnu svalov\u00fa hmotu. Vitam\u00edn D prispieva k udr\u017eaniu norm\u00e1lnej funkcie svalov. Zinok prispieva k norm\u00e1lnej synt\u00e9ze bielkov\u00edn.<\/p>\n<p>6. Zinok pom\u00e1ha udr\u017eiava\u0165 norm\u00e1lnu hladinu testoster\u00f3nu v krvi. Sel\u00e9n prispieva k norm\u00e1lnej tvorbe spermi\u00ed. Zinok prispieva k norm\u00e1lnej plodnosti a norm\u00e1lnej reprodukcii.<\/p>\n<p>&nbsp;<\/p>\n<h4><strong><span style=\"font-size: 16pt;\">Ako pou\u017e\u00edva\u0165<\/span><\/strong><\/h4>\n<p>Jedna ampulka zo Setu Beauty Shot pre Mu\u017eov denne. Pred pou\u017eit\u00edm pretrepte. Neprekra\u010dujte odpor\u00fa\u010dan\u00fd denn\u00fd pr\u00edjem. V\u00fd\u017eivov\u00e9 doplnky nie s\u00fa n\u00e1hradou pestrej a vyv\u00e1\u017eenej stravy a zdrav\u00e9ho \u017eivotn\u00e9ho \u0161t\u00fdlu. V\u00fdrobok uchov\u00e1vajte mimo dosahu mal\u00fdch det\u00ed. Obsahuje kofe\u00edn. Neodpor\u00fa\u010da sa de\u0165om a tehotn\u00fdm \u017een\u00e1m (obsah kofe\u00ednu 7,5 mg na 25 ml).<\/p>\n<p><strong>Odpor\u00fa\u010danie:<\/strong> chr\u00e1\u0148te pred priamym slne\u010dn\u00fdm \u017eiaren\u00edm. Skladujte na suchom mieste pri izbovej teplote.<\/p>\n<p>&nbsp;<\/p>\n","protected":false},"excerpt":{"rendered":"<ul>\n<li>Nov\u00e9 5v1 rie\u0161enie s dvojit\u00fdm komplexom<\/li>\n<li>Pokr\u00fdva 5 z\u00e1kladn\u00fdch potrieb: viac energie, zdrav\u00fa poko\u017eku, hust\u00e9 vlasy, pr\u00ed\u0165a\u017eliv\u00e9 svaly a siln\u00fa potenciu<\/li>\n<li>Aktivuje a poskytuje prevent\u00edvnu ochranu<\/li>\n<li>Bez cukru, umel\u00fdch farb\u00edv, lakt\u00f3zy a lepku<\/li>\n<li>Obsahuje 3 x 30 d\u00e1vok x 25 ml<\/li>\n<\/ul>\n<p>&nbsp;<\/p>\n","protected":false},"featured_media":30441,"comment_status":"open","ping_status":"closed","template":"","meta":{"_kad_blocks_custom_css":"","_kad_blocks_head_custom_js":"","_kad_blocks_body_custom_js":"","_kad_blocks_footer_custom_js":"","_kadence_starter_templates_imported_post":false,"_kad_post_transparent":"default","_kad_post_title":"","_kad_post_layout":"default","_kad_post_sidebar_id":"","_kad_post_content_style":"default","_kad_post_vertical_padding":"default","_kad_post_feature":"","_kad_post_feature_position":"","_kad_post_header":false,"_kad_post_footer":false,"_kad_post_classname":""},"product_brand":[],"product_cat":[480,474,468,414,459],"product_tag":[],"class_list":{"0":"post-9290","1":"product","2":"type-product","3":"status-publish","4":"has-post-thumbnail","6":"product_cat-beauty-shot-sk","7":"product_cat-krasa-zvnutra","8":"product_cat-specialista","9":"product_cat-specialne-produkty","10":"product_cat-usetrite-v-setoch","12":"first","13":"instock","14":"taxable","15":"shipping-taxable","16":"purchasable","17":"product-type-simple","18":"entry","19":"content-bg","20":"loop-entry"},"yoast_head":"<!-- This site is optimized with the Yoast SEO Premium plugin v27.4 (Yoast SEO v27.4) - https:\/\/yoast.com\/product\/yoast-seo-premium-wordpress\/ -->\n<title>Beauty Shot pre Mu\u017eov s vysoko \u00fa\u010dinn\u00fdm dvojit\u00fdm komplexom<\/title>\n<meta name=\"description\" content=\"Beauty Shot pre Mu\u017eov sp\u00e1ja ingrediencie z vedy a pr\u00edrody, ktor\u00e9 s\u00fa zameran\u00e9 na potreby mu\u017eov. Pokr\u00fdva 5 z\u00e1kladn\u00fdch potrieb. Bez cukru, lakt\u00f3zy a lepku\" \/>\n<meta name=\"robots\" content=\"index, follow, max-snippet:-1, max-image-preview:large, max-video-preview:-1\" \/>\n<link rel=\"canonical\" href=\"https:\/\/www.lraloeverashop.eu\/sk\/produkt\/beauty-shot-pre-muzov-set\/\" \/>\n<meta property=\"og:locale\" content=\"sk_SK\" \/>\n<meta property=\"og:type\" content=\"article\" \/>\n<meta property=\"og:title\" content=\"Beauty Shot pre mu\u017eov Set\" \/>\n<meta property=\"og:description\" content=\"Beauty Shot pre Mu\u017eov sp\u00e1ja ingrediencie z vedy a pr\u00edrody, ktor\u00e9 s\u00fa zameran\u00e9 na potreby mu\u017eov. Pokr\u00fdva 5 z\u00e1kladn\u00fdch potrieb. Bez cukru, lakt\u00f3zy a lepku\" \/>\n<meta property=\"og:url\" content=\"https:\/\/www.lraloeverashop.eu\/sk\/produkt\/beauty-shot-pre-muzov-set\/\" \/>\n<meta property=\"og:site_name\" content=\"Lr Obchod Aloe Vera\" \/>\n<meta property=\"article:publisher\" content=\"https:\/\/www.facebook.com\/lraloeverashop.eu\" \/>\n<meta property=\"article:modified_time\" content=\"2026-04-18T18:50:10+00:00\" \/>\n<meta property=\"og:image\" content=\"https:\/\/www.lraloeverashop.eu\/wp-content\/uploads\/2026\/04\/Lr-5-in-1-Men-Beauty-Shot-3-Pieces-Set.jpeg\" \/>\n\t<meta property=\"og:image:width\" content=\"1200\" \/>\n\t<meta property=\"og:image:height\" content=\"1200\" \/>\n\t<meta property=\"og:image:type\" content=\"image\/jpeg\" \/>\n<meta name=\"twitter:card\" content=\"summary_large_image\" \/>\n<meta name=\"twitter:site\" content=\"@natur__kosmetik\" \/>\n<script type=\"application\/ld+json\" class=\"yoast-schema-graph\">{\"@context\":\"https:\\\/\\\/schema.org\",\"@graph\":[{\"@type\":[\"WebPage\",\"ItemPage\"],\"@id\":\"https:\\\/\\\/www.lraloeverashop.eu\\\/sk\\\/produkt\\\/beauty-shot-pre-muzov-set\\\/\",\"url\":\"https:\\\/\\\/www.lraloeverashop.eu\\\/sk\\\/produkt\\\/beauty-shot-pre-muzov-set\\\/\",\"name\":\"Beauty Shot pre Mu\u017eov s vysoko \u00fa\u010dinn\u00fdm dvojit\u00fdm komplexom\",\"isPartOf\":{\"@id\":\"https:\\\/\\\/www.lraloeverashop.eu\\\/sk\\\/#website\"},\"primaryImageOfPage\":{\"@id\":\"https:\\\/\\\/www.lraloeverashop.eu\\\/sk\\\/produkt\\\/beauty-shot-pre-muzov-set\\\/#primaryimage\"},\"image\":{\"@id\":\"https:\\\/\\\/www.lraloeverashop.eu\\\/sk\\\/produkt\\\/beauty-shot-pre-muzov-set\\\/#primaryimage\"},\"thumbnailUrl\":\"https:\\\/\\\/www.lraloeverashop.eu\\\/wp-content\\\/uploads\\\/2026\\\/04\\\/Lr-5-in-1-Men-Beauty-Shot-3-Pieces-Set.jpeg\",\"datePublished\":\"2022-10-15T12:07:29+00:00\",\"dateModified\":\"2026-04-18T18:50:10+00:00\",\"description\":\"Beauty Shot pre Mu\u017eov sp\u00e1ja ingrediencie z vedy a pr\u00edrody, ktor\u00e9 s\u00fa zameran\u00e9 na potreby mu\u017eov. Pokr\u00fdva 5 z\u00e1kladn\u00fdch potrieb. Bez cukru, lakt\u00f3zy a lepku\",\"breadcrumb\":{\"@id\":\"https:\\\/\\\/www.lraloeverashop.eu\\\/sk\\\/produkt\\\/beauty-shot-pre-muzov-set\\\/#breadcrumb\"},\"inLanguage\":\"sk-SK\",\"potentialAction\":[{\"@type\":\"ReadAction\",\"target\":[\"https:\\\/\\\/www.lraloeverashop.eu\\\/sk\\\/produkt\\\/beauty-shot-pre-muzov-set\\\/\"]}]},{\"@type\":\"ImageObject\",\"inLanguage\":\"sk-SK\",\"@id\":\"https:\\\/\\\/www.lraloeverashop.eu\\\/sk\\\/produkt\\\/beauty-shot-pre-muzov-set\\\/#primaryimage\",\"url\":\"https:\\\/\\\/www.lraloeverashop.eu\\\/wp-content\\\/uploads\\\/2026\\\/04\\\/Lr-5-in-1-Men-Beauty-Shot-3-Pieces-Set.jpeg\",\"contentUrl\":\"https:\\\/\\\/www.lraloeverashop.eu\\\/wp-content\\\/uploads\\\/2026\\\/04\\\/Lr-5-in-1-Men-Beauty-Shot-3-Pieces-Set.jpeg\",\"width\":1200,\"height\":1200,\"caption\":\"Lr 5 in 1 Men Beauty Shot 3 s kolag\u00e9nom\"},{\"@type\":\"BreadcrumbList\",\"@id\":\"https:\\\/\\\/www.lraloeverashop.eu\\\/sk\\\/produkt\\\/beauty-shot-pre-muzov-set\\\/#breadcrumb\",\"itemListElement\":[{\"@type\":\"ListItem\",\"position\":1,\"name\":\"Home\",\"item\":\"https:\\\/\\\/www.lraloeverashop.eu\\\/sk\\\/\"},{\"@type\":\"ListItem\",\"position\":2,\"name\":\"Obchod\",\"item\":\"https:\\\/\\\/www.lraloeverashop.eu\\\/shop\\\/\"},{\"@type\":\"ListItem\",\"position\":3,\"name\":\"Beauty Shot pre mu\u017eov Set\"}]},{\"@type\":\"WebSite\",\"@id\":\"https:\\\/\\\/www.lraloeverashop.eu\\\/sk\\\/#website\",\"url\":\"https:\\\/\\\/www.lraloeverashop.eu\\\/sk\\\/\",\"name\":\"Lr Obchod Aloe Vera\",\"description\":\"High Quality Lr Aloe Vera Gel, Aloe Vera Cream and Shampoo\",\"publisher\":{\"@id\":\"https:\\\/\\\/www.lraloeverashop.eu\\\/sk\\\/#organization\"},\"potentialAction\":[{\"@type\":\"SearchAction\",\"target\":{\"@type\":\"EntryPoint\",\"urlTemplate\":\"https:\\\/\\\/www.lraloeverashop.eu\\\/sk\\\/?s={search_term_string}\"},\"query-input\":{\"@type\":\"PropertyValueSpecification\",\"valueRequired\":true,\"valueName\":\"search_term_string\"}}],\"inLanguage\":\"sk-SK\"},{\"@type\":\"Organization\",\"@id\":\"https:\\\/\\\/www.lraloeverashop.eu\\\/sk\\\/#organization\",\"name\":\"Lr Obchod Aloe Vera\",\"alternateName\":\"LR\",\"url\":\"https:\\\/\\\/www.lraloeverashop.eu\\\/sk\\\/\",\"logo\":{\"@type\":\"ImageObject\",\"inLanguage\":\"sk-SK\",\"@id\":\"https:\\\/\\\/www.lraloeverashop.eu\\\/sk\\\/#\\\/schema\\\/logo\\\/image\\\/\",\"url\":\"https:\\\/\\\/www.lraloeverashop.eu\\\/wp-content\\\/uploads\\\/2022\\\/09\\\/cropped-Lr-Aloe-Vera-Shop.jpg\",\"contentUrl\":\"https:\\\/\\\/www.lraloeverashop.eu\\\/wp-content\\\/uploads\\\/2022\\\/09\\\/cropped-Lr-Aloe-Vera-Shop.jpg\",\"width\":228,\"height\":76,\"caption\":\"Lr Obchod Aloe Vera\"},\"image\":{\"@id\":\"https:\\\/\\\/www.lraloeverashop.eu\\\/sk\\\/#\\\/schema\\\/logo\\\/image\\\/\"},\"sameAs\":[\"https:\\\/\\\/www.facebook.com\\\/lraloeverashop.eu\",\"https:\\\/\\\/x.com\\\/natur__kosmetik\",\"https:\\\/\\\/www.youtube.com\\\/channel\\\/UC5oN7BJ8nfYb8RpVtjwDEBA\",\"https:\\\/\\\/www.instagram.com\\\/lrbeautyeu\\\/\"],\"description\":\"Obchod Lr Aloe Vera je va\u0161\u00edm d\u00f4veryhodn\u00fdm miestom pre pr\u00e9miov\u00e9 produkty LR Health & Beauty vyroben\u00e9 v Nemecku. Pon\u00fakame vysokokvalitn\u00e9 rie\u0161enia starostlivosti o ple\u0165 s Aloe Vera, v\u00fd\u017eivu a proti starnutiu, vyroben\u00e9 z \u010dist\u00fdch ingredienci\u00ed a podlo\u017een\u00e9 vedeck\u00fdm v\u00fdskumom. Objavte pr\u00edrodn\u00fa starostlivos\u0165, ktor\u00e1 regeneruje, chr\u00e1ni a revitalizuje va\u0161u ple\u0165 \u2013 a vyu\u017eite exkluz\u00edvne mesa\u010dn\u00e9 ponuky na na\u0161e najpred\u00e1vanej\u0161ie produkty LR Aloe Vera.\\nZa\u010dnite svoju cestu za pr\u00edrodnou starostlivos\u0165ou o ple\u0165 e\u0161te dnes a poc\u00ed\u0165te rozdiel.\",\"email\":\"info@lraloeverashop.eu\",\"telephone\":\"+49 17670609653\",\"legalName\":\"Lr Aloe Vera Shop\",\"foundingDate\":\"2018-04-21\",\"numberOfEmployees\":{\"@type\":\"QuantitativeValue\",\"minValue\":\"1\",\"maxValue\":\"10\"}}]}<\/script>\n<meta property=\"product:price:amount\" content=\"501.99\" \/>\n<meta property=\"product:price:currency\" content=\"EUR\" \/>\n<meta property=\"og:availability\" content=\"instock\" \/>\n<meta property=\"product:availability\" content=\"instock\" \/>\n<meta property=\"product:retailer_item_id\" content=\"97752-1SK\" \/>\n<meta property=\"product:condition\" content=\"new\" \/>\n<!-- \/ Yoast SEO Premium plugin. -->","yoast_head_json":{"title":"Beauty Shot pre Mu\u017eov s vysoko \u00fa\u010dinn\u00fdm dvojit\u00fdm komplexom","description":"Beauty Shot pre Mu\u017eov sp\u00e1ja ingrediencie z vedy a pr\u00edrody, ktor\u00e9 s\u00fa zameran\u00e9 na potreby mu\u017eov. Pokr\u00fdva 5 z\u00e1kladn\u00fdch potrieb. Bez cukru, lakt\u00f3zy a lepku","robots":{"index":"index","follow":"follow","max-snippet":"max-snippet:-1","max-image-preview":"max-image-preview:large","max-video-preview":"max-video-preview:-1"},"canonical":"https:\/\/www.lraloeverashop.eu\/sk\/produkt\/beauty-shot-pre-muzov-set\/","og_locale":"sk_SK","og_type":"article","og_title":"Beauty Shot pre mu\u017eov Set","og_description":"Beauty Shot pre Mu\u017eov sp\u00e1ja ingrediencie z vedy a pr\u00edrody, ktor\u00e9 s\u00fa zameran\u00e9 na potreby mu\u017eov. Pokr\u00fdva 5 z\u00e1kladn\u00fdch potrieb. Bez cukru, lakt\u00f3zy a lepku","og_url":"https:\/\/www.lraloeverashop.eu\/sk\/produkt\/beauty-shot-pre-muzov-set\/","og_site_name":"Lr Obchod Aloe Vera","article_publisher":"https:\/\/www.facebook.com\/lraloeverashop.eu","article_modified_time":"2026-04-18T18:50:10+00:00","og_image":[{"width":1200,"height":1200,"url":"https:\/\/www.lraloeverashop.eu\/wp-content\/uploads\/2026\/04\/Lr-5-in-1-Men-Beauty-Shot-3-Pieces-Set.jpeg","type":"image\/jpeg"}],"twitter_card":"summary_large_image","twitter_site":"@natur__kosmetik","schema":{"@context":"https:\/\/schema.org","@graph":[{"@type":["WebPage","ItemPage"],"@id":"https:\/\/www.lraloeverashop.eu\/sk\/produkt\/beauty-shot-pre-muzov-set\/","url":"https:\/\/www.lraloeverashop.eu\/sk\/produkt\/beauty-shot-pre-muzov-set\/","name":"Beauty Shot pre Mu\u017eov s vysoko \u00fa\u010dinn\u00fdm dvojit\u00fdm komplexom","isPartOf":{"@id":"https:\/\/www.lraloeverashop.eu\/sk\/#website"},"primaryImageOfPage":{"@id":"https:\/\/www.lraloeverashop.eu\/sk\/produkt\/beauty-shot-pre-muzov-set\/#primaryimage"},"image":{"@id":"https:\/\/www.lraloeverashop.eu\/sk\/produkt\/beauty-shot-pre-muzov-set\/#primaryimage"},"thumbnailUrl":"https:\/\/www.lraloeverashop.eu\/wp-content\/uploads\/2026\/04\/Lr-5-in-1-Men-Beauty-Shot-3-Pieces-Set.jpeg","datePublished":"2022-10-15T12:07:29+00:00","dateModified":"2026-04-18T18:50:10+00:00","description":"Beauty Shot pre Mu\u017eov sp\u00e1ja ingrediencie z vedy a pr\u00edrody, ktor\u00e9 s\u00fa zameran\u00e9 na potreby mu\u017eov. Pokr\u00fdva 5 z\u00e1kladn\u00fdch potrieb. Bez cukru, lakt\u00f3zy a lepku","breadcrumb":{"@id":"https:\/\/www.lraloeverashop.eu\/sk\/produkt\/beauty-shot-pre-muzov-set\/#breadcrumb"},"inLanguage":"sk-SK","potentialAction":[{"@type":"ReadAction","target":["https:\/\/www.lraloeverashop.eu\/sk\/produkt\/beauty-shot-pre-muzov-set\/"]}]},{"@type":"ImageObject","inLanguage":"sk-SK","@id":"https:\/\/www.lraloeverashop.eu\/sk\/produkt\/beauty-shot-pre-muzov-set\/#primaryimage","url":"https:\/\/www.lraloeverashop.eu\/wp-content\/uploads\/2026\/04\/Lr-5-in-1-Men-Beauty-Shot-3-Pieces-Set.jpeg","contentUrl":"https:\/\/www.lraloeverashop.eu\/wp-content\/uploads\/2026\/04\/Lr-5-in-1-Men-Beauty-Shot-3-Pieces-Set.jpeg","width":1200,"height":1200,"caption":"Lr 5 in 1 Men Beauty Shot 3 s kolag\u00e9nom"},{"@type":"BreadcrumbList","@id":"https:\/\/www.lraloeverashop.eu\/sk\/produkt\/beauty-shot-pre-muzov-set\/#breadcrumb","itemListElement":[{"@type":"ListItem","position":1,"name":"Home","item":"https:\/\/www.lraloeverashop.eu\/sk\/"},{"@type":"ListItem","position":2,"name":"Obchod","item":"https:\/\/www.lraloeverashop.eu\/shop\/"},{"@type":"ListItem","position":3,"name":"Beauty Shot pre mu\u017eov Set"}]},{"@type":"WebSite","@id":"https:\/\/www.lraloeverashop.eu\/sk\/#website","url":"https:\/\/www.lraloeverashop.eu\/sk\/","name":"Lr Obchod Aloe Vera","description":"High Quality Lr Aloe Vera Gel, Aloe Vera Cream and Shampoo","publisher":{"@id":"https:\/\/www.lraloeverashop.eu\/sk\/#organization"},"potentialAction":[{"@type":"SearchAction","target":{"@type":"EntryPoint","urlTemplate":"https:\/\/www.lraloeverashop.eu\/sk\/?s={search_term_string}"},"query-input":{"@type":"PropertyValueSpecification","valueRequired":true,"valueName":"search_term_string"}}],"inLanguage":"sk-SK"},{"@type":"Organization","@id":"https:\/\/www.lraloeverashop.eu\/sk\/#organization","name":"Lr Obchod Aloe Vera","alternateName":"LR","url":"https:\/\/www.lraloeverashop.eu\/sk\/","logo":{"@type":"ImageObject","inLanguage":"sk-SK","@id":"https:\/\/www.lraloeverashop.eu\/sk\/#\/schema\/logo\/image\/","url":"https:\/\/www.lraloeverashop.eu\/wp-content\/uploads\/2022\/09\/cropped-Lr-Aloe-Vera-Shop.jpg","contentUrl":"https:\/\/www.lraloeverashop.eu\/wp-content\/uploads\/2022\/09\/cropped-Lr-Aloe-Vera-Shop.jpg","width":228,"height":76,"caption":"Lr Obchod Aloe Vera"},"image":{"@id":"https:\/\/www.lraloeverashop.eu\/sk\/#\/schema\/logo\/image\/"},"sameAs":["https:\/\/www.facebook.com\/lraloeverashop.eu","https:\/\/x.com\/natur__kosmetik","https:\/\/www.youtube.com\/channel\/UC5oN7BJ8nfYb8RpVtjwDEBA","https:\/\/www.instagram.com\/lrbeautyeu\/"],"description":"Obchod Lr Aloe Vera je va\u0161\u00edm d\u00f4veryhodn\u00fdm miestom pre pr\u00e9miov\u00e9 produkty LR Health & Beauty vyroben\u00e9 v Nemecku. Pon\u00fakame vysokokvalitn\u00e9 rie\u0161enia starostlivosti o ple\u0165 s Aloe Vera, v\u00fd\u017eivu a proti starnutiu, vyroben\u00e9 z \u010dist\u00fdch ingredienci\u00ed a podlo\u017een\u00e9 vedeck\u00fdm v\u00fdskumom. Objavte pr\u00edrodn\u00fa starostlivos\u0165, ktor\u00e1 regeneruje, chr\u00e1ni a revitalizuje va\u0161u ple\u0165 \u2013 a vyu\u017eite exkluz\u00edvne mesa\u010dn\u00e9 ponuky na na\u0161e najpred\u00e1vanej\u0161ie produkty LR Aloe Vera.\nZa\u010dnite svoju cestu za pr\u00edrodnou starostlivos\u0165ou o ple\u0165 e\u0161te dnes a poc\u00ed\u0165te rozdiel.","email":"info@lraloeverashop.eu","telephone":"+49 17670609653","legalName":"Lr Aloe Vera Shop","foundingDate":"2018-04-21","numberOfEmployees":{"@type":"QuantitativeValue","minValue":"1","maxValue":"10"}}]},"product_price_amount":"501.99","product_price_currency":"EUR","og_availability":"instock","product_availability":"instock","product_retailer_item_id":"97752-1SK","product_condition":"new"},"taxonomy_info":{"product_cat":[{"value":480,"label":"Beauty Shot"},{"value":474,"label":"Kr\u00e1sa zvn\u00fatra"},{"value":468,"label":"\u0160pecialisti"},{"value":414,"label":"\u0160peci\u00e1lne Produkty"},{"value":459,"label":"U\u0161etrite v setoch"}]},"featured_image_src_large":["https:\/\/www.lraloeverashop.eu\/wp-content\/uploads\/2026\/04\/Lr-5-in-1-Men-Beauty-Shot-3-Pieces-Set-1024x1024.jpeg",1024,1024,true],"author_info":[],"comment_info":0,"_links":{"self":[{"href":"https:\/\/www.lraloeverashop.eu\/sk\/wp-json\/wp\/v2\/product\/9290","targetHints":{"allow":["GET"]}}],"collection":[{"href":"https:\/\/www.lraloeverashop.eu\/sk\/wp-json\/wp\/v2\/product"}],"about":[{"href":"https:\/\/www.lraloeverashop.eu\/sk\/wp-json\/wp\/v2\/types\/product"}],"replies":[{"embeddable":true,"href":"https:\/\/www.lraloeverashop.eu\/sk\/wp-json\/wp\/v2\/comments?post=9290"}],"wp:featuredmedia":[{"embeddable":true,"href":"https:\/\/www.lraloeverashop.eu\/sk\/wp-json\/wp\/v2\/media\/30441"}],"wp:attachment":[{"href":"https:\/\/www.lraloeverashop.eu\/sk\/wp-json\/wp\/v2\/media?parent=9290"}],"wp:term":[{"taxonomy":"product_brand","embeddable":true,"href":"https:\/\/www.lraloeverashop.eu\/sk\/wp-json\/wp\/v2\/product_brand?post=9290"},{"taxonomy":"product_cat","embeddable":true,"href":"https:\/\/www.lraloeverashop.eu\/sk\/wp-json\/wp\/v2\/product_cat?post=9290"},{"taxonomy":"product_tag","embeddable":true,"href":"https:\/\/www.lraloeverashop.eu\/sk\/wp-json\/wp\/v2\/product_tag?post=9290"}],"curies":[{"name":"wp","href":"https:\/\/api.w.org\/{rel}","templated":true}]}}