{"id":9186,"date":"2022-10-15T20:36:59","date_gmt":"2022-10-15T18:36:59","guid":{"rendered":"https:\/\/www.lraloeverashop.eu\/product\/figu-active-koktail-vanilka\/"},"modified":"2025-10-03T07:56:13","modified_gmt":"2025-10-03T05:56:13","slug":"figu-active-koktail-vanilka","status":"publish","type":"product","link":"https:\/\/www.lraloeverashop.eu\/sk\/produkt\/figu-active-koktail-vanilka\/","title":{"rendered":"Figu Active Koktail na Chudnutie Vanilka"},"content":{"rendered":"<h2><span style=\"font-size: 16pt;\"><strong>Figu Active Koktail na Chudnutie Vanilka<\/strong><\/span><\/h2>\n<p><span style=\"font-size: 14pt;\"><strong>Figu Active Koktail na Chudnutie Vanilka &#8211; Kr\u00e9mov\u00fd p\u00f4\u017eitok s prav\u00fdmi, aromatick\u00fdmi vanilkov\u00fdmi strukami<\/strong><\/span><\/p>\n<p>\u010ci u\u017e chudnutie, udr\u017eiavanie hmotnosti alebo len \u00faspora \u010dasu. <a href=\"https:\/\/www.lraloeverashop.eu\/sk\/obchodna-prilezitost-ktoru-ste-hladali\/\">Lr<\/a> Vanilkov\u00fd Koktail na Chudnutie je neodolate\u013ene lahodn\u00fd, nahr\u00e1dza plnohodnotn\u00e9 jedlo a obsahuje mnoho cenn\u00fdch pr\u00edrodn\u00fdch ingredienci\u00ed. Koktejl je zdrav\u00e9 jedlo s dokonalou rovnov\u00e1hou <a href=\"https:\/\/www.lraloeverashop.eu\/sk\/produkt\/figu-active-koktail-kremovo-cokoladovy\/\">redukcie kal\u00f3ri\u00ed<\/a> a pr\u00edsunu v\u0161etk\u00fdch \u017eiv\u00edn, ktor\u00e9 telo potrebuje.<\/p>\n<p><a href=\"https:\/\/www.lraloeverashop.eu\/wp-content\/uploads\/2024\/09\/weight-loss-diet-review-300x300.jpeg\"><img loading=\"lazy\" decoding=\"async\" class=\"alignleft wp-image-16353 size-medium\" src=\"https:\/\/www.lraloeverashop.eu\/wp-content\/uploads\/2024\/09\/weight-loss-diet-review-300x300.jpeg\" alt=\"Recenzia di\u00e9ty na chudnutie\" width=\"300\" height=\"300\" srcset=\"https:\/\/www.lraloeverashop.eu\/wp-content\/uploads\/2024\/09\/weight-loss-diet-review-300x300.jpeg 300w, https:\/\/www.lraloeverashop.eu\/wp-content\/uploads\/2024\/09\/weight-loss-diet-review-1024x1024.jpeg 1024w, https:\/\/www.lraloeverashop.eu\/wp-content\/uploads\/2024\/09\/weight-loss-diet-review-150x150.jpeg 150w, https:\/\/www.lraloeverashop.eu\/wp-content\/uploads\/2024\/09\/weight-loss-diet-review-768x768.jpeg 768w, https:\/\/www.lraloeverashop.eu\/wp-content\/uploads\/2024\/09\/weight-loss-diet-review-600x600.jpeg 600w, https:\/\/www.lraloeverashop.eu\/wp-content\/uploads\/2024\/09\/weight-loss-diet-review-100x100.jpeg 100w, https:\/\/www.lraloeverashop.eu\/wp-content\/uploads\/2024\/09\/weight-loss-diet-review.jpeg 1200w\" sizes=\"auto, (max-width: 300px) 100vw, 300px\" \/><\/a> Tento Figu Active Koktail na Chudnutie Vanilka obsahuje <span style=\"color: #000000;\"><strong><a style=\"color: #000000;\" href=\"https:\/\/www.lraloeverashop.eu\/sk\/nahrada-stravy-figu-active-inteligentna-dieta-na-chudnutie\/\">inul\u00edn<\/a><\/strong><\/span>. Ke\u010f\u017ee inul\u00edn p\u00f4sob\u00ed stimula\u010dne na \u010dinnos\u0165 \u010driev a \u010drevn\u00fa fl\u00f3ru, zv\u00fd\u0161en\u00fd pr\u00edjem m\u00f4\u017ee vies\u0165 k tr\u00e1viacim probl\u00e9mom (nad\u00favanie, hna\u010dka). \u013dudia s citliv\u00fdm gastrointestin\u00e1lnym traktom by sa mali pred konzum\u00e1ciou produktu poradi\u0165 so svoj\u00edm lek\u00e1rom.<\/p>\n<p>Mimoriadne chutn\u00e9, pestr\u00e9 a 100% veg\u00e1nske jedl\u00e1 s pr\u00edrodn\u00fdmi pr\u00edchu\u0165ami zaru\u010duj\u00fa ve\u013ek\u00fa rozmanitos\u0165 v jed\u00e1lnom l\u00edstku. Vysok\u00fd obsah hodnotnej vl\u00e1kniny a starostlivo vybran\u00fd mix rastlinn\u00fdch bielkov\u00edn v\u00e1s prirodzenou cestou podporia vo va\u0161ej strave.<\/p>\n<p><a href=\"https:\/\/www.lraloeverashop.eu\/sk\/kategoria-produktu\/doplnky-stravy\/body-mission-koktail\/\">Figu Active koktaily<\/a> sa \u013eahko mie\u0161aj\u00fa a m\u00f4\u017eu nahradi\u0165 ra\u0148ajky, obed alebo ve\u010deru a poskytn\u00fa\u0165 v\u0161etky potrebn\u00e9 \u017eiviny, ako s\u00fa vitam\u00edny, miner\u00e1ly a stopov\u00e9 prvky. \u0160etrite \u010das a spotrebujte menej kal\u00f3ri\u00ed!<\/p>\n<p>&nbsp;<\/p>\n<p>&nbsp;<\/p>\n<p><a href=\"https:\/\/www.lraloeverashop.eu\/wp-content\/uploads\/2024\/09\/man-weight-loss-before-and-after-300x300.jpeg\"><img loading=\"lazy\" decoding=\"async\" class=\"alignleft wp-image-16360 size-medium\" src=\"https:\/\/www.lraloeverashop.eu\/wp-content\/uploads\/2024\/09\/man-weight-loss-before-and-after-300x300.jpeg\" alt=\"Di\u00e9ta na chudnutie pred a po\" width=\"300\" height=\"300\" srcset=\"https:\/\/www.lraloeverashop.eu\/wp-content\/uploads\/2024\/09\/man-weight-loss-before-and-after-300x300.jpeg 300w, https:\/\/www.lraloeverashop.eu\/wp-content\/uploads\/2024\/09\/man-weight-loss-before-and-after-1024x1024.jpeg 1024w, https:\/\/www.lraloeverashop.eu\/wp-content\/uploads\/2024\/09\/man-weight-loss-before-and-after-150x150.jpeg 150w, https:\/\/www.lraloeverashop.eu\/wp-content\/uploads\/2024\/09\/man-weight-loss-before-and-after-768x768.jpeg 768w, https:\/\/www.lraloeverashop.eu\/wp-content\/uploads\/2024\/09\/man-weight-loss-before-and-after-600x600.jpeg 600w, https:\/\/www.lraloeverashop.eu\/wp-content\/uploads\/2024\/09\/man-weight-loss-before-and-after-100x100.jpeg 100w, https:\/\/www.lraloeverashop.eu\/wp-content\/uploads\/2024\/09\/man-weight-loss-before-and-after.jpeg 1200w\" sizes=\"auto, (max-width: 300px) 100vw, 300px\" \/><\/a>V\u00fdrobky Figu Active sp\u00f4sobuj\u00fa jednoduch\u00e9 vyv\u00e1\u017een\u00e9 <a href=\"https:\/\/www.lraloeverashop.eu\/sk\/produkt\/figu-active-koktail-latte-macchiato\/\">zn\u00ed\u017eenie hmotnosti<\/a> a z\u00e1bavn\u00e9 z\u00e1\u017eitky\u00b9. Vychutnajte si lahodn\u00fd Figu Active Koktail na Chudnutie Vanilka ako v\u00fd\u017eivn\u00e9 ra\u0148ajky, ako uspokojuj\u00faci jedlo na poludnie alebo ve\u010der. Je to \u00faplne na v\u00e1s!<\/p>\n<p>Pou\u017eivajte produkty Figu Active tak dlho ko\u013eko chcete: v\u010faka \u0161peci\u00e1lnemu zlo\u017eeniu obsahuj\u00facemu v\u0161etky d\u00f4le\u017eit\u00e9 \u017eiviny je <a href=\"https:\/\/www.lraloeverashop.eu\/sk\/produkt\/figu-active-koktail-jahoda-banan\/\">Figu Active<\/a> n\u00e1hradou jedla, ktor\u00fa je mo\u017en\u00e9 pou\u017e\u00edva\u0165 dokedy chcete.<\/p>\n<p>1. Nahradenie dvoch denn\u00fdch jed\u00e1l v r\u00e1mci n\u00edzkokalorickej di\u00e9ty prispieva k chudnutiu.<\/p>\n<p>2. Nahradenie jedn\u00e9ho z va\u0161ich denn\u00fdch jed\u00e1l v r\u00e1mci n\u00edzkokalorickej di\u00e9ty pom\u00e1ha udr\u017ea\u0165 si po\u017eadovan\u00fa hmotnos\u0165 po strate hmotnosti.<\/p>\n<p>&nbsp;<\/p>\n<h3><span style=\"font-size: 16pt;\"><strong>Ako to pripravi\u0165 Koktail na Chudnutie<\/strong><\/span><\/h3>\n<p>Figu Active Koktail na Chudnutie Vanilka podporuje chudnutie a pom\u00e1ha udr\u017eiava\u0165 po\u017eadovan\u00fa v\u00e1hu.<\/p>\n<p><strong>Pr\u00edprava:<\/strong> Zmie\u0161ajte 3 polievkov\u00e9 ly\u017eice (28 g pr\u00e1\u0161ku) do 300 ml mlieka bez obsahu lakt\u00f3zy (1,5% tuku) vo ve\u013ekom poh\u00e1ri s objemom najmenej 350 ml. Odpor\u00fa\u010da sa pou\u017ei\u0165 aj shaker od Lr. Nechajte to chv\u00ed\u013eu odst\u00e1\u0165, znova premie\u0161ajte a va\u0161e ra\u0148ajky, <a href=\"https:\/\/www.lraloeverashop.eu\/sk\/produkt\/batatova-polievka-na-chudnutie\/\">obed<\/a> alebo ve\u010dera s\u00fa pripraven\u00e9! Konzumujte ihne\u010f po pr\u00edprave.<\/p>\n<p>Po\u010das stravovania sa uistite, \u017ee pijete dos\u0165 tekut\u00edn. Doporu\u010dujeme pi\u0165 denne priemerne 2-3 litre <a href=\"https:\/\/www.lraloeverashop.eu\/sk\/moze-vam-bylinkovy-caj-na-chudnutie-pomoct-schudnut\/\">\u010daju bez kal\u00f3ri\u00ed<\/a> alebo cukru. Produkt sp\u013a\u0148a svoj \u00fa\u010del len v kontexte n\u00edzkej alebo zn\u00ed\u017eenej kal\u00f3rie. Zabezpe\u010dte bohat\u00fa, vyv\u00e1\u017een\u00fa stravu a zdrav\u00fd \u017eivotn\u00fd \u0161t\u00fdl. Va\u0161a strava by mala zah\u0155\u0148a\u0165 aj in\u00e9 potraviny. Pripraven\u00e9 jedlo obsahuje v\u0161etky potrebn\u00e9 \u017eiviny v dostato\u010dnom mno\u017estve. Obsahuje pr\u00edrodn\u00e9 cukry.<\/p>\n<p><strong>Dodr\u017eujte pokyny na pr\u00edpravu.<\/strong><\/p>\n<p>Pred pou\u017eit\u00edm pretrepte. Objem plnenia v\u00fdrobku je predmetom zmien technickej povahy. Skladova\u0165 na chladnom, suchom mieste a konzumova\u0165 kr\u00e1tko po otvoren\u00ed.<\/p>\n","protected":false},"excerpt":{"rendered":"<ul>\n<li>Kr\u00e9mov\u00fd Koktail s vanilkovou pr\u00edchu\u0165ou<\/li>\n<li>Ka\u017ed\u00e1 porcia nahr\u00e1dza kompletn\u00e9 jedlo<\/li>\n<li>Na chudnutie a udr\u017eanie hmotnosti<\/li>\n<li>Podporuje chudnutie len s 216 kal\u00f3riami na porciu<\/li>\n<li>100% veg\u00e1nske, sladen\u00e9 st\u00e9viou, len pr\u00edrodn\u00e9 pr\u00edchute<\/li>\n<li>Vysok\u00fd obsah vl\u00e1kniny a bielkov\u00edn<\/li>\n<li>Bez lepku, lakt\u00f3zy, palmov\u00e9ho oleja, umel\u00fdch farb\u00edv a zv\u00fdraz\u0148ova\u010dov chuti<\/li>\n<li>Obsah: 496 g<\/li>\n<\/ul>\n<p>&nbsp;<\/p>\n","protected":false},"featured_media":9746,"comment_status":"open","ping_status":"closed","template":"","meta":{"_kad_blocks_custom_css":"","_kad_blocks_head_custom_js":"","_kad_blocks_body_custom_js":"","_kad_blocks_footer_custom_js":"","_kadence_starter_templates_imported_post":false,"_kad_post_transparent":"default","_kad_post_title":"","_kad_post_layout":"default","_kad_post_sidebar_id":"","_kad_post_content_style":"default","_kad_post_vertical_padding":"default","_kad_post_feature":"","_kad_post_feature_position":"","_kad_post_header":false,"_kad_post_footer":false,"_kad_post_classname":""},"product_brand":[],"product_cat":[337,313],"product_tag":[623],"class_list":{"0":"post-9186","1":"product","2":"type-product","3":"status-publish","4":"has-post-thumbnail","6":"product_cat-doplnky-stravy","7":"product_cat-body-mission-koktail","8":"product_tag-dieta-sk","10":"first","11":"instock","12":"taxable","13":"shipping-taxable","14":"purchasable","15":"product-type-simple","16":"entry","17":"content-bg","18":"loop-entry"},"yoast_head":"<!-- This site is optimized with the Yoast SEO Premium plugin v27.5 (Yoast SEO v27.5) - https:\/\/yoast.com\/product\/yoast-seo-premium-wordpress\/ -->\n<title>Figu Active Koktail na Chudnutie Vanilka<\/title>\n<meta name=\"description\" content=\"\u010ci u\u017e chudnutie, udr\u017eiavanie hmotnosti alebo len \u00faspora \u010dasu. Figu Active Koktail na Chudnutie Vanilka je neodolate\u013ene lahodn\u00fd a nahr\u00e1dza plnohodnotn\u00e9 jedlo\" \/>\n<meta name=\"robots\" content=\"index, follow, max-snippet:-1, max-image-preview:large, max-video-preview:-1\" \/>\n<link rel=\"canonical\" href=\"https:\/\/www.lraloeverashop.eu\/sk\/produkt\/figu-active-koktail-vanilka\/\" \/>\n<meta property=\"og:locale\" content=\"sk_SK\" \/>\n<meta property=\"og:type\" content=\"article\" \/>\n<meta property=\"og:title\" content=\"Figu Active Koktail na Chudnutie Vanilka\" \/>\n<meta property=\"og:description\" content=\"\u010ci u\u017e chudnutie, udr\u017eiavanie hmotnosti alebo len \u00faspora \u010dasu. Figu Active Koktail na Chudnutie Vanilka je neodolate\u013ene lahodn\u00fd a nahr\u00e1dza plnohodnotn\u00e9 jedlo\" \/>\n<meta property=\"og:url\" content=\"https:\/\/www.lraloeverashop.eu\/sk\/produkt\/figu-active-koktail-vanilka\/\" \/>\n<meta property=\"og:site_name\" content=\"Lr Obchod Aloe Vera\" \/>\n<meta property=\"article:publisher\" content=\"https:\/\/www.facebook.com\/lraloeverashop.eu\" \/>\n<meta property=\"article:modified_time\" content=\"2025-10-03T05:56:13+00:00\" \/>\n<meta property=\"og:image\" content=\"https:\/\/www.lraloeverashop.eu\/wp-content\/uploads\/2023\/01\/FiguActive-Shake-Vanilla.jpg\" \/>\n\t<meta property=\"og:image:width\" content=\"1200\" \/>\n\t<meta property=\"og:image:height\" content=\"1200\" \/>\n\t<meta property=\"og:image:type\" content=\"image\/jpeg\" \/>\n<meta name=\"twitter:card\" content=\"summary_large_image\" \/>\n<meta name=\"twitter:site\" content=\"@natur__kosmetik\" \/>\n<script type=\"application\/ld+json\" class=\"yoast-schema-graph\">{\"@context\":\"https:\\\/\\\/schema.org\",\"@graph\":[{\"@type\":[\"WebPage\",\"ItemPage\"],\"@id\":\"https:\\\/\\\/www.lraloeverashop.eu\\\/sk\\\/produkt\\\/figu-active-koktail-vanilka\\\/\",\"url\":\"https:\\\/\\\/www.lraloeverashop.eu\\\/sk\\\/produkt\\\/figu-active-koktail-vanilka\\\/\",\"name\":\"Figu Active Koktail na Chudnutie Vanilka\",\"isPartOf\":{\"@id\":\"https:\\\/\\\/www.lraloeverashop.eu\\\/sk\\\/#website\"},\"primaryImageOfPage\":{\"@id\":\"https:\\\/\\\/www.lraloeverashop.eu\\\/sk\\\/produkt\\\/figu-active-koktail-vanilka\\\/#primaryimage\"},\"image\":{\"@id\":\"https:\\\/\\\/www.lraloeverashop.eu\\\/sk\\\/produkt\\\/figu-active-koktail-vanilka\\\/#primaryimage\"},\"thumbnailUrl\":\"https:\\\/\\\/www.lraloeverashop.eu\\\/wp-content\\\/uploads\\\/2023\\\/01\\\/FiguActive-Shake-Vanilla.jpg\",\"datePublished\":\"2022-10-15T18:36:59+00:00\",\"dateModified\":\"2025-10-03T05:56:13+00:00\",\"description\":\"\u010ci u\u017e chudnutie, udr\u017eiavanie hmotnosti alebo len \u00faspora \u010dasu. Figu Active Koktail na Chudnutie Vanilka je neodolate\u013ene lahodn\u00fd a nahr\u00e1dza plnohodnotn\u00e9 jedlo\",\"breadcrumb\":{\"@id\":\"https:\\\/\\\/www.lraloeverashop.eu\\\/sk\\\/produkt\\\/figu-active-koktail-vanilka\\\/#breadcrumb\"},\"inLanguage\":\"sk-SK\",\"potentialAction\":[{\"@type\":\"ReadAction\",\"target\":[\"https:\\\/\\\/www.lraloeverashop.eu\\\/sk\\\/produkt\\\/figu-active-koktail-vanilka\\\/\"]}]},{\"@type\":\"ImageObject\",\"inLanguage\":\"sk-SK\",\"@id\":\"https:\\\/\\\/www.lraloeverashop.eu\\\/sk\\\/produkt\\\/figu-active-koktail-vanilka\\\/#primaryimage\",\"url\":\"https:\\\/\\\/www.lraloeverashop.eu\\\/wp-content\\\/uploads\\\/2023\\\/01\\\/FiguActive-Shake-Vanilla.jpg\",\"contentUrl\":\"https:\\\/\\\/www.lraloeverashop.eu\\\/wp-content\\\/uploads\\\/2023\\\/01\\\/FiguActive-Shake-Vanilla.jpg\",\"width\":1200,\"height\":1200,\"caption\":\"Figu Active Koktail na Chudnutie Vanilka podporuje chudnutie a pom\u00e1ha udr\u017eiava\u0165 po\u017eadovan\u00fa v\u00e1hu.\"},{\"@type\":\"BreadcrumbList\",\"@id\":\"https:\\\/\\\/www.lraloeverashop.eu\\\/sk\\\/produkt\\\/figu-active-koktail-vanilka\\\/#breadcrumb\",\"itemListElement\":[{\"@type\":\"ListItem\",\"position\":1,\"name\":\"Home\",\"item\":\"https:\\\/\\\/www.lraloeverashop.eu\\\/sk\\\/aloe-vera-obchod-vsetko-pre-vasu-krasu-a-pohodu\\\/\"},{\"@type\":\"ListItem\",\"position\":2,\"name\":\"Obchod\",\"item\":\"https:\\\/\\\/www.lraloeverashop.eu\\\/sk\\\/obchod\\\/\"},{\"@type\":\"ListItem\",\"position\":3,\"name\":\"Figu Active Koktail na Chudnutie Vanilka\"}]},{\"@type\":\"WebSite\",\"@id\":\"https:\\\/\\\/www.lraloeverashop.eu\\\/sk\\\/#website\",\"url\":\"https:\\\/\\\/www.lraloeverashop.eu\\\/sk\\\/\",\"name\":\"Lr Obchod Aloe Vera\",\"description\":\"High Quality Lr Aloe Vera Gel, Aloe Vera Cream and Shampoo\",\"publisher\":{\"@id\":\"https:\\\/\\\/www.lraloeverashop.eu\\\/sk\\\/#organization\"},\"alternateName\":\"LR\",\"potentialAction\":[{\"@type\":\"SearchAction\",\"target\":{\"@type\":\"EntryPoint\",\"urlTemplate\":\"https:\\\/\\\/www.lraloeverashop.eu\\\/sk\\\/?s={search_term_string}\"},\"query-input\":{\"@type\":\"PropertyValueSpecification\",\"valueRequired\":true,\"valueName\":\"search_term_string\"}}],\"inLanguage\":\"sk-SK\"},{\"@type\":\"Organization\",\"@id\":\"https:\\\/\\\/www.lraloeverashop.eu\\\/sk\\\/#organization\",\"name\":\"Lr Obchod Aloe Vera\",\"alternateName\":\"LR\",\"url\":\"https:\\\/\\\/www.lraloeverashop.eu\\\/sk\\\/\",\"logo\":{\"@type\":\"ImageObject\",\"inLanguage\":\"sk-SK\",\"@id\":\"https:\\\/\\\/www.lraloeverashop.eu\\\/sk\\\/#\\\/schema\\\/logo\\\/image\\\/\",\"url\":\"https:\\\/\\\/www.lraloeverashop.eu\\\/wp-content\\\/uploads\\\/2022\\\/09\\\/cropped-Lr-Aloe-Vera-Shop.jpg\",\"contentUrl\":\"https:\\\/\\\/www.lraloeverashop.eu\\\/wp-content\\\/uploads\\\/2022\\\/09\\\/cropped-Lr-Aloe-Vera-Shop.jpg\",\"width\":228,\"height\":76,\"caption\":\"Lr Obchod Aloe Vera\"},\"image\":{\"@id\":\"https:\\\/\\\/www.lraloeverashop.eu\\\/sk\\\/#\\\/schema\\\/logo\\\/image\\\/\"},\"sameAs\":[\"https:\\\/\\\/www.facebook.com\\\/lraloeverashop.eu\",\"https:\\\/\\\/x.com\\\/natur__kosmetik\",\"https:\\\/\\\/www.youtube.com\\\/channel\\\/UC5oN7BJ8nfYb8RpVtjwDEBA\",\"https:\\\/\\\/www.instagram.com\\\/lrbeautyeu\\\/\"],\"description\":\"Obchod Lr Aloe Vera je va\u0161\u00edm d\u00f4veryhodn\u00fdm miestom pre pr\u00e9miov\u00e9 produkty LR Health & Beauty vyroben\u00e9 v Nemecku. Pon\u00fakame vysokokvalitn\u00e9 rie\u0161enia starostlivosti o ple\u0165 s Aloe Vera, v\u00fd\u017eivu a proti starnutiu, vyroben\u00e9 z \u010dist\u00fdch ingredienci\u00ed a podlo\u017een\u00e9 vedeck\u00fdm v\u00fdskumom. Objavte pr\u00edrodn\u00fa starostlivos\u0165, ktor\u00e1 regeneruje, chr\u00e1ni a revitalizuje va\u0161u ple\u0165 \u2013 a vyu\u017eite exkluz\u00edvne mesa\u010dn\u00e9 ponuky na na\u0161e najpred\u00e1vanej\u0161ie produkty LR Aloe Vera.\\nZa\u010dnite svoju cestu za pr\u00edrodnou starostlivos\u0165ou o ple\u0165 e\u0161te dnes a poc\u00ed\u0165te rozdiel.\",\"email\":\"info@lraloeverashop.eu\",\"telephone\":\"+49 17670609653\",\"legalName\":\"Lr Aloe Vera Shop\",\"foundingDate\":\"2018-04-21\",\"numberOfEmployees\":{\"@type\":\"QuantitativeValue\",\"minValue\":\"1\",\"maxValue\":\"10\"}}]}<\/script>\n<meta property=\"product:price:amount\" content=\"48.59\" \/>\n<meta property=\"product:price:currency\" content=\"EUR\" \/>\n<meta property=\"og:availability\" content=\"instock\" \/>\n<meta property=\"product:availability\" content=\"instock\" \/>\n<meta property=\"product:retailer_item_id\" content=\"81240-1SK\" \/>\n<meta property=\"product:condition\" content=\"new\" \/>\n<!-- \/ Yoast SEO Premium plugin. -->","yoast_head_json":{"title":"Figu Active Koktail na Chudnutie Vanilka","description":"\u010ci u\u017e chudnutie, udr\u017eiavanie hmotnosti alebo len \u00faspora \u010dasu. Figu Active Koktail na Chudnutie Vanilka je neodolate\u013ene lahodn\u00fd a nahr\u00e1dza plnohodnotn\u00e9 jedlo","robots":{"index":"index","follow":"follow","max-snippet":"max-snippet:-1","max-image-preview":"max-image-preview:large","max-video-preview":"max-video-preview:-1"},"canonical":"https:\/\/www.lraloeverashop.eu\/sk\/produkt\/figu-active-koktail-vanilka\/","og_locale":"sk_SK","og_type":"article","og_title":"Figu Active Koktail na Chudnutie Vanilka","og_description":"\u010ci u\u017e chudnutie, udr\u017eiavanie hmotnosti alebo len \u00faspora \u010dasu. Figu Active Koktail na Chudnutie Vanilka je neodolate\u013ene lahodn\u00fd a nahr\u00e1dza plnohodnotn\u00e9 jedlo","og_url":"https:\/\/www.lraloeverashop.eu\/sk\/produkt\/figu-active-koktail-vanilka\/","og_site_name":"Lr Obchod Aloe Vera","article_publisher":"https:\/\/www.facebook.com\/lraloeverashop.eu","article_modified_time":"2025-10-03T05:56:13+00:00","og_image":[{"width":1200,"height":1200,"url":"https:\/\/www.lraloeverashop.eu\/wp-content\/uploads\/2023\/01\/FiguActive-Shake-Vanilla.jpg","type":"image\/jpeg"}],"twitter_card":"summary_large_image","twitter_site":"@natur__kosmetik","schema":{"@context":"https:\/\/schema.org","@graph":[{"@type":["WebPage","ItemPage"],"@id":"https:\/\/www.lraloeverashop.eu\/sk\/produkt\/figu-active-koktail-vanilka\/","url":"https:\/\/www.lraloeverashop.eu\/sk\/produkt\/figu-active-koktail-vanilka\/","name":"Figu Active Koktail na Chudnutie Vanilka","isPartOf":{"@id":"https:\/\/www.lraloeverashop.eu\/sk\/#website"},"primaryImageOfPage":{"@id":"https:\/\/www.lraloeverashop.eu\/sk\/produkt\/figu-active-koktail-vanilka\/#primaryimage"},"image":{"@id":"https:\/\/www.lraloeverashop.eu\/sk\/produkt\/figu-active-koktail-vanilka\/#primaryimage"},"thumbnailUrl":"https:\/\/www.lraloeverashop.eu\/wp-content\/uploads\/2023\/01\/FiguActive-Shake-Vanilla.jpg","datePublished":"2022-10-15T18:36:59+00:00","dateModified":"2025-10-03T05:56:13+00:00","description":"\u010ci u\u017e chudnutie, udr\u017eiavanie hmotnosti alebo len \u00faspora \u010dasu. Figu Active Koktail na Chudnutie Vanilka je neodolate\u013ene lahodn\u00fd a nahr\u00e1dza plnohodnotn\u00e9 jedlo","breadcrumb":{"@id":"https:\/\/www.lraloeverashop.eu\/sk\/produkt\/figu-active-koktail-vanilka\/#breadcrumb"},"inLanguage":"sk-SK","potentialAction":[{"@type":"ReadAction","target":["https:\/\/www.lraloeverashop.eu\/sk\/produkt\/figu-active-koktail-vanilka\/"]}]},{"@type":"ImageObject","inLanguage":"sk-SK","@id":"https:\/\/www.lraloeverashop.eu\/sk\/produkt\/figu-active-koktail-vanilka\/#primaryimage","url":"https:\/\/www.lraloeverashop.eu\/wp-content\/uploads\/2023\/01\/FiguActive-Shake-Vanilla.jpg","contentUrl":"https:\/\/www.lraloeverashop.eu\/wp-content\/uploads\/2023\/01\/FiguActive-Shake-Vanilla.jpg","width":1200,"height":1200,"caption":"Figu Active Koktail na Chudnutie Vanilka podporuje chudnutie a pom\u00e1ha udr\u017eiava\u0165 po\u017eadovan\u00fa v\u00e1hu."},{"@type":"BreadcrumbList","@id":"https:\/\/www.lraloeverashop.eu\/sk\/produkt\/figu-active-koktail-vanilka\/#breadcrumb","itemListElement":[{"@type":"ListItem","position":1,"name":"Home","item":"https:\/\/www.lraloeverashop.eu\/sk\/aloe-vera-obchod-vsetko-pre-vasu-krasu-a-pohodu\/"},{"@type":"ListItem","position":2,"name":"Obchod","item":"https:\/\/www.lraloeverashop.eu\/sk\/obchod\/"},{"@type":"ListItem","position":3,"name":"Figu Active Koktail na Chudnutie Vanilka"}]},{"@type":"WebSite","@id":"https:\/\/www.lraloeverashop.eu\/sk\/#website","url":"https:\/\/www.lraloeverashop.eu\/sk\/","name":"Lr Obchod Aloe Vera","description":"High Quality Lr Aloe Vera Gel, Aloe Vera Cream and Shampoo","publisher":{"@id":"https:\/\/www.lraloeverashop.eu\/sk\/#organization"},"alternateName":"LR","potentialAction":[{"@type":"SearchAction","target":{"@type":"EntryPoint","urlTemplate":"https:\/\/www.lraloeverashop.eu\/sk\/?s={search_term_string}"},"query-input":{"@type":"PropertyValueSpecification","valueRequired":true,"valueName":"search_term_string"}}],"inLanguage":"sk-SK"},{"@type":"Organization","@id":"https:\/\/www.lraloeverashop.eu\/sk\/#organization","name":"Lr Obchod Aloe Vera","alternateName":"LR","url":"https:\/\/www.lraloeverashop.eu\/sk\/","logo":{"@type":"ImageObject","inLanguage":"sk-SK","@id":"https:\/\/www.lraloeverashop.eu\/sk\/#\/schema\/logo\/image\/","url":"https:\/\/www.lraloeverashop.eu\/wp-content\/uploads\/2022\/09\/cropped-Lr-Aloe-Vera-Shop.jpg","contentUrl":"https:\/\/www.lraloeverashop.eu\/wp-content\/uploads\/2022\/09\/cropped-Lr-Aloe-Vera-Shop.jpg","width":228,"height":76,"caption":"Lr Obchod Aloe Vera"},"image":{"@id":"https:\/\/www.lraloeverashop.eu\/sk\/#\/schema\/logo\/image\/"},"sameAs":["https:\/\/www.facebook.com\/lraloeverashop.eu","https:\/\/x.com\/natur__kosmetik","https:\/\/www.youtube.com\/channel\/UC5oN7BJ8nfYb8RpVtjwDEBA","https:\/\/www.instagram.com\/lrbeautyeu\/"],"description":"Obchod Lr Aloe Vera je va\u0161\u00edm d\u00f4veryhodn\u00fdm miestom pre pr\u00e9miov\u00e9 produkty LR Health & Beauty vyroben\u00e9 v Nemecku. Pon\u00fakame vysokokvalitn\u00e9 rie\u0161enia starostlivosti o ple\u0165 s Aloe Vera, v\u00fd\u017eivu a proti starnutiu, vyroben\u00e9 z \u010dist\u00fdch ingredienci\u00ed a podlo\u017een\u00e9 vedeck\u00fdm v\u00fdskumom. Objavte pr\u00edrodn\u00fa starostlivos\u0165, ktor\u00e1 regeneruje, chr\u00e1ni a revitalizuje va\u0161u ple\u0165 \u2013 a vyu\u017eite exkluz\u00edvne mesa\u010dn\u00e9 ponuky na na\u0161e najpred\u00e1vanej\u0161ie produkty LR Aloe Vera.\nZa\u010dnite svoju cestu za pr\u00edrodnou starostlivos\u0165ou o ple\u0165 e\u0161te dnes a poc\u00ed\u0165te rozdiel.","email":"info@lraloeverashop.eu","telephone":"+49 17670609653","legalName":"Lr Aloe Vera Shop","foundingDate":"2018-04-21","numberOfEmployees":{"@type":"QuantitativeValue","minValue":"1","maxValue":"10"}}]},"product_price_amount":"48.59","product_price_currency":"EUR","og_availability":"instock","product_availability":"instock","product_retailer_item_id":"81240-1SK","product_condition":"new"},"taxonomy_info":{"product_cat":[{"value":337,"label":"N\u00e1hrada jedla"},{"value":313,"label":"\u0160ejky"}],"product_tag":[{"value":623,"label":"Di\u00e9ta"}]},"featured_image_src_large":["https:\/\/www.lraloeverashop.eu\/wp-content\/uploads\/2023\/01\/FiguActive-Shake-Vanilla-1024x1024.jpg",1024,1024,true],"author_info":[],"comment_info":0,"_links":{"self":[{"href":"https:\/\/www.lraloeverashop.eu\/sk\/wp-json\/wp\/v2\/product\/9186","targetHints":{"allow":["GET"]}}],"collection":[{"href":"https:\/\/www.lraloeverashop.eu\/sk\/wp-json\/wp\/v2\/product"}],"about":[{"href":"https:\/\/www.lraloeverashop.eu\/sk\/wp-json\/wp\/v2\/types\/product"}],"replies":[{"embeddable":true,"href":"https:\/\/www.lraloeverashop.eu\/sk\/wp-json\/wp\/v2\/comments?post=9186"}],"wp:featuredmedia":[{"embeddable":true,"href":"https:\/\/www.lraloeverashop.eu\/sk\/wp-json\/wp\/v2\/media\/9746"}],"wp:attachment":[{"href":"https:\/\/www.lraloeverashop.eu\/sk\/wp-json\/wp\/v2\/media?parent=9186"}],"wp:term":[{"taxonomy":"product_brand","embeddable":true,"href":"https:\/\/www.lraloeverashop.eu\/sk\/wp-json\/wp\/v2\/product_brand?post=9186"},{"taxonomy":"product_cat","embeddable":true,"href":"https:\/\/www.lraloeverashop.eu\/sk\/wp-json\/wp\/v2\/product_cat?post=9186"},{"taxonomy":"product_tag","embeddable":true,"href":"https:\/\/www.lraloeverashop.eu\/sk\/wp-json\/wp\/v2\/product_tag?post=9186"}],"curies":[{"name":"wp","href":"https:\/\/api.w.org\/{rel}","templated":true}]}}