{"id":9174,"date":"2022-10-15T20:46:47","date_gmt":"2022-10-15T18:46:47","guid":{"rendered":"https:\/\/www.lraloeverashop.eu\/product\/figu-active-zemiakova-polievka-auberge\/"},"modified":"2025-10-03T06:36:50","modified_gmt":"2025-10-03T04:36:50","slug":"figu-active-zemiakova-polievka-auberge","status":"publish","type":"product","link":"https:\/\/www.lraloeverashop.eu\/sk\/produkt\/figu-active-zemiakova-polievka-auberge\/","title":{"rendered":"Zeleninov\u00e1 polievka Figu Active Yummy Veggie"},"content":{"rendered":"<h2><span style=\"font-size: 16pt;\"><strong>Zeleninov\u00e1 polievka Figu Active Yummy Veggie<\/strong><\/span><\/h2>\n<p><span style=\"font-size: 14pt;\"><strong>Zeleninov\u00e1 polievka Figu Active Yummy Veggie zo s\u00fdtou, Vynikaj\u00facou Chu\u0165ou!<\/strong><\/span><\/p>\n<p>N\u00e1dherne kr\u00e9mov\u00e1 zeleninov\u00e1 polievka s brokolicou, zemiakmi a p\u00f3rom prin\u00e1\u0161a energiu do v\u00e1\u0161ho ka\u017edodenn\u00e9ho \u017eivota! Nahr\u00e1dza plnohodnotn\u00e9 jedlo a pom\u00e1ha v\u00e1m schudn\u00fa\u0165 alebo si v\u00e1hu udr\u017ea\u0165.<\/p>\n<p>Zeleninov\u00e1 polievka Figu Active Yummy Veggie nahrad\u00ed kompletn\u00e9 jedlo a poskytne telu v\u0161etky z\u00e1kladn\u00e9 vitam\u00edny, miner\u00e1ly, stopov\u00e9 prvky a aminokyseliny. Vyv\u00e1\u017een\u00e1 strava s v\u00fdrobkami Figu Active je jednoduch\u00fd a \u013eahk\u00fd sp\u00f4sob ako schudn\u00fa\u0165. Ak m\u00e1te z\u00e1ujem o tepl\u00e9, chutn\u00e9 jedlo, <a href=\"https:\/\/www.lraloeverashop.eu\/sk\/produkt\/figu-active-zeleninova-polievka-kari-india\/\">Figu Active Polievky<\/a> s\u00fa vynikaj\u00facou vo\u013ebou na uspokojenie va\u0161ej chute.<\/p>\n<p>T\u00e1to zeleninova polievka na chudnutie obsahuje <a href=\"https:\/\/www.lraloeverashop.eu\/sk\/nahrada-stravy-figu-active-inteligentna-dieta-na-chudnutie\/\"><strong><span style=\"color: #000000;\">inul\u00edn<\/span><\/strong><\/a>. Ke\u010f\u017ee inul\u00edn p\u00f4sob\u00ed stimula\u010dne na \u010dinnos\u0165 \u010driev a \u010drevn\u00fa fl\u00f3ru, zv\u00fd\u0161en\u00fd pr\u00edjem m\u00f4\u017ee vies\u0165 k tr\u00e1viacim probl\u00e9mom (nad\u00favanie, hna\u010dka). \u013dudia s citliv\u00fdm gastrointestin\u00e1lnym traktom by sa mali pred konzum\u00e1ciou produktu poradi\u0165 so svoj\u00edm lek\u00e1rom.<\/p>\n<p>Mimoriadne chutn\u00e9, pestr\u00e9 a <a href=\"https:\/\/www.lraloeverashop.eu\/sk\/produkt\/batatova-polievka-na-chudnutie\/\">100% veg\u00e1nske jedl\u00e1<\/a> s pr\u00edrodn\u00fdmi pr\u00edchu\u0165ami zaru\u010duj\u00fa ve\u013ek\u00fa rozmanitos\u0165 v jed\u00e1lnom l\u00edstku. Vysok\u00fd obsah hodnotnej vl\u00e1kniny a starostlivo vybran\u00fd mix rastlinn\u00fdch bielkov\u00edn v\u00e1s prirodzenou cestou podporia vo va\u0161ej strave.<\/p>\n<p>&nbsp;<\/p>\n<h3><span style=\"font-size: 16pt;\"><strong><a href=\"https:\/\/www.lraloeverashop.eu\/wp-content\/uploads\/2024\/09\/weight-loss-diet-review-300x300.jpeg\"><img loading=\"lazy\" decoding=\"async\" class=\"alignleft wp-image-16353 size-medium\" src=\"https:\/\/www.lraloeverashop.eu\/wp-content\/uploads\/2024\/09\/weight-loss-diet-review-300x300.jpeg\" alt=\"Recenzia di\u00e9ty na chudnutie\" width=\"300\" height=\"300\" srcset=\"https:\/\/www.lraloeverashop.eu\/wp-content\/uploads\/2024\/09\/weight-loss-diet-review-300x300.jpeg 300w, https:\/\/www.lraloeverashop.eu\/wp-content\/uploads\/2024\/09\/weight-loss-diet-review-1024x1024.jpeg 1024w, https:\/\/www.lraloeverashop.eu\/wp-content\/uploads\/2024\/09\/weight-loss-diet-review-150x150.jpeg 150w, https:\/\/www.lraloeverashop.eu\/wp-content\/uploads\/2024\/09\/weight-loss-diet-review-768x768.jpeg 768w, https:\/\/www.lraloeverashop.eu\/wp-content\/uploads\/2024\/09\/weight-loss-diet-review-600x600.jpeg 600w, https:\/\/www.lraloeverashop.eu\/wp-content\/uploads\/2024\/09\/weight-loss-diet-review-100x100.jpeg 100w, https:\/\/www.lraloeverashop.eu\/wp-content\/uploads\/2024\/09\/weight-loss-diet-review.jpeg 1200w\" sizes=\"auto, (max-width: 300px) 100vw, 300px\" \/><\/a>Pr\u00edprava Polievky<\/strong><\/span><\/h3>\n<p>Zmie\u0161ajte 7 pln\u00e9 polievkov\u00e9 ly\u017eice s metli\u010dkou do 350 ml hor\u00facej vody. Pou\u017eite misku s kapacitou viac ako 350 ml. Nechajte to chv\u00ed\u013eu odst\u00e1\u0165, znova sa zamie\u0161ajte a n\u00e1hrada za v\u00e1\u0161 obed alebo ve\u010deru je pripraven\u00e1.<\/p>\n<p>Po\u010das stravovania sa uistite, \u017ee pijete dostatok tekut\u00edn. Pite najlep\u0161ie 2-3 litre \u010daju bez kal\u00f3ri\u00ed alebo cukru.<\/p>\n<p>Produkt sp\u013a\u0148a svoj \u00fa\u010del len v kontexte n\u00edzkej alebo zn\u00ed\u017eenej kal\u00f3rie.<\/p>\n<p>Zabezpe\u010dte bohat\u00fa, vyv\u00e1\u017een\u00fa stravu a zdrav\u00fd \u017eivotn\u00fd \u0161t\u00fdl.<\/p>\n<p>&nbsp;<\/p>\n<p>&nbsp;<\/p>\n<p><a href=\"https:\/\/www.lraloeverashop.eu\/wp-content\/uploads\/2024\/09\/man-weight-loss-before-and-after-300x300.jpeg\"><img loading=\"lazy\" decoding=\"async\" class=\"alignleft wp-image-16360 size-medium\" src=\"https:\/\/www.lraloeverashop.eu\/wp-content\/uploads\/2024\/09\/man-weight-loss-before-and-after-300x300.jpeg\" alt=\"Di\u00e9ta na chudnutie pred a po\" width=\"300\" height=\"300\" srcset=\"https:\/\/www.lraloeverashop.eu\/wp-content\/uploads\/2024\/09\/man-weight-loss-before-and-after-300x300.jpeg 300w, https:\/\/www.lraloeverashop.eu\/wp-content\/uploads\/2024\/09\/man-weight-loss-before-and-after-1024x1024.jpeg 1024w, https:\/\/www.lraloeverashop.eu\/wp-content\/uploads\/2024\/09\/man-weight-loss-before-and-after-150x150.jpeg 150w, https:\/\/www.lraloeverashop.eu\/wp-content\/uploads\/2024\/09\/man-weight-loss-before-and-after-768x768.jpeg 768w, https:\/\/www.lraloeverashop.eu\/wp-content\/uploads\/2024\/09\/man-weight-loss-before-and-after-600x600.jpeg 600w, https:\/\/www.lraloeverashop.eu\/wp-content\/uploads\/2024\/09\/man-weight-loss-before-and-after-100x100.jpeg 100w, https:\/\/www.lraloeverashop.eu\/wp-content\/uploads\/2024\/09\/man-weight-loss-before-and-after.jpeg 1200w\" sizes=\"auto, (max-width: 300px) 100vw, 300px\" \/><\/a>Va\u0161a strava by mala zah\u0155\u0148a\u0165 aj in\u00e9 potraviny. Pripraven\u00e9 jedlo obsahuje v\u0161etky potrebn\u00e9 \u017eiviny v dostato\u010dnom mno\u017estve.<\/p>\n<p><strong>Dodr\u017eujte pokyny na pr\u00edpravu.<\/strong><\/p>\n<p>Pred pou\u017eit\u00edm pretrepte. Objem plnenia v\u00fdrobku je predmetom zmien technickej povahy. Skladova\u0165 na chladnom, suchom mieste a konzumova\u0165 kr\u00e1tko po otvoren\u00ed.<\/p>\n<p>1. N\u00e1hrada dvoch denn\u00fdch jed\u00e1l v n\u00edzkokalorickej strave <a href=\"https:\/\/www.lraloeverashop.eu\/sk\/produkt\/figu-active-paradajkova-polievka-mediterranee\/\">prispieva k \u00fabytku hmotnosti<\/a>.<br \/>\n2. Nahradenie jedneho z va\u0161ich denn\u00fdch jed\u00e1l v n\u00edzkokalorickej strave pom\u00e1ha udr\u017eiava\u0165 po\u017eadovan\u00fa hmotnos\u0165 po strate hmotnosti.<\/p>\n<p>&nbsp;<\/p>\n","protected":false},"excerpt":{"rendered":"<ul>\n<li>Polievka na chudnutie so zeleninou<\/li>\n<li>Ka\u017ed\u00e1 porcia nahr\u00e1dza kompletn\u00e9 jedlo<\/li>\n<li>Na chudnutie a udr\u017eanie hmotnosti<\/li>\n<li>100% veg\u00e1nske, sladen\u00e9 st\u00e9viou, len pr\u00edrodn\u00e9 pr\u00edchute<\/li>\n<li>Vysok\u00fd obsah vl\u00e1kniny a bielkov\u00edn z hrachu, s\u00f3je a fazule<\/li>\n<li>Bez lepku, lakt\u00f3zy, palmov\u00e9ho oleja, umel\u00fdch farb\u00edv a zv\u00fdraz\u0148ova\u010dov chuti<\/li>\n<li>Mno\u017estvo: 488g<\/li>\n<\/ul>\n<p>&nbsp;<\/p>\n","protected":false},"featured_media":9753,"comment_status":"open","ping_status":"closed","template":"","meta":{"_kad_blocks_custom_css":"","_kad_blocks_head_custom_js":"","_kad_blocks_body_custom_js":"","_kad_blocks_footer_custom_js":"","_kadence_starter_templates_imported_post":false,"_kad_post_transparent":"default","_kad_post_title":"","_kad_post_layout":"default","_kad_post_sidebar_id":"","_kad_post_content_style":"default","_kad_post_vertical_padding":"default","_kad_post_feature":"","_kad_post_feature_position":"","_kad_post_header":false,"_kad_post_footer":false,"_kad_post_classname":""},"product_brand":[],"product_cat":[337,307],"product_tag":[623],"class_list":{"0":"post-9174","1":"product","2":"type-product","3":"status-publish","4":"has-post-thumbnail","6":"product_cat-doplnky-stravy","7":"product_cat-body-mission-polievky","8":"product_tag-dieta-sk","10":"first","11":"instock","12":"taxable","13":"shipping-taxable","14":"purchasable","15":"product-type-simple","16":"entry","17":"content-bg","18":"loop-entry"},"yoast_head":"<!-- This site is optimized with the Yoast SEO Premium plugin v27.4 (Yoast SEO v27.4) - https:\/\/yoast.com\/product\/yoast-seo-premium-wordpress\/ -->\n<title>Zeleninov\u00e1 polievka Figu Active yummy veggie vynikaj\u00facou chu\u0165ou!<\/title>\n<meta name=\"description\" content=\"Zeleninov\u00e1 polievka Figu Active Yummy Veggie nahrad\u00ed kompletn\u00e9 jedlo a poskytne telu v\u0161etky z\u00e1kladn\u00e9 vitam\u00edny, miner\u00e1ly, stopov\u00e9 prvky a aminokyseliny.\" \/>\n<meta name=\"robots\" content=\"index, follow, max-snippet:-1, max-image-preview:large, max-video-preview:-1\" \/>\n<link rel=\"canonical\" href=\"https:\/\/www.lraloeverashop.eu\/sk\/produkt\/figu-active-zemiakova-polievka-auberge\/\" \/>\n<meta property=\"og:locale\" content=\"sk_SK\" \/>\n<meta property=\"og:type\" content=\"article\" \/>\n<meta property=\"og:title\" content=\"Zeleninov\u00e1 polievka Figu Active Yummy Veggie\" \/>\n<meta property=\"og:description\" content=\"Zeleninov\u00e1 polievka Figu Active Yummy Veggie nahrad\u00ed kompletn\u00e9 jedlo a poskytne telu v\u0161etky z\u00e1kladn\u00e9 vitam\u00edny, miner\u00e1ly, stopov\u00e9 prvky a aminokyseliny.\" \/>\n<meta property=\"og:url\" content=\"https:\/\/www.lraloeverashop.eu\/sk\/produkt\/figu-active-zemiakova-polievka-auberge\/\" \/>\n<meta property=\"og:site_name\" content=\"Lr Obchod Aloe Vera\" \/>\n<meta property=\"article:publisher\" content=\"https:\/\/www.facebook.com\/lraloeverashop.eu\" \/>\n<meta property=\"article:modified_time\" content=\"2025-10-03T04:36:50+00:00\" \/>\n<meta property=\"og:image\" content=\"https:\/\/www.lraloeverashop.eu\/wp-content\/uploads\/2023\/01\/FiguActive-vegetable-soup.jpg\" \/>\n\t<meta property=\"og:image:width\" content=\"1200\" \/>\n\t<meta property=\"og:image:height\" content=\"1200\" \/>\n\t<meta property=\"og:image:type\" content=\"image\/jpeg\" \/>\n<meta name=\"twitter:card\" content=\"summary_large_image\" \/>\n<meta name=\"twitter:site\" content=\"@natur__kosmetik\" \/>\n<script type=\"application\/ld+json\" class=\"yoast-schema-graph\">{\"@context\":\"https:\\\/\\\/schema.org\",\"@graph\":[{\"@type\":[\"WebPage\",\"ItemPage\"],\"@id\":\"https:\\\/\\\/www.lraloeverashop.eu\\\/sk\\\/produkt\\\/figu-active-zemiakova-polievka-auberge\\\/\",\"url\":\"https:\\\/\\\/www.lraloeverashop.eu\\\/sk\\\/produkt\\\/figu-active-zemiakova-polievka-auberge\\\/\",\"name\":\"Zeleninov\u00e1 polievka Figu Active yummy veggie vynikaj\u00facou chu\u0165ou!\",\"isPartOf\":{\"@id\":\"https:\\\/\\\/www.lraloeverashop.eu\\\/sk\\\/#website\"},\"primaryImageOfPage\":{\"@id\":\"https:\\\/\\\/www.lraloeverashop.eu\\\/sk\\\/produkt\\\/figu-active-zemiakova-polievka-auberge\\\/#primaryimage\"},\"image\":{\"@id\":\"https:\\\/\\\/www.lraloeverashop.eu\\\/sk\\\/produkt\\\/figu-active-zemiakova-polievka-auberge\\\/#primaryimage\"},\"thumbnailUrl\":\"https:\\\/\\\/www.lraloeverashop.eu\\\/wp-content\\\/uploads\\\/2023\\\/01\\\/FiguActive-vegetable-soup.jpg\",\"datePublished\":\"2022-10-15T18:46:47+00:00\",\"dateModified\":\"2025-10-03T04:36:50+00:00\",\"description\":\"Zeleninov\u00e1 polievka Figu Active Yummy Veggie nahrad\u00ed kompletn\u00e9 jedlo a poskytne telu v\u0161etky z\u00e1kladn\u00e9 vitam\u00edny, miner\u00e1ly, stopov\u00e9 prvky a aminokyseliny.\",\"breadcrumb\":{\"@id\":\"https:\\\/\\\/www.lraloeverashop.eu\\\/sk\\\/produkt\\\/figu-active-zemiakova-polievka-auberge\\\/#breadcrumb\"},\"inLanguage\":\"sk-SK\",\"potentialAction\":[{\"@type\":\"ReadAction\",\"target\":[\"https:\\\/\\\/www.lraloeverashop.eu\\\/sk\\\/produkt\\\/figu-active-zemiakova-polievka-auberge\\\/\"]}]},{\"@type\":\"ImageObject\",\"inLanguage\":\"sk-SK\",\"@id\":\"https:\\\/\\\/www.lraloeverashop.eu\\\/sk\\\/produkt\\\/figu-active-zemiakova-polievka-auberge\\\/#primaryimage\",\"url\":\"https:\\\/\\\/www.lraloeverashop.eu\\\/wp-content\\\/uploads\\\/2023\\\/01\\\/FiguActive-vegetable-soup.jpg\",\"contentUrl\":\"https:\\\/\\\/www.lraloeverashop.eu\\\/wp-content\\\/uploads\\\/2023\\\/01\\\/FiguActive-vegetable-soup.jpg\",\"width\":1200,\"height\":1200,\"caption\":\"Zeleninov\u00e1 polievka Figu Active yummy veggie na chudnutie s vynikaj\u00facou chu\u0165ou!\"},{\"@type\":\"BreadcrumbList\",\"@id\":\"https:\\\/\\\/www.lraloeverashop.eu\\\/sk\\\/produkt\\\/figu-active-zemiakova-polievka-auberge\\\/#breadcrumb\",\"itemListElement\":[{\"@type\":\"ListItem\",\"position\":1,\"name\":\"Home\",\"item\":\"https:\\\/\\\/www.lraloeverashop.eu\\\/sk\\\/\"},{\"@type\":\"ListItem\",\"position\":2,\"name\":\"Obchod\",\"item\":\"https:\\\/\\\/www.lraloeverashop.eu\\\/shop\\\/\"},{\"@type\":\"ListItem\",\"position\":3,\"name\":\"Zeleninov\u00e1 polievka Figu Active Yummy Veggie\"}]},{\"@type\":\"WebSite\",\"@id\":\"https:\\\/\\\/www.lraloeverashop.eu\\\/sk\\\/#website\",\"url\":\"https:\\\/\\\/www.lraloeverashop.eu\\\/sk\\\/\",\"name\":\"Lr Obchod Aloe Vera\",\"description\":\"High Quality Lr Aloe Vera Gel, Aloe Vera Cream and Shampoo\",\"publisher\":{\"@id\":\"https:\\\/\\\/www.lraloeverashop.eu\\\/sk\\\/#organization\"},\"potentialAction\":[{\"@type\":\"SearchAction\",\"target\":{\"@type\":\"EntryPoint\",\"urlTemplate\":\"https:\\\/\\\/www.lraloeverashop.eu\\\/sk\\\/?s={search_term_string}\"},\"query-input\":{\"@type\":\"PropertyValueSpecification\",\"valueRequired\":true,\"valueName\":\"search_term_string\"}}],\"inLanguage\":\"sk-SK\"},{\"@type\":\"Organization\",\"@id\":\"https:\\\/\\\/www.lraloeverashop.eu\\\/sk\\\/#organization\",\"name\":\"Lr Obchod Aloe Vera\",\"alternateName\":\"LR\",\"url\":\"https:\\\/\\\/www.lraloeverashop.eu\\\/sk\\\/\",\"logo\":{\"@type\":\"ImageObject\",\"inLanguage\":\"sk-SK\",\"@id\":\"https:\\\/\\\/www.lraloeverashop.eu\\\/sk\\\/#\\\/schema\\\/logo\\\/image\\\/\",\"url\":\"https:\\\/\\\/www.lraloeverashop.eu\\\/wp-content\\\/uploads\\\/2022\\\/09\\\/cropped-Lr-Aloe-Vera-Shop.jpg\",\"contentUrl\":\"https:\\\/\\\/www.lraloeverashop.eu\\\/wp-content\\\/uploads\\\/2022\\\/09\\\/cropped-Lr-Aloe-Vera-Shop.jpg\",\"width\":228,\"height\":76,\"caption\":\"Lr Obchod Aloe Vera\"},\"image\":{\"@id\":\"https:\\\/\\\/www.lraloeverashop.eu\\\/sk\\\/#\\\/schema\\\/logo\\\/image\\\/\"},\"sameAs\":[\"https:\\\/\\\/www.facebook.com\\\/lraloeverashop.eu\",\"https:\\\/\\\/x.com\\\/natur__kosmetik\",\"https:\\\/\\\/www.youtube.com\\\/channel\\\/UC5oN7BJ8nfYb8RpVtjwDEBA\",\"https:\\\/\\\/www.instagram.com\\\/lrbeautyeu\\\/\"],\"description\":\"Obchod Lr Aloe Vera je va\u0161\u00edm d\u00f4veryhodn\u00fdm miestom pre pr\u00e9miov\u00e9 produkty LR Health & Beauty vyroben\u00e9 v Nemecku. Pon\u00fakame vysokokvalitn\u00e9 rie\u0161enia starostlivosti o ple\u0165 s Aloe Vera, v\u00fd\u017eivu a proti starnutiu, vyroben\u00e9 z \u010dist\u00fdch ingredienci\u00ed a podlo\u017een\u00e9 vedeck\u00fdm v\u00fdskumom. Objavte pr\u00edrodn\u00fa starostlivos\u0165, ktor\u00e1 regeneruje, chr\u00e1ni a revitalizuje va\u0161u ple\u0165 \u2013 a vyu\u017eite exkluz\u00edvne mesa\u010dn\u00e9 ponuky na na\u0161e najpred\u00e1vanej\u0161ie produkty LR Aloe Vera.\\nZa\u010dnite svoju cestu za pr\u00edrodnou starostlivos\u0165ou o ple\u0165 e\u0161te dnes a poc\u00ed\u0165te rozdiel.\",\"email\":\"info@lraloeverashop.eu\",\"telephone\":\"+49 17670609653\",\"legalName\":\"Lr Aloe Vera Shop\",\"foundingDate\":\"2018-04-21\",\"numberOfEmployees\":{\"@type\":\"QuantitativeValue\",\"minValue\":\"1\",\"maxValue\":\"10\"}}]}<\/script>\n<meta property=\"product:price:amount\" content=\"48.59\" \/>\n<meta property=\"product:price:currency\" content=\"EUR\" \/>\n<meta property=\"og:availability\" content=\"instock\" \/>\n<meta property=\"product:availability\" content=\"instock\" \/>\n<meta property=\"product:retailer_item_id\" content=\"81246-1SK\" \/>\n<meta property=\"product:condition\" content=\"new\" \/>\n<!-- \/ Yoast SEO Premium plugin. -->","yoast_head_json":{"title":"Zeleninov\u00e1 polievka Figu Active yummy veggie vynikaj\u00facou chu\u0165ou!","description":"Zeleninov\u00e1 polievka Figu Active Yummy Veggie nahrad\u00ed kompletn\u00e9 jedlo a poskytne telu v\u0161etky z\u00e1kladn\u00e9 vitam\u00edny, miner\u00e1ly, stopov\u00e9 prvky a aminokyseliny.","robots":{"index":"index","follow":"follow","max-snippet":"max-snippet:-1","max-image-preview":"max-image-preview:large","max-video-preview":"max-video-preview:-1"},"canonical":"https:\/\/www.lraloeverashop.eu\/sk\/produkt\/figu-active-zemiakova-polievka-auberge\/","og_locale":"sk_SK","og_type":"article","og_title":"Zeleninov\u00e1 polievka Figu Active Yummy Veggie","og_description":"Zeleninov\u00e1 polievka Figu Active Yummy Veggie nahrad\u00ed kompletn\u00e9 jedlo a poskytne telu v\u0161etky z\u00e1kladn\u00e9 vitam\u00edny, miner\u00e1ly, stopov\u00e9 prvky a aminokyseliny.","og_url":"https:\/\/www.lraloeverashop.eu\/sk\/produkt\/figu-active-zemiakova-polievka-auberge\/","og_site_name":"Lr Obchod Aloe Vera","article_publisher":"https:\/\/www.facebook.com\/lraloeverashop.eu","article_modified_time":"2025-10-03T04:36:50+00:00","og_image":[{"width":1200,"height":1200,"url":"https:\/\/www.lraloeverashop.eu\/wp-content\/uploads\/2023\/01\/FiguActive-vegetable-soup.jpg","type":"image\/jpeg"}],"twitter_card":"summary_large_image","twitter_site":"@natur__kosmetik","schema":{"@context":"https:\/\/schema.org","@graph":[{"@type":["WebPage","ItemPage"],"@id":"https:\/\/www.lraloeverashop.eu\/sk\/produkt\/figu-active-zemiakova-polievka-auberge\/","url":"https:\/\/www.lraloeverashop.eu\/sk\/produkt\/figu-active-zemiakova-polievka-auberge\/","name":"Zeleninov\u00e1 polievka Figu Active yummy veggie vynikaj\u00facou chu\u0165ou!","isPartOf":{"@id":"https:\/\/www.lraloeverashop.eu\/sk\/#website"},"primaryImageOfPage":{"@id":"https:\/\/www.lraloeverashop.eu\/sk\/produkt\/figu-active-zemiakova-polievka-auberge\/#primaryimage"},"image":{"@id":"https:\/\/www.lraloeverashop.eu\/sk\/produkt\/figu-active-zemiakova-polievka-auberge\/#primaryimage"},"thumbnailUrl":"https:\/\/www.lraloeverashop.eu\/wp-content\/uploads\/2023\/01\/FiguActive-vegetable-soup.jpg","datePublished":"2022-10-15T18:46:47+00:00","dateModified":"2025-10-03T04:36:50+00:00","description":"Zeleninov\u00e1 polievka Figu Active Yummy Veggie nahrad\u00ed kompletn\u00e9 jedlo a poskytne telu v\u0161etky z\u00e1kladn\u00e9 vitam\u00edny, miner\u00e1ly, stopov\u00e9 prvky a aminokyseliny.","breadcrumb":{"@id":"https:\/\/www.lraloeverashop.eu\/sk\/produkt\/figu-active-zemiakova-polievka-auberge\/#breadcrumb"},"inLanguage":"sk-SK","potentialAction":[{"@type":"ReadAction","target":["https:\/\/www.lraloeverashop.eu\/sk\/produkt\/figu-active-zemiakova-polievka-auberge\/"]}]},{"@type":"ImageObject","inLanguage":"sk-SK","@id":"https:\/\/www.lraloeverashop.eu\/sk\/produkt\/figu-active-zemiakova-polievka-auberge\/#primaryimage","url":"https:\/\/www.lraloeverashop.eu\/wp-content\/uploads\/2023\/01\/FiguActive-vegetable-soup.jpg","contentUrl":"https:\/\/www.lraloeverashop.eu\/wp-content\/uploads\/2023\/01\/FiguActive-vegetable-soup.jpg","width":1200,"height":1200,"caption":"Zeleninov\u00e1 polievka Figu Active yummy veggie na chudnutie s vynikaj\u00facou chu\u0165ou!"},{"@type":"BreadcrumbList","@id":"https:\/\/www.lraloeverashop.eu\/sk\/produkt\/figu-active-zemiakova-polievka-auberge\/#breadcrumb","itemListElement":[{"@type":"ListItem","position":1,"name":"Home","item":"https:\/\/www.lraloeverashop.eu\/sk\/"},{"@type":"ListItem","position":2,"name":"Obchod","item":"https:\/\/www.lraloeverashop.eu\/shop\/"},{"@type":"ListItem","position":3,"name":"Zeleninov\u00e1 polievka Figu Active Yummy Veggie"}]},{"@type":"WebSite","@id":"https:\/\/www.lraloeverashop.eu\/sk\/#website","url":"https:\/\/www.lraloeverashop.eu\/sk\/","name":"Lr Obchod Aloe Vera","description":"High Quality Lr Aloe Vera Gel, Aloe Vera Cream and Shampoo","publisher":{"@id":"https:\/\/www.lraloeverashop.eu\/sk\/#organization"},"potentialAction":[{"@type":"SearchAction","target":{"@type":"EntryPoint","urlTemplate":"https:\/\/www.lraloeverashop.eu\/sk\/?s={search_term_string}"},"query-input":{"@type":"PropertyValueSpecification","valueRequired":true,"valueName":"search_term_string"}}],"inLanguage":"sk-SK"},{"@type":"Organization","@id":"https:\/\/www.lraloeverashop.eu\/sk\/#organization","name":"Lr Obchod Aloe Vera","alternateName":"LR","url":"https:\/\/www.lraloeverashop.eu\/sk\/","logo":{"@type":"ImageObject","inLanguage":"sk-SK","@id":"https:\/\/www.lraloeverashop.eu\/sk\/#\/schema\/logo\/image\/","url":"https:\/\/www.lraloeverashop.eu\/wp-content\/uploads\/2022\/09\/cropped-Lr-Aloe-Vera-Shop.jpg","contentUrl":"https:\/\/www.lraloeverashop.eu\/wp-content\/uploads\/2022\/09\/cropped-Lr-Aloe-Vera-Shop.jpg","width":228,"height":76,"caption":"Lr Obchod Aloe Vera"},"image":{"@id":"https:\/\/www.lraloeverashop.eu\/sk\/#\/schema\/logo\/image\/"},"sameAs":["https:\/\/www.facebook.com\/lraloeverashop.eu","https:\/\/x.com\/natur__kosmetik","https:\/\/www.youtube.com\/channel\/UC5oN7BJ8nfYb8RpVtjwDEBA","https:\/\/www.instagram.com\/lrbeautyeu\/"],"description":"Obchod Lr Aloe Vera je va\u0161\u00edm d\u00f4veryhodn\u00fdm miestom pre pr\u00e9miov\u00e9 produkty LR Health & Beauty vyroben\u00e9 v Nemecku. Pon\u00fakame vysokokvalitn\u00e9 rie\u0161enia starostlivosti o ple\u0165 s Aloe Vera, v\u00fd\u017eivu a proti starnutiu, vyroben\u00e9 z \u010dist\u00fdch ingredienci\u00ed a podlo\u017een\u00e9 vedeck\u00fdm v\u00fdskumom. Objavte pr\u00edrodn\u00fa starostlivos\u0165, ktor\u00e1 regeneruje, chr\u00e1ni a revitalizuje va\u0161u ple\u0165 \u2013 a vyu\u017eite exkluz\u00edvne mesa\u010dn\u00e9 ponuky na na\u0161e najpred\u00e1vanej\u0161ie produkty LR Aloe Vera.\nZa\u010dnite svoju cestu za pr\u00edrodnou starostlivos\u0165ou o ple\u0165 e\u0161te dnes a poc\u00ed\u0165te rozdiel.","email":"info@lraloeverashop.eu","telephone":"+49 17670609653","legalName":"Lr Aloe Vera Shop","foundingDate":"2018-04-21","numberOfEmployees":{"@type":"QuantitativeValue","minValue":"1","maxValue":"10"}}]},"product_price_amount":"48.59","product_price_currency":"EUR","og_availability":"instock","product_availability":"instock","product_retailer_item_id":"81246-1SK","product_condition":"new"},"taxonomy_info":{"product_cat":[{"value":337,"label":"N\u00e1hrada jedla"},{"value":307,"label":"polievky"}],"product_tag":[{"value":623,"label":"Di\u00e9ta"}]},"featured_image_src_large":["https:\/\/www.lraloeverashop.eu\/wp-content\/uploads\/2023\/01\/FiguActive-vegetable-soup-1024x1024.jpg",1024,1024,true],"author_info":[],"comment_info":0,"_links":{"self":[{"href":"https:\/\/www.lraloeverashop.eu\/sk\/wp-json\/wp\/v2\/product\/9174","targetHints":{"allow":["GET"]}}],"collection":[{"href":"https:\/\/www.lraloeverashop.eu\/sk\/wp-json\/wp\/v2\/product"}],"about":[{"href":"https:\/\/www.lraloeverashop.eu\/sk\/wp-json\/wp\/v2\/types\/product"}],"replies":[{"embeddable":true,"href":"https:\/\/www.lraloeverashop.eu\/sk\/wp-json\/wp\/v2\/comments?post=9174"}],"wp:featuredmedia":[{"embeddable":true,"href":"https:\/\/www.lraloeverashop.eu\/sk\/wp-json\/wp\/v2\/media\/9753"}],"wp:attachment":[{"href":"https:\/\/www.lraloeverashop.eu\/sk\/wp-json\/wp\/v2\/media?parent=9174"}],"wp:term":[{"taxonomy":"product_brand","embeddable":true,"href":"https:\/\/www.lraloeverashop.eu\/sk\/wp-json\/wp\/v2\/product_brand?post=9174"},{"taxonomy":"product_cat","embeddable":true,"href":"https:\/\/www.lraloeverashop.eu\/sk\/wp-json\/wp\/v2\/product_cat?post=9174"},{"taxonomy":"product_tag","embeddable":true,"href":"https:\/\/www.lraloeverashop.eu\/sk\/wp-json\/wp\/v2\/product_tag?post=9174"}],"curies":[{"name":"wp","href":"https:\/\/api.w.org\/{rel}","templated":true}]}}