{"id":9069,"date":"2022-10-17T16:21:47","date_gmt":"2022-10-17T14:21:47","guid":{"rendered":"https:\/\/www.lraloeverashop.eu\/product\/nocny-krem-racine-q10\/"},"modified":"2025-12-12T20:14:37","modified_gmt":"2025-12-12T19:14:37","slug":"nocny-krem-racine-q10","status":"publish","type":"product","link":"https:\/\/www.lraloeverashop.eu\/sk\/produkt\/nocny-krem-racine-q10\/","title":{"rendered":"No\u010dn\u00fd Kr\u00e9m Racine Q10"},"content":{"rendered":"<h2><span style=\"font-size: 16pt;\"><strong>No\u010dn\u00fd Kr\u00e9m Racine Q10<\/strong><\/span><\/h2>\n<p><span style=\"font-size: 14pt;\"><strong>No\u010dn\u00fd Kr\u00e9m Racine Q10 Regenerujte poko\u017eku po\u010das sp\u00e1nku<\/strong><\/span><\/p>\n<p>\u0160pecifick\u00e9 o\u0161etrenie na noc, ktor\u00e9 dod\u00e1va pleti nov\u00fa energiu v\u010faka koenz\u00fdmu Q10, charakteristickej zlo\u017eke pleti. Prirodzen\u00e1 regenera\u010dn\u00e1 f\u00e1za pleti sa aktivuje po\u010das noci a akt\u00edvne <a href=\"https:\/\/www.lraloeverashop.eu\/sk\/produkt\/beauty-diamonds-nocny-krem-proti-vraskam\/\">zabra\u0148uje tvorbe vr\u00e1sok<\/a>. Ple\u0165 si udr\u017euje <a href=\"https:\/\/www.lraloeverashop.eu\/sk\/produkt\/aloe-vera-regeneracny-nocny-krem\/\">hydrat\u00e1ciu<\/a> s dlhodob\u00fdm \u00fa\u010dinkom a nasleduj\u00face r\u00e1no p\u00f4sob\u00ed hladko a svie\u017eo.<\/p>\n<h3><strong><span style=\"font-size: 16pt;\">Ako pou\u017e\u00edva\u0165<\/span><\/strong><\/h3>\n<p>Po o\u010disten\u00ed naneste No\u010dn\u00fd Kr\u00e9m Q10 ka\u017ed\u00fd ve\u010der na tv\u00e1r, krk a dekolt.<\/p>\n<h4><span style=\"font-size: 16pt;\"><strong>Vedeli ste?<\/strong><\/span><\/h4>\n<p><strong>Coenzym Q10<\/strong><br \/>\nU\u017e nieko\u013eko rokov sa osved\u010duje l\u00e1tka Ubiquinone, zn\u00e1mej\u0161ia ako\u00a0<a href=\"https:\/\/cs.wikipedia.org\/wiki\/Koenzym_Q10\">Coenzym Q10<\/a>, spolu s vitam\u00ednmi A, C a E. Tie sa priamo podie\u013eaj\u00fa na tvorbe energie v bunk\u00e1ch. Lie\u010div\u00fd komplex z\u00edskan\u00fd z rias zachyt\u00e1va hydrat\u00e1ciu poko\u017eky.<\/p>\n","protected":false},"excerpt":{"rendered":"<ul>\n<li>Dokonal\u00e1 no\u010dn\u00e1 starostlivos\u0165 proti starnutiu poko\u017eky<\/li>\n<li>Bohat\u00fd kr\u00e9m s koenz\u00fdmom Q10<\/li>\n<li>Dod\u00e1va energiu a hydrat\u00e1ciu<\/li>\n<li>Vitam\u00edn E regeneruje poko\u017eku cez noc<\/li>\n<li>Bohat\u00e1 text\u00fara s jojobov\u00fdm olejom a bambuck\u00fdm maslom<\/li>\n<li>Obsah: 50 ml<\/li>\n<\/ul>\n<p>&nbsp;<\/p>\n","protected":false},"featured_media":9046,"comment_status":"open","ping_status":"closed","template":"","meta":{"_kad_blocks_custom_css":"","_kad_blocks_head_custom_js":"","_kad_blocks_body_custom_js":"","_kad_blocks_footer_custom_js":"","_kadence_starter_templates_imported_post":false,"_kad_post_transparent":"default","_kad_post_title":"","_kad_post_layout":"default","_kad_post_sidebar_id":"","_kad_post_content_style":"default","_kad_post_vertical_padding":"default","_kad_post_feature":"","_kad_post_feature_position":"","_kad_post_header":false,"_kad_post_footer":false,"_kad_post_classname":""},"product_brand":[],"product_cat":[331,384,270,288],"product_tag":[],"class_list":{"0":"post-9069","1":"product","2":"type-product","3":"status-publish","4":"has-post-thumbnail","6":"product_cat-produkty-proti-starnutiu","7":"product_cat-racine-sk","8":"product_cat-starostlivost-proti-starnutiu","9":"product_cat-zeny-do-40","11":"first","12":"instock","13":"taxable","14":"shipping-taxable","15":"purchasable","16":"product-type-simple","17":"entry","18":"content-bg","19":"loop-entry"},"yoast_head":"<!-- This site is optimized with the Yoast SEO Premium plugin v27.5 (Yoast SEO v27.5) - https:\/\/yoast.com\/product\/yoast-seo-premium-wordpress\/ -->\n<title>No\u010dn\u00fd Kr\u00e9m Racine Q10 Regenerujte poko\u017eku po\u010das sp\u00e1nku<\/title>\n<meta name=\"description\" content=\"No\u010dn\u00fd Kr\u00e9m Racine Q10 dod\u00e1va energiu a hydrat\u00e1ciu. Vitam\u00edn E regeneruje poko\u017eku cez noc. Bohat\u00e1 text\u00fara s jojobov\u00fdm olejom a bambuck\u00fdm maslom.\" \/>\n<meta name=\"robots\" content=\"index, follow, max-snippet:-1, max-image-preview:large, max-video-preview:-1\" \/>\n<link rel=\"canonical\" href=\"https:\/\/www.lraloeverashop.eu\/sk\/produkt\/nocny-krem-racine-q10\/\" \/>\n<meta property=\"og:locale\" content=\"sk_SK\" \/>\n<meta property=\"og:type\" content=\"article\" \/>\n<meta property=\"og:title\" content=\"No\u010dn\u00fd Kr\u00e9m Racine Q10\" \/>\n<meta property=\"og:description\" content=\"No\u010dn\u00fd Kr\u00e9m Racine Q10 dod\u00e1va energiu a hydrat\u00e1ciu. Vitam\u00edn E regeneruje poko\u017eku cez noc. Bohat\u00e1 text\u00fara s jojobov\u00fdm olejom a bambuck\u00fdm maslom.\" \/>\n<meta property=\"og:url\" content=\"https:\/\/www.lraloeverashop.eu\/sk\/produkt\/nocny-krem-racine-q10\/\" \/>\n<meta property=\"og:site_name\" content=\"Lr Obchod Aloe Vera\" \/>\n<meta property=\"article:publisher\" content=\"https:\/\/www.facebook.com\/lraloeverashop.eu\" \/>\n<meta property=\"article:modified_time\" content=\"2025-12-12T19:14:37+00:00\" \/>\n<meta property=\"og:image\" content=\"https:\/\/www.lraloeverashop.eu\/wp-content\/uploads\/2022\/12\/Racine-Q10-Night-Cream.jpg\" \/>\n\t<meta property=\"og:image:width\" content=\"1200\" \/>\n\t<meta property=\"og:image:height\" content=\"1200\" \/>\n\t<meta property=\"og:image:type\" content=\"image\/jpeg\" \/>\n<meta name=\"twitter:card\" content=\"summary_large_image\" \/>\n<meta name=\"twitter:site\" content=\"@natur__kosmetik\" \/>\n<script type=\"application\/ld+json\" class=\"yoast-schema-graph\">{\"@context\":\"https:\\\/\\\/schema.org\",\"@graph\":[{\"@type\":[\"WebPage\",\"ItemPage\"],\"@id\":\"https:\\\/\\\/www.lraloeverashop.eu\\\/sk\\\/produkt\\\/nocny-krem-racine-q10\\\/\",\"url\":\"https:\\\/\\\/www.lraloeverashop.eu\\\/sk\\\/produkt\\\/nocny-krem-racine-q10\\\/\",\"name\":\"No\u010dn\u00fd Kr\u00e9m Racine Q10 Regenerujte poko\u017eku po\u010das sp\u00e1nku\",\"isPartOf\":{\"@id\":\"https:\\\/\\\/www.lraloeverashop.eu\\\/sk\\\/#website\"},\"primaryImageOfPage\":{\"@id\":\"https:\\\/\\\/www.lraloeverashop.eu\\\/sk\\\/produkt\\\/nocny-krem-racine-q10\\\/#primaryimage\"},\"image\":{\"@id\":\"https:\\\/\\\/www.lraloeverashop.eu\\\/sk\\\/produkt\\\/nocny-krem-racine-q10\\\/#primaryimage\"},\"thumbnailUrl\":\"https:\\\/\\\/www.lraloeverashop.eu\\\/wp-content\\\/uploads\\\/2022\\\/12\\\/Racine-Q10-Night-Cream.jpg\",\"datePublished\":\"2022-10-17T14:21:47+00:00\",\"dateModified\":\"2025-12-12T19:14:37+00:00\",\"description\":\"No\u010dn\u00fd Kr\u00e9m Racine Q10 dod\u00e1va energiu a hydrat\u00e1ciu. Vitam\u00edn E regeneruje poko\u017eku cez noc. Bohat\u00e1 text\u00fara s jojobov\u00fdm olejom a bambuck\u00fdm maslom.\",\"breadcrumb\":{\"@id\":\"https:\\\/\\\/www.lraloeverashop.eu\\\/sk\\\/produkt\\\/nocny-krem-racine-q10\\\/#breadcrumb\"},\"inLanguage\":\"sk-SK\",\"potentialAction\":[{\"@type\":\"ReadAction\",\"target\":[\"https:\\\/\\\/www.lraloeverashop.eu\\\/sk\\\/produkt\\\/nocny-krem-racine-q10\\\/\"]}]},{\"@type\":\"ImageObject\",\"inLanguage\":\"sk-SK\",\"@id\":\"https:\\\/\\\/www.lraloeverashop.eu\\\/sk\\\/produkt\\\/nocny-krem-racine-q10\\\/#primaryimage\",\"url\":\"https:\\\/\\\/www.lraloeverashop.eu\\\/wp-content\\\/uploads\\\/2022\\\/12\\\/Racine-Q10-Night-Cream.jpg\",\"contentUrl\":\"https:\\\/\\\/www.lraloeverashop.eu\\\/wp-content\\\/uploads\\\/2022\\\/12\\\/Racine-Q10-Night-Cream.jpg\",\"width\":1200,\"height\":1200,\"caption\":\"Racine Q10 No\u010dn\u00fd kr\u00e9m\"},{\"@type\":\"BreadcrumbList\",\"@id\":\"https:\\\/\\\/www.lraloeverashop.eu\\\/sk\\\/produkt\\\/nocny-krem-racine-q10\\\/#breadcrumb\",\"itemListElement\":[{\"@type\":\"ListItem\",\"position\":1,\"name\":\"Home\",\"item\":\"https:\\\/\\\/www.lraloeverashop.eu\\\/sk\\\/aloe-vera-obchod-vsetko-pre-vasu-krasu-a-pohodu\\\/\"},{\"@type\":\"ListItem\",\"position\":2,\"name\":\"Obchod\",\"item\":\"https:\\\/\\\/www.lraloeverashop.eu\\\/sk\\\/obchod\\\/\"},{\"@type\":\"ListItem\",\"position\":3,\"name\":\"No\u010dn\u00fd Kr\u00e9m Racine Q10\"}]},{\"@type\":\"WebSite\",\"@id\":\"https:\\\/\\\/www.lraloeverashop.eu\\\/sk\\\/#website\",\"url\":\"https:\\\/\\\/www.lraloeverashop.eu\\\/sk\\\/\",\"name\":\"Lr Obchod Aloe Vera\",\"description\":\"High Quality Lr Aloe Vera Gel, Aloe Vera Cream and Shampoo\",\"publisher\":{\"@id\":\"https:\\\/\\\/www.lraloeverashop.eu\\\/sk\\\/#organization\"},\"alternateName\":\"LR\",\"potentialAction\":[{\"@type\":\"SearchAction\",\"target\":{\"@type\":\"EntryPoint\",\"urlTemplate\":\"https:\\\/\\\/www.lraloeverashop.eu\\\/sk\\\/?s={search_term_string}\"},\"query-input\":{\"@type\":\"PropertyValueSpecification\",\"valueRequired\":true,\"valueName\":\"search_term_string\"}}],\"inLanguage\":\"sk-SK\"},{\"@type\":\"Organization\",\"@id\":\"https:\\\/\\\/www.lraloeverashop.eu\\\/sk\\\/#organization\",\"name\":\"Lr Obchod Aloe Vera\",\"alternateName\":\"LR\",\"url\":\"https:\\\/\\\/www.lraloeverashop.eu\\\/sk\\\/\",\"logo\":{\"@type\":\"ImageObject\",\"inLanguage\":\"sk-SK\",\"@id\":\"https:\\\/\\\/www.lraloeverashop.eu\\\/sk\\\/#\\\/schema\\\/logo\\\/image\\\/\",\"url\":\"https:\\\/\\\/www.lraloeverashop.eu\\\/wp-content\\\/uploads\\\/2022\\\/09\\\/cropped-Lr-Aloe-Vera-Shop.jpg\",\"contentUrl\":\"https:\\\/\\\/www.lraloeverashop.eu\\\/wp-content\\\/uploads\\\/2022\\\/09\\\/cropped-Lr-Aloe-Vera-Shop.jpg\",\"width\":228,\"height\":76,\"caption\":\"Lr Obchod Aloe Vera\"},\"image\":{\"@id\":\"https:\\\/\\\/www.lraloeverashop.eu\\\/sk\\\/#\\\/schema\\\/logo\\\/image\\\/\"},\"sameAs\":[\"https:\\\/\\\/www.facebook.com\\\/lraloeverashop.eu\",\"https:\\\/\\\/x.com\\\/natur__kosmetik\",\"https:\\\/\\\/www.youtube.com\\\/channel\\\/UC5oN7BJ8nfYb8RpVtjwDEBA\",\"https:\\\/\\\/www.instagram.com\\\/lrbeautyeu\\\/\"],\"description\":\"Obchod Lr Aloe Vera je va\u0161\u00edm d\u00f4veryhodn\u00fdm miestom pre pr\u00e9miov\u00e9 produkty LR Health & Beauty vyroben\u00e9 v Nemecku. Pon\u00fakame vysokokvalitn\u00e9 rie\u0161enia starostlivosti o ple\u0165 s Aloe Vera, v\u00fd\u017eivu a proti starnutiu, vyroben\u00e9 z \u010dist\u00fdch ingredienci\u00ed a podlo\u017een\u00e9 vedeck\u00fdm v\u00fdskumom. Objavte pr\u00edrodn\u00fa starostlivos\u0165, ktor\u00e1 regeneruje, chr\u00e1ni a revitalizuje va\u0161u ple\u0165 \u2013 a vyu\u017eite exkluz\u00edvne mesa\u010dn\u00e9 ponuky na na\u0161e najpred\u00e1vanej\u0161ie produkty LR Aloe Vera.\\nZa\u010dnite svoju cestu za pr\u00edrodnou starostlivos\u0165ou o ple\u0165 e\u0161te dnes a poc\u00ed\u0165te rozdiel.\",\"email\":\"info@lraloeverashop.eu\",\"telephone\":\"+49 17670609653\",\"legalName\":\"Lr Aloe Vera Shop\",\"foundingDate\":\"2018-04-21\",\"numberOfEmployees\":{\"@type\":\"QuantitativeValue\",\"minValue\":\"1\",\"maxValue\":\"10\"}}]}<\/script>\n<meta property=\"product:price:amount\" content=\"17.29\" \/>\n<meta property=\"product:price:currency\" content=\"EUR\" \/>\n<meta property=\"og:availability\" content=\"instock\" \/>\n<meta property=\"product:availability\" content=\"instock\" \/>\n<meta property=\"product:retailer_item_id\" content=\"28501-1SK\" \/>\n<meta property=\"product:condition\" content=\"new\" \/>\n<!-- \/ Yoast SEO Premium plugin. -->","yoast_head_json":{"title":"No\u010dn\u00fd Kr\u00e9m Racine Q10 Regenerujte poko\u017eku po\u010das sp\u00e1nku","description":"No\u010dn\u00fd Kr\u00e9m Racine Q10 dod\u00e1va energiu a hydrat\u00e1ciu. Vitam\u00edn E regeneruje poko\u017eku cez noc. Bohat\u00e1 text\u00fara s jojobov\u00fdm olejom a bambuck\u00fdm maslom.","robots":{"index":"index","follow":"follow","max-snippet":"max-snippet:-1","max-image-preview":"max-image-preview:large","max-video-preview":"max-video-preview:-1"},"canonical":"https:\/\/www.lraloeverashop.eu\/sk\/produkt\/nocny-krem-racine-q10\/","og_locale":"sk_SK","og_type":"article","og_title":"No\u010dn\u00fd Kr\u00e9m Racine Q10","og_description":"No\u010dn\u00fd Kr\u00e9m Racine Q10 dod\u00e1va energiu a hydrat\u00e1ciu. Vitam\u00edn E regeneruje poko\u017eku cez noc. Bohat\u00e1 text\u00fara s jojobov\u00fdm olejom a bambuck\u00fdm maslom.","og_url":"https:\/\/www.lraloeverashop.eu\/sk\/produkt\/nocny-krem-racine-q10\/","og_site_name":"Lr Obchod Aloe Vera","article_publisher":"https:\/\/www.facebook.com\/lraloeverashop.eu","article_modified_time":"2025-12-12T19:14:37+00:00","og_image":[{"width":1200,"height":1200,"url":"https:\/\/www.lraloeverashop.eu\/wp-content\/uploads\/2022\/12\/Racine-Q10-Night-Cream.jpg","type":"image\/jpeg"}],"twitter_card":"summary_large_image","twitter_site":"@natur__kosmetik","schema":{"@context":"https:\/\/schema.org","@graph":[{"@type":["WebPage","ItemPage"],"@id":"https:\/\/www.lraloeverashop.eu\/sk\/produkt\/nocny-krem-racine-q10\/","url":"https:\/\/www.lraloeverashop.eu\/sk\/produkt\/nocny-krem-racine-q10\/","name":"No\u010dn\u00fd Kr\u00e9m Racine Q10 Regenerujte poko\u017eku po\u010das sp\u00e1nku","isPartOf":{"@id":"https:\/\/www.lraloeverashop.eu\/sk\/#website"},"primaryImageOfPage":{"@id":"https:\/\/www.lraloeverashop.eu\/sk\/produkt\/nocny-krem-racine-q10\/#primaryimage"},"image":{"@id":"https:\/\/www.lraloeverashop.eu\/sk\/produkt\/nocny-krem-racine-q10\/#primaryimage"},"thumbnailUrl":"https:\/\/www.lraloeverashop.eu\/wp-content\/uploads\/2022\/12\/Racine-Q10-Night-Cream.jpg","datePublished":"2022-10-17T14:21:47+00:00","dateModified":"2025-12-12T19:14:37+00:00","description":"No\u010dn\u00fd Kr\u00e9m Racine Q10 dod\u00e1va energiu a hydrat\u00e1ciu. Vitam\u00edn E regeneruje poko\u017eku cez noc. Bohat\u00e1 text\u00fara s jojobov\u00fdm olejom a bambuck\u00fdm maslom.","breadcrumb":{"@id":"https:\/\/www.lraloeverashop.eu\/sk\/produkt\/nocny-krem-racine-q10\/#breadcrumb"},"inLanguage":"sk-SK","potentialAction":[{"@type":"ReadAction","target":["https:\/\/www.lraloeverashop.eu\/sk\/produkt\/nocny-krem-racine-q10\/"]}]},{"@type":"ImageObject","inLanguage":"sk-SK","@id":"https:\/\/www.lraloeverashop.eu\/sk\/produkt\/nocny-krem-racine-q10\/#primaryimage","url":"https:\/\/www.lraloeverashop.eu\/wp-content\/uploads\/2022\/12\/Racine-Q10-Night-Cream.jpg","contentUrl":"https:\/\/www.lraloeverashop.eu\/wp-content\/uploads\/2022\/12\/Racine-Q10-Night-Cream.jpg","width":1200,"height":1200,"caption":"Racine Q10 No\u010dn\u00fd kr\u00e9m"},{"@type":"BreadcrumbList","@id":"https:\/\/www.lraloeverashop.eu\/sk\/produkt\/nocny-krem-racine-q10\/#breadcrumb","itemListElement":[{"@type":"ListItem","position":1,"name":"Home","item":"https:\/\/www.lraloeverashop.eu\/sk\/aloe-vera-obchod-vsetko-pre-vasu-krasu-a-pohodu\/"},{"@type":"ListItem","position":2,"name":"Obchod","item":"https:\/\/www.lraloeverashop.eu\/sk\/obchod\/"},{"@type":"ListItem","position":3,"name":"No\u010dn\u00fd Kr\u00e9m Racine Q10"}]},{"@type":"WebSite","@id":"https:\/\/www.lraloeverashop.eu\/sk\/#website","url":"https:\/\/www.lraloeverashop.eu\/sk\/","name":"Lr Obchod Aloe Vera","description":"High Quality Lr Aloe Vera Gel, Aloe Vera Cream and Shampoo","publisher":{"@id":"https:\/\/www.lraloeverashop.eu\/sk\/#organization"},"alternateName":"LR","potentialAction":[{"@type":"SearchAction","target":{"@type":"EntryPoint","urlTemplate":"https:\/\/www.lraloeverashop.eu\/sk\/?s={search_term_string}"},"query-input":{"@type":"PropertyValueSpecification","valueRequired":true,"valueName":"search_term_string"}}],"inLanguage":"sk-SK"},{"@type":"Organization","@id":"https:\/\/www.lraloeverashop.eu\/sk\/#organization","name":"Lr Obchod Aloe Vera","alternateName":"LR","url":"https:\/\/www.lraloeverashop.eu\/sk\/","logo":{"@type":"ImageObject","inLanguage":"sk-SK","@id":"https:\/\/www.lraloeverashop.eu\/sk\/#\/schema\/logo\/image\/","url":"https:\/\/www.lraloeverashop.eu\/wp-content\/uploads\/2022\/09\/cropped-Lr-Aloe-Vera-Shop.jpg","contentUrl":"https:\/\/www.lraloeverashop.eu\/wp-content\/uploads\/2022\/09\/cropped-Lr-Aloe-Vera-Shop.jpg","width":228,"height":76,"caption":"Lr Obchod Aloe Vera"},"image":{"@id":"https:\/\/www.lraloeverashop.eu\/sk\/#\/schema\/logo\/image\/"},"sameAs":["https:\/\/www.facebook.com\/lraloeverashop.eu","https:\/\/x.com\/natur__kosmetik","https:\/\/www.youtube.com\/channel\/UC5oN7BJ8nfYb8RpVtjwDEBA","https:\/\/www.instagram.com\/lrbeautyeu\/"],"description":"Obchod Lr Aloe Vera je va\u0161\u00edm d\u00f4veryhodn\u00fdm miestom pre pr\u00e9miov\u00e9 produkty LR Health & Beauty vyroben\u00e9 v Nemecku. Pon\u00fakame vysokokvalitn\u00e9 rie\u0161enia starostlivosti o ple\u0165 s Aloe Vera, v\u00fd\u017eivu a proti starnutiu, vyroben\u00e9 z \u010dist\u00fdch ingredienci\u00ed a podlo\u017een\u00e9 vedeck\u00fdm v\u00fdskumom. Objavte pr\u00edrodn\u00fa starostlivos\u0165, ktor\u00e1 regeneruje, chr\u00e1ni a revitalizuje va\u0161u ple\u0165 \u2013 a vyu\u017eite exkluz\u00edvne mesa\u010dn\u00e9 ponuky na na\u0161e najpred\u00e1vanej\u0161ie produkty LR Aloe Vera.\nZa\u010dnite svoju cestu za pr\u00edrodnou starostlivos\u0165ou o ple\u0165 e\u0161te dnes a poc\u00ed\u0165te rozdiel.","email":"info@lraloeverashop.eu","telephone":"+49 17670609653","legalName":"Lr Aloe Vera Shop","foundingDate":"2018-04-21","numberOfEmployees":{"@type":"QuantitativeValue","minValue":"1","maxValue":"10"}}]},"product_price_amount":"17.29","product_price_currency":"EUR","og_availability":"instock","product_availability":"instock","product_retailer_item_id":"28501-1SK","product_condition":"new"},"taxonomy_info":{"product_cat":[{"value":331,"label":"Produkty proti starnutiu"},{"value":384,"label":"Racine"},{"value":270,"label":"Starostlivos\u0165 proti starnutiu"},{"value":288,"label":"\u017deny do 40"}]},"featured_image_src_large":["https:\/\/www.lraloeverashop.eu\/wp-content\/uploads\/2022\/12\/Racine-Q10-Night-Cream-1024x1024.jpg",1024,1024,true],"author_info":[],"comment_info":0,"_links":{"self":[{"href":"https:\/\/www.lraloeverashop.eu\/sk\/wp-json\/wp\/v2\/product\/9069","targetHints":{"allow":["GET"]}}],"collection":[{"href":"https:\/\/www.lraloeverashop.eu\/sk\/wp-json\/wp\/v2\/product"}],"about":[{"href":"https:\/\/www.lraloeverashop.eu\/sk\/wp-json\/wp\/v2\/types\/product"}],"replies":[{"embeddable":true,"href":"https:\/\/www.lraloeverashop.eu\/sk\/wp-json\/wp\/v2\/comments?post=9069"}],"wp:featuredmedia":[{"embeddable":true,"href":"https:\/\/www.lraloeverashop.eu\/sk\/wp-json\/wp\/v2\/media\/9046"}],"wp:attachment":[{"href":"https:\/\/www.lraloeverashop.eu\/sk\/wp-json\/wp\/v2\/media?parent=9069"}],"wp:term":[{"taxonomy":"product_brand","embeddable":true,"href":"https:\/\/www.lraloeverashop.eu\/sk\/wp-json\/wp\/v2\/product_brand?post=9069"},{"taxonomy":"product_cat","embeddable":true,"href":"https:\/\/www.lraloeverashop.eu\/sk\/wp-json\/wp\/v2\/product_cat?post=9069"},{"taxonomy":"product_tag","embeddable":true,"href":"https:\/\/www.lraloeverashop.eu\/sk\/wp-json\/wp\/v2\/product_tag?post=9069"}],"curies":[{"name":"wp","href":"https:\/\/api.w.org\/{rel}","templated":true}]}}