{"id":9059,"date":"2022-10-17T16:46:14","date_gmt":"2022-10-17T14:46:14","guid":{"rendered":"https:\/\/www.lraloeverashop.eu\/product\/racine-q10-set-starostlivosti-o-tvar\/"},"modified":"2026-03-29T12:49:21","modified_gmt":"2026-03-29T10:49:21","slug":"racine-q10-set-starostlivosti-o-tvar","status":"publish","type":"product","link":"https:\/\/www.lraloeverashop.eu\/sk\/produkt\/racine-q10-set-starostlivosti-o-tvar\/","title":{"rendered":"Racine Q10 Set Starostlivosti o Tv\u00e1r"},"content":{"rendered":"<h2><span style=\"font-size: 16pt;\"><strong>Racine Q10 Set Starostlivosti o Tv\u00e1r<\/strong><\/span><\/h2>\n<p><span style=\"font-size: 14pt;\"><strong>Racine Q10 Set Starostlivosti o Tv\u00e1r &#8211; Kompletn\u00e9 o\u0161etrenie, ktor\u00e9 dod\u00e1 va\u0161ej poko\u017eke energiu<\/strong><\/span><\/p>\n<p>Set starostlivosti o tv\u00e1r anti age sa star\u00e1 o unaven\u00fa a nam\u00e1han\u00fa ple\u0165 s vysokou hydrat\u00e1ciou a energiou. Od objavenia sa prv\u00fdch vr\u00e1sok m\u00f4\u017eete p\u00f4sobi\u0165 proti procesu starnutia v\u010faka akt\u00edvnemu komplexu koenz\u00fdmu Q10 a riasam. Podporuje energetick\u00fd metabolizmus buniek pre vidite\u013ene jasnej\u0161iu a svie\u017eej\u0161iu ple\u0165.<\/p>\n<ul>\n<li>Denn\u00fd kr\u00e9m Racine Q10 dod\u00e1va pleti viac energie pre optim\u00e1lnu ochranu a zabra\u0148uje tvorbe vr\u00e1sok.<\/li>\n<li>No\u010dn\u00fd kr\u00e9m Racine Q10 regeneruje va\u0161u poko\u017eku po\u010das sp\u00e1nku.<\/li>\n<li>O\u010dn\u00fd kr\u00e9m Racine Q10 dod\u00e1va silu a energiu obzvl\u00e1\u0161\u0165 n\u00e1ro\u010dnej pleti okolo o\u010d\u00ed.<\/li>\n<\/ul>\n<p>\u00da\u010dinn\u00e1 l\u00e1tka Q10 preuk\u00e1zala svoju \u00fa\u010dinnos\u0165 proti zn\u00e1mkam starnutia. <a href=\"https:\/\/en.wikipedia.org\/wiki\/Coenzyme_Q10\">Q10<\/a> (koenz\u00fdm Q10 alebo ubichin\u00f3n) sa podie\u013ea na mechanizmoch energetick\u00e9ho metabolizmu buniek a p\u00f4sob\u00ed <a href=\"https:\/\/www.lraloeverashop.eu\/sk\/prirodny-elixir-krasy-pre-mladistvy-vzhlad\/\">proti tvorbe vr\u00e1sok<\/a>. Doprajte si ide\u00e1lnu starostlivos\u0165 a objavte \u010fal\u0161ie produkty zo s\u00e9rie <a href=\"https:\/\/www.lraloeverashop.eu\/sk\/produkt\/racine-denny-a-nocny-krem\/\">Racine<\/a>.<\/p>\n","protected":false},"excerpt":{"rendered":"<ul>\n<li>Kompletn\u00e1 jemn\u00e1 starostlivos\u0165 proti starnutiu<\/li>\n<li>So vz\u00e1cnym koenz\u00fdmom Q10<\/li>\n<li>O\u0161etruje poko\u017eku<\/li>\n<li>Sada obsahuje denn\u00fd kr\u00e9m, no\u010dn\u00fd kr\u00e9m a o\u010dn\u00fd kr\u00e9m<\/li>\n<li>Produkt vyroben\u00fd v Nemecku<\/li>\n<\/ul>\n<p>&nbsp;<\/p>\n","protected":false},"featured_media":9025,"comment_status":"open","ping_status":"closed","template":"","meta":{"_kad_blocks_custom_css":"","_kad_blocks_head_custom_js":"","_kad_blocks_body_custom_js":"","_kad_blocks_footer_custom_js":"","_kadence_starter_templates_imported_post":false,"_kad_post_transparent":"default","_kad_post_title":"","_kad_post_layout":"default","_kad_post_sidebar_id":"","_kad_post_content_style":"default","_kad_post_vertical_padding":"default","_kad_post_feature":"","_kad_post_feature_position":"","_kad_post_header":false,"_kad_post_footer":false,"_kad_post_classname":""},"product_brand":[],"product_cat":[331,384,270,288,355],"product_tag":[],"class_list":{"0":"post-9059","1":"product","2":"type-product","3":"status-publish","4":"has-post-thumbnail","6":"product_cat-produkty-proti-starnutiu","7":"product_cat-racine-sk","8":"product_cat-starostlivost-proti-starnutiu","9":"product_cat-zeny-do-40","10":"product_cat-zlavy","12":"first","13":"instock","14":"sale","15":"taxable","16":"shipping-taxable","17":"purchasable","18":"product-type-simple","19":"entry","20":"content-bg","21":"loop-entry"},"yoast_head":"<!-- This site is optimized with the Yoast SEO Premium plugin v27.5 (Yoast SEO v27.5) - https:\/\/yoast.com\/product\/yoast-seo-premium-wordpress\/ -->\n<title>Racine Q10 Set Starostlivosti o Tv\u00e1r dod\u00e1 va\u0161ej poko\u017eke energiu<\/title>\n<meta name=\"description\" content=\"Racine Q10 Set Starostlivosti sa star\u00e1 o unaven\u00fa a nam\u00e1han\u00fa ple\u0165 s vysokou hydrat\u00e1ciou a energiou. So vz\u00e1cnym koenz\u00fdmom Q10 proti starnutiu poko\u017eky.\" \/>\n<meta name=\"robots\" content=\"index, follow, max-snippet:-1, max-image-preview:large, max-video-preview:-1\" \/>\n<link rel=\"canonical\" href=\"https:\/\/www.lraloeverashop.eu\/sk\/produkt\/racine-q10-set-starostlivosti-o-tvar\/\" \/>\n<meta property=\"og:locale\" content=\"sk_SK\" \/>\n<meta property=\"og:type\" content=\"article\" \/>\n<meta property=\"og:title\" content=\"Racine Q10 Set Starostlivosti o Tv\u00e1r\" \/>\n<meta property=\"og:description\" content=\"Racine Q10 Set Starostlivosti sa star\u00e1 o unaven\u00fa a nam\u00e1han\u00fa ple\u0165 s vysokou hydrat\u00e1ciou a energiou. So vz\u00e1cnym koenz\u00fdmom Q10 proti starnutiu poko\u017eky.\" \/>\n<meta property=\"og:url\" content=\"https:\/\/www.lraloeverashop.eu\/sk\/produkt\/racine-q10-set-starostlivosti-o-tvar\/\" \/>\n<meta property=\"og:site_name\" content=\"Lr Obchod Aloe Vera\" \/>\n<meta property=\"article:publisher\" content=\"https:\/\/www.facebook.com\/lraloeverashop.eu\" \/>\n<meta property=\"article:modified_time\" content=\"2026-03-29T10:49:21+00:00\" \/>\n<meta property=\"og:image\" content=\"https:\/\/www.lraloeverashop.eu\/wp-content\/uploads\/2022\/12\/Racine-Set.jpg\" \/>\n\t<meta property=\"og:image:width\" content=\"1200\" \/>\n\t<meta property=\"og:image:height\" content=\"1200\" \/>\n\t<meta property=\"og:image:type\" content=\"image\/jpeg\" \/>\n<meta name=\"twitter:card\" content=\"summary_large_image\" \/>\n<meta name=\"twitter:site\" content=\"@natur__kosmetik\" \/>\n<script type=\"application\/ld+json\" class=\"yoast-schema-graph\">{\"@context\":\"https:\\\/\\\/schema.org\",\"@graph\":[{\"@type\":[\"WebPage\",\"ItemPage\"],\"@id\":\"https:\\\/\\\/www.lraloeverashop.eu\\\/sk\\\/produkt\\\/racine-q10-set-starostlivosti-o-tvar\\\/\",\"url\":\"https:\\\/\\\/www.lraloeverashop.eu\\\/sk\\\/produkt\\\/racine-q10-set-starostlivosti-o-tvar\\\/\",\"name\":\"Racine Q10 Set Starostlivosti o Tv\u00e1r dod\u00e1 va\u0161ej poko\u017eke energiu\",\"isPartOf\":{\"@id\":\"https:\\\/\\\/www.lraloeverashop.eu\\\/sk\\\/#website\"},\"primaryImageOfPage\":{\"@id\":\"https:\\\/\\\/www.lraloeverashop.eu\\\/sk\\\/produkt\\\/racine-q10-set-starostlivosti-o-tvar\\\/#primaryimage\"},\"image\":{\"@id\":\"https:\\\/\\\/www.lraloeverashop.eu\\\/sk\\\/produkt\\\/racine-q10-set-starostlivosti-o-tvar\\\/#primaryimage\"},\"thumbnailUrl\":\"https:\\\/\\\/www.lraloeverashop.eu\\\/wp-content\\\/uploads\\\/2022\\\/12\\\/Racine-Set.jpg\",\"datePublished\":\"2022-10-17T14:46:14+00:00\",\"dateModified\":\"2026-03-29T10:49:21+00:00\",\"description\":\"Racine Q10 Set Starostlivosti sa star\u00e1 o unaven\u00fa a nam\u00e1han\u00fa ple\u0165 s vysokou hydrat\u00e1ciou a energiou. So vz\u00e1cnym koenz\u00fdmom Q10 proti starnutiu poko\u017eky.\",\"breadcrumb\":{\"@id\":\"https:\\\/\\\/www.lraloeverashop.eu\\\/sk\\\/produkt\\\/racine-q10-set-starostlivosti-o-tvar\\\/#breadcrumb\"},\"inLanguage\":\"sk-SK\",\"potentialAction\":[{\"@type\":\"ReadAction\",\"target\":[\"https:\\\/\\\/www.lraloeverashop.eu\\\/sk\\\/produkt\\\/racine-q10-set-starostlivosti-o-tvar\\\/\"]}]},{\"@type\":\"ImageObject\",\"inLanguage\":\"sk-SK\",\"@id\":\"https:\\\/\\\/www.lraloeverashop.eu\\\/sk\\\/produkt\\\/racine-q10-set-starostlivosti-o-tvar\\\/#primaryimage\",\"url\":\"https:\\\/\\\/www.lraloeverashop.eu\\\/wp-content\\\/uploads\\\/2022\\\/12\\\/Racine-Set.jpg\",\"contentUrl\":\"https:\\\/\\\/www.lraloeverashop.eu\\\/wp-content\\\/uploads\\\/2022\\\/12\\\/Racine-Set.jpg\",\"width\":1200,\"height\":1200,\"caption\":\"Racine Q10 Set na tv\u00e1r\"},{\"@type\":\"BreadcrumbList\",\"@id\":\"https:\\\/\\\/www.lraloeverashop.eu\\\/sk\\\/produkt\\\/racine-q10-set-starostlivosti-o-tvar\\\/#breadcrumb\",\"itemListElement\":[{\"@type\":\"ListItem\",\"position\":1,\"name\":\"Home\",\"item\":\"https:\\\/\\\/www.lraloeverashop.eu\\\/sk\\\/aloe-vera-obchod-vsetko-pre-vasu-krasu-a-pohodu\\\/\"},{\"@type\":\"ListItem\",\"position\":2,\"name\":\"Obchod\",\"item\":\"https:\\\/\\\/www.lraloeverashop.eu\\\/sk\\\/obchod\\\/\"},{\"@type\":\"ListItem\",\"position\":3,\"name\":\"Racine Q10 Set Starostlivosti o Tv\u00e1r\"}]},{\"@type\":\"WebSite\",\"@id\":\"https:\\\/\\\/www.lraloeverashop.eu\\\/sk\\\/#website\",\"url\":\"https:\\\/\\\/www.lraloeverashop.eu\\\/sk\\\/\",\"name\":\"Lr Obchod Aloe Vera\",\"description\":\"High Quality Lr Aloe Vera Gel, Aloe Vera Cream and Shampoo\",\"publisher\":{\"@id\":\"https:\\\/\\\/www.lraloeverashop.eu\\\/sk\\\/#organization\"},\"alternateName\":\"LR\",\"potentialAction\":[{\"@type\":\"SearchAction\",\"target\":{\"@type\":\"EntryPoint\",\"urlTemplate\":\"https:\\\/\\\/www.lraloeverashop.eu\\\/sk\\\/?s={search_term_string}\"},\"query-input\":{\"@type\":\"PropertyValueSpecification\",\"valueRequired\":true,\"valueName\":\"search_term_string\"}}],\"inLanguage\":\"sk-SK\"},{\"@type\":\"Organization\",\"@id\":\"https:\\\/\\\/www.lraloeverashop.eu\\\/sk\\\/#organization\",\"name\":\"Lr Obchod Aloe Vera\",\"alternateName\":\"LR\",\"url\":\"https:\\\/\\\/www.lraloeverashop.eu\\\/sk\\\/\",\"logo\":{\"@type\":\"ImageObject\",\"inLanguage\":\"sk-SK\",\"@id\":\"https:\\\/\\\/www.lraloeverashop.eu\\\/sk\\\/#\\\/schema\\\/logo\\\/image\\\/\",\"url\":\"https:\\\/\\\/www.lraloeverashop.eu\\\/wp-content\\\/uploads\\\/2022\\\/09\\\/cropped-Lr-Aloe-Vera-Shop.jpg\",\"contentUrl\":\"https:\\\/\\\/www.lraloeverashop.eu\\\/wp-content\\\/uploads\\\/2022\\\/09\\\/cropped-Lr-Aloe-Vera-Shop.jpg\",\"width\":228,\"height\":76,\"caption\":\"Lr Obchod Aloe Vera\"},\"image\":{\"@id\":\"https:\\\/\\\/www.lraloeverashop.eu\\\/sk\\\/#\\\/schema\\\/logo\\\/image\\\/\"},\"sameAs\":[\"https:\\\/\\\/www.facebook.com\\\/lraloeverashop.eu\",\"https:\\\/\\\/x.com\\\/natur__kosmetik\",\"https:\\\/\\\/www.youtube.com\\\/channel\\\/UC5oN7BJ8nfYb8RpVtjwDEBA\",\"https:\\\/\\\/www.instagram.com\\\/lrbeautyeu\\\/\"],\"description\":\"Obchod Lr Aloe Vera je va\u0161\u00edm d\u00f4veryhodn\u00fdm miestom pre pr\u00e9miov\u00e9 produkty LR Health & Beauty vyroben\u00e9 v Nemecku. Pon\u00fakame vysokokvalitn\u00e9 rie\u0161enia starostlivosti o ple\u0165 s Aloe Vera, v\u00fd\u017eivu a proti starnutiu, vyroben\u00e9 z \u010dist\u00fdch ingredienci\u00ed a podlo\u017een\u00e9 vedeck\u00fdm v\u00fdskumom. Objavte pr\u00edrodn\u00fa starostlivos\u0165, ktor\u00e1 regeneruje, chr\u00e1ni a revitalizuje va\u0161u ple\u0165 \u2013 a vyu\u017eite exkluz\u00edvne mesa\u010dn\u00e9 ponuky na na\u0161e najpred\u00e1vanej\u0161ie produkty LR Aloe Vera.\\nZa\u010dnite svoju cestu za pr\u00edrodnou starostlivos\u0165ou o ple\u0165 e\u0161te dnes a poc\u00ed\u0165te rozdiel.\",\"email\":\"info@lraloeverashop.eu\",\"telephone\":\"+49 17670609653\",\"legalName\":\"Lr Aloe Vera Shop\",\"foundingDate\":\"2018-04-21\",\"numberOfEmployees\":{\"@type\":\"QuantitativeValue\",\"minValue\":\"1\",\"maxValue\":\"10\"}}]}<\/script>\n<meta property=\"product:price:amount\" content=\"34.99\" \/>\n<meta property=\"product:price:currency\" content=\"EUR\" \/>\n<meta property=\"og:availability\" content=\"instock\" \/>\n<meta property=\"product:availability\" content=\"instock\" \/>\n<meta property=\"product:retailer_item_id\" content=\"28503-1SK\" \/>\n<meta property=\"product:condition\" content=\"new\" \/>\n<!-- \/ Yoast SEO Premium plugin. -->","yoast_head_json":{"title":"Racine Q10 Set Starostlivosti o Tv\u00e1r dod\u00e1 va\u0161ej poko\u017eke energiu","description":"Racine Q10 Set Starostlivosti sa star\u00e1 o unaven\u00fa a nam\u00e1han\u00fa ple\u0165 s vysokou hydrat\u00e1ciou a energiou. So vz\u00e1cnym koenz\u00fdmom Q10 proti starnutiu poko\u017eky.","robots":{"index":"index","follow":"follow","max-snippet":"max-snippet:-1","max-image-preview":"max-image-preview:large","max-video-preview":"max-video-preview:-1"},"canonical":"https:\/\/www.lraloeverashop.eu\/sk\/produkt\/racine-q10-set-starostlivosti-o-tvar\/","og_locale":"sk_SK","og_type":"article","og_title":"Racine Q10 Set Starostlivosti o Tv\u00e1r","og_description":"Racine Q10 Set Starostlivosti sa star\u00e1 o unaven\u00fa a nam\u00e1han\u00fa ple\u0165 s vysokou hydrat\u00e1ciou a energiou. So vz\u00e1cnym koenz\u00fdmom Q10 proti starnutiu poko\u017eky.","og_url":"https:\/\/www.lraloeverashop.eu\/sk\/produkt\/racine-q10-set-starostlivosti-o-tvar\/","og_site_name":"Lr Obchod Aloe Vera","article_publisher":"https:\/\/www.facebook.com\/lraloeverashop.eu","article_modified_time":"2026-03-29T10:49:21+00:00","og_image":[{"width":1200,"height":1200,"url":"https:\/\/www.lraloeverashop.eu\/wp-content\/uploads\/2022\/12\/Racine-Set.jpg","type":"image\/jpeg"}],"twitter_card":"summary_large_image","twitter_site":"@natur__kosmetik","schema":{"@context":"https:\/\/schema.org","@graph":[{"@type":["WebPage","ItemPage"],"@id":"https:\/\/www.lraloeverashop.eu\/sk\/produkt\/racine-q10-set-starostlivosti-o-tvar\/","url":"https:\/\/www.lraloeverashop.eu\/sk\/produkt\/racine-q10-set-starostlivosti-o-tvar\/","name":"Racine Q10 Set Starostlivosti o Tv\u00e1r dod\u00e1 va\u0161ej poko\u017eke energiu","isPartOf":{"@id":"https:\/\/www.lraloeverashop.eu\/sk\/#website"},"primaryImageOfPage":{"@id":"https:\/\/www.lraloeverashop.eu\/sk\/produkt\/racine-q10-set-starostlivosti-o-tvar\/#primaryimage"},"image":{"@id":"https:\/\/www.lraloeverashop.eu\/sk\/produkt\/racine-q10-set-starostlivosti-o-tvar\/#primaryimage"},"thumbnailUrl":"https:\/\/www.lraloeverashop.eu\/wp-content\/uploads\/2022\/12\/Racine-Set.jpg","datePublished":"2022-10-17T14:46:14+00:00","dateModified":"2026-03-29T10:49:21+00:00","description":"Racine Q10 Set Starostlivosti sa star\u00e1 o unaven\u00fa a nam\u00e1han\u00fa ple\u0165 s vysokou hydrat\u00e1ciou a energiou. So vz\u00e1cnym koenz\u00fdmom Q10 proti starnutiu poko\u017eky.","breadcrumb":{"@id":"https:\/\/www.lraloeverashop.eu\/sk\/produkt\/racine-q10-set-starostlivosti-o-tvar\/#breadcrumb"},"inLanguage":"sk-SK","potentialAction":[{"@type":"ReadAction","target":["https:\/\/www.lraloeverashop.eu\/sk\/produkt\/racine-q10-set-starostlivosti-o-tvar\/"]}]},{"@type":"ImageObject","inLanguage":"sk-SK","@id":"https:\/\/www.lraloeverashop.eu\/sk\/produkt\/racine-q10-set-starostlivosti-o-tvar\/#primaryimage","url":"https:\/\/www.lraloeverashop.eu\/wp-content\/uploads\/2022\/12\/Racine-Set.jpg","contentUrl":"https:\/\/www.lraloeverashop.eu\/wp-content\/uploads\/2022\/12\/Racine-Set.jpg","width":1200,"height":1200,"caption":"Racine Q10 Set na tv\u00e1r"},{"@type":"BreadcrumbList","@id":"https:\/\/www.lraloeverashop.eu\/sk\/produkt\/racine-q10-set-starostlivosti-o-tvar\/#breadcrumb","itemListElement":[{"@type":"ListItem","position":1,"name":"Home","item":"https:\/\/www.lraloeverashop.eu\/sk\/aloe-vera-obchod-vsetko-pre-vasu-krasu-a-pohodu\/"},{"@type":"ListItem","position":2,"name":"Obchod","item":"https:\/\/www.lraloeverashop.eu\/sk\/obchod\/"},{"@type":"ListItem","position":3,"name":"Racine Q10 Set Starostlivosti o Tv\u00e1r"}]},{"@type":"WebSite","@id":"https:\/\/www.lraloeverashop.eu\/sk\/#website","url":"https:\/\/www.lraloeverashop.eu\/sk\/","name":"Lr Obchod Aloe Vera","description":"High Quality Lr Aloe Vera Gel, Aloe Vera Cream and Shampoo","publisher":{"@id":"https:\/\/www.lraloeverashop.eu\/sk\/#organization"},"alternateName":"LR","potentialAction":[{"@type":"SearchAction","target":{"@type":"EntryPoint","urlTemplate":"https:\/\/www.lraloeverashop.eu\/sk\/?s={search_term_string}"},"query-input":{"@type":"PropertyValueSpecification","valueRequired":true,"valueName":"search_term_string"}}],"inLanguage":"sk-SK"},{"@type":"Organization","@id":"https:\/\/www.lraloeverashop.eu\/sk\/#organization","name":"Lr Obchod Aloe Vera","alternateName":"LR","url":"https:\/\/www.lraloeverashop.eu\/sk\/","logo":{"@type":"ImageObject","inLanguage":"sk-SK","@id":"https:\/\/www.lraloeverashop.eu\/sk\/#\/schema\/logo\/image\/","url":"https:\/\/www.lraloeverashop.eu\/wp-content\/uploads\/2022\/09\/cropped-Lr-Aloe-Vera-Shop.jpg","contentUrl":"https:\/\/www.lraloeverashop.eu\/wp-content\/uploads\/2022\/09\/cropped-Lr-Aloe-Vera-Shop.jpg","width":228,"height":76,"caption":"Lr Obchod Aloe Vera"},"image":{"@id":"https:\/\/www.lraloeverashop.eu\/sk\/#\/schema\/logo\/image\/"},"sameAs":["https:\/\/www.facebook.com\/lraloeverashop.eu","https:\/\/x.com\/natur__kosmetik","https:\/\/www.youtube.com\/channel\/UC5oN7BJ8nfYb8RpVtjwDEBA","https:\/\/www.instagram.com\/lrbeautyeu\/"],"description":"Obchod Lr Aloe Vera je va\u0161\u00edm d\u00f4veryhodn\u00fdm miestom pre pr\u00e9miov\u00e9 produkty LR Health & Beauty vyroben\u00e9 v Nemecku. Pon\u00fakame vysokokvalitn\u00e9 rie\u0161enia starostlivosti o ple\u0165 s Aloe Vera, v\u00fd\u017eivu a proti starnutiu, vyroben\u00e9 z \u010dist\u00fdch ingredienci\u00ed a podlo\u017een\u00e9 vedeck\u00fdm v\u00fdskumom. Objavte pr\u00edrodn\u00fa starostlivos\u0165, ktor\u00e1 regeneruje, chr\u00e1ni a revitalizuje va\u0161u ple\u0165 \u2013 a vyu\u017eite exkluz\u00edvne mesa\u010dn\u00e9 ponuky na na\u0161e najpred\u00e1vanej\u0161ie produkty LR Aloe Vera.\nZa\u010dnite svoju cestu za pr\u00edrodnou starostlivos\u0165ou o ple\u0165 e\u0161te dnes a poc\u00ed\u0165te rozdiel.","email":"info@lraloeverashop.eu","telephone":"+49 17670609653","legalName":"Lr Aloe Vera Shop","foundingDate":"2018-04-21","numberOfEmployees":{"@type":"QuantitativeValue","minValue":"1","maxValue":"10"}}]},"product_price_amount":"34.99","product_price_currency":"EUR","og_availability":"instock","product_availability":"instock","product_retailer_item_id":"28503-1SK","product_condition":"new"},"taxonomy_info":{"product_cat":[{"value":331,"label":"Produkty proti starnutiu"},{"value":384,"label":"Racine"},{"value":270,"label":"Starostlivos\u0165 proti starnutiu"},{"value":288,"label":"\u017deny do 40"},{"value":355,"label":"Z\u013eavy"}]},"featured_image_src_large":["https:\/\/www.lraloeverashop.eu\/wp-content\/uploads\/2022\/12\/Racine-Set-1024x1024.jpg",1024,1024,true],"author_info":[],"comment_info":0,"_links":{"self":[{"href":"https:\/\/www.lraloeverashop.eu\/sk\/wp-json\/wp\/v2\/product\/9059","targetHints":{"allow":["GET"]}}],"collection":[{"href":"https:\/\/www.lraloeverashop.eu\/sk\/wp-json\/wp\/v2\/product"}],"about":[{"href":"https:\/\/www.lraloeverashop.eu\/sk\/wp-json\/wp\/v2\/types\/product"}],"replies":[{"embeddable":true,"href":"https:\/\/www.lraloeverashop.eu\/sk\/wp-json\/wp\/v2\/comments?post=9059"}],"wp:featuredmedia":[{"embeddable":true,"href":"https:\/\/www.lraloeverashop.eu\/sk\/wp-json\/wp\/v2\/media\/9025"}],"wp:attachment":[{"href":"https:\/\/www.lraloeverashop.eu\/sk\/wp-json\/wp\/v2\/media?parent=9059"}],"wp:term":[{"taxonomy":"product_brand","embeddable":true,"href":"https:\/\/www.lraloeverashop.eu\/sk\/wp-json\/wp\/v2\/product_brand?post=9059"},{"taxonomy":"product_cat","embeddable":true,"href":"https:\/\/www.lraloeverashop.eu\/sk\/wp-json\/wp\/v2\/product_cat?post=9059"},{"taxonomy":"product_tag","embeddable":true,"href":"https:\/\/www.lraloeverashop.eu\/sk\/wp-json\/wp\/v2\/product_tag?post=9059"}],"curies":[{"name":"wp","href":"https:\/\/api.w.org\/{rel}","templated":true}]}}