{"id":8998,"date":"2022-10-17T17:33:29","date_gmt":"2022-10-17T15:33:29","guid":{"rendered":"https:\/\/www.lraloeverashop.eu\/product\/nanogold-nocny-krem-proti-vraskam\/"},"modified":"2025-12-11T16:34:12","modified_gmt":"2025-12-11T15:34:12","slug":"nanogold-nocny-krem-proti-vraskam","status":"publish","type":"product","link":"https:\/\/www.lraloeverashop.eu\/sk\/produkt\/nanogold-nocny-krem-proti-vraskam\/","title":{"rendered":"Nanogold No\u010dn\u00fd Kr\u00e9m Proti Vr\u00e1skam"},"content":{"rendered":"<h2><span style=\"font-size: 16pt;\"><strong>Nanogold No\u010dn\u00fd Kr\u00e9m Proti Vr\u00e1skam<\/strong><\/span><\/h2>\n<p><span style=\"font-size: 14pt;\"><strong>Nanogold No\u010dn\u00fd Kr\u00e9m Proti Vr\u00e1skam pre t\u00fdch, ktor\u00ed chc\u00fa predch\u00e1dza\u0165 prv\u00fdm vr\u00e1skam.<\/strong><\/span><\/p>\n<p>Bojujte s pr\u00edznakmi \u00fanavy pleti a zobu\u010fte sa s vidite\u013ene kraj\u0161ou ple\u0165ou \u2013 ka\u017ed\u00fd de\u0148! Bohat\u00fd no\u010dn\u00fd kr\u00e9m v\u010faka v\u00fd\u0165a\u017eku z mikrorias Euglena Gracilis pom\u00e1ha podporova\u0165 prirodzen\u00fa regener\u00e1ciu pleti a zlep\u0161ova\u0165 \u0161trukt\u00faru pleti, tak\u017ee vr\u00e1sky a jemn\u00e9 linky s\u00fa vidite\u013ene redukovan\u00e9.<br \/>\nV\u010faka kombin\u00e1cii jojobov\u00e9ho a olivov\u00e9ho oleja, bambuck\u00e9ho masla a vitam\u00ednu E bude va\u0161a <a href=\"https:\/\/www.lraloeverashop.eu\/sk\/produkt\/olej-na-tvar-beauty-diamonds\/\">poko\u017eka hlad\u0161ia<\/a>, svie\u017eej\u0161ia a uvo\u013enenej\u0161ia \u2013 ako keby ste spali o nie\u010do dlh\u0161ie. Pre regenerovan\u00fa a vyhladen\u00fa poko\u017eku so svie\u017eou ple\u0165ou.<\/p>\n<p>Nanogold No\u010dn\u00fd Kr\u00e9m Proti Vr\u00e1skam so zlat\u00fdmi \u010diasto\u010dkami a hodv\u00e1bom pre ple\u0165 do 40 rokov vidite\u013ene redukuje vr\u00e1sky. Zlat\u00e9 \u010diasto\u010dky na b\u00e1ze kolag\u00e9nov\u00e9ho boosteru zlep\u0161uj\u00fa <a href=\"https:\/\/www.lraloeverashop.eu\/sk\/produkt\/ocny-krem-a-maska-nanogold\/\">elasticitu poko\u017eky<\/a>. Hodv\u00e1bne prote\u00edny zais\u0165uj\u00fa v\u00fdrazne hebk\u00fd pocit na poko\u017eke a chr\u00e1nia poko\u017eku pred vplyvmi prostredia.<\/p>\n<p>Teraz preformulovan\u00fd s inovat\u00edvnym syst\u00e9mom transportu akt\u00edvnych zlo\u017eiek a \u0161peci\u00e1lnou zapuzdrenou akt\u00edvnou zlo\u017ekou, ktor\u00e1 redukuje mimick\u00e9 vr\u00e1sky.<\/p>\n<p>&nbsp;<\/p>\n<h3><strong><span style=\"font-size: 16pt;\">Ako Pou\u017e\u00edva\u0165<\/span><\/strong><\/h3>\n<p>No\u010dn\u00fd kr\u00e9m na Vr\u00e1sky Nanogold by sa mal nan\u00e1\u0161a\u0165 ka\u017ed\u00fd ve\u010der po o\u010disten\u00ed tv\u00e1re a jemne vmas\u00edrova\u0165.<\/p>\n<p><strong>Pre maxim\u00e1lnu \u00fa\u010dinnos\u0165 v kombin\u00e1cii zo \u017dehli\u010dkou na Tv\u00e1r Zeitgard Pro:<\/strong><\/p>\n<p><strong>KROK 1:<\/strong> O\u010distite si poko\u017eku tv\u00e1re vodou alebo pou\u017eite <a href=\"https:\/\/www.lraloeverashop.eu\/sk\/produkt\/zeitgard-pro-na-cistenie-pleti\/\">Zeitgard Pro Na \u010cistenie Pleti<\/a> alebo Zeitgard Pro Peelingov\u00fd N\u00e1stavec.<\/p>\n<p><strong>KROK 2:<\/strong> Naneste svoj No\u010dn\u00fd Kr\u00e9m Proti Vr\u00e1skam a vmas\u00edrujte ho rukami alebo pomocou \u017dehli\u010dky na Tv\u00e1r Zeitgard Pro. O\u0161etrujte \u013eav\u00fa a prav\u00fa stranu tv\u00e1re a \u010delo po dobu 30 sek\u00fand. Venujte pozornos\u0165 kr\u00fa\u017eiv\u00fdm pohybom zvn\u00fatra von a zdola nahor.<\/p>\n","protected":false},"excerpt":{"rendered":"<ul>\n<li>Luxusn\u00fd kr\u00e9m proti Vr\u00e1skam<\/li>\n<li>O\u0161etruje a rekon\u0161truuje ple\u0165 po\u010das noci<\/li>\n<li>Extrakt z mikrorias podporuje regener\u00e1ciu poko\u017eky a zlep\u0161uje \u0161trukt\u00faru poko\u017eky<\/li>\n<li>Pre najlep\u0161\u00ed v\u00fdsledok pou\u017eite zo \u017dehli\u010dkou na Tv\u00e1r Zeitgard Pro<\/li>\n<li>Mno\u017estvo: 50 ml<\/li>\n<\/ul>\n<p>&nbsp;<\/p>\n","protected":false},"featured_media":5950,"comment_status":"open","ping_status":"closed","template":"","meta":{"_kad_blocks_custom_css":"","_kad_blocks_head_custom_js":"","_kad_blocks_body_custom_js":"","_kad_blocks_footer_custom_js":"","_kadence_starter_templates_imported_post":false,"_kad_post_transparent":"default","_kad_post_title":"","_kad_post_layout":"default","_kad_post_sidebar_id":"","_kad_post_content_style":"default","_kad_post_vertical_padding":"default","_kad_post_feature":"","_kad_post_feature_position":"","_kad_post_header":false,"_kad_post_footer":false,"_kad_post_classname":""},"product_brand":[],"product_cat":[372,331,270,288],"product_tag":[706],"class_list":{"0":"post-8998","1":"product","2":"type-product","3":"status-publish","4":"has-post-thumbnail","6":"product_cat-nano-gold-sk","7":"product_cat-produkty-proti-starnutiu","8":"product_cat-starostlivost-proti-starnutiu","9":"product_cat-zeny-do-40","10":"product_tag-na-vrasky-na-tvari","12":"first","13":"instock","14":"taxable","15":"shipping-taxable","16":"purchasable","17":"product-type-simple","18":"entry","19":"content-bg","20":"loop-entry"},"yoast_head":"<!-- This site is optimized with the Yoast SEO Premium plugin v27.4 (Yoast SEO v27.4) - https:\/\/yoast.com\/product\/yoast-seo-premium-wordpress\/ -->\n<title>Nanogold No\u010dn\u00fd Kr\u00e9m Proti Vr\u00e1skam regeneruje poko\u017eku v noci<\/title>\n<meta name=\"description\" content=\"Nanogold No\u010dn\u00fd Kr\u00e9m Proti Vr\u00e1skam so zlat\u00fdmi \u010diasto\u010dkami a hodv\u00e1bom pre ple\u0165 do 40 rokov. Z jojobov\u00e9ho a olivov\u00e9ho oleja, bambuck\u00e9ho masla a vitam\u00ednu E\" \/>\n<meta name=\"robots\" content=\"index, follow, max-snippet:-1, max-image-preview:large, max-video-preview:-1\" \/>\n<link rel=\"canonical\" href=\"https:\/\/www.lraloeverashop.eu\/sk\/produkt\/nanogold-nocny-krem-proti-vraskam\/\" \/>\n<meta property=\"og:locale\" content=\"sk_SK\" \/>\n<meta property=\"og:type\" content=\"article\" \/>\n<meta property=\"og:title\" content=\"Nanogold No\u010dn\u00fd Kr\u00e9m Proti Vr\u00e1skam\" \/>\n<meta property=\"og:description\" content=\"Nanogold No\u010dn\u00fd Kr\u00e9m Proti Vr\u00e1skam so zlat\u00fdmi \u010diasto\u010dkami a hodv\u00e1bom pre ple\u0165 do 40 rokov. Z jojobov\u00e9ho a olivov\u00e9ho oleja, bambuck\u00e9ho masla a vitam\u00ednu E\" \/>\n<meta property=\"og:url\" content=\"https:\/\/www.lraloeverashop.eu\/sk\/produkt\/nanogold-nocny-krem-proti-vraskam\/\" \/>\n<meta property=\"og:site_name\" content=\"Lr Obchod Aloe Vera\" \/>\n<meta property=\"article:publisher\" content=\"https:\/\/www.facebook.com\/lraloeverashop.eu\" \/>\n<meta property=\"article:modified_time\" content=\"2025-12-11T15:34:12+00:00\" \/>\n<meta property=\"og:image\" content=\"https:\/\/www.lraloeverashop.eu\/wp-content\/uploads\/2022\/10\/Nano-Gold-Night-Cream.jpg\" \/>\n\t<meta property=\"og:image:width\" content=\"1200\" \/>\n\t<meta property=\"og:image:height\" content=\"1200\" \/>\n\t<meta property=\"og:image:type\" content=\"image\/jpeg\" \/>\n<meta name=\"twitter:card\" content=\"summary_large_image\" \/>\n<meta name=\"twitter:site\" content=\"@natur__kosmetik\" \/>\n<script type=\"application\/ld+json\" class=\"yoast-schema-graph\">{\"@context\":\"https:\\\/\\\/schema.org\",\"@graph\":[{\"@type\":[\"WebPage\",\"ItemPage\"],\"@id\":\"https:\\\/\\\/www.lraloeverashop.eu\\\/sk\\\/produkt\\\/nanogold-nocny-krem-proti-vraskam\\\/\",\"url\":\"https:\\\/\\\/www.lraloeverashop.eu\\\/sk\\\/produkt\\\/nanogold-nocny-krem-proti-vraskam\\\/\",\"name\":\"Nanogold No\u010dn\u00fd Kr\u00e9m Proti Vr\u00e1skam regeneruje poko\u017eku v noci\",\"isPartOf\":{\"@id\":\"https:\\\/\\\/www.lraloeverashop.eu\\\/sk\\\/#website\"},\"primaryImageOfPage\":{\"@id\":\"https:\\\/\\\/www.lraloeverashop.eu\\\/sk\\\/produkt\\\/nanogold-nocny-krem-proti-vraskam\\\/#primaryimage\"},\"image\":{\"@id\":\"https:\\\/\\\/www.lraloeverashop.eu\\\/sk\\\/produkt\\\/nanogold-nocny-krem-proti-vraskam\\\/#primaryimage\"},\"thumbnailUrl\":\"https:\\\/\\\/www.lraloeverashop.eu\\\/wp-content\\\/uploads\\\/2022\\\/10\\\/Nano-Gold-Night-Cream.jpg\",\"datePublished\":\"2022-10-17T15:33:29+00:00\",\"dateModified\":\"2025-12-11T15:34:12+00:00\",\"description\":\"Nanogold No\u010dn\u00fd Kr\u00e9m Proti Vr\u00e1skam so zlat\u00fdmi \u010diasto\u010dkami a hodv\u00e1bom pre ple\u0165 do 40 rokov. Z jojobov\u00e9ho a olivov\u00e9ho oleja, bambuck\u00e9ho masla a vitam\u00ednu E\",\"breadcrumb\":{\"@id\":\"https:\\\/\\\/www.lraloeverashop.eu\\\/sk\\\/produkt\\\/nanogold-nocny-krem-proti-vraskam\\\/#breadcrumb\"},\"inLanguage\":\"sk-SK\",\"potentialAction\":[{\"@type\":\"ReadAction\",\"target\":[\"https:\\\/\\\/www.lraloeverashop.eu\\\/sk\\\/produkt\\\/nanogold-nocny-krem-proti-vraskam\\\/\"]}]},{\"@type\":\"ImageObject\",\"inLanguage\":\"sk-SK\",\"@id\":\"https:\\\/\\\/www.lraloeverashop.eu\\\/sk\\\/produkt\\\/nanogold-nocny-krem-proti-vraskam\\\/#primaryimage\",\"url\":\"https:\\\/\\\/www.lraloeverashop.eu\\\/wp-content\\\/uploads\\\/2022\\\/10\\\/Nano-Gold-Night-Cream.jpg\",\"contentUrl\":\"https:\\\/\\\/www.lraloeverashop.eu\\\/wp-content\\\/uploads\\\/2022\\\/10\\\/Nano-Gold-Night-Cream.jpg\",\"width\":1200,\"height\":1200,\"caption\":\"Nano Gold no\u010dn\u00fd kr\u00e9m proti starnutiu\"},{\"@type\":\"BreadcrumbList\",\"@id\":\"https:\\\/\\\/www.lraloeverashop.eu\\\/sk\\\/produkt\\\/nanogold-nocny-krem-proti-vraskam\\\/#breadcrumb\",\"itemListElement\":[{\"@type\":\"ListItem\",\"position\":1,\"name\":\"Home\",\"item\":\"https:\\\/\\\/www.lraloeverashop.eu\\\/sk\\\/\"},{\"@type\":\"ListItem\",\"position\":2,\"name\":\"Obchod\",\"item\":\"https:\\\/\\\/www.lraloeverashop.eu\\\/shop\\\/\"},{\"@type\":\"ListItem\",\"position\":3,\"name\":\"Nanogold No\u010dn\u00fd Kr\u00e9m Proti Vr\u00e1skam\"}]},{\"@type\":\"WebSite\",\"@id\":\"https:\\\/\\\/www.lraloeverashop.eu\\\/sk\\\/#website\",\"url\":\"https:\\\/\\\/www.lraloeverashop.eu\\\/sk\\\/\",\"name\":\"Lr Obchod Aloe Vera\",\"description\":\"High Quality Lr Aloe Vera Gel, Aloe Vera Cream and Shampoo\",\"publisher\":{\"@id\":\"https:\\\/\\\/www.lraloeverashop.eu\\\/sk\\\/#organization\"},\"potentialAction\":[{\"@type\":\"SearchAction\",\"target\":{\"@type\":\"EntryPoint\",\"urlTemplate\":\"https:\\\/\\\/www.lraloeverashop.eu\\\/sk\\\/?s={search_term_string}\"},\"query-input\":{\"@type\":\"PropertyValueSpecification\",\"valueRequired\":true,\"valueName\":\"search_term_string\"}}],\"inLanguage\":\"sk-SK\"},{\"@type\":\"Organization\",\"@id\":\"https:\\\/\\\/www.lraloeverashop.eu\\\/sk\\\/#organization\",\"name\":\"Lr Obchod Aloe Vera\",\"alternateName\":\"LR\",\"url\":\"https:\\\/\\\/www.lraloeverashop.eu\\\/sk\\\/\",\"logo\":{\"@type\":\"ImageObject\",\"inLanguage\":\"sk-SK\",\"@id\":\"https:\\\/\\\/www.lraloeverashop.eu\\\/sk\\\/#\\\/schema\\\/logo\\\/image\\\/\",\"url\":\"https:\\\/\\\/www.lraloeverashop.eu\\\/wp-content\\\/uploads\\\/2022\\\/09\\\/cropped-Lr-Aloe-Vera-Shop.jpg\",\"contentUrl\":\"https:\\\/\\\/www.lraloeverashop.eu\\\/wp-content\\\/uploads\\\/2022\\\/09\\\/cropped-Lr-Aloe-Vera-Shop.jpg\",\"width\":228,\"height\":76,\"caption\":\"Lr Obchod Aloe Vera\"},\"image\":{\"@id\":\"https:\\\/\\\/www.lraloeverashop.eu\\\/sk\\\/#\\\/schema\\\/logo\\\/image\\\/\"},\"sameAs\":[\"https:\\\/\\\/www.facebook.com\\\/lraloeverashop.eu\",\"https:\\\/\\\/x.com\\\/natur__kosmetik\",\"https:\\\/\\\/www.youtube.com\\\/channel\\\/UC5oN7BJ8nfYb8RpVtjwDEBA\",\"https:\\\/\\\/www.instagram.com\\\/lrbeautyeu\\\/\"],\"description\":\"Obchod Lr Aloe Vera je va\u0161\u00edm d\u00f4veryhodn\u00fdm miestom pre pr\u00e9miov\u00e9 produkty LR Health & Beauty vyroben\u00e9 v Nemecku. Pon\u00fakame vysokokvalitn\u00e9 rie\u0161enia starostlivosti o ple\u0165 s Aloe Vera, v\u00fd\u017eivu a proti starnutiu, vyroben\u00e9 z \u010dist\u00fdch ingredienci\u00ed a podlo\u017een\u00e9 vedeck\u00fdm v\u00fdskumom. Objavte pr\u00edrodn\u00fa starostlivos\u0165, ktor\u00e1 regeneruje, chr\u00e1ni a revitalizuje va\u0161u ple\u0165 \u2013 a vyu\u017eite exkluz\u00edvne mesa\u010dn\u00e9 ponuky na na\u0161e najpred\u00e1vanej\u0161ie produkty LR Aloe Vera.\\nZa\u010dnite svoju cestu za pr\u00edrodnou starostlivos\u0165ou o ple\u0165 e\u0161te dnes a poc\u00ed\u0165te rozdiel.\",\"email\":\"info@lraloeverashop.eu\",\"telephone\":\"+49 17670609653\",\"legalName\":\"Lr Aloe Vera Shop\",\"foundingDate\":\"2018-04-21\",\"numberOfEmployees\":{\"@type\":\"QuantitativeValue\",\"minValue\":\"1\",\"maxValue\":\"10\"}}]}<\/script>\n<meta property=\"product:price:amount\" content=\"48.59\" \/>\n<meta property=\"product:price:currency\" content=\"EUR\" \/>\n<meta property=\"og:availability\" content=\"instock\" \/>\n<meta property=\"product:availability\" content=\"instock\" \/>\n<meta property=\"product:retailer_item_id\" content=\"28193-1SK\" \/>\n<meta property=\"product:condition\" content=\"new\" \/>\n<!-- \/ Yoast SEO Premium plugin. -->","yoast_head_json":{"title":"Nanogold No\u010dn\u00fd Kr\u00e9m Proti Vr\u00e1skam regeneruje poko\u017eku v noci","description":"Nanogold No\u010dn\u00fd Kr\u00e9m Proti Vr\u00e1skam so zlat\u00fdmi \u010diasto\u010dkami a hodv\u00e1bom pre ple\u0165 do 40 rokov. Z jojobov\u00e9ho a olivov\u00e9ho oleja, bambuck\u00e9ho masla a vitam\u00ednu E","robots":{"index":"index","follow":"follow","max-snippet":"max-snippet:-1","max-image-preview":"max-image-preview:large","max-video-preview":"max-video-preview:-1"},"canonical":"https:\/\/www.lraloeverashop.eu\/sk\/produkt\/nanogold-nocny-krem-proti-vraskam\/","og_locale":"sk_SK","og_type":"article","og_title":"Nanogold No\u010dn\u00fd Kr\u00e9m Proti Vr\u00e1skam","og_description":"Nanogold No\u010dn\u00fd Kr\u00e9m Proti Vr\u00e1skam so zlat\u00fdmi \u010diasto\u010dkami a hodv\u00e1bom pre ple\u0165 do 40 rokov. Z jojobov\u00e9ho a olivov\u00e9ho oleja, bambuck\u00e9ho masla a vitam\u00ednu E","og_url":"https:\/\/www.lraloeverashop.eu\/sk\/produkt\/nanogold-nocny-krem-proti-vraskam\/","og_site_name":"Lr Obchod Aloe Vera","article_publisher":"https:\/\/www.facebook.com\/lraloeverashop.eu","article_modified_time":"2025-12-11T15:34:12+00:00","og_image":[{"width":1200,"height":1200,"url":"https:\/\/www.lraloeverashop.eu\/wp-content\/uploads\/2022\/10\/Nano-Gold-Night-Cream.jpg","type":"image\/jpeg"}],"twitter_card":"summary_large_image","twitter_site":"@natur__kosmetik","schema":{"@context":"https:\/\/schema.org","@graph":[{"@type":["WebPage","ItemPage"],"@id":"https:\/\/www.lraloeverashop.eu\/sk\/produkt\/nanogold-nocny-krem-proti-vraskam\/","url":"https:\/\/www.lraloeverashop.eu\/sk\/produkt\/nanogold-nocny-krem-proti-vraskam\/","name":"Nanogold No\u010dn\u00fd Kr\u00e9m Proti Vr\u00e1skam regeneruje poko\u017eku v noci","isPartOf":{"@id":"https:\/\/www.lraloeverashop.eu\/sk\/#website"},"primaryImageOfPage":{"@id":"https:\/\/www.lraloeverashop.eu\/sk\/produkt\/nanogold-nocny-krem-proti-vraskam\/#primaryimage"},"image":{"@id":"https:\/\/www.lraloeverashop.eu\/sk\/produkt\/nanogold-nocny-krem-proti-vraskam\/#primaryimage"},"thumbnailUrl":"https:\/\/www.lraloeverashop.eu\/wp-content\/uploads\/2022\/10\/Nano-Gold-Night-Cream.jpg","datePublished":"2022-10-17T15:33:29+00:00","dateModified":"2025-12-11T15:34:12+00:00","description":"Nanogold No\u010dn\u00fd Kr\u00e9m Proti Vr\u00e1skam so zlat\u00fdmi \u010diasto\u010dkami a hodv\u00e1bom pre ple\u0165 do 40 rokov. Z jojobov\u00e9ho a olivov\u00e9ho oleja, bambuck\u00e9ho masla a vitam\u00ednu E","breadcrumb":{"@id":"https:\/\/www.lraloeverashop.eu\/sk\/produkt\/nanogold-nocny-krem-proti-vraskam\/#breadcrumb"},"inLanguage":"sk-SK","potentialAction":[{"@type":"ReadAction","target":["https:\/\/www.lraloeverashop.eu\/sk\/produkt\/nanogold-nocny-krem-proti-vraskam\/"]}]},{"@type":"ImageObject","inLanguage":"sk-SK","@id":"https:\/\/www.lraloeverashop.eu\/sk\/produkt\/nanogold-nocny-krem-proti-vraskam\/#primaryimage","url":"https:\/\/www.lraloeverashop.eu\/wp-content\/uploads\/2022\/10\/Nano-Gold-Night-Cream.jpg","contentUrl":"https:\/\/www.lraloeverashop.eu\/wp-content\/uploads\/2022\/10\/Nano-Gold-Night-Cream.jpg","width":1200,"height":1200,"caption":"Nano Gold no\u010dn\u00fd kr\u00e9m proti starnutiu"},{"@type":"BreadcrumbList","@id":"https:\/\/www.lraloeverashop.eu\/sk\/produkt\/nanogold-nocny-krem-proti-vraskam\/#breadcrumb","itemListElement":[{"@type":"ListItem","position":1,"name":"Home","item":"https:\/\/www.lraloeverashop.eu\/sk\/"},{"@type":"ListItem","position":2,"name":"Obchod","item":"https:\/\/www.lraloeverashop.eu\/shop\/"},{"@type":"ListItem","position":3,"name":"Nanogold No\u010dn\u00fd Kr\u00e9m Proti Vr\u00e1skam"}]},{"@type":"WebSite","@id":"https:\/\/www.lraloeverashop.eu\/sk\/#website","url":"https:\/\/www.lraloeverashop.eu\/sk\/","name":"Lr Obchod Aloe Vera","description":"High Quality Lr Aloe Vera Gel, Aloe Vera Cream and Shampoo","publisher":{"@id":"https:\/\/www.lraloeverashop.eu\/sk\/#organization"},"potentialAction":[{"@type":"SearchAction","target":{"@type":"EntryPoint","urlTemplate":"https:\/\/www.lraloeverashop.eu\/sk\/?s={search_term_string}"},"query-input":{"@type":"PropertyValueSpecification","valueRequired":true,"valueName":"search_term_string"}}],"inLanguage":"sk-SK"},{"@type":"Organization","@id":"https:\/\/www.lraloeverashop.eu\/sk\/#organization","name":"Lr Obchod Aloe Vera","alternateName":"LR","url":"https:\/\/www.lraloeverashop.eu\/sk\/","logo":{"@type":"ImageObject","inLanguage":"sk-SK","@id":"https:\/\/www.lraloeverashop.eu\/sk\/#\/schema\/logo\/image\/","url":"https:\/\/www.lraloeverashop.eu\/wp-content\/uploads\/2022\/09\/cropped-Lr-Aloe-Vera-Shop.jpg","contentUrl":"https:\/\/www.lraloeverashop.eu\/wp-content\/uploads\/2022\/09\/cropped-Lr-Aloe-Vera-Shop.jpg","width":228,"height":76,"caption":"Lr Obchod Aloe Vera"},"image":{"@id":"https:\/\/www.lraloeverashop.eu\/sk\/#\/schema\/logo\/image\/"},"sameAs":["https:\/\/www.facebook.com\/lraloeverashop.eu","https:\/\/x.com\/natur__kosmetik","https:\/\/www.youtube.com\/channel\/UC5oN7BJ8nfYb8RpVtjwDEBA","https:\/\/www.instagram.com\/lrbeautyeu\/"],"description":"Obchod Lr Aloe Vera je va\u0161\u00edm d\u00f4veryhodn\u00fdm miestom pre pr\u00e9miov\u00e9 produkty LR Health & Beauty vyroben\u00e9 v Nemecku. Pon\u00fakame vysokokvalitn\u00e9 rie\u0161enia starostlivosti o ple\u0165 s Aloe Vera, v\u00fd\u017eivu a proti starnutiu, vyroben\u00e9 z \u010dist\u00fdch ingredienci\u00ed a podlo\u017een\u00e9 vedeck\u00fdm v\u00fdskumom. Objavte pr\u00edrodn\u00fa starostlivos\u0165, ktor\u00e1 regeneruje, chr\u00e1ni a revitalizuje va\u0161u ple\u0165 \u2013 a vyu\u017eite exkluz\u00edvne mesa\u010dn\u00e9 ponuky na na\u0161e najpred\u00e1vanej\u0161ie produkty LR Aloe Vera.\nZa\u010dnite svoju cestu za pr\u00edrodnou starostlivos\u0165ou o ple\u0165 e\u0161te dnes a poc\u00ed\u0165te rozdiel.","email":"info@lraloeverashop.eu","telephone":"+49 17670609653","legalName":"Lr Aloe Vera Shop","foundingDate":"2018-04-21","numberOfEmployees":{"@type":"QuantitativeValue","minValue":"1","maxValue":"10"}}]},"product_price_amount":"48.59","product_price_currency":"EUR","og_availability":"instock","product_availability":"instock","product_retailer_item_id":"28193-1SK","product_condition":"new"},"taxonomy_info":{"product_cat":[{"value":372,"label":"Nano Gold"},{"value":331,"label":"Produkty proti starnutiu"},{"value":270,"label":"Starostlivos\u0165 proti starnutiu"},{"value":288,"label":"\u017deny do 40"}],"product_tag":[{"value":706,"label":"na vr\u00e1sky na tv\u00e1ri"}]},"featured_image_src_large":["https:\/\/www.lraloeverashop.eu\/wp-content\/uploads\/2022\/10\/Nano-Gold-Night-Cream-1024x1024.jpg",1024,1024,true],"author_info":[],"comment_info":0,"_links":{"self":[{"href":"https:\/\/www.lraloeverashop.eu\/sk\/wp-json\/wp\/v2\/product\/8998","targetHints":{"allow":["GET"]}}],"collection":[{"href":"https:\/\/www.lraloeverashop.eu\/sk\/wp-json\/wp\/v2\/product"}],"about":[{"href":"https:\/\/www.lraloeverashop.eu\/sk\/wp-json\/wp\/v2\/types\/product"}],"replies":[{"embeddable":true,"href":"https:\/\/www.lraloeverashop.eu\/sk\/wp-json\/wp\/v2\/comments?post=8998"}],"wp:featuredmedia":[{"embeddable":true,"href":"https:\/\/www.lraloeverashop.eu\/sk\/wp-json\/wp\/v2\/media\/5950"}],"wp:attachment":[{"href":"https:\/\/www.lraloeverashop.eu\/sk\/wp-json\/wp\/v2\/media?parent=8998"}],"wp:term":[{"taxonomy":"product_brand","embeddable":true,"href":"https:\/\/www.lraloeverashop.eu\/sk\/wp-json\/wp\/v2\/product_brand?post=8998"},{"taxonomy":"product_cat","embeddable":true,"href":"https:\/\/www.lraloeverashop.eu\/sk\/wp-json\/wp\/v2\/product_cat?post=8998"},{"taxonomy":"product_tag","embeddable":true,"href":"https:\/\/www.lraloeverashop.eu\/sk\/wp-json\/wp\/v2\/product_tag?post=8998"}],"curies":[{"name":"wp","href":"https:\/\/api.w.org\/{rel}","templated":true}]}}