{"id":8976,"date":"2022-10-17T20:04:35","date_gmt":"2022-10-17T18:04:35","guid":{"rendered":"https:\/\/www.lraloeverashop.eu\/product\/kremy-proti-vraskam-nanogold-set\/"},"modified":"2026-02-20T18:31:30","modified_gmt":"2026-02-20T17:31:30","slug":"kremy-proti-vraskam-nanogold-set","status":"publish","type":"product","link":"https:\/\/www.lraloeverashop.eu\/sk\/produkt\/kremy-proti-vraskam-nanogold-set\/","title":{"rendered":"Kr\u00e9my Proti Vr\u00e1skam Nanogold Set"},"content":{"rendered":"<h2><span style=\"font-size: 16pt;\"><strong>Kr\u00e9my Proti Vr\u00e1skam Nanogold Set<\/strong><\/span><\/h2>\n<p><span style=\"font-size: 14pt;\"><strong>Kr\u00e9my Proti Vr\u00e1skam Nanogold Set &#8211; Denn\u00fd a No\u010dn\u00fd Kr\u00e9m pre vysokokvalitn\u00fa starostlivos\u0165 o tv\u00e1r<\/strong><\/span><\/p>\n<p>Nanogold denn\u00fd kr\u00e9m proti vr\u00e1skam chr\u00e1ni poko\u017eku a zabra\u0148uje pred\u010dasn\u00e9mu starnutiu. Luxusn\u00e1 kr\u00e9mov\u00e1 text\u00fara Silky zvy\u0161uje elasticitu a odolnos\u0165 poko\u017eky a vytv\u00e1ra jej bari\u00e9ru proti vlhkosti. Olej z marhu\u013eov\u00fdch jadier, prote\u00edny, glykoprote\u00edny a polysacharidy zo s\u00f3jov\u00fdch b\u00f4bov stimuluj\u00fa regenera\u010dn\u00e9 funkcie poko\u017eky a podporuj\u00fa tvorbu kolag\u00e9nu, \u010d\u00edm sa zvy\u0161uje odolnos\u0165 poko\u017eky.<\/p>\n<p>Nanogold no\u010dn\u00fd kr\u00e9m proti vr\u00e1skam je vysoko kvalitn\u00fd kr\u00e9m, ktor\u00fd vy\u017eivuje a regeneruje poko\u017eku cez noc. Bohat\u00fd no\u010dn\u00fd kr\u00e9m v\u010faka v\u00fd\u0165a\u017eku z mikrorias Euglena Gracilis pom\u00e1ha podporova\u0165 prirodzen\u00fa regener\u00e1ciu pleti a zlep\u0161ova\u0165 \u0161trukt\u00faru pleti, tak\u017ee vr\u00e1sky a jemn\u00e9 linky s\u00fa vidite\u013ene redukovan\u00e9.<\/p>\n<p>V\u010faka kombin\u00e1cii jojobov\u00e9ho a olivov\u00e9ho oleja, bambuck\u00e9ho masla a vitam\u00ednu E bude va\u0161a poko\u017eka hlad\u0161ia, svie\u017eej\u0161ia a uvo\u013enenej\u0161ia \u2013 ako keby ste spali o nie\u010do dlh\u0161ie. Pre <a href=\"https:\/\/www.lraloeverashop.eu\/sk\/produkt\/nanogold-nocny-krem-proti-vraskam\/\">regenerovan\u00fa a vyhladen\u00fa poko\u017eku<\/a> so svie\u017eou ple\u0165ou.<\/p>\n<h3><span style=\"font-size: 16pt;\"><strong>pre \u017eeny<\/strong><\/span><\/h3>\n<p>\u2026 od 30<br \/>\n\u2026 ktor\u00e9 chc\u00fa pred\u00eds\u0165 prv\u00fdm vr\u00e1skam<br \/>\n\u2026 ktor\u00e9 chc\u00fa chr\u00e1ni\u0165 poko\u017eku tv\u00e1re pred starnut\u00edm poko\u017eky<br \/>\n\u2026 ktor\u00e9 si cenia d\u00f4le\u017eitos\u0165 vysokokvalitnej starostlivosti o tv\u00e1r<\/p>\n<p>&nbsp;<\/p>\n<h4><strong><span style=\"font-size: 16pt;\">Ako pou\u017e\u00edva\u0165<\/span><\/strong><\/h4>\n<p>Naneste <a href=\"https:\/\/www.lraloeverashop.eu\/sk\/produkt\/nanogold-denny-krem-proti-vraskam\/\">Nanogold denn\u00fd kr\u00e9m proti vr\u00e1skam<\/a> ka\u017ed\u00e9 r\u00e1no po o\u010disten\u00ed tv\u00e1re. Potom m\u00f4\u017eete pokra\u010dova\u0165 v l\u00ed\u010den\u00ed<br \/>\nNo\u010dn\u00fd kr\u00e9m Nanogold by sa mal vo ve\u013ekom nan\u00e1\u0161a\u0165 ka\u017ed\u00fd ve\u010der na \u010dist\u00fa tv\u00e1r.<\/p>\n<p><span style=\"font-size: 14pt;\"><strong>Pre maxim\u00e1lnu \u00fa\u010dinnos\u0165 pou\u017e\u00edvajte v kombin\u00e1cii zo \u017dehli\u010dkou Na Tv\u00e1r Zeitgard Pro:<\/strong><\/span><\/p>\n<p><strong>KROK 1:<\/strong> O\u010distite si poko\u017eku tv\u00e1re vodou alebo pou\u017eite Zeitgard Pro na \u010cistenie Pleti alebo Zeitgard Pro Peelingov\u00fd N\u00e1stavec.<\/p>\n<p><strong>KROK 2:<\/strong> Naneste Kr\u00e9my Proti Vr\u00e1skam Nanogold a vmas\u00edrujte ich rukami alebo pomocou \u017dehli\u010dky Na Tv\u00e1r Zeitgard Pro. O\u0161etrujte \u013eav\u00fa a prav\u00fa stranu tv\u00e1re a \u010delo po dobu 30 sek\u00fand. Venujte pozornos\u0165 kr\u00fa\u017eiv\u00fdm pohybom zvn\u00fatra von a zdola nahor.<\/p>\n","protected":false},"excerpt":{"rendered":"<ul>\n<li>Luxusn\u00fd Set Kr\u00e9mov proti vr\u00e1skam<\/li>\n<li>Proti pred\u010dasn\u00e9mu starnutiu pleti<\/li>\n<li>Obsahuje 1x denn\u00fd kr\u00e9m, 1x no\u010dn\u00fd kr\u00e9m<\/li>\n<li>Vysokokvalitn\u00e1 starostlivos\u0165 so zlat\u00fdmi a hodv\u00e1bnymi prote\u00ednmi<\/li>\n<li>Sada zo s\u00e9rie ZEITGARD Care System<\/li>\n<li>Vyroben\u00e9 v Nemecku<\/li>\n<\/ul>\n<p>&nbsp;<\/p>\n","protected":false},"featured_media":5956,"comment_status":"open","ping_status":"closed","template":"","meta":{"_kad_blocks_custom_css":"","_kad_blocks_head_custom_js":"","_kad_blocks_body_custom_js":"","_kad_blocks_footer_custom_js":"","_kadence_starter_templates_imported_post":false,"_kad_post_transparent":"default","_kad_post_title":"","_kad_post_layout":"default","_kad_post_sidebar_id":"","_kad_post_content_style":"default","_kad_post_vertical_padding":"default","_kad_post_feature":"","_kad_post_feature_position":"","_kad_post_header":false,"_kad_post_footer":false,"_kad_post_classname":""},"product_brand":[],"product_cat":[372,331,270,288,355],"product_tag":[706],"class_list":{"0":"post-8976","1":"product","2":"type-product","3":"status-publish","4":"has-post-thumbnail","6":"product_cat-nano-gold-sk","7":"product_cat-produkty-proti-starnutiu","8":"product_cat-starostlivost-proti-starnutiu","9":"product_cat-zeny-do-40","10":"product_cat-zlavy","11":"product_tag-na-vrasky-na-tvari","13":"first","14":"instock","15":"sale","16":"taxable","17":"shipping-taxable","18":"purchasable","19":"product-type-simple","20":"entry","21":"content-bg","22":"loop-entry"},"yoast_head":"<!-- This site is optimized with the Yoast SEO Premium plugin v27.5 (Yoast SEO v27.5) - https:\/\/yoast.com\/product\/yoast-seo-premium-wordpress\/ -->\n<title>Kr\u00e9my Proti Vr\u00e1skam Nanogold Set pre vysokokvalitn\u00fa starostlivos\u0165<\/title>\n<meta name=\"description\" content=\"Kr\u00e9my Proti Vr\u00e1skam Nanogold pre \u017deny od 30 ktor\u00e9 chc\u00fa pred\u00eds\u0165 prv\u00fdm vr\u00e1skam, chc\u00fa chr\u00e1ni\u0165 poko\u017eku tv\u00e1re cenia d\u00f4le\u017eitos\u0165 starostlivosti o tv\u00e1r\" \/>\n<meta name=\"robots\" content=\"index, follow, max-snippet:-1, max-image-preview:large, max-video-preview:-1\" \/>\n<link rel=\"canonical\" href=\"https:\/\/www.lraloeverashop.eu\/sk\/produkt\/kremy-proti-vraskam-nanogold-set\/\" \/>\n<meta property=\"og:locale\" content=\"sk_SK\" \/>\n<meta property=\"og:type\" content=\"article\" \/>\n<meta property=\"og:title\" content=\"Kr\u00e9my Proti Vr\u00e1skam Nanogold Set\" \/>\n<meta property=\"og:description\" content=\"Kr\u00e9my Proti Vr\u00e1skam Nanogold pre \u017deny od 30 ktor\u00e9 chc\u00fa pred\u00eds\u0165 prv\u00fdm vr\u00e1skam, chc\u00fa chr\u00e1ni\u0165 poko\u017eku tv\u00e1re cenia d\u00f4le\u017eitos\u0165 starostlivosti o tv\u00e1r\" \/>\n<meta property=\"og:url\" content=\"https:\/\/www.lraloeverashop.eu\/sk\/produkt\/kremy-proti-vraskam-nanogold-set\/\" \/>\n<meta property=\"og:site_name\" content=\"Lr Obchod Aloe Vera\" \/>\n<meta property=\"article:publisher\" content=\"https:\/\/www.facebook.com\/lraloeverashop.eu\" \/>\n<meta property=\"article:modified_time\" content=\"2026-02-20T17:31:30+00:00\" \/>\n<meta property=\"og:image\" content=\"https:\/\/www.lraloeverashop.eu\/wp-content\/uploads\/2022\/10\/Nano-Gold-set.jpg\" \/>\n\t<meta property=\"og:image:width\" content=\"1200\" \/>\n\t<meta property=\"og:image:height\" content=\"1200\" \/>\n\t<meta property=\"og:image:type\" content=\"image\/jpeg\" \/>\n<meta name=\"twitter:card\" content=\"summary_large_image\" \/>\n<meta name=\"twitter:site\" content=\"@natur__kosmetik\" \/>\n<script type=\"application\/ld+json\" class=\"yoast-schema-graph\">{\"@context\":\"https:\\\/\\\/schema.org\",\"@graph\":[{\"@type\":[\"WebPage\",\"ItemPage\"],\"@id\":\"https:\\\/\\\/www.lraloeverashop.eu\\\/sk\\\/produkt\\\/kremy-proti-vraskam-nanogold-set\\\/\",\"url\":\"https:\\\/\\\/www.lraloeverashop.eu\\\/sk\\\/produkt\\\/kremy-proti-vraskam-nanogold-set\\\/\",\"name\":\"Kr\u00e9my Proti Vr\u00e1skam Nanogold Set pre vysokokvalitn\u00fa starostlivos\u0165\",\"isPartOf\":{\"@id\":\"https:\\\/\\\/www.lraloeverashop.eu\\\/sk\\\/#website\"},\"primaryImageOfPage\":{\"@id\":\"https:\\\/\\\/www.lraloeverashop.eu\\\/sk\\\/produkt\\\/kremy-proti-vraskam-nanogold-set\\\/#primaryimage\"},\"image\":{\"@id\":\"https:\\\/\\\/www.lraloeverashop.eu\\\/sk\\\/produkt\\\/kremy-proti-vraskam-nanogold-set\\\/#primaryimage\"},\"thumbnailUrl\":\"https:\\\/\\\/www.lraloeverashop.eu\\\/wp-content\\\/uploads\\\/2022\\\/10\\\/Nano-Gold-set.jpg\",\"datePublished\":\"2022-10-17T18:04:35+00:00\",\"dateModified\":\"2026-02-20T17:31:30+00:00\",\"description\":\"Kr\u00e9my Proti Vr\u00e1skam Nanogold pre \u017deny od 30 ktor\u00e9 chc\u00fa pred\u00eds\u0165 prv\u00fdm vr\u00e1skam, chc\u00fa chr\u00e1ni\u0165 poko\u017eku tv\u00e1re cenia d\u00f4le\u017eitos\u0165 starostlivosti o tv\u00e1r\",\"breadcrumb\":{\"@id\":\"https:\\\/\\\/www.lraloeverashop.eu\\\/sk\\\/produkt\\\/kremy-proti-vraskam-nanogold-set\\\/#breadcrumb\"},\"inLanguage\":\"sk-SK\",\"potentialAction\":[{\"@type\":\"ReadAction\",\"target\":[\"https:\\\/\\\/www.lraloeverashop.eu\\\/sk\\\/produkt\\\/kremy-proti-vraskam-nanogold-set\\\/\"]}]},{\"@type\":\"ImageObject\",\"inLanguage\":\"sk-SK\",\"@id\":\"https:\\\/\\\/www.lraloeverashop.eu\\\/sk\\\/produkt\\\/kremy-proti-vraskam-nanogold-set\\\/#primaryimage\",\"url\":\"https:\\\/\\\/www.lraloeverashop.eu\\\/wp-content\\\/uploads\\\/2022\\\/10\\\/Nano-Gold-set.jpg\",\"contentUrl\":\"https:\\\/\\\/www.lraloeverashop.eu\\\/wp-content\\\/uploads\\\/2022\\\/10\\\/Nano-Gold-set.jpg\",\"width\":1200,\"height\":1200,\"caption\":\"Kr\u00e9my Proti Vr\u00e1skam Nanogold Set pre vysokokvalitn\u00fa starostlivos\u0165 o tv\u00e1r\"},{\"@type\":\"BreadcrumbList\",\"@id\":\"https:\\\/\\\/www.lraloeverashop.eu\\\/sk\\\/produkt\\\/kremy-proti-vraskam-nanogold-set\\\/#breadcrumb\",\"itemListElement\":[{\"@type\":\"ListItem\",\"position\":1,\"name\":\"Home\",\"item\":\"https:\\\/\\\/www.lraloeverashop.eu\\\/sk\\\/aloe-vera-obchod-vsetko-pre-vasu-krasu-a-pohodu\\\/\"},{\"@type\":\"ListItem\",\"position\":2,\"name\":\"Obchod\",\"item\":\"https:\\\/\\\/www.lraloeverashop.eu\\\/sk\\\/obchod\\\/\"},{\"@type\":\"ListItem\",\"position\":3,\"name\":\"Kr\u00e9my Proti Vr\u00e1skam Nanogold Set\"}]},{\"@type\":\"WebSite\",\"@id\":\"https:\\\/\\\/www.lraloeverashop.eu\\\/sk\\\/#website\",\"url\":\"https:\\\/\\\/www.lraloeverashop.eu\\\/sk\\\/\",\"name\":\"Lr Obchod Aloe Vera\",\"description\":\"High Quality Lr Aloe Vera Gel, Aloe Vera Cream and Shampoo\",\"publisher\":{\"@id\":\"https:\\\/\\\/www.lraloeverashop.eu\\\/sk\\\/#organization\"},\"alternateName\":\"LR\",\"potentialAction\":[{\"@type\":\"SearchAction\",\"target\":{\"@type\":\"EntryPoint\",\"urlTemplate\":\"https:\\\/\\\/www.lraloeverashop.eu\\\/sk\\\/?s={search_term_string}\"},\"query-input\":{\"@type\":\"PropertyValueSpecification\",\"valueRequired\":true,\"valueName\":\"search_term_string\"}}],\"inLanguage\":\"sk-SK\"},{\"@type\":\"Organization\",\"@id\":\"https:\\\/\\\/www.lraloeverashop.eu\\\/sk\\\/#organization\",\"name\":\"Lr Obchod Aloe Vera\",\"alternateName\":\"LR\",\"url\":\"https:\\\/\\\/www.lraloeverashop.eu\\\/sk\\\/\",\"logo\":{\"@type\":\"ImageObject\",\"inLanguage\":\"sk-SK\",\"@id\":\"https:\\\/\\\/www.lraloeverashop.eu\\\/sk\\\/#\\\/schema\\\/logo\\\/image\\\/\",\"url\":\"https:\\\/\\\/www.lraloeverashop.eu\\\/wp-content\\\/uploads\\\/2022\\\/09\\\/cropped-Lr-Aloe-Vera-Shop.jpg\",\"contentUrl\":\"https:\\\/\\\/www.lraloeverashop.eu\\\/wp-content\\\/uploads\\\/2022\\\/09\\\/cropped-Lr-Aloe-Vera-Shop.jpg\",\"width\":228,\"height\":76,\"caption\":\"Lr Obchod Aloe Vera\"},\"image\":{\"@id\":\"https:\\\/\\\/www.lraloeverashop.eu\\\/sk\\\/#\\\/schema\\\/logo\\\/image\\\/\"},\"sameAs\":[\"https:\\\/\\\/www.facebook.com\\\/lraloeverashop.eu\",\"https:\\\/\\\/x.com\\\/natur__kosmetik\",\"https:\\\/\\\/www.youtube.com\\\/channel\\\/UC5oN7BJ8nfYb8RpVtjwDEBA\",\"https:\\\/\\\/www.instagram.com\\\/lrbeautyeu\\\/\"],\"description\":\"Obchod Lr Aloe Vera je va\u0161\u00edm d\u00f4veryhodn\u00fdm miestom pre pr\u00e9miov\u00e9 produkty LR Health & Beauty vyroben\u00e9 v Nemecku. Pon\u00fakame vysokokvalitn\u00e9 rie\u0161enia starostlivosti o ple\u0165 s Aloe Vera, v\u00fd\u017eivu a proti starnutiu, vyroben\u00e9 z \u010dist\u00fdch ingredienci\u00ed a podlo\u017een\u00e9 vedeck\u00fdm v\u00fdskumom. Objavte pr\u00edrodn\u00fa starostlivos\u0165, ktor\u00e1 regeneruje, chr\u00e1ni a revitalizuje va\u0161u ple\u0165 \u2013 a vyu\u017eite exkluz\u00edvne mesa\u010dn\u00e9 ponuky na na\u0161e najpred\u00e1vanej\u0161ie produkty LR Aloe Vera.\\nZa\u010dnite svoju cestu za pr\u00edrodnou starostlivos\u0165ou o ple\u0165 e\u0161te dnes a poc\u00ed\u0165te rozdiel.\",\"email\":\"info@lraloeverashop.eu\",\"telephone\":\"+49 17670609653\",\"legalName\":\"Lr Aloe Vera Shop\",\"foundingDate\":\"2018-04-21\",\"numberOfEmployees\":{\"@type\":\"QuantitativeValue\",\"minValue\":\"1\",\"maxValue\":\"10\"}}]}<\/script>\n<meta property=\"product:price:amount\" content=\"47.99\" \/>\n<meta property=\"product:price:currency\" content=\"EUR\" \/>\n<meta property=\"og:availability\" content=\"instock\" \/>\n<meta property=\"product:availability\" content=\"instock\" \/>\n<meta property=\"product:retailer_item_id\" content=\"28196-1SK\" \/>\n<meta property=\"product:condition\" content=\"new\" \/>\n<!-- \/ Yoast SEO Premium plugin. -->","yoast_head_json":{"title":"Kr\u00e9my Proti Vr\u00e1skam Nanogold Set pre vysokokvalitn\u00fa starostlivos\u0165","description":"Kr\u00e9my Proti Vr\u00e1skam Nanogold pre \u017deny od 30 ktor\u00e9 chc\u00fa pred\u00eds\u0165 prv\u00fdm vr\u00e1skam, chc\u00fa chr\u00e1ni\u0165 poko\u017eku tv\u00e1re cenia d\u00f4le\u017eitos\u0165 starostlivosti o tv\u00e1r","robots":{"index":"index","follow":"follow","max-snippet":"max-snippet:-1","max-image-preview":"max-image-preview:large","max-video-preview":"max-video-preview:-1"},"canonical":"https:\/\/www.lraloeverashop.eu\/sk\/produkt\/kremy-proti-vraskam-nanogold-set\/","og_locale":"sk_SK","og_type":"article","og_title":"Kr\u00e9my Proti Vr\u00e1skam Nanogold Set","og_description":"Kr\u00e9my Proti Vr\u00e1skam Nanogold pre \u017deny od 30 ktor\u00e9 chc\u00fa pred\u00eds\u0165 prv\u00fdm vr\u00e1skam, chc\u00fa chr\u00e1ni\u0165 poko\u017eku tv\u00e1re cenia d\u00f4le\u017eitos\u0165 starostlivosti o tv\u00e1r","og_url":"https:\/\/www.lraloeverashop.eu\/sk\/produkt\/kremy-proti-vraskam-nanogold-set\/","og_site_name":"Lr Obchod Aloe Vera","article_publisher":"https:\/\/www.facebook.com\/lraloeverashop.eu","article_modified_time":"2026-02-20T17:31:30+00:00","og_image":[{"width":1200,"height":1200,"url":"https:\/\/www.lraloeverashop.eu\/wp-content\/uploads\/2022\/10\/Nano-Gold-set.jpg","type":"image\/jpeg"}],"twitter_card":"summary_large_image","twitter_site":"@natur__kosmetik","schema":{"@context":"https:\/\/schema.org","@graph":[{"@type":["WebPage","ItemPage"],"@id":"https:\/\/www.lraloeverashop.eu\/sk\/produkt\/kremy-proti-vraskam-nanogold-set\/","url":"https:\/\/www.lraloeverashop.eu\/sk\/produkt\/kremy-proti-vraskam-nanogold-set\/","name":"Kr\u00e9my Proti Vr\u00e1skam Nanogold Set pre vysokokvalitn\u00fa starostlivos\u0165","isPartOf":{"@id":"https:\/\/www.lraloeverashop.eu\/sk\/#website"},"primaryImageOfPage":{"@id":"https:\/\/www.lraloeverashop.eu\/sk\/produkt\/kremy-proti-vraskam-nanogold-set\/#primaryimage"},"image":{"@id":"https:\/\/www.lraloeverashop.eu\/sk\/produkt\/kremy-proti-vraskam-nanogold-set\/#primaryimage"},"thumbnailUrl":"https:\/\/www.lraloeverashop.eu\/wp-content\/uploads\/2022\/10\/Nano-Gold-set.jpg","datePublished":"2022-10-17T18:04:35+00:00","dateModified":"2026-02-20T17:31:30+00:00","description":"Kr\u00e9my Proti Vr\u00e1skam Nanogold pre \u017deny od 30 ktor\u00e9 chc\u00fa pred\u00eds\u0165 prv\u00fdm vr\u00e1skam, chc\u00fa chr\u00e1ni\u0165 poko\u017eku tv\u00e1re cenia d\u00f4le\u017eitos\u0165 starostlivosti o tv\u00e1r","breadcrumb":{"@id":"https:\/\/www.lraloeverashop.eu\/sk\/produkt\/kremy-proti-vraskam-nanogold-set\/#breadcrumb"},"inLanguage":"sk-SK","potentialAction":[{"@type":"ReadAction","target":["https:\/\/www.lraloeverashop.eu\/sk\/produkt\/kremy-proti-vraskam-nanogold-set\/"]}]},{"@type":"ImageObject","inLanguage":"sk-SK","@id":"https:\/\/www.lraloeverashop.eu\/sk\/produkt\/kremy-proti-vraskam-nanogold-set\/#primaryimage","url":"https:\/\/www.lraloeverashop.eu\/wp-content\/uploads\/2022\/10\/Nano-Gold-set.jpg","contentUrl":"https:\/\/www.lraloeverashop.eu\/wp-content\/uploads\/2022\/10\/Nano-Gold-set.jpg","width":1200,"height":1200,"caption":"Kr\u00e9my Proti Vr\u00e1skam Nanogold Set pre vysokokvalitn\u00fa starostlivos\u0165 o tv\u00e1r"},{"@type":"BreadcrumbList","@id":"https:\/\/www.lraloeverashop.eu\/sk\/produkt\/kremy-proti-vraskam-nanogold-set\/#breadcrumb","itemListElement":[{"@type":"ListItem","position":1,"name":"Home","item":"https:\/\/www.lraloeverashop.eu\/sk\/aloe-vera-obchod-vsetko-pre-vasu-krasu-a-pohodu\/"},{"@type":"ListItem","position":2,"name":"Obchod","item":"https:\/\/www.lraloeverashop.eu\/sk\/obchod\/"},{"@type":"ListItem","position":3,"name":"Kr\u00e9my Proti Vr\u00e1skam Nanogold Set"}]},{"@type":"WebSite","@id":"https:\/\/www.lraloeverashop.eu\/sk\/#website","url":"https:\/\/www.lraloeverashop.eu\/sk\/","name":"Lr Obchod Aloe Vera","description":"High Quality Lr Aloe Vera Gel, Aloe Vera Cream and Shampoo","publisher":{"@id":"https:\/\/www.lraloeverashop.eu\/sk\/#organization"},"alternateName":"LR","potentialAction":[{"@type":"SearchAction","target":{"@type":"EntryPoint","urlTemplate":"https:\/\/www.lraloeverashop.eu\/sk\/?s={search_term_string}"},"query-input":{"@type":"PropertyValueSpecification","valueRequired":true,"valueName":"search_term_string"}}],"inLanguage":"sk-SK"},{"@type":"Organization","@id":"https:\/\/www.lraloeverashop.eu\/sk\/#organization","name":"Lr Obchod Aloe Vera","alternateName":"LR","url":"https:\/\/www.lraloeverashop.eu\/sk\/","logo":{"@type":"ImageObject","inLanguage":"sk-SK","@id":"https:\/\/www.lraloeverashop.eu\/sk\/#\/schema\/logo\/image\/","url":"https:\/\/www.lraloeverashop.eu\/wp-content\/uploads\/2022\/09\/cropped-Lr-Aloe-Vera-Shop.jpg","contentUrl":"https:\/\/www.lraloeverashop.eu\/wp-content\/uploads\/2022\/09\/cropped-Lr-Aloe-Vera-Shop.jpg","width":228,"height":76,"caption":"Lr Obchod Aloe Vera"},"image":{"@id":"https:\/\/www.lraloeverashop.eu\/sk\/#\/schema\/logo\/image\/"},"sameAs":["https:\/\/www.facebook.com\/lraloeverashop.eu","https:\/\/x.com\/natur__kosmetik","https:\/\/www.youtube.com\/channel\/UC5oN7BJ8nfYb8RpVtjwDEBA","https:\/\/www.instagram.com\/lrbeautyeu\/"],"description":"Obchod Lr Aloe Vera je va\u0161\u00edm d\u00f4veryhodn\u00fdm miestom pre pr\u00e9miov\u00e9 produkty LR Health & Beauty vyroben\u00e9 v Nemecku. Pon\u00fakame vysokokvalitn\u00e9 rie\u0161enia starostlivosti o ple\u0165 s Aloe Vera, v\u00fd\u017eivu a proti starnutiu, vyroben\u00e9 z \u010dist\u00fdch ingredienci\u00ed a podlo\u017een\u00e9 vedeck\u00fdm v\u00fdskumom. Objavte pr\u00edrodn\u00fa starostlivos\u0165, ktor\u00e1 regeneruje, chr\u00e1ni a revitalizuje va\u0161u ple\u0165 \u2013 a vyu\u017eite exkluz\u00edvne mesa\u010dn\u00e9 ponuky na na\u0161e najpred\u00e1vanej\u0161ie produkty LR Aloe Vera.\nZa\u010dnite svoju cestu za pr\u00edrodnou starostlivos\u0165ou o ple\u0165 e\u0161te dnes a poc\u00ed\u0165te rozdiel.","email":"info@lraloeverashop.eu","telephone":"+49 17670609653","legalName":"Lr Aloe Vera Shop","foundingDate":"2018-04-21","numberOfEmployees":{"@type":"QuantitativeValue","minValue":"1","maxValue":"10"}}]},"product_price_amount":"47.99","product_price_currency":"EUR","og_availability":"instock","product_availability":"instock","product_retailer_item_id":"28196-1SK","product_condition":"new"},"taxonomy_info":{"product_cat":[{"value":372,"label":"Nano Gold"},{"value":331,"label":"Produkty proti starnutiu"},{"value":270,"label":"Starostlivos\u0165 proti starnutiu"},{"value":288,"label":"\u017deny do 40"},{"value":355,"label":"Z\u013eavy"}],"product_tag":[{"value":706,"label":"na vr\u00e1sky na tv\u00e1ri"}]},"featured_image_src_large":["https:\/\/www.lraloeverashop.eu\/wp-content\/uploads\/2022\/10\/Nano-Gold-set-1024x1024.jpg",1024,1024,true],"author_info":[],"comment_info":0,"_links":{"self":[{"href":"https:\/\/www.lraloeverashop.eu\/sk\/wp-json\/wp\/v2\/product\/8976","targetHints":{"allow":["GET"]}}],"collection":[{"href":"https:\/\/www.lraloeverashop.eu\/sk\/wp-json\/wp\/v2\/product"}],"about":[{"href":"https:\/\/www.lraloeverashop.eu\/sk\/wp-json\/wp\/v2\/types\/product"}],"replies":[{"embeddable":true,"href":"https:\/\/www.lraloeverashop.eu\/sk\/wp-json\/wp\/v2\/comments?post=8976"}],"wp:featuredmedia":[{"embeddable":true,"href":"https:\/\/www.lraloeverashop.eu\/sk\/wp-json\/wp\/v2\/media\/5956"}],"wp:attachment":[{"href":"https:\/\/www.lraloeverashop.eu\/sk\/wp-json\/wp\/v2\/media?parent=8976"}],"wp:term":[{"taxonomy":"product_brand","embeddable":true,"href":"https:\/\/www.lraloeverashop.eu\/sk\/wp-json\/wp\/v2\/product_brand?post=8976"},{"taxonomy":"product_cat","embeddable":true,"href":"https:\/\/www.lraloeverashop.eu\/sk\/wp-json\/wp\/v2\/product_cat?post=8976"},{"taxonomy":"product_tag","embeddable":true,"href":"https:\/\/www.lraloeverashop.eu\/sk\/wp-json\/wp\/v2\/product_tag?post=8976"}],"curies":[{"name":"wp","href":"https:\/\/api.w.org\/{rel}","templated":true}]}}