{"id":8956,"date":"2022-10-19T16:26:32","date_gmt":"2022-10-19T14:26:32","guid":{"rendered":"https:\/\/www.lraloeverashop.eu\/product\/spevnujuci-telovy-krem-zeitgard-pro\/"},"modified":"2025-12-07T12:39:11","modified_gmt":"2025-12-07T11:39:11","slug":"spevnujuci-telovy-krem-zeitgard-pro","status":"publish","type":"product","link":"https:\/\/www.lraloeverashop.eu\/sk\/produkt\/spevnujuci-telovy-krem-zeitgard-pro\/","title":{"rendered":"Spev\u0148uj\u00faci Telov\u00fd Kr\u00e9m Zeitgard Pro"},"content":{"rendered":"<h2><span style=\"font-size: 16pt;\"><strong>Spev\u0148uj\u00faci Telov\u00fd Kr\u00e9m Zeitgard Pro<\/strong><\/span><\/h2>\n<p><span style=\"font-size: 14pt;\"><strong>Spev\u0148uj\u00faci Telov\u00fd Kr\u00e9m Zeitgard Pro s pantenolom, vitam\u00ednom E a kyselinou hyalur\u00f3novou<\/strong><\/span><\/p>\n<p>Spev\u0148uj\u00faci telov\u00fd kr\u00e9m so syst\u00e9mom transportu \u00fa\u010dinn\u00fdch l\u00e1tok obsahuje zapuzdren\u00fa \u00fa\u010dinn\u00fa l\u00e1tku, ktor\u00e1 spev\u0148uje poko\u017eku a zni\u017euje drsnos\u0165 poko\u017eky. Bol vyvinut\u00fd \u0161peci\u00e1lne na pou\u017eitie so s\u00fapravou na mas\u00e1\u017e tela Zeitgard Pro. M\u00e1 kr\u00e9mov\u00fa, \u013eahk\u00fa a jemn\u00fa text\u00faru, a zanech\u00e1va poko\u017eku hodv\u00e1bne jemn\u00fa a bez lepenia.<\/p>\n<p>Kombin\u00e1cia osved\u010den\u00fdch \u00fa\u010dinn\u00fdch l\u00e1tok, ktor\u00e9 p\u00f4sobia <a href=\"https:\/\/www.lraloeverashop.eu\/sk\/produkt\/krem-proti-vraskam-serox\/\">proti starnutiu<\/a>, ako je pantenol a vitam\u00edn E, podporuje tvorbu ko\u017en\u00fdch buniek a chr\u00e1ni pred vo\u013en\u00fdmi radik\u00e1lmi, \u010d\u00edm dod\u00e1va pleti jas.<\/p>\n<p>Okrem toho sa stimuluje produkcia kolag\u00e9nu a obnovuje sa prirodzen\u00e1 kolag\u00e9nov\u00e1 \u0161trukt\u00fara poko\u017eky. Ko\u017en\u00e1 bari\u00e9ra, ako aj <a href=\"https:\/\/www.lraloeverashop.eu\/sk\/produkt\/nanogold-denny-krem-proti-vraskam\/\">kont\u00fara poko\u017eky<\/a> s\u00fa optimalizovan\u00e9, \u010d\u00edm sa zlep\u0161uje mikroreli\u00e9f.<\/p>\n<p>Slne\u010dnicov\u00fd, jojobov\u00fd a mim\u00f3zov\u00fd vosk tie\u017e zlep\u0161uj\u00fa ko\u017en\u00fa bari\u00e9ru. Zatia\u013e \u010do kyselina hyalur\u00f3nov\u00e1 p\u00f4sob\u00ed ako rezervo\u00e1r vody a podporuje pru\u017enos\u0165 a t\u00f3n.<\/p>\n<p>&nbsp;<\/p>\n<h3><strong><span style=\"font-size: 16pt;\">Ako pou\u017e\u00edva\u0165<\/span><\/strong><\/h3>\n<p>Spev\u0148uj\u00faci kr\u00e9m na telo Zeitgard Pro nan\u00e1\u0161ajte 1-2x denne. Pomocou s\u00fapravy na mas\u00e1\u017e tela Zeitgard Pro. Kr\u00e9m vmas\u00edrujte do jednotliv\u00fdch \u010dast\u00ed tela cca. 2 min\u00faty po sebe. <a href=\"https:\/\/www.lraloeverashop.eu\/sk\/produkt\/zeitgard-pro-na-masaz-tela\/\">Pr\u00edstroj Zeitgard Pro<\/a> ve\u010fte jemn\u00fdmi kr\u00fa\u017eiv\u00fdmi pohybmi v smere lymfatick\u00fdch uzl\u00edn: na noh\u00e1ch v smere do slab\u00edn, na bruchu v smere do slab\u00edn, na zadku v smere k zadnej \u010dasti kolena a na pa\u017eiach v smere podpazu\u0161ia.<\/p>\n<p><img loading=\"lazy\" decoding=\"async\" class=\"aligncenter size-full wp-image-3129\" src=\"https:\/\/www.lraloeverashop.eu\/wp-content\/uploads\/2022\/10\/Lr-Zeitgard-Pro-Body-massage-Device-in-use.jpg\" alt=\"Lr Zeitgard Pro Body massage Device in use\" width=\"2050\" height=\"1073\" srcset=\"https:\/\/www.lraloeverashop.eu\/wp-content\/uploads\/2022\/10\/Lr-Zeitgard-Pro-Body-massage-Device-in-use.jpg 2050w, https:\/\/www.lraloeverashop.eu\/wp-content\/uploads\/2022\/10\/Lr-Zeitgard-Pro-Body-massage-Device-in-use-600x314.jpg 600w, https:\/\/www.lraloeverashop.eu\/wp-content\/uploads\/2022\/10\/Lr-Zeitgard-Pro-Body-massage-Device-in-use-300x157.jpg 300w, https:\/\/www.lraloeverashop.eu\/wp-content\/uploads\/2022\/10\/Lr-Zeitgard-Pro-Body-massage-Device-in-use-1024x536.jpg 1024w, https:\/\/www.lraloeverashop.eu\/wp-content\/uploads\/2022\/10\/Lr-Zeitgard-Pro-Body-massage-Device-in-use-768x402.jpg 768w, https:\/\/www.lraloeverashop.eu\/wp-content\/uploads\/2022\/10\/Lr-Zeitgard-Pro-Body-massage-Device-in-use-1536x804.jpg 1536w, https:\/\/www.lraloeverashop.eu\/wp-content\/uploads\/2022\/10\/Lr-Zeitgard-Pro-Body-massage-Device-in-use-2048x1072.jpg 2048w\" sizes=\"auto, (max-width: 2050px) 100vw, 2050px\" \/><\/p>\n","protected":false},"excerpt":{"rendered":"<ul>\n<li>Aktiva\u010dn\u00fd, spev\u0148uj\u00faci kr\u00e9m so syst\u00e9mom transportu \u00fa\u010dinn\u00fdch l\u00e1tok<\/li>\n<li>S pantenolom, vitam\u00ednom E a kyselinou hyalur\u00f3novou<\/li>\n<li>Pre v\u00e4\u010d\u0161iu elasticitu a odolnos\u0165<\/li>\n<li>Na pou\u017eitie s n\u00e1strojom starostlivosti o ple\u0165 Zeitgard Pro Body<\/li>\n<li>Obsah: 200 ml<\/li>\n<\/ul>\n<p>&nbsp;<\/p>\n","protected":false},"featured_media":5986,"comment_status":"open","ping_status":"closed","template":"","meta":{"_kad_blocks_custom_css":"","_kad_blocks_head_custom_js":"","_kad_blocks_body_custom_js":"","_kad_blocks_footer_custom_js":"","_kadence_starter_templates_imported_post":false,"_kad_post_transparent":"default","_kad_post_title":"","_kad_post_layout":"default","_kad_post_sidebar_id":"","_kad_post_content_style":"default","_kad_post_vertical_padding":"default","_kad_post_feature":"","_kad_post_feature_position":"","_kad_post_header":false,"_kad_post_footer":false,"_kad_post_classname":""},"product_brand":[],"product_cat":[276,331,270,396,360,288,282],"product_tag":[],"class_list":{"0":"post-8956","1":"product","2":"type-product","3":"status-publish","4":"has-post-thumbnail","6":"product_cat-muzi-nad-25-rokov","7":"product_cat-produkty-proti-starnutiu","8":"product_cat-starostlivost-proti-starnutiu","9":"product_cat-zeitgard-sk","10":"product_cat-zeitgard-pro-sk","11":"product_cat-zeny-do-40","12":"product_cat-zeny-nad-40-rokov","14":"first","15":"instock","16":"taxable","17":"shipping-taxable","18":"purchasable","19":"product-type-simple","20":"entry","21":"content-bg","22":"loop-entry"},"yoast_head":"<!-- This site is optimized with the Yoast SEO Premium plugin v27.4 (Yoast SEO v27.4) - https:\/\/yoast.com\/product\/yoast-seo-premium-wordpress\/ -->\n<title>Spev\u0148uj\u00faci telov\u00fd kr\u00e9m zeitgard pro pre v\u00e4\u010d\u0161iu elasticitu a odolnos\u0165<\/title>\n<meta name=\"description\" content=\"Spev\u0148uj\u00faci Telov\u00fd Kr\u00e9m Zeitgard Pro s pantenolom, vitam\u00ednom E a kyselinou hyalur\u00f3novou stimuluje produkciu kolag\u00e9nu a obnovuje \u0161trukt\u00faru poko\u017eky\" \/>\n<meta name=\"robots\" content=\"index, follow, max-snippet:-1, max-image-preview:large, max-video-preview:-1\" \/>\n<link rel=\"canonical\" href=\"https:\/\/www.lraloeverashop.eu\/sk\/produkt\/spevnujuci-telovy-krem-zeitgard-pro\/\" \/>\n<meta property=\"og:locale\" content=\"sk_SK\" \/>\n<meta property=\"og:type\" content=\"article\" \/>\n<meta property=\"og:title\" content=\"Spev\u0148uj\u00faci Telov\u00fd Kr\u00e9m Zeitgard Pro\" \/>\n<meta property=\"og:description\" content=\"Spev\u0148uj\u00faci Telov\u00fd Kr\u00e9m Zeitgard Pro s pantenolom, vitam\u00ednom E a kyselinou hyalur\u00f3novou stimuluje produkciu kolag\u00e9nu a obnovuje \u0161trukt\u00faru poko\u017eky\" \/>\n<meta property=\"og:url\" content=\"https:\/\/www.lraloeverashop.eu\/sk\/produkt\/spevnujuci-telovy-krem-zeitgard-pro\/\" \/>\n<meta property=\"og:site_name\" content=\"Lr Obchod Aloe Vera\" \/>\n<meta property=\"article:publisher\" content=\"https:\/\/www.facebook.com\/lraloeverashop.eu\" \/>\n<meta property=\"article:modified_time\" content=\"2025-12-07T11:39:11+00:00\" \/>\n<meta property=\"og:image\" content=\"https:\/\/www.lraloeverashop.eu\/wp-content\/uploads\/2022\/10\/Zeitgard-Pro-Body-Cream.jpg\" \/>\n\t<meta property=\"og:image:width\" content=\"1200\" \/>\n\t<meta property=\"og:image:height\" content=\"1200\" \/>\n\t<meta property=\"og:image:type\" content=\"image\/jpeg\" \/>\n<meta name=\"twitter:card\" content=\"summary_large_image\" \/>\n<meta name=\"twitter:site\" content=\"@natur__kosmetik\" \/>\n<script type=\"application\/ld+json\" class=\"yoast-schema-graph\">{\"@context\":\"https:\\\/\\\/schema.org\",\"@graph\":[{\"@type\":[\"WebPage\",\"ItemPage\"],\"@id\":\"https:\\\/\\\/www.lraloeverashop.eu\\\/sk\\\/produkt\\\/spevnujuci-telovy-krem-zeitgard-pro\\\/\",\"url\":\"https:\\\/\\\/www.lraloeverashop.eu\\\/sk\\\/produkt\\\/spevnujuci-telovy-krem-zeitgard-pro\\\/\",\"name\":\"Spev\u0148uj\u00faci telov\u00fd kr\u00e9m zeitgard pro pre v\u00e4\u010d\u0161iu elasticitu a odolnos\u0165\",\"isPartOf\":{\"@id\":\"https:\\\/\\\/www.lraloeverashop.eu\\\/sk\\\/#website\"},\"primaryImageOfPage\":{\"@id\":\"https:\\\/\\\/www.lraloeverashop.eu\\\/sk\\\/produkt\\\/spevnujuci-telovy-krem-zeitgard-pro\\\/#primaryimage\"},\"image\":{\"@id\":\"https:\\\/\\\/www.lraloeverashop.eu\\\/sk\\\/produkt\\\/spevnujuci-telovy-krem-zeitgard-pro\\\/#primaryimage\"},\"thumbnailUrl\":\"https:\\\/\\\/www.lraloeverashop.eu\\\/wp-content\\\/uploads\\\/2022\\\/10\\\/Zeitgard-Pro-Body-Cream.jpg\",\"datePublished\":\"2022-10-19T14:26:32+00:00\",\"dateModified\":\"2025-12-07T11:39:11+00:00\",\"description\":\"Spev\u0148uj\u00faci Telov\u00fd Kr\u00e9m Zeitgard Pro s pantenolom, vitam\u00ednom E a kyselinou hyalur\u00f3novou stimuluje produkciu kolag\u00e9nu a obnovuje \u0161trukt\u00faru poko\u017eky\",\"breadcrumb\":{\"@id\":\"https:\\\/\\\/www.lraloeverashop.eu\\\/sk\\\/produkt\\\/spevnujuci-telovy-krem-zeitgard-pro\\\/#breadcrumb\"},\"inLanguage\":\"sk-SK\",\"potentialAction\":[{\"@type\":\"ReadAction\",\"target\":[\"https:\\\/\\\/www.lraloeverashop.eu\\\/sk\\\/produkt\\\/spevnujuci-telovy-krem-zeitgard-pro\\\/\"]}]},{\"@type\":\"ImageObject\",\"inLanguage\":\"sk-SK\",\"@id\":\"https:\\\/\\\/www.lraloeverashop.eu\\\/sk\\\/produkt\\\/spevnujuci-telovy-krem-zeitgard-pro\\\/#primaryimage\",\"url\":\"https:\\\/\\\/www.lraloeverashop.eu\\\/wp-content\\\/uploads\\\/2022\\\/10\\\/Zeitgard-Pro-Body-Cream.jpg\",\"contentUrl\":\"https:\\\/\\\/www.lraloeverashop.eu\\\/wp-content\\\/uploads\\\/2022\\\/10\\\/Zeitgard-Pro-Body-Cream.jpg\",\"width\":1200,\"height\":1200,\"caption\":\"Spev\u0148uj\u00faci telov\u00fd kr\u00e9m Zeitgard Pro\"},{\"@type\":\"BreadcrumbList\",\"@id\":\"https:\\\/\\\/www.lraloeverashop.eu\\\/sk\\\/produkt\\\/spevnujuci-telovy-krem-zeitgard-pro\\\/#breadcrumb\",\"itemListElement\":[{\"@type\":\"ListItem\",\"position\":1,\"name\":\"Home\",\"item\":\"https:\\\/\\\/www.lraloeverashop.eu\\\/sk\\\/\"},{\"@type\":\"ListItem\",\"position\":2,\"name\":\"Obchod\",\"item\":\"https:\\\/\\\/www.lraloeverashop.eu\\\/shop\\\/\"},{\"@type\":\"ListItem\",\"position\":3,\"name\":\"Spev\u0148uj\u00faci Telov\u00fd Kr\u00e9m Zeitgard Pro\"}]},{\"@type\":\"WebSite\",\"@id\":\"https:\\\/\\\/www.lraloeverashop.eu\\\/sk\\\/#website\",\"url\":\"https:\\\/\\\/www.lraloeverashop.eu\\\/sk\\\/\",\"name\":\"Lr Obchod Aloe Vera\",\"description\":\"High Quality Lr Aloe Vera Gel, Aloe Vera Cream and Shampoo\",\"publisher\":{\"@id\":\"https:\\\/\\\/www.lraloeverashop.eu\\\/sk\\\/#organization\"},\"potentialAction\":[{\"@type\":\"SearchAction\",\"target\":{\"@type\":\"EntryPoint\",\"urlTemplate\":\"https:\\\/\\\/www.lraloeverashop.eu\\\/sk\\\/?s={search_term_string}\"},\"query-input\":{\"@type\":\"PropertyValueSpecification\",\"valueRequired\":true,\"valueName\":\"search_term_string\"}}],\"inLanguage\":\"sk-SK\"},{\"@type\":\"Organization\",\"@id\":\"https:\\\/\\\/www.lraloeverashop.eu\\\/sk\\\/#organization\",\"name\":\"Lr Obchod Aloe Vera\",\"alternateName\":\"LR\",\"url\":\"https:\\\/\\\/www.lraloeverashop.eu\\\/sk\\\/\",\"logo\":{\"@type\":\"ImageObject\",\"inLanguage\":\"sk-SK\",\"@id\":\"https:\\\/\\\/www.lraloeverashop.eu\\\/sk\\\/#\\\/schema\\\/logo\\\/image\\\/\",\"url\":\"https:\\\/\\\/www.lraloeverashop.eu\\\/wp-content\\\/uploads\\\/2022\\\/09\\\/cropped-Lr-Aloe-Vera-Shop.jpg\",\"contentUrl\":\"https:\\\/\\\/www.lraloeverashop.eu\\\/wp-content\\\/uploads\\\/2022\\\/09\\\/cropped-Lr-Aloe-Vera-Shop.jpg\",\"width\":228,\"height\":76,\"caption\":\"Lr Obchod Aloe Vera\"},\"image\":{\"@id\":\"https:\\\/\\\/www.lraloeverashop.eu\\\/sk\\\/#\\\/schema\\\/logo\\\/image\\\/\"},\"sameAs\":[\"https:\\\/\\\/www.facebook.com\\\/lraloeverashop.eu\",\"https:\\\/\\\/x.com\\\/natur__kosmetik\",\"https:\\\/\\\/www.youtube.com\\\/channel\\\/UC5oN7BJ8nfYb8RpVtjwDEBA\",\"https:\\\/\\\/www.instagram.com\\\/lrbeautyeu\\\/\"],\"description\":\"Obchod Lr Aloe Vera je va\u0161\u00edm d\u00f4veryhodn\u00fdm miestom pre pr\u00e9miov\u00e9 produkty LR Health & Beauty vyroben\u00e9 v Nemecku. Pon\u00fakame vysokokvalitn\u00e9 rie\u0161enia starostlivosti o ple\u0165 s Aloe Vera, v\u00fd\u017eivu a proti starnutiu, vyroben\u00e9 z \u010dist\u00fdch ingredienci\u00ed a podlo\u017een\u00e9 vedeck\u00fdm v\u00fdskumom. Objavte pr\u00edrodn\u00fa starostlivos\u0165, ktor\u00e1 regeneruje, chr\u00e1ni a revitalizuje va\u0161u ple\u0165 \u2013 a vyu\u017eite exkluz\u00edvne mesa\u010dn\u00e9 ponuky na na\u0161e najpred\u00e1vanej\u0161ie produkty LR Aloe Vera.\\nZa\u010dnite svoju cestu za pr\u00edrodnou starostlivos\u0165ou o ple\u0165 e\u0161te dnes a poc\u00ed\u0165te rozdiel.\",\"email\":\"info@lraloeverashop.eu\",\"telephone\":\"+49 17670609653\",\"legalName\":\"Lr Aloe Vera Shop\",\"foundingDate\":\"2018-04-21\",\"numberOfEmployees\":{\"@type\":\"QuantitativeValue\",\"minValue\":\"1\",\"maxValue\":\"10\"}}]}<\/script>\n<meta property=\"product:price:amount\" content=\"39.89\" \/>\n<meta property=\"product:price:currency\" content=\"EUR\" \/>\n<meta property=\"og:availability\" content=\"instock\" \/>\n<meta property=\"product:availability\" content=\"instock\" \/>\n<meta property=\"product:retailer_item_id\" content=\"28002-1SK\" \/>\n<meta property=\"product:condition\" content=\"new\" \/>\n<!-- \/ Yoast SEO Premium plugin. -->","yoast_head_json":{"title":"Spev\u0148uj\u00faci telov\u00fd kr\u00e9m zeitgard pro pre v\u00e4\u010d\u0161iu elasticitu a odolnos\u0165","description":"Spev\u0148uj\u00faci Telov\u00fd Kr\u00e9m Zeitgard Pro s pantenolom, vitam\u00ednom E a kyselinou hyalur\u00f3novou stimuluje produkciu kolag\u00e9nu a obnovuje \u0161trukt\u00faru poko\u017eky","robots":{"index":"index","follow":"follow","max-snippet":"max-snippet:-1","max-image-preview":"max-image-preview:large","max-video-preview":"max-video-preview:-1"},"canonical":"https:\/\/www.lraloeverashop.eu\/sk\/produkt\/spevnujuci-telovy-krem-zeitgard-pro\/","og_locale":"sk_SK","og_type":"article","og_title":"Spev\u0148uj\u00faci Telov\u00fd Kr\u00e9m Zeitgard Pro","og_description":"Spev\u0148uj\u00faci Telov\u00fd Kr\u00e9m Zeitgard Pro s pantenolom, vitam\u00ednom E a kyselinou hyalur\u00f3novou stimuluje produkciu kolag\u00e9nu a obnovuje \u0161trukt\u00faru poko\u017eky","og_url":"https:\/\/www.lraloeverashop.eu\/sk\/produkt\/spevnujuci-telovy-krem-zeitgard-pro\/","og_site_name":"Lr Obchod Aloe Vera","article_publisher":"https:\/\/www.facebook.com\/lraloeverashop.eu","article_modified_time":"2025-12-07T11:39:11+00:00","og_image":[{"width":1200,"height":1200,"url":"https:\/\/www.lraloeverashop.eu\/wp-content\/uploads\/2022\/10\/Zeitgard-Pro-Body-Cream.jpg","type":"image\/jpeg"}],"twitter_card":"summary_large_image","twitter_site":"@natur__kosmetik","schema":{"@context":"https:\/\/schema.org","@graph":[{"@type":["WebPage","ItemPage"],"@id":"https:\/\/www.lraloeverashop.eu\/sk\/produkt\/spevnujuci-telovy-krem-zeitgard-pro\/","url":"https:\/\/www.lraloeverashop.eu\/sk\/produkt\/spevnujuci-telovy-krem-zeitgard-pro\/","name":"Spev\u0148uj\u00faci telov\u00fd kr\u00e9m zeitgard pro pre v\u00e4\u010d\u0161iu elasticitu a odolnos\u0165","isPartOf":{"@id":"https:\/\/www.lraloeverashop.eu\/sk\/#website"},"primaryImageOfPage":{"@id":"https:\/\/www.lraloeverashop.eu\/sk\/produkt\/spevnujuci-telovy-krem-zeitgard-pro\/#primaryimage"},"image":{"@id":"https:\/\/www.lraloeverashop.eu\/sk\/produkt\/spevnujuci-telovy-krem-zeitgard-pro\/#primaryimage"},"thumbnailUrl":"https:\/\/www.lraloeverashop.eu\/wp-content\/uploads\/2022\/10\/Zeitgard-Pro-Body-Cream.jpg","datePublished":"2022-10-19T14:26:32+00:00","dateModified":"2025-12-07T11:39:11+00:00","description":"Spev\u0148uj\u00faci Telov\u00fd Kr\u00e9m Zeitgard Pro s pantenolom, vitam\u00ednom E a kyselinou hyalur\u00f3novou stimuluje produkciu kolag\u00e9nu a obnovuje \u0161trukt\u00faru poko\u017eky","breadcrumb":{"@id":"https:\/\/www.lraloeverashop.eu\/sk\/produkt\/spevnujuci-telovy-krem-zeitgard-pro\/#breadcrumb"},"inLanguage":"sk-SK","potentialAction":[{"@type":"ReadAction","target":["https:\/\/www.lraloeverashop.eu\/sk\/produkt\/spevnujuci-telovy-krem-zeitgard-pro\/"]}]},{"@type":"ImageObject","inLanguage":"sk-SK","@id":"https:\/\/www.lraloeverashop.eu\/sk\/produkt\/spevnujuci-telovy-krem-zeitgard-pro\/#primaryimage","url":"https:\/\/www.lraloeverashop.eu\/wp-content\/uploads\/2022\/10\/Zeitgard-Pro-Body-Cream.jpg","contentUrl":"https:\/\/www.lraloeverashop.eu\/wp-content\/uploads\/2022\/10\/Zeitgard-Pro-Body-Cream.jpg","width":1200,"height":1200,"caption":"Spev\u0148uj\u00faci telov\u00fd kr\u00e9m Zeitgard Pro"},{"@type":"BreadcrumbList","@id":"https:\/\/www.lraloeverashop.eu\/sk\/produkt\/spevnujuci-telovy-krem-zeitgard-pro\/#breadcrumb","itemListElement":[{"@type":"ListItem","position":1,"name":"Home","item":"https:\/\/www.lraloeverashop.eu\/sk\/"},{"@type":"ListItem","position":2,"name":"Obchod","item":"https:\/\/www.lraloeverashop.eu\/shop\/"},{"@type":"ListItem","position":3,"name":"Spev\u0148uj\u00faci Telov\u00fd Kr\u00e9m Zeitgard Pro"}]},{"@type":"WebSite","@id":"https:\/\/www.lraloeverashop.eu\/sk\/#website","url":"https:\/\/www.lraloeverashop.eu\/sk\/","name":"Lr Obchod Aloe Vera","description":"High Quality Lr Aloe Vera Gel, Aloe Vera Cream and Shampoo","publisher":{"@id":"https:\/\/www.lraloeverashop.eu\/sk\/#organization"},"potentialAction":[{"@type":"SearchAction","target":{"@type":"EntryPoint","urlTemplate":"https:\/\/www.lraloeverashop.eu\/sk\/?s={search_term_string}"},"query-input":{"@type":"PropertyValueSpecification","valueRequired":true,"valueName":"search_term_string"}}],"inLanguage":"sk-SK"},{"@type":"Organization","@id":"https:\/\/www.lraloeverashop.eu\/sk\/#organization","name":"Lr Obchod Aloe Vera","alternateName":"LR","url":"https:\/\/www.lraloeverashop.eu\/sk\/","logo":{"@type":"ImageObject","inLanguage":"sk-SK","@id":"https:\/\/www.lraloeverashop.eu\/sk\/#\/schema\/logo\/image\/","url":"https:\/\/www.lraloeverashop.eu\/wp-content\/uploads\/2022\/09\/cropped-Lr-Aloe-Vera-Shop.jpg","contentUrl":"https:\/\/www.lraloeverashop.eu\/wp-content\/uploads\/2022\/09\/cropped-Lr-Aloe-Vera-Shop.jpg","width":228,"height":76,"caption":"Lr Obchod Aloe Vera"},"image":{"@id":"https:\/\/www.lraloeverashop.eu\/sk\/#\/schema\/logo\/image\/"},"sameAs":["https:\/\/www.facebook.com\/lraloeverashop.eu","https:\/\/x.com\/natur__kosmetik","https:\/\/www.youtube.com\/channel\/UC5oN7BJ8nfYb8RpVtjwDEBA","https:\/\/www.instagram.com\/lrbeautyeu\/"],"description":"Obchod Lr Aloe Vera je va\u0161\u00edm d\u00f4veryhodn\u00fdm miestom pre pr\u00e9miov\u00e9 produkty LR Health & Beauty vyroben\u00e9 v Nemecku. Pon\u00fakame vysokokvalitn\u00e9 rie\u0161enia starostlivosti o ple\u0165 s Aloe Vera, v\u00fd\u017eivu a proti starnutiu, vyroben\u00e9 z \u010dist\u00fdch ingredienci\u00ed a podlo\u017een\u00e9 vedeck\u00fdm v\u00fdskumom. Objavte pr\u00edrodn\u00fa starostlivos\u0165, ktor\u00e1 regeneruje, chr\u00e1ni a revitalizuje va\u0161u ple\u0165 \u2013 a vyu\u017eite exkluz\u00edvne mesa\u010dn\u00e9 ponuky na na\u0161e najpred\u00e1vanej\u0161ie produkty LR Aloe Vera.\nZa\u010dnite svoju cestu za pr\u00edrodnou starostlivos\u0165ou o ple\u0165 e\u0161te dnes a poc\u00ed\u0165te rozdiel.","email":"info@lraloeverashop.eu","telephone":"+49 17670609653","legalName":"Lr Aloe Vera Shop","foundingDate":"2018-04-21","numberOfEmployees":{"@type":"QuantitativeValue","minValue":"1","maxValue":"10"}}]},"product_price_amount":"39.89","product_price_currency":"EUR","og_availability":"instock","product_availability":"instock","product_retailer_item_id":"28002-1SK","product_condition":"new"},"taxonomy_info":{"product_cat":[{"value":276,"label":"Mu\u017ei nad 25 rokov"},{"value":331,"label":"Produkty proti starnutiu"},{"value":270,"label":"Starostlivos\u0165 proti starnutiu"},{"value":396,"label":"Zeitgard"},{"value":360,"label":"Zeitgard Pro"},{"value":288,"label":"\u017deny do 40"},{"value":282,"label":"\u017deny nad 40 rokov"}]},"featured_image_src_large":["https:\/\/www.lraloeverashop.eu\/wp-content\/uploads\/2022\/10\/Zeitgard-Pro-Body-Cream-1024x1024.jpg",1024,1024,true],"author_info":[],"comment_info":0,"_links":{"self":[{"href":"https:\/\/www.lraloeverashop.eu\/sk\/wp-json\/wp\/v2\/product\/8956","targetHints":{"allow":["GET"]}}],"collection":[{"href":"https:\/\/www.lraloeverashop.eu\/sk\/wp-json\/wp\/v2\/product"}],"about":[{"href":"https:\/\/www.lraloeverashop.eu\/sk\/wp-json\/wp\/v2\/types\/product"}],"replies":[{"embeddable":true,"href":"https:\/\/www.lraloeverashop.eu\/sk\/wp-json\/wp\/v2\/comments?post=8956"}],"wp:featuredmedia":[{"embeddable":true,"href":"https:\/\/www.lraloeverashop.eu\/sk\/wp-json\/wp\/v2\/media\/5986"}],"wp:attachment":[{"href":"https:\/\/www.lraloeverashop.eu\/sk\/wp-json\/wp\/v2\/media?parent=8956"}],"wp:term":[{"taxonomy":"product_brand","embeddable":true,"href":"https:\/\/www.lraloeverashop.eu\/sk\/wp-json\/wp\/v2\/product_brand?post=8956"},{"taxonomy":"product_cat","embeddable":true,"href":"https:\/\/www.lraloeverashop.eu\/sk\/wp-json\/wp\/v2\/product_cat?post=8956"},{"taxonomy":"product_tag","embeddable":true,"href":"https:\/\/www.lraloeverashop.eu\/sk\/wp-json\/wp\/v2\/product_tag?post=8956"}],"curies":[{"name":"wp","href":"https:\/\/api.w.org\/{rel}","templated":true}]}}