{"id":8886,"date":"2022-10-19T20:05:25","date_gmt":"2022-10-19T18:05:25","guid":{"rendered":"https:\/\/www.lraloeverashop.eu\/product\/okamzity-zdokonalovac-pleti-serox\/"},"modified":"2025-12-10T06:29:18","modified_gmt":"2025-12-10T05:29:18","slug":"okamzity-zdokonalovac-pleti-serox","status":"publish","type":"product","link":"https:\/\/www.lraloeverashop.eu\/sk\/produkt\/okamzity-zdokonalovac-pleti-serox\/","title":{"rendered":"Okam\u017eit\u00fd Zdokonalova\u010d Pleti Serox"},"content":{"rendered":"<h2><span style=\"font-size: 16pt;\"><strong>Okam\u017eit\u00fd Zdokonalova\u010d Pleti Serox<\/strong><\/span><\/h2>\n<p><span style=\"font-size: 14pt;\"><strong>Okam\u017eit\u00fd Zdokonalova\u010d Pleti Serox pre optick\u00e9 omladenie za p\u00e1r sek\u00fand!<\/strong><\/span><\/p>\n<p>Pre \u017eeny, pre ktor\u00e9 je vek nepodstatn\u00e1 z\u00e1le\u017eitos\u0165, no dobre vyzera\u0165 Nie.<br \/>\nPre t\u00fdch, ktor\u00ed chc\u00fa starostlivos\u0165 o ple\u0165 v ka\u017edodennom \u017eivote, ktor\u00e1 v priebehu nieko\u013ek\u00fdch sek\u00fand zabezpe\u010d\u00ed dokonal\u00fd vzh\u013ead pleti a zmizn\u00fa drobn\u00e9 vr\u00e1sky a hrbol\u010deky.<\/p>\n<p>Bezchybn\u00e1 ple\u0165 s nieko\u013ek\u00fdmi vr\u00e1skami a kr\u00e1sne napnut\u00e1, to s\u00fa znaky mladistv\u00e9ho vzh\u013eadu, ktor\u00fd si chceme zachova\u0165 alebo obnovi\u0165.<\/p>\n<p>Vzh\u013ead pleti sa vekom men\u00ed, zv\u00e4\u010d\u0161uj\u00fa sa nerovnosti pleti a zv\u00e4\u010d\u0161uj\u00fa sa p\u00f3ry. Poko\u017eka navy\u0161e \u010doraz viac str\u00e1ca pru\u017enos\u0165 a pevnos\u0165. Na potla\u010denie pr\u00edznakov starnutia pleti je Okam\u017eit\u00fd Zdokonalova\u010d Pleti Serox ide\u00e1lnym spolo\u010dn\u00edkom pre ka\u017edodenn\u00fa starostlivos\u0165 o tv\u00e1r.<\/p>\n<p>Efektov\u00e1 technol\u00f3gia s dvojit\u00fdm \u00fa\u010dinkom proti starnutiu zap\u00f4sob\u00ed okam\u017eitou dokonalos\u0165ou \u2013 vizu\u00e1lne omladenie pleti v priebehu nieko\u013ek\u00fdch sek\u00fand! Zamatovo hebk\u00e9, laminovacie perfektorov\u00e9 zlo\u017eenie s jemn\u00fdmi farebn\u00fdmi pigmentmi zanech\u00e1va ple\u0165 ako premenen\u00fa.<\/p>\n<p>P\u00f3ry, hrbol\u010deky a vr\u00e1sky s\u00fa minimalizovan\u00e9 a leskl\u00e1 poko\u017eka zmatnen\u00e1. Na druhej strane udr\u017eate\u013enou dokonalos\u0165ou \u2013 regener\u00e1ciou \u0161trukt\u00fary poko\u017eky de\u0148 po dni!<\/p>\n<p>Dosahuje sa to prostredn\u00edctvom hlboko p\u00f4sobiacich akt\u00edvnych zlo\u017eiek proti starnutiu Gatuline\u00ae In-Tense a Ultra Filling SpheresTM. Trvalo posil\u0148uj\u00fa pevnos\u0165 a pru\u017enos\u0165 poko\u017eky, v\u010faka \u010domu je hlad\u0161ia a pru\u017enej\u0161ia a vyzer\u00e1 pevnej\u0161ie.<\/p>\n<p>Na podporu \u00fa\u010dinku proti starnutiu sa odpor\u00fa\u010da nasleduj\u00faci ritu\u00e1l starostlivosti: Za\u010dnite zo S\u00e9rum Na Ple\u0165 Serox , potom <a href=\"https:\/\/www.lraloeverashop.eu\/sk\/produkt\/krem-proti-vraskam-serox\/\">Intenz\u00edvnym kr\u00e9mom proti starnutiu<\/a> a zakon\u010dite s Zdokonalova\u010dom Pleti Serox.<\/p>\n<p>&nbsp;<\/p>\n<h3><span style=\"font-size: 16pt;\"><strong>Ako pou\u017e\u00edva\u0165<\/strong><\/span><\/h3>\n<p>Okam\u017eit\u00fd Zdokonalova\u010d Pleti Serox mo\u017eno pou\u017ei\u0165 kedyko\u013evek po\u010das d\u0148a. Naneste svoj zvy\u010dajn\u00fd <a href=\"https:\/\/www.lraloeverashop.eu\/sk\/produkt\/platinum-krem-proti-starnutiu\/\">denn\u00fd kr\u00e9m<\/a> a potom naneste Zdokonalova\u010d Pleti, ktor\u00fd dobre rozotriete po celej tv\u00e1ri. Pred pokra\u010dovan\u00edm v l\u00ed\u010den\u00ed po\u010dkajte nieko\u013eko sek\u00fand.<\/p>\n<p>&nbsp;<\/p>\n<h4><span style=\"font-size: 16pt;\"><strong>Vedeli ste?<\/strong><\/span><\/h4>\n<p><strong>Gatuline\u00ae In-Tense<\/strong><br \/>\nIde o koncentrovan\u00fd olejov\u00fd extrakt z rastliny Spilanthes Acmella, naz\u00fdvanej aj Paracress.<br \/>\nGatuline\u00ae In-Tense funguje tak, \u017ee stimuluje fibroblasty (bunky v spojivovom tkanive), reorganizuje \u0161trukt\u00faru a hustotu derm\u00e1lnej vrstvy. Hustota a pevnos\u0165 poko\u017eky sa zvy\u0161uje a poko\u017eka sa rovnomerne leskne.<\/p>\n<p><strong>Ultra Filling Spheres (Ultra plniace gu\u013e\u00f4\u010dky)<\/strong><br \/>\nT\u00e1to technol\u00f3gia vyu\u017e\u00edva schopnos\u0165 dehydratovan\u00fdch a zosie\u0165ovan\u00fdch gu\u013e\u00f4\u010dok (pozost\u00e1vaj\u00face z biopolym\u00e9rov), ktor\u00e9 prenikaj\u00fa do vrchnej vrstvy poko\u017eky (epidermis), aby absorbovali vodu, ktor\u00e1 sa vyparuje z pod \u0148ou le\u017eiacej vrstvy ko\u017ee (dermis). Objem gu\u013e\u00f4\u010dok sa zv\u00e4\u010d\u0161uje a tak je poko\u017eka napnut\u00e1, vyhladen\u00e1 a hydratovan\u00e1.<\/p>\n","protected":false},"excerpt":{"rendered":"<ul>\n<li>Inovat\u00edvna technol\u00f3gia s dvojit\u00fdm \u00fa\u010dinkom proti starnutiu<\/li>\n<li>Trvalo udr\u017eate\u013en\u00e1 dokonalos\u0165 \u0161trukt\u00fary poko\u017eky<\/li>\n<li>Vhodn\u00e9 v kombin\u00e1cii s make-upom<\/li>\n<li>Okam\u017eit\u00e1 dokonalos\u0165 pleti<\/li>\n<li>Starostlivos\u0165 proti starnutiu na ka\u017edodenn\u00e9 pou\u017eitie<\/li>\n<li>Vysoko kvalitn\u00e9 ingrediencie<\/li>\n<li>Mno\u017estvo: 30ml<\/li>\n<\/ul>\n<p>&nbsp;<\/p>\n","protected":false},"featured_media":5860,"comment_status":"open","ping_status":"closed","template":"","meta":{"_kad_blocks_custom_css":"","_kad_blocks_head_custom_js":"","_kad_blocks_body_custom_js":"","_kad_blocks_footer_custom_js":"","_kadence_starter_templates_imported_post":false,"_kad_post_transparent":"default","_kad_post_title":"","_kad_post_layout":"default","_kad_post_sidebar_id":"","_kad_post_content_style":"default","_kad_post_vertical_padding":"default","_kad_post_feature":"","_kad_post_feature_position":"","_kad_post_header":false,"_kad_post_footer":false,"_kad_post_classname":""},"product_brand":[],"product_cat":[331,390,270,288,282],"product_tag":[706],"class_list":{"0":"post-8886","1":"product","2":"type-product","3":"status-publish","4":"has-post-thumbnail","6":"product_cat-produkty-proti-starnutiu","7":"product_cat-serox-sk","8":"product_cat-starostlivost-proti-starnutiu","9":"product_cat-zeny-do-40","10":"product_cat-zeny-nad-40-rokov","11":"product_tag-na-vrasky-na-tvari","13":"first","14":"instock","15":"taxable","16":"shipping-taxable","17":"purchasable","18":"product-type-simple","19":"entry","20":"content-bg","21":"loop-entry"},"yoast_head":"<!-- This site is optimized with the Yoast SEO Premium plugin v27.5 (Yoast SEO v27.5) - https:\/\/yoast.com\/product\/yoast-seo-premium-wordpress\/ -->\n<title>Okam\u017eit\u00fd Zdokonalova\u010d Pleti Serox pre omladenie za p\u00e1r sek\u00fand!<\/title>\n<meta name=\"description\" content=\"Pre \u017eeny, pre ktor\u00e9 je vek nepodstatn\u00e1 z\u00e1le\u017eitos\u0165, no dobre vyzera\u0165 Nie. Okam\u017eit\u00fd Zdokonalova\u010d Pleti Serox proti starnutiu na ka\u017edodenn\u00e9 pou\u017eitie\" \/>\n<meta name=\"robots\" content=\"index, follow, max-snippet:-1, max-image-preview:large, max-video-preview:-1\" \/>\n<link rel=\"canonical\" href=\"https:\/\/www.lraloeverashop.eu\/sk\/produkt\/okamzity-zdokonalovac-pleti-serox\/\" \/>\n<meta property=\"og:locale\" content=\"sk_SK\" \/>\n<meta property=\"og:type\" content=\"article\" \/>\n<meta property=\"og:title\" content=\"Okam\u017eit\u00fd Zdokonalova\u010d Pleti Serox\" \/>\n<meta property=\"og:description\" content=\"Pre \u017eeny, pre ktor\u00e9 je vek nepodstatn\u00e1 z\u00e1le\u017eitos\u0165, no dobre vyzera\u0165 Nie. Okam\u017eit\u00fd Zdokonalova\u010d Pleti Serox proti starnutiu na ka\u017edodenn\u00e9 pou\u017eitie\" \/>\n<meta property=\"og:url\" content=\"https:\/\/www.lraloeverashop.eu\/sk\/produkt\/okamzity-zdokonalovac-pleti-serox\/\" \/>\n<meta property=\"og:site_name\" content=\"Lr Obchod Aloe Vera\" \/>\n<meta property=\"article:publisher\" content=\"https:\/\/www.facebook.com\/lraloeverashop.eu\" \/>\n<meta property=\"article:modified_time\" content=\"2025-12-10T05:29:18+00:00\" \/>\n<meta property=\"og:image\" content=\"https:\/\/www.lraloeverashop.eu\/wp-content\/uploads\/2022\/10\/Serox-Instant-Skin-Perfector.jpg\" \/>\n\t<meta property=\"og:image:width\" content=\"1200\" \/>\n\t<meta property=\"og:image:height\" content=\"1200\" \/>\n\t<meta property=\"og:image:type\" content=\"image\/jpeg\" \/>\n<meta name=\"twitter:card\" content=\"summary_large_image\" \/>\n<meta name=\"twitter:site\" content=\"@natur__kosmetik\" \/>\n<script type=\"application\/ld+json\" class=\"yoast-schema-graph\">{\"@context\":\"https:\\\/\\\/schema.org\",\"@graph\":[{\"@type\":[\"WebPage\",\"ItemPage\"],\"@id\":\"https:\\\/\\\/www.lraloeverashop.eu\\\/sk\\\/produkt\\\/okamzity-zdokonalovac-pleti-serox\\\/\",\"url\":\"https:\\\/\\\/www.lraloeverashop.eu\\\/sk\\\/produkt\\\/okamzity-zdokonalovac-pleti-serox\\\/\",\"name\":\"Okam\u017eit\u00fd Zdokonalova\u010d Pleti Serox pre omladenie za p\u00e1r sek\u00fand!\",\"isPartOf\":{\"@id\":\"https:\\\/\\\/www.lraloeverashop.eu\\\/sk\\\/#website\"},\"primaryImageOfPage\":{\"@id\":\"https:\\\/\\\/www.lraloeverashop.eu\\\/sk\\\/produkt\\\/okamzity-zdokonalovac-pleti-serox\\\/#primaryimage\"},\"image\":{\"@id\":\"https:\\\/\\\/www.lraloeverashop.eu\\\/sk\\\/produkt\\\/okamzity-zdokonalovac-pleti-serox\\\/#primaryimage\"},\"thumbnailUrl\":\"https:\\\/\\\/www.lraloeverashop.eu\\\/wp-content\\\/uploads\\\/2022\\\/10\\\/Serox-Instant-Skin-Perfector.jpg\",\"datePublished\":\"2022-10-19T18:05:25+00:00\",\"dateModified\":\"2025-12-10T05:29:18+00:00\",\"description\":\"Pre \u017eeny, pre ktor\u00e9 je vek nepodstatn\u00e1 z\u00e1le\u017eitos\u0165, no dobre vyzera\u0165 Nie. Okam\u017eit\u00fd Zdokonalova\u010d Pleti Serox proti starnutiu na ka\u017edodenn\u00e9 pou\u017eitie\",\"breadcrumb\":{\"@id\":\"https:\\\/\\\/www.lraloeverashop.eu\\\/sk\\\/produkt\\\/okamzity-zdokonalovac-pleti-serox\\\/#breadcrumb\"},\"inLanguage\":\"sk-SK\",\"potentialAction\":[{\"@type\":\"ReadAction\",\"target\":[\"https:\\\/\\\/www.lraloeverashop.eu\\\/sk\\\/produkt\\\/okamzity-zdokonalovac-pleti-serox\\\/\"]}]},{\"@type\":\"ImageObject\",\"inLanguage\":\"sk-SK\",\"@id\":\"https:\\\/\\\/www.lraloeverashop.eu\\\/sk\\\/produkt\\\/okamzity-zdokonalovac-pleti-serox\\\/#primaryimage\",\"url\":\"https:\\\/\\\/www.lraloeverashop.eu\\\/wp-content\\\/uploads\\\/2022\\\/10\\\/Serox-Instant-Skin-Perfector.jpg\",\"contentUrl\":\"https:\\\/\\\/www.lraloeverashop.eu\\\/wp-content\\\/uploads\\\/2022\\\/10\\\/Serox-Instant-Skin-Perfector.jpg\",\"width\":1200,\"height\":1200,\"caption\":\"Serox Instantn\u00fd zdokonalova\u010d pleti\"},{\"@type\":\"BreadcrumbList\",\"@id\":\"https:\\\/\\\/www.lraloeverashop.eu\\\/sk\\\/produkt\\\/okamzity-zdokonalovac-pleti-serox\\\/#breadcrumb\",\"itemListElement\":[{\"@type\":\"ListItem\",\"position\":1,\"name\":\"Home\",\"item\":\"https:\\\/\\\/www.lraloeverashop.eu\\\/sk\\\/aloe-vera-obchod-vsetko-pre-vasu-krasu-a-pohodu\\\/\"},{\"@type\":\"ListItem\",\"position\":2,\"name\":\"Obchod\",\"item\":\"https:\\\/\\\/www.lraloeverashop.eu\\\/sk\\\/obchod\\\/\"},{\"@type\":\"ListItem\",\"position\":3,\"name\":\"Okam\u017eit\u00fd Zdokonalova\u010d Pleti Serox\"}]},{\"@type\":\"WebSite\",\"@id\":\"https:\\\/\\\/www.lraloeverashop.eu\\\/sk\\\/#website\",\"url\":\"https:\\\/\\\/www.lraloeverashop.eu\\\/sk\\\/\",\"name\":\"Lr Obchod Aloe Vera\",\"description\":\"High Quality Lr Aloe Vera Gel, Aloe Vera Cream and Shampoo\",\"publisher\":{\"@id\":\"https:\\\/\\\/www.lraloeverashop.eu\\\/sk\\\/#organization\"},\"alternateName\":\"LR\",\"potentialAction\":[{\"@type\":\"SearchAction\",\"target\":{\"@type\":\"EntryPoint\",\"urlTemplate\":\"https:\\\/\\\/www.lraloeverashop.eu\\\/sk\\\/?s={search_term_string}\"},\"query-input\":{\"@type\":\"PropertyValueSpecification\",\"valueRequired\":true,\"valueName\":\"search_term_string\"}}],\"inLanguage\":\"sk-SK\"},{\"@type\":\"Organization\",\"@id\":\"https:\\\/\\\/www.lraloeverashop.eu\\\/sk\\\/#organization\",\"name\":\"Lr Obchod Aloe Vera\",\"alternateName\":\"LR\",\"url\":\"https:\\\/\\\/www.lraloeverashop.eu\\\/sk\\\/\",\"logo\":{\"@type\":\"ImageObject\",\"inLanguage\":\"sk-SK\",\"@id\":\"https:\\\/\\\/www.lraloeverashop.eu\\\/sk\\\/#\\\/schema\\\/logo\\\/image\\\/\",\"url\":\"https:\\\/\\\/www.lraloeverashop.eu\\\/wp-content\\\/uploads\\\/2022\\\/09\\\/cropped-Lr-Aloe-Vera-Shop.jpg\",\"contentUrl\":\"https:\\\/\\\/www.lraloeverashop.eu\\\/wp-content\\\/uploads\\\/2022\\\/09\\\/cropped-Lr-Aloe-Vera-Shop.jpg\",\"width\":228,\"height\":76,\"caption\":\"Lr Obchod Aloe Vera\"},\"image\":{\"@id\":\"https:\\\/\\\/www.lraloeverashop.eu\\\/sk\\\/#\\\/schema\\\/logo\\\/image\\\/\"},\"sameAs\":[\"https:\\\/\\\/www.facebook.com\\\/lraloeverashop.eu\",\"https:\\\/\\\/x.com\\\/natur__kosmetik\",\"https:\\\/\\\/www.youtube.com\\\/channel\\\/UC5oN7BJ8nfYb8RpVtjwDEBA\",\"https:\\\/\\\/www.instagram.com\\\/lrbeautyeu\\\/\"],\"description\":\"Obchod Lr Aloe Vera je va\u0161\u00edm d\u00f4veryhodn\u00fdm miestom pre pr\u00e9miov\u00e9 produkty LR Health & Beauty vyroben\u00e9 v Nemecku. Pon\u00fakame vysokokvalitn\u00e9 rie\u0161enia starostlivosti o ple\u0165 s Aloe Vera, v\u00fd\u017eivu a proti starnutiu, vyroben\u00e9 z \u010dist\u00fdch ingredienci\u00ed a podlo\u017een\u00e9 vedeck\u00fdm v\u00fdskumom. Objavte pr\u00edrodn\u00fa starostlivos\u0165, ktor\u00e1 regeneruje, chr\u00e1ni a revitalizuje va\u0161u ple\u0165 \u2013 a vyu\u017eite exkluz\u00edvne mesa\u010dn\u00e9 ponuky na na\u0161e najpred\u00e1vanej\u0161ie produkty LR Aloe Vera.\\nZa\u010dnite svoju cestu za pr\u00edrodnou starostlivos\u0165ou o ple\u0165 e\u0161te dnes a poc\u00ed\u0165te rozdiel.\",\"email\":\"info@lraloeverashop.eu\",\"telephone\":\"+49 17670609653\",\"legalName\":\"Lr Aloe Vera Shop\",\"foundingDate\":\"2018-04-21\",\"numberOfEmployees\":{\"@type\":\"QuantitativeValue\",\"minValue\":\"1\",\"maxValue\":\"10\"}}]}<\/script>\n<meta property=\"product:price:amount\" content=\"58.10\" \/>\n<meta property=\"product:price:currency\" content=\"EUR\" \/>\n<meta property=\"og:availability\" content=\"instock\" \/>\n<meta property=\"product:availability\" content=\"instock\" \/>\n<meta property=\"product:retailer_item_id\" content=\"28250-1SK\" \/>\n<meta property=\"product:condition\" content=\"new\" \/>\n<!-- \/ Yoast SEO Premium plugin. -->","yoast_head_json":{"title":"Okam\u017eit\u00fd Zdokonalova\u010d Pleti Serox pre omladenie za p\u00e1r sek\u00fand!","description":"Pre \u017eeny, pre ktor\u00e9 je vek nepodstatn\u00e1 z\u00e1le\u017eitos\u0165, no dobre vyzera\u0165 Nie. Okam\u017eit\u00fd Zdokonalova\u010d Pleti Serox proti starnutiu na ka\u017edodenn\u00e9 pou\u017eitie","robots":{"index":"index","follow":"follow","max-snippet":"max-snippet:-1","max-image-preview":"max-image-preview:large","max-video-preview":"max-video-preview:-1"},"canonical":"https:\/\/www.lraloeverashop.eu\/sk\/produkt\/okamzity-zdokonalovac-pleti-serox\/","og_locale":"sk_SK","og_type":"article","og_title":"Okam\u017eit\u00fd Zdokonalova\u010d Pleti Serox","og_description":"Pre \u017eeny, pre ktor\u00e9 je vek nepodstatn\u00e1 z\u00e1le\u017eitos\u0165, no dobre vyzera\u0165 Nie. Okam\u017eit\u00fd Zdokonalova\u010d Pleti Serox proti starnutiu na ka\u017edodenn\u00e9 pou\u017eitie","og_url":"https:\/\/www.lraloeverashop.eu\/sk\/produkt\/okamzity-zdokonalovac-pleti-serox\/","og_site_name":"Lr Obchod Aloe Vera","article_publisher":"https:\/\/www.facebook.com\/lraloeverashop.eu","article_modified_time":"2025-12-10T05:29:18+00:00","og_image":[{"width":1200,"height":1200,"url":"https:\/\/www.lraloeverashop.eu\/wp-content\/uploads\/2022\/10\/Serox-Instant-Skin-Perfector.jpg","type":"image\/jpeg"}],"twitter_card":"summary_large_image","twitter_site":"@natur__kosmetik","schema":{"@context":"https:\/\/schema.org","@graph":[{"@type":["WebPage","ItemPage"],"@id":"https:\/\/www.lraloeverashop.eu\/sk\/produkt\/okamzity-zdokonalovac-pleti-serox\/","url":"https:\/\/www.lraloeverashop.eu\/sk\/produkt\/okamzity-zdokonalovac-pleti-serox\/","name":"Okam\u017eit\u00fd Zdokonalova\u010d Pleti Serox pre omladenie za p\u00e1r sek\u00fand!","isPartOf":{"@id":"https:\/\/www.lraloeverashop.eu\/sk\/#website"},"primaryImageOfPage":{"@id":"https:\/\/www.lraloeverashop.eu\/sk\/produkt\/okamzity-zdokonalovac-pleti-serox\/#primaryimage"},"image":{"@id":"https:\/\/www.lraloeverashop.eu\/sk\/produkt\/okamzity-zdokonalovac-pleti-serox\/#primaryimage"},"thumbnailUrl":"https:\/\/www.lraloeverashop.eu\/wp-content\/uploads\/2022\/10\/Serox-Instant-Skin-Perfector.jpg","datePublished":"2022-10-19T18:05:25+00:00","dateModified":"2025-12-10T05:29:18+00:00","description":"Pre \u017eeny, pre ktor\u00e9 je vek nepodstatn\u00e1 z\u00e1le\u017eitos\u0165, no dobre vyzera\u0165 Nie. Okam\u017eit\u00fd Zdokonalova\u010d Pleti Serox proti starnutiu na ka\u017edodenn\u00e9 pou\u017eitie","breadcrumb":{"@id":"https:\/\/www.lraloeverashop.eu\/sk\/produkt\/okamzity-zdokonalovac-pleti-serox\/#breadcrumb"},"inLanguage":"sk-SK","potentialAction":[{"@type":"ReadAction","target":["https:\/\/www.lraloeverashop.eu\/sk\/produkt\/okamzity-zdokonalovac-pleti-serox\/"]}]},{"@type":"ImageObject","inLanguage":"sk-SK","@id":"https:\/\/www.lraloeverashop.eu\/sk\/produkt\/okamzity-zdokonalovac-pleti-serox\/#primaryimage","url":"https:\/\/www.lraloeverashop.eu\/wp-content\/uploads\/2022\/10\/Serox-Instant-Skin-Perfector.jpg","contentUrl":"https:\/\/www.lraloeverashop.eu\/wp-content\/uploads\/2022\/10\/Serox-Instant-Skin-Perfector.jpg","width":1200,"height":1200,"caption":"Serox Instantn\u00fd zdokonalova\u010d pleti"},{"@type":"BreadcrumbList","@id":"https:\/\/www.lraloeverashop.eu\/sk\/produkt\/okamzity-zdokonalovac-pleti-serox\/#breadcrumb","itemListElement":[{"@type":"ListItem","position":1,"name":"Home","item":"https:\/\/www.lraloeverashop.eu\/sk\/aloe-vera-obchod-vsetko-pre-vasu-krasu-a-pohodu\/"},{"@type":"ListItem","position":2,"name":"Obchod","item":"https:\/\/www.lraloeverashop.eu\/sk\/obchod\/"},{"@type":"ListItem","position":3,"name":"Okam\u017eit\u00fd Zdokonalova\u010d Pleti Serox"}]},{"@type":"WebSite","@id":"https:\/\/www.lraloeverashop.eu\/sk\/#website","url":"https:\/\/www.lraloeverashop.eu\/sk\/","name":"Lr Obchod Aloe Vera","description":"High Quality Lr Aloe Vera Gel, Aloe Vera Cream and Shampoo","publisher":{"@id":"https:\/\/www.lraloeverashop.eu\/sk\/#organization"},"alternateName":"LR","potentialAction":[{"@type":"SearchAction","target":{"@type":"EntryPoint","urlTemplate":"https:\/\/www.lraloeverashop.eu\/sk\/?s={search_term_string}"},"query-input":{"@type":"PropertyValueSpecification","valueRequired":true,"valueName":"search_term_string"}}],"inLanguage":"sk-SK"},{"@type":"Organization","@id":"https:\/\/www.lraloeverashop.eu\/sk\/#organization","name":"Lr Obchod Aloe Vera","alternateName":"LR","url":"https:\/\/www.lraloeverashop.eu\/sk\/","logo":{"@type":"ImageObject","inLanguage":"sk-SK","@id":"https:\/\/www.lraloeverashop.eu\/sk\/#\/schema\/logo\/image\/","url":"https:\/\/www.lraloeverashop.eu\/wp-content\/uploads\/2022\/09\/cropped-Lr-Aloe-Vera-Shop.jpg","contentUrl":"https:\/\/www.lraloeverashop.eu\/wp-content\/uploads\/2022\/09\/cropped-Lr-Aloe-Vera-Shop.jpg","width":228,"height":76,"caption":"Lr Obchod Aloe Vera"},"image":{"@id":"https:\/\/www.lraloeverashop.eu\/sk\/#\/schema\/logo\/image\/"},"sameAs":["https:\/\/www.facebook.com\/lraloeverashop.eu","https:\/\/x.com\/natur__kosmetik","https:\/\/www.youtube.com\/channel\/UC5oN7BJ8nfYb8RpVtjwDEBA","https:\/\/www.instagram.com\/lrbeautyeu\/"],"description":"Obchod Lr Aloe Vera je va\u0161\u00edm d\u00f4veryhodn\u00fdm miestom pre pr\u00e9miov\u00e9 produkty LR Health & Beauty vyroben\u00e9 v Nemecku. Pon\u00fakame vysokokvalitn\u00e9 rie\u0161enia starostlivosti o ple\u0165 s Aloe Vera, v\u00fd\u017eivu a proti starnutiu, vyroben\u00e9 z \u010dist\u00fdch ingredienci\u00ed a podlo\u017een\u00e9 vedeck\u00fdm v\u00fdskumom. Objavte pr\u00edrodn\u00fa starostlivos\u0165, ktor\u00e1 regeneruje, chr\u00e1ni a revitalizuje va\u0161u ple\u0165 \u2013 a vyu\u017eite exkluz\u00edvne mesa\u010dn\u00e9 ponuky na na\u0161e najpred\u00e1vanej\u0161ie produkty LR Aloe Vera.\nZa\u010dnite svoju cestu za pr\u00edrodnou starostlivos\u0165ou o ple\u0165 e\u0161te dnes a poc\u00ed\u0165te rozdiel.","email":"info@lraloeverashop.eu","telephone":"+49 17670609653","legalName":"Lr Aloe Vera Shop","foundingDate":"2018-04-21","numberOfEmployees":{"@type":"QuantitativeValue","minValue":"1","maxValue":"10"}}]},"product_price_amount":"58.10","product_price_currency":"EUR","og_availability":"instock","product_availability":"instock","product_retailer_item_id":"28250-1SK","product_condition":"new"},"taxonomy_info":{"product_cat":[{"value":331,"label":"Produkty proti starnutiu"},{"value":390,"label":"Serox"},{"value":270,"label":"Starostlivos\u0165 proti starnutiu"},{"value":288,"label":"\u017deny do 40"},{"value":282,"label":"\u017deny nad 40 rokov"}],"product_tag":[{"value":706,"label":"na vr\u00e1sky na tv\u00e1ri"}]},"featured_image_src_large":["https:\/\/www.lraloeverashop.eu\/wp-content\/uploads\/2022\/10\/Serox-Instant-Skin-Perfector-1024x1024.jpg",1024,1024,true],"author_info":[],"comment_info":0,"_links":{"self":[{"href":"https:\/\/www.lraloeverashop.eu\/sk\/wp-json\/wp\/v2\/product\/8886","targetHints":{"allow":["GET"]}}],"collection":[{"href":"https:\/\/www.lraloeverashop.eu\/sk\/wp-json\/wp\/v2\/product"}],"about":[{"href":"https:\/\/www.lraloeverashop.eu\/sk\/wp-json\/wp\/v2\/types\/product"}],"replies":[{"embeddable":true,"href":"https:\/\/www.lraloeverashop.eu\/sk\/wp-json\/wp\/v2\/comments?post=8886"}],"wp:featuredmedia":[{"embeddable":true,"href":"https:\/\/www.lraloeverashop.eu\/sk\/wp-json\/wp\/v2\/media\/5860"}],"wp:attachment":[{"href":"https:\/\/www.lraloeverashop.eu\/sk\/wp-json\/wp\/v2\/media?parent=8886"}],"wp:term":[{"taxonomy":"product_brand","embeddable":true,"href":"https:\/\/www.lraloeverashop.eu\/sk\/wp-json\/wp\/v2\/product_brand?post=8886"},{"taxonomy":"product_cat","embeddable":true,"href":"https:\/\/www.lraloeverashop.eu\/sk\/wp-json\/wp\/v2\/product_cat?post=8886"},{"taxonomy":"product_tag","embeddable":true,"href":"https:\/\/www.lraloeverashop.eu\/sk\/wp-json\/wp\/v2\/product_tag?post=8886"}],"curies":[{"name":"wp","href":"https:\/\/api.w.org\/{rel}","templated":true}]}}