{"id":8866,"date":"2022-10-20T04:44:58","date_gmt":"2022-10-20T02:44:58","guid":{"rendered":"https:\/\/www.lraloeverashop.eu\/product\/krem-proti-vraskam-serox\/"},"modified":"2025-11-22T15:03:10","modified_gmt":"2025-11-22T14:03:10","slug":"krem-proti-vraskam-serox","status":"publish","type":"product","link":"https:\/\/www.lraloeverashop.eu\/sk\/produkt\/krem-proti-vraskam-serox\/","title":{"rendered":"Kr\u00e9m Proti Vr\u00e1skam Serox"},"content":{"rendered":"<h2><span style=\"font-size: 16pt;\"><strong>Kr\u00e9m Proti Vr\u00e1skam Serox<\/strong><\/span><\/h2>\n<p><span style=\"font-size: 14pt;\"><strong>Kr\u00e9m Proti Vr\u00e1skam Serox s \u00fa\u010dinkom proti starnutiu pre dlhotrvaj\u00facu hydrat\u00e1ciu<\/strong><\/span><\/p>\n<p>Mimoriadne bohat\u00fd kr\u00e9m proti starnutiu redukuje v\u00fdskyt mal\u00fdch vr\u00e1sok pomocou inovat\u00edvnych akt\u00edvnych zlo\u017eiek, ako je Hyaluronic Filling Spheres\u00ae s lyofilizovanou kyselinou hyalur\u00f3novou.<\/p>\n<p>Bohat\u00e1 text\u00fara s bambuck\u00fdm maslom sa star\u00e1 aj o such\u00fa poko\u017eku. V\u00fdsledok: Miernej\u0161ie sa objavuj\u00face vr\u00e1sky.<\/p>\n<p>&nbsp;<\/p>\n<h3><span style=\"font-size: 16pt;\"><strong>Ako pou\u017e\u00edva\u0165<\/strong><\/span><\/h3>\n<p>Aplikujte dvakr\u00e1t denne priamo na mimick\u00e9 vr\u00e1sky po d\u00f4kladnom vy\u010disten\u00ed tv\u00e1re. Jemne mas\u00edrujte.<\/p>\n<p>Pre optim\u00e1lny vzh\u013ead v\u017edy odpor\u00fa\u010dame Kr\u00e9m Proti Vr\u00e1skam Serox v kombin\u00e1cii so <a href=\"https:\/\/www.lraloeverashop.eu\/sk\/produkt\/serum-na-plet-serox\/\">Serox S\u00e9rum<\/a> s okam\u017eit\u00fdm v\u00fdsledkom. S\u00e9rum upokojuje poko\u017eku inovat\u00edvnymi akt\u00edvnymi zlo\u017ekami, kr\u00e9m zais\u0165uje uvo\u013enen\u00fd, hladk\u00fd pocit poko\u017eky. Pre optim\u00e1lny \u00fa\u010dinok <a href=\"https:\/\/www.lraloeverashop.eu\/sk\/produkt\/beauty-diamonds-nocny-krem-proti-vraskam\/\">proti starnutiu<\/a> odpor\u00fa\u010dame kombinova\u0165 tieto dva produkty. Kr\u00e9m nan\u00e1\u0161ajte v\u017edy a\u017e po s\u00e9re.<\/p>\n<p>&nbsp;<\/p>\n<h4><span style=\"font-size: 16pt;\"><strong>Vedeli ste?<\/strong><\/span><\/h4>\n<p>Exkluz\u00edvne <a href=\"https:\/\/www.lraloeverashop.eu\/sk\/kategoria-produktu\/produkty-proti-starnutiu\/serox-sk\/\">produkty Serox<\/a> \u0161pecificky p\u00f4sobia proti ne\u017eiaducim zn\u00e1mkam doby. Instant Skin Perfector v\u010faka inovat\u00edvnej technol\u00f3gii efektov s du\u00e1lnymi \u00fa\u010dinkami proti starnutiu zais\u0165uje okam\u017eit\u00fa a trval\u00fa dokonalos\u0165 pleti. Poko\u017eka, ktor\u00e1 vyzer\u00e1 dlhodobo mlad\u0161ie, je dosiahnut\u00e1 s \u010fal\u0161\u00edmi \u0161peci\u00e1lnymi produktmi Serox: menej v\u00fdrazov\u00fdch vr\u00e1sok v oblasti o\u010d\u00ed, \u010dela a nosa, ako aj v\u00fdrazne v\u00e4\u010d\u0161\u00ed objem a pru\u017enos\u0165.<\/p>\n","protected":false},"excerpt":{"rendered":"<ul>\n<li>Inovat\u00edvne zlo\u017eenie kr\u00e9mu proti starnutiu<\/li>\n<li>Zjem\u0148uje v\u00fdrazy tv\u00e1re od 35 rokov<\/li>\n<li>Komplex \u00fa\u010dinn\u00fdch l\u00e1tok s protivr\u00e1skov\u00fdm \u00fa\u010dinkom proti jemn\u00fdm link\u00e1m a hlbok\u00fdm vr\u00e1skam<\/li>\n<li>Ide\u00e1lne v kombin\u00e1cii so Serox S\u00e9rum<\/li>\n<li>Vhodn\u00e9 aj pre such\u00fa poko\u017eku<\/li>\n<li>Produkt vyroben\u00fd v Nemecku<\/li>\n<li>Obsah: 50 ml<\/li>\n<\/ul>\n<p>&nbsp;<\/p>\n","protected":false},"featured_media":5866,"comment_status":"open","ping_status":"closed","template":"","meta":{"_kad_blocks_custom_css":"","_kad_blocks_head_custom_js":"","_kad_blocks_body_custom_js":"","_kad_blocks_footer_custom_js":"","_kadence_starter_templates_imported_post":false,"_kad_post_transparent":"default","_kad_post_title":"","_kad_post_layout":"default","_kad_post_sidebar_id":"","_kad_post_content_style":"default","_kad_post_vertical_padding":"default","_kad_post_feature":"","_kad_post_feature_position":"","_kad_post_header":false,"_kad_post_footer":false,"_kad_post_classname":""},"product_brand":[],"product_cat":[331,390,270,282],"product_tag":[706],"class_list":{"0":"post-8866","1":"product","2":"type-product","3":"status-publish","4":"has-post-thumbnail","6":"product_cat-produkty-proti-starnutiu","7":"product_cat-serox-sk","8":"product_cat-starostlivost-proti-starnutiu","9":"product_cat-zeny-nad-40-rokov","10":"product_tag-na-vrasky-na-tvari","12":"first","13":"instock","14":"taxable","15":"shipping-taxable","16":"purchasable","17":"product-type-simple","18":"entry","19":"content-bg","20":"loop-entry"},"yoast_head":"<!-- This site is optimized with the Yoast SEO Premium plugin v27.4 (Yoast SEO v27.4) - https:\/\/yoast.com\/product\/yoast-seo-premium-wordpress\/ -->\n<title>Kr\u00e9m Proti Vr\u00e1skam Serox zjem\u0148uje v\u00fdrazy tv\u00e1re u\u017e od 35 rokov<\/title>\n<meta name=\"description\" content=\"Kr\u00e9m Proti Vr\u00e1skam Serox redukuje v\u00fdskyt mal\u00fdch vr\u00e1sok pomocou inovat\u00edvnych akt\u00edvnych zlo\u017eiek, ako je Hyaluronic Filling Spheres\u00ae a kyselinou hyalur\u00f3novou.\" \/>\n<meta name=\"robots\" content=\"index, follow, max-snippet:-1, max-image-preview:large, max-video-preview:-1\" \/>\n<link rel=\"canonical\" href=\"https:\/\/www.lraloeverashop.eu\/sk\/produkt\/krem-proti-vraskam-serox\/\" \/>\n<meta property=\"og:locale\" content=\"sk_SK\" \/>\n<meta property=\"og:type\" content=\"article\" \/>\n<meta property=\"og:title\" content=\"Kr\u00e9m Proti Vr\u00e1skam Serox\" \/>\n<meta property=\"og:description\" content=\"Kr\u00e9m Proti Vr\u00e1skam Serox redukuje v\u00fdskyt mal\u00fdch vr\u00e1sok pomocou inovat\u00edvnych akt\u00edvnych zlo\u017eiek, ako je Hyaluronic Filling Spheres\u00ae a kyselinou hyalur\u00f3novou.\" \/>\n<meta property=\"og:url\" content=\"https:\/\/www.lraloeverashop.eu\/sk\/produkt\/krem-proti-vraskam-serox\/\" \/>\n<meta property=\"og:site_name\" content=\"Lr Obchod Aloe Vera\" \/>\n<meta property=\"article:publisher\" content=\"https:\/\/www.facebook.com\/lraloeverashop.eu\" \/>\n<meta property=\"article:modified_time\" content=\"2025-11-22T14:03:10+00:00\" \/>\n<meta property=\"og:image\" content=\"https:\/\/www.lraloeverashop.eu\/wp-content\/uploads\/2022\/10\/Serox-Intensive-Cream.jpg\" \/>\n\t<meta property=\"og:image:width\" content=\"1200\" \/>\n\t<meta property=\"og:image:height\" content=\"1200\" \/>\n\t<meta property=\"og:image:type\" content=\"image\/jpeg\" \/>\n<meta name=\"twitter:card\" content=\"summary_large_image\" \/>\n<meta name=\"twitter:site\" content=\"@natur__kosmetik\" \/>\n<script type=\"application\/ld+json\" class=\"yoast-schema-graph\">{\"@context\":\"https:\\\/\\\/schema.org\",\"@graph\":[{\"@type\":[\"WebPage\",\"ItemPage\"],\"@id\":\"https:\\\/\\\/www.lraloeverashop.eu\\\/sk\\\/produkt\\\/krem-proti-vraskam-serox\\\/\",\"url\":\"https:\\\/\\\/www.lraloeverashop.eu\\\/sk\\\/produkt\\\/krem-proti-vraskam-serox\\\/\",\"name\":\"Kr\u00e9m Proti Vr\u00e1skam Serox zjem\u0148uje v\u00fdrazy tv\u00e1re u\u017e od 35 rokov\",\"isPartOf\":{\"@id\":\"https:\\\/\\\/www.lraloeverashop.eu\\\/sk\\\/#website\"},\"primaryImageOfPage\":{\"@id\":\"https:\\\/\\\/www.lraloeverashop.eu\\\/sk\\\/produkt\\\/krem-proti-vraskam-serox\\\/#primaryimage\"},\"image\":{\"@id\":\"https:\\\/\\\/www.lraloeverashop.eu\\\/sk\\\/produkt\\\/krem-proti-vraskam-serox\\\/#primaryimage\"},\"thumbnailUrl\":\"https:\\\/\\\/www.lraloeverashop.eu\\\/wp-content\\\/uploads\\\/2022\\\/10\\\/Serox-Intensive-Cream.jpg\",\"datePublished\":\"2022-10-20T02:44:58+00:00\",\"dateModified\":\"2025-11-22T14:03:10+00:00\",\"description\":\"Kr\u00e9m Proti Vr\u00e1skam Serox redukuje v\u00fdskyt mal\u00fdch vr\u00e1sok pomocou inovat\u00edvnych akt\u00edvnych zlo\u017eiek, ako je Hyaluronic Filling Spheres\u00ae a kyselinou hyalur\u00f3novou.\",\"breadcrumb\":{\"@id\":\"https:\\\/\\\/www.lraloeverashop.eu\\\/sk\\\/produkt\\\/krem-proti-vraskam-serox\\\/#breadcrumb\"},\"inLanguage\":\"sk-SK\",\"potentialAction\":[{\"@type\":\"ReadAction\",\"target\":[\"https:\\\/\\\/www.lraloeverashop.eu\\\/sk\\\/produkt\\\/krem-proti-vraskam-serox\\\/\"]}]},{\"@type\":\"ImageObject\",\"inLanguage\":\"sk-SK\",\"@id\":\"https:\\\/\\\/www.lraloeverashop.eu\\\/sk\\\/produkt\\\/krem-proti-vraskam-serox\\\/#primaryimage\",\"url\":\"https:\\\/\\\/www.lraloeverashop.eu\\\/wp-content\\\/uploads\\\/2022\\\/10\\\/Serox-Intensive-Cream.jpg\",\"contentUrl\":\"https:\\\/\\\/www.lraloeverashop.eu\\\/wp-content\\\/uploads\\\/2022\\\/10\\\/Serox-Intensive-Cream.jpg\",\"width\":1200,\"height\":1200,\"caption\":\"Serox Intenz\u00edvny kr\u00e9m proti starnutiu\"},{\"@type\":\"BreadcrumbList\",\"@id\":\"https:\\\/\\\/www.lraloeverashop.eu\\\/sk\\\/produkt\\\/krem-proti-vraskam-serox\\\/#breadcrumb\",\"itemListElement\":[{\"@type\":\"ListItem\",\"position\":1,\"name\":\"Home\",\"item\":\"https:\\\/\\\/www.lraloeverashop.eu\\\/sk\\\/\"},{\"@type\":\"ListItem\",\"position\":2,\"name\":\"Obchod\",\"item\":\"https:\\\/\\\/www.lraloeverashop.eu\\\/shop\\\/\"},{\"@type\":\"ListItem\",\"position\":3,\"name\":\"Kr\u00e9m Proti Vr\u00e1skam Serox\"}]},{\"@type\":\"WebSite\",\"@id\":\"https:\\\/\\\/www.lraloeverashop.eu\\\/sk\\\/#website\",\"url\":\"https:\\\/\\\/www.lraloeverashop.eu\\\/sk\\\/\",\"name\":\"Lr Obchod Aloe Vera\",\"description\":\"High Quality Lr Aloe Vera Gel, Aloe Vera Cream and Shampoo\",\"publisher\":{\"@id\":\"https:\\\/\\\/www.lraloeverashop.eu\\\/sk\\\/#organization\"},\"potentialAction\":[{\"@type\":\"SearchAction\",\"target\":{\"@type\":\"EntryPoint\",\"urlTemplate\":\"https:\\\/\\\/www.lraloeverashop.eu\\\/sk\\\/?s={search_term_string}\"},\"query-input\":{\"@type\":\"PropertyValueSpecification\",\"valueRequired\":true,\"valueName\":\"search_term_string\"}}],\"inLanguage\":\"sk-SK\"},{\"@type\":\"Organization\",\"@id\":\"https:\\\/\\\/www.lraloeverashop.eu\\\/sk\\\/#organization\",\"name\":\"Lr Obchod Aloe Vera\",\"alternateName\":\"LR\",\"url\":\"https:\\\/\\\/www.lraloeverashop.eu\\\/sk\\\/\",\"logo\":{\"@type\":\"ImageObject\",\"inLanguage\":\"sk-SK\",\"@id\":\"https:\\\/\\\/www.lraloeverashop.eu\\\/sk\\\/#\\\/schema\\\/logo\\\/image\\\/\",\"url\":\"https:\\\/\\\/www.lraloeverashop.eu\\\/wp-content\\\/uploads\\\/2022\\\/09\\\/cropped-Lr-Aloe-Vera-Shop.jpg\",\"contentUrl\":\"https:\\\/\\\/www.lraloeverashop.eu\\\/wp-content\\\/uploads\\\/2022\\\/09\\\/cropped-Lr-Aloe-Vera-Shop.jpg\",\"width\":228,\"height\":76,\"caption\":\"Lr Obchod Aloe Vera\"},\"image\":{\"@id\":\"https:\\\/\\\/www.lraloeverashop.eu\\\/sk\\\/#\\\/schema\\\/logo\\\/image\\\/\"},\"sameAs\":[\"https:\\\/\\\/www.facebook.com\\\/lraloeverashop.eu\",\"https:\\\/\\\/x.com\\\/natur__kosmetik\",\"https:\\\/\\\/www.youtube.com\\\/channel\\\/UC5oN7BJ8nfYb8RpVtjwDEBA\",\"https:\\\/\\\/www.instagram.com\\\/lrbeautyeu\\\/\"],\"description\":\"Obchod Lr Aloe Vera je va\u0161\u00edm d\u00f4veryhodn\u00fdm miestom pre pr\u00e9miov\u00e9 produkty LR Health & Beauty vyroben\u00e9 v Nemecku. Pon\u00fakame vysokokvalitn\u00e9 rie\u0161enia starostlivosti o ple\u0165 s Aloe Vera, v\u00fd\u017eivu a proti starnutiu, vyroben\u00e9 z \u010dist\u00fdch ingredienci\u00ed a podlo\u017een\u00e9 vedeck\u00fdm v\u00fdskumom. Objavte pr\u00edrodn\u00fa starostlivos\u0165, ktor\u00e1 regeneruje, chr\u00e1ni a revitalizuje va\u0161u ple\u0165 \u2013 a vyu\u017eite exkluz\u00edvne mesa\u010dn\u00e9 ponuky na na\u0161e najpred\u00e1vanej\u0161ie produkty LR Aloe Vera.\\nZa\u010dnite svoju cestu za pr\u00edrodnou starostlivos\u0165ou o ple\u0165 e\u0161te dnes a poc\u00ed\u0165te rozdiel.\",\"email\":\"info@lraloeverashop.eu\",\"telephone\":\"+49 17670609653\",\"legalName\":\"Lr Aloe Vera Shop\",\"foundingDate\":\"2018-04-21\",\"numberOfEmployees\":{\"@type\":\"QuantitativeValue\",\"minValue\":\"1\",\"maxValue\":\"10\"}}]}<\/script>\n<meta property=\"product:price:amount\" content=\"61.49\" \/>\n<meta property=\"product:price:currency\" content=\"EUR\" \/>\n<meta property=\"og:availability\" content=\"instock\" \/>\n<meta property=\"product:availability\" content=\"instock\" \/>\n<meta property=\"product:retailer_item_id\" content=\"28244-1SK\" \/>\n<meta property=\"product:condition\" content=\"new\" \/>\n<!-- \/ Yoast SEO Premium plugin. -->","yoast_head_json":{"title":"Kr\u00e9m Proti Vr\u00e1skam Serox zjem\u0148uje v\u00fdrazy tv\u00e1re u\u017e od 35 rokov","description":"Kr\u00e9m Proti Vr\u00e1skam Serox redukuje v\u00fdskyt mal\u00fdch vr\u00e1sok pomocou inovat\u00edvnych akt\u00edvnych zlo\u017eiek, ako je Hyaluronic Filling Spheres\u00ae a kyselinou hyalur\u00f3novou.","robots":{"index":"index","follow":"follow","max-snippet":"max-snippet:-1","max-image-preview":"max-image-preview:large","max-video-preview":"max-video-preview:-1"},"canonical":"https:\/\/www.lraloeverashop.eu\/sk\/produkt\/krem-proti-vraskam-serox\/","og_locale":"sk_SK","og_type":"article","og_title":"Kr\u00e9m Proti Vr\u00e1skam Serox","og_description":"Kr\u00e9m Proti Vr\u00e1skam Serox redukuje v\u00fdskyt mal\u00fdch vr\u00e1sok pomocou inovat\u00edvnych akt\u00edvnych zlo\u017eiek, ako je Hyaluronic Filling Spheres\u00ae a kyselinou hyalur\u00f3novou.","og_url":"https:\/\/www.lraloeverashop.eu\/sk\/produkt\/krem-proti-vraskam-serox\/","og_site_name":"Lr Obchod Aloe Vera","article_publisher":"https:\/\/www.facebook.com\/lraloeverashop.eu","article_modified_time":"2025-11-22T14:03:10+00:00","og_image":[{"width":1200,"height":1200,"url":"https:\/\/www.lraloeverashop.eu\/wp-content\/uploads\/2022\/10\/Serox-Intensive-Cream.jpg","type":"image\/jpeg"}],"twitter_card":"summary_large_image","twitter_site":"@natur__kosmetik","schema":{"@context":"https:\/\/schema.org","@graph":[{"@type":["WebPage","ItemPage"],"@id":"https:\/\/www.lraloeverashop.eu\/sk\/produkt\/krem-proti-vraskam-serox\/","url":"https:\/\/www.lraloeverashop.eu\/sk\/produkt\/krem-proti-vraskam-serox\/","name":"Kr\u00e9m Proti Vr\u00e1skam Serox zjem\u0148uje v\u00fdrazy tv\u00e1re u\u017e od 35 rokov","isPartOf":{"@id":"https:\/\/www.lraloeverashop.eu\/sk\/#website"},"primaryImageOfPage":{"@id":"https:\/\/www.lraloeverashop.eu\/sk\/produkt\/krem-proti-vraskam-serox\/#primaryimage"},"image":{"@id":"https:\/\/www.lraloeverashop.eu\/sk\/produkt\/krem-proti-vraskam-serox\/#primaryimage"},"thumbnailUrl":"https:\/\/www.lraloeverashop.eu\/wp-content\/uploads\/2022\/10\/Serox-Intensive-Cream.jpg","datePublished":"2022-10-20T02:44:58+00:00","dateModified":"2025-11-22T14:03:10+00:00","description":"Kr\u00e9m Proti Vr\u00e1skam Serox redukuje v\u00fdskyt mal\u00fdch vr\u00e1sok pomocou inovat\u00edvnych akt\u00edvnych zlo\u017eiek, ako je Hyaluronic Filling Spheres\u00ae a kyselinou hyalur\u00f3novou.","breadcrumb":{"@id":"https:\/\/www.lraloeverashop.eu\/sk\/produkt\/krem-proti-vraskam-serox\/#breadcrumb"},"inLanguage":"sk-SK","potentialAction":[{"@type":"ReadAction","target":["https:\/\/www.lraloeverashop.eu\/sk\/produkt\/krem-proti-vraskam-serox\/"]}]},{"@type":"ImageObject","inLanguage":"sk-SK","@id":"https:\/\/www.lraloeverashop.eu\/sk\/produkt\/krem-proti-vraskam-serox\/#primaryimage","url":"https:\/\/www.lraloeverashop.eu\/wp-content\/uploads\/2022\/10\/Serox-Intensive-Cream.jpg","contentUrl":"https:\/\/www.lraloeverashop.eu\/wp-content\/uploads\/2022\/10\/Serox-Intensive-Cream.jpg","width":1200,"height":1200,"caption":"Serox Intenz\u00edvny kr\u00e9m proti starnutiu"},{"@type":"BreadcrumbList","@id":"https:\/\/www.lraloeverashop.eu\/sk\/produkt\/krem-proti-vraskam-serox\/#breadcrumb","itemListElement":[{"@type":"ListItem","position":1,"name":"Home","item":"https:\/\/www.lraloeverashop.eu\/sk\/"},{"@type":"ListItem","position":2,"name":"Obchod","item":"https:\/\/www.lraloeverashop.eu\/shop\/"},{"@type":"ListItem","position":3,"name":"Kr\u00e9m Proti Vr\u00e1skam Serox"}]},{"@type":"WebSite","@id":"https:\/\/www.lraloeverashop.eu\/sk\/#website","url":"https:\/\/www.lraloeverashop.eu\/sk\/","name":"Lr Obchod Aloe Vera","description":"High Quality Lr Aloe Vera Gel, Aloe Vera Cream and Shampoo","publisher":{"@id":"https:\/\/www.lraloeverashop.eu\/sk\/#organization"},"potentialAction":[{"@type":"SearchAction","target":{"@type":"EntryPoint","urlTemplate":"https:\/\/www.lraloeverashop.eu\/sk\/?s={search_term_string}"},"query-input":{"@type":"PropertyValueSpecification","valueRequired":true,"valueName":"search_term_string"}}],"inLanguage":"sk-SK"},{"@type":"Organization","@id":"https:\/\/www.lraloeverashop.eu\/sk\/#organization","name":"Lr Obchod Aloe Vera","alternateName":"LR","url":"https:\/\/www.lraloeverashop.eu\/sk\/","logo":{"@type":"ImageObject","inLanguage":"sk-SK","@id":"https:\/\/www.lraloeverashop.eu\/sk\/#\/schema\/logo\/image\/","url":"https:\/\/www.lraloeverashop.eu\/wp-content\/uploads\/2022\/09\/cropped-Lr-Aloe-Vera-Shop.jpg","contentUrl":"https:\/\/www.lraloeverashop.eu\/wp-content\/uploads\/2022\/09\/cropped-Lr-Aloe-Vera-Shop.jpg","width":228,"height":76,"caption":"Lr Obchod Aloe Vera"},"image":{"@id":"https:\/\/www.lraloeverashop.eu\/sk\/#\/schema\/logo\/image\/"},"sameAs":["https:\/\/www.facebook.com\/lraloeverashop.eu","https:\/\/x.com\/natur__kosmetik","https:\/\/www.youtube.com\/channel\/UC5oN7BJ8nfYb8RpVtjwDEBA","https:\/\/www.instagram.com\/lrbeautyeu\/"],"description":"Obchod Lr Aloe Vera je va\u0161\u00edm d\u00f4veryhodn\u00fdm miestom pre pr\u00e9miov\u00e9 produkty LR Health & Beauty vyroben\u00e9 v Nemecku. Pon\u00fakame vysokokvalitn\u00e9 rie\u0161enia starostlivosti o ple\u0165 s Aloe Vera, v\u00fd\u017eivu a proti starnutiu, vyroben\u00e9 z \u010dist\u00fdch ingredienci\u00ed a podlo\u017een\u00e9 vedeck\u00fdm v\u00fdskumom. Objavte pr\u00edrodn\u00fa starostlivos\u0165, ktor\u00e1 regeneruje, chr\u00e1ni a revitalizuje va\u0161u ple\u0165 \u2013 a vyu\u017eite exkluz\u00edvne mesa\u010dn\u00e9 ponuky na na\u0161e najpred\u00e1vanej\u0161ie produkty LR Aloe Vera.\nZa\u010dnite svoju cestu za pr\u00edrodnou starostlivos\u0165ou o ple\u0165 e\u0161te dnes a poc\u00ed\u0165te rozdiel.","email":"info@lraloeverashop.eu","telephone":"+49 17670609653","legalName":"Lr Aloe Vera Shop","foundingDate":"2018-04-21","numberOfEmployees":{"@type":"QuantitativeValue","minValue":"1","maxValue":"10"}}]},"product_price_amount":"61.49","product_price_currency":"EUR","og_availability":"instock","product_availability":"instock","product_retailer_item_id":"28244-1SK","product_condition":"new"},"taxonomy_info":{"product_cat":[{"value":331,"label":"Produkty proti starnutiu"},{"value":390,"label":"Serox"},{"value":270,"label":"Starostlivos\u0165 proti starnutiu"},{"value":282,"label":"\u017deny nad 40 rokov"}],"product_tag":[{"value":706,"label":"na vr\u00e1sky na tv\u00e1ri"}]},"featured_image_src_large":["https:\/\/www.lraloeverashop.eu\/wp-content\/uploads\/2022\/10\/Serox-Intensive-Cream-1024x1024.jpg",1024,1024,true],"author_info":[],"comment_info":0,"_links":{"self":[{"href":"https:\/\/www.lraloeverashop.eu\/sk\/wp-json\/wp\/v2\/product\/8866","targetHints":{"allow":["GET"]}}],"collection":[{"href":"https:\/\/www.lraloeverashop.eu\/sk\/wp-json\/wp\/v2\/product"}],"about":[{"href":"https:\/\/www.lraloeverashop.eu\/sk\/wp-json\/wp\/v2\/types\/product"}],"replies":[{"embeddable":true,"href":"https:\/\/www.lraloeverashop.eu\/sk\/wp-json\/wp\/v2\/comments?post=8866"}],"wp:featuredmedia":[{"embeddable":true,"href":"https:\/\/www.lraloeverashop.eu\/sk\/wp-json\/wp\/v2\/media\/5866"}],"wp:attachment":[{"href":"https:\/\/www.lraloeverashop.eu\/sk\/wp-json\/wp\/v2\/media?parent=8866"}],"wp:term":[{"taxonomy":"product_brand","embeddable":true,"href":"https:\/\/www.lraloeverashop.eu\/sk\/wp-json\/wp\/v2\/product_brand?post=8866"},{"taxonomy":"product_cat","embeddable":true,"href":"https:\/\/www.lraloeverashop.eu\/sk\/wp-json\/wp\/v2\/product_cat?post=8866"},{"taxonomy":"product_tag","embeddable":true,"href":"https:\/\/www.lraloeverashop.eu\/sk\/wp-json\/wp\/v2\/product_tag?post=8866"}],"curies":[{"name":"wp","href":"https:\/\/api.w.org\/{rel}","templated":true}]}}