{"id":8846,"date":"2022-10-20T06:47:50","date_gmt":"2022-10-20T04:47:50","guid":{"rendered":"https:\/\/www.lraloeverashop.eu\/product\/olej-na-tvar-beauty-diamonds\/"},"modified":"2025-11-22T14:50:46","modified_gmt":"2025-11-22T13:50:46","slug":"olej-na-tvar-beauty-diamonds","status":"publish","type":"product","link":"https:\/\/www.lraloeverashop.eu\/sk\/produkt\/olej-na-tvar-beauty-diamonds\/","title":{"rendered":"Olej na Tv\u00e1r Beauty Diamonds"},"content":{"rendered":"<h2><span style=\"font-size: 16pt;\"><strong>Olej na Tv\u00e1r Beauty Diamonds<\/strong><\/span><\/h2>\n<p><span style=\"font-size: 14pt;\"><strong>Olej na Tv\u00e1r Beauty Diamonds &#8211; Intenz\u00edvna starostlivos\u0165 o tv\u00e1r proti starnutiu 3 v 1<\/strong><\/span><\/p>\n<p>Pre \u017eeny, ktor\u00e9 chc\u00fa urobi\u0165 nie\u010do naozaj dobr\u00e9 pre svoju such\u00fa poko\u017eku tv\u00e1re. Ale aj zrel\u00e1 a zimou su\u017eovan\u00e1 ple\u0165 si vy\u017eaduje pozornos\u0165. Doprajte si vl\u00e1\u010dnos\u0165 a zamatovo jemn\u00fa poko\u017eku. Nastal \u010das na mladistv\u00fa charizmu!<\/p>\n<p>Vplyvom prostredia je na\u0161a poko\u017eka obzvl\u00e1\u0161\u0165 nam\u00e1han\u00e1. V zimn\u00fdch mesiacoch potom prich\u00e1dza e\u0161te studen\u00fd a ohrievan\u00fd vzduch. Poko\u017eka je \u010dasto slab\u00e1 a <a href=\"https:\/\/www.lraloeverashop.eu\/sk\/produkt\/platinum-krem-proti-starnutiu\/\">such\u00e1 ple\u0165<\/a> vyzer\u00e1 bledo. Poko\u017eka vplyvom vonkaj\u0161\u00edch vplyvov str\u00e1ca vlhkos\u0165 a r\u00fdchlej\u0161ie sa m\u00f4\u017eu vytv\u00e1ra\u0165 vr\u00e1sky.<\/p>\n<p>Be\u017en\u00e1 denn\u00e1 starostlivos\u0165 \u010dasto nesta\u010d\u00ed na to, aby poko\u017eka zostala pru\u017en\u00e1 a predi\u0161la vr\u00e1skam. Zrel\u00e1 ple\u0165 potrebuje predov\u0161etk\u00fdm ist\u00fa podporu, aby odolala ka\u017edodenn\u00fdm nepriazniv\u00fdm situ\u00e1ci\u00e1m. Olej na Tv\u00e1r Beauty Diamonds je intenz\u00edvna starostlivos\u0165 o tv\u00e1r proti starnutiu a dokonal\u00fd partner po va\u0161om boku.<\/p>\n<p>Inovat\u00edvna kombin\u00e1cia 6 cenn\u00fdch olejov pr\u00edrodn\u00e9ho p\u00f4vodu a vybran\u00fdch vitam\u00ednov regeneruje such\u00fa, krehk\u00fa a slab\u00fa poko\u017eku a dod\u00e1va jej mladistv\u00fd jas. H\u013abkovo p\u00f4sobiace oleje intenz\u00edvne vy\u017eivuj\u00fa poko\u017eku a zabra\u0148uj\u00fa strate vlhkosti prostredn\u00edctvom posilnenej lipidovej bari\u00e9ry. Poko\u017eka je teda pru\u017en\u00e1 a zamatovo hebk\u00e1. Vitam\u00edny A, E a F dod\u00e1vaj\u00fa poko\u017eke \u017eiviny.<\/p>\n<p>Dod\u00e1vaj\u00fa poko\u017eke mladistv\u00fd vzh\u013ead a podporuj\u00fa jej regener\u00e1ciu. Poko\u017eka vyzer\u00e1 hlad\u0161ie, pevnej\u0161ie a mlad\u0161ie. Bohat\u00e9 oleje pou\u017e\u00edvan\u00e9 na zm\u00e4k\u010denie drsnej <a href=\"https:\/\/www.lraloeverashop.eu\/sk\/produkt\/aloe-vera-pansky-esencialny-olej-na-tvar-a-fuzy\/\">suchej poko\u017eky<\/a> a poskytuj\u00fa mladistv\u00fd \u017eiariv\u00fd a rovnomern\u00fd vzh\u013ead bez lesku.<\/p>\n<p><strong>Tento produkt v\u00e1m pon\u00faka tri skvel\u00e9 vyu\u017eitia:<\/strong><\/p>\n<p><strong>Olej proti starnutiu<\/strong><br \/>\nIde\u00e1lna z\u00e1kladn\u00e1 starostlivos\u0165 pre \u017eiariv\u00fa ple\u0165. Hne\u010f po o\u010disten\u00ed aplikujte 3-5 kvapiek r\u00e1no alebo ve\u010der. Potom aplikujte denn\u00fa LR starostlivos\u0165.<\/p>\n<p><strong>Olejov\u00e1 podpora proti starnutiu<\/strong><br \/>\nBohat\u00e1 starostlivos\u0165 pre pru\u017en\u00fa a jemn\u00fa poko\u017eku. Naneste nieko\u013eko kvapiek oleja na denn\u00fd alebo no\u010dn\u00fd kr\u00e9m v ruke, v\u0161etko premie\u0161ajte a naneste na tv\u00e1r.<\/p>\n<p><strong>Olejov\u00e1 maska proti starnutiu<\/strong><br \/>\nIntenz\u00edvna a bohat\u00e1 regenera\u010dn\u00e1 starostlivos\u0165 pre hladk\u00fa a pevn\u00fa poko\u017eku.<\/p>\n<p>&nbsp;<\/p>\n<h3><span style=\"font-size: 16pt;\"><strong>Ako pou\u017e\u00edva\u0165<\/strong><\/span><\/h3>\n<p>Naneste pribli\u017ene 10 kvapiek Beauty Diamonds Oleja na tv\u00e1r, krk a dekolt. Nechajte p\u00f4sobi\u0165 10 min\u00fat, potom mas\u00edrujte a po odstr\u00e1nen\u00ed zvy\u0161nej text\u00fary.<\/p>\n<p>Skvelou podporou aj v priamej kombin\u00e1cii s olejom je denn\u00fd aj no\u010dn\u00fd kr\u00e9m od <a href=\"https:\/\/www.lraloeverashop.eu\/sk\/kategoria-produktu\/produkty-proti-starnutiu\/beauty-diamonds-sk\/\">Beauty Diamonds<\/a>.<\/p>\n<p>&nbsp;<\/p>\n<h4><span style=\"font-size: 16pt;\"><strong>Vedeli ste?<\/strong><\/span><\/h4>\n<p>Pre svoje \u00fa\u017easn\u00e9 vlastnosti s\u00fa oleje nenahradite\u013enou s\u00fa\u010das\u0165ou kozmetiky. R\u00f4zne oleje chr\u00e1nia na\u0161u poko\u017eku, s\u00fa vy\u017eivuj\u00face, poskytuj\u00fa bari\u00e9rov\u00fa ochranu a zadr\u017eiavaj\u00fa vlhkos\u0165. V kombin\u00e1cii to vedie k vyv\u00e1\u017een\u00fdm v\u00fdrobkom starostlivosti. Olej na Tv\u00e1r Beauty Diamonds obsahuje mand\u013eov\u00fd olej, arganov\u00fd olej, avok\u00e1dov\u00fd olej, olej z hroznov\u00fdch jadier, olej z makadamov\u00fdch orechov a jojobov\u00fd olej.<\/p>\n","protected":false},"excerpt":{"rendered":"<ul>\n<li>Ple\u0165ov\u00fd olej zo zmesi mand\u013eov\u00e9ho, arganov\u00e9ho, avok\u00e1dov\u00e9ho, hroznov\u00e9ho, makadamiov\u00e9ho a jojobov\u00e9ho oleja.<\/li>\n<li>Vy\u017eivuje a regeneruje poko\u017eku vitam\u00ednmi A, E a F.<\/li>\n<li>Chr\u00e1ni pred stratou vlhkosti<\/li>\n<li>Zanech\u00e1va ple\u0165 mladistv\u00fa v\u010faka bohatej kombin\u00e1cii olejov<\/li>\n<li>95 % testuj\u00facich by produkt odporu\u010dilo svojej priate\u013eke<\/li>\n<li>Mno\u017estvo: 30 ml<\/li>\n<\/ul>\n<p>&nbsp;<\/p>\n","protected":false},"featured_media":5962,"comment_status":"open","ping_status":"closed","template":"","meta":{"_kad_blocks_custom_css":"","_kad_blocks_head_custom_js":"","_kad_blocks_body_custom_js":"","_kad_blocks_footer_custom_js":"","_kadence_starter_templates_imported_post":false,"_kad_post_transparent":"default","_kad_post_title":"","_kad_post_layout":"default","_kad_post_sidebar_id":"","_kad_post_content_style":"default","_kad_post_vertical_padding":"default","_kad_post_feature":"","_kad_post_feature_position":"","_kad_post_header":false,"_kad_post_footer":false,"_kad_post_classname":""},"product_brand":[],"product_cat":[366,331,270,282],"product_tag":[],"class_list":{"0":"post-8846","1":"product","2":"type-product","3":"status-publish","4":"has-post-thumbnail","6":"product_cat-beauty-diamonds-sk","7":"product_cat-produkty-proti-starnutiu","8":"product_cat-starostlivost-proti-starnutiu","9":"product_cat-zeny-nad-40-rokov","11":"first","12":"instock","13":"taxable","14":"shipping-taxable","15":"purchasable","16":"product-type-simple","17":"entry","18":"content-bg","19":"loop-entry"},"yoast_head":"<!-- This site is optimized with the Yoast SEO Premium plugin v27.4 (Yoast SEO v27.4) - https:\/\/yoast.com\/product\/yoast-seo-premium-wordpress\/ -->\n<title>Olej na Tv\u00e1r Beauty Diamonds - Intenz\u00edvna starostlivos\u0165 3 v 1<\/title>\n<meta name=\"description\" content=\"Olej na Tv\u00e1r Beauty Diamonds zo zmesi mand\u013eov\u00e9ho, arganov\u00e9ho, avok\u00e1dov\u00e9ho, hroznov\u00e9ho, makadamiov\u00e9ho a jojobov\u00e9ho oleja. Vy\u017eivuje a regeneruje poko\u017eku\" \/>\n<meta name=\"robots\" content=\"index, follow, max-snippet:-1, max-image-preview:large, max-video-preview:-1\" \/>\n<link rel=\"canonical\" href=\"https:\/\/www.lraloeverashop.eu\/sk\/produkt\/olej-na-tvar-beauty-diamonds\/\" \/>\n<meta property=\"og:locale\" content=\"sk_SK\" \/>\n<meta property=\"og:type\" content=\"article\" \/>\n<meta property=\"og:title\" content=\"Olej na Tv\u00e1r Beauty Diamonds\" \/>\n<meta property=\"og:description\" content=\"Olej na Tv\u00e1r Beauty Diamonds zo zmesi mand\u013eov\u00e9ho, arganov\u00e9ho, avok\u00e1dov\u00e9ho, hroznov\u00e9ho, makadamiov\u00e9ho a jojobov\u00e9ho oleja. Vy\u017eivuje a regeneruje poko\u017eku\" \/>\n<meta property=\"og:url\" content=\"https:\/\/www.lraloeverashop.eu\/sk\/produkt\/olej-na-tvar-beauty-diamonds\/\" \/>\n<meta property=\"og:site_name\" content=\"Lr Obchod Aloe Vera\" \/>\n<meta property=\"article:publisher\" content=\"https:\/\/www.facebook.com\/lraloeverashop.eu\" \/>\n<meta property=\"article:modified_time\" content=\"2025-11-22T13:50:46+00:00\" \/>\n<meta property=\"og:image\" content=\"https:\/\/www.lraloeverashop.eu\/wp-content\/uploads\/2022\/10\/Beauty-Diamonds-Radiant-Youth-Oil.jpg\" \/>\n\t<meta property=\"og:image:width\" content=\"1200\" \/>\n\t<meta property=\"og:image:height\" content=\"1200\" \/>\n\t<meta property=\"og:image:type\" content=\"image\/jpeg\" \/>\n<meta name=\"twitter:card\" content=\"summary_large_image\" \/>\n<meta name=\"twitter:site\" content=\"@natur__kosmetik\" \/>\n<script type=\"application\/ld+json\" class=\"yoast-schema-graph\">{\"@context\":\"https:\\\/\\\/schema.org\",\"@graph\":[{\"@type\":[\"WebPage\",\"ItemPage\"],\"@id\":\"https:\\\/\\\/www.lraloeverashop.eu\\\/sk\\\/produkt\\\/olej-na-tvar-beauty-diamonds\\\/\",\"url\":\"https:\\\/\\\/www.lraloeverashop.eu\\\/sk\\\/produkt\\\/olej-na-tvar-beauty-diamonds\\\/\",\"name\":\"Olej na Tv\u00e1r Beauty Diamonds - Intenz\u00edvna starostlivos\u0165 3 v 1\",\"isPartOf\":{\"@id\":\"https:\\\/\\\/www.lraloeverashop.eu\\\/sk\\\/#website\"},\"primaryImageOfPage\":{\"@id\":\"https:\\\/\\\/www.lraloeverashop.eu\\\/sk\\\/produkt\\\/olej-na-tvar-beauty-diamonds\\\/#primaryimage\"},\"image\":{\"@id\":\"https:\\\/\\\/www.lraloeverashop.eu\\\/sk\\\/produkt\\\/olej-na-tvar-beauty-diamonds\\\/#primaryimage\"},\"thumbnailUrl\":\"https:\\\/\\\/www.lraloeverashop.eu\\\/wp-content\\\/uploads\\\/2022\\\/10\\\/Beauty-Diamonds-Radiant-Youth-Oil.jpg\",\"datePublished\":\"2022-10-20T04:47:50+00:00\",\"dateModified\":\"2025-11-22T13:50:46+00:00\",\"description\":\"Olej na Tv\u00e1r Beauty Diamonds zo zmesi mand\u013eov\u00e9ho, arganov\u00e9ho, avok\u00e1dov\u00e9ho, hroznov\u00e9ho, makadamiov\u00e9ho a jojobov\u00e9ho oleja. Vy\u017eivuje a regeneruje poko\u017eku\",\"breadcrumb\":{\"@id\":\"https:\\\/\\\/www.lraloeverashop.eu\\\/sk\\\/produkt\\\/olej-na-tvar-beauty-diamonds\\\/#breadcrumb\"},\"inLanguage\":\"sk-SK\",\"potentialAction\":[{\"@type\":\"ReadAction\",\"target\":[\"https:\\\/\\\/www.lraloeverashop.eu\\\/sk\\\/produkt\\\/olej-na-tvar-beauty-diamonds\\\/\"]}]},{\"@type\":\"ImageObject\",\"inLanguage\":\"sk-SK\",\"@id\":\"https:\\\/\\\/www.lraloeverashop.eu\\\/sk\\\/produkt\\\/olej-na-tvar-beauty-diamonds\\\/#primaryimage\",\"url\":\"https:\\\/\\\/www.lraloeverashop.eu\\\/wp-content\\\/uploads\\\/2022\\\/10\\\/Beauty-Diamonds-Radiant-Youth-Oil.jpg\",\"contentUrl\":\"https:\\\/\\\/www.lraloeverashop.eu\\\/wp-content\\\/uploads\\\/2022\\\/10\\\/Beauty-Diamonds-Radiant-Youth-Oil.jpg\",\"width\":1200,\"height\":1200,\"caption\":\"Beauty Diamonds \u017eiariv\u00fd olej mladosti\"},{\"@type\":\"BreadcrumbList\",\"@id\":\"https:\\\/\\\/www.lraloeverashop.eu\\\/sk\\\/produkt\\\/olej-na-tvar-beauty-diamonds\\\/#breadcrumb\",\"itemListElement\":[{\"@type\":\"ListItem\",\"position\":1,\"name\":\"Home\",\"item\":\"https:\\\/\\\/www.lraloeverashop.eu\\\/sk\\\/\"},{\"@type\":\"ListItem\",\"position\":2,\"name\":\"Obchod\",\"item\":\"https:\\\/\\\/www.lraloeverashop.eu\\\/shop\\\/\"},{\"@type\":\"ListItem\",\"position\":3,\"name\":\"Olej na Tv\u00e1r Beauty Diamonds\"}]},{\"@type\":\"WebSite\",\"@id\":\"https:\\\/\\\/www.lraloeverashop.eu\\\/sk\\\/#website\",\"url\":\"https:\\\/\\\/www.lraloeverashop.eu\\\/sk\\\/\",\"name\":\"Lr Obchod Aloe Vera\",\"description\":\"High Quality Lr Aloe Vera Gel, Aloe Vera Cream and Shampoo\",\"publisher\":{\"@id\":\"https:\\\/\\\/www.lraloeverashop.eu\\\/sk\\\/#organization\"},\"potentialAction\":[{\"@type\":\"SearchAction\",\"target\":{\"@type\":\"EntryPoint\",\"urlTemplate\":\"https:\\\/\\\/www.lraloeverashop.eu\\\/sk\\\/?s={search_term_string}\"},\"query-input\":{\"@type\":\"PropertyValueSpecification\",\"valueRequired\":true,\"valueName\":\"search_term_string\"}}],\"inLanguage\":\"sk-SK\"},{\"@type\":\"Organization\",\"@id\":\"https:\\\/\\\/www.lraloeverashop.eu\\\/sk\\\/#organization\",\"name\":\"Lr Obchod Aloe Vera\",\"alternateName\":\"LR\",\"url\":\"https:\\\/\\\/www.lraloeverashop.eu\\\/sk\\\/\",\"logo\":{\"@type\":\"ImageObject\",\"inLanguage\":\"sk-SK\",\"@id\":\"https:\\\/\\\/www.lraloeverashop.eu\\\/sk\\\/#\\\/schema\\\/logo\\\/image\\\/\",\"url\":\"https:\\\/\\\/www.lraloeverashop.eu\\\/wp-content\\\/uploads\\\/2022\\\/09\\\/cropped-Lr-Aloe-Vera-Shop.jpg\",\"contentUrl\":\"https:\\\/\\\/www.lraloeverashop.eu\\\/wp-content\\\/uploads\\\/2022\\\/09\\\/cropped-Lr-Aloe-Vera-Shop.jpg\",\"width\":228,\"height\":76,\"caption\":\"Lr Obchod Aloe Vera\"},\"image\":{\"@id\":\"https:\\\/\\\/www.lraloeverashop.eu\\\/sk\\\/#\\\/schema\\\/logo\\\/image\\\/\"},\"sameAs\":[\"https:\\\/\\\/www.facebook.com\\\/lraloeverashop.eu\",\"https:\\\/\\\/x.com\\\/natur__kosmetik\",\"https:\\\/\\\/www.youtube.com\\\/channel\\\/UC5oN7BJ8nfYb8RpVtjwDEBA\",\"https:\\\/\\\/www.instagram.com\\\/lrbeautyeu\\\/\"],\"description\":\"Obchod Lr Aloe Vera je va\u0161\u00edm d\u00f4veryhodn\u00fdm miestom pre pr\u00e9miov\u00e9 produkty LR Health & Beauty vyroben\u00e9 v Nemecku. Pon\u00fakame vysokokvalitn\u00e9 rie\u0161enia starostlivosti o ple\u0165 s Aloe Vera, v\u00fd\u017eivu a proti starnutiu, vyroben\u00e9 z \u010dist\u00fdch ingredienci\u00ed a podlo\u017een\u00e9 vedeck\u00fdm v\u00fdskumom. Objavte pr\u00edrodn\u00fa starostlivos\u0165, ktor\u00e1 regeneruje, chr\u00e1ni a revitalizuje va\u0161u ple\u0165 \u2013 a vyu\u017eite exkluz\u00edvne mesa\u010dn\u00e9 ponuky na na\u0161e najpred\u00e1vanej\u0161ie produkty LR Aloe Vera.\\nZa\u010dnite svoju cestu za pr\u00edrodnou starostlivos\u0165ou o ple\u0165 e\u0161te dnes a poc\u00ed\u0165te rozdiel.\",\"email\":\"info@lraloeverashop.eu\",\"telephone\":\"+49 17670609653\",\"legalName\":\"Lr Aloe Vera Shop\",\"foundingDate\":\"2018-04-21\",\"numberOfEmployees\":{\"@type\":\"QuantitativeValue\",\"minValue\":\"1\",\"maxValue\":\"10\"}}]}<\/script>\n<meta property=\"product:price:amount\" content=\"48.59\" \/>\n<meta property=\"product:price:currency\" content=\"EUR\" \/>\n<meta property=\"og:availability\" content=\"instock\" \/>\n<meta property=\"product:availability\" content=\"instock\" \/>\n<meta property=\"product:retailer_item_id\" content=\"28314-1SK\" \/>\n<meta property=\"product:condition\" content=\"new\" \/>\n<!-- \/ Yoast SEO Premium plugin. -->","yoast_head_json":{"title":"Olej na Tv\u00e1r Beauty Diamonds - Intenz\u00edvna starostlivos\u0165 3 v 1","description":"Olej na Tv\u00e1r Beauty Diamonds zo zmesi mand\u013eov\u00e9ho, arganov\u00e9ho, avok\u00e1dov\u00e9ho, hroznov\u00e9ho, makadamiov\u00e9ho a jojobov\u00e9ho oleja. Vy\u017eivuje a regeneruje poko\u017eku","robots":{"index":"index","follow":"follow","max-snippet":"max-snippet:-1","max-image-preview":"max-image-preview:large","max-video-preview":"max-video-preview:-1"},"canonical":"https:\/\/www.lraloeverashop.eu\/sk\/produkt\/olej-na-tvar-beauty-diamonds\/","og_locale":"sk_SK","og_type":"article","og_title":"Olej na Tv\u00e1r Beauty Diamonds","og_description":"Olej na Tv\u00e1r Beauty Diamonds zo zmesi mand\u013eov\u00e9ho, arganov\u00e9ho, avok\u00e1dov\u00e9ho, hroznov\u00e9ho, makadamiov\u00e9ho a jojobov\u00e9ho oleja. Vy\u017eivuje a regeneruje poko\u017eku","og_url":"https:\/\/www.lraloeverashop.eu\/sk\/produkt\/olej-na-tvar-beauty-diamonds\/","og_site_name":"Lr Obchod Aloe Vera","article_publisher":"https:\/\/www.facebook.com\/lraloeverashop.eu","article_modified_time":"2025-11-22T13:50:46+00:00","og_image":[{"width":1200,"height":1200,"url":"https:\/\/www.lraloeverashop.eu\/wp-content\/uploads\/2022\/10\/Beauty-Diamonds-Radiant-Youth-Oil.jpg","type":"image\/jpeg"}],"twitter_card":"summary_large_image","twitter_site":"@natur__kosmetik","schema":{"@context":"https:\/\/schema.org","@graph":[{"@type":["WebPage","ItemPage"],"@id":"https:\/\/www.lraloeverashop.eu\/sk\/produkt\/olej-na-tvar-beauty-diamonds\/","url":"https:\/\/www.lraloeverashop.eu\/sk\/produkt\/olej-na-tvar-beauty-diamonds\/","name":"Olej na Tv\u00e1r Beauty Diamonds - Intenz\u00edvna starostlivos\u0165 3 v 1","isPartOf":{"@id":"https:\/\/www.lraloeverashop.eu\/sk\/#website"},"primaryImageOfPage":{"@id":"https:\/\/www.lraloeverashop.eu\/sk\/produkt\/olej-na-tvar-beauty-diamonds\/#primaryimage"},"image":{"@id":"https:\/\/www.lraloeverashop.eu\/sk\/produkt\/olej-na-tvar-beauty-diamonds\/#primaryimage"},"thumbnailUrl":"https:\/\/www.lraloeverashop.eu\/wp-content\/uploads\/2022\/10\/Beauty-Diamonds-Radiant-Youth-Oil.jpg","datePublished":"2022-10-20T04:47:50+00:00","dateModified":"2025-11-22T13:50:46+00:00","description":"Olej na Tv\u00e1r Beauty Diamonds zo zmesi mand\u013eov\u00e9ho, arganov\u00e9ho, avok\u00e1dov\u00e9ho, hroznov\u00e9ho, makadamiov\u00e9ho a jojobov\u00e9ho oleja. Vy\u017eivuje a regeneruje poko\u017eku","breadcrumb":{"@id":"https:\/\/www.lraloeverashop.eu\/sk\/produkt\/olej-na-tvar-beauty-diamonds\/#breadcrumb"},"inLanguage":"sk-SK","potentialAction":[{"@type":"ReadAction","target":["https:\/\/www.lraloeverashop.eu\/sk\/produkt\/olej-na-tvar-beauty-diamonds\/"]}]},{"@type":"ImageObject","inLanguage":"sk-SK","@id":"https:\/\/www.lraloeverashop.eu\/sk\/produkt\/olej-na-tvar-beauty-diamonds\/#primaryimage","url":"https:\/\/www.lraloeverashop.eu\/wp-content\/uploads\/2022\/10\/Beauty-Diamonds-Radiant-Youth-Oil.jpg","contentUrl":"https:\/\/www.lraloeverashop.eu\/wp-content\/uploads\/2022\/10\/Beauty-Diamonds-Radiant-Youth-Oil.jpg","width":1200,"height":1200,"caption":"Beauty Diamonds \u017eiariv\u00fd olej mladosti"},{"@type":"BreadcrumbList","@id":"https:\/\/www.lraloeverashop.eu\/sk\/produkt\/olej-na-tvar-beauty-diamonds\/#breadcrumb","itemListElement":[{"@type":"ListItem","position":1,"name":"Home","item":"https:\/\/www.lraloeverashop.eu\/sk\/"},{"@type":"ListItem","position":2,"name":"Obchod","item":"https:\/\/www.lraloeverashop.eu\/shop\/"},{"@type":"ListItem","position":3,"name":"Olej na Tv\u00e1r Beauty Diamonds"}]},{"@type":"WebSite","@id":"https:\/\/www.lraloeverashop.eu\/sk\/#website","url":"https:\/\/www.lraloeverashop.eu\/sk\/","name":"Lr Obchod Aloe Vera","description":"High Quality Lr Aloe Vera Gel, Aloe Vera Cream and Shampoo","publisher":{"@id":"https:\/\/www.lraloeverashop.eu\/sk\/#organization"},"potentialAction":[{"@type":"SearchAction","target":{"@type":"EntryPoint","urlTemplate":"https:\/\/www.lraloeverashop.eu\/sk\/?s={search_term_string}"},"query-input":{"@type":"PropertyValueSpecification","valueRequired":true,"valueName":"search_term_string"}}],"inLanguage":"sk-SK"},{"@type":"Organization","@id":"https:\/\/www.lraloeverashop.eu\/sk\/#organization","name":"Lr Obchod Aloe Vera","alternateName":"LR","url":"https:\/\/www.lraloeverashop.eu\/sk\/","logo":{"@type":"ImageObject","inLanguage":"sk-SK","@id":"https:\/\/www.lraloeverashop.eu\/sk\/#\/schema\/logo\/image\/","url":"https:\/\/www.lraloeverashop.eu\/wp-content\/uploads\/2022\/09\/cropped-Lr-Aloe-Vera-Shop.jpg","contentUrl":"https:\/\/www.lraloeverashop.eu\/wp-content\/uploads\/2022\/09\/cropped-Lr-Aloe-Vera-Shop.jpg","width":228,"height":76,"caption":"Lr Obchod Aloe Vera"},"image":{"@id":"https:\/\/www.lraloeverashop.eu\/sk\/#\/schema\/logo\/image\/"},"sameAs":["https:\/\/www.facebook.com\/lraloeverashop.eu","https:\/\/x.com\/natur__kosmetik","https:\/\/www.youtube.com\/channel\/UC5oN7BJ8nfYb8RpVtjwDEBA","https:\/\/www.instagram.com\/lrbeautyeu\/"],"description":"Obchod Lr Aloe Vera je va\u0161\u00edm d\u00f4veryhodn\u00fdm miestom pre pr\u00e9miov\u00e9 produkty LR Health & Beauty vyroben\u00e9 v Nemecku. Pon\u00fakame vysokokvalitn\u00e9 rie\u0161enia starostlivosti o ple\u0165 s Aloe Vera, v\u00fd\u017eivu a proti starnutiu, vyroben\u00e9 z \u010dist\u00fdch ingredienci\u00ed a podlo\u017een\u00e9 vedeck\u00fdm v\u00fdskumom. Objavte pr\u00edrodn\u00fa starostlivos\u0165, ktor\u00e1 regeneruje, chr\u00e1ni a revitalizuje va\u0161u ple\u0165 \u2013 a vyu\u017eite exkluz\u00edvne mesa\u010dn\u00e9 ponuky na na\u0161e najpred\u00e1vanej\u0161ie produkty LR Aloe Vera.\nZa\u010dnite svoju cestu za pr\u00edrodnou starostlivos\u0165ou o ple\u0165 e\u0161te dnes a poc\u00ed\u0165te rozdiel.","email":"info@lraloeverashop.eu","telephone":"+49 17670609653","legalName":"Lr Aloe Vera Shop","foundingDate":"2018-04-21","numberOfEmployees":{"@type":"QuantitativeValue","minValue":"1","maxValue":"10"}}]},"product_price_amount":"48.59","product_price_currency":"EUR","og_availability":"instock","product_availability":"instock","product_retailer_item_id":"28314-1SK","product_condition":"new"},"taxonomy_info":{"product_cat":[{"value":366,"label":"Beauty Diamonds"},{"value":331,"label":"Produkty proti starnutiu"},{"value":270,"label":"Starostlivos\u0165 proti starnutiu"},{"value":282,"label":"\u017deny nad 40 rokov"}]},"featured_image_src_large":["https:\/\/www.lraloeverashop.eu\/wp-content\/uploads\/2022\/10\/Beauty-Diamonds-Radiant-Youth-Oil-1024x1024.jpg",1024,1024,true],"author_info":[],"comment_info":1,"_links":{"self":[{"href":"https:\/\/www.lraloeverashop.eu\/sk\/wp-json\/wp\/v2\/product\/8846","targetHints":{"allow":["GET"]}}],"collection":[{"href":"https:\/\/www.lraloeverashop.eu\/sk\/wp-json\/wp\/v2\/product"}],"about":[{"href":"https:\/\/www.lraloeverashop.eu\/sk\/wp-json\/wp\/v2\/types\/product"}],"replies":[{"embeddable":true,"href":"https:\/\/www.lraloeverashop.eu\/sk\/wp-json\/wp\/v2\/comments?post=8846"}],"wp:featuredmedia":[{"embeddable":true,"href":"https:\/\/www.lraloeverashop.eu\/sk\/wp-json\/wp\/v2\/media\/5962"}],"wp:attachment":[{"href":"https:\/\/www.lraloeverashop.eu\/sk\/wp-json\/wp\/v2\/media?parent=8846"}],"wp:term":[{"taxonomy":"product_brand","embeddable":true,"href":"https:\/\/www.lraloeverashop.eu\/sk\/wp-json\/wp\/v2\/product_brand?post=8846"},{"taxonomy":"product_cat","embeddable":true,"href":"https:\/\/www.lraloeverashop.eu\/sk\/wp-json\/wp\/v2\/product_cat?post=8846"},{"taxonomy":"product_tag","embeddable":true,"href":"https:\/\/www.lraloeverashop.eu\/sk\/wp-json\/wp\/v2\/product_tag?post=8846"}],"curies":[{"name":"wp","href":"https:\/\/api.w.org\/{rel}","templated":true}]}}