{"id":8826,"date":"2022-10-20T10:40:57","date_gmt":"2022-10-20T08:40:57","guid":{"rendered":"https:\/\/www.lraloeverashop.eu\/product\/beauty-diamonds-denny-krem-proti-vraskam\/"},"modified":"2025-11-22T11:09:44","modified_gmt":"2025-11-22T10:09:44","slug":"beauty-diamonds-denny-krem-proti-vraskam","status":"publish","type":"product","link":"https:\/\/www.lraloeverashop.eu\/sk\/produkt\/beauty-diamonds-denny-krem-proti-vraskam\/","title":{"rendered":"Beauty Diamonds Denn\u00fd Kr\u00e9m Proti Vr\u00e1skam"},"content":{"rendered":"<h2><span style=\"font-size: 16pt;\"><strong>Beauty Diamonds Denn\u00fd Kr\u00e9m Proti Vr\u00e1skam<\/strong><\/span><\/h2>\n<p><span style=\"font-size: 14pt;\"><strong>Beauty Diamonds Denn\u00fd Kr\u00e9m Proti Vr\u00e1skam s dlhotrvaj\u00facim \u00fa\u010dinkom<\/strong><\/span><\/p>\n<p>Dobre vyzbrojen\u00ed proti znameniam doby: Text\u00fara rozmazn\u00e1vaj\u00faceho kr\u00e9mu ple\u0165 intenz\u00edvne vy\u017eivuje a de\u0148 \u010do de\u0148 ju posil\u0148uje stimul\u00e1ciou tvorby kolag\u00e9nu \u2013 ple\u0165 p\u00f4sob\u00ed napnuto. Tie\u017e dod\u00e1va poko\u017eke hodv\u00e1bne <a href=\"https:\/\/www.lraloeverashop.eu\/sk\/produkt\/racine-q10-denny-krem\/\">hladk\u00fa poko\u017eku<\/a> a redukuje vr\u00e1sky. Extrakt z rakytn\u00edka spev\u0148uje poko\u017eku a zais\u0165uje harmonick\u00e9 kont\u00fary tv\u00e1re. Pre pevn\u00fa poko\u017eku a pocit hodv\u00e1bne hladkej poko\u017eky.<\/p>\n<p><strong>Pre \u017eeny\u2026<\/strong><br \/>\n&#8230; od cca 40 rokov<br \/>\n\u2026 so suchou a n\u00e1ro\u010dnou poko\u017ekou<br \/>\n\u2026 klad\u00fa d\u00f4raz na luxusn\u00fa starostlivos\u0165<br \/>\n&#8230; ktor\u00e9 chc\u00fa ve\u013ek\u00fa charizmu<br \/>\n\u2026 ktor\u00e9 chc\u00fa redukova\u0165 vr\u00e1sky<br \/>\n&#8230; ktor\u00e9 chc\u00fa v\u00e4\u010d\u0161iu pru\u017enos\u0165 poko\u017eky<\/p>\n<p>Spev\u0148uj\u00faci denn\u00fd kr\u00e9m Beauty Diamonds proti starnutiu spev\u0148uje ple\u0165 u\u017e od 40. roku \u017eivota a vidite\u013ene redukuje vr\u00e1sky. Na z\u00e1klade vlastnost\u00ed diamantov v kombin\u00e1cii s prote\u00ednmi zabezpe\u010duje <a href=\"https:\/\/www.lraloeverashop.eu\/sk\/produkt\/nanogold-denny-krem-proti-vraskam\/\">spomalenie procesu starnutia<\/a> poko\u017eky a posilnenie mechanizmu ochrany buniek. Teraz preformulovan\u00fd s inovat\u00edvnym syst\u00e9mom transportu akt\u00edvnych zlo\u017eiek a zapuzdrenou akt\u00edvnou zlo\u017ekou, ktor\u00e1 redukuje vr\u00e1sky a h\u013abku vr\u00e1sok.<\/p>\n<p>Pre maxim\u00e1lnu \u00fa\u010dinnos\u0165 v kombin\u00e1cii zo <a href=\"https:\/\/www.lraloeverashop.eu\/sk\/produkt\/zehlicka-na-tvar-zeitgard-pro\/\">\u017dehli\u010dkou na Tv\u00e1r Zeitgard Pro<\/a><\/p>\n<p>&nbsp;<\/p>\n<h3><span style=\"font-size: 16pt;\"><strong>Ako pou\u017e\u00edva\u0165<\/strong><\/span><\/h3>\n<p><strong>KROK 1:<\/strong> O\u010distite si poko\u017eku tv\u00e1re vodou alebo pou\u017eite Zeitgard Pro Na \u010cistenie Pleti alebo Zeitgard Pro Peelingov\u00fd N\u00e1stavec.<\/p>\n<p><strong>KROK 2:<\/strong> Naneste svoj Beauty Diamonds denn\u00fd kr\u00e9m proti starnutiu a vmas\u00edrujte ho rukami alebo pomocou \u017dehli\u010dky na Tv\u00e1r Zeitgard Pro. O\u0161etrujte \u013eav\u00fa a prav\u00fa stranu tv\u00e1re a \u010delo po dobu 30 sek\u00fand. Venujte pozornos\u0165 kr\u00fa\u017eiv\u00fdm pohybom zvn\u00fatra von a zdola nahor.<\/p>\n","protected":false},"excerpt":{"rendered":"<ul>\n<li>S\u0165ahuj\u00face, vyp\u013a\u0148aj\u00face o\u0161etruj\u00face zlo\u017eenie poko\u017eku intenz\u00edvne vy\u017eivuje a posil\u0148uje<\/li>\n<li>Redukuje vr\u00e1sky a h\u013abku vr\u00e1sok a poskytuje definovan\u00e9 kont\u00fary tv\u00e1re s v\u00fd\u0165a\u017ekom z rakytn\u00edka<\/li>\n<li>Zvy\u0161uje synt\u00e9zu elast\u00ednu a kolag\u00e9nu<\/li>\n<li>S inovat\u00edvnym syst\u00e9mom transportu \u00fa\u010dinn\u00fdch l\u00e1tok<\/li>\n<li>Odpor\u00fa\u010da sa pou\u017e\u00edva\u0165 zo \u017dehli\u010dkou na Tv\u00e1r Zeitgard Pro<\/li>\n<li>Mno\u017estvo: 50 ml<\/li>\n<\/ul>\n<p>&nbsp;<\/p>\n","protected":false},"featured_media":5968,"comment_status":"open","ping_status":"closed","template":"","meta":{"_kad_blocks_custom_css":"","_kad_blocks_head_custom_js":"","_kad_blocks_body_custom_js":"","_kad_blocks_footer_custom_js":"","_kadence_starter_templates_imported_post":false,"_kad_post_transparent":"default","_kad_post_title":"","_kad_post_layout":"default","_kad_post_sidebar_id":"","_kad_post_content_style":"default","_kad_post_vertical_padding":"default","_kad_post_feature":"","_kad_post_feature_position":"","_kad_post_header":false,"_kad_post_footer":false,"_kad_post_classname":""},"product_brand":[],"product_cat":[366,331,270,282],"product_tag":[706],"class_list":{"0":"post-8826","1":"product","2":"type-product","3":"status-publish","4":"has-post-thumbnail","6":"product_cat-beauty-diamonds-sk","7":"product_cat-produkty-proti-starnutiu","8":"product_cat-starostlivost-proti-starnutiu","9":"product_cat-zeny-nad-40-rokov","10":"product_tag-na-vrasky-na-tvari","12":"first","13":"instock","14":"taxable","15":"shipping-taxable","16":"purchasable","17":"product-type-simple","18":"entry","19":"content-bg","20":"loop-entry"},"yoast_head":"<!-- This site is optimized with the Yoast SEO Premium plugin v27.4 (Yoast SEO v27.4) - https:\/\/yoast.com\/product\/yoast-seo-premium-wordpress\/ -->\n<title>Beauty Diamonds Denn\u00fd Kr\u00e9m Proti Vr\u00e1skam Pre \u017eeny od 40 rokov<\/title>\n<meta name=\"description\" content=\"Beauty Diamonds Denn\u00fd Kr\u00e9m Proti Vr\u00e1skam ple\u0165 intenz\u00edvne vy\u017eivuje a de\u0148 \u010do de\u0148 ju posil\u0148uje stimul\u00e1ciou tvorby kolag\u00e9nu. Ple\u0165 p\u00f4sob\u00ed napnuto.\" \/>\n<meta name=\"robots\" content=\"index, follow, max-snippet:-1, max-image-preview:large, max-video-preview:-1\" \/>\n<link rel=\"canonical\" href=\"https:\/\/www.lraloeverashop.eu\/sk\/produkt\/beauty-diamonds-denny-krem-proti-vraskam\/\" \/>\n<meta property=\"og:locale\" content=\"sk_SK\" \/>\n<meta property=\"og:type\" content=\"article\" \/>\n<meta property=\"og:title\" content=\"Beauty Diamonds Denn\u00fd Kr\u00e9m Proti Vr\u00e1skam\" \/>\n<meta property=\"og:description\" content=\"Beauty Diamonds Denn\u00fd Kr\u00e9m Proti Vr\u00e1skam ple\u0165 intenz\u00edvne vy\u017eivuje a de\u0148 \u010do de\u0148 ju posil\u0148uje stimul\u00e1ciou tvorby kolag\u00e9nu. Ple\u0165 p\u00f4sob\u00ed napnuto.\" \/>\n<meta property=\"og:url\" content=\"https:\/\/www.lraloeverashop.eu\/sk\/produkt\/beauty-diamonds-denny-krem-proti-vraskam\/\" \/>\n<meta property=\"og:site_name\" content=\"Lr Obchod Aloe Vera\" \/>\n<meta property=\"article:publisher\" content=\"https:\/\/www.facebook.com\/lraloeverashop.eu\" \/>\n<meta property=\"article:modified_time\" content=\"2025-11-22T10:09:44+00:00\" \/>\n<meta property=\"og:image\" content=\"https:\/\/www.lraloeverashop.eu\/wp-content\/uploads\/2022\/10\/Beauty-Diamonds-Day-Cream.jpg\" \/>\n\t<meta property=\"og:image:width\" content=\"1200\" \/>\n\t<meta property=\"og:image:height\" content=\"1200\" \/>\n\t<meta property=\"og:image:type\" content=\"image\/jpeg\" \/>\n<meta name=\"twitter:card\" content=\"summary_large_image\" \/>\n<meta name=\"twitter:site\" content=\"@natur__kosmetik\" \/>\n<script type=\"application\/ld+json\" class=\"yoast-schema-graph\">{\"@context\":\"https:\\\/\\\/schema.org\",\"@graph\":[{\"@type\":[\"WebPage\",\"ItemPage\"],\"@id\":\"https:\\\/\\\/www.lraloeverashop.eu\\\/sk\\\/produkt\\\/beauty-diamonds-denny-krem-proti-vraskam\\\/\",\"url\":\"https:\\\/\\\/www.lraloeverashop.eu\\\/sk\\\/produkt\\\/beauty-diamonds-denny-krem-proti-vraskam\\\/\",\"name\":\"Beauty Diamonds Denn\u00fd Kr\u00e9m Proti Vr\u00e1skam Pre \u017eeny od 40 rokov\",\"isPartOf\":{\"@id\":\"https:\\\/\\\/www.lraloeverashop.eu\\\/sk\\\/#website\"},\"primaryImageOfPage\":{\"@id\":\"https:\\\/\\\/www.lraloeverashop.eu\\\/sk\\\/produkt\\\/beauty-diamonds-denny-krem-proti-vraskam\\\/#primaryimage\"},\"image\":{\"@id\":\"https:\\\/\\\/www.lraloeverashop.eu\\\/sk\\\/produkt\\\/beauty-diamonds-denny-krem-proti-vraskam\\\/#primaryimage\"},\"thumbnailUrl\":\"https:\\\/\\\/www.lraloeverashop.eu\\\/wp-content\\\/uploads\\\/2022\\\/10\\\/Beauty-Diamonds-Day-Cream.jpg\",\"datePublished\":\"2022-10-20T08:40:57+00:00\",\"dateModified\":\"2025-11-22T10:09:44+00:00\",\"description\":\"Beauty Diamonds Denn\u00fd Kr\u00e9m Proti Vr\u00e1skam ple\u0165 intenz\u00edvne vy\u017eivuje a de\u0148 \u010do de\u0148 ju posil\u0148uje stimul\u00e1ciou tvorby kolag\u00e9nu. Ple\u0165 p\u00f4sob\u00ed napnuto.\",\"breadcrumb\":{\"@id\":\"https:\\\/\\\/www.lraloeverashop.eu\\\/sk\\\/produkt\\\/beauty-diamonds-denny-krem-proti-vraskam\\\/#breadcrumb\"},\"inLanguage\":\"sk-SK\",\"potentialAction\":[{\"@type\":\"ReadAction\",\"target\":[\"https:\\\/\\\/www.lraloeverashop.eu\\\/sk\\\/produkt\\\/beauty-diamonds-denny-krem-proti-vraskam\\\/\"]}]},{\"@type\":\"ImageObject\",\"inLanguage\":\"sk-SK\",\"@id\":\"https:\\\/\\\/www.lraloeverashop.eu\\\/sk\\\/produkt\\\/beauty-diamonds-denny-krem-proti-vraskam\\\/#primaryimage\",\"url\":\"https:\\\/\\\/www.lraloeverashop.eu\\\/wp-content\\\/uploads\\\/2022\\\/10\\\/Beauty-Diamonds-Day-Cream.jpg\",\"contentUrl\":\"https:\\\/\\\/www.lraloeverashop.eu\\\/wp-content\\\/uploads\\\/2022\\\/10\\\/Beauty-Diamonds-Day-Cream.jpg\",\"width\":1200,\"height\":1200,\"caption\":\"Beauty Diamonds denn\u00fd kr\u00e9m proti starnutiu\"},{\"@type\":\"BreadcrumbList\",\"@id\":\"https:\\\/\\\/www.lraloeverashop.eu\\\/sk\\\/produkt\\\/beauty-diamonds-denny-krem-proti-vraskam\\\/#breadcrumb\",\"itemListElement\":[{\"@type\":\"ListItem\",\"position\":1,\"name\":\"Home\",\"item\":\"https:\\\/\\\/www.lraloeverashop.eu\\\/sk\\\/\"},{\"@type\":\"ListItem\",\"position\":2,\"name\":\"Obchod\",\"item\":\"https:\\\/\\\/www.lraloeverashop.eu\\\/shop\\\/\"},{\"@type\":\"ListItem\",\"position\":3,\"name\":\"Beauty Diamonds Denn\u00fd Kr\u00e9m Proti Vr\u00e1skam\"}]},{\"@type\":\"WebSite\",\"@id\":\"https:\\\/\\\/www.lraloeverashop.eu\\\/sk\\\/#website\",\"url\":\"https:\\\/\\\/www.lraloeverashop.eu\\\/sk\\\/\",\"name\":\"Lr Obchod Aloe Vera\",\"description\":\"High Quality Lr Aloe Vera Gel, Aloe Vera Cream and Shampoo\",\"publisher\":{\"@id\":\"https:\\\/\\\/www.lraloeverashop.eu\\\/sk\\\/#organization\"},\"potentialAction\":[{\"@type\":\"SearchAction\",\"target\":{\"@type\":\"EntryPoint\",\"urlTemplate\":\"https:\\\/\\\/www.lraloeverashop.eu\\\/sk\\\/?s={search_term_string}\"},\"query-input\":{\"@type\":\"PropertyValueSpecification\",\"valueRequired\":true,\"valueName\":\"search_term_string\"}}],\"inLanguage\":\"sk-SK\"},{\"@type\":\"Organization\",\"@id\":\"https:\\\/\\\/www.lraloeverashop.eu\\\/sk\\\/#organization\",\"name\":\"Lr Obchod Aloe Vera\",\"alternateName\":\"LR\",\"url\":\"https:\\\/\\\/www.lraloeverashop.eu\\\/sk\\\/\",\"logo\":{\"@type\":\"ImageObject\",\"inLanguage\":\"sk-SK\",\"@id\":\"https:\\\/\\\/www.lraloeverashop.eu\\\/sk\\\/#\\\/schema\\\/logo\\\/image\\\/\",\"url\":\"https:\\\/\\\/www.lraloeverashop.eu\\\/wp-content\\\/uploads\\\/2022\\\/09\\\/cropped-Lr-Aloe-Vera-Shop.jpg\",\"contentUrl\":\"https:\\\/\\\/www.lraloeverashop.eu\\\/wp-content\\\/uploads\\\/2022\\\/09\\\/cropped-Lr-Aloe-Vera-Shop.jpg\",\"width\":228,\"height\":76,\"caption\":\"Lr Obchod Aloe Vera\"},\"image\":{\"@id\":\"https:\\\/\\\/www.lraloeverashop.eu\\\/sk\\\/#\\\/schema\\\/logo\\\/image\\\/\"},\"sameAs\":[\"https:\\\/\\\/www.facebook.com\\\/lraloeverashop.eu\",\"https:\\\/\\\/x.com\\\/natur__kosmetik\",\"https:\\\/\\\/www.youtube.com\\\/channel\\\/UC5oN7BJ8nfYb8RpVtjwDEBA\",\"https:\\\/\\\/www.instagram.com\\\/lrbeautyeu\\\/\"],\"description\":\"Obchod Lr Aloe Vera je va\u0161\u00edm d\u00f4veryhodn\u00fdm miestom pre pr\u00e9miov\u00e9 produkty LR Health & Beauty vyroben\u00e9 v Nemecku. Pon\u00fakame vysokokvalitn\u00e9 rie\u0161enia starostlivosti o ple\u0165 s Aloe Vera, v\u00fd\u017eivu a proti starnutiu, vyroben\u00e9 z \u010dist\u00fdch ingredienci\u00ed a podlo\u017een\u00e9 vedeck\u00fdm v\u00fdskumom. Objavte pr\u00edrodn\u00fa starostlivos\u0165, ktor\u00e1 regeneruje, chr\u00e1ni a revitalizuje va\u0161u ple\u0165 \u2013 a vyu\u017eite exkluz\u00edvne mesa\u010dn\u00e9 ponuky na na\u0161e najpred\u00e1vanej\u0161ie produkty LR Aloe Vera.\\nZa\u010dnite svoju cestu za pr\u00edrodnou starostlivos\u0165ou o ple\u0165 e\u0161te dnes a poc\u00ed\u0165te rozdiel.\",\"email\":\"info@lraloeverashop.eu\",\"telephone\":\"+49 17670609653\",\"legalName\":\"Lr Aloe Vera Shop\",\"foundingDate\":\"2018-04-21\",\"numberOfEmployees\":{\"@type\":\"QuantitativeValue\",\"minValue\":\"1\",\"maxValue\":\"10\"}}]}<\/script>\n<meta property=\"product:price:amount\" content=\"48.59\" \/>\n<meta property=\"product:price:currency\" content=\"EUR\" \/>\n<meta property=\"og:availability\" content=\"instock\" \/>\n<meta property=\"product:availability\" content=\"instock\" \/>\n<meta property=\"product:retailer_item_id\" content=\"28317-101SK\" \/>\n<meta property=\"product:condition\" content=\"new\" \/>\n<!-- \/ Yoast SEO Premium plugin. -->","yoast_head_json":{"title":"Beauty Diamonds Denn\u00fd Kr\u00e9m Proti Vr\u00e1skam Pre \u017eeny od 40 rokov","description":"Beauty Diamonds Denn\u00fd Kr\u00e9m Proti Vr\u00e1skam ple\u0165 intenz\u00edvne vy\u017eivuje a de\u0148 \u010do de\u0148 ju posil\u0148uje stimul\u00e1ciou tvorby kolag\u00e9nu. Ple\u0165 p\u00f4sob\u00ed napnuto.","robots":{"index":"index","follow":"follow","max-snippet":"max-snippet:-1","max-image-preview":"max-image-preview:large","max-video-preview":"max-video-preview:-1"},"canonical":"https:\/\/www.lraloeverashop.eu\/sk\/produkt\/beauty-diamonds-denny-krem-proti-vraskam\/","og_locale":"sk_SK","og_type":"article","og_title":"Beauty Diamonds Denn\u00fd Kr\u00e9m Proti Vr\u00e1skam","og_description":"Beauty Diamonds Denn\u00fd Kr\u00e9m Proti Vr\u00e1skam ple\u0165 intenz\u00edvne vy\u017eivuje a de\u0148 \u010do de\u0148 ju posil\u0148uje stimul\u00e1ciou tvorby kolag\u00e9nu. Ple\u0165 p\u00f4sob\u00ed napnuto.","og_url":"https:\/\/www.lraloeverashop.eu\/sk\/produkt\/beauty-diamonds-denny-krem-proti-vraskam\/","og_site_name":"Lr Obchod Aloe Vera","article_publisher":"https:\/\/www.facebook.com\/lraloeverashop.eu","article_modified_time":"2025-11-22T10:09:44+00:00","og_image":[{"width":1200,"height":1200,"url":"https:\/\/www.lraloeverashop.eu\/wp-content\/uploads\/2022\/10\/Beauty-Diamonds-Day-Cream.jpg","type":"image\/jpeg"}],"twitter_card":"summary_large_image","twitter_site":"@natur__kosmetik","schema":{"@context":"https:\/\/schema.org","@graph":[{"@type":["WebPage","ItemPage"],"@id":"https:\/\/www.lraloeverashop.eu\/sk\/produkt\/beauty-diamonds-denny-krem-proti-vraskam\/","url":"https:\/\/www.lraloeverashop.eu\/sk\/produkt\/beauty-diamonds-denny-krem-proti-vraskam\/","name":"Beauty Diamonds Denn\u00fd Kr\u00e9m Proti Vr\u00e1skam Pre \u017eeny od 40 rokov","isPartOf":{"@id":"https:\/\/www.lraloeverashop.eu\/sk\/#website"},"primaryImageOfPage":{"@id":"https:\/\/www.lraloeverashop.eu\/sk\/produkt\/beauty-diamonds-denny-krem-proti-vraskam\/#primaryimage"},"image":{"@id":"https:\/\/www.lraloeverashop.eu\/sk\/produkt\/beauty-diamonds-denny-krem-proti-vraskam\/#primaryimage"},"thumbnailUrl":"https:\/\/www.lraloeverashop.eu\/wp-content\/uploads\/2022\/10\/Beauty-Diamonds-Day-Cream.jpg","datePublished":"2022-10-20T08:40:57+00:00","dateModified":"2025-11-22T10:09:44+00:00","description":"Beauty Diamonds Denn\u00fd Kr\u00e9m Proti Vr\u00e1skam ple\u0165 intenz\u00edvne vy\u017eivuje a de\u0148 \u010do de\u0148 ju posil\u0148uje stimul\u00e1ciou tvorby kolag\u00e9nu. Ple\u0165 p\u00f4sob\u00ed napnuto.","breadcrumb":{"@id":"https:\/\/www.lraloeverashop.eu\/sk\/produkt\/beauty-diamonds-denny-krem-proti-vraskam\/#breadcrumb"},"inLanguage":"sk-SK","potentialAction":[{"@type":"ReadAction","target":["https:\/\/www.lraloeverashop.eu\/sk\/produkt\/beauty-diamonds-denny-krem-proti-vraskam\/"]}]},{"@type":"ImageObject","inLanguage":"sk-SK","@id":"https:\/\/www.lraloeverashop.eu\/sk\/produkt\/beauty-diamonds-denny-krem-proti-vraskam\/#primaryimage","url":"https:\/\/www.lraloeverashop.eu\/wp-content\/uploads\/2022\/10\/Beauty-Diamonds-Day-Cream.jpg","contentUrl":"https:\/\/www.lraloeverashop.eu\/wp-content\/uploads\/2022\/10\/Beauty-Diamonds-Day-Cream.jpg","width":1200,"height":1200,"caption":"Beauty Diamonds denn\u00fd kr\u00e9m proti starnutiu"},{"@type":"BreadcrumbList","@id":"https:\/\/www.lraloeverashop.eu\/sk\/produkt\/beauty-diamonds-denny-krem-proti-vraskam\/#breadcrumb","itemListElement":[{"@type":"ListItem","position":1,"name":"Home","item":"https:\/\/www.lraloeverashop.eu\/sk\/"},{"@type":"ListItem","position":2,"name":"Obchod","item":"https:\/\/www.lraloeverashop.eu\/shop\/"},{"@type":"ListItem","position":3,"name":"Beauty Diamonds Denn\u00fd Kr\u00e9m Proti Vr\u00e1skam"}]},{"@type":"WebSite","@id":"https:\/\/www.lraloeverashop.eu\/sk\/#website","url":"https:\/\/www.lraloeverashop.eu\/sk\/","name":"Lr Obchod Aloe Vera","description":"High Quality Lr Aloe Vera Gel, Aloe Vera Cream and Shampoo","publisher":{"@id":"https:\/\/www.lraloeverashop.eu\/sk\/#organization"},"potentialAction":[{"@type":"SearchAction","target":{"@type":"EntryPoint","urlTemplate":"https:\/\/www.lraloeverashop.eu\/sk\/?s={search_term_string}"},"query-input":{"@type":"PropertyValueSpecification","valueRequired":true,"valueName":"search_term_string"}}],"inLanguage":"sk-SK"},{"@type":"Organization","@id":"https:\/\/www.lraloeverashop.eu\/sk\/#organization","name":"Lr Obchod Aloe Vera","alternateName":"LR","url":"https:\/\/www.lraloeverashop.eu\/sk\/","logo":{"@type":"ImageObject","inLanguage":"sk-SK","@id":"https:\/\/www.lraloeverashop.eu\/sk\/#\/schema\/logo\/image\/","url":"https:\/\/www.lraloeverashop.eu\/wp-content\/uploads\/2022\/09\/cropped-Lr-Aloe-Vera-Shop.jpg","contentUrl":"https:\/\/www.lraloeverashop.eu\/wp-content\/uploads\/2022\/09\/cropped-Lr-Aloe-Vera-Shop.jpg","width":228,"height":76,"caption":"Lr Obchod Aloe Vera"},"image":{"@id":"https:\/\/www.lraloeverashop.eu\/sk\/#\/schema\/logo\/image\/"},"sameAs":["https:\/\/www.facebook.com\/lraloeverashop.eu","https:\/\/x.com\/natur__kosmetik","https:\/\/www.youtube.com\/channel\/UC5oN7BJ8nfYb8RpVtjwDEBA","https:\/\/www.instagram.com\/lrbeautyeu\/"],"description":"Obchod Lr Aloe Vera je va\u0161\u00edm d\u00f4veryhodn\u00fdm miestom pre pr\u00e9miov\u00e9 produkty LR Health & Beauty vyroben\u00e9 v Nemecku. Pon\u00fakame vysokokvalitn\u00e9 rie\u0161enia starostlivosti o ple\u0165 s Aloe Vera, v\u00fd\u017eivu a proti starnutiu, vyroben\u00e9 z \u010dist\u00fdch ingredienci\u00ed a podlo\u017een\u00e9 vedeck\u00fdm v\u00fdskumom. Objavte pr\u00edrodn\u00fa starostlivos\u0165, ktor\u00e1 regeneruje, chr\u00e1ni a revitalizuje va\u0161u ple\u0165 \u2013 a vyu\u017eite exkluz\u00edvne mesa\u010dn\u00e9 ponuky na na\u0161e najpred\u00e1vanej\u0161ie produkty LR Aloe Vera.\nZa\u010dnite svoju cestu za pr\u00edrodnou starostlivos\u0165ou o ple\u0165 e\u0161te dnes a poc\u00ed\u0165te rozdiel.","email":"info@lraloeverashop.eu","telephone":"+49 17670609653","legalName":"Lr Aloe Vera Shop","foundingDate":"2018-04-21","numberOfEmployees":{"@type":"QuantitativeValue","minValue":"1","maxValue":"10"}}]},"product_price_amount":"48.59","product_price_currency":"EUR","og_availability":"instock","product_availability":"instock","product_retailer_item_id":"28317-101SK","product_condition":"new"},"taxonomy_info":{"product_cat":[{"value":366,"label":"Beauty Diamonds"},{"value":331,"label":"Produkty proti starnutiu"},{"value":270,"label":"Starostlivos\u0165 proti starnutiu"},{"value":282,"label":"\u017deny nad 40 rokov"}],"product_tag":[{"value":706,"label":"na vr\u00e1sky na tv\u00e1ri"}]},"featured_image_src_large":["https:\/\/www.lraloeverashop.eu\/wp-content\/uploads\/2022\/10\/Beauty-Diamonds-Day-Cream-1024x1024.jpg",1024,1024,true],"author_info":[],"comment_info":0,"_links":{"self":[{"href":"https:\/\/www.lraloeverashop.eu\/sk\/wp-json\/wp\/v2\/product\/8826","targetHints":{"allow":["GET"]}}],"collection":[{"href":"https:\/\/www.lraloeverashop.eu\/sk\/wp-json\/wp\/v2\/product"}],"about":[{"href":"https:\/\/www.lraloeverashop.eu\/sk\/wp-json\/wp\/v2\/types\/product"}],"replies":[{"embeddable":true,"href":"https:\/\/www.lraloeverashop.eu\/sk\/wp-json\/wp\/v2\/comments?post=8826"}],"wp:featuredmedia":[{"embeddable":true,"href":"https:\/\/www.lraloeverashop.eu\/sk\/wp-json\/wp\/v2\/media\/5968"}],"wp:attachment":[{"href":"https:\/\/www.lraloeverashop.eu\/sk\/wp-json\/wp\/v2\/media?parent=8826"}],"wp:term":[{"taxonomy":"product_brand","embeddable":true,"href":"https:\/\/www.lraloeverashop.eu\/sk\/wp-json\/wp\/v2\/product_brand?post=8826"},{"taxonomy":"product_cat","embeddable":true,"href":"https:\/\/www.lraloeverashop.eu\/sk\/wp-json\/wp\/v2\/product_cat?post=8826"},{"taxonomy":"product_tag","embeddable":true,"href":"https:\/\/www.lraloeverashop.eu\/sk\/wp-json\/wp\/v2\/product_tag?post=8826"}],"curies":[{"name":"wp","href":"https:\/\/api.w.org\/{rel}","templated":true}]}}