{"id":8801,"date":"2022-10-20T12:26:37","date_gmt":"2022-10-20T10:26:37","guid":{"rendered":"https:\/\/www.lraloeverashop.eu\/product\/platinum-krem-proti-starnutiu\/"},"modified":"2025-11-22T10:14:04","modified_gmt":"2025-11-22T09:14:04","slug":"platinum-krem-proti-starnutiu","status":"publish","type":"product","link":"https:\/\/www.lraloeverashop.eu\/sk\/produkt\/platinum-krem-proti-starnutiu\/","title":{"rendered":"Platinum Kr\u00e9m Proti Starnutiu"},"content":{"rendered":"<h2><span style=\"font-size: 16pt;\"><strong>Platinum Kr\u00e9m Proti Starnutiu<\/strong><\/span><\/h2>\n<p><span style=\"font-size: 14pt;\"><strong>Platinum Kr\u00e9m Proti Starnutiu pre viac energie a omladenie pleti<\/strong><\/span><\/p>\n<p>Platinum Kr\u00e9m sa r\u00fdchlo vstreb\u00e1va a pon\u00faka viac energie, omladenie a \u017eiarivos\u0165 pleti v\u010faka svojmu hydrata\u010dn\u00e9mu \u00fa\u010dinku. Active Ingredient Transport System zvy\u0161uje produkciu kyseliny hyalur\u00f3novej a chr\u00e1ni bunky. Kombin\u00e1cia \u00fa\u010dinn\u00fdch l\u00e1tok Platinum zvy\u0161uje tvorbu kolag\u00e9nu, intenz\u00edvne hydratuje a <a href=\"https:\/\/www.lraloeverashop.eu\/sk\/produkt\/ocny-krem-na-vrasky-beauty-diamonds\/\">redukuje h\u013abku vr\u00e1sok<\/a>.<\/p>\n<p>Obsahuje v\u00fd\u0165a\u017eok z bakt\u00e9ri\u00ed poch\u00e1dzaj\u00facich zo \u0161vaj\u010diarskej \u013eadovcovej vody, ktor\u00e1 redukuje h\u013abku vr\u00e1sok. Jojobov\u00fd olej m\u00e1 hydrata\u010dn\u00e9 a vy\u017eivuj\u00face vlastnosti, zatia\u013e \u010do vitam\u00edn E zabra\u0148uje tvorbe nov\u00fdch vr\u00e1sok. Provitam\u00edn B5 (panthenol) zvy\u0161uje \u00farove\u0148 hydrat\u00e1cie a podporuje tvorbu ko\u017en\u00fdch buniek. S kombin\u00e1ciou peptidov, ktor\u00e9 zvy\u0161uj\u00fa tvorbu kyseliny hyalur\u00f3novej a <a href=\"https:\/\/www.lraloeverashop.eu\/sk\/produkt\/okamzity-zdokonalovac-pleti-serox\/\">redukuj\u00fa vr\u00e1sky<\/a>.<\/p>\n<p><strong>Pre mu\u017eov\u2026<\/strong><br \/>\n&#8230; od cca 25 rokov<br \/>\n\u2026 so suchou a n\u00e1ro\u010dnou poko\u017ekou<br \/>\n\u2026 kl\u00e1dnu d\u00f4raz na luxusn\u00fa starostlivos\u0165<br \/>\n\u2026 chcu redukova\u0165 vr\u00e1sky<br \/>\n&#8230; ktor\u00ed chc\u00fa v\u00e4\u010d\u0161iu pru\u017enos\u0165 poko\u017eky<\/p>\n<p>Pre maxim\u00e1lnu \u00fa\u010dinnos\u0165 v kombin\u00e1cii so \u017dehli\u010dkou na Tv\u00e1r Zeitgard Pro.<\/p>\n<p>&nbsp;<\/p>\n<h3><span style=\"font-size: 16pt;\"><strong>Ako pou\u017e\u00edva\u0165<\/strong><\/span><\/h3>\n<p><strong>Krok 1:<\/strong> O\u010distite si tv\u00e1r vodou alebo pomocou n\u00e1stroja Zeitgard Pro Na \u010cistenie Pleti alebo Nadstavcom Peelingu Na Tv\u00e1r.<\/p>\n<p><strong>Krok 2:<\/strong> Naneste Platinum Kr\u00e9m Proti Starnutiu a rozotrite ho pomocou ruky alebo \u017dehli\u010dkou Na Tv\u00e1r Zeitgard Pro, 30 sek\u00fand na ka\u017ed\u00fa stranu tv\u00e1re. Potiahnite Zeitgard Pro kr\u00fa\u017eiv\u00fdmi pohybmi zvn\u00fatra von a zdola nahor.<\/p>\n<p><strong>Tip:<\/strong> Pred aplik\u00e1ciou Platinum aplikujte Blue Light Defender na \u00fa\u010dinn\u00fa ochranu poko\u017eky pred starnut\u00edm sp\u00f4soben\u00fdm vystaven\u00edm modr\u00e9mu svetlu!<\/p>\n","protected":false},"excerpt":{"rendered":"<ul>\n<li>All-in-one kr\u00e9m pre mu\u017eov<\/li>\n<li>S hydrata\u010dn\u00fdm \u00fa\u010dinkom pre viac energie a omladenie<\/li>\n<li>Zvy\u0161uje produkciu kolag\u00e9nu a zni\u017euje h\u013abku vr\u00e1sok<\/li>\n<li>S vitam\u00ednom E, ktor\u00fd zlep\u0161uje objem poko\u017eky<\/li>\n<li>Odpor\u00fa\u010da sa pou\u017e\u00edva\u0165 zo \u017dehli\u010dkou Na Tv\u00e1r Zeitgard Pro<\/li>\n<li>Mno\u017estvo: 30 ml<\/li>\n<\/ul>\n<p>&nbsp;<\/p>\n","protected":false},"featured_media":5926,"comment_status":"open","ping_status":"closed","template":"","meta":{"_kad_blocks_custom_css":"","_kad_blocks_head_custom_js":"","_kad_blocks_body_custom_js":"","_kad_blocks_footer_custom_js":"","_kadence_starter_templates_imported_post":false,"_kad_post_transparent":"default","_kad_post_title":"","_kad_post_layout":"default","_kad_post_sidebar_id":"","_kad_post_content_style":"default","_kad_post_vertical_padding":"default","_kad_post_feature":"","_kad_post_feature_position":"","_kad_post_header":false,"_kad_post_footer":false,"_kad_post_classname":""},"product_brand":[],"product_cat":[276,378,331,270],"product_tag":[706],"class_list":{"0":"post-8801","1":"product","2":"type-product","3":"status-publish","4":"has-post-thumbnail","6":"product_cat-muzi-nad-25-rokov","7":"product_cat-platinum-sk","8":"product_cat-produkty-proti-starnutiu","9":"product_cat-starostlivost-proti-starnutiu","10":"product_tag-na-vrasky-na-tvari","12":"first","13":"instock","14":"taxable","15":"shipping-taxable","16":"purchasable","17":"product-type-simple","18":"entry","19":"content-bg","20":"loop-entry"},"yoast_head":"<!-- This site is optimized with the Yoast SEO Premium plugin v27.4 (Yoast SEO v27.4) - https:\/\/yoast.com\/product\/yoast-seo-premium-wordpress\/ -->\n<title>Platinum Kr\u00e9m Proti Starnutiu pre viac energie a omladenie pleti<\/title>\n<meta name=\"description\" content=\"Platinum Kr\u00e9m Proti Starnutiu Pre mu\u017eov od 25 rokov, so suchou a n\u00e1ro\u010dnou poko\u017ekou ktor\u00ed chc\u00fa redukova\u0165 vr\u00e1sky a kl\u00e1dnu d\u00f4raz na luxusn\u00fa starostlivost\" \/>\n<meta name=\"robots\" content=\"index, follow, max-snippet:-1, max-image-preview:large, max-video-preview:-1\" \/>\n<link rel=\"canonical\" href=\"https:\/\/www.lraloeverashop.eu\/sk\/produkt\/platinum-krem-proti-starnutiu\/\" \/>\n<meta property=\"og:locale\" content=\"sk_SK\" \/>\n<meta property=\"og:type\" content=\"article\" \/>\n<meta property=\"og:title\" content=\"Platinum Kr\u00e9m Proti Starnutiu\" \/>\n<meta property=\"og:description\" content=\"Platinum Kr\u00e9m Proti Starnutiu Pre mu\u017eov od 25 rokov, so suchou a n\u00e1ro\u010dnou poko\u017ekou ktor\u00ed chc\u00fa redukova\u0165 vr\u00e1sky a kl\u00e1dnu d\u00f4raz na luxusn\u00fa starostlivost\" \/>\n<meta property=\"og:url\" content=\"https:\/\/www.lraloeverashop.eu\/sk\/produkt\/platinum-krem-proti-starnutiu\/\" \/>\n<meta property=\"og:site_name\" content=\"Lr Obchod Aloe Vera\" \/>\n<meta property=\"article:publisher\" content=\"https:\/\/www.facebook.com\/lraloeverashop.eu\" \/>\n<meta property=\"article:modified_time\" content=\"2025-11-22T09:14:04+00:00\" \/>\n<meta property=\"og:image\" content=\"https:\/\/www.lraloeverashop.eu\/wp-content\/uploads\/2022\/10\/Platinum-Men-Cream.jpg\" \/>\n\t<meta property=\"og:image:width\" content=\"1200\" \/>\n\t<meta property=\"og:image:height\" content=\"1200\" \/>\n\t<meta property=\"og:image:type\" content=\"image\/jpeg\" \/>\n<meta name=\"twitter:card\" content=\"summary_large_image\" \/>\n<meta name=\"twitter:site\" content=\"@natur__kosmetik\" \/>\n<script type=\"application\/ld+json\" class=\"yoast-schema-graph\">{\"@context\":\"https:\\\/\\\/schema.org\",\"@graph\":[{\"@type\":[\"WebPage\",\"ItemPage\"],\"@id\":\"https:\\\/\\\/www.lraloeverashop.eu\\\/sk\\\/produkt\\\/platinum-krem-proti-starnutiu\\\/\",\"url\":\"https:\\\/\\\/www.lraloeverashop.eu\\\/sk\\\/produkt\\\/platinum-krem-proti-starnutiu\\\/\",\"name\":\"Platinum Kr\u00e9m Proti Starnutiu pre viac energie a omladenie pleti\",\"isPartOf\":{\"@id\":\"https:\\\/\\\/www.lraloeverashop.eu\\\/sk\\\/#website\"},\"primaryImageOfPage\":{\"@id\":\"https:\\\/\\\/www.lraloeverashop.eu\\\/sk\\\/produkt\\\/platinum-krem-proti-starnutiu\\\/#primaryimage\"},\"image\":{\"@id\":\"https:\\\/\\\/www.lraloeverashop.eu\\\/sk\\\/produkt\\\/platinum-krem-proti-starnutiu\\\/#primaryimage\"},\"thumbnailUrl\":\"https:\\\/\\\/www.lraloeverashop.eu\\\/wp-content\\\/uploads\\\/2022\\\/10\\\/Platinum-Men-Cream.jpg\",\"datePublished\":\"2022-10-20T10:26:37+00:00\",\"dateModified\":\"2025-11-22T09:14:04+00:00\",\"description\":\"Platinum Kr\u00e9m Proti Starnutiu Pre mu\u017eov od 25 rokov, so suchou a n\u00e1ro\u010dnou poko\u017ekou ktor\u00ed chc\u00fa redukova\u0165 vr\u00e1sky a kl\u00e1dnu d\u00f4raz na luxusn\u00fa starostlivost\",\"breadcrumb\":{\"@id\":\"https:\\\/\\\/www.lraloeverashop.eu\\\/sk\\\/produkt\\\/platinum-krem-proti-starnutiu\\\/#breadcrumb\"},\"inLanguage\":\"sk-SK\",\"potentialAction\":[{\"@type\":\"ReadAction\",\"target\":[\"https:\\\/\\\/www.lraloeverashop.eu\\\/sk\\\/produkt\\\/platinum-krem-proti-starnutiu\\\/\"]}]},{\"@type\":\"ImageObject\",\"inLanguage\":\"sk-SK\",\"@id\":\"https:\\\/\\\/www.lraloeverashop.eu\\\/sk\\\/produkt\\\/platinum-krem-proti-starnutiu\\\/#primaryimage\",\"url\":\"https:\\\/\\\/www.lraloeverashop.eu\\\/wp-content\\\/uploads\\\/2022\\\/10\\\/Platinum-Men-Cream.jpg\",\"contentUrl\":\"https:\\\/\\\/www.lraloeverashop.eu\\\/wp-content\\\/uploads\\\/2022\\\/10\\\/Platinum-Men-Cream.jpg\",\"width\":1200,\"height\":1200,\"caption\":\"Kr\u00e9m proti starnutiu pre mu\u017eov Platinum\"},{\"@type\":\"BreadcrumbList\",\"@id\":\"https:\\\/\\\/www.lraloeverashop.eu\\\/sk\\\/produkt\\\/platinum-krem-proti-starnutiu\\\/#breadcrumb\",\"itemListElement\":[{\"@type\":\"ListItem\",\"position\":1,\"name\":\"Home\",\"item\":\"https:\\\/\\\/www.lraloeverashop.eu\\\/sk\\\/\"},{\"@type\":\"ListItem\",\"position\":2,\"name\":\"Obchod\",\"item\":\"https:\\\/\\\/www.lraloeverashop.eu\\\/shop\\\/\"},{\"@type\":\"ListItem\",\"position\":3,\"name\":\"Platinum Kr\u00e9m Proti Starnutiu\"}]},{\"@type\":\"WebSite\",\"@id\":\"https:\\\/\\\/www.lraloeverashop.eu\\\/sk\\\/#website\",\"url\":\"https:\\\/\\\/www.lraloeverashop.eu\\\/sk\\\/\",\"name\":\"Lr Obchod Aloe Vera\",\"description\":\"High Quality Lr Aloe Vera Gel, Aloe Vera Cream and Shampoo\",\"publisher\":{\"@id\":\"https:\\\/\\\/www.lraloeverashop.eu\\\/sk\\\/#organization\"},\"potentialAction\":[{\"@type\":\"SearchAction\",\"target\":{\"@type\":\"EntryPoint\",\"urlTemplate\":\"https:\\\/\\\/www.lraloeverashop.eu\\\/sk\\\/?s={search_term_string}\"},\"query-input\":{\"@type\":\"PropertyValueSpecification\",\"valueRequired\":true,\"valueName\":\"search_term_string\"}}],\"inLanguage\":\"sk-SK\"},{\"@type\":\"Organization\",\"@id\":\"https:\\\/\\\/www.lraloeverashop.eu\\\/sk\\\/#organization\",\"name\":\"Lr Obchod Aloe Vera\",\"alternateName\":\"LR\",\"url\":\"https:\\\/\\\/www.lraloeverashop.eu\\\/sk\\\/\",\"logo\":{\"@type\":\"ImageObject\",\"inLanguage\":\"sk-SK\",\"@id\":\"https:\\\/\\\/www.lraloeverashop.eu\\\/sk\\\/#\\\/schema\\\/logo\\\/image\\\/\",\"url\":\"https:\\\/\\\/www.lraloeverashop.eu\\\/wp-content\\\/uploads\\\/2022\\\/09\\\/cropped-Lr-Aloe-Vera-Shop.jpg\",\"contentUrl\":\"https:\\\/\\\/www.lraloeverashop.eu\\\/wp-content\\\/uploads\\\/2022\\\/09\\\/cropped-Lr-Aloe-Vera-Shop.jpg\",\"width\":228,\"height\":76,\"caption\":\"Lr Obchod Aloe Vera\"},\"image\":{\"@id\":\"https:\\\/\\\/www.lraloeverashop.eu\\\/sk\\\/#\\\/schema\\\/logo\\\/image\\\/\"},\"sameAs\":[\"https:\\\/\\\/www.facebook.com\\\/lraloeverashop.eu\",\"https:\\\/\\\/x.com\\\/natur__kosmetik\",\"https:\\\/\\\/www.youtube.com\\\/channel\\\/UC5oN7BJ8nfYb8RpVtjwDEBA\",\"https:\\\/\\\/www.instagram.com\\\/lrbeautyeu\\\/\"]}]}<\/script>\n<meta property=\"product:price:amount\" content=\"48.59\" \/>\n<meta property=\"product:price:currency\" content=\"EUR\" \/>\n<meta property=\"og:availability\" content=\"instock\" \/>\n<meta property=\"product:availability\" content=\"instock\" \/>\n<meta property=\"product:retailer_item_id\" content=\"28449-1SK\" \/>\n<meta property=\"product:condition\" content=\"new\" \/>\n<!-- \/ Yoast SEO Premium plugin. -->","yoast_head_json":{"title":"Platinum Kr\u00e9m Proti Starnutiu pre viac energie a omladenie pleti","description":"Platinum Kr\u00e9m Proti Starnutiu Pre mu\u017eov od 25 rokov, so suchou a n\u00e1ro\u010dnou poko\u017ekou ktor\u00ed chc\u00fa redukova\u0165 vr\u00e1sky a kl\u00e1dnu d\u00f4raz na luxusn\u00fa starostlivost","robots":{"index":"index","follow":"follow","max-snippet":"max-snippet:-1","max-image-preview":"max-image-preview:large","max-video-preview":"max-video-preview:-1"},"canonical":"https:\/\/www.lraloeverashop.eu\/sk\/produkt\/platinum-krem-proti-starnutiu\/","og_locale":"sk_SK","og_type":"article","og_title":"Platinum Kr\u00e9m Proti Starnutiu","og_description":"Platinum Kr\u00e9m Proti Starnutiu Pre mu\u017eov od 25 rokov, so suchou a n\u00e1ro\u010dnou poko\u017ekou ktor\u00ed chc\u00fa redukova\u0165 vr\u00e1sky a kl\u00e1dnu d\u00f4raz na luxusn\u00fa starostlivost","og_url":"https:\/\/www.lraloeverashop.eu\/sk\/produkt\/platinum-krem-proti-starnutiu\/","og_site_name":"Lr Obchod Aloe Vera","article_publisher":"https:\/\/www.facebook.com\/lraloeverashop.eu","article_modified_time":"2025-11-22T09:14:04+00:00","og_image":[{"width":1200,"height":1200,"url":"https:\/\/www.lraloeverashop.eu\/wp-content\/uploads\/2022\/10\/Platinum-Men-Cream.jpg","type":"image\/jpeg"}],"twitter_card":"summary_large_image","twitter_site":"@natur__kosmetik","schema":{"@context":"https:\/\/schema.org","@graph":[{"@type":["WebPage","ItemPage"],"@id":"https:\/\/www.lraloeverashop.eu\/sk\/produkt\/platinum-krem-proti-starnutiu\/","url":"https:\/\/www.lraloeverashop.eu\/sk\/produkt\/platinum-krem-proti-starnutiu\/","name":"Platinum Kr\u00e9m Proti Starnutiu pre viac energie a omladenie pleti","isPartOf":{"@id":"https:\/\/www.lraloeverashop.eu\/sk\/#website"},"primaryImageOfPage":{"@id":"https:\/\/www.lraloeverashop.eu\/sk\/produkt\/platinum-krem-proti-starnutiu\/#primaryimage"},"image":{"@id":"https:\/\/www.lraloeverashop.eu\/sk\/produkt\/platinum-krem-proti-starnutiu\/#primaryimage"},"thumbnailUrl":"https:\/\/www.lraloeverashop.eu\/wp-content\/uploads\/2022\/10\/Platinum-Men-Cream.jpg","datePublished":"2022-10-20T10:26:37+00:00","dateModified":"2025-11-22T09:14:04+00:00","description":"Platinum Kr\u00e9m Proti Starnutiu Pre mu\u017eov od 25 rokov, so suchou a n\u00e1ro\u010dnou poko\u017ekou ktor\u00ed chc\u00fa redukova\u0165 vr\u00e1sky a kl\u00e1dnu d\u00f4raz na luxusn\u00fa starostlivost","breadcrumb":{"@id":"https:\/\/www.lraloeverashop.eu\/sk\/produkt\/platinum-krem-proti-starnutiu\/#breadcrumb"},"inLanguage":"sk-SK","potentialAction":[{"@type":"ReadAction","target":["https:\/\/www.lraloeverashop.eu\/sk\/produkt\/platinum-krem-proti-starnutiu\/"]}]},{"@type":"ImageObject","inLanguage":"sk-SK","@id":"https:\/\/www.lraloeverashop.eu\/sk\/produkt\/platinum-krem-proti-starnutiu\/#primaryimage","url":"https:\/\/www.lraloeverashop.eu\/wp-content\/uploads\/2022\/10\/Platinum-Men-Cream.jpg","contentUrl":"https:\/\/www.lraloeverashop.eu\/wp-content\/uploads\/2022\/10\/Platinum-Men-Cream.jpg","width":1200,"height":1200,"caption":"Kr\u00e9m proti starnutiu pre mu\u017eov Platinum"},{"@type":"BreadcrumbList","@id":"https:\/\/www.lraloeverashop.eu\/sk\/produkt\/platinum-krem-proti-starnutiu\/#breadcrumb","itemListElement":[{"@type":"ListItem","position":1,"name":"Home","item":"https:\/\/www.lraloeverashop.eu\/sk\/"},{"@type":"ListItem","position":2,"name":"Obchod","item":"https:\/\/www.lraloeverashop.eu\/shop\/"},{"@type":"ListItem","position":3,"name":"Platinum Kr\u00e9m Proti Starnutiu"}]},{"@type":"WebSite","@id":"https:\/\/www.lraloeverashop.eu\/sk\/#website","url":"https:\/\/www.lraloeverashop.eu\/sk\/","name":"Lr Obchod Aloe Vera","description":"High Quality Lr Aloe Vera Gel, Aloe Vera Cream and Shampoo","publisher":{"@id":"https:\/\/www.lraloeverashop.eu\/sk\/#organization"},"potentialAction":[{"@type":"SearchAction","target":{"@type":"EntryPoint","urlTemplate":"https:\/\/www.lraloeverashop.eu\/sk\/?s={search_term_string}"},"query-input":{"@type":"PropertyValueSpecification","valueRequired":true,"valueName":"search_term_string"}}],"inLanguage":"sk-SK"},{"@type":"Organization","@id":"https:\/\/www.lraloeverashop.eu\/sk\/#organization","name":"Lr Obchod Aloe Vera","alternateName":"LR","url":"https:\/\/www.lraloeverashop.eu\/sk\/","logo":{"@type":"ImageObject","inLanguage":"sk-SK","@id":"https:\/\/www.lraloeverashop.eu\/sk\/#\/schema\/logo\/image\/","url":"https:\/\/www.lraloeverashop.eu\/wp-content\/uploads\/2022\/09\/cropped-Lr-Aloe-Vera-Shop.jpg","contentUrl":"https:\/\/www.lraloeverashop.eu\/wp-content\/uploads\/2022\/09\/cropped-Lr-Aloe-Vera-Shop.jpg","width":228,"height":76,"caption":"Lr Obchod Aloe Vera"},"image":{"@id":"https:\/\/www.lraloeverashop.eu\/sk\/#\/schema\/logo\/image\/"},"sameAs":["https:\/\/www.facebook.com\/lraloeverashop.eu","https:\/\/x.com\/natur__kosmetik","https:\/\/www.youtube.com\/channel\/UC5oN7BJ8nfYb8RpVtjwDEBA","https:\/\/www.instagram.com\/lrbeautyeu\/"]}]},"product_price_amount":"48.59","product_price_currency":"EUR","og_availability":"instock","product_availability":"instock","product_retailer_item_id":"28449-1SK","product_condition":"new"},"taxonomy_info":{"product_cat":[{"value":276,"label":"Mu\u017ei nad 25 rokov"},{"value":378,"label":"Platinum"},{"value":331,"label":"Produkty proti starnutiu"},{"value":270,"label":"Starostlivos\u0165 proti starnutiu"}],"product_tag":[{"value":706,"label":"na vr\u00e1sky na tv\u00e1ri"}]},"featured_image_src_large":["https:\/\/www.lraloeverashop.eu\/wp-content\/uploads\/2022\/10\/Platinum-Men-Cream-1024x1024.jpg",1024,1024,true],"author_info":[],"comment_info":0,"_links":{"self":[{"href":"https:\/\/www.lraloeverashop.eu\/sk\/wp-json\/wp\/v2\/product\/8801","targetHints":{"allow":["GET"]}}],"collection":[{"href":"https:\/\/www.lraloeverashop.eu\/sk\/wp-json\/wp\/v2\/product"}],"about":[{"href":"https:\/\/www.lraloeverashop.eu\/sk\/wp-json\/wp\/v2\/types\/product"}],"replies":[{"embeddable":true,"href":"https:\/\/www.lraloeverashop.eu\/sk\/wp-json\/wp\/v2\/comments?post=8801"}],"wp:featuredmedia":[{"embeddable":true,"href":"https:\/\/www.lraloeverashop.eu\/sk\/wp-json\/wp\/v2\/media\/5926"}],"wp:attachment":[{"href":"https:\/\/www.lraloeverashop.eu\/sk\/wp-json\/wp\/v2\/media?parent=8801"}],"wp:term":[{"taxonomy":"product_brand","embeddable":true,"href":"https:\/\/www.lraloeverashop.eu\/sk\/wp-json\/wp\/v2\/product_brand?post=8801"},{"taxonomy":"product_cat","embeddable":true,"href":"https:\/\/www.lraloeverashop.eu\/sk\/wp-json\/wp\/v2\/product_cat?post=8801"},{"taxonomy":"product_tag","embeddable":true,"href":"https:\/\/www.lraloeverashop.eu\/sk\/wp-json\/wp\/v2\/product_tag?post=8801"}],"curies":[{"name":"wp","href":"https:\/\/api.w.org\/{rel}","templated":true}]}}