{"id":8769,"date":"2022-10-20T15:16:16","date_gmt":"2022-10-20T13:16:16","guid":{"rendered":"https:\/\/www.lraloeverashop.eu\/product\/zeitgard-pro-na-cistenie-pleti\/"},"modified":"2025-12-15T09:10:01","modified_gmt":"2025-12-15T08:10:01","slug":"zeitgard-pro-na-cistenie-pleti","status":"publish","type":"product","link":"https:\/\/www.lraloeverashop.eu\/sk\/produkt\/zeitgard-pro-na-cistenie-pleti\/","title":{"rendered":"Zeitgard Pro Na \u010cistenie Pleti"},"content":{"rendered":"<h2><span style=\"font-size: 16pt;\"><strong>Zeitgard Pro Na \u010cistenie Pleti <\/strong><\/span><\/h2>\n<p><span style=\"font-size: 14pt;\"><strong>Zeitgard Pro Na \u010cistenie Pleti &#8211; Profesion\u00e1lna \u010distiaca kefka na jemn\u00e9 h\u013abkov\u00e9 \u010distenie poko\u017eky tv\u00e1re!<\/strong><\/span><\/p>\n<p>D\u00f4kladn\u00e9 \u010distenie pomocou Zeitgard Pro Na \u010cistenie Pleti je obzvl\u00e1\u0161\u0165 d\u00f4le\u017eit\u00e9, preto\u017ee jemn\u00e9 \u010diasto\u010dky ne\u010dist\u00f4t a zvy\u0161ky make-upu ovplyv\u0148uj\u00fa poko\u017eku.<\/p>\n<p>V\u010faka technol\u00f3gii Microsilver v\u00e1m \u010distiaca kefka na tv\u00e1r Zeitgard Pro poskytne zdrav\u00e9 \u010distenie tv\u00e1re a\u017e po dobu 3 mesiacov. Potom mus\u00edte <a href=\"https:\/\/www.lraloeverashop.eu\/sk\/produkt\/zeitgard-pro-adapter-s-kefkou\/\">kefku<\/a> vymeni\u0165 za nov\u00fa, ktor\u00e1 v\u00e1m op\u00e4\u0165 pon\u00fakne ide\u00e1lne \u010distenie tv\u00e1re. S kefkou na tv\u00e1r Zeitgard Pro si u\u017eijete jemn\u00e9 a efekt\u00edvne \u010distenie zaka\u017ed\u00fdm.<\/p>\n<p>Sta\u010d\u00ed odstr\u00e1ni\u0165 pou\u017eit\u00fa kefu z Pristroja a umiestni\u0165 nov\u00fa a va\u0161 <a href=\"https:\/\/www.lraloeverashop.eu\/sk\/produkt\/zeitgard-pro-set-na-cistenie-tvare\/\">\u010cisti\u010d Tv\u00e1re Zeitgard Pro<\/a> bude op\u00e4\u0165 nov\u00fd! Antibakteri\u00e1lna technol\u00f3gia Microsilver, ktor\u00fa obsahuj\u00fa vl\u00e1kna kefky, poskytuje ochranu pred bakt\u00e9riami.<\/p>\n<p><img loading=\"lazy\" decoding=\"async\" class=\"aligncenter wp-image-3133\" src=\"https:\/\/www.lraloeverashop.eu\/wp-content\/uploads\/2022\/10\/Lr-Zeitgard-Pro-Face-Cleansing-Brush-in-use-1024x360.jpg\" alt=\"Lr Zeitgard Pro Face Cleansing Brush in use\" width=\"1254\" height=\"441\" srcset=\"https:\/\/www.lraloeverashop.eu\/wp-content\/uploads\/2022\/10\/Lr-Zeitgard-Pro-Face-Cleansing-Brush-in-use-1024x360.jpg 1024w, https:\/\/www.lraloeverashop.eu\/wp-content\/uploads\/2022\/10\/Lr-Zeitgard-Pro-Face-Cleansing-Brush-in-use-600x211.jpg 600w, https:\/\/www.lraloeverashop.eu\/wp-content\/uploads\/2022\/10\/Lr-Zeitgard-Pro-Face-Cleansing-Brush-in-use-300x105.jpg 300w, https:\/\/www.lraloeverashop.eu\/wp-content\/uploads\/2022\/10\/Lr-Zeitgard-Pro-Face-Cleansing-Brush-in-use-768x270.jpg 768w, https:\/\/www.lraloeverashop.eu\/wp-content\/uploads\/2022\/10\/Lr-Zeitgard-Pro-Face-Cleansing-Brush-in-use-1536x540.jpg 1536w, https:\/\/www.lraloeverashop.eu\/wp-content\/uploads\/2022\/10\/Lr-Zeitgard-Pro-Face-Cleansing-Brush-in-use-2048x720.jpg 2048w\" sizes=\"auto, (max-width: 1254px) 100vw, 1254px\" \/><\/p>\n<p>&nbsp;<\/p>\n<h3><span style=\"font-size: 16pt;\"><strong>Ako ho pou\u017e\u00edva\u0165<\/strong><\/span><\/h3>\n<p><strong>KROK 1:<\/strong><br \/>\nPred pou\u017eit\u00edm si navlh\u010dite tv\u00e1r vodou a rozotrite na ple\u0165 \u010distiaci kr\u00e9m Lr Zeitgard.<br \/>\nZapnite Zeitgard Pro Na \u010cistenie Pleti a za\u010dnite jemne \u010disti\u0165 \u013eav\u00fa a prav\u00fa stranu tv\u00e1re a \u010delo (T-z\u00f3na), ka\u017ed\u00e9 asi 20 sek\u00fand.<\/p>\n<p><strong>KROK 2:<\/strong><br \/>\nPo o\u010disten\u00ed vyjasnite poko\u017eku tv\u00e1re <a href=\"https:\/\/www.lraloeverashop.eu\/sk\/produkt\/pletova-voda-zeitgard-pro\/\">ple\u0165ov\u00fdm tonikom Lr Zeitgard<\/a>.<\/p>\n<p>&nbsp;<\/p>\n<h4><span style=\"font-size: 16pt;\"><strong>Vedeli ste?<\/strong><\/span><\/h4>\n<p>\u0160t\u00fadie* dokazuj\u00fa: \u010cistiaca kefka na tv\u00e1r Zeitgard Pro je vysoko \u00fa\u010dinn\u00fdm \u010distiacim prostriedkom pre ple\u0165, ktor\u00e1 je \u010dist\u00e1 a\u017e po p\u00f3ry. \u010cist\u00ed poko\u017eku tv\u00e1re a\u017e 10-kr\u00e1t \u00fa\u010dinnej\u0161ie ako be\u017en\u00e9 manu\u00e1lne \u010distenie.<\/p>\n<p>Vl\u00e1kna kefky osciluj\u00fa s viac ako 7 000 pohybmi za min\u00fatu a odstra\u0148uj\u00fa z pleti aj siln\u00e9 ne\u010distoty a make-up. Pre vidite\u013ene a udr\u017eate\u013ene upraven\u00fa ple\u0165.<\/p>\n<p>Jedine\u010dn\u00fd hygienick\u00fd koncept Zeitgard bol testovan\u00fd renomovan\u00fdm nemeck\u00fdm in\u0161tit\u00fatom**. Vl\u00e1kna hlavice <a href=\"https:\/\/www.lraloeverashop.eu\/sk\/produkt\/cistiaca-kefka-na-tvar-zeitgard-pro\/\">kefky<\/a>, \u0161peci\u00e1lne vyvinut\u00e1 pre LR, s\u00fa o\u0161etren\u00e9 antibakteri\u00e1lnym Microsilver BG\u2122. Vydr\u017eia hygienicky dokonal\u00e9 a\u017e 3 mesiace.<\/p>\n<p>*Vedeck\u00e1 \u0161t\u00fadia vykonan\u00e1 renomovan\u00fdm in\u0161tit\u00fatom Dermatest GmbH. Doba pod\u00e1vania \u017eiadost\u00ed: 6 t\u00fd\u017ed\u0148ov (koniec janu\u00e1ra a\u017e za\u010diatok marca 2015), po\u010det os\u00f4b: 40<\/p>\n","protected":false},"excerpt":{"rendered":"<ul>\n<li>Sada obsahuje 1 x Kozmetick\u00fd Pr\u00edstroj Zeitgard Pro, 1 x kefku na \u010distenie tv\u00e1re a 1 x adapt\u00e9r<\/li>\n<li>\u010cist\u00ed ple\u0165 a\u017e 10-kr\u00e1t \u00fa\u010dinnej\u0161ie ako ru\u010dn\u00e9 \u010distenie<\/li>\n<li>Dosahuje rafinovan\u00fd, vyhladen\u00fd vzh\u013ead poko\u017eky, optim\u00e1lne pripraven\u00fa na starostlivos\u0165<\/li>\n<li>Zo s\u00e9rie starostlivosti o ple\u0165 Zeitgard Pro<\/li>\n<li>\u0160t\u00fadio kr\u00e1sy doma<\/li>\n<li>Vyroben\u00e9 v Nemecku<\/li>\n<\/ul>\n<p>&nbsp;<\/p>\n","protected":false},"featured_media":6004,"comment_status":"open","ping_status":"closed","template":"","meta":{"_kad_blocks_custom_css":"","_kad_blocks_head_custom_js":"","_kad_blocks_body_custom_js":"","_kad_blocks_footer_custom_js":"","_kadence_starter_templates_imported_post":false,"_kad_post_transparent":"default","_kad_post_title":"","_kad_post_layout":"default","_kad_post_sidebar_id":"","_kad_post_content_style":"default","_kad_post_vertical_padding":"default","_kad_post_feature":"","_kad_post_feature_position":"","_kad_post_header":false,"_kad_post_footer":false,"_kad_post_classname":""},"product_brand":[],"product_cat":[276,270,360,288,282],"product_tag":[680],"class_list":{"0":"post-8769","1":"product","2":"type-product","3":"status-publish","4":"has-post-thumbnail","6":"product_cat-muzi-nad-25-rokov","7":"product_cat-starostlivost-proti-starnutiu","8":"product_cat-zeitgard-pro-sk","9":"product_cat-zeny-do-40","10":"product_cat-zeny-nad-40-rokov","11":"product_tag-na-cistenie-tvare","13":"first","14":"instock","15":"taxable","16":"shipping-taxable","17":"purchasable","18":"product-type-simple","19":"entry","20":"content-bg","21":"loop-entry"},"yoast_head":"<!-- This site is optimized with the Yoast SEO Premium plugin v27.4 (Yoast SEO v27.4) - https:\/\/yoast.com\/product\/yoast-seo-premium-wordpress\/ -->\n<title>Zeitgard Pro Na \u010cistenie Pleti 10-kr\u00e1t \u00fa\u010dinnej\u0161i ako ru\u010dn\u00e9 \u010distenie<\/title>\n<meta name=\"description\" content=\"\u0160t\u00fadie dokazuj\u00fa \u017ee Zeitgard Pro na \u010cistenie Pleti je vysoko \u00fa\u010dinn\u00fdm \u010distiacim prostriedkom pre ple\u0165, ktoru vy\u010disti a\u017e po p\u00f3ry. \u0160t\u00fadio kr\u00e1sy doma\" \/>\n<meta name=\"robots\" content=\"index, follow, max-snippet:-1, max-image-preview:large, max-video-preview:-1\" \/>\n<link rel=\"canonical\" href=\"https:\/\/www.lraloeverashop.eu\/sk\/produkt\/zeitgard-pro-na-cistenie-pleti\/\" \/>\n<meta property=\"og:locale\" content=\"sk_SK\" \/>\n<meta property=\"og:type\" content=\"article\" \/>\n<meta property=\"og:title\" content=\"Zeitgard Pro Na \u010cistenie Pleti\" \/>\n<meta property=\"og:description\" content=\"\u0160t\u00fadie dokazuj\u00fa \u017ee Zeitgard Pro na \u010cistenie Pleti je vysoko \u00fa\u010dinn\u00fdm \u010distiacim prostriedkom pre ple\u0165, ktoru vy\u010disti a\u017e po p\u00f3ry. \u0160t\u00fadio kr\u00e1sy doma\" \/>\n<meta property=\"og:url\" content=\"https:\/\/www.lraloeverashop.eu\/sk\/produkt\/zeitgard-pro-na-cistenie-pleti\/\" \/>\n<meta property=\"og:site_name\" content=\"Lr Obchod Aloe Vera\" \/>\n<meta property=\"article:publisher\" content=\"https:\/\/www.facebook.com\/lraloeverashop.eu\" \/>\n<meta property=\"article:modified_time\" content=\"2025-12-15T08:10:01+00:00\" \/>\n<meta property=\"og:image\" content=\"https:\/\/www.lraloeverashop.eu\/wp-content\/uploads\/2022\/10\/Zeitgard-Skin-Cleansing-Kit.jpg\" \/>\n\t<meta property=\"og:image:width\" content=\"1200\" \/>\n\t<meta property=\"og:image:height\" content=\"1200\" \/>\n\t<meta property=\"og:image:type\" content=\"image\/jpeg\" \/>\n<meta name=\"twitter:card\" content=\"summary_large_image\" \/>\n<meta name=\"twitter:site\" content=\"@natur__kosmetik\" \/>\n<script type=\"application\/ld+json\" class=\"yoast-schema-graph\">{\"@context\":\"https:\\\/\\\/schema.org\",\"@graph\":[{\"@type\":[\"WebPage\",\"ItemPage\"],\"@id\":\"https:\\\/\\\/www.lraloeverashop.eu\\\/sk\\\/produkt\\\/zeitgard-pro-na-cistenie-pleti\\\/\",\"url\":\"https:\\\/\\\/www.lraloeverashop.eu\\\/sk\\\/produkt\\\/zeitgard-pro-na-cistenie-pleti\\\/\",\"name\":\"Zeitgard Pro Na \u010cistenie Pleti 10-kr\u00e1t \u00fa\u010dinnej\u0161i ako ru\u010dn\u00e9 \u010distenie\",\"isPartOf\":{\"@id\":\"https:\\\/\\\/www.lraloeverashop.eu\\\/sk\\\/#website\"},\"primaryImageOfPage\":{\"@id\":\"https:\\\/\\\/www.lraloeverashop.eu\\\/sk\\\/produkt\\\/zeitgard-pro-na-cistenie-pleti\\\/#primaryimage\"},\"image\":{\"@id\":\"https:\\\/\\\/www.lraloeverashop.eu\\\/sk\\\/produkt\\\/zeitgard-pro-na-cistenie-pleti\\\/#primaryimage\"},\"thumbnailUrl\":\"https:\\\/\\\/www.lraloeverashop.eu\\\/wp-content\\\/uploads\\\/2022\\\/10\\\/Zeitgard-Skin-Cleansing-Kit.jpg\",\"datePublished\":\"2022-10-20T13:16:16+00:00\",\"dateModified\":\"2025-12-15T08:10:01+00:00\",\"description\":\"\u0160t\u00fadie dokazuj\u00fa \u017ee Zeitgard Pro na \u010cistenie Pleti je vysoko \u00fa\u010dinn\u00fdm \u010distiacim prostriedkom pre ple\u0165, ktoru vy\u010disti a\u017e po p\u00f3ry. \u0160t\u00fadio kr\u00e1sy doma\",\"breadcrumb\":{\"@id\":\"https:\\\/\\\/www.lraloeverashop.eu\\\/sk\\\/produkt\\\/zeitgard-pro-na-cistenie-pleti\\\/#breadcrumb\"},\"inLanguage\":\"sk-SK\",\"potentialAction\":[{\"@type\":\"ReadAction\",\"target\":[\"https:\\\/\\\/www.lraloeverashop.eu\\\/sk\\\/produkt\\\/zeitgard-pro-na-cistenie-pleti\\\/\"]}]},{\"@type\":\"ImageObject\",\"inLanguage\":\"sk-SK\",\"@id\":\"https:\\\/\\\/www.lraloeverashop.eu\\\/sk\\\/produkt\\\/zeitgard-pro-na-cistenie-pleti\\\/#primaryimage\",\"url\":\"https:\\\/\\\/www.lraloeverashop.eu\\\/wp-content\\\/uploads\\\/2022\\\/10\\\/Zeitgard-Skin-Cleansing-Kit.jpg\",\"contentUrl\":\"https:\\\/\\\/www.lraloeverashop.eu\\\/wp-content\\\/uploads\\\/2022\\\/10\\\/Zeitgard-Skin-Cleansing-Kit.jpg\",\"width\":1200,\"height\":1200,\"caption\":\"Sada na \u010distenie pleti Zeitgard Pro\"},{\"@type\":\"BreadcrumbList\",\"@id\":\"https:\\\/\\\/www.lraloeverashop.eu\\\/sk\\\/produkt\\\/zeitgard-pro-na-cistenie-pleti\\\/#breadcrumb\",\"itemListElement\":[{\"@type\":\"ListItem\",\"position\":1,\"name\":\"Home\",\"item\":\"https:\\\/\\\/www.lraloeverashop.eu\\\/sk\\\/\"},{\"@type\":\"ListItem\",\"position\":2,\"name\":\"Obchod\",\"item\":\"https:\\\/\\\/www.lraloeverashop.eu\\\/shop\\\/\"},{\"@type\":\"ListItem\",\"position\":3,\"name\":\"Zeitgard Pro Na \u010cistenie Pleti\"}]},{\"@type\":\"WebSite\",\"@id\":\"https:\\\/\\\/www.lraloeverashop.eu\\\/sk\\\/#website\",\"url\":\"https:\\\/\\\/www.lraloeverashop.eu\\\/sk\\\/\",\"name\":\"Lr Obchod Aloe Vera\",\"description\":\"High Quality Lr Aloe Vera Gel, Aloe Vera Cream and Shampoo\",\"publisher\":{\"@id\":\"https:\\\/\\\/www.lraloeverashop.eu\\\/sk\\\/#organization\"},\"potentialAction\":[{\"@type\":\"SearchAction\",\"target\":{\"@type\":\"EntryPoint\",\"urlTemplate\":\"https:\\\/\\\/www.lraloeverashop.eu\\\/sk\\\/?s={search_term_string}\"},\"query-input\":{\"@type\":\"PropertyValueSpecification\",\"valueRequired\":true,\"valueName\":\"search_term_string\"}}],\"inLanguage\":\"sk-SK\"},{\"@type\":\"Organization\",\"@id\":\"https:\\\/\\\/www.lraloeverashop.eu\\\/sk\\\/#organization\",\"name\":\"Lr Obchod Aloe Vera\",\"alternateName\":\"LR\",\"url\":\"https:\\\/\\\/www.lraloeverashop.eu\\\/sk\\\/\",\"logo\":{\"@type\":\"ImageObject\",\"inLanguage\":\"sk-SK\",\"@id\":\"https:\\\/\\\/www.lraloeverashop.eu\\\/sk\\\/#\\\/schema\\\/logo\\\/image\\\/\",\"url\":\"https:\\\/\\\/www.lraloeverashop.eu\\\/wp-content\\\/uploads\\\/2022\\\/09\\\/cropped-Lr-Aloe-Vera-Shop.jpg\",\"contentUrl\":\"https:\\\/\\\/www.lraloeverashop.eu\\\/wp-content\\\/uploads\\\/2022\\\/09\\\/cropped-Lr-Aloe-Vera-Shop.jpg\",\"width\":228,\"height\":76,\"caption\":\"Lr Obchod Aloe Vera\"},\"image\":{\"@id\":\"https:\\\/\\\/www.lraloeverashop.eu\\\/sk\\\/#\\\/schema\\\/logo\\\/image\\\/\"},\"sameAs\":[\"https:\\\/\\\/www.facebook.com\\\/lraloeverashop.eu\",\"https:\\\/\\\/x.com\\\/natur__kosmetik\",\"https:\\\/\\\/www.youtube.com\\\/channel\\\/UC5oN7BJ8nfYb8RpVtjwDEBA\",\"https:\\\/\\\/www.instagram.com\\\/lrbeautyeu\\\/\"],\"description\":\"Obchod Lr Aloe Vera je va\u0161\u00edm d\u00f4veryhodn\u00fdm miestom pre pr\u00e9miov\u00e9 produkty LR Health & Beauty vyroben\u00e9 v Nemecku. Pon\u00fakame vysokokvalitn\u00e9 rie\u0161enia starostlivosti o ple\u0165 s Aloe Vera, v\u00fd\u017eivu a proti starnutiu, vyroben\u00e9 z \u010dist\u00fdch ingredienci\u00ed a podlo\u017een\u00e9 vedeck\u00fdm v\u00fdskumom. Objavte pr\u00edrodn\u00fa starostlivos\u0165, ktor\u00e1 regeneruje, chr\u00e1ni a revitalizuje va\u0161u ple\u0165 \u2013 a vyu\u017eite exkluz\u00edvne mesa\u010dn\u00e9 ponuky na na\u0161e najpred\u00e1vanej\u0161ie produkty LR Aloe Vera.\\nZa\u010dnite svoju cestu za pr\u00edrodnou starostlivos\u0165ou o ple\u0165 e\u0161te dnes a poc\u00ed\u0165te rozdiel.\",\"email\":\"info@lraloeverashop.eu\",\"telephone\":\"+49 17670609653\",\"legalName\":\"Lr Aloe Vera Shop\",\"foundingDate\":\"2018-04-21\",\"numberOfEmployees\":{\"@type\":\"QuantitativeValue\",\"minValue\":\"1\",\"maxValue\":\"10\"}}]}<\/script>\n<meta property=\"product:price:amount\" content=\"335.99\" \/>\n<meta property=\"product:price:currency\" content=\"EUR\" \/>\n<meta property=\"og:availability\" content=\"instock\" \/>\n<meta property=\"product:availability\" content=\"instock\" \/>\n<meta property=\"product:retailer_item_id\" content=\"70110-1SK\" \/>\n<meta property=\"product:condition\" content=\"new\" \/>\n<!-- \/ Yoast SEO Premium plugin. -->","yoast_head_json":{"title":"Zeitgard Pro Na \u010cistenie Pleti 10-kr\u00e1t \u00fa\u010dinnej\u0161i ako ru\u010dn\u00e9 \u010distenie","description":"\u0160t\u00fadie dokazuj\u00fa \u017ee Zeitgard Pro na \u010cistenie Pleti je vysoko \u00fa\u010dinn\u00fdm \u010distiacim prostriedkom pre ple\u0165, ktoru vy\u010disti a\u017e po p\u00f3ry. \u0160t\u00fadio kr\u00e1sy doma","robots":{"index":"index","follow":"follow","max-snippet":"max-snippet:-1","max-image-preview":"max-image-preview:large","max-video-preview":"max-video-preview:-1"},"canonical":"https:\/\/www.lraloeverashop.eu\/sk\/produkt\/zeitgard-pro-na-cistenie-pleti\/","og_locale":"sk_SK","og_type":"article","og_title":"Zeitgard Pro Na \u010cistenie Pleti","og_description":"\u0160t\u00fadie dokazuj\u00fa \u017ee Zeitgard Pro na \u010cistenie Pleti je vysoko \u00fa\u010dinn\u00fdm \u010distiacim prostriedkom pre ple\u0165, ktoru vy\u010disti a\u017e po p\u00f3ry. \u0160t\u00fadio kr\u00e1sy doma","og_url":"https:\/\/www.lraloeverashop.eu\/sk\/produkt\/zeitgard-pro-na-cistenie-pleti\/","og_site_name":"Lr Obchod Aloe Vera","article_publisher":"https:\/\/www.facebook.com\/lraloeverashop.eu","article_modified_time":"2025-12-15T08:10:01+00:00","og_image":[{"width":1200,"height":1200,"url":"https:\/\/www.lraloeverashop.eu\/wp-content\/uploads\/2022\/10\/Zeitgard-Skin-Cleansing-Kit.jpg","type":"image\/jpeg"}],"twitter_card":"summary_large_image","twitter_site":"@natur__kosmetik","schema":{"@context":"https:\/\/schema.org","@graph":[{"@type":["WebPage","ItemPage"],"@id":"https:\/\/www.lraloeverashop.eu\/sk\/produkt\/zeitgard-pro-na-cistenie-pleti\/","url":"https:\/\/www.lraloeverashop.eu\/sk\/produkt\/zeitgard-pro-na-cistenie-pleti\/","name":"Zeitgard Pro Na \u010cistenie Pleti 10-kr\u00e1t \u00fa\u010dinnej\u0161i ako ru\u010dn\u00e9 \u010distenie","isPartOf":{"@id":"https:\/\/www.lraloeverashop.eu\/sk\/#website"},"primaryImageOfPage":{"@id":"https:\/\/www.lraloeverashop.eu\/sk\/produkt\/zeitgard-pro-na-cistenie-pleti\/#primaryimage"},"image":{"@id":"https:\/\/www.lraloeverashop.eu\/sk\/produkt\/zeitgard-pro-na-cistenie-pleti\/#primaryimage"},"thumbnailUrl":"https:\/\/www.lraloeverashop.eu\/wp-content\/uploads\/2022\/10\/Zeitgard-Skin-Cleansing-Kit.jpg","datePublished":"2022-10-20T13:16:16+00:00","dateModified":"2025-12-15T08:10:01+00:00","description":"\u0160t\u00fadie dokazuj\u00fa \u017ee Zeitgard Pro na \u010cistenie Pleti je vysoko \u00fa\u010dinn\u00fdm \u010distiacim prostriedkom pre ple\u0165, ktoru vy\u010disti a\u017e po p\u00f3ry. \u0160t\u00fadio kr\u00e1sy doma","breadcrumb":{"@id":"https:\/\/www.lraloeverashop.eu\/sk\/produkt\/zeitgard-pro-na-cistenie-pleti\/#breadcrumb"},"inLanguage":"sk-SK","potentialAction":[{"@type":"ReadAction","target":["https:\/\/www.lraloeverashop.eu\/sk\/produkt\/zeitgard-pro-na-cistenie-pleti\/"]}]},{"@type":"ImageObject","inLanguage":"sk-SK","@id":"https:\/\/www.lraloeverashop.eu\/sk\/produkt\/zeitgard-pro-na-cistenie-pleti\/#primaryimage","url":"https:\/\/www.lraloeverashop.eu\/wp-content\/uploads\/2022\/10\/Zeitgard-Skin-Cleansing-Kit.jpg","contentUrl":"https:\/\/www.lraloeverashop.eu\/wp-content\/uploads\/2022\/10\/Zeitgard-Skin-Cleansing-Kit.jpg","width":1200,"height":1200,"caption":"Sada na \u010distenie pleti Zeitgard Pro"},{"@type":"BreadcrumbList","@id":"https:\/\/www.lraloeverashop.eu\/sk\/produkt\/zeitgard-pro-na-cistenie-pleti\/#breadcrumb","itemListElement":[{"@type":"ListItem","position":1,"name":"Home","item":"https:\/\/www.lraloeverashop.eu\/sk\/"},{"@type":"ListItem","position":2,"name":"Obchod","item":"https:\/\/www.lraloeverashop.eu\/shop\/"},{"@type":"ListItem","position":3,"name":"Zeitgard Pro Na \u010cistenie Pleti"}]},{"@type":"WebSite","@id":"https:\/\/www.lraloeverashop.eu\/sk\/#website","url":"https:\/\/www.lraloeverashop.eu\/sk\/","name":"Lr Obchod Aloe Vera","description":"High Quality Lr Aloe Vera Gel, Aloe Vera Cream and Shampoo","publisher":{"@id":"https:\/\/www.lraloeverashop.eu\/sk\/#organization"},"potentialAction":[{"@type":"SearchAction","target":{"@type":"EntryPoint","urlTemplate":"https:\/\/www.lraloeverashop.eu\/sk\/?s={search_term_string}"},"query-input":{"@type":"PropertyValueSpecification","valueRequired":true,"valueName":"search_term_string"}}],"inLanguage":"sk-SK"},{"@type":"Organization","@id":"https:\/\/www.lraloeverashop.eu\/sk\/#organization","name":"Lr Obchod Aloe Vera","alternateName":"LR","url":"https:\/\/www.lraloeverashop.eu\/sk\/","logo":{"@type":"ImageObject","inLanguage":"sk-SK","@id":"https:\/\/www.lraloeverashop.eu\/sk\/#\/schema\/logo\/image\/","url":"https:\/\/www.lraloeverashop.eu\/wp-content\/uploads\/2022\/09\/cropped-Lr-Aloe-Vera-Shop.jpg","contentUrl":"https:\/\/www.lraloeverashop.eu\/wp-content\/uploads\/2022\/09\/cropped-Lr-Aloe-Vera-Shop.jpg","width":228,"height":76,"caption":"Lr Obchod Aloe Vera"},"image":{"@id":"https:\/\/www.lraloeverashop.eu\/sk\/#\/schema\/logo\/image\/"},"sameAs":["https:\/\/www.facebook.com\/lraloeverashop.eu","https:\/\/x.com\/natur__kosmetik","https:\/\/www.youtube.com\/channel\/UC5oN7BJ8nfYb8RpVtjwDEBA","https:\/\/www.instagram.com\/lrbeautyeu\/"],"description":"Obchod Lr Aloe Vera je va\u0161\u00edm d\u00f4veryhodn\u00fdm miestom pre pr\u00e9miov\u00e9 produkty LR Health & Beauty vyroben\u00e9 v Nemecku. Pon\u00fakame vysokokvalitn\u00e9 rie\u0161enia starostlivosti o ple\u0165 s Aloe Vera, v\u00fd\u017eivu a proti starnutiu, vyroben\u00e9 z \u010dist\u00fdch ingredienci\u00ed a podlo\u017een\u00e9 vedeck\u00fdm v\u00fdskumom. Objavte pr\u00edrodn\u00fa starostlivos\u0165, ktor\u00e1 regeneruje, chr\u00e1ni a revitalizuje va\u0161u ple\u0165 \u2013 a vyu\u017eite exkluz\u00edvne mesa\u010dn\u00e9 ponuky na na\u0161e najpred\u00e1vanej\u0161ie produkty LR Aloe Vera.\nZa\u010dnite svoju cestu za pr\u00edrodnou starostlivos\u0165ou o ple\u0165 e\u0161te dnes a poc\u00ed\u0165te rozdiel.","email":"info@lraloeverashop.eu","telephone":"+49 17670609653","legalName":"Lr Aloe Vera Shop","foundingDate":"2018-04-21","numberOfEmployees":{"@type":"QuantitativeValue","minValue":"1","maxValue":"10"}}]},"product_price_amount":"335.99","product_price_currency":"EUR","og_availability":"instock","product_availability":"instock","product_retailer_item_id":"70110-1SK","product_condition":"new"},"taxonomy_info":{"product_cat":[{"value":276,"label":"Mu\u017ei nad 25 rokov"},{"value":270,"label":"Starostlivos\u0165 proti starnutiu"},{"value":360,"label":"Zeitgard Pro"},{"value":288,"label":"\u017deny do 40"},{"value":282,"label":"\u017deny nad 40 rokov"}],"product_tag":[{"value":680,"label":"na \u010distenie tv\u00e1re"}]},"featured_image_src_large":["https:\/\/www.lraloeverashop.eu\/wp-content\/uploads\/2022\/10\/Zeitgard-Skin-Cleansing-Kit-1024x1024.jpg",1024,1024,true],"author_info":[],"comment_info":0,"_links":{"self":[{"href":"https:\/\/www.lraloeverashop.eu\/sk\/wp-json\/wp\/v2\/product\/8769","targetHints":{"allow":["GET"]}}],"collection":[{"href":"https:\/\/www.lraloeverashop.eu\/sk\/wp-json\/wp\/v2\/product"}],"about":[{"href":"https:\/\/www.lraloeverashop.eu\/sk\/wp-json\/wp\/v2\/types\/product"}],"replies":[{"embeddable":true,"href":"https:\/\/www.lraloeverashop.eu\/sk\/wp-json\/wp\/v2\/comments?post=8769"}],"wp:featuredmedia":[{"embeddable":true,"href":"https:\/\/www.lraloeverashop.eu\/sk\/wp-json\/wp\/v2\/media\/6004"}],"wp:attachment":[{"href":"https:\/\/www.lraloeverashop.eu\/sk\/wp-json\/wp\/v2\/media?parent=8769"}],"wp:term":[{"taxonomy":"product_brand","embeddable":true,"href":"https:\/\/www.lraloeverashop.eu\/sk\/wp-json\/wp\/v2\/product_brand?post=8769"},{"taxonomy":"product_cat","embeddable":true,"href":"https:\/\/www.lraloeverashop.eu\/sk\/wp-json\/wp\/v2\/product_cat?post=8769"},{"taxonomy":"product_tag","embeddable":true,"href":"https:\/\/www.lraloeverashop.eu\/sk\/wp-json\/wp\/v2\/product_tag?post=8769"}],"curies":[{"name":"wp","href":"https:\/\/api.w.org\/{rel}","templated":true}]}}