{"id":8759,"date":"2022-10-21T14:17:50","date_gmt":"2022-10-21T12:17:50","guid":{"rendered":"https:\/\/www.lraloeverashop.eu\/product\/zehlicka-na-tvar-zeitgard-pro\/"},"modified":"2025-11-02T10:00:29","modified_gmt":"2025-11-02T09:00:29","slug":"zehlicka-na-tvar-zeitgard-pro","status":"publish","type":"product","link":"https:\/\/www.lraloeverashop.eu\/sk\/produkt\/zehlicka-na-tvar-zeitgard-pro\/","title":{"rendered":"\u017dehli\u010dka na Tv\u00e1r Zeitgard Pro"},"content":{"rendered":"<h2><span style=\"font-size: 16pt;\"><strong>\u017dehli\u010dka na tv\u00e1r Zeitgard Pro<\/strong><\/span><\/h2>\n<p><span style=\"font-size: 14pt;\"><strong>\u017dehli\u010dka na Tv\u00e1r Zeitgard Pro s \u00fa\u010dinkom proti starnutiu<\/strong><\/span><\/p>\n<p>S prib\u00fadaj\u00facim vekom sa \u010doraz viac prejavuj\u00fa n\u00e1sledky nedostato\u010dn\u00e9ho \u010distenia tv\u00e1re, nedostato\u010dnej starostlivosti o tv\u00e1r, nedostato\u010dnej ochrany pred slnkom, nespr\u00e1vnej v\u00fd\u017eivy \u010di oxida\u010dn\u00e9ho stresu. Okrem toho sa zvidite\u013e\u0148uj\u00fa biologick\u00e9 \u00fa\u010dinky procesov, ktor\u00e9 u\u017e nie s\u00fa plne funk\u010dn\u00e9 alebo s\u00fa spomalen\u00e9. \u201eOrganick\u00fd materi\u00e1l\u201c sa zmr\u0161\u0165uje, \u0161trukt\u00fara poko\u017eky str\u00e1ca nap\u00e4tie a mimika vyzer\u00e1 poklesnut\u00e1.<\/p>\n<p>Ultrazvukov\u00e9 vibr\u00e1cie s\u00fapravy a \u017dehli\u010dka na tv\u00e1r Zeitgard Pro p\u00f4sobia ako pas\u00edvny kont\u00farov\u00fd tr\u00e9ning pre va\u0161e tv\u00e1rov\u00e9 svaly, vr\u00e1tia prepadnut\u00e9 oblasti poko\u017eky sp\u00e4\u0165 do tvaru, podporuj\u00fa prietok krvi, akt\u00edvne stimuluj\u00fa spomalen\u00e9 bioprocesy v tkanive a zdvojn\u00e1sobuj\u00fa telu vlastn\u00fa tvorbu <a href=\"https:\/\/www.lraloeverashop.eu\/sk\/produkt\/lr-elixir-krasy\/\">kolag\u00e9nu a elast\u00ednu<\/a>.<br \/>\nVa\u0161a poko\u017eka bude pevnej\u0161ia a tonizovanej\u0161ia. Pru\u017enos\u0165 poko\u017eky sa zvy\u0161uje a spojivov\u00e9 tkanivo sa nap\u00edna. Linky smiechu a such\u00e9 vr\u00e1sky s\u00fa redukovan\u00e9.<\/p>\n<h3><span style=\"font-size: 16pt;\"><strong>Ako sa pou\u017e\u00edva \u017dehli\u010dka na tv\u00e1r na vyhladenie Pleti<\/strong><\/span><\/h3>\n<p>Po d\u00f4kladnom vy\u010disten\u00ed tv\u00e1re s\u00fapravou na \u010distenie tv\u00e1re alebo n\u00e1stavcom na peeling na tv\u00e1r a ple\u0165ov\u00fdm tonikom Zeitgard je va\u0161a tv\u00e1r pripraven\u00e1 na individu\u00e1lnu starostlivos\u0165.<\/p>\n<p>Za\u010dnite aplik\u00e1ciou preferovan\u00e9ho s\u00e9ra a potom denn\u00e9ho kr\u00e9mu. Pomocou \u017dehli\u010dky na tv\u00e1r Zeitgard Pro pomaly vmas\u00edrujte kr\u00e9m do l\u00ed\u010dok a T-z\u00f3ny.<\/p>\n<p>Potom naneste o\u010dn\u00fd kr\u00e9m. Na vmas\u00edrovanie do poko\u017eky m\u00f4\u017eete op\u00e4\u0165 pou\u017ei\u0165 s\u00fapravu na vyhladenie tv\u00e1re.<\/p>\n<p>Denn\u00fd kr\u00e9m Beauty Diamonds odpor\u00fa\u010dame pou\u017e\u00edva\u0165, ak m\u00e1te viac ako 40 rokov. Spev\u0148uj\u00faci kr\u00e9m proti starnutiu z radu <a href=\"https:\/\/www.lraloeverashop.eu\/sk\/produkt\/beauty-diamonds-nocny-krem-proti-vraskam\/\">Beauty Diamonds<\/a> posil\u0148uje poko\u017eku \u013eud\u00ed vo veku 40 rokov a viac t\u00fdm, \u017ee stimuluje tvorbu kolag\u00e9nu, redukuje vr\u00e1sky a zabezpe\u010duje harmonick\u00e9 kont\u00fary tv\u00e1re.<\/p>\n<p>Rad Beauty Diamonds zaru\u010duje vyhladen\u00fa ple\u0165, pevn\u00e9 kont\u00fary a vlhkos\u0165ou vy\u017eiven\u00fa poko\u017eku a v\u010faka jedine\u010dn\u00e9mu syst\u00e9mu transportu akt\u00edvnych zlo\u017eiek m\u00f4\u017ee by\u0165 jeho \u00fa\u010dinok smerovan\u00fd priamo do ka\u017edej ko\u017enej bunky.<\/p>\n<p><img loading=\"lazy\" decoding=\"async\" class=\"aligncenter wp-image-3131\" src=\"https:\/\/www.lraloeverashop.eu\/wp-content\/uploads\/2022\/10\/Lr-Zeitgard-Pro-Anti-Aging-Device-in-use-1024x337.jpg\" alt=\"Lr Zeitgard Pro Anti Aging Device in use\" width=\"1170\" height=\"385\" srcset=\"https:\/\/www.lraloeverashop.eu\/wp-content\/uploads\/2022\/10\/Lr-Zeitgard-Pro-Anti-Aging-Device-in-use-1024x337.jpg 1024w, https:\/\/www.lraloeverashop.eu\/wp-content\/uploads\/2022\/10\/Lr-Zeitgard-Pro-Anti-Aging-Device-in-use-600x198.jpg 600w, https:\/\/www.lraloeverashop.eu\/wp-content\/uploads\/2022\/10\/Lr-Zeitgard-Pro-Anti-Aging-Device-in-use-300x99.jpg 300w, https:\/\/www.lraloeverashop.eu\/wp-content\/uploads\/2022\/10\/Lr-Zeitgard-Pro-Anti-Aging-Device-in-use-768x253.jpg 768w, https:\/\/www.lraloeverashop.eu\/wp-content\/uploads\/2022\/10\/Lr-Zeitgard-Pro-Anti-Aging-Device-in-use-1536x506.jpg 1536w, https:\/\/www.lraloeverashop.eu\/wp-content\/uploads\/2022\/10\/Lr-Zeitgard-Pro-Anti-Aging-Device-in-use-2048x674.jpg 2048w\" sizes=\"auto, (max-width: 1170px) 100vw, 1170px\" \/><\/p>\n<p>&nbsp;<\/p>\n<h3><span style=\"font-size: 16pt;\"><strong>Tip na pou\u017e\u00edvanie do 40 rokov<\/strong><\/span><\/h3>\n<p>Naneste svoj Nanogold alebo Platinum kr\u00e9m. Rozotrite mal\u00e9 bodky kr\u00e9mu na tv\u00e1r a vmas\u00edrujte ich. K tomu Vam Pomo\u017ee \u017dehli\u010dka na tv\u00e1r Zeitgard Pro. O\u0161etrujte \u013eav\u00fa a prav\u00fa stranu tv\u00e1re a \u010delo po dobu 30 sek\u00fand.<br \/>\nVenujte pozornos\u0165 kr\u00fa\u017eiv\u00fdm pohybom zvn\u00fatra von a zdola nahor.<\/p>\n","protected":false},"excerpt":{"rendered":"<ul>\n<li>S\u00faprava na o\u0161etrenie proti starnutiu<\/li>\n<li>1 x Zeitgard Pro, 1 x Zeitgard hladiaci nadstavec<\/li>\n<li>Podporuje kont\u00fary tv\u00e1re a ple\u0165 vyzer\u00e1 rovnomerne<\/li>\n<li>Pre v\u0161etky typy pleti so zn\u00e1mkami starnutia<\/li>\n<li>\u0160t\u00fadio kr\u00e1sy doma<\/li>\n<li>Vyroben\u00e9 v Nemecku<\/li>\n<\/ul>\n<p>&nbsp;<\/p>\n","protected":false},"featured_media":6016,"comment_status":"open","ping_status":"closed","template":"","meta":{"_kad_blocks_custom_css":"","_kad_blocks_head_custom_js":"","_kad_blocks_body_custom_js":"","_kad_blocks_footer_custom_js":"","_kadence_starter_templates_imported_post":false,"_kad_post_transparent":"default","_kad_post_title":"","_kad_post_layout":"default","_kad_post_sidebar_id":"","_kad_post_content_style":"default","_kad_post_vertical_padding":"default","_kad_post_feature":"","_kad_post_feature_position":"","_kad_post_header":false,"_kad_post_footer":false,"_kad_post_classname":""},"product_brand":[],"product_cat":[276,270,360,288,282],"product_tag":[706,707],"class_list":{"0":"post-8759","1":"product","2":"type-product","3":"status-publish","4":"has-post-thumbnail","6":"product_cat-muzi-nad-25-rokov","7":"product_cat-starostlivost-proti-starnutiu","8":"product_cat-zeitgard-pro-sk","9":"product_cat-zeny-do-40","10":"product_cat-zeny-nad-40-rokov","11":"product_tag-na-vrasky-na-tvari","12":"product_tag-na-vrasky-pod-ocami","14":"first","15":"instock","16":"taxable","17":"shipping-taxable","18":"purchasable","19":"product-type-simple","20":"entry","21":"content-bg","22":"loop-entry"},"yoast_head":"<!-- This site is optimized with the Yoast SEO Premium plugin v27.4 (Yoast SEO v27.4) - https:\/\/yoast.com\/product\/yoast-seo-premium-wordpress\/ -->\n<title>\u017dehli\u010dka na Tv\u00e1r Zeitgard Pro s \u00fa\u010dinkom proti starnutiu<\/title>\n<meta name=\"description\" content=\"\u017dehli\u010dka na Tv\u00e1r Zeitgard Pro redukuje vr\u00e1sky a zabezpe\u010duje harmonick\u00e9 kont\u00fary tv\u00e1re. Pre v\u0161etky typy pleti so zn\u00e1mkami starnutia. \u0160t\u00fadio kr\u00e1sy doma\" \/>\n<meta name=\"robots\" content=\"index, follow, max-snippet:-1, max-image-preview:large, max-video-preview:-1\" \/>\n<link rel=\"canonical\" href=\"https:\/\/www.lraloeverashop.eu\/sk\/produkt\/zehlicka-na-tvar-zeitgard-pro\/\" \/>\n<meta property=\"og:locale\" content=\"sk_SK\" \/>\n<meta property=\"og:type\" content=\"article\" \/>\n<meta property=\"og:title\" content=\"\u017dehli\u010dka na Tv\u00e1r Zeitgard Pro\" \/>\n<meta property=\"og:description\" content=\"\u017dehli\u010dka na Tv\u00e1r Zeitgard Pro redukuje vr\u00e1sky a zabezpe\u010duje harmonick\u00e9 kont\u00fary tv\u00e1re. Pre v\u0161etky typy pleti so zn\u00e1mkami starnutia. \u0160t\u00fadio kr\u00e1sy doma\" \/>\n<meta property=\"og:url\" content=\"https:\/\/www.lraloeverashop.eu\/sk\/produkt\/zehlicka-na-tvar-zeitgard-pro\/\" \/>\n<meta property=\"og:site_name\" content=\"Lr Obchod Aloe Vera\" \/>\n<meta property=\"article:publisher\" content=\"https:\/\/www.facebook.com\/lraloeverashop.eu\" \/>\n<meta property=\"article:modified_time\" content=\"2025-11-02T09:00:29+00:00\" \/>\n<meta property=\"og:image\" content=\"https:\/\/www.lraloeverashop.eu\/wp-content\/uploads\/2022\/10\/Zeitgard-Anti-Aging-Kit.jpg\" \/>\n\t<meta property=\"og:image:width\" content=\"1200\" \/>\n\t<meta property=\"og:image:height\" content=\"1200\" \/>\n\t<meta property=\"og:image:type\" content=\"image\/jpeg\" \/>\n<meta name=\"twitter:card\" content=\"summary_large_image\" \/>\n<meta name=\"twitter:site\" content=\"@natur__kosmetik\" \/>\n<script type=\"application\/ld+json\" class=\"yoast-schema-graph\">{\"@context\":\"https:\\\/\\\/schema.org\",\"@graph\":[{\"@type\":[\"WebPage\",\"ItemPage\"],\"@id\":\"https:\\\/\\\/www.lraloeverashop.eu\\\/sk\\\/produkt\\\/zehlicka-na-tvar-zeitgard-pro\\\/\",\"url\":\"https:\\\/\\\/www.lraloeverashop.eu\\\/sk\\\/produkt\\\/zehlicka-na-tvar-zeitgard-pro\\\/\",\"name\":\"\u017dehli\u010dka na Tv\u00e1r Zeitgard Pro s \u00fa\u010dinkom proti starnutiu\",\"isPartOf\":{\"@id\":\"https:\\\/\\\/www.lraloeverashop.eu\\\/sk\\\/#website\"},\"primaryImageOfPage\":{\"@id\":\"https:\\\/\\\/www.lraloeverashop.eu\\\/sk\\\/produkt\\\/zehlicka-na-tvar-zeitgard-pro\\\/#primaryimage\"},\"image\":{\"@id\":\"https:\\\/\\\/www.lraloeverashop.eu\\\/sk\\\/produkt\\\/zehlicka-na-tvar-zeitgard-pro\\\/#primaryimage\"},\"thumbnailUrl\":\"https:\\\/\\\/www.lraloeverashop.eu\\\/wp-content\\\/uploads\\\/2022\\\/10\\\/Zeitgard-Anti-Aging-Kit.jpg\",\"datePublished\":\"2022-10-21T12:17:50+00:00\",\"dateModified\":\"2025-11-02T09:00:29+00:00\",\"description\":\"\u017dehli\u010dka na Tv\u00e1r Zeitgard Pro redukuje vr\u00e1sky a zabezpe\u010duje harmonick\u00e9 kont\u00fary tv\u00e1re. Pre v\u0161etky typy pleti so zn\u00e1mkami starnutia. \u0160t\u00fadio kr\u00e1sy doma\",\"breadcrumb\":{\"@id\":\"https:\\\/\\\/www.lraloeverashop.eu\\\/sk\\\/produkt\\\/zehlicka-na-tvar-zeitgard-pro\\\/#breadcrumb\"},\"inLanguage\":\"sk-SK\",\"potentialAction\":[{\"@type\":\"ReadAction\",\"target\":[\"https:\\\/\\\/www.lraloeverashop.eu\\\/sk\\\/produkt\\\/zehlicka-na-tvar-zeitgard-pro\\\/\"]}]},{\"@type\":\"ImageObject\",\"inLanguage\":\"sk-SK\",\"@id\":\"https:\\\/\\\/www.lraloeverashop.eu\\\/sk\\\/produkt\\\/zehlicka-na-tvar-zeitgard-pro\\\/#primaryimage\",\"url\":\"https:\\\/\\\/www.lraloeverashop.eu\\\/wp-content\\\/uploads\\\/2022\\\/10\\\/Zeitgard-Anti-Aging-Kit.jpg\",\"contentUrl\":\"https:\\\/\\\/www.lraloeverashop.eu\\\/wp-content\\\/uploads\\\/2022\\\/10\\\/Zeitgard-Anti-Aging-Kit.jpg\",\"width\":1200,\"height\":1200,\"caption\":\"\u017dehli\u010dka na Tv\u00e1r Zeitgard Pro redukuje vr\u00e1sky a zabezpe\u010duje harmonick\u00e9 kont\u00fary tv\u00e1re\"},{\"@type\":\"BreadcrumbList\",\"@id\":\"https:\\\/\\\/www.lraloeverashop.eu\\\/sk\\\/produkt\\\/zehlicka-na-tvar-zeitgard-pro\\\/#breadcrumb\",\"itemListElement\":[{\"@type\":\"ListItem\",\"position\":1,\"name\":\"Home\",\"item\":\"https:\\\/\\\/www.lraloeverashop.eu\\\/sk\\\/\"},{\"@type\":\"ListItem\",\"position\":2,\"name\":\"Obchod\",\"item\":\"https:\\\/\\\/www.lraloeverashop.eu\\\/shop\\\/\"},{\"@type\":\"ListItem\",\"position\":3,\"name\":\"\u017dehli\u010dka na Tv\u00e1r Zeitgard Pro\"}]},{\"@type\":\"WebSite\",\"@id\":\"https:\\\/\\\/www.lraloeverashop.eu\\\/sk\\\/#website\",\"url\":\"https:\\\/\\\/www.lraloeverashop.eu\\\/sk\\\/\",\"name\":\"Lr Obchod Aloe Vera\",\"description\":\"High Quality Lr Aloe Vera Gel, Aloe Vera Cream and Shampoo\",\"publisher\":{\"@id\":\"https:\\\/\\\/www.lraloeverashop.eu\\\/sk\\\/#organization\"},\"potentialAction\":[{\"@type\":\"SearchAction\",\"target\":{\"@type\":\"EntryPoint\",\"urlTemplate\":\"https:\\\/\\\/www.lraloeverashop.eu\\\/sk\\\/?s={search_term_string}\"},\"query-input\":{\"@type\":\"PropertyValueSpecification\",\"valueRequired\":true,\"valueName\":\"search_term_string\"}}],\"inLanguage\":\"sk-SK\"},{\"@type\":\"Organization\",\"@id\":\"https:\\\/\\\/www.lraloeverashop.eu\\\/sk\\\/#organization\",\"name\":\"Lr Obchod Aloe Vera\",\"alternateName\":\"LR\",\"url\":\"https:\\\/\\\/www.lraloeverashop.eu\\\/sk\\\/\",\"logo\":{\"@type\":\"ImageObject\",\"inLanguage\":\"sk-SK\",\"@id\":\"https:\\\/\\\/www.lraloeverashop.eu\\\/sk\\\/#\\\/schema\\\/logo\\\/image\\\/\",\"url\":\"https:\\\/\\\/www.lraloeverashop.eu\\\/wp-content\\\/uploads\\\/2022\\\/09\\\/cropped-Lr-Aloe-Vera-Shop.jpg\",\"contentUrl\":\"https:\\\/\\\/www.lraloeverashop.eu\\\/wp-content\\\/uploads\\\/2022\\\/09\\\/cropped-Lr-Aloe-Vera-Shop.jpg\",\"width\":228,\"height\":76,\"caption\":\"Lr Obchod Aloe Vera\"},\"image\":{\"@id\":\"https:\\\/\\\/www.lraloeverashop.eu\\\/sk\\\/#\\\/schema\\\/logo\\\/image\\\/\"},\"sameAs\":[\"https:\\\/\\\/www.facebook.com\\\/lraloeverashop.eu\",\"https:\\\/\\\/x.com\\\/natur__kosmetik\",\"https:\\\/\\\/www.youtube.com\\\/channel\\\/UC5oN7BJ8nfYb8RpVtjwDEBA\",\"https:\\\/\\\/www.instagram.com\\\/lrbeautyeu\\\/\"],\"description\":\"Obchod Lr Aloe Vera je va\u0161\u00edm d\u00f4veryhodn\u00fdm miestom pre pr\u00e9miov\u00e9 produkty LR Health & Beauty vyroben\u00e9 v Nemecku. Pon\u00fakame vysokokvalitn\u00e9 rie\u0161enia starostlivosti o ple\u0165 s Aloe Vera, v\u00fd\u017eivu a proti starnutiu, vyroben\u00e9 z \u010dist\u00fdch ingredienci\u00ed a podlo\u017een\u00e9 vedeck\u00fdm v\u00fdskumom. Objavte pr\u00edrodn\u00fa starostlivos\u0165, ktor\u00e1 regeneruje, chr\u00e1ni a revitalizuje va\u0161u ple\u0165 \u2013 a vyu\u017eite exkluz\u00edvne mesa\u010dn\u00e9 ponuky na na\u0161e najpred\u00e1vanej\u0161ie produkty LR Aloe Vera.\\nZa\u010dnite svoju cestu za pr\u00edrodnou starostlivos\u0165ou o ple\u0165 e\u0161te dnes a poc\u00ed\u0165te rozdiel.\",\"email\":\"info@lraloeverashop.eu\",\"telephone\":\"+49 17670609653\",\"legalName\":\"Lr Aloe Vera Shop\",\"foundingDate\":\"2018-04-21\",\"numberOfEmployees\":{\"@type\":\"QuantitativeValue\",\"minValue\":\"1\",\"maxValue\":\"10\"}}]}<\/script>\n<meta property=\"product:price:amount\" content=\"335.99\" \/>\n<meta property=\"product:price:currency\" content=\"EUR\" \/>\n<meta property=\"og:availability\" content=\"instock\" \/>\n<meta property=\"product:availability\" content=\"instock\" \/>\n<meta property=\"product:retailer_item_id\" content=\"70110-3SK\" \/>\n<meta property=\"product:condition\" content=\"new\" \/>\n<!-- \/ Yoast SEO Premium plugin. -->","yoast_head_json":{"title":"\u017dehli\u010dka na Tv\u00e1r Zeitgard Pro s \u00fa\u010dinkom proti starnutiu","description":"\u017dehli\u010dka na Tv\u00e1r Zeitgard Pro redukuje vr\u00e1sky a zabezpe\u010duje harmonick\u00e9 kont\u00fary tv\u00e1re. Pre v\u0161etky typy pleti so zn\u00e1mkami starnutia. \u0160t\u00fadio kr\u00e1sy doma","robots":{"index":"index","follow":"follow","max-snippet":"max-snippet:-1","max-image-preview":"max-image-preview:large","max-video-preview":"max-video-preview:-1"},"canonical":"https:\/\/www.lraloeverashop.eu\/sk\/produkt\/zehlicka-na-tvar-zeitgard-pro\/","og_locale":"sk_SK","og_type":"article","og_title":"\u017dehli\u010dka na Tv\u00e1r Zeitgard Pro","og_description":"\u017dehli\u010dka na Tv\u00e1r Zeitgard Pro redukuje vr\u00e1sky a zabezpe\u010duje harmonick\u00e9 kont\u00fary tv\u00e1re. Pre v\u0161etky typy pleti so zn\u00e1mkami starnutia. \u0160t\u00fadio kr\u00e1sy doma","og_url":"https:\/\/www.lraloeverashop.eu\/sk\/produkt\/zehlicka-na-tvar-zeitgard-pro\/","og_site_name":"Lr Obchod Aloe Vera","article_publisher":"https:\/\/www.facebook.com\/lraloeverashop.eu","article_modified_time":"2025-11-02T09:00:29+00:00","og_image":[{"width":1200,"height":1200,"url":"https:\/\/www.lraloeverashop.eu\/wp-content\/uploads\/2022\/10\/Zeitgard-Anti-Aging-Kit.jpg","type":"image\/jpeg"}],"twitter_card":"summary_large_image","twitter_site":"@natur__kosmetik","schema":{"@context":"https:\/\/schema.org","@graph":[{"@type":["WebPage","ItemPage"],"@id":"https:\/\/www.lraloeverashop.eu\/sk\/produkt\/zehlicka-na-tvar-zeitgard-pro\/","url":"https:\/\/www.lraloeverashop.eu\/sk\/produkt\/zehlicka-na-tvar-zeitgard-pro\/","name":"\u017dehli\u010dka na Tv\u00e1r Zeitgard Pro s \u00fa\u010dinkom proti starnutiu","isPartOf":{"@id":"https:\/\/www.lraloeverashop.eu\/sk\/#website"},"primaryImageOfPage":{"@id":"https:\/\/www.lraloeverashop.eu\/sk\/produkt\/zehlicka-na-tvar-zeitgard-pro\/#primaryimage"},"image":{"@id":"https:\/\/www.lraloeverashop.eu\/sk\/produkt\/zehlicka-na-tvar-zeitgard-pro\/#primaryimage"},"thumbnailUrl":"https:\/\/www.lraloeverashop.eu\/wp-content\/uploads\/2022\/10\/Zeitgard-Anti-Aging-Kit.jpg","datePublished":"2022-10-21T12:17:50+00:00","dateModified":"2025-11-02T09:00:29+00:00","description":"\u017dehli\u010dka na Tv\u00e1r Zeitgard Pro redukuje vr\u00e1sky a zabezpe\u010duje harmonick\u00e9 kont\u00fary tv\u00e1re. Pre v\u0161etky typy pleti so zn\u00e1mkami starnutia. \u0160t\u00fadio kr\u00e1sy doma","breadcrumb":{"@id":"https:\/\/www.lraloeverashop.eu\/sk\/produkt\/zehlicka-na-tvar-zeitgard-pro\/#breadcrumb"},"inLanguage":"sk-SK","potentialAction":[{"@type":"ReadAction","target":["https:\/\/www.lraloeverashop.eu\/sk\/produkt\/zehlicka-na-tvar-zeitgard-pro\/"]}]},{"@type":"ImageObject","inLanguage":"sk-SK","@id":"https:\/\/www.lraloeverashop.eu\/sk\/produkt\/zehlicka-na-tvar-zeitgard-pro\/#primaryimage","url":"https:\/\/www.lraloeverashop.eu\/wp-content\/uploads\/2022\/10\/Zeitgard-Anti-Aging-Kit.jpg","contentUrl":"https:\/\/www.lraloeverashop.eu\/wp-content\/uploads\/2022\/10\/Zeitgard-Anti-Aging-Kit.jpg","width":1200,"height":1200,"caption":"\u017dehli\u010dka na Tv\u00e1r Zeitgard Pro redukuje vr\u00e1sky a zabezpe\u010duje harmonick\u00e9 kont\u00fary tv\u00e1re"},{"@type":"BreadcrumbList","@id":"https:\/\/www.lraloeverashop.eu\/sk\/produkt\/zehlicka-na-tvar-zeitgard-pro\/#breadcrumb","itemListElement":[{"@type":"ListItem","position":1,"name":"Home","item":"https:\/\/www.lraloeverashop.eu\/sk\/"},{"@type":"ListItem","position":2,"name":"Obchod","item":"https:\/\/www.lraloeverashop.eu\/shop\/"},{"@type":"ListItem","position":3,"name":"\u017dehli\u010dka na Tv\u00e1r Zeitgard Pro"}]},{"@type":"WebSite","@id":"https:\/\/www.lraloeverashop.eu\/sk\/#website","url":"https:\/\/www.lraloeverashop.eu\/sk\/","name":"Lr Obchod Aloe Vera","description":"High Quality Lr Aloe Vera Gel, Aloe Vera Cream and Shampoo","publisher":{"@id":"https:\/\/www.lraloeverashop.eu\/sk\/#organization"},"potentialAction":[{"@type":"SearchAction","target":{"@type":"EntryPoint","urlTemplate":"https:\/\/www.lraloeverashop.eu\/sk\/?s={search_term_string}"},"query-input":{"@type":"PropertyValueSpecification","valueRequired":true,"valueName":"search_term_string"}}],"inLanguage":"sk-SK"},{"@type":"Organization","@id":"https:\/\/www.lraloeverashop.eu\/sk\/#organization","name":"Lr Obchod Aloe Vera","alternateName":"LR","url":"https:\/\/www.lraloeverashop.eu\/sk\/","logo":{"@type":"ImageObject","inLanguage":"sk-SK","@id":"https:\/\/www.lraloeverashop.eu\/sk\/#\/schema\/logo\/image\/","url":"https:\/\/www.lraloeverashop.eu\/wp-content\/uploads\/2022\/09\/cropped-Lr-Aloe-Vera-Shop.jpg","contentUrl":"https:\/\/www.lraloeverashop.eu\/wp-content\/uploads\/2022\/09\/cropped-Lr-Aloe-Vera-Shop.jpg","width":228,"height":76,"caption":"Lr Obchod Aloe Vera"},"image":{"@id":"https:\/\/www.lraloeverashop.eu\/sk\/#\/schema\/logo\/image\/"},"sameAs":["https:\/\/www.facebook.com\/lraloeverashop.eu","https:\/\/x.com\/natur__kosmetik","https:\/\/www.youtube.com\/channel\/UC5oN7BJ8nfYb8RpVtjwDEBA","https:\/\/www.instagram.com\/lrbeautyeu\/"],"description":"Obchod Lr Aloe Vera je va\u0161\u00edm d\u00f4veryhodn\u00fdm miestom pre pr\u00e9miov\u00e9 produkty LR Health & Beauty vyroben\u00e9 v Nemecku. Pon\u00fakame vysokokvalitn\u00e9 rie\u0161enia starostlivosti o ple\u0165 s Aloe Vera, v\u00fd\u017eivu a proti starnutiu, vyroben\u00e9 z \u010dist\u00fdch ingredienci\u00ed a podlo\u017een\u00e9 vedeck\u00fdm v\u00fdskumom. Objavte pr\u00edrodn\u00fa starostlivos\u0165, ktor\u00e1 regeneruje, chr\u00e1ni a revitalizuje va\u0161u ple\u0165 \u2013 a vyu\u017eite exkluz\u00edvne mesa\u010dn\u00e9 ponuky na na\u0161e najpred\u00e1vanej\u0161ie produkty LR Aloe Vera.\nZa\u010dnite svoju cestu za pr\u00edrodnou starostlivos\u0165ou o ple\u0165 e\u0161te dnes a poc\u00ed\u0165te rozdiel.","email":"info@lraloeverashop.eu","telephone":"+49 17670609653","legalName":"Lr Aloe Vera Shop","foundingDate":"2018-04-21","numberOfEmployees":{"@type":"QuantitativeValue","minValue":"1","maxValue":"10"}}]},"product_price_amount":"335.99","product_price_currency":"EUR","og_availability":"instock","product_availability":"instock","product_retailer_item_id":"70110-3SK","product_condition":"new"},"taxonomy_info":{"product_cat":[{"value":276,"label":"Mu\u017ei nad 25 rokov"},{"value":270,"label":"Starostlivos\u0165 proti starnutiu"},{"value":360,"label":"Zeitgard Pro"},{"value":288,"label":"\u017deny do 40"},{"value":282,"label":"\u017deny nad 40 rokov"}],"product_tag":[{"value":706,"label":"na vr\u00e1sky na tv\u00e1ri"},{"value":707,"label":"na vr\u00e1sky pod o\u010dami"}]},"featured_image_src_large":["https:\/\/www.lraloeverashop.eu\/wp-content\/uploads\/2022\/10\/Zeitgard-Anti-Aging-Kit-1024x1024.jpg",1024,1024,true],"author_info":[],"comment_info":0,"_links":{"self":[{"href":"https:\/\/www.lraloeverashop.eu\/sk\/wp-json\/wp\/v2\/product\/8759","targetHints":{"allow":["GET"]}}],"collection":[{"href":"https:\/\/www.lraloeverashop.eu\/sk\/wp-json\/wp\/v2\/product"}],"about":[{"href":"https:\/\/www.lraloeverashop.eu\/sk\/wp-json\/wp\/v2\/types\/product"}],"replies":[{"embeddable":true,"href":"https:\/\/www.lraloeverashop.eu\/sk\/wp-json\/wp\/v2\/comments?post=8759"}],"wp:featuredmedia":[{"embeddable":true,"href":"https:\/\/www.lraloeverashop.eu\/sk\/wp-json\/wp\/v2\/media\/6016"}],"wp:attachment":[{"href":"https:\/\/www.lraloeverashop.eu\/sk\/wp-json\/wp\/v2\/media?parent=8759"}],"wp:term":[{"taxonomy":"product_brand","embeddable":true,"href":"https:\/\/www.lraloeverashop.eu\/sk\/wp-json\/wp\/v2\/product_brand?post=8759"},{"taxonomy":"product_cat","embeddable":true,"href":"https:\/\/www.lraloeverashop.eu\/sk\/wp-json\/wp\/v2\/product_cat?post=8759"},{"taxonomy":"product_tag","embeddable":true,"href":"https:\/\/www.lraloeverashop.eu\/sk\/wp-json\/wp\/v2\/product_tag?post=8759"}],"curies":[{"name":"wp","href":"https:\/\/api.w.org\/{rel}","templated":true}]}}