{"id":8737,"date":"2022-10-22T05:50:49","date_gmt":"2022-10-22T03:50:49","guid":{"rendered":"https:\/\/www.lraloeverashop.eu\/product\/zeitgard-pro-na-masaz-tela\/"},"modified":"2025-10-28T05:20:50","modified_gmt":"2025-10-28T04:20:50","slug":"zeitgard-pro-na-masaz-tela","status":"publish","type":"product","link":"https:\/\/www.lraloeverashop.eu\/sk\/produkt\/zeitgard-pro-na-masaz-tela\/","title":{"rendered":"Zeitgard Pro na Mas\u00e1\u017e Tela"},"content":{"rendered":"<h2><span style=\"font-size: 16pt; color: #000000;\"><strong>Zeitgard Pro na Mas\u00e1\u017e Tela<\/strong><\/span><\/h2>\n<p><span style=\"font-size: 14pt;\"><strong>Zeitgard Pro na Mas\u00e1\u017e Tela pre hladk\u00fa poko\u017eku bez celulit\u00eddy.<\/strong><\/span><\/p>\n<p>Zeitgard Pro na Mas\u00e1\u017e Tela bol prim\u00e1rne navrhnuty na napnutie poko\u017eky na ramen\u00e1ch, bruchu, noh\u00e1ch a zado\u010dku. Zeitgard Pro na Mas\u00e1\u017e Tela odpor\u00fa\u010dame \u017een\u00e1m od 25 rokov, ktor\u00e9 chc\u00fa ma\u0165 hladk\u00fa poko\u017eku bez zn\u00e1mok celulit\u00eddy.<br \/>\nNap\u00edna poko\u017eku, dod\u00e1va jej pevnos\u0165 a podporuje prirodzen\u00fa schopnos\u0165 tela <a href=\"https:\/\/www.lraloeverashop.eu\/sk\/produkt\/zeitgard-pro-kit-peeling-na-tvar\/\">odstra\u0148ova\u0165 \u0161kodliviny<\/a> prostredn\u00edctvom cievneho a lymfatick\u00e9ho syst\u00e9mu.<\/p>\n<p>Ultrazvukov\u00e9 o\u0161etrenie so s\u00fapravou Zeitgard Pro m\u00f4\u017ee zlep\u0161i\u0165 vzh\u013ead celulit\u00eddy. Odpadov\u00e9 produkty usaden\u00e9 medzi tukov\u00fdmi bunkami sa pri ultrazvukovom o\u0161etren\u00ed uvo\u013enia a lymfatick\u00e1 tekutina ich m\u00f4\u017ee odnies\u0165. Obrazne povedan\u00e9, tukov\u00e9 bunky sa \u201eskvapalnia\u201c podobne, ako ke\u010f nech\u00e1te roztopi\u0165 kocky \u013eadu a potom ich znova zmraz\u00edte, potom vytvoria rovnomernej\u0161\u00ed povrch. Ultrazvuk p\u00f4sob\u00ed ako mas\u00e1\u017e hlbok\u00fdch tkan\u00edv.<\/p>\n<p>Stimuluje sa prietok krvi a elast\u00ednov\u00e9 a kolag\u00e9nov\u00e9 vl\u00e1kna sa uvo\u013e\u0148uj\u00fa.<br \/>\nOdpor\u00fa\u010dame tie\u017e zdrav\u00fa, z\u00e1sadit\u00fa stravu, dostato\u010dn\u00fd pr\u00edjem tekut\u00edn a vyh\u00fdbanie sa n\u00e1pojom, sladkostiam a tabaku.<\/p>\n<p>U\u017e\u00edvanie <a href=\"https:\/\/www.lraloeverashop.eu\/sk\/produkt\/lr-elixir-krasy\/\">elix\u00edru kr\u00e1sy Lr 5v1<\/a> m\u00f4\u017ee tie\u017e pom\u00f4c\u0165 podpori\u0165 schopnos\u0165 tela vytv\u00e1ra\u0165 kolag\u00e9n a zlep\u0161i\u0165 elasticitu poko\u017eky.<\/p>\n<p><strong>Ak ste tehotn\u00e1, trp\u00edte srdcov\u00fdmi chorobami, m\u00e1te kardiostimul\u00e1tor, n\u00e1dory, rakovinu ko\u017ee, <a href=\"https:\/\/www.lraloeverashop.eu\/sk\/aloe-vera-denny-krem\/\">sp\u00e1leniny od slnka<\/a>, otvoren\u00e9 rany, poruchy krvn\u00e9ho obehu, tromb\u00f3zu, poruchu zr\u00e1\u017eanlivosti krvi, epilepsiu alebo infek\u010dn\u00e9 choroby (hor\u00fa\u010dka, AIDS a pod.), mali by ste prediskutova\u0165 trval\u00fa , pravideln\u00e9 pou\u017e\u00edvanie so svoj\u00edm lek\u00e1rom.<\/strong><\/p>\n<p>&nbsp;<\/p>\n<h3><span style=\"font-size: 16pt;\"><strong>Ako pou\u017e\u00edva\u0165 s\u00fapravu na mas\u00e1\u017e tela<\/strong><\/span><\/h3>\n<p>Naneste na poko\u017eku <a href=\"https:\/\/www.lraloeverashop.eu\/sk\/produkt\/spevnujuci-telovy-krem-zeitgard-pro\/\">spev\u0148uj\u00faci telov\u00fd kr\u00e9m Lr Zeitgard<\/a> a mas\u00edrujte t\u00fato \u010das\u0165 jemn\u00fdmi kr\u00fa\u017eiv\u00fdmi pohybmi pomocou s\u00fapravy na mas\u00e1\u017e tela.<\/p>\n<p>V\u017edy by ste mali mas\u00edrova\u0165 smerom k lymfatick\u00fdm uzlin\u00e1m. O\u0161etrujte si nohy (mas\u00e1\u017e smerom k slabin\u00e1m), brucho (mas\u00e1\u017e smerom k slabin\u00e1m alebo podpazu\u0161iu), zado\u010dek (mas\u00e1\u017e smerom k slabin\u00e1m alebo zadnej \u010dasti kolena) a ruky (mas\u00e1\u017e smerom k podpazu\u0161\u00edm).<\/p>\n<p>Postupujte pod\u013ea oblasti a kr\u00e9m nan\u00e1\u0161ajte len na oblas\u0165, ktor\u00fa sa chyst\u00e1te mas\u00edrova\u0165. Pre \u010do najlep\u0161ie v\u00fdsledky vykonajte t\u00fato k\u00faru a\u017e dvakr\u00e1t denne.<\/p>\n<p>&nbsp;<\/p>\n<p><img loading=\"lazy\" decoding=\"async\" class=\"aligncenter wp-image-3129\" src=\"https:\/\/www.lraloeverashop.eu\/wp-content\/uploads\/2022\/10\/Lr-Zeitgard-Pro-Body-massage-Device-in-use-1024x536.jpg\" alt=\"Lr Zeitgard Pro Body massage Device in use\" width=\"1229\" height=\"644\" srcset=\"https:\/\/www.lraloeverashop.eu\/wp-content\/uploads\/2022\/10\/Lr-Zeitgard-Pro-Body-massage-Device-in-use-1024x536.jpg 1024w, https:\/\/www.lraloeverashop.eu\/wp-content\/uploads\/2022\/10\/Lr-Zeitgard-Pro-Body-massage-Device-in-use-600x314.jpg 600w, https:\/\/www.lraloeverashop.eu\/wp-content\/uploads\/2022\/10\/Lr-Zeitgard-Pro-Body-massage-Device-in-use-300x157.jpg 300w, https:\/\/www.lraloeverashop.eu\/wp-content\/uploads\/2022\/10\/Lr-Zeitgard-Pro-Body-massage-Device-in-use-768x402.jpg 768w, https:\/\/www.lraloeverashop.eu\/wp-content\/uploads\/2022\/10\/Lr-Zeitgard-Pro-Body-massage-Device-in-use-1536x804.jpg 1536w, https:\/\/www.lraloeverashop.eu\/wp-content\/uploads\/2022\/10\/Lr-Zeitgard-Pro-Body-massage-Device-in-use-2048x1072.jpg 2048w\" sizes=\"auto, (max-width: 1229px) 100vw, 1229px\" \/><\/p>\n","protected":false},"excerpt":{"rendered":"<ul>\n<li>S\u00faprava obsahuje 1 x kozmetick\u00e9 zariadenie Zeitgard Pro, 1 x mas\u00e1\u017eny n\u00e1stavec<\/li>\n<li>Spevnuje a vyhladzuje poko\u017eku na pa\u017eiach, bruchu, stehn\u00e1ch a zado\u010dku<\/li>\n<li>Podporuje odstra\u0148ovanie tukov\u00fdch buniek<\/li>\n<li>Zo s\u00e9rie Zeitgard Pro Skin Care<\/li>\n<li>\u0160t\u00fadio kr\u00e1sy doma<\/li>\n<li>Vyroben\u00e9 v Nemecku<\/li>\n<\/ul>\n<p>&nbsp;<\/p>\n","protected":false},"featured_media":6034,"comment_status":"open","ping_status":"closed","template":"","meta":{"_kad_blocks_custom_css":"","_kad_blocks_head_custom_js":"","_kad_blocks_body_custom_js":"","_kad_blocks_footer_custom_js":"","_kadence_starter_templates_imported_post":false,"_kad_post_transparent":"default","_kad_post_title":"","_kad_post_layout":"default","_kad_post_sidebar_id":"","_kad_post_content_style":"default","_kad_post_vertical_padding":"default","_kad_post_feature":"","_kad_post_feature_position":"","_kad_post_header":false,"_kad_post_footer":false,"_kad_post_classname":""},"product_brand":[],"product_cat":[276,270,360,288,282],"product_tag":[706],"class_list":{"0":"post-8737","1":"product","2":"type-product","3":"status-publish","4":"has-post-thumbnail","6":"product_cat-muzi-nad-25-rokov","7":"product_cat-starostlivost-proti-starnutiu","8":"product_cat-zeitgard-pro-sk","9":"product_cat-zeny-do-40","10":"product_cat-zeny-nad-40-rokov","11":"product_tag-na-vrasky-na-tvari","13":"first","14":"instock","15":"taxable","16":"shipping-taxable","17":"purchasable","18":"product-type-simple","19":"entry","20":"content-bg","21":"loop-entry"},"yoast_head":"<!-- This site is optimized with the Yoast SEO Premium plugin v27.4 (Yoast SEO v27.4) - https:\/\/yoast.com\/product\/yoast-seo-premium-wordpress\/ -->\n<title>Zeitgard Pro na Mas\u00e1\u017e Tela pre hladk\u00fa poko\u017eku bez celulit\u00eddy.<\/title>\n<meta name=\"description\" content=\"Zeitgard Pro na Mas\u00e1\u017e Tela s.pevnuje a vyhladzuje poko\u017eku na pa\u017eiach, bruchu, stehn\u00e1ch a zado\u010dku. Podporuje odstra\u0148ovanie tukov\u00fdch buniek. \u0160t\u00fadio kr\u00e1sy doma\" \/>\n<meta name=\"robots\" content=\"index, follow, max-snippet:-1, max-image-preview:large, max-video-preview:-1\" \/>\n<link rel=\"canonical\" href=\"https:\/\/www.lraloeverashop.eu\/sk\/produkt\/zeitgard-pro-na-masaz-tela\/\" \/>\n<meta property=\"og:locale\" content=\"sk_SK\" \/>\n<meta property=\"og:type\" content=\"article\" \/>\n<meta property=\"og:title\" content=\"Zeitgard Pro na Mas\u00e1\u017e Tela\" \/>\n<meta property=\"og:description\" content=\"Zeitgard Pro na Mas\u00e1\u017e Tela s.pevnuje a vyhladzuje poko\u017eku na pa\u017eiach, bruchu, stehn\u00e1ch a zado\u010dku. Podporuje odstra\u0148ovanie tukov\u00fdch buniek. \u0160t\u00fadio kr\u00e1sy doma\" \/>\n<meta property=\"og:url\" content=\"https:\/\/www.lraloeverashop.eu\/sk\/produkt\/zeitgard-pro-na-masaz-tela\/\" \/>\n<meta property=\"og:site_name\" content=\"Lr Obchod Aloe Vera\" \/>\n<meta property=\"article:publisher\" content=\"https:\/\/www.facebook.com\/lraloeverashop.eu\" \/>\n<meta property=\"article:modified_time\" content=\"2025-10-28T04:20:50+00:00\" \/>\n<meta property=\"og:image\" content=\"https:\/\/www.lraloeverashop.eu\/wp-content\/uploads\/2022\/10\/Zeitgard-Pro-Body-Massage-Kit.jpg\" \/>\n\t<meta property=\"og:image:width\" content=\"1200\" \/>\n\t<meta property=\"og:image:height\" content=\"1200\" \/>\n\t<meta property=\"og:image:type\" content=\"image\/jpeg\" \/>\n<meta name=\"twitter:card\" content=\"summary_large_image\" \/>\n<meta name=\"twitter:site\" content=\"@natur__kosmetik\" \/>\n<script type=\"application\/ld+json\" class=\"yoast-schema-graph\">{\"@context\":\"https:\\\/\\\/schema.org\",\"@graph\":[{\"@type\":[\"WebPage\",\"ItemPage\"],\"@id\":\"https:\\\/\\\/www.lraloeverashop.eu\\\/sk\\\/produkt\\\/zeitgard-pro-na-masaz-tela\\\/\",\"url\":\"https:\\\/\\\/www.lraloeverashop.eu\\\/sk\\\/produkt\\\/zeitgard-pro-na-masaz-tela\\\/\",\"name\":\"Zeitgard Pro na Mas\u00e1\u017e Tela pre hladk\u00fa poko\u017eku bez celulit\u00eddy.\",\"isPartOf\":{\"@id\":\"https:\\\/\\\/www.lraloeverashop.eu\\\/sk\\\/#website\"},\"primaryImageOfPage\":{\"@id\":\"https:\\\/\\\/www.lraloeverashop.eu\\\/sk\\\/produkt\\\/zeitgard-pro-na-masaz-tela\\\/#primaryimage\"},\"image\":{\"@id\":\"https:\\\/\\\/www.lraloeverashop.eu\\\/sk\\\/produkt\\\/zeitgard-pro-na-masaz-tela\\\/#primaryimage\"},\"thumbnailUrl\":\"https:\\\/\\\/www.lraloeverashop.eu\\\/wp-content\\\/uploads\\\/2022\\\/10\\\/Zeitgard-Pro-Body-Massage-Kit.jpg\",\"datePublished\":\"2022-10-22T03:50:49+00:00\",\"dateModified\":\"2025-10-28T04:20:50+00:00\",\"description\":\"Zeitgard Pro na Mas\u00e1\u017e Tela s.pevnuje a vyhladzuje poko\u017eku na pa\u017eiach, bruchu, stehn\u00e1ch a zado\u010dku. Podporuje odstra\u0148ovanie tukov\u00fdch buniek. \u0160t\u00fadio kr\u00e1sy doma\",\"breadcrumb\":{\"@id\":\"https:\\\/\\\/www.lraloeverashop.eu\\\/sk\\\/produkt\\\/zeitgard-pro-na-masaz-tela\\\/#breadcrumb\"},\"inLanguage\":\"sk-SK\",\"potentialAction\":[{\"@type\":\"ReadAction\",\"target\":[\"https:\\\/\\\/www.lraloeverashop.eu\\\/sk\\\/produkt\\\/zeitgard-pro-na-masaz-tela\\\/\"]}]},{\"@type\":\"ImageObject\",\"inLanguage\":\"sk-SK\",\"@id\":\"https:\\\/\\\/www.lraloeverashop.eu\\\/sk\\\/produkt\\\/zeitgard-pro-na-masaz-tela\\\/#primaryimage\",\"url\":\"https:\\\/\\\/www.lraloeverashop.eu\\\/wp-content\\\/uploads\\\/2022\\\/10\\\/Zeitgard-Pro-Body-Massage-Kit.jpg\",\"contentUrl\":\"https:\\\/\\\/www.lraloeverashop.eu\\\/wp-content\\\/uploads\\\/2022\\\/10\\\/Zeitgard-Pro-Body-Massage-Kit.jpg\",\"width\":1200,\"height\":1200,\"caption\":\"Mas\u00e1\u017ena s\u00faprava tela Zeitgard Pro\"},{\"@type\":\"BreadcrumbList\",\"@id\":\"https:\\\/\\\/www.lraloeverashop.eu\\\/sk\\\/produkt\\\/zeitgard-pro-na-masaz-tela\\\/#breadcrumb\",\"itemListElement\":[{\"@type\":\"ListItem\",\"position\":1,\"name\":\"Home\",\"item\":\"https:\\\/\\\/www.lraloeverashop.eu\\\/sk\\\/\"},{\"@type\":\"ListItem\",\"position\":2,\"name\":\"Obchod\",\"item\":\"https:\\\/\\\/www.lraloeverashop.eu\\\/shop\\\/\"},{\"@type\":\"ListItem\",\"position\":3,\"name\":\"Zeitgard Pro na Mas\u00e1\u017e Tela\"}]},{\"@type\":\"WebSite\",\"@id\":\"https:\\\/\\\/www.lraloeverashop.eu\\\/sk\\\/#website\",\"url\":\"https:\\\/\\\/www.lraloeverashop.eu\\\/sk\\\/\",\"name\":\"Lr Obchod Aloe Vera\",\"description\":\"High Quality Lr Aloe Vera Gel, Aloe Vera Cream and Shampoo\",\"publisher\":{\"@id\":\"https:\\\/\\\/www.lraloeverashop.eu\\\/sk\\\/#organization\"},\"potentialAction\":[{\"@type\":\"SearchAction\",\"target\":{\"@type\":\"EntryPoint\",\"urlTemplate\":\"https:\\\/\\\/www.lraloeverashop.eu\\\/sk\\\/?s={search_term_string}\"},\"query-input\":{\"@type\":\"PropertyValueSpecification\",\"valueRequired\":true,\"valueName\":\"search_term_string\"}}],\"inLanguage\":\"sk-SK\"},{\"@type\":\"Organization\",\"@id\":\"https:\\\/\\\/www.lraloeverashop.eu\\\/sk\\\/#organization\",\"name\":\"Lr Obchod Aloe Vera\",\"alternateName\":\"LR\",\"url\":\"https:\\\/\\\/www.lraloeverashop.eu\\\/sk\\\/\",\"logo\":{\"@type\":\"ImageObject\",\"inLanguage\":\"sk-SK\",\"@id\":\"https:\\\/\\\/www.lraloeverashop.eu\\\/sk\\\/#\\\/schema\\\/logo\\\/image\\\/\",\"url\":\"https:\\\/\\\/www.lraloeverashop.eu\\\/wp-content\\\/uploads\\\/2022\\\/09\\\/cropped-Lr-Aloe-Vera-Shop.jpg\",\"contentUrl\":\"https:\\\/\\\/www.lraloeverashop.eu\\\/wp-content\\\/uploads\\\/2022\\\/09\\\/cropped-Lr-Aloe-Vera-Shop.jpg\",\"width\":228,\"height\":76,\"caption\":\"Lr Obchod Aloe Vera\"},\"image\":{\"@id\":\"https:\\\/\\\/www.lraloeverashop.eu\\\/sk\\\/#\\\/schema\\\/logo\\\/image\\\/\"},\"sameAs\":[\"https:\\\/\\\/www.facebook.com\\\/lraloeverashop.eu\",\"https:\\\/\\\/x.com\\\/natur__kosmetik\",\"https:\\\/\\\/www.youtube.com\\\/channel\\\/UC5oN7BJ8nfYb8RpVtjwDEBA\",\"https:\\\/\\\/www.instagram.com\\\/lrbeautyeu\\\/\"],\"description\":\"Obchod Lr Aloe Vera je va\u0161\u00edm d\u00f4veryhodn\u00fdm miestom pre pr\u00e9miov\u00e9 produkty LR Health & Beauty vyroben\u00e9 v Nemecku. Pon\u00fakame vysokokvalitn\u00e9 rie\u0161enia starostlivosti o ple\u0165 s Aloe Vera, v\u00fd\u017eivu a proti starnutiu, vyroben\u00e9 z \u010dist\u00fdch ingredienci\u00ed a podlo\u017een\u00e9 vedeck\u00fdm v\u00fdskumom. Objavte pr\u00edrodn\u00fa starostlivos\u0165, ktor\u00e1 regeneruje, chr\u00e1ni a revitalizuje va\u0161u ple\u0165 \u2013 a vyu\u017eite exkluz\u00edvne mesa\u010dn\u00e9 ponuky na na\u0161e najpred\u00e1vanej\u0161ie produkty LR Aloe Vera.\\nZa\u010dnite svoju cestu za pr\u00edrodnou starostlivos\u0165ou o ple\u0165 e\u0161te dnes a poc\u00ed\u0165te rozdiel.\",\"email\":\"info@lraloeverashop.eu\",\"telephone\":\"+49 17670609653\",\"legalName\":\"Lr Aloe Vera Shop\",\"foundingDate\":\"2018-04-21\",\"numberOfEmployees\":{\"@type\":\"QuantitativeValue\",\"minValue\":\"1\",\"maxValue\":\"10\"}}]}<\/script>\n<meta property=\"product:price:amount\" content=\"335.99\" \/>\n<meta property=\"product:price:currency\" content=\"EUR\" \/>\n<meta property=\"og:availability\" content=\"instock\" \/>\n<meta property=\"product:availability\" content=\"instock\" \/>\n<meta property=\"product:retailer_item_id\" content=\"70110-4SK\" \/>\n<meta property=\"product:condition\" content=\"new\" \/>\n<!-- \/ Yoast SEO Premium plugin. -->","yoast_head_json":{"title":"Zeitgard Pro na Mas\u00e1\u017e Tela pre hladk\u00fa poko\u017eku bez celulit\u00eddy.","description":"Zeitgard Pro na Mas\u00e1\u017e Tela s.pevnuje a vyhladzuje poko\u017eku na pa\u017eiach, bruchu, stehn\u00e1ch a zado\u010dku. Podporuje odstra\u0148ovanie tukov\u00fdch buniek. \u0160t\u00fadio kr\u00e1sy doma","robots":{"index":"index","follow":"follow","max-snippet":"max-snippet:-1","max-image-preview":"max-image-preview:large","max-video-preview":"max-video-preview:-1"},"canonical":"https:\/\/www.lraloeverashop.eu\/sk\/produkt\/zeitgard-pro-na-masaz-tela\/","og_locale":"sk_SK","og_type":"article","og_title":"Zeitgard Pro na Mas\u00e1\u017e Tela","og_description":"Zeitgard Pro na Mas\u00e1\u017e Tela s.pevnuje a vyhladzuje poko\u017eku na pa\u017eiach, bruchu, stehn\u00e1ch a zado\u010dku. Podporuje odstra\u0148ovanie tukov\u00fdch buniek. \u0160t\u00fadio kr\u00e1sy doma","og_url":"https:\/\/www.lraloeverashop.eu\/sk\/produkt\/zeitgard-pro-na-masaz-tela\/","og_site_name":"Lr Obchod Aloe Vera","article_publisher":"https:\/\/www.facebook.com\/lraloeverashop.eu","article_modified_time":"2025-10-28T04:20:50+00:00","og_image":[{"width":1200,"height":1200,"url":"https:\/\/www.lraloeverashop.eu\/wp-content\/uploads\/2022\/10\/Zeitgard-Pro-Body-Massage-Kit.jpg","type":"image\/jpeg"}],"twitter_card":"summary_large_image","twitter_site":"@natur__kosmetik","schema":{"@context":"https:\/\/schema.org","@graph":[{"@type":["WebPage","ItemPage"],"@id":"https:\/\/www.lraloeverashop.eu\/sk\/produkt\/zeitgard-pro-na-masaz-tela\/","url":"https:\/\/www.lraloeverashop.eu\/sk\/produkt\/zeitgard-pro-na-masaz-tela\/","name":"Zeitgard Pro na Mas\u00e1\u017e Tela pre hladk\u00fa poko\u017eku bez celulit\u00eddy.","isPartOf":{"@id":"https:\/\/www.lraloeverashop.eu\/sk\/#website"},"primaryImageOfPage":{"@id":"https:\/\/www.lraloeverashop.eu\/sk\/produkt\/zeitgard-pro-na-masaz-tela\/#primaryimage"},"image":{"@id":"https:\/\/www.lraloeverashop.eu\/sk\/produkt\/zeitgard-pro-na-masaz-tela\/#primaryimage"},"thumbnailUrl":"https:\/\/www.lraloeverashop.eu\/wp-content\/uploads\/2022\/10\/Zeitgard-Pro-Body-Massage-Kit.jpg","datePublished":"2022-10-22T03:50:49+00:00","dateModified":"2025-10-28T04:20:50+00:00","description":"Zeitgard Pro na Mas\u00e1\u017e Tela s.pevnuje a vyhladzuje poko\u017eku na pa\u017eiach, bruchu, stehn\u00e1ch a zado\u010dku. Podporuje odstra\u0148ovanie tukov\u00fdch buniek. \u0160t\u00fadio kr\u00e1sy doma","breadcrumb":{"@id":"https:\/\/www.lraloeverashop.eu\/sk\/produkt\/zeitgard-pro-na-masaz-tela\/#breadcrumb"},"inLanguage":"sk-SK","potentialAction":[{"@type":"ReadAction","target":["https:\/\/www.lraloeverashop.eu\/sk\/produkt\/zeitgard-pro-na-masaz-tela\/"]}]},{"@type":"ImageObject","inLanguage":"sk-SK","@id":"https:\/\/www.lraloeverashop.eu\/sk\/produkt\/zeitgard-pro-na-masaz-tela\/#primaryimage","url":"https:\/\/www.lraloeverashop.eu\/wp-content\/uploads\/2022\/10\/Zeitgard-Pro-Body-Massage-Kit.jpg","contentUrl":"https:\/\/www.lraloeverashop.eu\/wp-content\/uploads\/2022\/10\/Zeitgard-Pro-Body-Massage-Kit.jpg","width":1200,"height":1200,"caption":"Mas\u00e1\u017ena s\u00faprava tela Zeitgard Pro"},{"@type":"BreadcrumbList","@id":"https:\/\/www.lraloeverashop.eu\/sk\/produkt\/zeitgard-pro-na-masaz-tela\/#breadcrumb","itemListElement":[{"@type":"ListItem","position":1,"name":"Home","item":"https:\/\/www.lraloeverashop.eu\/sk\/"},{"@type":"ListItem","position":2,"name":"Obchod","item":"https:\/\/www.lraloeverashop.eu\/shop\/"},{"@type":"ListItem","position":3,"name":"Zeitgard Pro na Mas\u00e1\u017e Tela"}]},{"@type":"WebSite","@id":"https:\/\/www.lraloeverashop.eu\/sk\/#website","url":"https:\/\/www.lraloeverashop.eu\/sk\/","name":"Lr Obchod Aloe Vera","description":"High Quality Lr Aloe Vera Gel, Aloe Vera Cream and Shampoo","publisher":{"@id":"https:\/\/www.lraloeverashop.eu\/sk\/#organization"},"potentialAction":[{"@type":"SearchAction","target":{"@type":"EntryPoint","urlTemplate":"https:\/\/www.lraloeverashop.eu\/sk\/?s={search_term_string}"},"query-input":{"@type":"PropertyValueSpecification","valueRequired":true,"valueName":"search_term_string"}}],"inLanguage":"sk-SK"},{"@type":"Organization","@id":"https:\/\/www.lraloeverashop.eu\/sk\/#organization","name":"Lr Obchod Aloe Vera","alternateName":"LR","url":"https:\/\/www.lraloeverashop.eu\/sk\/","logo":{"@type":"ImageObject","inLanguage":"sk-SK","@id":"https:\/\/www.lraloeverashop.eu\/sk\/#\/schema\/logo\/image\/","url":"https:\/\/www.lraloeverashop.eu\/wp-content\/uploads\/2022\/09\/cropped-Lr-Aloe-Vera-Shop.jpg","contentUrl":"https:\/\/www.lraloeverashop.eu\/wp-content\/uploads\/2022\/09\/cropped-Lr-Aloe-Vera-Shop.jpg","width":228,"height":76,"caption":"Lr Obchod Aloe Vera"},"image":{"@id":"https:\/\/www.lraloeverashop.eu\/sk\/#\/schema\/logo\/image\/"},"sameAs":["https:\/\/www.facebook.com\/lraloeverashop.eu","https:\/\/x.com\/natur__kosmetik","https:\/\/www.youtube.com\/channel\/UC5oN7BJ8nfYb8RpVtjwDEBA","https:\/\/www.instagram.com\/lrbeautyeu\/"],"description":"Obchod Lr Aloe Vera je va\u0161\u00edm d\u00f4veryhodn\u00fdm miestom pre pr\u00e9miov\u00e9 produkty LR Health & Beauty vyroben\u00e9 v Nemecku. Pon\u00fakame vysokokvalitn\u00e9 rie\u0161enia starostlivosti o ple\u0165 s Aloe Vera, v\u00fd\u017eivu a proti starnutiu, vyroben\u00e9 z \u010dist\u00fdch ingredienci\u00ed a podlo\u017een\u00e9 vedeck\u00fdm v\u00fdskumom. Objavte pr\u00edrodn\u00fa starostlivos\u0165, ktor\u00e1 regeneruje, chr\u00e1ni a revitalizuje va\u0161u ple\u0165 \u2013 a vyu\u017eite exkluz\u00edvne mesa\u010dn\u00e9 ponuky na na\u0161e najpred\u00e1vanej\u0161ie produkty LR Aloe Vera.\nZa\u010dnite svoju cestu za pr\u00edrodnou starostlivos\u0165ou o ple\u0165 e\u0161te dnes a poc\u00ed\u0165te rozdiel.","email":"info@lraloeverashop.eu","telephone":"+49 17670609653","legalName":"Lr Aloe Vera Shop","foundingDate":"2018-04-21","numberOfEmployees":{"@type":"QuantitativeValue","minValue":"1","maxValue":"10"}}]},"product_price_amount":"335.99","product_price_currency":"EUR","og_availability":"instock","product_availability":"instock","product_retailer_item_id":"70110-4SK","product_condition":"new"},"taxonomy_info":{"product_cat":[{"value":276,"label":"Mu\u017ei nad 25 rokov"},{"value":270,"label":"Starostlivos\u0165 proti starnutiu"},{"value":360,"label":"Zeitgard Pro"},{"value":288,"label":"\u017deny do 40"},{"value":282,"label":"\u017deny nad 40 rokov"}],"product_tag":[{"value":706,"label":"na vr\u00e1sky na tv\u00e1ri"}]},"featured_image_src_large":["https:\/\/www.lraloeverashop.eu\/wp-content\/uploads\/2022\/10\/Zeitgard-Pro-Body-Massage-Kit-1024x1024.jpg",1024,1024,true],"author_info":[],"comment_info":0,"_links":{"self":[{"href":"https:\/\/www.lraloeverashop.eu\/sk\/wp-json\/wp\/v2\/product\/8737","targetHints":{"allow":["GET"]}}],"collection":[{"href":"https:\/\/www.lraloeverashop.eu\/sk\/wp-json\/wp\/v2\/product"}],"about":[{"href":"https:\/\/www.lraloeverashop.eu\/sk\/wp-json\/wp\/v2\/types\/product"}],"replies":[{"embeddable":true,"href":"https:\/\/www.lraloeverashop.eu\/sk\/wp-json\/wp\/v2\/comments?post=8737"}],"wp:featuredmedia":[{"embeddable":true,"href":"https:\/\/www.lraloeverashop.eu\/sk\/wp-json\/wp\/v2\/media\/6034"}],"wp:attachment":[{"href":"https:\/\/www.lraloeverashop.eu\/sk\/wp-json\/wp\/v2\/media?parent=8737"}],"wp:term":[{"taxonomy":"product_brand","embeddable":true,"href":"https:\/\/www.lraloeverashop.eu\/sk\/wp-json\/wp\/v2\/product_brand?post=8737"},{"taxonomy":"product_cat","embeddable":true,"href":"https:\/\/www.lraloeverashop.eu\/sk\/wp-json\/wp\/v2\/product_cat?post=8737"},{"taxonomy":"product_tag","embeddable":true,"href":"https:\/\/www.lraloeverashop.eu\/sk\/wp-json\/wp\/v2\/product_tag?post=8737"}],"curies":[{"name":"wp","href":"https:\/\/api.w.org\/{rel}","templated":true}]}}