{"id":8727,"date":"2022-10-22T07:09:06","date_gmt":"2022-10-22T05:09:06","guid":{"rendered":"https:\/\/www.lraloeverashop.eu\/product\/zeitgard-pro-set-na-cistenie-tvare\/"},"modified":"2025-10-19T10:19:29","modified_gmt":"2025-10-19T08:19:29","slug":"zeitgard-pro-set-na-cistenie-tvare","status":"publish","type":"product","link":"https:\/\/www.lraloeverashop.eu\/sk\/produkt\/zeitgard-pro-set-na-cistenie-tvare\/","title":{"rendered":"Zeitgard Pro Set na \u010distenie tv\u00e1re"},"content":{"rendered":"<h2><span style=\"font-size: 16pt; color: #000000;\"><strong>Zeitgard Pro Set na \u010distenie tv\u00e1re<\/strong><\/span><\/h2>\n<p><span style=\"font-size: 14pt;\"><strong>Zeitgard Pro Set na \u010distenie tv\u00e1re \u010cist\u00ed a\u017e 10-kr\u00e1t \u00fa\u010dinnej\u0161ie ako ru\u010dn\u00e9 \u010distenie<\/strong><\/span><\/p>\n<p>Be\u017en\u00e9 ru\u010dn\u00e9 \u010distenie \u010dasto zanech\u00e1va na tv\u00e1ri tie najjemnej\u0161ie \u010diasto\u010dky ne\u010dist\u00f4t a zvy\u0161kov make-upu. Zeitgard Pro Set na \u010distenie tv\u00e1re optimalizuje na\u0161e ka\u017edodenn\u00e9 \u010distenie tv\u00e1re a zanech\u00e1va len \u010dist\u00fa ple\u0165 do h\u013abky p\u00f3rov s \u201ewow\u201c efektom.<\/p>\n<p>Stovky inovat\u00edvnych kefov\u00fdch vl\u00e1kien (\u0161tetiniek) k\u013a\u017eu po poko\u017eke a odstra\u0148uj\u00fa zvy\u0161ky, ktor\u00e9 m\u00f4\u017eu upcha\u0165 p\u00f3ry a sp\u00f4sobi\u0165 bledos\u0165 pleti. Denn\u00e9 o\u0161etrenie \u00fa\u010dinne \u010dist\u00ed poko\u017eku a osvie\u017euje ple\u0165. Jeho \u00fa\u010dinnos\u0165 je preuk\u00e1zate\u013ene a\u017e 10-kr\u00e1t vy\u0161\u0161ia ako pri ru\u010dnom \u010disten\u00ed. *<\/p>\n<p>&nbsp;<\/p>\n<h3><span style=\"font-size: 16pt;\"><strong>Sp\u00f4sob pou\u017eitia<\/strong><\/span><\/h3>\n<p>V ide\u00e1lnom pr\u00edpade by ste mali za\u010da\u0165 de\u0148 s Zeitgard Pro Set na \u010distenie tv\u00e1re. Za\u010dnite navlh\u010den\u00edm tv\u00e1re a nanesen\u00edm \u010distiaceho kr\u00e9mu Lr Zeitgard. \u010cistiaci kr\u00e9m Lr Zeitgard bol navrhnut\u00fd tak, aby dokonale spolupracoval s \u010distiacou kefkou na tv\u00e1r.<\/p>\n<p>Oscila\u010dn\u00e9 pohyby pr\u00edstroja vytv\u00e1raj\u00fa jemn\u00fa penu, ktor\u00e1 jemne a \u00fa\u010dinne odstra\u0148uje ne\u010distoty a prebyto\u010dn\u00fd ko\u017en\u00fd maz. \u010cistiaci kr\u00e9m Lr Zeitgard \u013eahko nan\u00e1\u0161a na prirodzen\u00fa ochrann\u00fa vrstvu poko\u017eky a v kombin\u00e1cii s \u010distiacou kefkou na tv\u00e1r je 10-kr\u00e1t \u00fa\u010dinnej\u0161\u00ed ako ru\u010dn\u00e9 \u010distenie.<\/p>\n<p>Nasa\u010fte <a href=\"https:\/\/www.lraloeverashop.eu\/sk\/produkt\/zeitgard-pro-adapter-s-kefkou\/\">adapt\u00e9r<\/a> na \u010distiacu kefu a potom kefku na <a href=\"https:\/\/www.lraloeverashop.eu\/sk\/produkt\/zeitgard-pro-na-cistenie-pleti\/\">\u010distenie tv\u00e1re<\/a> na va\u0161e zariadenie. Antibakteri\u00e1lne, zaoblen\u00e9 vl\u00e1kna kefky Face Cleansing Brush sa pohybuj\u00fa tam a sp\u00e4\u0165 r\u00fdchlos\u0165ou blesku, podobne ako elektrick\u00e1 zubn\u00e1 kefka, a poskytuj\u00fa va\u0161ej pleti h\u013abkov\u00e9 \u010distenie, ktor\u00e9 je v\u0161ak jemn\u00e9. Zapnite Zeitgard Pro a pou\u017eite kefku na \u010distenie tv\u00e1re na jemn\u00e9 o\u0161etrenie po\u017eadovan\u00fdch \u010dast\u00ed tv\u00e1re.<\/p>\n<p>Je len na v\u00e1s, ako dlho a ak\u00fdm tlakom budete <a href=\"https:\/\/www.lraloeverashop.eu\/sk\/produkt\/cistiaca-kefka-na-tvar-zeitgard-pro\/\">kefkou<\/a> pohybova\u0165 po tv\u00e1ri. Ak by bol pocit nepr\u00edjemn\u00fd, zn\u00ed\u017ete tlak alebo prejdite na \u010fal\u0161iu \u010das\u0165 tv\u00e1re. Oscila\u010dn\u00fd, vibra\u010dn\u00fd pohyb \u010distiacej kefky Zeitgard Pro stimuluje prietok krvi, v\u010faka \u010domu va\u0161a poko\u017eka \u017eiari a vyzer\u00e1 zdravo. Dokon\u010dite svoju \u010distiacu rutinu s ple\u0165ov\u00fdm tonikom Lr Zeitgard. Va\u0161a ple\u0165 je teraz prebuden\u00e1 a pripraven\u00e1 na va\u0161u ka\u017edodenn\u00fa starostlivos\u0165.<\/p>\n<p>Ve\u010der by ste si mali \u010disti\u0165 ka\u017ed\u00fa \u010das\u0165 tv\u00e1re 20-30 sek\u00fand v z\u00e1vislosti od pou\u017eit\u00e9ho mejkapu. Dokon\u010dite svoju \u010distiacu rutinu op\u00e4\u0165 ple\u0165ov\u00fdm tonerom Lr Zeitgard, ktor\u00fd umo\u017en\u00ed ak\u00fdmko\u013evek no\u010dn\u00fdm kr\u00e9mom, ktor\u00e9 pou\u017e\u00edvate, naplno p\u00f4sobi\u0165 na va\u0161u d\u00f4kladne \u010dist\u00fa ple\u0165. Odpor\u00fa\u010dame dvakr\u00e1t t\u00fd\u017edenne vymeni\u0165 \u010distiacu kefku na tv\u00e1r za n\u00e1stavec na peeling na tv\u00e1r pre intenz\u00edvny detox.<\/p>\n<h3><span style=\"font-size: 16pt;\"><strong>V\u00fdsledok:<\/strong><\/span><\/h3>\n<ul>\n<li>Zlep\u0161en\u00e1 text\u00fara pleti v\u010faka h\u013abkov\u00e9mu \u010disteniu<\/li>\n<li>Lep\u0161ia pr\u00edprava na \u010fal\u0161ie kroky starostlivosti o ple\u0165<\/li>\n<li>Svie\u017ea ple\u0165 po stimul\u00e1cii krvn\u00e9ho obehu<\/li>\n<\/ul>\n<p>Antibakteri\u00e1lna technol\u00f3gia Microsilver vo vl\u00e1knach kefky je jedine\u010dn\u00e1: udr\u017euje kefku hygienicky \u010dist\u00fa a\u017e 3 mesiace<\/p>\n<p>Za\u017eite efekt efekt\u00edvneho \u010distenia s \u010distiacou kefou Zeitgard Pro pre nad\u010dasov\u00fa kr\u00e1su.<\/p>\n<p>*Pod\u013ea vedeckej \u0161t\u00fadie vykonanej renomovan\u00fdm Dermatest Institute GmbH. Doba pod\u00e1vania prihl\u00e1\u0161ok: 6 t\u00fd\u017ed\u0148ov (koniec janu\u00e1ra a\u017e za\u010diatok marca 2015), po\u010det predmetov: 40<\/p>\n","protected":false},"excerpt":{"rendered":"<ul>\n<li>Sada obsahuje Zeitgard Pro, adapt\u00e9r, kefku a \u010distiaci kr\u00e9m<\/li>\n<li>\u010cist\u00ed a\u017e 10-kr\u00e1t \u00fa\u010dinnej\u0161ie ako ru\u010dn\u00e9 \u010distenie<\/li>\n<li>Dosahuje zjemnen\u00fa a vyhladen\u00fa ple\u0165<\/li>\n<li>Vhodn\u00e9 na ka\u017edodenn\u00e9 \u010distenie tv\u00e1re<\/li>\n<li>Ide\u00e1lne pre v\u0161etky typy pleti<\/li>\n<li>Vyroben\u00e9 v Nemecku<\/li>\n<\/ul>\n<p>&nbsp;<\/p>\n","protected":false},"featured_media":6046,"comment_status":"open","ping_status":"closed","template":"","meta":{"_kad_blocks_custom_css":"","_kad_blocks_head_custom_js":"","_kad_blocks_body_custom_js":"","_kad_blocks_footer_custom_js":"","_kadence_starter_templates_imported_post":false,"_kad_post_transparent":"default","_kad_post_title":"","_kad_post_layout":"default","_kad_post_sidebar_id":"","_kad_post_content_style":"default","_kad_post_vertical_padding":"default","_kad_post_feature":"","_kad_post_feature_position":"","_kad_post_header":false,"_kad_post_footer":false,"_kad_post_classname":""},"product_brand":[],"product_cat":[276,270,396,360,288,282,355],"product_tag":[680],"class_list":{"0":"post-8727","1":"product","2":"type-product","3":"status-publish","4":"has-post-thumbnail","6":"product_cat-muzi-nad-25-rokov","7":"product_cat-starostlivost-proti-starnutiu","8":"product_cat-zeitgard-sk","9":"product_cat-zeitgard-pro-sk","10":"product_cat-zeny-do-40","11":"product_cat-zeny-nad-40-rokov","12":"product_cat-zlavy","13":"product_tag-na-cistenie-tvare","15":"first","16":"instock","17":"sale","18":"taxable","19":"shipping-taxable","20":"purchasable","21":"product-type-simple","22":"entry","23":"content-bg","24":"loop-entry"},"yoast_head":"<!-- This site is optimized with the Yoast SEO Premium plugin v27.6 (Yoast SEO v27.6) - https:\/\/yoast.com\/product\/yoast-seo-premium-wordpress\/ -->\n<title>Zeitgard Pro Set na \u010distenie tv\u00e1re \u010cist\u00ed a\u017e 10-kr\u00e1t \u00fa\u010dinnej\u0161ie<\/title>\n<meta name=\"description\" content=\"Zeitgard Pro Set na \u010distenie tv\u00e1re obsahuje Zeitgard Pro, adapt\u00e9r, kefku a kr\u00e9m. \u010cist\u00ed a\u017e 10-kr\u00e1t \u00fa\u010dinnej\u0161ie ako ru\u010dn\u00e9 \u010distenie. Pre v\u0161etky typy pleti\" \/>\n<meta name=\"robots\" content=\"index, follow, max-snippet:-1, max-image-preview:large, max-video-preview:-1\" \/>\n<link rel=\"canonical\" href=\"https:\/\/www.lraloeverashop.eu\/sk\/produkt\/zeitgard-pro-set-na-cistenie-tvare\/\" \/>\n<meta property=\"og:locale\" content=\"sk_SK\" \/>\n<meta property=\"og:type\" content=\"article\" \/>\n<meta property=\"og:title\" content=\"Zeitgard Pro Set na \u010distenie tv\u00e1re\" \/>\n<meta property=\"og:description\" content=\"Zeitgard Pro Set na \u010distenie tv\u00e1re obsahuje Zeitgard Pro, adapt\u00e9r, kefku a kr\u00e9m. \u010cist\u00ed a\u017e 10-kr\u00e1t \u00fa\u010dinnej\u0161ie ako ru\u010dn\u00e9 \u010distenie. Pre v\u0161etky typy pleti\" \/>\n<meta property=\"og:url\" content=\"https:\/\/www.lraloeverashop.eu\/sk\/produkt\/zeitgard-pro-set-na-cistenie-tvare\/\" \/>\n<meta property=\"og:site_name\" content=\"Lr Obchod Aloe Vera\" \/>\n<meta property=\"article:publisher\" content=\"https:\/\/www.facebook.com\/lraloeverashop.eu\" \/>\n<meta property=\"article:modified_time\" content=\"2025-10-19T08:19:29+00:00\" \/>\n<meta property=\"og:image\" content=\"https:\/\/www.lraloeverashop.eu\/wp-content\/uploads\/2022\/10\/Zeitgard-Pro-Cleansing-Set.jpg\" \/>\n\t<meta property=\"og:image:width\" content=\"1200\" \/>\n\t<meta property=\"og:image:height\" content=\"1200\" \/>\n\t<meta property=\"og:image:type\" content=\"image\/jpeg\" \/>\n<meta name=\"twitter:card\" content=\"summary_large_image\" \/>\n<meta name=\"twitter:site\" content=\"@natur__kosmetik\" \/>\n<script type=\"application\/ld+json\" class=\"yoast-schema-graph\">{\"@context\":\"https:\\\/\\\/schema.org\",\"@graph\":[{\"@type\":[\"WebPage\",\"ItemPage\"],\"@id\":\"https:\\\/\\\/www.lraloeverashop.eu\\\/sk\\\/produkt\\\/zeitgard-pro-set-na-cistenie-tvare\\\/\",\"url\":\"https:\\\/\\\/www.lraloeverashop.eu\\\/sk\\\/produkt\\\/zeitgard-pro-set-na-cistenie-tvare\\\/\",\"name\":\"Zeitgard Pro Set na \u010distenie tv\u00e1re \u010cist\u00ed a\u017e 10-kr\u00e1t \u00fa\u010dinnej\u0161ie\",\"isPartOf\":{\"@id\":\"https:\\\/\\\/www.lraloeverashop.eu\\\/sk\\\/#website\"},\"primaryImageOfPage\":{\"@id\":\"https:\\\/\\\/www.lraloeverashop.eu\\\/sk\\\/produkt\\\/zeitgard-pro-set-na-cistenie-tvare\\\/#primaryimage\"},\"image\":{\"@id\":\"https:\\\/\\\/www.lraloeverashop.eu\\\/sk\\\/produkt\\\/zeitgard-pro-set-na-cistenie-tvare\\\/#primaryimage\"},\"thumbnailUrl\":\"https:\\\/\\\/www.lraloeverashop.eu\\\/wp-content\\\/uploads\\\/2022\\\/10\\\/Zeitgard-Pro-Cleansing-Set.jpg\",\"datePublished\":\"2022-10-22T05:09:06+00:00\",\"dateModified\":\"2025-10-19T08:19:29+00:00\",\"description\":\"Zeitgard Pro Set na \u010distenie tv\u00e1re obsahuje Zeitgard Pro, adapt\u00e9r, kefku a kr\u00e9m. \u010cist\u00ed a\u017e 10-kr\u00e1t \u00fa\u010dinnej\u0161ie ako ru\u010dn\u00e9 \u010distenie. Pre v\u0161etky typy pleti\",\"breadcrumb\":{\"@id\":\"https:\\\/\\\/www.lraloeverashop.eu\\\/sk\\\/produkt\\\/zeitgard-pro-set-na-cistenie-tvare\\\/#breadcrumb\"},\"inLanguage\":\"sk-SK\",\"potentialAction\":[{\"@type\":\"ReadAction\",\"target\":[\"https:\\\/\\\/www.lraloeverashop.eu\\\/sk\\\/produkt\\\/zeitgard-pro-set-na-cistenie-tvare\\\/\"]}]},{\"@type\":\"ImageObject\",\"inLanguage\":\"sk-SK\",\"@id\":\"https:\\\/\\\/www.lraloeverashop.eu\\\/sk\\\/produkt\\\/zeitgard-pro-set-na-cistenie-tvare\\\/#primaryimage\",\"url\":\"https:\\\/\\\/www.lraloeverashop.eu\\\/wp-content\\\/uploads\\\/2022\\\/10\\\/Zeitgard-Pro-Cleansing-Set.jpg\",\"contentUrl\":\"https:\\\/\\\/www.lraloeverashop.eu\\\/wp-content\\\/uploads\\\/2022\\\/10\\\/Zeitgard-Pro-Cleansing-Set.jpg\",\"width\":1200,\"height\":1200,\"caption\":\"Sada na \u010distenie tv\u00e1re Zeitgard Pro\"},{\"@type\":\"BreadcrumbList\",\"@id\":\"https:\\\/\\\/www.lraloeverashop.eu\\\/sk\\\/produkt\\\/zeitgard-pro-set-na-cistenie-tvare\\\/#breadcrumb\",\"itemListElement\":[{\"@type\":\"ListItem\",\"position\":1,\"name\":\"Home\",\"item\":\"https:\\\/\\\/www.lraloeverashop.eu\\\/sk\\\/aloe-vera-obchod-vsetko-pre-vasu-krasu-a-pohodu\\\/\"},{\"@type\":\"ListItem\",\"position\":2,\"name\":\"Obchod\",\"item\":\"https:\\\/\\\/www.lraloeverashop.eu\\\/sk\\\/obchod\\\/\"},{\"@type\":\"ListItem\",\"position\":3,\"name\":\"Zeitgard Pro Set na \u010distenie tv\u00e1re\"}]},{\"@type\":\"WebSite\",\"@id\":\"https:\\\/\\\/www.lraloeverashop.eu\\\/sk\\\/#website\",\"url\":\"https:\\\/\\\/www.lraloeverashop.eu\\\/sk\\\/\",\"name\":\"Lr Obchod Aloe Vera\",\"description\":\"High Quality Lr Aloe Vera Gel, Aloe Vera Cream and Shampoo\",\"publisher\":{\"@id\":\"https:\\\/\\\/www.lraloeverashop.eu\\\/sk\\\/#organization\"},\"alternateName\":\"LR\",\"potentialAction\":[{\"@type\":\"SearchAction\",\"target\":{\"@type\":\"EntryPoint\",\"urlTemplate\":\"https:\\\/\\\/www.lraloeverashop.eu\\\/sk\\\/?s={search_term_string}\"},\"query-input\":{\"@type\":\"PropertyValueSpecification\",\"valueRequired\":true,\"valueName\":\"search_term_string\"}}],\"inLanguage\":\"sk-SK\"},{\"@type\":\"Organization\",\"@id\":\"https:\\\/\\\/www.lraloeverashop.eu\\\/sk\\\/#organization\",\"name\":\"Lr Obchod Aloe Vera\",\"alternateName\":\"LR\",\"url\":\"https:\\\/\\\/www.lraloeverashop.eu\\\/sk\\\/\",\"logo\":{\"@type\":\"ImageObject\",\"inLanguage\":\"sk-SK\",\"@id\":\"https:\\\/\\\/www.lraloeverashop.eu\\\/sk\\\/#\\\/schema\\\/logo\\\/image\\\/\",\"url\":\"https:\\\/\\\/www.lraloeverashop.eu\\\/wp-content\\\/uploads\\\/2022\\\/09\\\/cropped-Lr-Aloe-Vera-Shop.jpg\",\"contentUrl\":\"https:\\\/\\\/www.lraloeverashop.eu\\\/wp-content\\\/uploads\\\/2022\\\/09\\\/cropped-Lr-Aloe-Vera-Shop.jpg\",\"width\":228,\"height\":76,\"caption\":\"Lr Obchod Aloe Vera\"},\"image\":{\"@id\":\"https:\\\/\\\/www.lraloeverashop.eu\\\/sk\\\/#\\\/schema\\\/logo\\\/image\\\/\"},\"sameAs\":[\"https:\\\/\\\/www.facebook.com\\\/lraloeverashop.eu\",\"https:\\\/\\\/x.com\\\/natur__kosmetik\",\"https:\\\/\\\/www.youtube.com\\\/channel\\\/UC5oN7BJ8nfYb8RpVtjwDEBA\",\"https:\\\/\\\/www.instagram.com\\\/lrbeautyeu\\\/\"],\"description\":\"Obchod Lr Aloe Vera je va\u0161\u00edm d\u00f4veryhodn\u00fdm miestom pre pr\u00e9miov\u00e9 produkty LR Health & Beauty vyroben\u00e9 v Nemecku. Pon\u00fakame vysokokvalitn\u00e9 rie\u0161enia starostlivosti o ple\u0165 s Aloe Vera, v\u00fd\u017eivu a proti starnutiu, vyroben\u00e9 z \u010dist\u00fdch ingredienci\u00ed a podlo\u017een\u00e9 vedeck\u00fdm v\u00fdskumom. Objavte pr\u00edrodn\u00fa starostlivos\u0165, ktor\u00e1 regeneruje, chr\u00e1ni a revitalizuje va\u0161u ple\u0165 \u2013 a vyu\u017eite exkluz\u00edvne mesa\u010dn\u00e9 ponuky na na\u0161e najpred\u00e1vanej\u0161ie produkty LR Aloe Vera.\\nZa\u010dnite svoju cestu za pr\u00edrodnou starostlivos\u0165ou o ple\u0165 e\u0161te dnes a poc\u00ed\u0165te rozdiel.\",\"email\":\"info@lraloeverashop.eu\",\"telephone\":\"+49 17670609653\",\"legalName\":\"Lr Aloe Vera Shop\",\"foundingDate\":\"2018-04-21\",\"numberOfEmployees\":{\"@type\":\"QuantitativeValue\",\"minValue\":\"1\",\"maxValue\":\"10\"}}]}<\/script>\n<meta property=\"product:price:amount\" content=\"179.99\" \/>\n<meta property=\"product:price:currency\" content=\"EUR\" \/>\n<meta property=\"og:availability\" content=\"instock\" \/>\n<meta property=\"product:availability\" content=\"instock\" \/>\n<meta property=\"product:retailer_item_id\" content=\"70106-1SK\" \/>\n<meta property=\"product:condition\" content=\"new\" \/>\n<!-- \/ Yoast SEO Premium plugin. -->","yoast_head_json":{"title":"Zeitgard Pro Set na \u010distenie tv\u00e1re \u010cist\u00ed a\u017e 10-kr\u00e1t \u00fa\u010dinnej\u0161ie","description":"Zeitgard Pro Set na \u010distenie tv\u00e1re obsahuje Zeitgard Pro, adapt\u00e9r, kefku a kr\u00e9m. \u010cist\u00ed a\u017e 10-kr\u00e1t \u00fa\u010dinnej\u0161ie ako ru\u010dn\u00e9 \u010distenie. Pre v\u0161etky typy pleti","robots":{"index":"index","follow":"follow","max-snippet":"max-snippet:-1","max-image-preview":"max-image-preview:large","max-video-preview":"max-video-preview:-1"},"canonical":"https:\/\/www.lraloeverashop.eu\/sk\/produkt\/zeitgard-pro-set-na-cistenie-tvare\/","og_locale":"sk_SK","og_type":"article","og_title":"Zeitgard Pro Set na \u010distenie tv\u00e1re","og_description":"Zeitgard Pro Set na \u010distenie tv\u00e1re obsahuje Zeitgard Pro, adapt\u00e9r, kefku a kr\u00e9m. \u010cist\u00ed a\u017e 10-kr\u00e1t \u00fa\u010dinnej\u0161ie ako ru\u010dn\u00e9 \u010distenie. Pre v\u0161etky typy pleti","og_url":"https:\/\/www.lraloeverashop.eu\/sk\/produkt\/zeitgard-pro-set-na-cistenie-tvare\/","og_site_name":"Lr Obchod Aloe Vera","article_publisher":"https:\/\/www.facebook.com\/lraloeverashop.eu","article_modified_time":"2025-10-19T08:19:29+00:00","og_image":[{"width":1200,"height":1200,"url":"https:\/\/www.lraloeverashop.eu\/wp-content\/uploads\/2022\/10\/Zeitgard-Pro-Cleansing-Set.jpg","type":"image\/jpeg"}],"twitter_card":"summary_large_image","twitter_site":"@natur__kosmetik","schema":{"@context":"https:\/\/schema.org","@graph":[{"@type":["WebPage","ItemPage"],"@id":"https:\/\/www.lraloeverashop.eu\/sk\/produkt\/zeitgard-pro-set-na-cistenie-tvare\/","url":"https:\/\/www.lraloeverashop.eu\/sk\/produkt\/zeitgard-pro-set-na-cistenie-tvare\/","name":"Zeitgard Pro Set na \u010distenie tv\u00e1re \u010cist\u00ed a\u017e 10-kr\u00e1t \u00fa\u010dinnej\u0161ie","isPartOf":{"@id":"https:\/\/www.lraloeverashop.eu\/sk\/#website"},"primaryImageOfPage":{"@id":"https:\/\/www.lraloeverashop.eu\/sk\/produkt\/zeitgard-pro-set-na-cistenie-tvare\/#primaryimage"},"image":{"@id":"https:\/\/www.lraloeverashop.eu\/sk\/produkt\/zeitgard-pro-set-na-cistenie-tvare\/#primaryimage"},"thumbnailUrl":"https:\/\/www.lraloeverashop.eu\/wp-content\/uploads\/2022\/10\/Zeitgard-Pro-Cleansing-Set.jpg","datePublished":"2022-10-22T05:09:06+00:00","dateModified":"2025-10-19T08:19:29+00:00","description":"Zeitgard Pro Set na \u010distenie tv\u00e1re obsahuje Zeitgard Pro, adapt\u00e9r, kefku a kr\u00e9m. \u010cist\u00ed a\u017e 10-kr\u00e1t \u00fa\u010dinnej\u0161ie ako ru\u010dn\u00e9 \u010distenie. Pre v\u0161etky typy pleti","breadcrumb":{"@id":"https:\/\/www.lraloeverashop.eu\/sk\/produkt\/zeitgard-pro-set-na-cistenie-tvare\/#breadcrumb"},"inLanguage":"sk-SK","potentialAction":[{"@type":"ReadAction","target":["https:\/\/www.lraloeverashop.eu\/sk\/produkt\/zeitgard-pro-set-na-cistenie-tvare\/"]}]},{"@type":"ImageObject","inLanguage":"sk-SK","@id":"https:\/\/www.lraloeverashop.eu\/sk\/produkt\/zeitgard-pro-set-na-cistenie-tvare\/#primaryimage","url":"https:\/\/www.lraloeverashop.eu\/wp-content\/uploads\/2022\/10\/Zeitgard-Pro-Cleansing-Set.jpg","contentUrl":"https:\/\/www.lraloeverashop.eu\/wp-content\/uploads\/2022\/10\/Zeitgard-Pro-Cleansing-Set.jpg","width":1200,"height":1200,"caption":"Sada na \u010distenie tv\u00e1re Zeitgard Pro"},{"@type":"BreadcrumbList","@id":"https:\/\/www.lraloeverashop.eu\/sk\/produkt\/zeitgard-pro-set-na-cistenie-tvare\/#breadcrumb","itemListElement":[{"@type":"ListItem","position":1,"name":"Home","item":"https:\/\/www.lraloeverashop.eu\/sk\/aloe-vera-obchod-vsetko-pre-vasu-krasu-a-pohodu\/"},{"@type":"ListItem","position":2,"name":"Obchod","item":"https:\/\/www.lraloeverashop.eu\/sk\/obchod\/"},{"@type":"ListItem","position":3,"name":"Zeitgard Pro Set na \u010distenie tv\u00e1re"}]},{"@type":"WebSite","@id":"https:\/\/www.lraloeverashop.eu\/sk\/#website","url":"https:\/\/www.lraloeverashop.eu\/sk\/","name":"Lr Obchod Aloe Vera","description":"High Quality Lr Aloe Vera Gel, Aloe Vera Cream and Shampoo","publisher":{"@id":"https:\/\/www.lraloeverashop.eu\/sk\/#organization"},"alternateName":"LR","potentialAction":[{"@type":"SearchAction","target":{"@type":"EntryPoint","urlTemplate":"https:\/\/www.lraloeverashop.eu\/sk\/?s={search_term_string}"},"query-input":{"@type":"PropertyValueSpecification","valueRequired":true,"valueName":"search_term_string"}}],"inLanguage":"sk-SK"},{"@type":"Organization","@id":"https:\/\/www.lraloeverashop.eu\/sk\/#organization","name":"Lr Obchod Aloe Vera","alternateName":"LR","url":"https:\/\/www.lraloeverashop.eu\/sk\/","logo":{"@type":"ImageObject","inLanguage":"sk-SK","@id":"https:\/\/www.lraloeverashop.eu\/sk\/#\/schema\/logo\/image\/","url":"https:\/\/www.lraloeverashop.eu\/wp-content\/uploads\/2022\/09\/cropped-Lr-Aloe-Vera-Shop.jpg","contentUrl":"https:\/\/www.lraloeverashop.eu\/wp-content\/uploads\/2022\/09\/cropped-Lr-Aloe-Vera-Shop.jpg","width":228,"height":76,"caption":"Lr Obchod Aloe Vera"},"image":{"@id":"https:\/\/www.lraloeverashop.eu\/sk\/#\/schema\/logo\/image\/"},"sameAs":["https:\/\/www.facebook.com\/lraloeverashop.eu","https:\/\/x.com\/natur__kosmetik","https:\/\/www.youtube.com\/channel\/UC5oN7BJ8nfYb8RpVtjwDEBA","https:\/\/www.instagram.com\/lrbeautyeu\/"],"description":"Obchod Lr Aloe Vera je va\u0161\u00edm d\u00f4veryhodn\u00fdm miestom pre pr\u00e9miov\u00e9 produkty LR Health & Beauty vyroben\u00e9 v Nemecku. Pon\u00fakame vysokokvalitn\u00e9 rie\u0161enia starostlivosti o ple\u0165 s Aloe Vera, v\u00fd\u017eivu a proti starnutiu, vyroben\u00e9 z \u010dist\u00fdch ingredienci\u00ed a podlo\u017een\u00e9 vedeck\u00fdm v\u00fdskumom. Objavte pr\u00edrodn\u00fa starostlivos\u0165, ktor\u00e1 regeneruje, chr\u00e1ni a revitalizuje va\u0161u ple\u0165 \u2013 a vyu\u017eite exkluz\u00edvne mesa\u010dn\u00e9 ponuky na na\u0161e najpred\u00e1vanej\u0161ie produkty LR Aloe Vera.\nZa\u010dnite svoju cestu za pr\u00edrodnou starostlivos\u0165ou o ple\u0165 e\u0161te dnes a poc\u00ed\u0165te rozdiel.","email":"info@lraloeverashop.eu","telephone":"+49 17670609653","legalName":"Lr Aloe Vera Shop","foundingDate":"2018-04-21","numberOfEmployees":{"@type":"QuantitativeValue","minValue":"1","maxValue":"10"}}]},"product_price_amount":"179.99","product_price_currency":"EUR","og_availability":"instock","product_availability":"instock","product_retailer_item_id":"70106-1SK","product_condition":"new"},"taxonomy_info":{"product_cat":[{"value":276,"label":"Mu\u017ei nad 25 rokov"},{"value":270,"label":"Starostlivos\u0165 proti starnutiu"},{"value":396,"label":"Zeitgard"},{"value":360,"label":"Zeitgard Pro"},{"value":288,"label":"\u017deny do 40"},{"value":282,"label":"\u017deny nad 40 rokov"},{"value":355,"label":"Z\u013eavy"}],"product_tag":[{"value":680,"label":"na \u010distenie tv\u00e1re"}]},"featured_image_src_large":["https:\/\/www.lraloeverashop.eu\/wp-content\/uploads\/2022\/10\/Zeitgard-Pro-Cleansing-Set-1024x1024.jpg",1024,1024,true],"author_info":[],"comment_info":0,"_links":{"self":[{"href":"https:\/\/www.lraloeverashop.eu\/sk\/wp-json\/wp\/v2\/product\/8727","targetHints":{"allow":["GET"]}}],"collection":[{"href":"https:\/\/www.lraloeverashop.eu\/sk\/wp-json\/wp\/v2\/product"}],"about":[{"href":"https:\/\/www.lraloeverashop.eu\/sk\/wp-json\/wp\/v2\/types\/product"}],"replies":[{"embeddable":true,"href":"https:\/\/www.lraloeverashop.eu\/sk\/wp-json\/wp\/v2\/comments?post=8727"}],"wp:featuredmedia":[{"embeddable":true,"href":"https:\/\/www.lraloeverashop.eu\/sk\/wp-json\/wp\/v2\/media\/6046"}],"wp:attachment":[{"href":"https:\/\/www.lraloeverashop.eu\/sk\/wp-json\/wp\/v2\/media?parent=8727"}],"wp:term":[{"taxonomy":"product_brand","embeddable":true,"href":"https:\/\/www.lraloeverashop.eu\/sk\/wp-json\/wp\/v2\/product_brand?post=8727"},{"taxonomy":"product_cat","embeddable":true,"href":"https:\/\/www.lraloeverashop.eu\/sk\/wp-json\/wp\/v2\/product_cat?post=8727"},{"taxonomy":"product_tag","embeddable":true,"href":"https:\/\/www.lraloeverashop.eu\/sk\/wp-json\/wp\/v2\/product_tag?post=8727"}],"curies":[{"name":"wp","href":"https:\/\/api.w.org\/{rel}","templated":true}]}}