{"id":8717,"date":"2022-10-22T08:09:28","date_gmt":"2022-10-22T06:09:28","guid":{"rendered":"https:\/\/www.lraloeverashop.eu\/product\/zeitgard-pro-na-starostlivost-o-plet\/"},"modified":"2025-10-19T08:18:45","modified_gmt":"2025-10-19T06:18:45","slug":"zeitgard-pro-na-starostlivost-o-plet","status":"publish","type":"product","link":"https:\/\/www.lraloeverashop.eu\/sk\/produkt\/zeitgard-pro-na-starostlivost-o-plet\/","title":{"rendered":"Zeitgard Pro Na Starostlivost o Plet"},"content":{"rendered":"<h2><span style=\"font-size: 16pt; color: #000000;\"><strong>Zeitgard Pro Na Starostlivost o Plet<\/strong><\/span><\/h2>\n<p><span style=\"font-size: 14pt;\"><strong>Zeitgard Pro Na Starostlivost o Plet pre nad\u010dasov\u00fa kr\u00e1su<\/strong><\/span><\/p>\n<p>Zastavme \u010das s na\u0161\u00edm syst\u00e9mom starostlivosti o plet na \u00farovni sal\u00f3nu!<br \/>\nSada starostlivosti o ple\u0165 Zeitgard Pro je kombin\u00e1ciou inovat\u00edvnych technol\u00f3gi\u00ed, \u00fa\u010dinn\u00fdch o\u0161etruj\u00facich l\u00e1tok, jedine\u010dn\u00fdch text\u00far a \u0161pi\u010dkovej kvality \u201eMade in Germany\u201c pre trval\u00e9 v\u00fdsledky, v\u010faka ktor\u00fdm nebudeme trpie\u0165 vizu\u00e1lnymi efektmi staroby, ale staneme sa kraj\u0161\u00edmi.<\/p>\n<p>Zeitgard Pro na Starostlivost o Ple\u0165\u00a0 je vynikaj\u00face high-tech zariadenie, ktor\u00e9 kombinuje pokro\u010dil\u00e9 technol\u00f3gie, ako je ultrazvuk a oscil\u00e1cia, so \u0161tyrmi r\u00f4znymi kozmetick\u00fdmi n\u00e1stavcami v profesion\u00e1lnej kvalite.<\/p>\n<p>Pri v\u00fdmene nadstavcov inteligentn\u00e9 zariadenie rozpozn\u00e1, ktor\u00e1 technol\u00f3gia sa pou\u017e\u00edva.<\/p>\n<p>&nbsp;<\/p>\n<h3><span style=\"font-size: 16pt;\"><strong>Sada obsahuje:<\/strong><\/span><\/h3>\n<h4><span style=\"font-size: 14pt;\"><strong>Kozmetick\u00fd Pr\u00edstroj Zeitgard Pro:<\/strong><\/span><\/h4>\n<p>Lr Zeitgard Pro je individu\u00e1lne prisp\u00f4sobite\u013en\u00fd, vedecky navrhnut\u00fd a napriek tomu jednoduch\u00fd syst\u00e9m \u010distenia a starostlivosti, ktor\u00fd m\u00e1 tendenciu sp\u013a\u0148a\u0165 potreby s\u00favisiace s vekom aj individu\u00e1lne potreby starostlivosti o ple\u0165.<\/p>\n<h4><span style=\"font-size: 14pt;\"><strong>N\u00e1stavec na \u010distenie tv\u00e1re:<\/strong><\/span><\/h4>\n<p><a href=\"https:\/\/www.lraloeverashop.eu\/sk\/produkt\/cistiaca-kefka-na-tvar-zeitgard-pro\/\">Profesion\u00e1lny \u010distiaci n\u00e1stavec s oscil\u00e1ciou<\/a>.<br \/>\nM\u00f4\u017eete ho pou\u017ei\u0165 na ka\u017edodenn\u00e9 rann\u00e9 \u010distenie tv\u00e1re, ale aj ve\u010der na zbavenie tv\u00e1re make-upu a ne\u010dist\u00f4t. D\u00f4kladn\u00e9 \u010distenie tv\u00e1re je predpokladom \u00fa\u010dinnej starostlivosti o tv\u00e1r. Preto\u017ee iba \u010dist\u00e1 poko\u017eka dok\u00e1\u017ee skuto\u010dne absorbova\u0165 vz\u00e1cne zlo\u017eky o\u0161etruj\u00facich produktov, ktor\u00e9 n\u00e1sledne aplikujete.<\/p>\n<h4><span style=\"font-size: 14pt;\"><strong>Peelingov\u00fd n\u00e1stavec na tv\u00e1r:<\/strong><\/span><\/h4>\n<p>Intenz\u00edvny <a href=\"https:\/\/www.lraloeverashop.eu\/sk\/produkt\/peelingovy-nastavec-zeitgard-pro\/\">peelingov\u00fd n\u00e1stavec s ultrazvukom<\/a>.<br \/>\nPeeling je jedn\u00fdm z najlep\u0161\u00edch sp\u00f4sobov, ako z\u00edska\u0165 absol\u00fatne \u010dist\u00fa ple\u0165. Peelingov\u00fd n\u00e1stavec na tv\u00e1r pracuje s ultrazvukov\u00fdmi vibr\u00e1ciami, ktor\u00e9 p\u00f4sobia pri kontakte s poko\u017ekou a \u00fa\u010dinne odstra\u0148uj\u00fa ne\u010distoty, biele bodky, odumret\u00e9 ko\u017en\u00e9 bunky zrohovatenej vrstvy epidermy a prebyto\u010dn\u00fd maz na povrchu poko\u017eky.<\/p>\n<h4><span style=\"font-size: 14pt;\"><strong>Anti age n\u00e1stavec:<\/strong><\/span><\/h4>\n<p>Efekt\u00edvny n\u00e1stavec proti starnutiu s ultrazvukom<br \/>\nUltrazvukov\u00e9 vibr\u00e1cie p\u00f4sobia ako pas\u00edvny kont\u00farov\u00fd tr\u00e9ning pre va\u0161e tv\u00e1rov\u00e9 svaly, vr\u00e1tia prepadnut\u00e9 oblasti poko\u017eky sp\u00e4\u0165 do tvaru, podporuj\u00fa prietok krvi, akt\u00edvne stimuluj\u00fa spomalen\u00e9 bioprocesy v tkanive a zdvojn\u00e1sobuj\u00fa telu vlastn\u00fa tvorbu kolag\u00e9nu a elast\u00ednu. Va\u0161a poko\u017eka bude pevnej\u0161ia a tonizovanej\u0161ia. Pru\u017enos\u0165 poko\u017eky sa zvy\u0161uje a spojivov\u00e9 tkanivo sa nap\u00edna. Linky smiechu a such\u00e9 vr\u00e1sky s\u00fa redukovan\u00e9.<\/p>\n<h4><span style=\"font-size: 14pt;\"><strong>Telov\u00fd mas\u00e1\u017eny n\u00e1stavec:<\/strong><\/span><\/h4>\n<p>Spev\u0148uj\u00faci telov\u00fd mas\u00e1\u017eny n\u00e1stavec s ultrazvukom a vibr\u00e1ciami<br \/>\nN\u00e1stavec na mas\u00e1\u017e tela v s\u00faprave starostlivosti o ple\u0165 Zeitgard Pro bol prim\u00e1rne navrhnut\u00fd tak, aby nap\u00ednal poko\u017eku na ruk\u00e1ch, bruchu, noh\u00e1ch a zado\u010dku. Body Skinccare Attachment odpor\u00fa\u010dame \u017een\u00e1m od r<br \/>\nz 25, ktor\u00ed chc\u00fa ma\u0165 hladk\u00fa poko\u017eku bez zn\u00e1mok celulit\u00eddy (pomaran\u010dov\u00e1 ko\u017ea) \u2013 nap\u00edna poko\u017eku, dod\u00e1va jej pevnos\u0165 a podporuje prirodzen\u00fa schopnos\u0165 tela odstra\u0148ova\u0165 \u0161kodliviny prostredn\u00edctvom cievneho a lymfatick\u00e9ho syst\u00e9mu.<\/p>\n<h4><span style=\"font-size: 14pt;\"><strong>Zeitgard Spev\u0148uj\u00faci Telov\u00fd Kr\u00e9m:<\/strong><\/span><\/h4>\n<p>Spev\u0148uj\u00faci telov\u00fd kr\u00e9m so syst\u00e9mom transportu \u00fa\u010dinn\u00fdch l\u00e1tok obsahuje zapuzdren\u00fa \u00fa\u010dinn\u00fa l\u00e1tku, ktor\u00e1 spev\u0148uje poko\u017eku a zni\u017euje jej drsnos\u0165. Obnovuje prirodzen\u00fa kolag\u00e9nov\u00fa \u0161trukt\u00faru poko\u017eky, zvlh\u010duje ju a via\u017ee ju v poko\u017eke. Panthenol a vitam\u00edn E posil\u0148uj\u00fa va\u0161u bari\u00e9rov\u00fa funkciu, kyselina hyalur\u00f3nov\u00e1 ju vidite\u013ene vyp\u013a\u0148a. Poko\u017eka m\u00e1 v\u00e4\u010d\u0161iu elasticitu a odolnos\u0165 a je hodv\u00e1bna a hladk\u00e1.<\/p>\n<h4><span style=\"font-size: 14pt;\"><strong>\u010cistiaci kr\u00e9m Zeitgard Pro:<\/strong><\/span><\/h4>\n<p>\u010cistiaci kr\u00e9m v s\u00faprave starostlivosti o ple\u0165 Zeitgard Pro jemne, ale d\u00f4kladne \u010dist\u00ed poko\u017eku tv\u00e1re v kombin\u00e1cii s n\u00e1stavcom na \u010distenie tv\u00e1re. Jemn\u00fd kr\u00e9m s extraktom z Harungany podporuje regener\u00e1ciu poko\u017eky a zlep\u0161uje jej vzh\u013ead. V\u00fdsledok: revitalizovan\u00e1, jemne zmatnen\u00e1 ple\u0165.<\/p>\n<h4><span style=\"font-size: 14pt;\"><strong>Toner na tv\u00e1r Zeitgard Pro:<\/strong><\/span><\/h4>\n<p>Ple\u0165ov\u00fd toner prejas\u0148uje a upokojuje poko\u017eku po o\u0161etren\u00ed \u010distiacou kefkou alebo kavita\u010dn\u00fdm peelingom. Posil\u0148uje prirodzen\u00fa ochrann\u00fa funkciu poko\u017eky so zinkom, alanto\u00ednom a pantenolom a m\u00e1 povzbudzuj\u00face \u00fa\u010dinky v\u010faka extraktu z Harungany. Zlo\u017eenie bez alkoholu je vhodn\u00e9 pre v\u0161etky typy pleti a obnovuje prirodzen\u00fa hodnotu pH poko\u017eky.<\/p>\n<p>Kozmetick\u00fd pr\u00edstroj na dom\u00e1ce pou\u017eitie s vymenite\u013en\u00fdmi n\u00e1stavcami, patent v Nemecku: Patent \u010d.: 10 2022 200 747.6<\/p>\n","protected":false},"excerpt":{"rendered":"<ul>\n<li>High-tech zariadenie s pokro\u010dil\u00fdmi technol\u00f3giami, ako je ultrazvuk a oscil\u00e1cia<\/li>\n<li>So \u0161tyrmi profesion\u00e1lnymi kozmetick\u00fdmi n\u00e1stavcami na tv\u00e1r a telo<\/li>\n<li>Jednoduch\u00e1 v\u00fdmena n\u00e1stavcov pomocou funkcie kliknutia<\/li>\n<li>\u0160t\u00fadio kr\u00e1sy doma<\/li>\n<li>Vyroben\u00e9 v Nemecku<\/li>\n<\/ul>\n<p>&nbsp;<\/p>\n","protected":false},"featured_media":6064,"comment_status":"open","ping_status":"closed","template":"","meta":{"_kad_blocks_custom_css":"","_kad_blocks_head_custom_js":"","_kad_blocks_body_custom_js":"","_kad_blocks_footer_custom_js":"","_kadence_starter_templates_imported_post":false,"_kad_post_transparent":"default","_kad_post_title":"","_kad_post_layout":"default","_kad_post_sidebar_id":"","_kad_post_content_style":"default","_kad_post_vertical_padding":"default","_kad_post_feature":"","_kad_post_feature_position":"","_kad_post_header":false,"_kad_post_footer":false,"_kad_post_classname":""},"product_brand":[],"product_cat":[276,270,396,360,288,282,355],"product_tag":[680,706,707],"class_list":{"0":"post-8717","1":"product","2":"type-product","3":"status-publish","4":"has-post-thumbnail","6":"product_cat-muzi-nad-25-rokov","7":"product_cat-starostlivost-proti-starnutiu","8":"product_cat-zeitgard-sk","9":"product_cat-zeitgard-pro-sk","10":"product_cat-zeny-do-40","11":"product_cat-zeny-nad-40-rokov","12":"product_cat-zlavy","13":"product_tag-na-cistenie-tvare","14":"product_tag-na-vrasky-na-tvari","15":"product_tag-na-vrasky-pod-ocami","17":"first","18":"instock","19":"sale","20":"taxable","21":"shipping-taxable","22":"purchasable","23":"product-type-simple","24":"entry","25":"content-bg","26":"loop-entry"},"yoast_head":"<!-- This site is optimized with the Yoast SEO Premium plugin v27.5 (Yoast SEO v27.5) - https:\/\/yoast.com\/product\/yoast-seo-premium-wordpress\/ -->\n<title>Zeitgard Pro Na Starostlivost o Plet pre nad\u010dasov\u00fa kr\u00e1su<\/title>\n<meta name=\"description\" content=\"Zeitgard Pro na starostlivost o plet je kombin\u00e1cia inovat\u00edvnych technol\u00f3gi\u00ed, o\u0161etruj\u00facich l\u00e1tok, jedine\u010dn\u00fdch text\u00far a \u0161pi\u010dkovej kvality Made in Germany\" \/>\n<meta name=\"robots\" content=\"index, follow, max-snippet:-1, max-image-preview:large, max-video-preview:-1\" \/>\n<link rel=\"canonical\" href=\"https:\/\/www.lraloeverashop.eu\/sk\/produkt\/zeitgard-pro-na-starostlivost-o-plet\/\" \/>\n<meta property=\"og:locale\" content=\"sk_SK\" \/>\n<meta property=\"og:type\" content=\"article\" \/>\n<meta property=\"og:title\" content=\"Zeitgard Pro Na Starostlivost o Plet\" \/>\n<meta property=\"og:description\" content=\"Zeitgard Pro na starostlivost o plet je kombin\u00e1cia inovat\u00edvnych technol\u00f3gi\u00ed, o\u0161etruj\u00facich l\u00e1tok, jedine\u010dn\u00fdch text\u00far a \u0161pi\u010dkovej kvality Made in Germany\" \/>\n<meta property=\"og:url\" content=\"https:\/\/www.lraloeverashop.eu\/sk\/produkt\/zeitgard-pro-na-starostlivost-o-plet\/\" \/>\n<meta property=\"og:site_name\" content=\"Lr Obchod Aloe Vera\" \/>\n<meta property=\"article:publisher\" content=\"https:\/\/www.facebook.com\/lraloeverashop.eu\" \/>\n<meta property=\"article:modified_time\" content=\"2025-10-19T06:18:45+00:00\" \/>\n<meta property=\"og:image\" content=\"https:\/\/www.lraloeverashop.eu\/wp-content\/uploads\/2022\/10\/Zeitgard-Pro-Skin-Care-Set.jpg\" \/>\n\t<meta property=\"og:image:width\" content=\"1200\" \/>\n\t<meta property=\"og:image:height\" content=\"1200\" \/>\n\t<meta property=\"og:image:type\" content=\"image\/jpeg\" \/>\n<meta name=\"twitter:card\" content=\"summary_large_image\" \/>\n<meta name=\"twitter:site\" content=\"@natur__kosmetik\" \/>\n<script type=\"application\/ld+json\" class=\"yoast-schema-graph\">{\"@context\":\"https:\\\/\\\/schema.org\",\"@graph\":[{\"@type\":[\"WebPage\",\"ItemPage\"],\"@id\":\"https:\\\/\\\/www.lraloeverashop.eu\\\/sk\\\/produkt\\\/zeitgard-pro-na-starostlivost-o-plet\\\/\",\"url\":\"https:\\\/\\\/www.lraloeverashop.eu\\\/sk\\\/produkt\\\/zeitgard-pro-na-starostlivost-o-plet\\\/\",\"name\":\"Zeitgard Pro Na Starostlivost o Plet pre nad\u010dasov\u00fa kr\u00e1su\",\"isPartOf\":{\"@id\":\"https:\\\/\\\/www.lraloeverashop.eu\\\/sk\\\/#website\"},\"primaryImageOfPage\":{\"@id\":\"https:\\\/\\\/www.lraloeverashop.eu\\\/sk\\\/produkt\\\/zeitgard-pro-na-starostlivost-o-plet\\\/#primaryimage\"},\"image\":{\"@id\":\"https:\\\/\\\/www.lraloeverashop.eu\\\/sk\\\/produkt\\\/zeitgard-pro-na-starostlivost-o-plet\\\/#primaryimage\"},\"thumbnailUrl\":\"https:\\\/\\\/www.lraloeverashop.eu\\\/wp-content\\\/uploads\\\/2022\\\/10\\\/Zeitgard-Pro-Skin-Care-Set.jpg\",\"datePublished\":\"2022-10-22T06:09:28+00:00\",\"dateModified\":\"2025-10-19T06:18:45+00:00\",\"description\":\"Zeitgard Pro na starostlivost o plet je kombin\u00e1cia inovat\u00edvnych technol\u00f3gi\u00ed, o\u0161etruj\u00facich l\u00e1tok, jedine\u010dn\u00fdch text\u00far a \u0161pi\u010dkovej kvality Made in Germany\",\"breadcrumb\":{\"@id\":\"https:\\\/\\\/www.lraloeverashop.eu\\\/sk\\\/produkt\\\/zeitgard-pro-na-starostlivost-o-plet\\\/#breadcrumb\"},\"inLanguage\":\"sk-SK\",\"potentialAction\":[{\"@type\":\"ReadAction\",\"target\":[\"https:\\\/\\\/www.lraloeverashop.eu\\\/sk\\\/produkt\\\/zeitgard-pro-na-starostlivost-o-plet\\\/\"]}]},{\"@type\":\"ImageObject\",\"inLanguage\":\"sk-SK\",\"@id\":\"https:\\\/\\\/www.lraloeverashop.eu\\\/sk\\\/produkt\\\/zeitgard-pro-na-starostlivost-o-plet\\\/#primaryimage\",\"url\":\"https:\\\/\\\/www.lraloeverashop.eu\\\/wp-content\\\/uploads\\\/2022\\\/10\\\/Zeitgard-Pro-Skin-Care-Set.jpg\",\"contentUrl\":\"https:\\\/\\\/www.lraloeverashop.eu\\\/wp-content\\\/uploads\\\/2022\\\/10\\\/Zeitgard-Pro-Skin-Care-Set.jpg\",\"width\":1200,\"height\":1200,\"caption\":\"Sada starostlivosti o ple\u0165 Zeitgard Pro\"},{\"@type\":\"BreadcrumbList\",\"@id\":\"https:\\\/\\\/www.lraloeverashop.eu\\\/sk\\\/produkt\\\/zeitgard-pro-na-starostlivost-o-plet\\\/#breadcrumb\",\"itemListElement\":[{\"@type\":\"ListItem\",\"position\":1,\"name\":\"Home\",\"item\":\"https:\\\/\\\/www.lraloeverashop.eu\\\/sk\\\/aloe-vera-obchod-vsetko-pre-vasu-krasu-a-pohodu\\\/\"},{\"@type\":\"ListItem\",\"position\":2,\"name\":\"Obchod\",\"item\":\"https:\\\/\\\/www.lraloeverashop.eu\\\/sk\\\/obchod\\\/\"},{\"@type\":\"ListItem\",\"position\":3,\"name\":\"Zeitgard Pro Na Starostlivost o Plet\"}]},{\"@type\":\"WebSite\",\"@id\":\"https:\\\/\\\/www.lraloeverashop.eu\\\/sk\\\/#website\",\"url\":\"https:\\\/\\\/www.lraloeverashop.eu\\\/sk\\\/\",\"name\":\"Lr Obchod Aloe Vera\",\"description\":\"High Quality Lr Aloe Vera Gel, Aloe Vera Cream and Shampoo\",\"publisher\":{\"@id\":\"https:\\\/\\\/www.lraloeverashop.eu\\\/sk\\\/#organization\"},\"alternateName\":\"LR\",\"potentialAction\":[{\"@type\":\"SearchAction\",\"target\":{\"@type\":\"EntryPoint\",\"urlTemplate\":\"https:\\\/\\\/www.lraloeverashop.eu\\\/sk\\\/?s={search_term_string}\"},\"query-input\":{\"@type\":\"PropertyValueSpecification\",\"valueRequired\":true,\"valueName\":\"search_term_string\"}}],\"inLanguage\":\"sk-SK\"},{\"@type\":\"Organization\",\"@id\":\"https:\\\/\\\/www.lraloeverashop.eu\\\/sk\\\/#organization\",\"name\":\"Lr Obchod Aloe Vera\",\"alternateName\":\"LR\",\"url\":\"https:\\\/\\\/www.lraloeverashop.eu\\\/sk\\\/\",\"logo\":{\"@type\":\"ImageObject\",\"inLanguage\":\"sk-SK\",\"@id\":\"https:\\\/\\\/www.lraloeverashop.eu\\\/sk\\\/#\\\/schema\\\/logo\\\/image\\\/\",\"url\":\"https:\\\/\\\/www.lraloeverashop.eu\\\/wp-content\\\/uploads\\\/2022\\\/09\\\/cropped-Lr-Aloe-Vera-Shop.jpg\",\"contentUrl\":\"https:\\\/\\\/www.lraloeverashop.eu\\\/wp-content\\\/uploads\\\/2022\\\/09\\\/cropped-Lr-Aloe-Vera-Shop.jpg\",\"width\":228,\"height\":76,\"caption\":\"Lr Obchod Aloe Vera\"},\"image\":{\"@id\":\"https:\\\/\\\/www.lraloeverashop.eu\\\/sk\\\/#\\\/schema\\\/logo\\\/image\\\/\"},\"sameAs\":[\"https:\\\/\\\/www.facebook.com\\\/lraloeverashop.eu\",\"https:\\\/\\\/x.com\\\/natur__kosmetik\",\"https:\\\/\\\/www.youtube.com\\\/channel\\\/UC5oN7BJ8nfYb8RpVtjwDEBA\",\"https:\\\/\\\/www.instagram.com\\\/lrbeautyeu\\\/\"],\"description\":\"Obchod Lr Aloe Vera je va\u0161\u00edm d\u00f4veryhodn\u00fdm miestom pre pr\u00e9miov\u00e9 produkty LR Health & Beauty vyroben\u00e9 v Nemecku. Pon\u00fakame vysokokvalitn\u00e9 rie\u0161enia starostlivosti o ple\u0165 s Aloe Vera, v\u00fd\u017eivu a proti starnutiu, vyroben\u00e9 z \u010dist\u00fdch ingredienci\u00ed a podlo\u017een\u00e9 vedeck\u00fdm v\u00fdskumom. Objavte pr\u00edrodn\u00fa starostlivos\u0165, ktor\u00e1 regeneruje, chr\u00e1ni a revitalizuje va\u0161u ple\u0165 \u2013 a vyu\u017eite exkluz\u00edvne mesa\u010dn\u00e9 ponuky na na\u0161e najpred\u00e1vanej\u0161ie produkty LR Aloe Vera.\\nZa\u010dnite svoju cestu za pr\u00edrodnou starostlivos\u0165ou o ple\u0165 e\u0161te dnes a poc\u00ed\u0165te rozdiel.\",\"email\":\"info@lraloeverashop.eu\",\"telephone\":\"+49 17670609653\",\"legalName\":\"Lr Aloe Vera Shop\",\"foundingDate\":\"2018-04-21\",\"numberOfEmployees\":{\"@type\":\"QuantitativeValue\",\"minValue\":\"1\",\"maxValue\":\"10\"}}]}<\/script>\n<meta property=\"product:price:amount\" content=\"370.00\" \/>\n<meta property=\"product:price:currency\" content=\"EUR\" \/>\n<meta property=\"og:availability\" content=\"instock\" \/>\n<meta property=\"product:availability\" content=\"instock\" \/>\n<meta property=\"product:retailer_item_id\" content=\"70111-1SK\" \/>\n<meta property=\"product:condition\" content=\"new\" \/>\n<!-- \/ Yoast SEO Premium plugin. -->","yoast_head_json":{"title":"Zeitgard Pro Na Starostlivost o Plet pre nad\u010dasov\u00fa kr\u00e1su","description":"Zeitgard Pro na starostlivost o plet je kombin\u00e1cia inovat\u00edvnych technol\u00f3gi\u00ed, o\u0161etruj\u00facich l\u00e1tok, jedine\u010dn\u00fdch text\u00far a \u0161pi\u010dkovej kvality Made in Germany","robots":{"index":"index","follow":"follow","max-snippet":"max-snippet:-1","max-image-preview":"max-image-preview:large","max-video-preview":"max-video-preview:-1"},"canonical":"https:\/\/www.lraloeverashop.eu\/sk\/produkt\/zeitgard-pro-na-starostlivost-o-plet\/","og_locale":"sk_SK","og_type":"article","og_title":"Zeitgard Pro Na Starostlivost o Plet","og_description":"Zeitgard Pro na starostlivost o plet je kombin\u00e1cia inovat\u00edvnych technol\u00f3gi\u00ed, o\u0161etruj\u00facich l\u00e1tok, jedine\u010dn\u00fdch text\u00far a \u0161pi\u010dkovej kvality Made in Germany","og_url":"https:\/\/www.lraloeverashop.eu\/sk\/produkt\/zeitgard-pro-na-starostlivost-o-plet\/","og_site_name":"Lr Obchod Aloe Vera","article_publisher":"https:\/\/www.facebook.com\/lraloeverashop.eu","article_modified_time":"2025-10-19T06:18:45+00:00","og_image":[{"width":1200,"height":1200,"url":"https:\/\/www.lraloeverashop.eu\/wp-content\/uploads\/2022\/10\/Zeitgard-Pro-Skin-Care-Set.jpg","type":"image\/jpeg"}],"twitter_card":"summary_large_image","twitter_site":"@natur__kosmetik","schema":{"@context":"https:\/\/schema.org","@graph":[{"@type":["WebPage","ItemPage"],"@id":"https:\/\/www.lraloeverashop.eu\/sk\/produkt\/zeitgard-pro-na-starostlivost-o-plet\/","url":"https:\/\/www.lraloeverashop.eu\/sk\/produkt\/zeitgard-pro-na-starostlivost-o-plet\/","name":"Zeitgard Pro Na Starostlivost o Plet pre nad\u010dasov\u00fa kr\u00e1su","isPartOf":{"@id":"https:\/\/www.lraloeverashop.eu\/sk\/#website"},"primaryImageOfPage":{"@id":"https:\/\/www.lraloeverashop.eu\/sk\/produkt\/zeitgard-pro-na-starostlivost-o-plet\/#primaryimage"},"image":{"@id":"https:\/\/www.lraloeverashop.eu\/sk\/produkt\/zeitgard-pro-na-starostlivost-o-plet\/#primaryimage"},"thumbnailUrl":"https:\/\/www.lraloeverashop.eu\/wp-content\/uploads\/2022\/10\/Zeitgard-Pro-Skin-Care-Set.jpg","datePublished":"2022-10-22T06:09:28+00:00","dateModified":"2025-10-19T06:18:45+00:00","description":"Zeitgard Pro na starostlivost o plet je kombin\u00e1cia inovat\u00edvnych technol\u00f3gi\u00ed, o\u0161etruj\u00facich l\u00e1tok, jedine\u010dn\u00fdch text\u00far a \u0161pi\u010dkovej kvality Made in Germany","breadcrumb":{"@id":"https:\/\/www.lraloeverashop.eu\/sk\/produkt\/zeitgard-pro-na-starostlivost-o-plet\/#breadcrumb"},"inLanguage":"sk-SK","potentialAction":[{"@type":"ReadAction","target":["https:\/\/www.lraloeverashop.eu\/sk\/produkt\/zeitgard-pro-na-starostlivost-o-plet\/"]}]},{"@type":"ImageObject","inLanguage":"sk-SK","@id":"https:\/\/www.lraloeverashop.eu\/sk\/produkt\/zeitgard-pro-na-starostlivost-o-plet\/#primaryimage","url":"https:\/\/www.lraloeverashop.eu\/wp-content\/uploads\/2022\/10\/Zeitgard-Pro-Skin-Care-Set.jpg","contentUrl":"https:\/\/www.lraloeverashop.eu\/wp-content\/uploads\/2022\/10\/Zeitgard-Pro-Skin-Care-Set.jpg","width":1200,"height":1200,"caption":"Sada starostlivosti o ple\u0165 Zeitgard Pro"},{"@type":"BreadcrumbList","@id":"https:\/\/www.lraloeverashop.eu\/sk\/produkt\/zeitgard-pro-na-starostlivost-o-plet\/#breadcrumb","itemListElement":[{"@type":"ListItem","position":1,"name":"Home","item":"https:\/\/www.lraloeverashop.eu\/sk\/aloe-vera-obchod-vsetko-pre-vasu-krasu-a-pohodu\/"},{"@type":"ListItem","position":2,"name":"Obchod","item":"https:\/\/www.lraloeverashop.eu\/sk\/obchod\/"},{"@type":"ListItem","position":3,"name":"Zeitgard Pro Na Starostlivost o Plet"}]},{"@type":"WebSite","@id":"https:\/\/www.lraloeverashop.eu\/sk\/#website","url":"https:\/\/www.lraloeverashop.eu\/sk\/","name":"Lr Obchod Aloe Vera","description":"High Quality Lr Aloe Vera Gel, Aloe Vera Cream and Shampoo","publisher":{"@id":"https:\/\/www.lraloeverashop.eu\/sk\/#organization"},"alternateName":"LR","potentialAction":[{"@type":"SearchAction","target":{"@type":"EntryPoint","urlTemplate":"https:\/\/www.lraloeverashop.eu\/sk\/?s={search_term_string}"},"query-input":{"@type":"PropertyValueSpecification","valueRequired":true,"valueName":"search_term_string"}}],"inLanguage":"sk-SK"},{"@type":"Organization","@id":"https:\/\/www.lraloeverashop.eu\/sk\/#organization","name":"Lr Obchod Aloe Vera","alternateName":"LR","url":"https:\/\/www.lraloeverashop.eu\/sk\/","logo":{"@type":"ImageObject","inLanguage":"sk-SK","@id":"https:\/\/www.lraloeverashop.eu\/sk\/#\/schema\/logo\/image\/","url":"https:\/\/www.lraloeverashop.eu\/wp-content\/uploads\/2022\/09\/cropped-Lr-Aloe-Vera-Shop.jpg","contentUrl":"https:\/\/www.lraloeverashop.eu\/wp-content\/uploads\/2022\/09\/cropped-Lr-Aloe-Vera-Shop.jpg","width":228,"height":76,"caption":"Lr Obchod Aloe Vera"},"image":{"@id":"https:\/\/www.lraloeverashop.eu\/sk\/#\/schema\/logo\/image\/"},"sameAs":["https:\/\/www.facebook.com\/lraloeverashop.eu","https:\/\/x.com\/natur__kosmetik","https:\/\/www.youtube.com\/channel\/UC5oN7BJ8nfYb8RpVtjwDEBA","https:\/\/www.instagram.com\/lrbeautyeu\/"],"description":"Obchod Lr Aloe Vera je va\u0161\u00edm d\u00f4veryhodn\u00fdm miestom pre pr\u00e9miov\u00e9 produkty LR Health & Beauty vyroben\u00e9 v Nemecku. Pon\u00fakame vysokokvalitn\u00e9 rie\u0161enia starostlivosti o ple\u0165 s Aloe Vera, v\u00fd\u017eivu a proti starnutiu, vyroben\u00e9 z \u010dist\u00fdch ingredienci\u00ed a podlo\u017een\u00e9 vedeck\u00fdm v\u00fdskumom. Objavte pr\u00edrodn\u00fa starostlivos\u0165, ktor\u00e1 regeneruje, chr\u00e1ni a revitalizuje va\u0161u ple\u0165 \u2013 a vyu\u017eite exkluz\u00edvne mesa\u010dn\u00e9 ponuky na na\u0161e najpred\u00e1vanej\u0161ie produkty LR Aloe Vera.\nZa\u010dnite svoju cestu za pr\u00edrodnou starostlivos\u0165ou o ple\u0165 e\u0161te dnes a poc\u00ed\u0165te rozdiel.","email":"info@lraloeverashop.eu","telephone":"+49 17670609653","legalName":"Lr Aloe Vera Shop","foundingDate":"2018-04-21","numberOfEmployees":{"@type":"QuantitativeValue","minValue":"1","maxValue":"10"}}]},"product_price_amount":"370.00","product_price_currency":"EUR","og_availability":"instock","product_availability":"instock","product_retailer_item_id":"70111-1SK","product_condition":"new"},"taxonomy_info":{"product_cat":[{"value":276,"label":"Mu\u017ei nad 25 rokov"},{"value":270,"label":"Starostlivos\u0165 proti starnutiu"},{"value":396,"label":"Zeitgard"},{"value":360,"label":"Zeitgard Pro"},{"value":288,"label":"\u017deny do 40"},{"value":282,"label":"\u017deny nad 40 rokov"},{"value":355,"label":"Z\u013eavy"}],"product_tag":[{"value":680,"label":"na \u010distenie tv\u00e1re"},{"value":706,"label":"na vr\u00e1sky na tv\u00e1ri"},{"value":707,"label":"na vr\u00e1sky pod o\u010dami"}]},"featured_image_src_large":["https:\/\/www.lraloeverashop.eu\/wp-content\/uploads\/2022\/10\/Zeitgard-Pro-Skin-Care-Set-1024x1024.jpg",1024,1024,true],"author_info":[],"comment_info":0,"_links":{"self":[{"href":"https:\/\/www.lraloeverashop.eu\/sk\/wp-json\/wp\/v2\/product\/8717","targetHints":{"allow":["GET"]}}],"collection":[{"href":"https:\/\/www.lraloeverashop.eu\/sk\/wp-json\/wp\/v2\/product"}],"about":[{"href":"https:\/\/www.lraloeverashop.eu\/sk\/wp-json\/wp\/v2\/types\/product"}],"replies":[{"embeddable":true,"href":"https:\/\/www.lraloeverashop.eu\/sk\/wp-json\/wp\/v2\/comments?post=8717"}],"wp:featuredmedia":[{"embeddable":true,"href":"https:\/\/www.lraloeverashop.eu\/sk\/wp-json\/wp\/v2\/media\/6064"}],"wp:attachment":[{"href":"https:\/\/www.lraloeverashop.eu\/sk\/wp-json\/wp\/v2\/media?parent=8717"}],"wp:term":[{"taxonomy":"product_brand","embeddable":true,"href":"https:\/\/www.lraloeverashop.eu\/sk\/wp-json\/wp\/v2\/product_brand?post=8717"},{"taxonomy":"product_cat","embeddable":true,"href":"https:\/\/www.lraloeverashop.eu\/sk\/wp-json\/wp\/v2\/product_cat?post=8717"},{"taxonomy":"product_tag","embeddable":true,"href":"https:\/\/www.lraloeverashop.eu\/sk\/wp-json\/wp\/v2\/product_tag?post=8717"}],"curies":[{"name":"wp","href":"https:\/\/api.w.org\/{rel}","templated":true}]}}