{"id":8704,"date":"2022-10-23T07:53:55","date_gmt":"2022-10-23T05:53:55","guid":{"rendered":"https:\/\/www.lraloeverashop.eu\/product\/cistiaca-kefka-na-tvar-zeitgard-pro\/"},"modified":"2025-09-12T10:22:28","modified_gmt":"2025-09-12T08:22:28","slug":"cistiaca-kefka-na-tvar-zeitgard-pro","status":"publish","type":"product","link":"https:\/\/www.lraloeverashop.eu\/sk\/produkt\/cistiaca-kefka-na-tvar-zeitgard-pro\/","title":{"rendered":"\u010cistiaca kefka na tv\u00e1r Zeitgard Pro"},"content":{"rendered":"<h2><span style=\"font-size: 16pt; color: #000000;\"><strong>\u010cistiaca Kefka na Tv\u00e1r Zeitgard Pro<\/strong><\/span><\/h2>\n<p><span style=\"font-size: 14pt;\"><strong>\u010cistiaca Kefka na Tv\u00e1r Zeitgard Pro na h\u013abkov\u00e9 \u010distenie pleti pri ka\u017edej aplik\u00e1cii<\/strong><\/span><\/p>\n<p>\u010cistiaca kefka na tv\u00e1r Zeitgard Pro prin\u00e1\u0161a revol\u00faciu do klasick\u00e9ho \u010distenia tv\u00e1re. Je \u00fa\u010dinnej\u0161ie ako ru\u010dn\u00e9 \u010distenie tv\u00e1re a hlavne \u0161etrn\u00e9 k poko\u017eke. S\u00fahra <a href=\"https:\/\/www.lraloeverashop.eu\/sk\/produkt\/zeitgard-pro-set-na-cistenie-tvare\/\">Zeitgard Pro<\/a> a \u0161peci\u00e1lne vyvinut\u00e1 \u010distiaca text\u00fara vytv\u00e1ra jemn\u00fa \u201esie\u0165ku\u201c, ktor\u00e1 rozp\u00fa\u0161\u0165a, via\u017ee a d\u00f4kladne odstra\u0148uje ne\u010distoty z poko\u017eky. Va\u0161a poko\u017eka je optim\u00e1lne pripraven\u00e1 na n\u00e1sledn\u00fa starostlivos\u0165 o tv\u00e1r. Ple\u0165 vyzer\u00e1 upravene, hlad\u0161ie a \u017eiarivej\u0161ie.<\/p>\n<p>\u010cistiaca kefa na tv\u00e1r v\u00e1m znova a znova zaist\u00ed wow efekt. Jednoducho odstr\u00e1\u0148te pou\u017eit\u00fa hlavicu kefky na \u010distenie tv\u00e1re v\u00e1\u0161ho <a href=\"https:\/\/www.lraloeverashop.eu\/sk\/produkt\/zeitgard-pro-na-cistenie-pleti\/\">Zeitgard Pro<\/a> a nasa\u010fte na \u0148u nov\u00fa. Voila! Va\u0161a cistiaca kefa na tv\u00e1r je ako nov\u00e1!<\/p>\n<p>&nbsp;<\/p>\n<h3><span style=\"font-size: 16pt;\"><strong>Sp\u00f4sob pou\u017eitia<\/strong><\/span><\/h3>\n<p>\u010cistiaca kefka na tv\u00e1r Zeitgard Pro sa \u013eahko vymie\u0148a. Stla\u010dte tla\u010didlo na zadnej strane zariadenia a stiahnite n\u00e1stavec.<br \/>\nNa upevnenie nov\u00e9ho n\u00e1stavca na n\u00e1sadu zasu\u0148te n\u00e1stavec pozd\u013a\u017e vodiacich dr\u00e1\u017eok do otvoru, k\u00fdm nezapadne na miesto. Budete po\u010du\u0165 jemn\u00e9 \u201ecvaknutie\u201c. Mo\u017eno budete musie\u0165 jemne stla\u010di\u0165 nadstavec, aby zapadol na miesto. Nevyv\u00edjajte pr\u00edli\u0161 ve\u013ek\u00fd tlak. Ak chcete n\u00e1stavec znova odstr\u00e1ni\u0165, stla\u010dte tla\u010didlo na zadnej strane n\u00e1sadca a s\u00fa\u010dasne n\u00e1stavec stiahnite zo zariadenia.<\/p>\n<p><img loading=\"lazy\" decoding=\"async\" class=\"aligncenter wp-image-3133\" src=\"https:\/\/www.lraloeverashop.eu\/wp-content\/uploads\/2022\/10\/Lr-Zeitgard-Pro-Face-Cleansing-Brush-in-use-1024x360.jpg\" alt=\"Lr Zeitgard Pro Face Cleansing Brush in use\" width=\"1198\" height=\"421\" srcset=\"https:\/\/www.lraloeverashop.eu\/wp-content\/uploads\/2022\/10\/Lr-Zeitgard-Pro-Face-Cleansing-Brush-in-use-1024x360.jpg 1024w, https:\/\/www.lraloeverashop.eu\/wp-content\/uploads\/2022\/10\/Lr-Zeitgard-Pro-Face-Cleansing-Brush-in-use-600x211.jpg 600w, https:\/\/www.lraloeverashop.eu\/wp-content\/uploads\/2022\/10\/Lr-Zeitgard-Pro-Face-Cleansing-Brush-in-use-300x105.jpg 300w, https:\/\/www.lraloeverashop.eu\/wp-content\/uploads\/2022\/10\/Lr-Zeitgard-Pro-Face-Cleansing-Brush-in-use-768x270.jpg 768w, https:\/\/www.lraloeverashop.eu\/wp-content\/uploads\/2022\/10\/Lr-Zeitgard-Pro-Face-Cleansing-Brush-in-use-1536x540.jpg 1536w, https:\/\/www.lraloeverashop.eu\/wp-content\/uploads\/2022\/10\/Lr-Zeitgard-Pro-Face-Cleansing-Brush-in-use-2048x720.jpg 2048w\" sizes=\"auto, (max-width: 1198px) 100vw, 1198px\" \/><\/p>\n<p>&nbsp;<\/p>\n<h4><span style=\"font-size: 16pt;\">Z ak\u00e9ho materi\u00e1lu je \u010cistiaca kefka na tv\u00e1r vyroben\u00e1?<\/span><\/h4>\n<p>Vl\u00e1kna kefiek boli vyvinut\u00e9 v n\u00e1ro\u010dn\u00fdch testoch \u0161peci\u00e1lne pre LR. Len tak m\u00f4\u017eeme dosiahnu\u0165 overen\u00e9 a vidite\u013en\u00e9 v\u00fdsledky. Pri v\u00fdvoji kefiek sa LR spolieha na pridanie Microsilver BG \u2122 okrem \u0161peci\u00e1lnych vlastnost\u00ed \u0161trukt\u00fary vl\u00e1kna. U\u017e roky je s\u00fa\u010das\u0165ou mnoh\u00fdch produktov starostlivosti a \u010distenia v LR.<\/p>\n<p><strong>V\u00fdhoda:<\/strong> V\u010faka molekul\u00e1rnemu pohybu sa i\u00f3ny striebra dost\u00e1vaj\u00fa na povrch aj z takzvan\u00e9ho \u201evn\u00fatorn\u00e9ho depotu\u201c filamentov. Antibakteri\u00e1lny \u201eochrann\u00fd \u0161t\u00edt\u201c je tak trvalo udr\u017eiavan\u00fd na vl\u00e1knach.<\/p>\n<p>Pre kefku na \u010distenie tv\u00e1re LR Zeitgard Pro to znamen\u00e1: najvy\u0161\u0161ia hygienick\u00e1 \u010distota! Nemus\u00edte sa ob\u00e1va\u0165 toho, \u010do by sa mohlo na \u0161tetcoch nahromadi\u0165. Pri be\u017enom pou\u017e\u00edvan\u00ed je hygienick\u00e9 \u010distenie po dobu 3 mesiacov bezpe\u010dn\u00e9.<\/p>\n<p><strong>E\u0161te jedna vec:<\/strong> i\u00f3ny striebra p\u00f4sobia v\u00fdlu\u010dne na povrch filamentov a neuvo\u013e\u0148uj\u00fa sa do \u017eivotn\u00e9ho prostredia ani do poko\u017eky. Preto je d\u00f4le\u017eit\u00e9 vy\u010disti\u0165 \u0161tetce po nanesen\u00ed vidite\u013en\u00e9ho zne\u010distenia, aby sa umo\u017enila pln\u00e1 \u00fa\u010dinnos\u0165 Microsilver BG\u2122.<\/p>\n<p><strong>Ide\u00e1lne pre \u017eeny aj mu\u017eov!<\/strong><\/p>\n","protected":false},"excerpt":{"rendered":"<ul>\n<li>N\u00e1hradn\u00e1 hlavica kefky pre Zeitgard Pro<\/li>\n<li>A\u017e 10-kr\u00e1t \u00fa\u010dinnej\u0161ie \u010distenie tv\u00e1re<\/li>\n<li>S antibakteri\u00e1lnym Microsilver BG\u2122<\/li>\n<li>Na pou\u017eitie s \u010distiacim kr\u00e9mom Lr Zeitgard<\/li>\n<li>Mno\u017estvo: 1 kus<\/li>\n<\/ul>\n<p>&nbsp;<\/p>\n","protected":false},"featured_media":6040,"comment_status":"open","ping_status":"closed","template":"","meta":{"_kad_blocks_custom_css":"","_kad_blocks_head_custom_js":"","_kad_blocks_body_custom_js":"","_kad_blocks_footer_custom_js":"","_kadence_starter_templates_imported_post":false,"_kad_post_transparent":"default","_kad_post_title":"","_kad_post_layout":"default","_kad_post_sidebar_id":"","_kad_post_content_style":"default","_kad_post_vertical_padding":"default","_kad_post_feature":"","_kad_post_feature_position":"","_kad_post_header":false,"_kad_post_footer":false,"_kad_post_classname":""},"product_brand":[],"product_cat":[270,360],"product_tag":[680],"class_list":{"0":"post-8704","1":"product","2":"type-product","3":"status-publish","4":"has-post-thumbnail","6":"product_cat-starostlivost-proti-starnutiu","7":"product_cat-zeitgard-pro-sk","8":"product_tag-na-cistenie-tvare","10":"first","11":"instock","12":"taxable","13":"shipping-taxable","14":"purchasable","15":"product-type-simple","16":"entry","17":"content-bg","18":"loop-entry"},"yoast_head":"<!-- This site is optimized with the Yoast SEO Premium plugin v27.5 (Yoast SEO v27.5) - https:\/\/yoast.com\/product\/yoast-seo-premium-wordpress\/ -->\n<title>\u010cistiaca Kefka na Tv\u00e1r Zeitgard Pro na h\u013abkov\u00e9 \u010distenie pleti.<\/title>\n<meta name=\"description\" content=\"\u010cistiaca kefka na tv\u00e1r v\u00e1m stale zaist\u00ed wow efekt. Jednoducho odstr\u00e1\u0148te pou\u017eit\u00fa hlavicu kefky na \u010distenie tv\u00e1re v\u00e1\u0161ho Zeitgard Pro a nasa\u010fte na \u0148u nov\u00fa.\" \/>\n<meta name=\"robots\" content=\"index, follow, max-snippet:-1, max-image-preview:large, max-video-preview:-1\" \/>\n<link rel=\"canonical\" href=\"https:\/\/www.lraloeverashop.eu\/sk\/produkt\/cistiaca-kefka-na-tvar-zeitgard-pro\/\" \/>\n<meta property=\"og:locale\" content=\"sk_SK\" \/>\n<meta property=\"og:type\" content=\"article\" \/>\n<meta property=\"og:title\" content=\"\u010cistiaca kefka na tv\u00e1r Zeitgard Pro\" \/>\n<meta property=\"og:description\" content=\"\u010cistiaca kefka na tv\u00e1r v\u00e1m stale zaist\u00ed wow efekt. Jednoducho odstr\u00e1\u0148te pou\u017eit\u00fa hlavicu kefky na \u010distenie tv\u00e1re v\u00e1\u0161ho Zeitgard Pro a nasa\u010fte na \u0148u nov\u00fa.\" \/>\n<meta property=\"og:url\" content=\"https:\/\/www.lraloeverashop.eu\/sk\/produkt\/cistiaca-kefka-na-tvar-zeitgard-pro\/\" \/>\n<meta property=\"og:site_name\" content=\"Lr Obchod Aloe Vera\" \/>\n<meta property=\"article:publisher\" content=\"https:\/\/www.facebook.com\/lraloeverashop.eu\" \/>\n<meta property=\"article:modified_time\" content=\"2025-09-12T08:22:28+00:00\" \/>\n<meta property=\"og:image\" content=\"https:\/\/www.lraloeverashop.eu\/wp-content\/uploads\/2022\/10\/Zeitgard-Pro-Cleaning-Brush.jpg\" \/>\n\t<meta property=\"og:image:width\" content=\"1200\" \/>\n\t<meta property=\"og:image:height\" content=\"1200\" \/>\n\t<meta property=\"og:image:type\" content=\"image\/jpeg\" \/>\n<meta name=\"twitter:card\" content=\"summary_large_image\" \/>\n<meta name=\"twitter:site\" content=\"@natur__kosmetik\" \/>\n<script type=\"application\/ld+json\" class=\"yoast-schema-graph\">{\"@context\":\"https:\\\/\\\/schema.org\",\"@graph\":[{\"@type\":[\"WebPage\",\"ItemPage\"],\"@id\":\"https:\\\/\\\/www.lraloeverashop.eu\\\/sk\\\/produkt\\\/cistiaca-kefka-na-tvar-zeitgard-pro\\\/\",\"url\":\"https:\\\/\\\/www.lraloeverashop.eu\\\/sk\\\/produkt\\\/cistiaca-kefka-na-tvar-zeitgard-pro\\\/\",\"name\":\"\u010cistiaca Kefka na Tv\u00e1r Zeitgard Pro na h\u013abkov\u00e9 \u010distenie pleti.\",\"isPartOf\":{\"@id\":\"https:\\\/\\\/www.lraloeverashop.eu\\\/sk\\\/#website\"},\"primaryImageOfPage\":{\"@id\":\"https:\\\/\\\/www.lraloeverashop.eu\\\/sk\\\/produkt\\\/cistiaca-kefka-na-tvar-zeitgard-pro\\\/#primaryimage\"},\"image\":{\"@id\":\"https:\\\/\\\/www.lraloeverashop.eu\\\/sk\\\/produkt\\\/cistiaca-kefka-na-tvar-zeitgard-pro\\\/#primaryimage\"},\"thumbnailUrl\":\"https:\\\/\\\/www.lraloeverashop.eu\\\/wp-content\\\/uploads\\\/2022\\\/10\\\/Zeitgard-Pro-Cleaning-Brush.jpg\",\"datePublished\":\"2022-10-23T05:53:55+00:00\",\"dateModified\":\"2025-09-12T08:22:28+00:00\",\"description\":\"\u010cistiaca kefka na tv\u00e1r v\u00e1m stale zaist\u00ed wow efekt. Jednoducho odstr\u00e1\u0148te pou\u017eit\u00fa hlavicu kefky na \u010distenie tv\u00e1re v\u00e1\u0161ho Zeitgard Pro a nasa\u010fte na \u0148u nov\u00fa.\",\"breadcrumb\":{\"@id\":\"https:\\\/\\\/www.lraloeverashop.eu\\\/sk\\\/produkt\\\/cistiaca-kefka-na-tvar-zeitgard-pro\\\/#breadcrumb\"},\"inLanguage\":\"sk-SK\",\"potentialAction\":[{\"@type\":\"ReadAction\",\"target\":[\"https:\\\/\\\/www.lraloeverashop.eu\\\/sk\\\/produkt\\\/cistiaca-kefka-na-tvar-zeitgard-pro\\\/\"]}]},{\"@type\":\"ImageObject\",\"inLanguage\":\"sk-SK\",\"@id\":\"https:\\\/\\\/www.lraloeverashop.eu\\\/sk\\\/produkt\\\/cistiaca-kefka-na-tvar-zeitgard-pro\\\/#primaryimage\",\"url\":\"https:\\\/\\\/www.lraloeverashop.eu\\\/wp-content\\\/uploads\\\/2022\\\/10\\\/Zeitgard-Pro-Cleaning-Brush.jpg\",\"contentUrl\":\"https:\\\/\\\/www.lraloeverashop.eu\\\/wp-content\\\/uploads\\\/2022\\\/10\\\/Zeitgard-Pro-Cleaning-Brush.jpg\",\"width\":1200,\"height\":1200,\"caption\":\"\u010cistiaca kefka Zeitgard Pro\"},{\"@type\":\"BreadcrumbList\",\"@id\":\"https:\\\/\\\/www.lraloeverashop.eu\\\/sk\\\/produkt\\\/cistiaca-kefka-na-tvar-zeitgard-pro\\\/#breadcrumb\",\"itemListElement\":[{\"@type\":\"ListItem\",\"position\":1,\"name\":\"Home\",\"item\":\"https:\\\/\\\/www.lraloeverashop.eu\\\/sk\\\/aloe-vera-obchod-vsetko-pre-vasu-krasu-a-pohodu\\\/\"},{\"@type\":\"ListItem\",\"position\":2,\"name\":\"Obchod\",\"item\":\"https:\\\/\\\/www.lraloeverashop.eu\\\/sk\\\/obchod\\\/\"},{\"@type\":\"ListItem\",\"position\":3,\"name\":\"\u010cistiaca kefka na tv\u00e1r Zeitgard Pro\"}]},{\"@type\":\"WebSite\",\"@id\":\"https:\\\/\\\/www.lraloeverashop.eu\\\/sk\\\/#website\",\"url\":\"https:\\\/\\\/www.lraloeverashop.eu\\\/sk\\\/\",\"name\":\"Lr Obchod Aloe Vera\",\"description\":\"High Quality Lr Aloe Vera Gel, Aloe Vera Cream and Shampoo\",\"publisher\":{\"@id\":\"https:\\\/\\\/www.lraloeverashop.eu\\\/sk\\\/#organization\"},\"alternateName\":\"LR\",\"potentialAction\":[{\"@type\":\"SearchAction\",\"target\":{\"@type\":\"EntryPoint\",\"urlTemplate\":\"https:\\\/\\\/www.lraloeverashop.eu\\\/sk\\\/?s={search_term_string}\"},\"query-input\":{\"@type\":\"PropertyValueSpecification\",\"valueRequired\":true,\"valueName\":\"search_term_string\"}}],\"inLanguage\":\"sk-SK\"},{\"@type\":\"Organization\",\"@id\":\"https:\\\/\\\/www.lraloeverashop.eu\\\/sk\\\/#organization\",\"name\":\"Lr Obchod Aloe Vera\",\"alternateName\":\"LR\",\"url\":\"https:\\\/\\\/www.lraloeverashop.eu\\\/sk\\\/\",\"logo\":{\"@type\":\"ImageObject\",\"inLanguage\":\"sk-SK\",\"@id\":\"https:\\\/\\\/www.lraloeverashop.eu\\\/sk\\\/#\\\/schema\\\/logo\\\/image\\\/\",\"url\":\"https:\\\/\\\/www.lraloeverashop.eu\\\/wp-content\\\/uploads\\\/2022\\\/09\\\/cropped-Lr-Aloe-Vera-Shop.jpg\",\"contentUrl\":\"https:\\\/\\\/www.lraloeverashop.eu\\\/wp-content\\\/uploads\\\/2022\\\/09\\\/cropped-Lr-Aloe-Vera-Shop.jpg\",\"width\":228,\"height\":76,\"caption\":\"Lr Obchod Aloe Vera\"},\"image\":{\"@id\":\"https:\\\/\\\/www.lraloeverashop.eu\\\/sk\\\/#\\\/schema\\\/logo\\\/image\\\/\"},\"sameAs\":[\"https:\\\/\\\/www.facebook.com\\\/lraloeverashop.eu\",\"https:\\\/\\\/x.com\\\/natur__kosmetik\",\"https:\\\/\\\/www.youtube.com\\\/channel\\\/UC5oN7BJ8nfYb8RpVtjwDEBA\",\"https:\\\/\\\/www.instagram.com\\\/lrbeautyeu\\\/\"],\"description\":\"Obchod Lr Aloe Vera je va\u0161\u00edm d\u00f4veryhodn\u00fdm miestom pre pr\u00e9miov\u00e9 produkty LR Health & Beauty vyroben\u00e9 v Nemecku. Pon\u00fakame vysokokvalitn\u00e9 rie\u0161enia starostlivosti o ple\u0165 s Aloe Vera, v\u00fd\u017eivu a proti starnutiu, vyroben\u00e9 z \u010dist\u00fdch ingredienci\u00ed a podlo\u017een\u00e9 vedeck\u00fdm v\u00fdskumom. Objavte pr\u00edrodn\u00fa starostlivos\u0165, ktor\u00e1 regeneruje, chr\u00e1ni a revitalizuje va\u0161u ple\u0165 \u2013 a vyu\u017eite exkluz\u00edvne mesa\u010dn\u00e9 ponuky na na\u0161e najpred\u00e1vanej\u0161ie produkty LR Aloe Vera.\\nZa\u010dnite svoju cestu za pr\u00edrodnou starostlivos\u0165ou o ple\u0165 e\u0161te dnes a poc\u00ed\u0165te rozdiel.\",\"email\":\"info@lraloeverashop.eu\",\"telephone\":\"+49 17670609653\",\"legalName\":\"Lr Aloe Vera Shop\",\"foundingDate\":\"2018-04-21\",\"numberOfEmployees\":{\"@type\":\"QuantitativeValue\",\"minValue\":\"1\",\"maxValue\":\"10\"}}]}<\/script>\n<meta property=\"product:price:amount\" content=\"32.28\" \/>\n<meta property=\"product:price:currency\" content=\"EUR\" \/>\n<meta property=\"og:availability\" content=\"instock\" \/>\n<meta property=\"product:availability\" content=\"instock\" \/>\n<meta property=\"product:retailer_item_id\" content=\"70107-1SK\" \/>\n<meta property=\"product:condition\" content=\"new\" \/>\n<!-- \/ Yoast SEO Premium plugin. -->","yoast_head_json":{"title":"\u010cistiaca Kefka na Tv\u00e1r Zeitgard Pro na h\u013abkov\u00e9 \u010distenie pleti.","description":"\u010cistiaca kefka na tv\u00e1r v\u00e1m stale zaist\u00ed wow efekt. Jednoducho odstr\u00e1\u0148te pou\u017eit\u00fa hlavicu kefky na \u010distenie tv\u00e1re v\u00e1\u0161ho Zeitgard Pro a nasa\u010fte na \u0148u nov\u00fa.","robots":{"index":"index","follow":"follow","max-snippet":"max-snippet:-1","max-image-preview":"max-image-preview:large","max-video-preview":"max-video-preview:-1"},"canonical":"https:\/\/www.lraloeverashop.eu\/sk\/produkt\/cistiaca-kefka-na-tvar-zeitgard-pro\/","og_locale":"sk_SK","og_type":"article","og_title":"\u010cistiaca kefka na tv\u00e1r Zeitgard Pro","og_description":"\u010cistiaca kefka na tv\u00e1r v\u00e1m stale zaist\u00ed wow efekt. Jednoducho odstr\u00e1\u0148te pou\u017eit\u00fa hlavicu kefky na \u010distenie tv\u00e1re v\u00e1\u0161ho Zeitgard Pro a nasa\u010fte na \u0148u nov\u00fa.","og_url":"https:\/\/www.lraloeverashop.eu\/sk\/produkt\/cistiaca-kefka-na-tvar-zeitgard-pro\/","og_site_name":"Lr Obchod Aloe Vera","article_publisher":"https:\/\/www.facebook.com\/lraloeverashop.eu","article_modified_time":"2025-09-12T08:22:28+00:00","og_image":[{"width":1200,"height":1200,"url":"https:\/\/www.lraloeverashop.eu\/wp-content\/uploads\/2022\/10\/Zeitgard-Pro-Cleaning-Brush.jpg","type":"image\/jpeg"}],"twitter_card":"summary_large_image","twitter_site":"@natur__kosmetik","schema":{"@context":"https:\/\/schema.org","@graph":[{"@type":["WebPage","ItemPage"],"@id":"https:\/\/www.lraloeverashop.eu\/sk\/produkt\/cistiaca-kefka-na-tvar-zeitgard-pro\/","url":"https:\/\/www.lraloeverashop.eu\/sk\/produkt\/cistiaca-kefka-na-tvar-zeitgard-pro\/","name":"\u010cistiaca Kefka na Tv\u00e1r Zeitgard Pro na h\u013abkov\u00e9 \u010distenie pleti.","isPartOf":{"@id":"https:\/\/www.lraloeverashop.eu\/sk\/#website"},"primaryImageOfPage":{"@id":"https:\/\/www.lraloeverashop.eu\/sk\/produkt\/cistiaca-kefka-na-tvar-zeitgard-pro\/#primaryimage"},"image":{"@id":"https:\/\/www.lraloeverashop.eu\/sk\/produkt\/cistiaca-kefka-na-tvar-zeitgard-pro\/#primaryimage"},"thumbnailUrl":"https:\/\/www.lraloeverashop.eu\/wp-content\/uploads\/2022\/10\/Zeitgard-Pro-Cleaning-Brush.jpg","datePublished":"2022-10-23T05:53:55+00:00","dateModified":"2025-09-12T08:22:28+00:00","description":"\u010cistiaca kefka na tv\u00e1r v\u00e1m stale zaist\u00ed wow efekt. Jednoducho odstr\u00e1\u0148te pou\u017eit\u00fa hlavicu kefky na \u010distenie tv\u00e1re v\u00e1\u0161ho Zeitgard Pro a nasa\u010fte na \u0148u nov\u00fa.","breadcrumb":{"@id":"https:\/\/www.lraloeverashop.eu\/sk\/produkt\/cistiaca-kefka-na-tvar-zeitgard-pro\/#breadcrumb"},"inLanguage":"sk-SK","potentialAction":[{"@type":"ReadAction","target":["https:\/\/www.lraloeverashop.eu\/sk\/produkt\/cistiaca-kefka-na-tvar-zeitgard-pro\/"]}]},{"@type":"ImageObject","inLanguage":"sk-SK","@id":"https:\/\/www.lraloeverashop.eu\/sk\/produkt\/cistiaca-kefka-na-tvar-zeitgard-pro\/#primaryimage","url":"https:\/\/www.lraloeverashop.eu\/wp-content\/uploads\/2022\/10\/Zeitgard-Pro-Cleaning-Brush.jpg","contentUrl":"https:\/\/www.lraloeverashop.eu\/wp-content\/uploads\/2022\/10\/Zeitgard-Pro-Cleaning-Brush.jpg","width":1200,"height":1200,"caption":"\u010cistiaca kefka Zeitgard Pro"},{"@type":"BreadcrumbList","@id":"https:\/\/www.lraloeverashop.eu\/sk\/produkt\/cistiaca-kefka-na-tvar-zeitgard-pro\/#breadcrumb","itemListElement":[{"@type":"ListItem","position":1,"name":"Home","item":"https:\/\/www.lraloeverashop.eu\/sk\/aloe-vera-obchod-vsetko-pre-vasu-krasu-a-pohodu\/"},{"@type":"ListItem","position":2,"name":"Obchod","item":"https:\/\/www.lraloeverashop.eu\/sk\/obchod\/"},{"@type":"ListItem","position":3,"name":"\u010cistiaca kefka na tv\u00e1r Zeitgard Pro"}]},{"@type":"WebSite","@id":"https:\/\/www.lraloeverashop.eu\/sk\/#website","url":"https:\/\/www.lraloeverashop.eu\/sk\/","name":"Lr Obchod Aloe Vera","description":"High Quality Lr Aloe Vera Gel, Aloe Vera Cream and Shampoo","publisher":{"@id":"https:\/\/www.lraloeverashop.eu\/sk\/#organization"},"alternateName":"LR","potentialAction":[{"@type":"SearchAction","target":{"@type":"EntryPoint","urlTemplate":"https:\/\/www.lraloeverashop.eu\/sk\/?s={search_term_string}"},"query-input":{"@type":"PropertyValueSpecification","valueRequired":true,"valueName":"search_term_string"}}],"inLanguage":"sk-SK"},{"@type":"Organization","@id":"https:\/\/www.lraloeverashop.eu\/sk\/#organization","name":"Lr Obchod Aloe Vera","alternateName":"LR","url":"https:\/\/www.lraloeverashop.eu\/sk\/","logo":{"@type":"ImageObject","inLanguage":"sk-SK","@id":"https:\/\/www.lraloeverashop.eu\/sk\/#\/schema\/logo\/image\/","url":"https:\/\/www.lraloeverashop.eu\/wp-content\/uploads\/2022\/09\/cropped-Lr-Aloe-Vera-Shop.jpg","contentUrl":"https:\/\/www.lraloeverashop.eu\/wp-content\/uploads\/2022\/09\/cropped-Lr-Aloe-Vera-Shop.jpg","width":228,"height":76,"caption":"Lr Obchod Aloe Vera"},"image":{"@id":"https:\/\/www.lraloeverashop.eu\/sk\/#\/schema\/logo\/image\/"},"sameAs":["https:\/\/www.facebook.com\/lraloeverashop.eu","https:\/\/x.com\/natur__kosmetik","https:\/\/www.youtube.com\/channel\/UC5oN7BJ8nfYb8RpVtjwDEBA","https:\/\/www.instagram.com\/lrbeautyeu\/"],"description":"Obchod Lr Aloe Vera je va\u0161\u00edm d\u00f4veryhodn\u00fdm miestom pre pr\u00e9miov\u00e9 produkty LR Health & Beauty vyroben\u00e9 v Nemecku. Pon\u00fakame vysokokvalitn\u00e9 rie\u0161enia starostlivosti o ple\u0165 s Aloe Vera, v\u00fd\u017eivu a proti starnutiu, vyroben\u00e9 z \u010dist\u00fdch ingredienci\u00ed a podlo\u017een\u00e9 vedeck\u00fdm v\u00fdskumom. Objavte pr\u00edrodn\u00fa starostlivos\u0165, ktor\u00e1 regeneruje, chr\u00e1ni a revitalizuje va\u0161u ple\u0165 \u2013 a vyu\u017eite exkluz\u00edvne mesa\u010dn\u00e9 ponuky na na\u0161e najpred\u00e1vanej\u0161ie produkty LR Aloe Vera.\nZa\u010dnite svoju cestu za pr\u00edrodnou starostlivos\u0165ou o ple\u0165 e\u0161te dnes a poc\u00ed\u0165te rozdiel.","email":"info@lraloeverashop.eu","telephone":"+49 17670609653","legalName":"Lr Aloe Vera Shop","foundingDate":"2018-04-21","numberOfEmployees":{"@type":"QuantitativeValue","minValue":"1","maxValue":"10"}}]},"product_price_amount":"32.28","product_price_currency":"EUR","og_availability":"instock","product_availability":"instock","product_retailer_item_id":"70107-1SK","product_condition":"new"},"taxonomy_info":{"product_cat":[{"value":270,"label":"Starostlivos\u0165 proti starnutiu"},{"value":360,"label":"Zeitgard Pro"}],"product_tag":[{"value":680,"label":"na \u010distenie tv\u00e1re"}]},"featured_image_src_large":["https:\/\/www.lraloeverashop.eu\/wp-content\/uploads\/2022\/10\/Zeitgard-Pro-Cleaning-Brush-1024x1024.jpg",1024,1024,true],"author_info":[],"comment_info":0,"_links":{"self":[{"href":"https:\/\/www.lraloeverashop.eu\/sk\/wp-json\/wp\/v2\/product\/8704","targetHints":{"allow":["GET"]}}],"collection":[{"href":"https:\/\/www.lraloeverashop.eu\/sk\/wp-json\/wp\/v2\/product"}],"about":[{"href":"https:\/\/www.lraloeverashop.eu\/sk\/wp-json\/wp\/v2\/types\/product"}],"replies":[{"embeddable":true,"href":"https:\/\/www.lraloeverashop.eu\/sk\/wp-json\/wp\/v2\/comments?post=8704"}],"wp:featuredmedia":[{"embeddable":true,"href":"https:\/\/www.lraloeverashop.eu\/sk\/wp-json\/wp\/v2\/media\/6040"}],"wp:attachment":[{"href":"https:\/\/www.lraloeverashop.eu\/sk\/wp-json\/wp\/v2\/media?parent=8704"}],"wp:term":[{"taxonomy":"product_brand","embeddable":true,"href":"https:\/\/www.lraloeverashop.eu\/sk\/wp-json\/wp\/v2\/product_brand?post=8704"},{"taxonomy":"product_cat","embeddable":true,"href":"https:\/\/www.lraloeverashop.eu\/sk\/wp-json\/wp\/v2\/product_cat?post=8704"},{"taxonomy":"product_tag","embeddable":true,"href":"https:\/\/www.lraloeverashop.eu\/sk\/wp-json\/wp\/v2\/product_tag?post=8704"}],"curies":[{"name":"wp","href":"https:\/\/api.w.org\/{rel}","templated":true}]}}