{"id":8694,"date":"2022-10-23T09:07:39","date_gmt":"2022-10-23T07:07:39","guid":{"rendered":"https:\/\/www.lraloeverashop.eu\/product\/zeitgard-pro-nastavec-proti-vraskam\/"},"modified":"2025-09-12T11:25:30","modified_gmt":"2025-09-12T09:25:30","slug":"zeitgard-pro-nastavec-proti-vraskam","status":"publish","type":"product","link":"https:\/\/www.lraloeverashop.eu\/sk\/produkt\/zeitgard-pro-nastavec-proti-vraskam\/","title":{"rendered":"Zeitgard Pro Nastavec Proti Vr\u00e1skam"},"content":{"rendered":"<h2><span style=\"font-size: 16pt; color: #000000;\"><strong>Zeitgard Pro Nastavec Proti Vr\u00e1skam<\/strong><\/span><\/h2>\n<p><span style=\"font-size: 14pt;\"><strong>Zeitgard Pro Nastavec Proti Vr\u00e1skam pre pevnej\u0161iu, pru\u017enej\u0161iu poko\u017eku a menej vr\u00e1sok<\/strong><\/span><\/p>\n<p>\u00da\u010dinn\u00fd Zeitgard Pro N\u00e1stavec Proti Vr\u00e1skam poskytuje vidite\u013ene v\u00e4\u010d\u0161iu elasticitu a m\u00f4\u017ee zn\u00ed\u017ei\u0165 zn\u00e1mky starnutia. Ultrazvukov\u00e1 technol\u00f3gia n\u00e1stroja na vyhladenie tv\u00e1re stimuluje bunkov\u00fd metabolizmus a synt\u00e9zu kolag\u00e9nu v poko\u017eke a zabezpe\u010duje, aby akt\u00edvne zlo\u017eky v o\u0161etruj\u00facich pr\u00edpravkoch prenikli hlb\u0161ie do poko\u017eky.<br \/>\nSt\u00e1va sa pevnej\u0161\u00edm, m\u00e1 v\u00e4\u010d\u0161iu <a href=\"https:\/\/www.lraloeverashop.eu\/sk\/produkt\/beauty-diamonds-denny-krem-proti-vraskam\/\">pru\u017enos\u0165 a elasticitu<\/a>. Vr\u00e1sky s\u00fa v\u00fdrazne redukovan\u00e9. Na ka\u017edodenn\u00e9 pou\u017eitie, r\u00e1no aj ve\u010der.<\/p>\n<p>&nbsp;<\/p>\n<h3><span style=\"font-size: 16pt;\"><strong>Sp\u00f4sob pou\u017eitia<\/strong><\/span><\/h3>\n<p><strong>KROK 1:<\/strong> O\u010distite poko\u017eku tv\u00e1re kefou na \u010distenie tv\u00e1re alebo n\u00e1stavcom na peeling na tv\u00e1r.<\/p>\n<p><strong>KROK 2:<\/strong> Aplikujte jeden z <a href=\"https:\/\/www.lraloeverashop.eu\/sk\/kategoria-produktu\/starostlivost-proti-starnutiu\/\">kompatibiln\u00fdch produktov starostlivosti Lr Zeitgard<\/a>. Naneste mal\u00e9 \u0161kvrny kr\u00e9mu na tv\u00e1r a vmas\u00edrujte ich pomocou s\u00fapravy Zeitgard Pro Proti Vr\u00e1skam. O\u0161etrujte \u013eav\u00fa a prav\u00fa stranu tv\u00e1re a \u010delo po dobu 30 sek\u00fand. Venujte pozornos\u0165 kr\u00fa\u017eiv\u00fdm pohybom zvn\u00fatra von a zdola nahor.<\/p>\n<p>&nbsp;<\/p>\n<p><img loading=\"lazy\" decoding=\"async\" class=\"aligncenter wp-image-3131\" src=\"https:\/\/www.lraloeverashop.eu\/wp-content\/uploads\/2022\/10\/Lr-Zeitgard-Pro-Anti-Aging-Device-in-use-1024x337.jpg\" alt=\"Lr Zeitgard Pro Anti Aging Device in use\" width=\"1197\" height=\"394\" srcset=\"https:\/\/www.lraloeverashop.eu\/wp-content\/uploads\/2022\/10\/Lr-Zeitgard-Pro-Anti-Aging-Device-in-use-1024x337.jpg 1024w, https:\/\/www.lraloeverashop.eu\/wp-content\/uploads\/2022\/10\/Lr-Zeitgard-Pro-Anti-Aging-Device-in-use-600x198.jpg 600w, https:\/\/www.lraloeverashop.eu\/wp-content\/uploads\/2022\/10\/Lr-Zeitgard-Pro-Anti-Aging-Device-in-use-300x99.jpg 300w, https:\/\/www.lraloeverashop.eu\/wp-content\/uploads\/2022\/10\/Lr-Zeitgard-Pro-Anti-Aging-Device-in-use-768x253.jpg 768w, https:\/\/www.lraloeverashop.eu\/wp-content\/uploads\/2022\/10\/Lr-Zeitgard-Pro-Anti-Aging-Device-in-use-1536x506.jpg 1536w, https:\/\/www.lraloeverashop.eu\/wp-content\/uploads\/2022\/10\/Lr-Zeitgard-Pro-Anti-Aging-Device-in-use-2048x674.jpg 2048w\" sizes=\"auto, (max-width: 1197px) 100vw, 1197px\" \/><\/p>\n<p>&nbsp;<\/p>\n<h4><span style=\"font-size: 16pt;\"><strong>Vedeli ste?<\/strong><\/span><\/h4>\n<p>Pri uveden\u00ed nov\u00e9ho <a href=\"https:\/\/www.lraloeverashop.eu\/sk\/produkt\/zehlicka-na-tvar-zeitgard-pro\/\">kozmetick\u00e9ho zariadenia Zeitgard Pro<\/a> boli formul\u00e1cie vybran\u00fdch o\u0161etruj\u00facich produktov obohaten\u00e9 o inovat\u00edvny syst\u00e9m transportu \u00fa\u010dinn\u00fdch l\u00e1tok. Tento syst\u00e9m funguje ako posil\u0148ova\u010d starnutia. Spolu s Nastavcom Proti Vr\u00e1skam mnohon\u00e1sobne zvy\u0161uje kozmetick\u00fa \u00fa\u010dinnos\u0165 cenn\u00fdch zlo\u017eiek t\u00fdm, \u017ee ich transportuje po prv\u00e9 do ko\u017enej bunky a po druh\u00e9 priamo do bunky.<\/p>\n<p>A\u017e po ukotven\u00ed nosi\u010da sa akt\u00edvne zlo\u017eky uvo\u013enia vo vn\u00fatri bunky, aby tam rozvinuli svoju pln\u00fa silu. Takto je mo\u017en\u00e9 dosta\u0165 sa priamo k zdroju starnutia poko\u017eky a cielen\u00fdm pr\u00edsunom \u017eiv\u00edn ho spomali\u0165.<\/p>\n","protected":false},"excerpt":{"rendered":"<ul>\n<li>Vyhladzuj\u00faci n\u00e1stavec proti vraskam pre Zeitgard Pro<\/li>\n<li>Pre pevnej\u0161iu, pru\u017enej\u0161iu poko\u017eku a menej vr\u00e1sok<\/li>\n<li>Inovat\u00edvna ultrazvukov\u00e1 technol\u00f3gia<\/li>\n<li>Na pou\u017eitie s o\u0161etruj\u00facimi v\u00fdrobkami Lr Zeitgard<\/li>\n<li>S transportn\u00fdm syst\u00e9mom akt\u00edvnych zlo\u017eiek<\/li>\n<li>Mno\u017estvo: 1 kus<\/li>\n<\/ul>\n<p>&nbsp;<\/p>\n","protected":false},"featured_media":6028,"comment_status":"open","ping_status":"closed","template":"","meta":{"_kad_blocks_custom_css":"","_kad_blocks_head_custom_js":"","_kad_blocks_body_custom_js":"","_kad_blocks_footer_custom_js":"","_kadence_starter_templates_imported_post":false,"_kad_post_transparent":"default","_kad_post_title":"","_kad_post_layout":"default","_kad_post_sidebar_id":"","_kad_post_content_style":"default","_kad_post_vertical_padding":"default","_kad_post_feature":"","_kad_post_feature_position":"","_kad_post_header":false,"_kad_post_footer":false,"_kad_post_classname":""},"product_brand":[],"product_cat":[270,360],"product_tag":[706,707],"class_list":{"0":"post-8694","1":"product","2":"type-product","3":"status-publish","4":"has-post-thumbnail","6":"product_cat-starostlivost-proti-starnutiu","7":"product_cat-zeitgard-pro-sk","8":"product_tag-na-vrasky-na-tvari","9":"product_tag-na-vrasky-pod-ocami","11":"first","12":"instock","13":"taxable","14":"shipping-taxable","15":"purchasable","16":"product-type-simple","17":"entry","18":"content-bg","19":"loop-entry"},"yoast_head":"<!-- This site is optimized with the Yoast SEO Premium plugin v27.4 (Yoast SEO v27.4) - https:\/\/yoast.com\/product\/yoast-seo-premium-wordpress\/ -->\n<title>Zeitgard Pro Nastavec Proti Vr\u00e1skam pre pevnej\u0161iu poko\u017eku<\/title>\n<meta name=\"description\" content=\"\u00da\u010dinn\u00fd Zeitgard Pro Nastavec Proti Vr\u00e1skam poskytuje vidite\u013ene v\u00e4\u010d\u0161iu elasticitu a m\u00f4\u017ee zn\u00ed\u017ei\u0165 zn\u00e1mky starnutia. S Inovat\u00edvnou ultrazvukovou technol\u00f3giou.\" \/>\n<meta name=\"robots\" content=\"index, follow, max-snippet:-1, max-image-preview:large, max-video-preview:-1\" \/>\n<link rel=\"canonical\" href=\"https:\/\/www.lraloeverashop.eu\/sk\/produkt\/zeitgard-pro-nastavec-proti-vraskam\/\" \/>\n<meta property=\"og:locale\" content=\"sk_SK\" \/>\n<meta property=\"og:type\" content=\"article\" \/>\n<meta property=\"og:title\" content=\"Zeitgard Pro Nastavec Proti Vr\u00e1skam\" \/>\n<meta property=\"og:description\" content=\"\u00da\u010dinn\u00fd Zeitgard Pro Nastavec Proti Vr\u00e1skam poskytuje vidite\u013ene v\u00e4\u010d\u0161iu elasticitu a m\u00f4\u017ee zn\u00ed\u017ei\u0165 zn\u00e1mky starnutia. S Inovat\u00edvnou ultrazvukovou technol\u00f3giou.\" \/>\n<meta property=\"og:url\" content=\"https:\/\/www.lraloeverashop.eu\/sk\/produkt\/zeitgard-pro-nastavec-proti-vraskam\/\" \/>\n<meta property=\"og:site_name\" content=\"Lr Obchod Aloe Vera\" \/>\n<meta property=\"article:publisher\" content=\"https:\/\/www.facebook.com\/lraloeverashop.eu\" \/>\n<meta property=\"article:modified_time\" content=\"2025-09-12T09:25:30+00:00\" \/>\n<meta property=\"og:image\" content=\"https:\/\/www.lraloeverashop.eu\/wp-content\/uploads\/2022\/10\/Zeitgard-Pro-Anti-Aging-Tool.jpg\" \/>\n\t<meta property=\"og:image:width\" content=\"1200\" \/>\n\t<meta property=\"og:image:height\" content=\"1200\" \/>\n\t<meta property=\"og:image:type\" content=\"image\/jpeg\" \/>\n<meta name=\"twitter:card\" content=\"summary_large_image\" \/>\n<meta name=\"twitter:site\" content=\"@natur__kosmetik\" \/>\n<script type=\"application\/ld+json\" class=\"yoast-schema-graph\">{\"@context\":\"https:\\\/\\\/schema.org\",\"@graph\":[{\"@type\":[\"WebPage\",\"ItemPage\"],\"@id\":\"https:\\\/\\\/www.lraloeverashop.eu\\\/sk\\\/produkt\\\/zeitgard-pro-nastavec-proti-vraskam\\\/\",\"url\":\"https:\\\/\\\/www.lraloeverashop.eu\\\/sk\\\/produkt\\\/zeitgard-pro-nastavec-proti-vraskam\\\/\",\"name\":\"Zeitgard Pro Nastavec Proti Vr\u00e1skam pre pevnej\u0161iu poko\u017eku\",\"isPartOf\":{\"@id\":\"https:\\\/\\\/www.lraloeverashop.eu\\\/sk\\\/#website\"},\"primaryImageOfPage\":{\"@id\":\"https:\\\/\\\/www.lraloeverashop.eu\\\/sk\\\/produkt\\\/zeitgard-pro-nastavec-proti-vraskam\\\/#primaryimage\"},\"image\":{\"@id\":\"https:\\\/\\\/www.lraloeverashop.eu\\\/sk\\\/produkt\\\/zeitgard-pro-nastavec-proti-vraskam\\\/#primaryimage\"},\"thumbnailUrl\":\"https:\\\/\\\/www.lraloeverashop.eu\\\/wp-content\\\/uploads\\\/2022\\\/10\\\/Zeitgard-Pro-Anti-Aging-Tool.jpg\",\"datePublished\":\"2022-10-23T07:07:39+00:00\",\"dateModified\":\"2025-09-12T09:25:30+00:00\",\"description\":\"\u00da\u010dinn\u00fd Zeitgard Pro Nastavec Proti Vr\u00e1skam poskytuje vidite\u013ene v\u00e4\u010d\u0161iu elasticitu a m\u00f4\u017ee zn\u00ed\u017ei\u0165 zn\u00e1mky starnutia. S Inovat\u00edvnou ultrazvukovou technol\u00f3giou.\",\"breadcrumb\":{\"@id\":\"https:\\\/\\\/www.lraloeverashop.eu\\\/sk\\\/produkt\\\/zeitgard-pro-nastavec-proti-vraskam\\\/#breadcrumb\"},\"inLanguage\":\"sk-SK\",\"potentialAction\":[{\"@type\":\"ReadAction\",\"target\":[\"https:\\\/\\\/www.lraloeverashop.eu\\\/sk\\\/produkt\\\/zeitgard-pro-nastavec-proti-vraskam\\\/\"]}]},{\"@type\":\"ImageObject\",\"inLanguage\":\"sk-SK\",\"@id\":\"https:\\\/\\\/www.lraloeverashop.eu\\\/sk\\\/produkt\\\/zeitgard-pro-nastavec-proti-vraskam\\\/#primaryimage\",\"url\":\"https:\\\/\\\/www.lraloeverashop.eu\\\/wp-content\\\/uploads\\\/2022\\\/10\\\/Zeitgard-Pro-Anti-Aging-Tool.jpg\",\"contentUrl\":\"https:\\\/\\\/www.lraloeverashop.eu\\\/wp-content\\\/uploads\\\/2022\\\/10\\\/Zeitgard-Pro-Anti-Aging-Tool.jpg\",\"width\":1200,\"height\":1200,\"caption\":\"N\u00e1stavec Zeitgard Pro proti starnutiu\"},{\"@type\":\"BreadcrumbList\",\"@id\":\"https:\\\/\\\/www.lraloeverashop.eu\\\/sk\\\/produkt\\\/zeitgard-pro-nastavec-proti-vraskam\\\/#breadcrumb\",\"itemListElement\":[{\"@type\":\"ListItem\",\"position\":1,\"name\":\"Home\",\"item\":\"https:\\\/\\\/www.lraloeverashop.eu\\\/sk\\\/\"},{\"@type\":\"ListItem\",\"position\":2,\"name\":\"Obchod\",\"item\":\"https:\\\/\\\/www.lraloeverashop.eu\\\/shop\\\/\"},{\"@type\":\"ListItem\",\"position\":3,\"name\":\"Zeitgard Pro Nastavec Proti Vr\u00e1skam\"}]},{\"@type\":\"WebSite\",\"@id\":\"https:\\\/\\\/www.lraloeverashop.eu\\\/sk\\\/#website\",\"url\":\"https:\\\/\\\/www.lraloeverashop.eu\\\/sk\\\/\",\"name\":\"Lr Obchod Aloe Vera\",\"description\":\"High Quality Lr Aloe Vera Gel, Aloe Vera Cream and Shampoo\",\"publisher\":{\"@id\":\"https:\\\/\\\/www.lraloeverashop.eu\\\/sk\\\/#organization\"},\"potentialAction\":[{\"@type\":\"SearchAction\",\"target\":{\"@type\":\"EntryPoint\",\"urlTemplate\":\"https:\\\/\\\/www.lraloeverashop.eu\\\/sk\\\/?s={search_term_string}\"},\"query-input\":{\"@type\":\"PropertyValueSpecification\",\"valueRequired\":true,\"valueName\":\"search_term_string\"}}],\"inLanguage\":\"sk-SK\"},{\"@type\":\"Organization\",\"@id\":\"https:\\\/\\\/www.lraloeverashop.eu\\\/sk\\\/#organization\",\"name\":\"Lr Obchod Aloe Vera\",\"alternateName\":\"LR\",\"url\":\"https:\\\/\\\/www.lraloeverashop.eu\\\/sk\\\/\",\"logo\":{\"@type\":\"ImageObject\",\"inLanguage\":\"sk-SK\",\"@id\":\"https:\\\/\\\/www.lraloeverashop.eu\\\/sk\\\/#\\\/schema\\\/logo\\\/image\\\/\",\"url\":\"https:\\\/\\\/www.lraloeverashop.eu\\\/wp-content\\\/uploads\\\/2022\\\/09\\\/cropped-Lr-Aloe-Vera-Shop.jpg\",\"contentUrl\":\"https:\\\/\\\/www.lraloeverashop.eu\\\/wp-content\\\/uploads\\\/2022\\\/09\\\/cropped-Lr-Aloe-Vera-Shop.jpg\",\"width\":228,\"height\":76,\"caption\":\"Lr Obchod Aloe Vera\"},\"image\":{\"@id\":\"https:\\\/\\\/www.lraloeverashop.eu\\\/sk\\\/#\\\/schema\\\/logo\\\/image\\\/\"},\"sameAs\":[\"https:\\\/\\\/www.facebook.com\\\/lraloeverashop.eu\",\"https:\\\/\\\/x.com\\\/natur__kosmetik\",\"https:\\\/\\\/www.youtube.com\\\/channel\\\/UC5oN7BJ8nfYb8RpVtjwDEBA\",\"https:\\\/\\\/www.instagram.com\\\/lrbeautyeu\\\/\"],\"description\":\"Obchod Lr Aloe Vera je va\u0161\u00edm d\u00f4veryhodn\u00fdm miestom pre pr\u00e9miov\u00e9 produkty LR Health & Beauty vyroben\u00e9 v Nemecku. Pon\u00fakame vysokokvalitn\u00e9 rie\u0161enia starostlivosti o ple\u0165 s Aloe Vera, v\u00fd\u017eivu a proti starnutiu, vyroben\u00e9 z \u010dist\u00fdch ingredienci\u00ed a podlo\u017een\u00e9 vedeck\u00fdm v\u00fdskumom. Objavte pr\u00edrodn\u00fa starostlivos\u0165, ktor\u00e1 regeneruje, chr\u00e1ni a revitalizuje va\u0161u ple\u0165 \u2013 a vyu\u017eite exkluz\u00edvne mesa\u010dn\u00e9 ponuky na na\u0161e najpred\u00e1vanej\u0161ie produkty LR Aloe Vera.\\nZa\u010dnite svoju cestu za pr\u00edrodnou starostlivos\u0165ou o ple\u0165 e\u0161te dnes a poc\u00ed\u0165te rozdiel.\",\"email\":\"info@lraloeverashop.eu\",\"telephone\":\"+49 17670609653\",\"legalName\":\"Lr Aloe Vera Shop\",\"foundingDate\":\"2018-04-21\",\"numberOfEmployees\":{\"@type\":\"QuantitativeValue\",\"minValue\":\"1\",\"maxValue\":\"10\"}}]}<\/script>\n<meta property=\"product:price:amount\" content=\"85.99\" \/>\n<meta property=\"product:price:currency\" content=\"EUR\" \/>\n<meta property=\"og:availability\" content=\"instock\" \/>\n<meta property=\"product:availability\" content=\"instock\" \/>\n<meta property=\"product:retailer_item_id\" content=\"70102-1SK\" \/>\n<meta property=\"product:condition\" content=\"new\" \/>\n<!-- \/ Yoast SEO Premium plugin. -->","yoast_head_json":{"title":"Zeitgard Pro Nastavec Proti Vr\u00e1skam pre pevnej\u0161iu poko\u017eku","description":"\u00da\u010dinn\u00fd Zeitgard Pro Nastavec Proti Vr\u00e1skam poskytuje vidite\u013ene v\u00e4\u010d\u0161iu elasticitu a m\u00f4\u017ee zn\u00ed\u017ei\u0165 zn\u00e1mky starnutia. S Inovat\u00edvnou ultrazvukovou technol\u00f3giou.","robots":{"index":"index","follow":"follow","max-snippet":"max-snippet:-1","max-image-preview":"max-image-preview:large","max-video-preview":"max-video-preview:-1"},"canonical":"https:\/\/www.lraloeverashop.eu\/sk\/produkt\/zeitgard-pro-nastavec-proti-vraskam\/","og_locale":"sk_SK","og_type":"article","og_title":"Zeitgard Pro Nastavec Proti Vr\u00e1skam","og_description":"\u00da\u010dinn\u00fd Zeitgard Pro Nastavec Proti Vr\u00e1skam poskytuje vidite\u013ene v\u00e4\u010d\u0161iu elasticitu a m\u00f4\u017ee zn\u00ed\u017ei\u0165 zn\u00e1mky starnutia. S Inovat\u00edvnou ultrazvukovou technol\u00f3giou.","og_url":"https:\/\/www.lraloeverashop.eu\/sk\/produkt\/zeitgard-pro-nastavec-proti-vraskam\/","og_site_name":"Lr Obchod Aloe Vera","article_publisher":"https:\/\/www.facebook.com\/lraloeverashop.eu","article_modified_time":"2025-09-12T09:25:30+00:00","og_image":[{"width":1200,"height":1200,"url":"https:\/\/www.lraloeverashop.eu\/wp-content\/uploads\/2022\/10\/Zeitgard-Pro-Anti-Aging-Tool.jpg","type":"image\/jpeg"}],"twitter_card":"summary_large_image","twitter_site":"@natur__kosmetik","schema":{"@context":"https:\/\/schema.org","@graph":[{"@type":["WebPage","ItemPage"],"@id":"https:\/\/www.lraloeverashop.eu\/sk\/produkt\/zeitgard-pro-nastavec-proti-vraskam\/","url":"https:\/\/www.lraloeverashop.eu\/sk\/produkt\/zeitgard-pro-nastavec-proti-vraskam\/","name":"Zeitgard Pro Nastavec Proti Vr\u00e1skam pre pevnej\u0161iu poko\u017eku","isPartOf":{"@id":"https:\/\/www.lraloeverashop.eu\/sk\/#website"},"primaryImageOfPage":{"@id":"https:\/\/www.lraloeverashop.eu\/sk\/produkt\/zeitgard-pro-nastavec-proti-vraskam\/#primaryimage"},"image":{"@id":"https:\/\/www.lraloeverashop.eu\/sk\/produkt\/zeitgard-pro-nastavec-proti-vraskam\/#primaryimage"},"thumbnailUrl":"https:\/\/www.lraloeverashop.eu\/wp-content\/uploads\/2022\/10\/Zeitgard-Pro-Anti-Aging-Tool.jpg","datePublished":"2022-10-23T07:07:39+00:00","dateModified":"2025-09-12T09:25:30+00:00","description":"\u00da\u010dinn\u00fd Zeitgard Pro Nastavec Proti Vr\u00e1skam poskytuje vidite\u013ene v\u00e4\u010d\u0161iu elasticitu a m\u00f4\u017ee zn\u00ed\u017ei\u0165 zn\u00e1mky starnutia. S Inovat\u00edvnou ultrazvukovou technol\u00f3giou.","breadcrumb":{"@id":"https:\/\/www.lraloeverashop.eu\/sk\/produkt\/zeitgard-pro-nastavec-proti-vraskam\/#breadcrumb"},"inLanguage":"sk-SK","potentialAction":[{"@type":"ReadAction","target":["https:\/\/www.lraloeverashop.eu\/sk\/produkt\/zeitgard-pro-nastavec-proti-vraskam\/"]}]},{"@type":"ImageObject","inLanguage":"sk-SK","@id":"https:\/\/www.lraloeverashop.eu\/sk\/produkt\/zeitgard-pro-nastavec-proti-vraskam\/#primaryimage","url":"https:\/\/www.lraloeverashop.eu\/wp-content\/uploads\/2022\/10\/Zeitgard-Pro-Anti-Aging-Tool.jpg","contentUrl":"https:\/\/www.lraloeverashop.eu\/wp-content\/uploads\/2022\/10\/Zeitgard-Pro-Anti-Aging-Tool.jpg","width":1200,"height":1200,"caption":"N\u00e1stavec Zeitgard Pro proti starnutiu"},{"@type":"BreadcrumbList","@id":"https:\/\/www.lraloeverashop.eu\/sk\/produkt\/zeitgard-pro-nastavec-proti-vraskam\/#breadcrumb","itemListElement":[{"@type":"ListItem","position":1,"name":"Home","item":"https:\/\/www.lraloeverashop.eu\/sk\/"},{"@type":"ListItem","position":2,"name":"Obchod","item":"https:\/\/www.lraloeverashop.eu\/shop\/"},{"@type":"ListItem","position":3,"name":"Zeitgard Pro Nastavec Proti Vr\u00e1skam"}]},{"@type":"WebSite","@id":"https:\/\/www.lraloeverashop.eu\/sk\/#website","url":"https:\/\/www.lraloeverashop.eu\/sk\/","name":"Lr Obchod Aloe Vera","description":"High Quality Lr Aloe Vera Gel, Aloe Vera Cream and Shampoo","publisher":{"@id":"https:\/\/www.lraloeverashop.eu\/sk\/#organization"},"potentialAction":[{"@type":"SearchAction","target":{"@type":"EntryPoint","urlTemplate":"https:\/\/www.lraloeverashop.eu\/sk\/?s={search_term_string}"},"query-input":{"@type":"PropertyValueSpecification","valueRequired":true,"valueName":"search_term_string"}}],"inLanguage":"sk-SK"},{"@type":"Organization","@id":"https:\/\/www.lraloeverashop.eu\/sk\/#organization","name":"Lr Obchod Aloe Vera","alternateName":"LR","url":"https:\/\/www.lraloeverashop.eu\/sk\/","logo":{"@type":"ImageObject","inLanguage":"sk-SK","@id":"https:\/\/www.lraloeverashop.eu\/sk\/#\/schema\/logo\/image\/","url":"https:\/\/www.lraloeverashop.eu\/wp-content\/uploads\/2022\/09\/cropped-Lr-Aloe-Vera-Shop.jpg","contentUrl":"https:\/\/www.lraloeverashop.eu\/wp-content\/uploads\/2022\/09\/cropped-Lr-Aloe-Vera-Shop.jpg","width":228,"height":76,"caption":"Lr Obchod Aloe Vera"},"image":{"@id":"https:\/\/www.lraloeverashop.eu\/sk\/#\/schema\/logo\/image\/"},"sameAs":["https:\/\/www.facebook.com\/lraloeverashop.eu","https:\/\/x.com\/natur__kosmetik","https:\/\/www.youtube.com\/channel\/UC5oN7BJ8nfYb8RpVtjwDEBA","https:\/\/www.instagram.com\/lrbeautyeu\/"],"description":"Obchod Lr Aloe Vera je va\u0161\u00edm d\u00f4veryhodn\u00fdm miestom pre pr\u00e9miov\u00e9 produkty LR Health & Beauty vyroben\u00e9 v Nemecku. Pon\u00fakame vysokokvalitn\u00e9 rie\u0161enia starostlivosti o ple\u0165 s Aloe Vera, v\u00fd\u017eivu a proti starnutiu, vyroben\u00e9 z \u010dist\u00fdch ingredienci\u00ed a podlo\u017een\u00e9 vedeck\u00fdm v\u00fdskumom. Objavte pr\u00edrodn\u00fa starostlivos\u0165, ktor\u00e1 regeneruje, chr\u00e1ni a revitalizuje va\u0161u ple\u0165 \u2013 a vyu\u017eite exkluz\u00edvne mesa\u010dn\u00e9 ponuky na na\u0161e najpred\u00e1vanej\u0161ie produkty LR Aloe Vera.\nZa\u010dnite svoju cestu za pr\u00edrodnou starostlivos\u0165ou o ple\u0165 e\u0161te dnes a poc\u00ed\u0165te rozdiel.","email":"info@lraloeverashop.eu","telephone":"+49 17670609653","legalName":"Lr Aloe Vera Shop","foundingDate":"2018-04-21","numberOfEmployees":{"@type":"QuantitativeValue","minValue":"1","maxValue":"10"}}]},"product_price_amount":"85.99","product_price_currency":"EUR","og_availability":"instock","product_availability":"instock","product_retailer_item_id":"70102-1SK","product_condition":"new"},"taxonomy_info":{"product_cat":[{"value":270,"label":"Starostlivos\u0165 proti starnutiu"},{"value":360,"label":"Zeitgard Pro"}],"product_tag":[{"value":706,"label":"na vr\u00e1sky na tv\u00e1ri"},{"value":707,"label":"na vr\u00e1sky pod o\u010dami"}]},"featured_image_src_large":["https:\/\/www.lraloeverashop.eu\/wp-content\/uploads\/2022\/10\/Zeitgard-Pro-Anti-Aging-Tool-1024x1024.jpg",1024,1024,true],"author_info":[],"comment_info":0,"_links":{"self":[{"href":"https:\/\/www.lraloeverashop.eu\/sk\/wp-json\/wp\/v2\/product\/8694","targetHints":{"allow":["GET"]}}],"collection":[{"href":"https:\/\/www.lraloeverashop.eu\/sk\/wp-json\/wp\/v2\/product"}],"about":[{"href":"https:\/\/www.lraloeverashop.eu\/sk\/wp-json\/wp\/v2\/types\/product"}],"replies":[{"embeddable":true,"href":"https:\/\/www.lraloeverashop.eu\/sk\/wp-json\/wp\/v2\/comments?post=8694"}],"wp:featuredmedia":[{"embeddable":true,"href":"https:\/\/www.lraloeverashop.eu\/sk\/wp-json\/wp\/v2\/media\/6028"}],"wp:attachment":[{"href":"https:\/\/www.lraloeverashop.eu\/sk\/wp-json\/wp\/v2\/media?parent=8694"}],"wp:term":[{"taxonomy":"product_brand","embeddable":true,"href":"https:\/\/www.lraloeverashop.eu\/sk\/wp-json\/wp\/v2\/product_brand?post=8694"},{"taxonomy":"product_cat","embeddable":true,"href":"https:\/\/www.lraloeverashop.eu\/sk\/wp-json\/wp\/v2\/product_cat?post=8694"},{"taxonomy":"product_tag","embeddable":true,"href":"https:\/\/www.lraloeverashop.eu\/sk\/wp-json\/wp\/v2\/product_tag?post=8694"}],"curies":[{"name":"wp","href":"https:\/\/api.w.org\/{rel}","templated":true}]}}