{"id":8689,"date":"2022-10-23T09:40:26","date_gmt":"2022-10-23T07:40:26","guid":{"rendered":"https:\/\/www.lraloeverashop.eu\/product\/zeitgard-pro-masazny-nastavec\/"},"modified":"2025-09-12T11:26:27","modified_gmt":"2025-09-12T09:26:27","slug":"zeitgard-pro-masazny-nastavec","status":"publish","type":"product","link":"https:\/\/www.lraloeverashop.eu\/sk\/produkt\/zeitgard-pro-masazny-nastavec\/","title":{"rendered":"Zeitgard Pro Mas\u00e1\u017eny Nastavec"},"content":{"rendered":"<h2><span style=\"font-size: 16pt; color: #000000;\"><strong>Zeitgard Pro Mas\u00e1\u017eny Nastavec<\/strong><\/span><\/h2>\n<p><span style=\"font-size: 14pt;\"><strong>Zeitgard Pro Mas\u00e1\u017eny Nastavec na spevnenie poko\u017eky a zn\u00ed\u017eenie celulit\u00eddy<\/strong><\/span><\/p>\n<p>Ultrazvukov\u00e1 mas\u00e1\u017e s n\u00e1stavcom Zeitgard Pro dod\u00e1 v\u00e1\u0161mu telu pevnej\u0161iu a rovnomernej\u0161iu ple\u0165. Pri ka\u017edodennom pou\u017e\u00edvan\u00ed zais\u0165uje pevnej\u0161ie spojivov\u00e9 tkanivo a menej pomaran\u010dovej ko\u017ee. Optim\u00e1lne v\u00fdsledky dosiahnete v kombin\u00e1cii s telov\u00fdm kr\u00e9mom LR ZEITGARD.<\/p>\n<p>Ultrazvukov\u00e9 vibr\u00e1cie prenikaj\u00fa nieko\u013eko centimetrov do poko\u017eky. Tam m\u00f4\u017eu pom\u00f4c\u0165 skvapalni\u0165 tuk v ko\u017en\u00fdch bunk\u00e1ch. V\u010faka vibra\u010dn\u00e9mu mas\u00e1\u017enemu efektu Zeitgard Pro mas\u00e1\u017eneho n\u00e1stavca sa skvapalnen\u00fd tuk v ko\u017en\u00fdch bunk\u00e1ch dok\u00e1\u017ee rovnomerne zreformova\u0165, v\u010faka \u010domu bude ple\u0165 <a href=\"https:\/\/www.lraloeverashop.eu\/sk\/produkt\/zeitgard-pro-na-masaz-tela\/\">hlad\u0161ia a pevnej\u0161ia<\/a>.<\/p>\n<p>Navy\u0161e akt\u00edvne zlo\u017eky telov\u00e9ho kr\u00e9mu Lr Zeitgard so syst\u00e9mom transportu akt\u00edvnych zlo\u017eiek dok\u00e1\u017eu v\u010faka ultrazvukovej technol\u00f3gii prenikn\u00fa\u0165 hlb\u0161ie a r\u00fdchlej\u0161ie do poko\u017eky. Pri pravidelnom pou\u017e\u00edvan\u00ed sa v h\u013abke vrstiev poko\u017eky vytv\u00e1ra z\u00e1soba \u00fa\u010dinn\u00fdch l\u00e1tok, \u010do m\u00e1 za n\u00e1sledok dlhotrvaj\u00faci \u00fa\u010dinok. Optim\u00e1lne v\u00fdsledky sa dosahuj\u00fa v kombin\u00e1cii s <a href=\"https:\/\/www.lraloeverashop.eu\/sk\/produkt\/spevnujuci-telovy-krem-zeitgard-pro\/\">telov\u00fdm kr\u00e9mom Lr Zeitgard Pro<\/a>.<\/p>\n<h3><\/h3>\n<h3><span style=\"font-size: 16pt;\"><strong>Sp\u00f4sob pou\u017eitia<\/strong><\/span><\/h3>\n<p>Telov\u00fd kr\u00e9m Lr Zeitgard aplikujte 1-2 kr\u00e1t denne. Pomocou Lr Zeitgard Pro mas\u00e1\u017eneho n\u00e1stavca vmas\u00edrujte kr\u00e9m do jednotliv\u00fdch \u010dast\u00ed tela cca. 2 min\u00faty po sebe. Zeitgard Pro pr\u00edstroj na spevnenie tela ve\u010fte jemn\u00fdmi kr\u00fa\u017eiv\u00fdmi pohybmi v smere lymfatick\u00fdch uzl\u00edn: na noh\u00e1ch v smere k slabin\u00e1ch, na bruchu v smere k slabin\u00e1m, na zadku v smere k zadnej \u010dasti koleno a na ruk\u00e1ch v smere podpazu\u0161ia.<\/p>\n<p>&nbsp;<\/p>\n<p><img loading=\"lazy\" decoding=\"async\" class=\"aligncenter wp-image-3129\" src=\"https:\/\/www.lraloeverashop.eu\/wp-content\/uploads\/2022\/10\/Lr-Zeitgard-Pro-Body-massage-Device-in-use-1024x536.jpg\" alt=\"Lr Zeitgard Pro Body massage Device in use\" width=\"1221\" height=\"639\" srcset=\"https:\/\/www.lraloeverashop.eu\/wp-content\/uploads\/2022\/10\/Lr-Zeitgard-Pro-Body-massage-Device-in-use-1024x536.jpg 1024w, https:\/\/www.lraloeverashop.eu\/wp-content\/uploads\/2022\/10\/Lr-Zeitgard-Pro-Body-massage-Device-in-use-600x314.jpg 600w, https:\/\/www.lraloeverashop.eu\/wp-content\/uploads\/2022\/10\/Lr-Zeitgard-Pro-Body-massage-Device-in-use-300x157.jpg 300w, https:\/\/www.lraloeverashop.eu\/wp-content\/uploads\/2022\/10\/Lr-Zeitgard-Pro-Body-massage-Device-in-use-768x402.jpg 768w, https:\/\/www.lraloeverashop.eu\/wp-content\/uploads\/2022\/10\/Lr-Zeitgard-Pro-Body-massage-Device-in-use-1536x804.jpg 1536w, https:\/\/www.lraloeverashop.eu\/wp-content\/uploads\/2022\/10\/Lr-Zeitgard-Pro-Body-massage-Device-in-use-2048x1072.jpg 2048w\" sizes=\"auto, (max-width: 1221px) 100vw, 1221px\" \/><\/p>\n","protected":false},"excerpt":{"rendered":"<ul>\n<li>Spev\u0148uj\u00faci nadstavec na mas\u00e1\u017e tela pre Zeitgard Pro<\/li>\n<li>Pre pevnej\u0161iu a rovnomernej\u0161iu ple\u0165<\/li>\n<li>Inovat\u00edvna ultrazvukov\u00e1 technol\u00f3gia<\/li>\n<li>Na pou\u017eitie s telov\u00fdm kr\u00e9mom Lr Zeitgard<\/li>\n<li>S transportn\u00fdm syst\u00e9mom akt\u00edvnych zlo\u017eiek<\/li>\n<li>Mno\u017estvo: 1 kus<\/li>\n<\/ul>\n<p>&nbsp;<\/p>\n","protected":false},"featured_media":6052,"comment_status":"open","ping_status":"closed","template":"","meta":{"_kad_blocks_custom_css":"","_kad_blocks_head_custom_js":"","_kad_blocks_body_custom_js":"","_kad_blocks_footer_custom_js":"","_kadence_starter_templates_imported_post":false,"_kad_post_transparent":"default","_kad_post_title":"","_kad_post_layout":"default","_kad_post_sidebar_id":"","_kad_post_content_style":"default","_kad_post_vertical_padding":"default","_kad_post_feature":"","_kad_post_feature_position":"","_kad_post_header":false,"_kad_post_footer":false,"_kad_post_classname":""},"product_brand":[],"product_cat":[270,360],"product_tag":[620],"class_list":{"0":"post-8689","1":"product","2":"type-product","3":"status-publish","4":"has-post-thumbnail","6":"product_cat-starostlivost-proti-starnutiu","7":"product_cat-zeitgard-pro-sk","8":"product_tag-celulitida","10":"first","11":"instock","12":"taxable","13":"shipping-taxable","14":"purchasable","15":"product-type-simple","16":"entry","17":"content-bg","18":"loop-entry"},"yoast_head":"<!-- This site is optimized with the Yoast SEO Premium plugin v27.4 (Yoast SEO v27.4) - https:\/\/yoast.com\/product\/yoast-seo-premium-wordpress\/ -->\n<title>Zeitgard Pro Mas\u00e1\u017eny Nastavec spevneni poko\u017eku a zn\u00ed\u017ei celulit\u00eddu<\/title>\n<meta name=\"description\" content=\"Zeitgard Pro Mas\u00e1\u017eny Nastavec na mas\u00e1\u017e tela pre Zeitgard Pro. Pri ka\u017edodennom pou\u017e\u00edvan\u00ed zais\u0165uje pevnej\u0161ie spojivov\u00e9 tkanivo a menej pomaran\u010dovej ko\u017ee.\" \/>\n<meta name=\"robots\" content=\"index, follow, max-snippet:-1, max-image-preview:large, max-video-preview:-1\" \/>\n<link rel=\"canonical\" href=\"https:\/\/www.lraloeverashop.eu\/sk\/produkt\/zeitgard-pro-masazny-nastavec\/\" \/>\n<meta property=\"og:locale\" content=\"sk_SK\" \/>\n<meta property=\"og:type\" content=\"article\" \/>\n<meta property=\"og:title\" content=\"Zeitgard Pro Mas\u00e1\u017eny Nastavec\" \/>\n<meta property=\"og:description\" content=\"Zeitgard Pro Mas\u00e1\u017eny Nastavec na mas\u00e1\u017e tela pre Zeitgard Pro. Pri ka\u017edodennom pou\u017e\u00edvan\u00ed zais\u0165uje pevnej\u0161ie spojivov\u00e9 tkanivo a menej pomaran\u010dovej ko\u017ee.\" \/>\n<meta property=\"og:url\" content=\"https:\/\/www.lraloeverashop.eu\/sk\/produkt\/zeitgard-pro-masazny-nastavec\/\" \/>\n<meta property=\"og:site_name\" content=\"Lr Obchod Aloe Vera\" \/>\n<meta property=\"article:publisher\" content=\"https:\/\/www.facebook.com\/lraloeverashop.eu\" \/>\n<meta property=\"article:modified_time\" content=\"2025-09-12T09:26:27+00:00\" \/>\n<meta property=\"og:image\" content=\"https:\/\/www.lraloeverashop.eu\/wp-content\/uploads\/2022\/10\/Zeitgard-Pro-massage-tool.jpg\" \/>\n\t<meta property=\"og:image:width\" content=\"1200\" \/>\n\t<meta property=\"og:image:height\" content=\"1200\" \/>\n\t<meta property=\"og:image:type\" content=\"image\/jpeg\" \/>\n<meta name=\"twitter:card\" content=\"summary_large_image\" \/>\n<meta name=\"twitter:site\" content=\"@natur__kosmetik\" \/>\n<script type=\"application\/ld+json\" class=\"yoast-schema-graph\">{\"@context\":\"https:\\\/\\\/schema.org\",\"@graph\":[{\"@type\":[\"WebPage\",\"ItemPage\"],\"@id\":\"https:\\\/\\\/www.lraloeverashop.eu\\\/sk\\\/produkt\\\/zeitgard-pro-masazny-nastavec\\\/\",\"url\":\"https:\\\/\\\/www.lraloeverashop.eu\\\/sk\\\/produkt\\\/zeitgard-pro-masazny-nastavec\\\/\",\"name\":\"Zeitgard Pro Mas\u00e1\u017eny Nastavec spevneni poko\u017eku a zn\u00ed\u017ei celulit\u00eddu\",\"isPartOf\":{\"@id\":\"https:\\\/\\\/www.lraloeverashop.eu\\\/sk\\\/#website\"},\"primaryImageOfPage\":{\"@id\":\"https:\\\/\\\/www.lraloeverashop.eu\\\/sk\\\/produkt\\\/zeitgard-pro-masazny-nastavec\\\/#primaryimage\"},\"image\":{\"@id\":\"https:\\\/\\\/www.lraloeverashop.eu\\\/sk\\\/produkt\\\/zeitgard-pro-masazny-nastavec\\\/#primaryimage\"},\"thumbnailUrl\":\"https:\\\/\\\/www.lraloeverashop.eu\\\/wp-content\\\/uploads\\\/2022\\\/10\\\/Zeitgard-Pro-massage-tool.jpg\",\"datePublished\":\"2022-10-23T07:40:26+00:00\",\"dateModified\":\"2025-09-12T09:26:27+00:00\",\"description\":\"Zeitgard Pro Mas\u00e1\u017eny Nastavec na mas\u00e1\u017e tela pre Zeitgard Pro. Pri ka\u017edodennom pou\u017e\u00edvan\u00ed zais\u0165uje pevnej\u0161ie spojivov\u00e9 tkanivo a menej pomaran\u010dovej ko\u017ee.\",\"breadcrumb\":{\"@id\":\"https:\\\/\\\/www.lraloeverashop.eu\\\/sk\\\/produkt\\\/zeitgard-pro-masazny-nastavec\\\/#breadcrumb\"},\"inLanguage\":\"sk-SK\",\"potentialAction\":[{\"@type\":\"ReadAction\",\"target\":[\"https:\\\/\\\/www.lraloeverashop.eu\\\/sk\\\/produkt\\\/zeitgard-pro-masazny-nastavec\\\/\"]}]},{\"@type\":\"ImageObject\",\"inLanguage\":\"sk-SK\",\"@id\":\"https:\\\/\\\/www.lraloeverashop.eu\\\/sk\\\/produkt\\\/zeitgard-pro-masazny-nastavec\\\/#primaryimage\",\"url\":\"https:\\\/\\\/www.lraloeverashop.eu\\\/wp-content\\\/uploads\\\/2022\\\/10\\\/Zeitgard-Pro-massage-tool.jpg\",\"contentUrl\":\"https:\\\/\\\/www.lraloeverashop.eu\\\/wp-content\\\/uploads\\\/2022\\\/10\\\/Zeitgard-Pro-massage-tool.jpg\",\"width\":1200,\"height\":1200,\"caption\":\"Mas\u00e1\u017eny n\u00e1stavec Zeitgard Pro na telo\"},{\"@type\":\"BreadcrumbList\",\"@id\":\"https:\\\/\\\/www.lraloeverashop.eu\\\/sk\\\/produkt\\\/zeitgard-pro-masazny-nastavec\\\/#breadcrumb\",\"itemListElement\":[{\"@type\":\"ListItem\",\"position\":1,\"name\":\"Home\",\"item\":\"https:\\\/\\\/www.lraloeverashop.eu\\\/sk\\\/\"},{\"@type\":\"ListItem\",\"position\":2,\"name\":\"Obchod\",\"item\":\"https:\\\/\\\/www.lraloeverashop.eu\\\/shop\\\/\"},{\"@type\":\"ListItem\",\"position\":3,\"name\":\"Zeitgard Pro Mas\u00e1\u017eny Nastavec\"}]},{\"@type\":\"WebSite\",\"@id\":\"https:\\\/\\\/www.lraloeverashop.eu\\\/sk\\\/#website\",\"url\":\"https:\\\/\\\/www.lraloeverashop.eu\\\/sk\\\/\",\"name\":\"Lr Obchod Aloe Vera\",\"description\":\"High Quality Lr Aloe Vera Gel, Aloe Vera Cream and Shampoo\",\"publisher\":{\"@id\":\"https:\\\/\\\/www.lraloeverashop.eu\\\/sk\\\/#organization\"},\"potentialAction\":[{\"@type\":\"SearchAction\",\"target\":{\"@type\":\"EntryPoint\",\"urlTemplate\":\"https:\\\/\\\/www.lraloeverashop.eu\\\/sk\\\/?s={search_term_string}\"},\"query-input\":{\"@type\":\"PropertyValueSpecification\",\"valueRequired\":true,\"valueName\":\"search_term_string\"}}],\"inLanguage\":\"sk-SK\"},{\"@type\":\"Organization\",\"@id\":\"https:\\\/\\\/www.lraloeverashop.eu\\\/sk\\\/#organization\",\"name\":\"Lr Obchod Aloe Vera\",\"alternateName\":\"LR\",\"url\":\"https:\\\/\\\/www.lraloeverashop.eu\\\/sk\\\/\",\"logo\":{\"@type\":\"ImageObject\",\"inLanguage\":\"sk-SK\",\"@id\":\"https:\\\/\\\/www.lraloeverashop.eu\\\/sk\\\/#\\\/schema\\\/logo\\\/image\\\/\",\"url\":\"https:\\\/\\\/www.lraloeverashop.eu\\\/wp-content\\\/uploads\\\/2022\\\/09\\\/cropped-Lr-Aloe-Vera-Shop.jpg\",\"contentUrl\":\"https:\\\/\\\/www.lraloeverashop.eu\\\/wp-content\\\/uploads\\\/2022\\\/09\\\/cropped-Lr-Aloe-Vera-Shop.jpg\",\"width\":228,\"height\":76,\"caption\":\"Lr Obchod Aloe Vera\"},\"image\":{\"@id\":\"https:\\\/\\\/www.lraloeverashop.eu\\\/sk\\\/#\\\/schema\\\/logo\\\/image\\\/\"},\"sameAs\":[\"https:\\\/\\\/www.facebook.com\\\/lraloeverashop.eu\",\"https:\\\/\\\/x.com\\\/natur__kosmetik\",\"https:\\\/\\\/www.youtube.com\\\/channel\\\/UC5oN7BJ8nfYb8RpVtjwDEBA\",\"https:\\\/\\\/www.instagram.com\\\/lrbeautyeu\\\/\"],\"description\":\"Obchod Lr Aloe Vera je va\u0161\u00edm d\u00f4veryhodn\u00fdm miestom pre pr\u00e9miov\u00e9 produkty LR Health & Beauty vyroben\u00e9 v Nemecku. Pon\u00fakame vysokokvalitn\u00e9 rie\u0161enia starostlivosti o ple\u0165 s Aloe Vera, v\u00fd\u017eivu a proti starnutiu, vyroben\u00e9 z \u010dist\u00fdch ingredienci\u00ed a podlo\u017een\u00e9 vedeck\u00fdm v\u00fdskumom. Objavte pr\u00edrodn\u00fa starostlivos\u0165, ktor\u00e1 regeneruje, chr\u00e1ni a revitalizuje va\u0161u ple\u0165 \u2013 a vyu\u017eite exkluz\u00edvne mesa\u010dn\u00e9 ponuky na na\u0161e najpred\u00e1vanej\u0161ie produkty LR Aloe Vera.\\nZa\u010dnite svoju cestu za pr\u00edrodnou starostlivos\u0165ou o ple\u0165 e\u0161te dnes a poc\u00ed\u0165te rozdiel.\",\"email\":\"info@lraloeverashop.eu\",\"telephone\":\"+49 17670609653\",\"legalName\":\"Lr Aloe Vera Shop\",\"foundingDate\":\"2018-04-21\",\"numberOfEmployees\":{\"@type\":\"QuantitativeValue\",\"minValue\":\"1\",\"maxValue\":\"10\"}}]}<\/script>\n<meta property=\"product:price:amount\" content=\"85.99\" \/>\n<meta property=\"product:price:currency\" content=\"EUR\" \/>\n<meta property=\"og:availability\" content=\"instock\" \/>\n<meta property=\"product:availability\" content=\"instock\" \/>\n<meta property=\"product:retailer_item_id\" content=\"70103-1SK\" \/>\n<meta property=\"product:condition\" content=\"new\" \/>\n<!-- \/ Yoast SEO Premium plugin. -->","yoast_head_json":{"title":"Zeitgard Pro Mas\u00e1\u017eny Nastavec spevneni poko\u017eku a zn\u00ed\u017ei celulit\u00eddu","description":"Zeitgard Pro Mas\u00e1\u017eny Nastavec na mas\u00e1\u017e tela pre Zeitgard Pro. Pri ka\u017edodennom pou\u017e\u00edvan\u00ed zais\u0165uje pevnej\u0161ie spojivov\u00e9 tkanivo a menej pomaran\u010dovej ko\u017ee.","robots":{"index":"index","follow":"follow","max-snippet":"max-snippet:-1","max-image-preview":"max-image-preview:large","max-video-preview":"max-video-preview:-1"},"canonical":"https:\/\/www.lraloeverashop.eu\/sk\/produkt\/zeitgard-pro-masazny-nastavec\/","og_locale":"sk_SK","og_type":"article","og_title":"Zeitgard Pro Mas\u00e1\u017eny Nastavec","og_description":"Zeitgard Pro Mas\u00e1\u017eny Nastavec na mas\u00e1\u017e tela pre Zeitgard Pro. Pri ka\u017edodennom pou\u017e\u00edvan\u00ed zais\u0165uje pevnej\u0161ie spojivov\u00e9 tkanivo a menej pomaran\u010dovej ko\u017ee.","og_url":"https:\/\/www.lraloeverashop.eu\/sk\/produkt\/zeitgard-pro-masazny-nastavec\/","og_site_name":"Lr Obchod Aloe Vera","article_publisher":"https:\/\/www.facebook.com\/lraloeverashop.eu","article_modified_time":"2025-09-12T09:26:27+00:00","og_image":[{"width":1200,"height":1200,"url":"https:\/\/www.lraloeverashop.eu\/wp-content\/uploads\/2022\/10\/Zeitgard-Pro-massage-tool.jpg","type":"image\/jpeg"}],"twitter_card":"summary_large_image","twitter_site":"@natur__kosmetik","schema":{"@context":"https:\/\/schema.org","@graph":[{"@type":["WebPage","ItemPage"],"@id":"https:\/\/www.lraloeverashop.eu\/sk\/produkt\/zeitgard-pro-masazny-nastavec\/","url":"https:\/\/www.lraloeverashop.eu\/sk\/produkt\/zeitgard-pro-masazny-nastavec\/","name":"Zeitgard Pro Mas\u00e1\u017eny Nastavec spevneni poko\u017eku a zn\u00ed\u017ei celulit\u00eddu","isPartOf":{"@id":"https:\/\/www.lraloeverashop.eu\/sk\/#website"},"primaryImageOfPage":{"@id":"https:\/\/www.lraloeverashop.eu\/sk\/produkt\/zeitgard-pro-masazny-nastavec\/#primaryimage"},"image":{"@id":"https:\/\/www.lraloeverashop.eu\/sk\/produkt\/zeitgard-pro-masazny-nastavec\/#primaryimage"},"thumbnailUrl":"https:\/\/www.lraloeverashop.eu\/wp-content\/uploads\/2022\/10\/Zeitgard-Pro-massage-tool.jpg","datePublished":"2022-10-23T07:40:26+00:00","dateModified":"2025-09-12T09:26:27+00:00","description":"Zeitgard Pro Mas\u00e1\u017eny Nastavec na mas\u00e1\u017e tela pre Zeitgard Pro. Pri ka\u017edodennom pou\u017e\u00edvan\u00ed zais\u0165uje pevnej\u0161ie spojivov\u00e9 tkanivo a menej pomaran\u010dovej ko\u017ee.","breadcrumb":{"@id":"https:\/\/www.lraloeverashop.eu\/sk\/produkt\/zeitgard-pro-masazny-nastavec\/#breadcrumb"},"inLanguage":"sk-SK","potentialAction":[{"@type":"ReadAction","target":["https:\/\/www.lraloeverashop.eu\/sk\/produkt\/zeitgard-pro-masazny-nastavec\/"]}]},{"@type":"ImageObject","inLanguage":"sk-SK","@id":"https:\/\/www.lraloeverashop.eu\/sk\/produkt\/zeitgard-pro-masazny-nastavec\/#primaryimage","url":"https:\/\/www.lraloeverashop.eu\/wp-content\/uploads\/2022\/10\/Zeitgard-Pro-massage-tool.jpg","contentUrl":"https:\/\/www.lraloeverashop.eu\/wp-content\/uploads\/2022\/10\/Zeitgard-Pro-massage-tool.jpg","width":1200,"height":1200,"caption":"Mas\u00e1\u017eny n\u00e1stavec Zeitgard Pro na telo"},{"@type":"BreadcrumbList","@id":"https:\/\/www.lraloeverashop.eu\/sk\/produkt\/zeitgard-pro-masazny-nastavec\/#breadcrumb","itemListElement":[{"@type":"ListItem","position":1,"name":"Home","item":"https:\/\/www.lraloeverashop.eu\/sk\/"},{"@type":"ListItem","position":2,"name":"Obchod","item":"https:\/\/www.lraloeverashop.eu\/shop\/"},{"@type":"ListItem","position":3,"name":"Zeitgard Pro Mas\u00e1\u017eny Nastavec"}]},{"@type":"WebSite","@id":"https:\/\/www.lraloeverashop.eu\/sk\/#website","url":"https:\/\/www.lraloeverashop.eu\/sk\/","name":"Lr Obchod Aloe Vera","description":"High Quality Lr Aloe Vera Gel, Aloe Vera Cream and Shampoo","publisher":{"@id":"https:\/\/www.lraloeverashop.eu\/sk\/#organization"},"potentialAction":[{"@type":"SearchAction","target":{"@type":"EntryPoint","urlTemplate":"https:\/\/www.lraloeverashop.eu\/sk\/?s={search_term_string}"},"query-input":{"@type":"PropertyValueSpecification","valueRequired":true,"valueName":"search_term_string"}}],"inLanguage":"sk-SK"},{"@type":"Organization","@id":"https:\/\/www.lraloeverashop.eu\/sk\/#organization","name":"Lr Obchod Aloe Vera","alternateName":"LR","url":"https:\/\/www.lraloeverashop.eu\/sk\/","logo":{"@type":"ImageObject","inLanguage":"sk-SK","@id":"https:\/\/www.lraloeverashop.eu\/sk\/#\/schema\/logo\/image\/","url":"https:\/\/www.lraloeverashop.eu\/wp-content\/uploads\/2022\/09\/cropped-Lr-Aloe-Vera-Shop.jpg","contentUrl":"https:\/\/www.lraloeverashop.eu\/wp-content\/uploads\/2022\/09\/cropped-Lr-Aloe-Vera-Shop.jpg","width":228,"height":76,"caption":"Lr Obchod Aloe Vera"},"image":{"@id":"https:\/\/www.lraloeverashop.eu\/sk\/#\/schema\/logo\/image\/"},"sameAs":["https:\/\/www.facebook.com\/lraloeverashop.eu","https:\/\/x.com\/natur__kosmetik","https:\/\/www.youtube.com\/channel\/UC5oN7BJ8nfYb8RpVtjwDEBA","https:\/\/www.instagram.com\/lrbeautyeu\/"],"description":"Obchod Lr Aloe Vera je va\u0161\u00edm d\u00f4veryhodn\u00fdm miestom pre pr\u00e9miov\u00e9 produkty LR Health & Beauty vyroben\u00e9 v Nemecku. Pon\u00fakame vysokokvalitn\u00e9 rie\u0161enia starostlivosti o ple\u0165 s Aloe Vera, v\u00fd\u017eivu a proti starnutiu, vyroben\u00e9 z \u010dist\u00fdch ingredienci\u00ed a podlo\u017een\u00e9 vedeck\u00fdm v\u00fdskumom. Objavte pr\u00edrodn\u00fa starostlivos\u0165, ktor\u00e1 regeneruje, chr\u00e1ni a revitalizuje va\u0161u ple\u0165 \u2013 a vyu\u017eite exkluz\u00edvne mesa\u010dn\u00e9 ponuky na na\u0161e najpred\u00e1vanej\u0161ie produkty LR Aloe Vera.\nZa\u010dnite svoju cestu za pr\u00edrodnou starostlivos\u0165ou o ple\u0165 e\u0161te dnes a poc\u00ed\u0165te rozdiel.","email":"info@lraloeverashop.eu","telephone":"+49 17670609653","legalName":"Lr Aloe Vera Shop","foundingDate":"2018-04-21","numberOfEmployees":{"@type":"QuantitativeValue","minValue":"1","maxValue":"10"}}]},"product_price_amount":"85.99","product_price_currency":"EUR","og_availability":"instock","product_availability":"instock","product_retailer_item_id":"70103-1SK","product_condition":"new"},"taxonomy_info":{"product_cat":[{"value":270,"label":"Starostlivos\u0165 proti starnutiu"},{"value":360,"label":"Zeitgard Pro"}],"product_tag":[{"value":620,"label":"Celulit\u00edda"}]},"featured_image_src_large":["https:\/\/www.lraloeverashop.eu\/wp-content\/uploads\/2022\/10\/Zeitgard-Pro-massage-tool-1024x1024.jpg",1024,1024,true],"author_info":[],"comment_info":0,"_links":{"self":[{"href":"https:\/\/www.lraloeverashop.eu\/sk\/wp-json\/wp\/v2\/product\/8689","targetHints":{"allow":["GET"]}}],"collection":[{"href":"https:\/\/www.lraloeverashop.eu\/sk\/wp-json\/wp\/v2\/product"}],"about":[{"href":"https:\/\/www.lraloeverashop.eu\/sk\/wp-json\/wp\/v2\/types\/product"}],"replies":[{"embeddable":true,"href":"https:\/\/www.lraloeverashop.eu\/sk\/wp-json\/wp\/v2\/comments?post=8689"}],"wp:featuredmedia":[{"embeddable":true,"href":"https:\/\/www.lraloeverashop.eu\/sk\/wp-json\/wp\/v2\/media\/6052"}],"wp:attachment":[{"href":"https:\/\/www.lraloeverashop.eu\/sk\/wp-json\/wp\/v2\/media?parent=8689"}],"wp:term":[{"taxonomy":"product_brand","embeddable":true,"href":"https:\/\/www.lraloeverashop.eu\/sk\/wp-json\/wp\/v2\/product_brand?post=8689"},{"taxonomy":"product_cat","embeddable":true,"href":"https:\/\/www.lraloeverashop.eu\/sk\/wp-json\/wp\/v2\/product_cat?post=8689"},{"taxonomy":"product_tag","embeddable":true,"href":"https:\/\/www.lraloeverashop.eu\/sk\/wp-json\/wp\/v2\/product_tag?post=8689"}],"curies":[{"name":"wp","href":"https:\/\/api.w.org\/{rel}","templated":true}]}}