{"id":8634,"date":"2022-12-03T19:35:56","date_gmt":"2022-12-03T18:35:56","guid":{"rendered":"https:\/\/www.lraloeverashop.eu\/product\/mlieko-na-opalovanie-spf-50\/"},"modified":"2025-12-15T09:00:11","modified_gmt":"2025-12-15T08:00:11","slug":"mlieko-na-opalovanie-spf-50","status":"publish","type":"product","link":"https:\/\/www.lraloeverashop.eu\/sk\/produkt\/mlieko-na-opalovanie-spf-50\/","title":{"rendered":"Mlieko na Opa\u013eovanie SPF 50"},"content":{"rendered":"<h2><span style=\"font-size: 16pt;\"><strong>Mlieko na Opa\u013eovanie SPF 50<\/strong><\/span><\/h2>\n<p><span style=\"font-size: 16px;\"><strong>Mlieko na Opa\u013eovanie SPF 50 s vysokou slne\u010dnou ochranou pre citliv\u00e9 typy pleti<\/strong><\/span><\/p>\n<p>Pekn\u00e9 po\u010dasie vol\u00e1, ta\u0161ka je zbalen\u00e1! Mysleli ste aj na ochranu pred slnkom? \u013dudia s citlivou poko\u017ekou so sklonom k sp\u00e1leniu a najm\u00e4 deti potrebuj\u00fa spo\u013eahliv\u00fa ochranu pred slnkom s najvy\u0161\u0161\u00edm mo\u017en\u00fdm ochrann\u00fdm faktorom. Ide\u00e1lny spolo\u010dn\u00edk na hor\u00face letn\u00e9 dni: Aloe Vera Mlieko na Opa\u013eovanie SPF 50<\/p>\n<p>V\u010faka vysok\u00e9mu slne\u010dn\u00e9mu ochrann\u00e9mu faktoru a 40 % aloe vera o\u0161etruj\u00facich zlo\u017eiek, Opa\u013eovacie Mlieko SPF 50 s aloe vera ide\u00e1lne chr\u00e1ni a star\u00e1 sa o citliv\u00fa poko\u017eku v hor\u00facich letn\u00fdch d\u0148och. Anan\u00e1s je zn\u00e1my svojimi enz\u00fdmami, miner\u00e1lmi a vitam\u00ednmi, ktor\u00e9 m\u00f4\u017eu pom\u00f4c\u0165 pri <a href=\"https:\/\/www.lraloeverashop.eu\/sk\/aloe-vera-denny-krem\/\">regener\u00e1cii poko\u017eky<\/a>.<\/p>\n<p>Inovat\u00edvna text\u00fara na such\u00fd dotyk zais\u0165uje, \u017ee <a href=\"https:\/\/www.lraloeverashop.eu\/sk\/produkt\/aloe-vera-mlieko-na-opalovanie-spf-30\/\">Opa\u013eovacie Mlieko<\/a> sa r\u00fdchlo vstreb\u00e1va, neleskne sa, nelep\u00ed a nezanech\u00e1va na poko\u017eke biele \u0161kvrny.<\/p>\n<p>&nbsp;<\/p>\n<h3><strong><span style=\"font-size: 16pt;\">Ako pou\u017ei\u0165<\/span><\/strong><\/h3>\n<p>Aplikujte Mlieko na Opa\u013eovanie SPF 50 vo ve\u013ekom mno\u017estve aspo\u0148 30 min\u00fat pred opa\u013eovan\u00edm. V pr\u00edpade potreby naneste znovu.<\/p>\n<p>&nbsp;<\/p>\n<h4><strong><span style=\"font-size: 16pt;\">Vedel si?<\/span><\/strong><\/h4>\n<p>Ochrann\u00fd slne\u010dn\u00fd faktor SPF ud\u00e1va, ako dlho sa teoreticky m\u00f4\u017eete opa\u013eova\u0165 s opa\u013eovac\u00edm mliekom bez toho, aby ste sa sp\u00e1lili, ako bez opa\u013eovacieho mlieka.<\/p>\n<p>M\u00f4\u017eete si vypo\u010d\u00edta\u0165: SPF * \u010das vlastnej ochrany. Napr\u00edklad, ak je \u010das va\u0161ej vlastnej ochrany 5 min\u00fat, vypo\u010d\u00edtajte: 20 x 5 min\u00fat = 100 min\u00fat.<br \/>\nD\u00f4le\u017eit\u00e9: Ka\u017ed\u00fd typ pleti je in\u00fd a rovnako aj vystavenie slnku. Opa\u013eovacie mlieko nenahr\u00e1dza slne\u010dn\u00edk, tri\u010dko ani klob\u00fak.<\/p>\n<p>Aby ste sa ochr\u00e1nili aj pred dlhodob\u00fdm po\u0161koden\u00edm slnkom, nikdy by ste nemali naplno vyu\u017ei\u0165 lehotu na ochranu pred slnkom a \u010dastej\u0161ie vyh\u013ead\u00e1va\u0165 tie\u0148.<\/p>\n","protected":false},"excerpt":{"rendered":"<ul>\n<li>Vodeodoln\u00e9 mlieko pre svetl\u00e9, citliv\u00e9 typy pleti<\/li>\n<li>So 40% aloe vera a bio extraktom z anan\u00e1su<\/li>\n<li>Chr\u00e1ni poko\u017eku pred UVA a UVB l\u00fa\u010dmi<\/li>\n<li>Intenz\u00edvne vy\u017eivuje a hydratuje<\/li>\n<li>S efektom such\u00e9ho dotyku: r\u00fdchlo sa vstreb\u00e1va, neleskne sa, nelep\u00ed, nebieli<\/li>\n<li>Obsah: 75 ml<\/li>\n<\/ul>\n<p>&nbsp;<\/p>\n","protected":false},"featured_media":8471,"comment_status":"open","ping_status":"closed","template":"","meta":{"_kad_blocks_custom_css":"","_kad_blocks_head_custom_js":"","_kad_blocks_body_custom_js":"","_kad_blocks_footer_custom_js":"","_kadence_starter_templates_imported_post":false,"_kad_post_transparent":"default","_kad_post_title":"","_kad_post_layout":"default","_kad_post_sidebar_id":"","_kad_post_content_style":"default","_kad_post_vertical_padding":"default","_kad_post_feature":"","_kad_post_feature_position":"","_kad_post_header":false,"_kad_post_footer":false,"_kad_post_classname":""},"product_brand":[],"product_cat":[216,1010],"product_tag":[1017],"class_list":{"0":"post-8634","1":"product","2":"type-product","3":"status-publish","4":"has-post-thumbnail","6":"product_cat-aloe-vera-sk","7":"product_cat-ochrana-pred-slnkom","8":"product_tag-opalovaci-krem","10":"first","11":"instock","12":"taxable","13":"shipping-taxable","14":"purchasable","15":"product-type-simple","16":"entry","17":"content-bg","18":"loop-entry"},"yoast_head":"<!-- This site is optimized with the Yoast SEO Premium plugin v27.4 (Yoast SEO v27.4) - https:\/\/yoast.com\/product\/yoast-seo-premium-wordpress\/ -->\n<title>Mlieko na Opa\u013eovanie SPF 50 pre citliv\u00e9 typy pleti<\/title>\n<meta name=\"description\" content=\"Mlieko na Opa\u013eovanie SPF 50 pre svetl\u00e9, citliv\u00e9 typy pleti. So 40% aloe vera a bio extraktom z anan\u00e1su. R\u00fdchlo sa vstreb\u00e1va, neleskne sa, nelep\u00ed, nebieli\" \/>\n<meta name=\"robots\" content=\"index, follow, max-snippet:-1, max-image-preview:large, max-video-preview:-1\" \/>\n<link rel=\"canonical\" href=\"https:\/\/www.lraloeverashop.eu\/sk\/produkt\/mlieko-na-opalovanie-spf-50\/\" \/>\n<meta property=\"og:locale\" content=\"sk_SK\" \/>\n<meta property=\"og:type\" content=\"article\" \/>\n<meta property=\"og:title\" content=\"Mlieko na Opa\u013eovanie SPF 50\" \/>\n<meta property=\"og:description\" content=\"Mlieko na Opa\u013eovanie SPF 50 pre svetl\u00e9, citliv\u00e9 typy pleti. So 40% aloe vera a bio extraktom z anan\u00e1su. R\u00fdchlo sa vstreb\u00e1va, neleskne sa, nelep\u00ed, nebieli\" \/>\n<meta property=\"og:url\" content=\"https:\/\/www.lraloeverashop.eu\/sk\/produkt\/mlieko-na-opalovanie-spf-50\/\" \/>\n<meta property=\"og:site_name\" content=\"Lr Obchod Aloe Vera\" \/>\n<meta property=\"article:publisher\" content=\"https:\/\/www.facebook.com\/lraloeverashop.eu\" \/>\n<meta property=\"article:modified_time\" content=\"2025-12-15T08:00:11+00:00\" \/>\n<meta property=\"og:image\" content=\"https:\/\/www.lraloeverashop.eu\/wp-content\/uploads\/2022\/12\/Aloe-Vera-High-Protection-Sun-Lotion.jpg\" \/>\n\t<meta property=\"og:image:width\" content=\"1200\" \/>\n\t<meta property=\"og:image:height\" content=\"1200\" \/>\n\t<meta property=\"og:image:type\" content=\"image\/jpeg\" \/>\n<meta name=\"twitter:card\" content=\"summary_large_image\" \/>\n<meta name=\"twitter:site\" content=\"@natur__kosmetik\" \/>\n<script type=\"application\/ld+json\" class=\"yoast-schema-graph\">{\"@context\":\"https:\\\/\\\/schema.org\",\"@graph\":[{\"@type\":[\"WebPage\",\"ItemPage\"],\"@id\":\"https:\\\/\\\/www.lraloeverashop.eu\\\/sk\\\/produkt\\\/mlieko-na-opalovanie-spf-50\\\/\",\"url\":\"https:\\\/\\\/www.lraloeverashop.eu\\\/sk\\\/produkt\\\/mlieko-na-opalovanie-spf-50\\\/\",\"name\":\"Mlieko na Opa\u013eovanie SPF 50 pre citliv\u00e9 typy pleti\",\"isPartOf\":{\"@id\":\"https:\\\/\\\/www.lraloeverashop.eu\\\/sk\\\/#website\"},\"primaryImageOfPage\":{\"@id\":\"https:\\\/\\\/www.lraloeverashop.eu\\\/sk\\\/produkt\\\/mlieko-na-opalovanie-spf-50\\\/#primaryimage\"},\"image\":{\"@id\":\"https:\\\/\\\/www.lraloeverashop.eu\\\/sk\\\/produkt\\\/mlieko-na-opalovanie-spf-50\\\/#primaryimage\"},\"thumbnailUrl\":\"https:\\\/\\\/www.lraloeverashop.eu\\\/wp-content\\\/uploads\\\/2022\\\/12\\\/Aloe-Vera-High-Protection-Sun-Lotion.jpg\",\"datePublished\":\"2022-12-03T18:35:56+00:00\",\"dateModified\":\"2025-12-15T08:00:11+00:00\",\"description\":\"Mlieko na Opa\u013eovanie SPF 50 pre svetl\u00e9, citliv\u00e9 typy pleti. So 40% aloe vera a bio extraktom z anan\u00e1su. R\u00fdchlo sa vstreb\u00e1va, neleskne sa, nelep\u00ed, nebieli\",\"breadcrumb\":{\"@id\":\"https:\\\/\\\/www.lraloeverashop.eu\\\/sk\\\/produkt\\\/mlieko-na-opalovanie-spf-50\\\/#breadcrumb\"},\"inLanguage\":\"sk-SK\",\"potentialAction\":[{\"@type\":\"ReadAction\",\"target\":[\"https:\\\/\\\/www.lraloeverashop.eu\\\/sk\\\/produkt\\\/mlieko-na-opalovanie-spf-50\\\/\"]}]},{\"@type\":\"ImageObject\",\"inLanguage\":\"sk-SK\",\"@id\":\"https:\\\/\\\/www.lraloeverashop.eu\\\/sk\\\/produkt\\\/mlieko-na-opalovanie-spf-50\\\/#primaryimage\",\"url\":\"https:\\\/\\\/www.lraloeverashop.eu\\\/wp-content\\\/uploads\\\/2022\\\/12\\\/Aloe-Vera-High-Protection-Sun-Lotion.jpg\",\"contentUrl\":\"https:\\\/\\\/www.lraloeverashop.eu\\\/wp-content\\\/uploads\\\/2022\\\/12\\\/Aloe-Vera-High-Protection-Sun-Lotion.jpg\",\"width\":1200,\"height\":1200,\"caption\":\"Aloe Vera mlieko na opalovanie s vysokou ochranou SPF 50\"},{\"@type\":\"BreadcrumbList\",\"@id\":\"https:\\\/\\\/www.lraloeverashop.eu\\\/sk\\\/produkt\\\/mlieko-na-opalovanie-spf-50\\\/#breadcrumb\",\"itemListElement\":[{\"@type\":\"ListItem\",\"position\":1,\"name\":\"Home\",\"item\":\"https:\\\/\\\/www.lraloeverashop.eu\\\/sk\\\/\"},{\"@type\":\"ListItem\",\"position\":2,\"name\":\"Obchod\",\"item\":\"https:\\\/\\\/www.lraloeverashop.eu\\\/shop\\\/\"},{\"@type\":\"ListItem\",\"position\":3,\"name\":\"Mlieko na Opa\u013eovanie SPF 50\"}]},{\"@type\":\"WebSite\",\"@id\":\"https:\\\/\\\/www.lraloeverashop.eu\\\/sk\\\/#website\",\"url\":\"https:\\\/\\\/www.lraloeverashop.eu\\\/sk\\\/\",\"name\":\"Lr Obchod Aloe Vera\",\"description\":\"High Quality Lr Aloe Vera Gel, Aloe Vera Cream and Shampoo\",\"publisher\":{\"@id\":\"https:\\\/\\\/www.lraloeverashop.eu\\\/sk\\\/#organization\"},\"potentialAction\":[{\"@type\":\"SearchAction\",\"target\":{\"@type\":\"EntryPoint\",\"urlTemplate\":\"https:\\\/\\\/www.lraloeverashop.eu\\\/sk\\\/?s={search_term_string}\"},\"query-input\":{\"@type\":\"PropertyValueSpecification\",\"valueRequired\":true,\"valueName\":\"search_term_string\"}}],\"inLanguage\":\"sk-SK\"},{\"@type\":\"Organization\",\"@id\":\"https:\\\/\\\/www.lraloeverashop.eu\\\/sk\\\/#organization\",\"name\":\"Lr Obchod Aloe Vera\",\"alternateName\":\"LR\",\"url\":\"https:\\\/\\\/www.lraloeverashop.eu\\\/sk\\\/\",\"logo\":{\"@type\":\"ImageObject\",\"inLanguage\":\"sk-SK\",\"@id\":\"https:\\\/\\\/www.lraloeverashop.eu\\\/sk\\\/#\\\/schema\\\/logo\\\/image\\\/\",\"url\":\"https:\\\/\\\/www.lraloeverashop.eu\\\/wp-content\\\/uploads\\\/2022\\\/09\\\/cropped-Lr-Aloe-Vera-Shop.jpg\",\"contentUrl\":\"https:\\\/\\\/www.lraloeverashop.eu\\\/wp-content\\\/uploads\\\/2022\\\/09\\\/cropped-Lr-Aloe-Vera-Shop.jpg\",\"width\":228,\"height\":76,\"caption\":\"Lr Obchod Aloe Vera\"},\"image\":{\"@id\":\"https:\\\/\\\/www.lraloeverashop.eu\\\/sk\\\/#\\\/schema\\\/logo\\\/image\\\/\"},\"sameAs\":[\"https:\\\/\\\/www.facebook.com\\\/lraloeverashop.eu\",\"https:\\\/\\\/x.com\\\/natur__kosmetik\",\"https:\\\/\\\/www.youtube.com\\\/channel\\\/UC5oN7BJ8nfYb8RpVtjwDEBA\",\"https:\\\/\\\/www.instagram.com\\\/lrbeautyeu\\\/\"],\"description\":\"Obchod Lr Aloe Vera je va\u0161\u00edm d\u00f4veryhodn\u00fdm miestom pre pr\u00e9miov\u00e9 produkty LR Health & Beauty vyroben\u00e9 v Nemecku. Pon\u00fakame vysokokvalitn\u00e9 rie\u0161enia starostlivosti o ple\u0165 s Aloe Vera, v\u00fd\u017eivu a proti starnutiu, vyroben\u00e9 z \u010dist\u00fdch ingredienci\u00ed a podlo\u017een\u00e9 vedeck\u00fdm v\u00fdskumom. Objavte pr\u00edrodn\u00fa starostlivos\u0165, ktor\u00e1 regeneruje, chr\u00e1ni a revitalizuje va\u0161u ple\u0165 \u2013 a vyu\u017eite exkluz\u00edvne mesa\u010dn\u00e9 ponuky na na\u0161e najpred\u00e1vanej\u0161ie produkty LR Aloe Vera.\\nZa\u010dnite svoju cestu za pr\u00edrodnou starostlivos\u0165ou o ple\u0165 e\u0161te dnes a poc\u00ed\u0165te rozdiel.\",\"email\":\"info@lraloeverashop.eu\",\"telephone\":\"+49 17670609653\",\"legalName\":\"Lr Aloe Vera Shop\",\"foundingDate\":\"2018-04-21\",\"numberOfEmployees\":{\"@type\":\"QuantitativeValue\",\"minValue\":\"1\",\"maxValue\":\"10\"}}]}<\/script>\n<meta property=\"product:price:amount\" content=\"33.99\" \/>\n<meta property=\"product:price:currency\" content=\"EUR\" \/>\n<meta property=\"og:availability\" content=\"instock\" \/>\n<meta property=\"product:availability\" content=\"instock\" \/>\n<meta property=\"product:retailer_item_id\" content=\"23113-101SK\" \/>\n<meta property=\"product:condition\" content=\"new\" \/>\n<!-- \/ Yoast SEO Premium plugin. -->","yoast_head_json":{"title":"Mlieko na Opa\u013eovanie SPF 50 pre citliv\u00e9 typy pleti","description":"Mlieko na Opa\u013eovanie SPF 50 pre svetl\u00e9, citliv\u00e9 typy pleti. So 40% aloe vera a bio extraktom z anan\u00e1su. R\u00fdchlo sa vstreb\u00e1va, neleskne sa, nelep\u00ed, nebieli","robots":{"index":"index","follow":"follow","max-snippet":"max-snippet:-1","max-image-preview":"max-image-preview:large","max-video-preview":"max-video-preview:-1"},"canonical":"https:\/\/www.lraloeverashop.eu\/sk\/produkt\/mlieko-na-opalovanie-spf-50\/","og_locale":"sk_SK","og_type":"article","og_title":"Mlieko na Opa\u013eovanie SPF 50","og_description":"Mlieko na Opa\u013eovanie SPF 50 pre svetl\u00e9, citliv\u00e9 typy pleti. So 40% aloe vera a bio extraktom z anan\u00e1su. R\u00fdchlo sa vstreb\u00e1va, neleskne sa, nelep\u00ed, nebieli","og_url":"https:\/\/www.lraloeverashop.eu\/sk\/produkt\/mlieko-na-opalovanie-spf-50\/","og_site_name":"Lr Obchod Aloe Vera","article_publisher":"https:\/\/www.facebook.com\/lraloeverashop.eu","article_modified_time":"2025-12-15T08:00:11+00:00","og_image":[{"width":1200,"height":1200,"url":"https:\/\/www.lraloeverashop.eu\/wp-content\/uploads\/2022\/12\/Aloe-Vera-High-Protection-Sun-Lotion.jpg","type":"image\/jpeg"}],"twitter_card":"summary_large_image","twitter_site":"@natur__kosmetik","schema":{"@context":"https:\/\/schema.org","@graph":[{"@type":["WebPage","ItemPage"],"@id":"https:\/\/www.lraloeverashop.eu\/sk\/produkt\/mlieko-na-opalovanie-spf-50\/","url":"https:\/\/www.lraloeverashop.eu\/sk\/produkt\/mlieko-na-opalovanie-spf-50\/","name":"Mlieko na Opa\u013eovanie SPF 50 pre citliv\u00e9 typy pleti","isPartOf":{"@id":"https:\/\/www.lraloeverashop.eu\/sk\/#website"},"primaryImageOfPage":{"@id":"https:\/\/www.lraloeverashop.eu\/sk\/produkt\/mlieko-na-opalovanie-spf-50\/#primaryimage"},"image":{"@id":"https:\/\/www.lraloeverashop.eu\/sk\/produkt\/mlieko-na-opalovanie-spf-50\/#primaryimage"},"thumbnailUrl":"https:\/\/www.lraloeverashop.eu\/wp-content\/uploads\/2022\/12\/Aloe-Vera-High-Protection-Sun-Lotion.jpg","datePublished":"2022-12-03T18:35:56+00:00","dateModified":"2025-12-15T08:00:11+00:00","description":"Mlieko na Opa\u013eovanie SPF 50 pre svetl\u00e9, citliv\u00e9 typy pleti. So 40% aloe vera a bio extraktom z anan\u00e1su. R\u00fdchlo sa vstreb\u00e1va, neleskne sa, nelep\u00ed, nebieli","breadcrumb":{"@id":"https:\/\/www.lraloeverashop.eu\/sk\/produkt\/mlieko-na-opalovanie-spf-50\/#breadcrumb"},"inLanguage":"sk-SK","potentialAction":[{"@type":"ReadAction","target":["https:\/\/www.lraloeverashop.eu\/sk\/produkt\/mlieko-na-opalovanie-spf-50\/"]}]},{"@type":"ImageObject","inLanguage":"sk-SK","@id":"https:\/\/www.lraloeverashop.eu\/sk\/produkt\/mlieko-na-opalovanie-spf-50\/#primaryimage","url":"https:\/\/www.lraloeverashop.eu\/wp-content\/uploads\/2022\/12\/Aloe-Vera-High-Protection-Sun-Lotion.jpg","contentUrl":"https:\/\/www.lraloeverashop.eu\/wp-content\/uploads\/2022\/12\/Aloe-Vera-High-Protection-Sun-Lotion.jpg","width":1200,"height":1200,"caption":"Aloe Vera mlieko na opalovanie s vysokou ochranou SPF 50"},{"@type":"BreadcrumbList","@id":"https:\/\/www.lraloeverashop.eu\/sk\/produkt\/mlieko-na-opalovanie-spf-50\/#breadcrumb","itemListElement":[{"@type":"ListItem","position":1,"name":"Home","item":"https:\/\/www.lraloeverashop.eu\/sk\/"},{"@type":"ListItem","position":2,"name":"Obchod","item":"https:\/\/www.lraloeverashop.eu\/shop\/"},{"@type":"ListItem","position":3,"name":"Mlieko na Opa\u013eovanie SPF 50"}]},{"@type":"WebSite","@id":"https:\/\/www.lraloeverashop.eu\/sk\/#website","url":"https:\/\/www.lraloeverashop.eu\/sk\/","name":"Lr Obchod Aloe Vera","description":"High Quality Lr Aloe Vera Gel, Aloe Vera Cream and Shampoo","publisher":{"@id":"https:\/\/www.lraloeverashop.eu\/sk\/#organization"},"potentialAction":[{"@type":"SearchAction","target":{"@type":"EntryPoint","urlTemplate":"https:\/\/www.lraloeverashop.eu\/sk\/?s={search_term_string}"},"query-input":{"@type":"PropertyValueSpecification","valueRequired":true,"valueName":"search_term_string"}}],"inLanguage":"sk-SK"},{"@type":"Organization","@id":"https:\/\/www.lraloeverashop.eu\/sk\/#organization","name":"Lr Obchod Aloe Vera","alternateName":"LR","url":"https:\/\/www.lraloeverashop.eu\/sk\/","logo":{"@type":"ImageObject","inLanguage":"sk-SK","@id":"https:\/\/www.lraloeverashop.eu\/sk\/#\/schema\/logo\/image\/","url":"https:\/\/www.lraloeverashop.eu\/wp-content\/uploads\/2022\/09\/cropped-Lr-Aloe-Vera-Shop.jpg","contentUrl":"https:\/\/www.lraloeverashop.eu\/wp-content\/uploads\/2022\/09\/cropped-Lr-Aloe-Vera-Shop.jpg","width":228,"height":76,"caption":"Lr Obchod Aloe Vera"},"image":{"@id":"https:\/\/www.lraloeverashop.eu\/sk\/#\/schema\/logo\/image\/"},"sameAs":["https:\/\/www.facebook.com\/lraloeverashop.eu","https:\/\/x.com\/natur__kosmetik","https:\/\/www.youtube.com\/channel\/UC5oN7BJ8nfYb8RpVtjwDEBA","https:\/\/www.instagram.com\/lrbeautyeu\/"],"description":"Obchod Lr Aloe Vera je va\u0161\u00edm d\u00f4veryhodn\u00fdm miestom pre pr\u00e9miov\u00e9 produkty LR Health & Beauty vyroben\u00e9 v Nemecku. Pon\u00fakame vysokokvalitn\u00e9 rie\u0161enia starostlivosti o ple\u0165 s Aloe Vera, v\u00fd\u017eivu a proti starnutiu, vyroben\u00e9 z \u010dist\u00fdch ingredienci\u00ed a podlo\u017een\u00e9 vedeck\u00fdm v\u00fdskumom. Objavte pr\u00edrodn\u00fa starostlivos\u0165, ktor\u00e1 regeneruje, chr\u00e1ni a revitalizuje va\u0161u ple\u0165 \u2013 a vyu\u017eite exkluz\u00edvne mesa\u010dn\u00e9 ponuky na na\u0161e najpred\u00e1vanej\u0161ie produkty LR Aloe Vera.\nZa\u010dnite svoju cestu za pr\u00edrodnou starostlivos\u0165ou o ple\u0165 e\u0161te dnes a poc\u00ed\u0165te rozdiel.","email":"info@lraloeverashop.eu","telephone":"+49 17670609653","legalName":"Lr Aloe Vera Shop","foundingDate":"2018-04-21","numberOfEmployees":{"@type":"QuantitativeValue","minValue":"1","maxValue":"10"}}]},"product_price_amount":"33.99","product_price_currency":"EUR","og_availability":"instock","product_availability":"instock","product_retailer_item_id":"23113-101SK","product_condition":"new"},"taxonomy_info":{"product_cat":[{"value":216,"label":"Aloe Vera"},{"value":1010,"label":"Ochrana pred slnkom"}],"product_tag":[{"value":1017,"label":"opa\u013eovac\u00ed kr\u00e9m"}]},"featured_image_src_large":["https:\/\/www.lraloeverashop.eu\/wp-content\/uploads\/2022\/12\/Aloe-Vera-High-Protection-Sun-Lotion-1024x1024.jpg",1024,1024,true],"author_info":[],"comment_info":0,"_links":{"self":[{"href":"https:\/\/www.lraloeverashop.eu\/sk\/wp-json\/wp\/v2\/product\/8634","targetHints":{"allow":["GET"]}}],"collection":[{"href":"https:\/\/www.lraloeverashop.eu\/sk\/wp-json\/wp\/v2\/product"}],"about":[{"href":"https:\/\/www.lraloeverashop.eu\/sk\/wp-json\/wp\/v2\/types\/product"}],"replies":[{"embeddable":true,"href":"https:\/\/www.lraloeverashop.eu\/sk\/wp-json\/wp\/v2\/comments?post=8634"}],"wp:featuredmedia":[{"embeddable":true,"href":"https:\/\/www.lraloeverashop.eu\/sk\/wp-json\/wp\/v2\/media\/8471"}],"wp:attachment":[{"href":"https:\/\/www.lraloeverashop.eu\/sk\/wp-json\/wp\/v2\/media?parent=8634"}],"wp:term":[{"taxonomy":"product_brand","embeddable":true,"href":"https:\/\/www.lraloeverashop.eu\/sk\/wp-json\/wp\/v2\/product_brand?post=8634"},{"taxonomy":"product_cat","embeddable":true,"href":"https:\/\/www.lraloeverashop.eu\/sk\/wp-json\/wp\/v2\/product_cat?post=8634"},{"taxonomy":"product_tag","embeddable":true,"href":"https:\/\/www.lraloeverashop.eu\/sk\/wp-json\/wp\/v2\/product_tag?post=8634"}],"curies":[{"name":"wp","href":"https:\/\/api.w.org\/{rel}","templated":true}]}}