{"id":8620,"date":"2022-12-03T19:57:24","date_gmt":"2022-12-03T18:57:24","guid":{"rendered":"https:\/\/www.lraloeverashop.eu\/product\/opalovaci-sprej-pre-deti-spf-50\/"},"modified":"2025-12-15T08:59:45","modified_gmt":"2025-12-15T07:59:45","slug":"opalovaci-sprej-pre-deti-spf-50","status":"publish","type":"product","link":"https:\/\/www.lraloeverashop.eu\/sk\/produkt\/opalovaci-sprej-pre-deti-spf-50\/","title":{"rendered":"Opalovaci Sprej Pre Deti SPF 50"},"content":{"rendered":"<h2><span style=\"font-size: 16pt;\"><strong>Opalovaci Sprej Pre Deti SPF 50<\/strong><\/span><\/h2>\n<p><span style=\"font-size: 16px;\"><strong>Opalovaci Sprej Pre Deti SPF 50 Chrani, Intenz\u00edvne vy\u017eivuje a hydratuje<\/strong><\/span><\/p>\n<p>Opalovaci Sprej Pre Deti SPF 50 je obzvl\u00e1\u0161\u0165 jemn\u00fd pre citliv\u00fa detsk\u00fa poko\u017eku. \u013dahk\u00e9 zlo\u017eenie v spreji \u013eahko k\u013a\u017ee po mokrej alebo suchej poko\u017eke.<\/p>\n<p>So 40 % aloe vera je vhodn\u00fd najm\u00e4 pre citliv\u00fa poko\u017eku: intenz\u00edvne hydratuje a podporuje regener\u00e1ciu poko\u017eky. Anan\u00e1s je zn\u00e1my svojimi <a href=\"https:\/\/www.lraloeverashop.eu\/sk\/produkt\/aloe-vera-rychly-sprej-prvej-pomoci\/\">enz\u00fdmami<\/a>, miner\u00e1lmi a vitam\u00ednmi, ktor\u00e9 m\u00f4\u017eu pom\u00f4c\u0165 pri regener\u00e1cii poko\u017eky.<\/p>\n<p>&nbsp;<\/p>\n<h3><strong><span style=\"font-size: 16pt;\">Sp\u00f4sob pou\u017eitia<\/span><\/strong><\/h3>\n<p>Naneste opa\u013eovac\u00ed kr\u00e9m 30 min\u00fat pred opa\u013eovan\u00edm. Detsk\u00e9 opa\u013eovacie mlieko v spreji m\u00f4\u017eete osvie\u017ei\u0165 aj striekan\u00edm na vlhk\u00fa poko\u017eku.<\/p>\n<p>Pozor: Aloe Vera Opalovaci Sprej Pre Deti SPF 50 je pod tlakom. Chr\u00e1\u0148te pred priamym slne\u010dn\u00fdm \u017eiaren\u00edm a teplotami nad 50\u00b0C. Po pou\u017eit\u00ed neotv\u00e1rajte ani nezapa\u013eujte. Nestriekajte do otvoren\u00e9ho oh\u0148a alebo na roz\u017eeraven\u00fd materi\u00e1l. Uchov\u00e1vajte mimo dosahu zdrojov zap\u00e1lenia \u2013 Z\u00e1kaz faj\u010denia. Uchov\u00e1vajte mimo dosahu det\u00ed. Nestriekajte do o\u010d\u00ed.<\/p>\n<p>&nbsp;<\/p>\n<h4><strong><span style=\"font-size: 16pt;\">Vedeli ste?<\/span><\/strong><\/h4>\n<p>Deti by sa mali vyh\u00fdba\u0165 intenz\u00edvnemu polud\u0148aj\u0161iemu slnku. Doj\u010dat\u00e1 a mal\u00e9 deti by mali by\u0165 chr\u00e1nen\u00e9 pred priamym slne\u010dn\u00fdm \u017eiaren\u00edm. Pre doj\u010dat\u00e1 a mal\u00e9 deti pou\u017e\u00edvajte ochrann\u00fd odev a opa\u013eovac\u00ed kr\u00e9m s ve\u013emi vysok\u00fdm ochrann\u00fdm faktorom.<\/p>\n<p>Ochrann\u00fd slne\u010dn\u00fd faktor stanoven\u00fd pre <a href=\"https:\/\/www.lraloeverashop.eu\/sk\/produkt\/aloe-vera-opalovaci-sprej-spf-30\/\">opa\u013eovacie pr\u00edpravky<\/a> a t\u00fdm aj d\u013a\u017eka \u010dasu str\u00e1ven\u00e9ho na slnku za de\u0148 nie je mo\u017en\u00e9 opakovan\u00fdm pou\u017eit\u00edm pred\u013a\u017ei\u0165.<\/p>\n","protected":false},"excerpt":{"rendered":"<ul>\n<li>Aloe Vera Spray \u0161peci\u00e1lne pre citliv\u00fa detsk\u00fa poko\u017eku<\/li>\n<li>\u013dahk\u00e9 zlo\u017eenie na pou\u017eitie na mokr\u00fa a such\u00fa poko\u017eku<\/li>\n<li>So 40% aloe vera a bio extraktom z anan\u00e1su<\/li>\n<li>Chr\u00e1ni poko\u017eku pred UVA a UVB l\u00fa\u010dmi<\/li>\n<li>Intenz\u00edvne vy\u017eivuje a hydratuje<\/li>\n<li>Mno\u017estvo: 150 ml<\/li>\n<\/ul>\n<p>&nbsp;<\/p>\n","protected":false},"featured_media":8443,"comment_status":"open","ping_status":"closed","template":"","meta":{"_kad_blocks_custom_css":"","_kad_blocks_head_custom_js":"","_kad_blocks_body_custom_js":"","_kad_blocks_footer_custom_js":"","_kadence_starter_templates_imported_post":false,"_kad_post_transparent":"default","_kad_post_title":"","_kad_post_layout":"default","_kad_post_sidebar_id":"","_kad_post_content_style":"default","_kad_post_vertical_padding":"default","_kad_post_feature":"","_kad_post_feature_position":"","_kad_post_header":false,"_kad_post_footer":false,"_kad_post_classname":""},"product_brand":[],"product_cat":[216,1010,222],"product_tag":[1017],"class_list":{"0":"post-8620","1":"product","2":"type-product","3":"status-publish","4":"has-post-thumbnail","6":"product_cat-aloe-vera-sk","7":"product_cat-ochrana-pred-slnkom","8":"product_cat-starostlivost-o-dieta","9":"product_tag-opalovaci-krem","11":"first","12":"instock","13":"taxable","14":"shipping-taxable","15":"purchasable","16":"product-type-simple","17":"entry","18":"content-bg","19":"loop-entry"},"yoast_head":"<!-- This site is optimized with the Yoast SEO Premium plugin v27.4 (Yoast SEO v27.4) - https:\/\/yoast.com\/product\/yoast-seo-premium-wordpress\/ -->\n<title>Opalovaci Sprej Pre Deti SPF 50 Intenz\u00edvne vy\u017eivuje a hydratuje<\/title>\n<meta name=\"description\" content=\"Opalovaci Sprej Pre Deti SPF 50 je obzvl\u00e1\u0161\u0165 jemn\u00fd pre citliv\u00fa detsk\u00fa poko\u017eku. \u013dahk\u00e9 zlo\u017eenie v spreji \u013eahko k\u013a\u017ee po mokrej alebo suchej poko\u017eke.\" \/>\n<meta name=\"robots\" content=\"index, follow, max-snippet:-1, max-image-preview:large, max-video-preview:-1\" \/>\n<link rel=\"canonical\" href=\"https:\/\/www.lraloeverashop.eu\/sk\/produkt\/opalovaci-sprej-pre-deti-spf-50\/\" \/>\n<meta property=\"og:locale\" content=\"sk_SK\" \/>\n<meta property=\"og:type\" content=\"article\" \/>\n<meta property=\"og:title\" content=\"Opalovaci Sprej Pre Deti SPF 50\" \/>\n<meta property=\"og:description\" content=\"Opalovaci Sprej Pre Deti SPF 50 je obzvl\u00e1\u0161\u0165 jemn\u00fd pre citliv\u00fa detsk\u00fa poko\u017eku. \u013dahk\u00e9 zlo\u017eenie v spreji \u013eahko k\u013a\u017ee po mokrej alebo suchej poko\u017eke.\" \/>\n<meta property=\"og:url\" content=\"https:\/\/www.lraloeverashop.eu\/sk\/produkt\/opalovaci-sprej-pre-deti-spf-50\/\" \/>\n<meta property=\"og:site_name\" content=\"Lr Obchod Aloe Vera\" \/>\n<meta property=\"article:publisher\" content=\"https:\/\/www.facebook.com\/lraloeverashop.eu\" \/>\n<meta property=\"article:modified_time\" content=\"2025-12-15T07:59:45+00:00\" \/>\n<meta property=\"og:image\" content=\"https:\/\/www.lraloeverashop.eu\/wp-content\/uploads\/2022\/12\/Aloe-Vera-Sun-Spray-for-kids.jpeg\" \/>\n\t<meta property=\"og:image:width\" content=\"1200\" \/>\n\t<meta property=\"og:image:height\" content=\"1200\" \/>\n\t<meta property=\"og:image:type\" content=\"image\/jpeg\" \/>\n<meta name=\"twitter:card\" content=\"summary_large_image\" \/>\n<meta name=\"twitter:site\" content=\"@natur__kosmetik\" \/>\n<script type=\"application\/ld+json\" class=\"yoast-schema-graph\">{\"@context\":\"https:\\\/\\\/schema.org\",\"@graph\":[{\"@type\":[\"WebPage\",\"ItemPage\"],\"@id\":\"https:\\\/\\\/www.lraloeverashop.eu\\\/sk\\\/produkt\\\/opalovaci-sprej-pre-deti-spf-50\\\/\",\"url\":\"https:\\\/\\\/www.lraloeverashop.eu\\\/sk\\\/produkt\\\/opalovaci-sprej-pre-deti-spf-50\\\/\",\"name\":\"Opalovaci Sprej Pre Deti SPF 50 Intenz\u00edvne vy\u017eivuje a hydratuje\",\"isPartOf\":{\"@id\":\"https:\\\/\\\/www.lraloeverashop.eu\\\/sk\\\/#website\"},\"primaryImageOfPage\":{\"@id\":\"https:\\\/\\\/www.lraloeverashop.eu\\\/sk\\\/produkt\\\/opalovaci-sprej-pre-deti-spf-50\\\/#primaryimage\"},\"image\":{\"@id\":\"https:\\\/\\\/www.lraloeverashop.eu\\\/sk\\\/produkt\\\/opalovaci-sprej-pre-deti-spf-50\\\/#primaryimage\"},\"thumbnailUrl\":\"https:\\\/\\\/www.lraloeverashop.eu\\\/wp-content\\\/uploads\\\/2022\\\/12\\\/Aloe-Vera-Sun-Spray-for-kids.jpeg\",\"datePublished\":\"2022-12-03T18:57:24+00:00\",\"dateModified\":\"2025-12-15T07:59:45+00:00\",\"description\":\"Opalovaci Sprej Pre Deti SPF 50 je obzvl\u00e1\u0161\u0165 jemn\u00fd pre citliv\u00fa detsk\u00fa poko\u017eku. \u013dahk\u00e9 zlo\u017eenie v spreji \u013eahko k\u013a\u017ee po mokrej alebo suchej poko\u017eke.\",\"breadcrumb\":{\"@id\":\"https:\\\/\\\/www.lraloeverashop.eu\\\/sk\\\/produkt\\\/opalovaci-sprej-pre-deti-spf-50\\\/#breadcrumb\"},\"inLanguage\":\"sk-SK\",\"potentialAction\":[{\"@type\":\"ReadAction\",\"target\":[\"https:\\\/\\\/www.lraloeverashop.eu\\\/sk\\\/produkt\\\/opalovaci-sprej-pre-deti-spf-50\\\/\"]}]},{\"@type\":\"ImageObject\",\"inLanguage\":\"sk-SK\",\"@id\":\"https:\\\/\\\/www.lraloeverashop.eu\\\/sk\\\/produkt\\\/opalovaci-sprej-pre-deti-spf-50\\\/#primaryimage\",\"url\":\"https:\\\/\\\/www.lraloeverashop.eu\\\/wp-content\\\/uploads\\\/2022\\\/12\\\/Aloe-Vera-Sun-Spray-for-kids.jpeg\",\"contentUrl\":\"https:\\\/\\\/www.lraloeverashop.eu\\\/wp-content\\\/uploads\\\/2022\\\/12\\\/Aloe-Vera-Sun-Spray-for-kids.jpeg\",\"width\":1200,\"height\":1200,\"caption\":\"Aloe Vera sprej na opalovanie s vysokou ochranou pre deti\"},{\"@type\":\"BreadcrumbList\",\"@id\":\"https:\\\/\\\/www.lraloeverashop.eu\\\/sk\\\/produkt\\\/opalovaci-sprej-pre-deti-spf-50\\\/#breadcrumb\",\"itemListElement\":[{\"@type\":\"ListItem\",\"position\":1,\"name\":\"Home\",\"item\":\"https:\\\/\\\/www.lraloeverashop.eu\\\/sk\\\/\"},{\"@type\":\"ListItem\",\"position\":2,\"name\":\"Obchod\",\"item\":\"https:\\\/\\\/www.lraloeverashop.eu\\\/shop\\\/\"},{\"@type\":\"ListItem\",\"position\":3,\"name\":\"Opalovaci Sprej Pre Deti SPF 50\"}]},{\"@type\":\"WebSite\",\"@id\":\"https:\\\/\\\/www.lraloeverashop.eu\\\/sk\\\/#website\",\"url\":\"https:\\\/\\\/www.lraloeverashop.eu\\\/sk\\\/\",\"name\":\"Lr Obchod Aloe Vera\",\"description\":\"High Quality Lr Aloe Vera Gel, Aloe Vera Cream and Shampoo\",\"publisher\":{\"@id\":\"https:\\\/\\\/www.lraloeverashop.eu\\\/sk\\\/#organization\"},\"potentialAction\":[{\"@type\":\"SearchAction\",\"target\":{\"@type\":\"EntryPoint\",\"urlTemplate\":\"https:\\\/\\\/www.lraloeverashop.eu\\\/sk\\\/?s={search_term_string}\"},\"query-input\":{\"@type\":\"PropertyValueSpecification\",\"valueRequired\":true,\"valueName\":\"search_term_string\"}}],\"inLanguage\":\"sk-SK\"},{\"@type\":\"Organization\",\"@id\":\"https:\\\/\\\/www.lraloeverashop.eu\\\/sk\\\/#organization\",\"name\":\"Lr Obchod Aloe Vera\",\"alternateName\":\"LR\",\"url\":\"https:\\\/\\\/www.lraloeverashop.eu\\\/sk\\\/\",\"logo\":{\"@type\":\"ImageObject\",\"inLanguage\":\"sk-SK\",\"@id\":\"https:\\\/\\\/www.lraloeverashop.eu\\\/sk\\\/#\\\/schema\\\/logo\\\/image\\\/\",\"url\":\"https:\\\/\\\/www.lraloeverashop.eu\\\/wp-content\\\/uploads\\\/2022\\\/09\\\/cropped-Lr-Aloe-Vera-Shop.jpg\",\"contentUrl\":\"https:\\\/\\\/www.lraloeverashop.eu\\\/wp-content\\\/uploads\\\/2022\\\/09\\\/cropped-Lr-Aloe-Vera-Shop.jpg\",\"width\":228,\"height\":76,\"caption\":\"Lr Obchod Aloe Vera\"},\"image\":{\"@id\":\"https:\\\/\\\/www.lraloeverashop.eu\\\/sk\\\/#\\\/schema\\\/logo\\\/image\\\/\"},\"sameAs\":[\"https:\\\/\\\/www.facebook.com\\\/lraloeverashop.eu\",\"https:\\\/\\\/x.com\\\/natur__kosmetik\",\"https:\\\/\\\/www.youtube.com\\\/channel\\\/UC5oN7BJ8nfYb8RpVtjwDEBA\",\"https:\\\/\\\/www.instagram.com\\\/lrbeautyeu\\\/\"],\"description\":\"Obchod Lr Aloe Vera je va\u0161\u00edm d\u00f4veryhodn\u00fdm miestom pre pr\u00e9miov\u00e9 produkty LR Health & Beauty vyroben\u00e9 v Nemecku. Pon\u00fakame vysokokvalitn\u00e9 rie\u0161enia starostlivosti o ple\u0165 s Aloe Vera, v\u00fd\u017eivu a proti starnutiu, vyroben\u00e9 z \u010dist\u00fdch ingredienci\u00ed a podlo\u017een\u00e9 vedeck\u00fdm v\u00fdskumom. Objavte pr\u00edrodn\u00fa starostlivos\u0165, ktor\u00e1 regeneruje, chr\u00e1ni a revitalizuje va\u0161u ple\u0165 \u2013 a vyu\u017eite exkluz\u00edvne mesa\u010dn\u00e9 ponuky na na\u0161e najpred\u00e1vanej\u0161ie produkty LR Aloe Vera.\\nZa\u010dnite svoju cestu za pr\u00edrodnou starostlivos\u0165ou o ple\u0165 e\u0161te dnes a poc\u00ed\u0165te rozdiel.\",\"email\":\"info@lraloeverashop.eu\",\"telephone\":\"+49 17670609653\",\"legalName\":\"Lr Aloe Vera Shop\",\"foundingDate\":\"2018-04-21\",\"numberOfEmployees\":{\"@type\":\"QuantitativeValue\",\"minValue\":\"1\",\"maxValue\":\"10\"}}]}<\/script>\n<meta property=\"product:price:amount\" content=\"29.99\" \/>\n<meta property=\"product:price:currency\" content=\"EUR\" \/>\n<meta property=\"og:availability\" content=\"instock\" \/>\n<meta property=\"product:availability\" content=\"instock\" \/>\n<meta property=\"product:retailer_item_id\" content=\"23110-101SK\" \/>\n<meta property=\"product:condition\" content=\"new\" \/>\n<!-- \/ Yoast SEO Premium plugin. -->","yoast_head_json":{"title":"Opalovaci Sprej Pre Deti SPF 50 Intenz\u00edvne vy\u017eivuje a hydratuje","description":"Opalovaci Sprej Pre Deti SPF 50 je obzvl\u00e1\u0161\u0165 jemn\u00fd pre citliv\u00fa detsk\u00fa poko\u017eku. \u013dahk\u00e9 zlo\u017eenie v spreji \u013eahko k\u013a\u017ee po mokrej alebo suchej poko\u017eke.","robots":{"index":"index","follow":"follow","max-snippet":"max-snippet:-1","max-image-preview":"max-image-preview:large","max-video-preview":"max-video-preview:-1"},"canonical":"https:\/\/www.lraloeverashop.eu\/sk\/produkt\/opalovaci-sprej-pre-deti-spf-50\/","og_locale":"sk_SK","og_type":"article","og_title":"Opalovaci Sprej Pre Deti SPF 50","og_description":"Opalovaci Sprej Pre Deti SPF 50 je obzvl\u00e1\u0161\u0165 jemn\u00fd pre citliv\u00fa detsk\u00fa poko\u017eku. \u013dahk\u00e9 zlo\u017eenie v spreji \u013eahko k\u013a\u017ee po mokrej alebo suchej poko\u017eke.","og_url":"https:\/\/www.lraloeverashop.eu\/sk\/produkt\/opalovaci-sprej-pre-deti-spf-50\/","og_site_name":"Lr Obchod Aloe Vera","article_publisher":"https:\/\/www.facebook.com\/lraloeverashop.eu","article_modified_time":"2025-12-15T07:59:45+00:00","og_image":[{"width":1200,"height":1200,"url":"https:\/\/www.lraloeverashop.eu\/wp-content\/uploads\/2022\/12\/Aloe-Vera-Sun-Spray-for-kids.jpeg","type":"image\/jpeg"}],"twitter_card":"summary_large_image","twitter_site":"@natur__kosmetik","schema":{"@context":"https:\/\/schema.org","@graph":[{"@type":["WebPage","ItemPage"],"@id":"https:\/\/www.lraloeverashop.eu\/sk\/produkt\/opalovaci-sprej-pre-deti-spf-50\/","url":"https:\/\/www.lraloeverashop.eu\/sk\/produkt\/opalovaci-sprej-pre-deti-spf-50\/","name":"Opalovaci Sprej Pre Deti SPF 50 Intenz\u00edvne vy\u017eivuje a hydratuje","isPartOf":{"@id":"https:\/\/www.lraloeverashop.eu\/sk\/#website"},"primaryImageOfPage":{"@id":"https:\/\/www.lraloeverashop.eu\/sk\/produkt\/opalovaci-sprej-pre-deti-spf-50\/#primaryimage"},"image":{"@id":"https:\/\/www.lraloeverashop.eu\/sk\/produkt\/opalovaci-sprej-pre-deti-spf-50\/#primaryimage"},"thumbnailUrl":"https:\/\/www.lraloeverashop.eu\/wp-content\/uploads\/2022\/12\/Aloe-Vera-Sun-Spray-for-kids.jpeg","datePublished":"2022-12-03T18:57:24+00:00","dateModified":"2025-12-15T07:59:45+00:00","description":"Opalovaci Sprej Pre Deti SPF 50 je obzvl\u00e1\u0161\u0165 jemn\u00fd pre citliv\u00fa detsk\u00fa poko\u017eku. \u013dahk\u00e9 zlo\u017eenie v spreji \u013eahko k\u013a\u017ee po mokrej alebo suchej poko\u017eke.","breadcrumb":{"@id":"https:\/\/www.lraloeverashop.eu\/sk\/produkt\/opalovaci-sprej-pre-deti-spf-50\/#breadcrumb"},"inLanguage":"sk-SK","potentialAction":[{"@type":"ReadAction","target":["https:\/\/www.lraloeverashop.eu\/sk\/produkt\/opalovaci-sprej-pre-deti-spf-50\/"]}]},{"@type":"ImageObject","inLanguage":"sk-SK","@id":"https:\/\/www.lraloeverashop.eu\/sk\/produkt\/opalovaci-sprej-pre-deti-spf-50\/#primaryimage","url":"https:\/\/www.lraloeverashop.eu\/wp-content\/uploads\/2022\/12\/Aloe-Vera-Sun-Spray-for-kids.jpeg","contentUrl":"https:\/\/www.lraloeverashop.eu\/wp-content\/uploads\/2022\/12\/Aloe-Vera-Sun-Spray-for-kids.jpeg","width":1200,"height":1200,"caption":"Aloe Vera sprej na opalovanie s vysokou ochranou pre deti"},{"@type":"BreadcrumbList","@id":"https:\/\/www.lraloeverashop.eu\/sk\/produkt\/opalovaci-sprej-pre-deti-spf-50\/#breadcrumb","itemListElement":[{"@type":"ListItem","position":1,"name":"Home","item":"https:\/\/www.lraloeverashop.eu\/sk\/"},{"@type":"ListItem","position":2,"name":"Obchod","item":"https:\/\/www.lraloeverashop.eu\/shop\/"},{"@type":"ListItem","position":3,"name":"Opalovaci Sprej Pre Deti SPF 50"}]},{"@type":"WebSite","@id":"https:\/\/www.lraloeverashop.eu\/sk\/#website","url":"https:\/\/www.lraloeverashop.eu\/sk\/","name":"Lr Obchod Aloe Vera","description":"High Quality Lr Aloe Vera Gel, Aloe Vera Cream and Shampoo","publisher":{"@id":"https:\/\/www.lraloeverashop.eu\/sk\/#organization"},"potentialAction":[{"@type":"SearchAction","target":{"@type":"EntryPoint","urlTemplate":"https:\/\/www.lraloeverashop.eu\/sk\/?s={search_term_string}"},"query-input":{"@type":"PropertyValueSpecification","valueRequired":true,"valueName":"search_term_string"}}],"inLanguage":"sk-SK"},{"@type":"Organization","@id":"https:\/\/www.lraloeverashop.eu\/sk\/#organization","name":"Lr Obchod Aloe Vera","alternateName":"LR","url":"https:\/\/www.lraloeverashop.eu\/sk\/","logo":{"@type":"ImageObject","inLanguage":"sk-SK","@id":"https:\/\/www.lraloeverashop.eu\/sk\/#\/schema\/logo\/image\/","url":"https:\/\/www.lraloeverashop.eu\/wp-content\/uploads\/2022\/09\/cropped-Lr-Aloe-Vera-Shop.jpg","contentUrl":"https:\/\/www.lraloeverashop.eu\/wp-content\/uploads\/2022\/09\/cropped-Lr-Aloe-Vera-Shop.jpg","width":228,"height":76,"caption":"Lr Obchod Aloe Vera"},"image":{"@id":"https:\/\/www.lraloeverashop.eu\/sk\/#\/schema\/logo\/image\/"},"sameAs":["https:\/\/www.facebook.com\/lraloeverashop.eu","https:\/\/x.com\/natur__kosmetik","https:\/\/www.youtube.com\/channel\/UC5oN7BJ8nfYb8RpVtjwDEBA","https:\/\/www.instagram.com\/lrbeautyeu\/"],"description":"Obchod Lr Aloe Vera je va\u0161\u00edm d\u00f4veryhodn\u00fdm miestom pre pr\u00e9miov\u00e9 produkty LR Health & Beauty vyroben\u00e9 v Nemecku. Pon\u00fakame vysokokvalitn\u00e9 rie\u0161enia starostlivosti o ple\u0165 s Aloe Vera, v\u00fd\u017eivu a proti starnutiu, vyroben\u00e9 z \u010dist\u00fdch ingredienci\u00ed a podlo\u017een\u00e9 vedeck\u00fdm v\u00fdskumom. Objavte pr\u00edrodn\u00fa starostlivos\u0165, ktor\u00e1 regeneruje, chr\u00e1ni a revitalizuje va\u0161u ple\u0165 \u2013 a vyu\u017eite exkluz\u00edvne mesa\u010dn\u00e9 ponuky na na\u0161e najpred\u00e1vanej\u0161ie produkty LR Aloe Vera.\nZa\u010dnite svoju cestu za pr\u00edrodnou starostlivos\u0165ou o ple\u0165 e\u0161te dnes a poc\u00ed\u0165te rozdiel.","email":"info@lraloeverashop.eu","telephone":"+49 17670609653","legalName":"Lr Aloe Vera Shop","foundingDate":"2018-04-21","numberOfEmployees":{"@type":"QuantitativeValue","minValue":"1","maxValue":"10"}}]},"product_price_amount":"29.99","product_price_currency":"EUR","og_availability":"instock","product_availability":"instock","product_retailer_item_id":"23110-101SK","product_condition":"new"},"taxonomy_info":{"product_cat":[{"value":216,"label":"Aloe Vera"},{"value":1010,"label":"Ochrana pred slnkom"},{"value":222,"label":"Starostlivos\u0165 o die\u0165a"}],"product_tag":[{"value":1017,"label":"opa\u013eovac\u00ed kr\u00e9m"}]},"featured_image_src_large":["https:\/\/www.lraloeverashop.eu\/wp-content\/uploads\/2022\/12\/Aloe-Vera-Sun-Spray-for-kids-1024x1024.jpeg",1024,1024,true],"author_info":[],"comment_info":0,"_links":{"self":[{"href":"https:\/\/www.lraloeverashop.eu\/sk\/wp-json\/wp\/v2\/product\/8620","targetHints":{"allow":["GET"]}}],"collection":[{"href":"https:\/\/www.lraloeverashop.eu\/sk\/wp-json\/wp\/v2\/product"}],"about":[{"href":"https:\/\/www.lraloeverashop.eu\/sk\/wp-json\/wp\/v2\/types\/product"}],"replies":[{"embeddable":true,"href":"https:\/\/www.lraloeverashop.eu\/sk\/wp-json\/wp\/v2\/comments?post=8620"}],"wp:featuredmedia":[{"embeddable":true,"href":"https:\/\/www.lraloeverashop.eu\/sk\/wp-json\/wp\/v2\/media\/8443"}],"wp:attachment":[{"href":"https:\/\/www.lraloeverashop.eu\/sk\/wp-json\/wp\/v2\/media?parent=8620"}],"wp:term":[{"taxonomy":"product_brand","embeddable":true,"href":"https:\/\/www.lraloeverashop.eu\/sk\/wp-json\/wp\/v2\/product_brand?post=8620"},{"taxonomy":"product_cat","embeddable":true,"href":"https:\/\/www.lraloeverashop.eu\/sk\/wp-json\/wp\/v2\/product_cat?post=8620"},{"taxonomy":"product_tag","embeddable":true,"href":"https:\/\/www.lraloeverashop.eu\/sk\/wp-json\/wp\/v2\/product_tag?post=8620"}],"curies":[{"name":"wp","href":"https:\/\/api.w.org\/{rel}","templated":true}]}}