{"id":8608,"date":"2022-12-03T20:16:02","date_gmt":"2022-12-03T19:16:02","guid":{"rendered":"https:\/\/www.lraloeverashop.eu\/product\/aloe-vera-opalovaci-sprej-spf-30\/"},"modified":"2025-12-15T08:55:52","modified_gmt":"2025-12-15T07:55:52","slug":"aloe-vera-opalovaci-sprej-spf-30","status":"publish","type":"product","link":"https:\/\/www.lraloeverashop.eu\/sk\/produkt\/aloe-vera-opalovaci-sprej-spf-30\/","title":{"rendered":"Aloe Vera Opalovac\u00ed Sprej SPF 30"},"content":{"rendered":"<h2><span style=\"font-size: 16pt;\"><strong>Aloe Vera Opalovac\u00ed Sprej SPF 30<\/strong><\/span><\/h2>\n<p><span style=\"font-size: 16px;\"><strong>Aloe Vera Opalovac\u00ed Sprej SPF 30 Chlad\u00ed, vy\u017eivuje a intenz\u00edvne hydratuje<\/strong><\/span><\/p>\n<p>Pl\u00e1\u017e, more a chu\u0165 do \u017eivota: Leto je kone\u010dne na doh\u013ead! Teraz je \u010das obliec\u0165 si plavky a vyrazi\u0165 na slnko. Stop! Vopred sa nakr\u00e9mujte, pros\u00edm! Preto\u017ee ochrana pred slnkom je A a O pre zdrav\u00fa, kr\u00e1snu poko\u017eku a to nielen na letnej dovolenke.<\/p>\n<p>Aj po\u010das zamra\u010den\u00fdch dn\u00ed prenikaj\u00fa UV l\u00fa\u010de cez obla\u010dnos\u0165 a m\u00f4\u017eu po\u0161kodi\u0165 poko\u017eku. Aloe Vera Opalovac\u00ed Sprej SPF 30 spo\u013eahlivo ochr\u00e1ni va\u0161u poko\u017eku pred sp\u00e1len\u00edm a podpor\u00ed <a href=\"https:\/\/www.lraloeverashop.eu\/sk\/produkt\/opalovaci-sprej-pre-deti-spf-50\/\">regener\u00e1ciu poko\u017eky<\/a>.<\/p>\n<p>Mlieko na opa\u013eovanie s aloe vera so strednou slne\u010dnou ochranou <a href=\"https:\/\/www.lraloeverashop.eu\/sk\/produkt\/aloe-vera-mlieko-na-opalovanie-spf-30\/\">SPF 30<\/a> chr\u00e1ni najm\u00e4 mierne predopa\u013eovan\u00fa poko\u017eku pred svetlou a\u017e op\u00e1lenou. 40% aloe vera vy\u017eivuje poko\u017eku a pom\u00e1ha jej zlep\u0161i\u0165 vlastn\u00fa rovnov\u00e1hu vlhkosti. Anan\u00e1s je zn\u00e1my svojimi enz\u00fdmami, miner\u00e1lmi a vitam\u00ednmi, ktor\u00e9 m\u00f4\u017eu pom\u00f4c\u0165 pri <a href=\"https:\/\/www.lraloeverashop.eu\/sk\/produkt\/aloe-vera-rychly-sprej-prvej-pomoci\/\">regener\u00e1cii poko\u017eky<\/a>.<\/p>\n<p>Aloe Vera Opalovac\u00ed Sprej SPF 30 sa m\u00f4\u017ee aplikova\u0165 na such\u00fa aj mokr\u00fa poko\u017eku. R\u00fdchlo sa vstreb\u00e1va, neleskne sa, nelep\u00ed a nezanech\u00e1va na poko\u017eke biele zvy\u0161ky. To prav\u00e9 pre bezstarostn\u00e9 slne\u010dn\u00e9 dni na pl\u00e1\u017ei, v parku, pri baz\u00e9ne a a. A teraz: von na slnko!<\/p>\n<p>&nbsp;<\/p>\n<h3><strong><span style=\"font-size: 16pt;\">Ako pou\u017e\u00edva\u0165<\/span><\/strong><\/h3>\n<p>Nastriekajte v\u00fddatne najmenej 30 min\u00fat pred opa\u013eovan\u00edm a rozotrite na telo a tv\u00e1r, preto\u017ee sprej na ochranu pred slnkom rozvinie svoj pln\u00fd \u00fa\u010dinok a\u017e po cca. 30 min\u00fat. Tie\u017e d\u00f4le\u017eit\u00e9: Venujte pozornos\u0165 mno\u017estvu, preto\u017ee mal\u00e9 aplika\u010dn\u00e9 mno\u017estv\u00e1 zni\u017euj\u00fa ochrann\u00fd \u00fa\u010dinok. Ochrann\u00fd slne\u010dn\u00fd faktor stanoven\u00fd pre opa\u013eovacie pr\u00edpravky a t\u00fdm aj d\u013a\u017eka \u010dasu str\u00e1ven\u00e9ho na slnku za de\u0148 nie je mo\u017en\u00e9 opakovan\u00fdm pou\u017eit\u00edm pred\u013a\u017ei\u0165.<\/p>\n<p>&nbsp;<\/p>\n<h4><strong><span style=\"font-size: 16pt;\">Vedeli ste?<\/span><\/strong><\/h4>\n<p>Faktor ochrany pred slnkom ud\u00e1va, ako dlho sa teoreticky m\u00f4\u017eete opa\u013eova\u0165 s opa\u013eovac\u00edm sprejom bez toho, aby ste sa sp\u00e1lili, ako bez opa\u013eovacieho spreja.<\/p>\n<p>M\u00f4\u017eete si vypo\u010d\u00edta\u0165: SPF x \u010das vlastnej ochrany. Napr\u00edklad, ak je \u010das va\u0161ej vlastnej ochrany 5 min\u00fat, vypo\u010d\u00edtajte: 20 x 5 min\u00fat = 100 min\u00fat.<br \/>\n<strong>D\u00f4le\u017eit\u00e9:<\/strong> Ka\u017ed\u00fd typ pleti je in\u00fd a rovnako aj vystavenie slnku. Opa\u013eovacie mlieko nenahr\u00e1dza slne\u010dn\u00edk, tri\u010dko ani klob\u00fak.<\/p>\n<p>Aby ste sa ochr\u00e1nili aj pred dlhodob\u00fdm po\u0161koden\u00edm slnkom, nikdy by ste nemali naplno vyu\u017e\u00edva\u0165 lehotu na ochranu pred slnkom, \u010dastej\u0161ie vyh\u013ead\u00e1va\u0165 tie\u0148 a predov\u0161etk\u00fdm sa vyh\u00fdba\u0165 polud\u0148aj\u0161iemu slnku.<\/p>\n","protected":false},"excerpt":{"rendered":"<ul>\n<li>Vodeodoln\u00fd sprej na opa\u013eovanie bez farb\u00edv pre mierne op\u00e1len\u00fa poko\u017eku s SPF 30<\/li>\n<li>Aplikovate\u013en\u00fd na such\u00fa aj mokr\u00fa poko\u017eku<\/li>\n<li>So 40% aloe vera a bio extraktom z anan\u00e1su<\/li>\n<li>Chr\u00e1ni poko\u017eku pred UVA a UVB l\u00fa\u010dmi<\/li>\n<li>R\u00fdchlo sa vstreb\u00e1va, neleskne sa, nelep\u00ed, nebieli<\/li>\n<li>Objem: 150 ml<\/li>\n<\/ul>\n<p>&nbsp;<\/p>\n","protected":false},"featured_media":8436,"comment_status":"open","ping_status":"closed","template":"","meta":{"_kad_blocks_custom_css":"","_kad_blocks_head_custom_js":"","_kad_blocks_body_custom_js":"","_kad_blocks_footer_custom_js":"","_kadence_starter_templates_imported_post":false,"_kad_post_transparent":"default","_kad_post_title":"","_kad_post_layout":"default","_kad_post_sidebar_id":"","_kad_post_content_style":"default","_kad_post_vertical_padding":"default","_kad_post_feature":"","_kad_post_feature_position":"","_kad_post_header":false,"_kad_post_footer":false,"_kad_post_classname":""},"product_brand":[],"product_cat":[216,1010],"product_tag":[1017],"class_list":{"0":"post-8608","1":"product","2":"type-product","3":"status-publish","4":"has-post-thumbnail","6":"product_cat-aloe-vera-sk","7":"product_cat-ochrana-pred-slnkom","8":"product_tag-opalovaci-krem","10":"first","11":"outofstock","12":"taxable","13":"shipping-taxable","14":"purchasable","15":"product-type-simple","16":"entry","17":"content-bg","18":"loop-entry"},"yoast_head":"<!-- This site is optimized with the Yoast SEO Premium plugin v27.4 (Yoast SEO v27.4) - https:\/\/yoast.com\/product\/yoast-seo-premium-wordpress\/ -->\n<title>Aloe Vera Opalovac\u00ed Sprej SPF 30 Chlad\u00ed a intenz\u00edvne hydratuje<\/title>\n<meta name=\"description\" content=\"Aloe Vera Opalovac\u00ed Sprej SPF 30 bez farb\u00edv pre mierne op\u00e1len\u00fa poko\u017eku s SPF 30. So 40% aloe vera a bio extraktom z anan\u00e1su. R\u00fdchlo sa vstreb\u00e1va a nelep\" \/>\n<meta name=\"robots\" content=\"index, follow, max-snippet:-1, max-image-preview:large, max-video-preview:-1\" \/>\n<link rel=\"canonical\" href=\"https:\/\/www.lraloeverashop.eu\/sk\/produkt\/aloe-vera-opalovaci-sprej-spf-30\/\" \/>\n<meta property=\"og:locale\" content=\"sk_SK\" \/>\n<meta property=\"og:type\" content=\"article\" \/>\n<meta property=\"og:title\" content=\"Aloe Vera Opalovac\u00ed Sprej SPF 30\" \/>\n<meta property=\"og:description\" content=\"Aloe Vera Opalovac\u00ed Sprej SPF 30 bez farb\u00edv pre mierne op\u00e1len\u00fa poko\u017eku s SPF 30. So 40% aloe vera a bio extraktom z anan\u00e1su. R\u00fdchlo sa vstreb\u00e1va a nelep\" \/>\n<meta property=\"og:url\" content=\"https:\/\/www.lraloeverashop.eu\/sk\/produkt\/aloe-vera-opalovaci-sprej-spf-30\/\" \/>\n<meta property=\"og:site_name\" content=\"Lr Obchod Aloe Vera\" \/>\n<meta property=\"article:publisher\" content=\"https:\/\/www.facebook.com\/lraloeverashop.eu\" \/>\n<meta property=\"article:modified_time\" content=\"2025-12-15T07:55:52+00:00\" \/>\n<meta property=\"og:image\" content=\"https:\/\/www.lraloeverashop.eu\/wp-content\/uploads\/2022\/12\/Aloe-Vera-Sun-Spray.jpeg\" \/>\n\t<meta property=\"og:image:width\" content=\"1200\" \/>\n\t<meta property=\"og:image:height\" content=\"1200\" \/>\n\t<meta property=\"og:image:type\" content=\"image\/jpeg\" \/>\n<meta name=\"twitter:card\" content=\"summary_large_image\" \/>\n<meta name=\"twitter:site\" content=\"@natur__kosmetik\" \/>\n<script type=\"application\/ld+json\" class=\"yoast-schema-graph\">{\"@context\":\"https:\\\/\\\/schema.org\",\"@graph\":[{\"@type\":[\"WebPage\",\"ItemPage\"],\"@id\":\"https:\\\/\\\/www.lraloeverashop.eu\\\/sk\\\/produkt\\\/aloe-vera-opalovaci-sprej-spf-30\\\/\",\"url\":\"https:\\\/\\\/www.lraloeverashop.eu\\\/sk\\\/produkt\\\/aloe-vera-opalovaci-sprej-spf-30\\\/\",\"name\":\"Aloe Vera Opalovac\u00ed Sprej SPF 30 Chlad\u00ed a intenz\u00edvne hydratuje\",\"isPartOf\":{\"@id\":\"https:\\\/\\\/www.lraloeverashop.eu\\\/sk\\\/#website\"},\"primaryImageOfPage\":{\"@id\":\"https:\\\/\\\/www.lraloeverashop.eu\\\/sk\\\/produkt\\\/aloe-vera-opalovaci-sprej-spf-30\\\/#primaryimage\"},\"image\":{\"@id\":\"https:\\\/\\\/www.lraloeverashop.eu\\\/sk\\\/produkt\\\/aloe-vera-opalovaci-sprej-spf-30\\\/#primaryimage\"},\"thumbnailUrl\":\"https:\\\/\\\/www.lraloeverashop.eu\\\/wp-content\\\/uploads\\\/2022\\\/12\\\/Aloe-Vera-Sun-Spray.jpeg\",\"datePublished\":\"2022-12-03T19:16:02+00:00\",\"dateModified\":\"2025-12-15T07:55:52+00:00\",\"description\":\"Aloe Vera Opalovac\u00ed Sprej SPF 30 bez farb\u00edv pre mierne op\u00e1len\u00fa poko\u017eku s SPF 30. So 40% aloe vera a bio extraktom z anan\u00e1su. R\u00fdchlo sa vstreb\u00e1va a nelep\",\"breadcrumb\":{\"@id\":\"https:\\\/\\\/www.lraloeverashop.eu\\\/sk\\\/produkt\\\/aloe-vera-opalovaci-sprej-spf-30\\\/#breadcrumb\"},\"inLanguage\":\"sk-SK\",\"potentialAction\":[{\"@type\":\"ReadAction\",\"target\":[\"https:\\\/\\\/www.lraloeverashop.eu\\\/sk\\\/produkt\\\/aloe-vera-opalovaci-sprej-spf-30\\\/\"]}]},{\"@type\":\"ImageObject\",\"inLanguage\":\"sk-SK\",\"@id\":\"https:\\\/\\\/www.lraloeverashop.eu\\\/sk\\\/produkt\\\/aloe-vera-opalovaci-sprej-spf-30\\\/#primaryimage\",\"url\":\"https:\\\/\\\/www.lraloeverashop.eu\\\/wp-content\\\/uploads\\\/2022\\\/12\\\/Aloe-Vera-Sun-Spray.jpeg\",\"contentUrl\":\"https:\\\/\\\/www.lraloeverashop.eu\\\/wp-content\\\/uploads\\\/2022\\\/12\\\/Aloe-Vera-Sun-Spray.jpeg\",\"width\":1200,\"height\":1200,\"caption\":\"Aloe Vera sprej na opa\u013eovanie so strednou ochranou SPF 30\"},{\"@type\":\"BreadcrumbList\",\"@id\":\"https:\\\/\\\/www.lraloeverashop.eu\\\/sk\\\/produkt\\\/aloe-vera-opalovaci-sprej-spf-30\\\/#breadcrumb\",\"itemListElement\":[{\"@type\":\"ListItem\",\"position\":1,\"name\":\"Home\",\"item\":\"https:\\\/\\\/www.lraloeverashop.eu\\\/sk\\\/\"},{\"@type\":\"ListItem\",\"position\":2,\"name\":\"Obchod\",\"item\":\"https:\\\/\\\/www.lraloeverashop.eu\\\/shop\\\/\"},{\"@type\":\"ListItem\",\"position\":3,\"name\":\"Aloe Vera Opalovac\u00ed Sprej SPF 30\"}]},{\"@type\":\"WebSite\",\"@id\":\"https:\\\/\\\/www.lraloeverashop.eu\\\/sk\\\/#website\",\"url\":\"https:\\\/\\\/www.lraloeverashop.eu\\\/sk\\\/\",\"name\":\"Lr Obchod Aloe Vera\",\"description\":\"High Quality Lr Aloe Vera Gel, Aloe Vera Cream and Shampoo\",\"publisher\":{\"@id\":\"https:\\\/\\\/www.lraloeverashop.eu\\\/sk\\\/#organization\"},\"potentialAction\":[{\"@type\":\"SearchAction\",\"target\":{\"@type\":\"EntryPoint\",\"urlTemplate\":\"https:\\\/\\\/www.lraloeverashop.eu\\\/sk\\\/?s={search_term_string}\"},\"query-input\":{\"@type\":\"PropertyValueSpecification\",\"valueRequired\":true,\"valueName\":\"search_term_string\"}}],\"inLanguage\":\"sk-SK\"},{\"@type\":\"Organization\",\"@id\":\"https:\\\/\\\/www.lraloeverashop.eu\\\/sk\\\/#organization\",\"name\":\"Lr Obchod Aloe Vera\",\"alternateName\":\"LR\",\"url\":\"https:\\\/\\\/www.lraloeverashop.eu\\\/sk\\\/\",\"logo\":{\"@type\":\"ImageObject\",\"inLanguage\":\"sk-SK\",\"@id\":\"https:\\\/\\\/www.lraloeverashop.eu\\\/sk\\\/#\\\/schema\\\/logo\\\/image\\\/\",\"url\":\"https:\\\/\\\/www.lraloeverashop.eu\\\/wp-content\\\/uploads\\\/2022\\\/09\\\/cropped-Lr-Aloe-Vera-Shop.jpg\",\"contentUrl\":\"https:\\\/\\\/www.lraloeverashop.eu\\\/wp-content\\\/uploads\\\/2022\\\/09\\\/cropped-Lr-Aloe-Vera-Shop.jpg\",\"width\":228,\"height\":76,\"caption\":\"Lr Obchod Aloe Vera\"},\"image\":{\"@id\":\"https:\\\/\\\/www.lraloeverashop.eu\\\/sk\\\/#\\\/schema\\\/logo\\\/image\\\/\"},\"sameAs\":[\"https:\\\/\\\/www.facebook.com\\\/lraloeverashop.eu\",\"https:\\\/\\\/x.com\\\/natur__kosmetik\",\"https:\\\/\\\/www.youtube.com\\\/channel\\\/UC5oN7BJ8nfYb8RpVtjwDEBA\",\"https:\\\/\\\/www.instagram.com\\\/lrbeautyeu\\\/\"],\"description\":\"Obchod Lr Aloe Vera je va\u0161\u00edm d\u00f4veryhodn\u00fdm miestom pre pr\u00e9miov\u00e9 produkty LR Health & Beauty vyroben\u00e9 v Nemecku. Pon\u00fakame vysokokvalitn\u00e9 rie\u0161enia starostlivosti o ple\u0165 s Aloe Vera, v\u00fd\u017eivu a proti starnutiu, vyroben\u00e9 z \u010dist\u00fdch ingredienci\u00ed a podlo\u017een\u00e9 vedeck\u00fdm v\u00fdskumom. Objavte pr\u00edrodn\u00fa starostlivos\u0165, ktor\u00e1 regeneruje, chr\u00e1ni a revitalizuje va\u0161u ple\u0165 \u2013 a vyu\u017eite exkluz\u00edvne mesa\u010dn\u00e9 ponuky na na\u0161e najpred\u00e1vanej\u0161ie produkty LR Aloe Vera.\\nZa\u010dnite svoju cestu za pr\u00edrodnou starostlivos\u0165ou o ple\u0165 e\u0161te dnes a poc\u00ed\u0165te rozdiel.\",\"email\":\"info@lraloeverashop.eu\",\"telephone\":\"+49 17670609653\",\"legalName\":\"Lr Aloe Vera Shop\",\"foundingDate\":\"2018-04-21\",\"numberOfEmployees\":{\"@type\":\"QuantitativeValue\",\"minValue\":\"1\",\"maxValue\":\"10\"}}]}<\/script>\n<meta property=\"product:price:amount\" content=\"25.69\" \/>\n<meta property=\"product:price:currency\" content=\"EUR\" \/>\n<meta property=\"og:availability\" content=\"out of stock\" \/>\n<meta property=\"product:availability\" content=\"out of stock\" \/>\n<meta property=\"product:retailer_item_id\" content=\"23115-1SK\" \/>\n<meta property=\"product:condition\" content=\"new\" \/>\n<!-- \/ Yoast SEO Premium plugin. -->","yoast_head_json":{"title":"Aloe Vera Opalovac\u00ed Sprej SPF 30 Chlad\u00ed a intenz\u00edvne hydratuje","description":"Aloe Vera Opalovac\u00ed Sprej SPF 30 bez farb\u00edv pre mierne op\u00e1len\u00fa poko\u017eku s SPF 30. So 40% aloe vera a bio extraktom z anan\u00e1su. R\u00fdchlo sa vstreb\u00e1va a nelep","robots":{"index":"index","follow":"follow","max-snippet":"max-snippet:-1","max-image-preview":"max-image-preview:large","max-video-preview":"max-video-preview:-1"},"canonical":"https:\/\/www.lraloeverashop.eu\/sk\/produkt\/aloe-vera-opalovaci-sprej-spf-30\/","og_locale":"sk_SK","og_type":"article","og_title":"Aloe Vera Opalovac\u00ed Sprej SPF 30","og_description":"Aloe Vera Opalovac\u00ed Sprej SPF 30 bez farb\u00edv pre mierne op\u00e1len\u00fa poko\u017eku s SPF 30. So 40% aloe vera a bio extraktom z anan\u00e1su. R\u00fdchlo sa vstreb\u00e1va a nelep","og_url":"https:\/\/www.lraloeverashop.eu\/sk\/produkt\/aloe-vera-opalovaci-sprej-spf-30\/","og_site_name":"Lr Obchod Aloe Vera","article_publisher":"https:\/\/www.facebook.com\/lraloeverashop.eu","article_modified_time":"2025-12-15T07:55:52+00:00","og_image":[{"width":1200,"height":1200,"url":"https:\/\/www.lraloeverashop.eu\/wp-content\/uploads\/2022\/12\/Aloe-Vera-Sun-Spray.jpeg","type":"image\/jpeg"}],"twitter_card":"summary_large_image","twitter_site":"@natur__kosmetik","schema":{"@context":"https:\/\/schema.org","@graph":[{"@type":["WebPage","ItemPage"],"@id":"https:\/\/www.lraloeverashop.eu\/sk\/produkt\/aloe-vera-opalovaci-sprej-spf-30\/","url":"https:\/\/www.lraloeverashop.eu\/sk\/produkt\/aloe-vera-opalovaci-sprej-spf-30\/","name":"Aloe Vera Opalovac\u00ed Sprej SPF 30 Chlad\u00ed a intenz\u00edvne hydratuje","isPartOf":{"@id":"https:\/\/www.lraloeverashop.eu\/sk\/#website"},"primaryImageOfPage":{"@id":"https:\/\/www.lraloeverashop.eu\/sk\/produkt\/aloe-vera-opalovaci-sprej-spf-30\/#primaryimage"},"image":{"@id":"https:\/\/www.lraloeverashop.eu\/sk\/produkt\/aloe-vera-opalovaci-sprej-spf-30\/#primaryimage"},"thumbnailUrl":"https:\/\/www.lraloeverashop.eu\/wp-content\/uploads\/2022\/12\/Aloe-Vera-Sun-Spray.jpeg","datePublished":"2022-12-03T19:16:02+00:00","dateModified":"2025-12-15T07:55:52+00:00","description":"Aloe Vera Opalovac\u00ed Sprej SPF 30 bez farb\u00edv pre mierne op\u00e1len\u00fa poko\u017eku s SPF 30. So 40% aloe vera a bio extraktom z anan\u00e1su. R\u00fdchlo sa vstreb\u00e1va a nelep","breadcrumb":{"@id":"https:\/\/www.lraloeverashop.eu\/sk\/produkt\/aloe-vera-opalovaci-sprej-spf-30\/#breadcrumb"},"inLanguage":"sk-SK","potentialAction":[{"@type":"ReadAction","target":["https:\/\/www.lraloeverashop.eu\/sk\/produkt\/aloe-vera-opalovaci-sprej-spf-30\/"]}]},{"@type":"ImageObject","inLanguage":"sk-SK","@id":"https:\/\/www.lraloeverashop.eu\/sk\/produkt\/aloe-vera-opalovaci-sprej-spf-30\/#primaryimage","url":"https:\/\/www.lraloeverashop.eu\/wp-content\/uploads\/2022\/12\/Aloe-Vera-Sun-Spray.jpeg","contentUrl":"https:\/\/www.lraloeverashop.eu\/wp-content\/uploads\/2022\/12\/Aloe-Vera-Sun-Spray.jpeg","width":1200,"height":1200,"caption":"Aloe Vera sprej na opa\u013eovanie so strednou ochranou SPF 30"},{"@type":"BreadcrumbList","@id":"https:\/\/www.lraloeverashop.eu\/sk\/produkt\/aloe-vera-opalovaci-sprej-spf-30\/#breadcrumb","itemListElement":[{"@type":"ListItem","position":1,"name":"Home","item":"https:\/\/www.lraloeverashop.eu\/sk\/"},{"@type":"ListItem","position":2,"name":"Obchod","item":"https:\/\/www.lraloeverashop.eu\/shop\/"},{"@type":"ListItem","position":3,"name":"Aloe Vera Opalovac\u00ed Sprej SPF 30"}]},{"@type":"WebSite","@id":"https:\/\/www.lraloeverashop.eu\/sk\/#website","url":"https:\/\/www.lraloeverashop.eu\/sk\/","name":"Lr Obchod Aloe Vera","description":"High Quality Lr Aloe Vera Gel, Aloe Vera Cream and Shampoo","publisher":{"@id":"https:\/\/www.lraloeverashop.eu\/sk\/#organization"},"potentialAction":[{"@type":"SearchAction","target":{"@type":"EntryPoint","urlTemplate":"https:\/\/www.lraloeverashop.eu\/sk\/?s={search_term_string}"},"query-input":{"@type":"PropertyValueSpecification","valueRequired":true,"valueName":"search_term_string"}}],"inLanguage":"sk-SK"},{"@type":"Organization","@id":"https:\/\/www.lraloeverashop.eu\/sk\/#organization","name":"Lr Obchod Aloe Vera","alternateName":"LR","url":"https:\/\/www.lraloeverashop.eu\/sk\/","logo":{"@type":"ImageObject","inLanguage":"sk-SK","@id":"https:\/\/www.lraloeverashop.eu\/sk\/#\/schema\/logo\/image\/","url":"https:\/\/www.lraloeverashop.eu\/wp-content\/uploads\/2022\/09\/cropped-Lr-Aloe-Vera-Shop.jpg","contentUrl":"https:\/\/www.lraloeverashop.eu\/wp-content\/uploads\/2022\/09\/cropped-Lr-Aloe-Vera-Shop.jpg","width":228,"height":76,"caption":"Lr Obchod Aloe Vera"},"image":{"@id":"https:\/\/www.lraloeverashop.eu\/sk\/#\/schema\/logo\/image\/"},"sameAs":["https:\/\/www.facebook.com\/lraloeverashop.eu","https:\/\/x.com\/natur__kosmetik","https:\/\/www.youtube.com\/channel\/UC5oN7BJ8nfYb8RpVtjwDEBA","https:\/\/www.instagram.com\/lrbeautyeu\/"],"description":"Obchod Lr Aloe Vera je va\u0161\u00edm d\u00f4veryhodn\u00fdm miestom pre pr\u00e9miov\u00e9 produkty LR Health & Beauty vyroben\u00e9 v Nemecku. Pon\u00fakame vysokokvalitn\u00e9 rie\u0161enia starostlivosti o ple\u0165 s Aloe Vera, v\u00fd\u017eivu a proti starnutiu, vyroben\u00e9 z \u010dist\u00fdch ingredienci\u00ed a podlo\u017een\u00e9 vedeck\u00fdm v\u00fdskumom. Objavte pr\u00edrodn\u00fa starostlivos\u0165, ktor\u00e1 regeneruje, chr\u00e1ni a revitalizuje va\u0161u ple\u0165 \u2013 a vyu\u017eite exkluz\u00edvne mesa\u010dn\u00e9 ponuky na na\u0161e najpred\u00e1vanej\u0161ie produkty LR Aloe Vera.\nZa\u010dnite svoju cestu za pr\u00edrodnou starostlivos\u0165ou o ple\u0165 e\u0161te dnes a poc\u00ed\u0165te rozdiel.","email":"info@lraloeverashop.eu","telephone":"+49 17670609653","legalName":"Lr Aloe Vera Shop","foundingDate":"2018-04-21","numberOfEmployees":{"@type":"QuantitativeValue","minValue":"1","maxValue":"10"}}]},"product_price_amount":"25.69","product_price_currency":"EUR","og_availability":"out of stock","product_availability":"out of stock","product_retailer_item_id":"23115-1SK","product_condition":"new"},"taxonomy_info":{"product_cat":[{"value":216,"label":"Aloe Vera"},{"value":1010,"label":"Ochrana pred slnkom"}],"product_tag":[{"value":1017,"label":"opa\u013eovac\u00ed kr\u00e9m"}]},"featured_image_src_large":["https:\/\/www.lraloeverashop.eu\/wp-content\/uploads\/2022\/12\/Aloe-Vera-Sun-Spray-1024x1024.jpeg",1024,1024,true],"author_info":[],"comment_info":0,"_links":{"self":[{"href":"https:\/\/www.lraloeverashop.eu\/sk\/wp-json\/wp\/v2\/product\/8608","targetHints":{"allow":["GET"]}}],"collection":[{"href":"https:\/\/www.lraloeverashop.eu\/sk\/wp-json\/wp\/v2\/product"}],"about":[{"href":"https:\/\/www.lraloeverashop.eu\/sk\/wp-json\/wp\/v2\/types\/product"}],"replies":[{"embeddable":true,"href":"https:\/\/www.lraloeverashop.eu\/sk\/wp-json\/wp\/v2\/comments?post=8608"}],"wp:featuredmedia":[{"embeddable":true,"href":"https:\/\/www.lraloeverashop.eu\/sk\/wp-json\/wp\/v2\/media\/8436"}],"wp:attachment":[{"href":"https:\/\/www.lraloeverashop.eu\/sk\/wp-json\/wp\/v2\/media?parent=8608"}],"wp:term":[{"taxonomy":"product_brand","embeddable":true,"href":"https:\/\/www.lraloeverashop.eu\/sk\/wp-json\/wp\/v2\/product_brand?post=8608"},{"taxonomy":"product_cat","embeddable":true,"href":"https:\/\/www.lraloeverashop.eu\/sk\/wp-json\/wp\/v2\/product_cat?post=8608"},{"taxonomy":"product_tag","embeddable":true,"href":"https:\/\/www.lraloeverashop.eu\/sk\/wp-json\/wp\/v2\/product_tag?post=8608"}],"curies":[{"name":"wp","href":"https:\/\/api.w.org\/{rel}","templated":true}]}}