{"id":8584,"date":"2022-12-03T20:45:14","date_gmt":"2022-12-03T19:45:14","guid":{"rendered":"https:\/\/www.lraloeverashop.eu\/product\/aloe-vera-opalovaci-krem-proti-starnutiu-spf-50\/"},"modified":"2025-12-15T08:54:51","modified_gmt":"2025-12-15T07:54:51","slug":"aloe-vera-opalovaci-krem-proti-starnutiu-spf-50","status":"publish","type":"product","link":"https:\/\/www.lraloeverashop.eu\/sk\/produkt\/aloe-vera-opalovaci-krem-proti-starnutiu-spf-50\/","title":{"rendered":"Aloe Vera Opa\u013eovac\u00ed Kr\u00e9m Proti Starnutiu SPF 50"},"content":{"rendered":"<h2><span style=\"font-size: 16pt;\"><strong>Aloe Vera Opa\u013eovac\u00ed Kr\u00e9m Proti Starnutiu SPF 50<\/strong><\/span><\/h2>\n<p><span style=\"font-size: 16px;\"><strong>Aloe Vera Opa\u013eovac\u00ed Kr\u00e9m Proti Starnutiu SPF 50 &#8211; Spo\u013eahliv\u00e1 ochrana pred slnkom s \u00fa\u010dinkom proti starnutiu<\/strong><\/span><\/p>\n<p>O\u010dak\u00e1vate od opa\u013eovacieho kr\u00e9mu viac ako len ochranu pred slnkom? Kr\u00e9m s aloe vera SPF 50 a 40 % aloe vera je ochrana pred slnkom aj starostlivos\u0165 proti starnutiu. Kombin\u00e1cia peptidov s preuk\u00e1zan\u00fdm \u00fa\u010dinkom proti starnutiu podporuje telu vlastn\u00fa tvorbu kolag\u00e9nu a elast\u00ednu v poko\u017eke a dod\u00e1va poko\u017eke hladk\u00fd vzh\u013ead. Anan\u00e1s je zn\u00e1my svojimi enz\u00fdmami, miner\u00e1lmi a vitam\u00ednmi, ktor\u00e9 m\u00f4\u017eu pom\u00f4c\u0165 pri <a href=\"https:\/\/www.lraloeverashop.eu\/sk\/produkt\/mlieko-na-opalovanie-spf-50\/\">regener\u00e1cii poko\u017eky<\/a>.<\/p>\n<p>Inovat\u00edvna text\u00fara na such\u00fd dotyk zais\u0165uje, \u017ee sa fluid r\u00fdchlo vstreb\u00e1va, neleskne sa, nelep\u00ed a nezanech\u00e1va na poko\u017eke biele zvy\u0161ky.<\/p>\n<p>&nbsp;<\/p>\n<h3><strong><span style=\"font-size: 16pt;\">Ako pou\u017e\u00edva\u0165<\/span><\/strong><\/h3>\n<p>Aplikujte vo ve\u013ekom mno\u017estve aspo\u0148 30 min\u00fat pred opa\u013eovan\u00edm. V pr\u00edpade potreby prekremujte.<\/p>\n","protected":false},"excerpt":{"rendered":"<ul>\n<li>Vodeodoln\u00fd Krem pre pevn\u00fa a pru\u017en\u00fa poko\u017eku<\/li>\n<li>So 40% aloe vera a bio extraktom z anan\u00e1su<\/li>\n<li>Chr\u00e1ni poko\u017eku pred UVA a UVB l\u00fa\u010dmi<\/li>\n<li>Chr\u00e1ni poko\u017eku pred pred\u010dasn\u00fdm starnut\u00edm<\/li>\n<li>Obsah: 50 ml<\/li>\n<\/ul>\n<p>&nbsp;<\/p>\n","protected":false},"featured_media":8499,"comment_status":"open","ping_status":"closed","template":"","meta":{"_kad_blocks_custom_css":"","_kad_blocks_head_custom_js":"","_kad_blocks_body_custom_js":"","_kad_blocks_footer_custom_js":"","_kadence_starter_templates_imported_post":false,"_kad_post_transparent":"default","_kad_post_title":"","_kad_post_layout":"default","_kad_post_sidebar_id":"","_kad_post_content_style":"default","_kad_post_vertical_padding":"default","_kad_post_feature":"","_kad_post_feature_position":"","_kad_post_header":false,"_kad_post_footer":false,"_kad_post_classname":""},"product_brand":[],"product_cat":[216,1010],"product_tag":[1017],"class_list":{"0":"post-8584","1":"product","2":"type-product","3":"status-publish","4":"has-post-thumbnail","6":"product_cat-aloe-vera-sk","7":"product_cat-ochrana-pred-slnkom","8":"product_tag-opalovaci-krem","10":"first","11":"instock","12":"taxable","13":"shipping-taxable","14":"purchasable","15":"product-type-simple","16":"entry","17":"content-bg","18":"loop-entry"},"yoast_head":"<!-- This site is optimized with the Yoast SEO Premium plugin v27.5 (Yoast SEO v27.5) - https:\/\/yoast.com\/product\/yoast-seo-premium-wordpress\/ -->\n<title>Aloe Vera Opa\u013eovac\u00ed Kr\u00e9m Proti Starnutiu SPF 50<\/title>\n<meta name=\"description\" content=\"O\u010dak\u00e1vate od opa\u013eovacieho kr\u00e9mu viac ako len ochranu pred slnkom? Aloe Vera Opa\u013eovac\u00ed Kr\u00e9m Proti Starnutiu SPF 50 chr\u00e1ni poko\u017eku pred pred\u010dasn\u00fdm starnut\u00edm\" \/>\n<meta name=\"robots\" content=\"index, follow, max-snippet:-1, max-image-preview:large, max-video-preview:-1\" \/>\n<link rel=\"canonical\" href=\"https:\/\/www.lraloeverashop.eu\/sk\/produkt\/aloe-vera-opalovaci-krem-proti-starnutiu-spf-50\/\" \/>\n<meta property=\"og:locale\" content=\"sk_SK\" \/>\n<meta property=\"og:type\" content=\"article\" \/>\n<meta property=\"og:title\" content=\"Aloe Vera Opa\u013eovac\u00ed Kr\u00e9m Proti Starnutiu SPF 50\" \/>\n<meta property=\"og:description\" content=\"O\u010dak\u00e1vate od opa\u013eovacieho kr\u00e9mu viac ako len ochranu pred slnkom? Aloe Vera Opa\u013eovac\u00ed Kr\u00e9m Proti Starnutiu SPF 50 chr\u00e1ni poko\u017eku pred pred\u010dasn\u00fdm starnut\u00edm\" \/>\n<meta property=\"og:url\" content=\"https:\/\/www.lraloeverashop.eu\/sk\/produkt\/aloe-vera-opalovaci-krem-proti-starnutiu-spf-50\/\" \/>\n<meta property=\"og:site_name\" content=\"Lr Obchod Aloe Vera\" \/>\n<meta property=\"article:publisher\" content=\"https:\/\/www.facebook.com\/lraloeverashop.eu\" \/>\n<meta property=\"article:modified_time\" content=\"2025-12-15T07:54:51+00:00\" \/>\n<meta property=\"og:image\" content=\"https:\/\/www.lraloeverashop.eu\/wp-content\/uploads\/2022\/12\/Aloe-Vera-Anti-Aging-Sun-Cream.jpg\" \/>\n\t<meta property=\"og:image:width\" content=\"1200\" \/>\n\t<meta property=\"og:image:height\" content=\"1200\" \/>\n\t<meta property=\"og:image:type\" content=\"image\/jpeg\" \/>\n<meta name=\"twitter:card\" content=\"summary_large_image\" \/>\n<meta name=\"twitter:site\" content=\"@natur__kosmetik\" \/>\n<script type=\"application\/ld+json\" class=\"yoast-schema-graph\">{\"@context\":\"https:\\\/\\\/schema.org\",\"@graph\":[{\"@type\":[\"WebPage\",\"ItemPage\"],\"@id\":\"https:\\\/\\\/www.lraloeverashop.eu\\\/sk\\\/produkt\\\/aloe-vera-opalovaci-krem-proti-starnutiu-spf-50\\\/\",\"url\":\"https:\\\/\\\/www.lraloeverashop.eu\\\/sk\\\/produkt\\\/aloe-vera-opalovaci-krem-proti-starnutiu-spf-50\\\/\",\"name\":\"Aloe Vera Opa\u013eovac\u00ed Kr\u00e9m Proti Starnutiu SPF 50\",\"isPartOf\":{\"@id\":\"https:\\\/\\\/www.lraloeverashop.eu\\\/sk\\\/#website\"},\"primaryImageOfPage\":{\"@id\":\"https:\\\/\\\/www.lraloeverashop.eu\\\/sk\\\/produkt\\\/aloe-vera-opalovaci-krem-proti-starnutiu-spf-50\\\/#primaryimage\"},\"image\":{\"@id\":\"https:\\\/\\\/www.lraloeverashop.eu\\\/sk\\\/produkt\\\/aloe-vera-opalovaci-krem-proti-starnutiu-spf-50\\\/#primaryimage\"},\"thumbnailUrl\":\"https:\\\/\\\/www.lraloeverashop.eu\\\/wp-content\\\/uploads\\\/2022\\\/12\\\/Aloe-Vera-Anti-Aging-Sun-Cream.jpg\",\"datePublished\":\"2022-12-03T19:45:14+00:00\",\"dateModified\":\"2025-12-15T07:54:51+00:00\",\"description\":\"O\u010dak\u00e1vate od opa\u013eovacieho kr\u00e9mu viac ako len ochranu pred slnkom? Aloe Vera Opa\u013eovac\u00ed Kr\u00e9m Proti Starnutiu SPF 50 chr\u00e1ni poko\u017eku pred pred\u010dasn\u00fdm starnut\u00edm\",\"breadcrumb\":{\"@id\":\"https:\\\/\\\/www.lraloeverashop.eu\\\/sk\\\/produkt\\\/aloe-vera-opalovaci-krem-proti-starnutiu-spf-50\\\/#breadcrumb\"},\"inLanguage\":\"sk-SK\",\"potentialAction\":[{\"@type\":\"ReadAction\",\"target\":[\"https:\\\/\\\/www.lraloeverashop.eu\\\/sk\\\/produkt\\\/aloe-vera-opalovaci-krem-proti-starnutiu-spf-50\\\/\"]}]},{\"@type\":\"ImageObject\",\"inLanguage\":\"sk-SK\",\"@id\":\"https:\\\/\\\/www.lraloeverashop.eu\\\/sk\\\/produkt\\\/aloe-vera-opalovaci-krem-proti-starnutiu-spf-50\\\/#primaryimage\",\"url\":\"https:\\\/\\\/www.lraloeverashop.eu\\\/wp-content\\\/uploads\\\/2022\\\/12\\\/Aloe-Vera-Anti-Aging-Sun-Cream.jpg\",\"contentUrl\":\"https:\\\/\\\/www.lraloeverashop.eu\\\/wp-content\\\/uploads\\\/2022\\\/12\\\/Aloe-Vera-Anti-Aging-Sun-Cream.jpg\",\"width\":1200,\"height\":1200,\"caption\":\"Aloe Vera opa\u013eovac\u00ed kr\u00e9m proti starnutiu s vysokou ochranou SPF 50 - Kremy na opalovanie pre zeny a muzov\"},{\"@type\":\"BreadcrumbList\",\"@id\":\"https:\\\/\\\/www.lraloeverashop.eu\\\/sk\\\/produkt\\\/aloe-vera-opalovaci-krem-proti-starnutiu-spf-50\\\/#breadcrumb\",\"itemListElement\":[{\"@type\":\"ListItem\",\"position\":1,\"name\":\"Home\",\"item\":\"https:\\\/\\\/www.lraloeverashop.eu\\\/sk\\\/aloe-vera-obchod-vsetko-pre-vasu-krasu-a-pohodu\\\/\"},{\"@type\":\"ListItem\",\"position\":2,\"name\":\"Obchod\",\"item\":\"https:\\\/\\\/www.lraloeverashop.eu\\\/sk\\\/obchod\\\/\"},{\"@type\":\"ListItem\",\"position\":3,\"name\":\"Aloe Vera Opa\u013eovac\u00ed Kr\u00e9m Proti Starnutiu SPF 50\"}]},{\"@type\":\"WebSite\",\"@id\":\"https:\\\/\\\/www.lraloeverashop.eu\\\/sk\\\/#website\",\"url\":\"https:\\\/\\\/www.lraloeverashop.eu\\\/sk\\\/\",\"name\":\"Lr Obchod Aloe Vera\",\"description\":\"High Quality Lr Aloe Vera Gel, Aloe Vera Cream and Shampoo\",\"publisher\":{\"@id\":\"https:\\\/\\\/www.lraloeverashop.eu\\\/sk\\\/#organization\"},\"alternateName\":\"LR\",\"potentialAction\":[{\"@type\":\"SearchAction\",\"target\":{\"@type\":\"EntryPoint\",\"urlTemplate\":\"https:\\\/\\\/www.lraloeverashop.eu\\\/sk\\\/?s={search_term_string}\"},\"query-input\":{\"@type\":\"PropertyValueSpecification\",\"valueRequired\":true,\"valueName\":\"search_term_string\"}}],\"inLanguage\":\"sk-SK\"},{\"@type\":\"Organization\",\"@id\":\"https:\\\/\\\/www.lraloeverashop.eu\\\/sk\\\/#organization\",\"name\":\"Lr Obchod Aloe Vera\",\"alternateName\":\"LR\",\"url\":\"https:\\\/\\\/www.lraloeverashop.eu\\\/sk\\\/\",\"logo\":{\"@type\":\"ImageObject\",\"inLanguage\":\"sk-SK\",\"@id\":\"https:\\\/\\\/www.lraloeverashop.eu\\\/sk\\\/#\\\/schema\\\/logo\\\/image\\\/\",\"url\":\"https:\\\/\\\/www.lraloeverashop.eu\\\/wp-content\\\/uploads\\\/2022\\\/09\\\/cropped-Lr-Aloe-Vera-Shop.jpg\",\"contentUrl\":\"https:\\\/\\\/www.lraloeverashop.eu\\\/wp-content\\\/uploads\\\/2022\\\/09\\\/cropped-Lr-Aloe-Vera-Shop.jpg\",\"width\":228,\"height\":76,\"caption\":\"Lr Obchod Aloe Vera\"},\"image\":{\"@id\":\"https:\\\/\\\/www.lraloeverashop.eu\\\/sk\\\/#\\\/schema\\\/logo\\\/image\\\/\"},\"sameAs\":[\"https:\\\/\\\/www.facebook.com\\\/lraloeverashop.eu\",\"https:\\\/\\\/x.com\\\/natur__kosmetik\",\"https:\\\/\\\/www.youtube.com\\\/channel\\\/UC5oN7BJ8nfYb8RpVtjwDEBA\",\"https:\\\/\\\/www.instagram.com\\\/lrbeautyeu\\\/\"],\"description\":\"Obchod Lr Aloe Vera je va\u0161\u00edm d\u00f4veryhodn\u00fdm miestom pre pr\u00e9miov\u00e9 produkty LR Health & Beauty vyroben\u00e9 v Nemecku. Pon\u00fakame vysokokvalitn\u00e9 rie\u0161enia starostlivosti o ple\u0165 s Aloe Vera, v\u00fd\u017eivu a proti starnutiu, vyroben\u00e9 z \u010dist\u00fdch ingredienci\u00ed a podlo\u017een\u00e9 vedeck\u00fdm v\u00fdskumom. Objavte pr\u00edrodn\u00fa starostlivos\u0165, ktor\u00e1 regeneruje, chr\u00e1ni a revitalizuje va\u0161u ple\u0165 \u2013 a vyu\u017eite exkluz\u00edvne mesa\u010dn\u00e9 ponuky na na\u0161e najpred\u00e1vanej\u0161ie produkty LR Aloe Vera.\\nZa\u010dnite svoju cestu za pr\u00edrodnou starostlivos\u0165ou o ple\u0165 e\u0161te dnes a poc\u00ed\u0165te rozdiel.\",\"email\":\"info@lraloeverashop.eu\",\"telephone\":\"+49 17670609653\",\"legalName\":\"Lr Aloe Vera Shop\",\"foundingDate\":\"2018-04-21\",\"numberOfEmployees\":{\"@type\":\"QuantitativeValue\",\"minValue\":\"1\",\"maxValue\":\"10\"}}]}<\/script>\n<meta property=\"product:price:amount\" content=\"26.79\" \/>\n<meta property=\"product:price:currency\" content=\"EUR\" \/>\n<meta property=\"og:availability\" content=\"instock\" \/>\n<meta property=\"product:availability\" content=\"instock\" \/>\n<meta property=\"product:retailer_item_id\" content=\"23114-101SK\" \/>\n<meta property=\"product:condition\" content=\"new\" \/>\n<!-- \/ Yoast SEO Premium plugin. -->","yoast_head_json":{"title":"Aloe Vera Opa\u013eovac\u00ed Kr\u00e9m Proti Starnutiu SPF 50","description":"O\u010dak\u00e1vate od opa\u013eovacieho kr\u00e9mu viac ako len ochranu pred slnkom? Aloe Vera Opa\u013eovac\u00ed Kr\u00e9m Proti Starnutiu SPF 50 chr\u00e1ni poko\u017eku pred pred\u010dasn\u00fdm starnut\u00edm","robots":{"index":"index","follow":"follow","max-snippet":"max-snippet:-1","max-image-preview":"max-image-preview:large","max-video-preview":"max-video-preview:-1"},"canonical":"https:\/\/www.lraloeverashop.eu\/sk\/produkt\/aloe-vera-opalovaci-krem-proti-starnutiu-spf-50\/","og_locale":"sk_SK","og_type":"article","og_title":"Aloe Vera Opa\u013eovac\u00ed Kr\u00e9m Proti Starnutiu SPF 50","og_description":"O\u010dak\u00e1vate od opa\u013eovacieho kr\u00e9mu viac ako len ochranu pred slnkom? Aloe Vera Opa\u013eovac\u00ed Kr\u00e9m Proti Starnutiu SPF 50 chr\u00e1ni poko\u017eku pred pred\u010dasn\u00fdm starnut\u00edm","og_url":"https:\/\/www.lraloeverashop.eu\/sk\/produkt\/aloe-vera-opalovaci-krem-proti-starnutiu-spf-50\/","og_site_name":"Lr Obchod Aloe Vera","article_publisher":"https:\/\/www.facebook.com\/lraloeverashop.eu","article_modified_time":"2025-12-15T07:54:51+00:00","og_image":[{"width":1200,"height":1200,"url":"https:\/\/www.lraloeverashop.eu\/wp-content\/uploads\/2022\/12\/Aloe-Vera-Anti-Aging-Sun-Cream.jpg","type":"image\/jpeg"}],"twitter_card":"summary_large_image","twitter_site":"@natur__kosmetik","schema":{"@context":"https:\/\/schema.org","@graph":[{"@type":["WebPage","ItemPage"],"@id":"https:\/\/www.lraloeverashop.eu\/sk\/produkt\/aloe-vera-opalovaci-krem-proti-starnutiu-spf-50\/","url":"https:\/\/www.lraloeverashop.eu\/sk\/produkt\/aloe-vera-opalovaci-krem-proti-starnutiu-spf-50\/","name":"Aloe Vera Opa\u013eovac\u00ed Kr\u00e9m Proti Starnutiu SPF 50","isPartOf":{"@id":"https:\/\/www.lraloeverashop.eu\/sk\/#website"},"primaryImageOfPage":{"@id":"https:\/\/www.lraloeverashop.eu\/sk\/produkt\/aloe-vera-opalovaci-krem-proti-starnutiu-spf-50\/#primaryimage"},"image":{"@id":"https:\/\/www.lraloeverashop.eu\/sk\/produkt\/aloe-vera-opalovaci-krem-proti-starnutiu-spf-50\/#primaryimage"},"thumbnailUrl":"https:\/\/www.lraloeverashop.eu\/wp-content\/uploads\/2022\/12\/Aloe-Vera-Anti-Aging-Sun-Cream.jpg","datePublished":"2022-12-03T19:45:14+00:00","dateModified":"2025-12-15T07:54:51+00:00","description":"O\u010dak\u00e1vate od opa\u013eovacieho kr\u00e9mu viac ako len ochranu pred slnkom? Aloe Vera Opa\u013eovac\u00ed Kr\u00e9m Proti Starnutiu SPF 50 chr\u00e1ni poko\u017eku pred pred\u010dasn\u00fdm starnut\u00edm","breadcrumb":{"@id":"https:\/\/www.lraloeverashop.eu\/sk\/produkt\/aloe-vera-opalovaci-krem-proti-starnutiu-spf-50\/#breadcrumb"},"inLanguage":"sk-SK","potentialAction":[{"@type":"ReadAction","target":["https:\/\/www.lraloeverashop.eu\/sk\/produkt\/aloe-vera-opalovaci-krem-proti-starnutiu-spf-50\/"]}]},{"@type":"ImageObject","inLanguage":"sk-SK","@id":"https:\/\/www.lraloeverashop.eu\/sk\/produkt\/aloe-vera-opalovaci-krem-proti-starnutiu-spf-50\/#primaryimage","url":"https:\/\/www.lraloeverashop.eu\/wp-content\/uploads\/2022\/12\/Aloe-Vera-Anti-Aging-Sun-Cream.jpg","contentUrl":"https:\/\/www.lraloeverashop.eu\/wp-content\/uploads\/2022\/12\/Aloe-Vera-Anti-Aging-Sun-Cream.jpg","width":1200,"height":1200,"caption":"Aloe Vera opa\u013eovac\u00ed kr\u00e9m proti starnutiu s vysokou ochranou SPF 50 - Kremy na opalovanie pre zeny a muzov"},{"@type":"BreadcrumbList","@id":"https:\/\/www.lraloeverashop.eu\/sk\/produkt\/aloe-vera-opalovaci-krem-proti-starnutiu-spf-50\/#breadcrumb","itemListElement":[{"@type":"ListItem","position":1,"name":"Home","item":"https:\/\/www.lraloeverashop.eu\/sk\/aloe-vera-obchod-vsetko-pre-vasu-krasu-a-pohodu\/"},{"@type":"ListItem","position":2,"name":"Obchod","item":"https:\/\/www.lraloeverashop.eu\/sk\/obchod\/"},{"@type":"ListItem","position":3,"name":"Aloe Vera Opa\u013eovac\u00ed Kr\u00e9m Proti Starnutiu SPF 50"}]},{"@type":"WebSite","@id":"https:\/\/www.lraloeverashop.eu\/sk\/#website","url":"https:\/\/www.lraloeverashop.eu\/sk\/","name":"Lr Obchod Aloe Vera","description":"High Quality Lr Aloe Vera Gel, Aloe Vera Cream and Shampoo","publisher":{"@id":"https:\/\/www.lraloeverashop.eu\/sk\/#organization"},"alternateName":"LR","potentialAction":[{"@type":"SearchAction","target":{"@type":"EntryPoint","urlTemplate":"https:\/\/www.lraloeverashop.eu\/sk\/?s={search_term_string}"},"query-input":{"@type":"PropertyValueSpecification","valueRequired":true,"valueName":"search_term_string"}}],"inLanguage":"sk-SK"},{"@type":"Organization","@id":"https:\/\/www.lraloeverashop.eu\/sk\/#organization","name":"Lr Obchod Aloe Vera","alternateName":"LR","url":"https:\/\/www.lraloeverashop.eu\/sk\/","logo":{"@type":"ImageObject","inLanguage":"sk-SK","@id":"https:\/\/www.lraloeverashop.eu\/sk\/#\/schema\/logo\/image\/","url":"https:\/\/www.lraloeverashop.eu\/wp-content\/uploads\/2022\/09\/cropped-Lr-Aloe-Vera-Shop.jpg","contentUrl":"https:\/\/www.lraloeverashop.eu\/wp-content\/uploads\/2022\/09\/cropped-Lr-Aloe-Vera-Shop.jpg","width":228,"height":76,"caption":"Lr Obchod Aloe Vera"},"image":{"@id":"https:\/\/www.lraloeverashop.eu\/sk\/#\/schema\/logo\/image\/"},"sameAs":["https:\/\/www.facebook.com\/lraloeverashop.eu","https:\/\/x.com\/natur__kosmetik","https:\/\/www.youtube.com\/channel\/UC5oN7BJ8nfYb8RpVtjwDEBA","https:\/\/www.instagram.com\/lrbeautyeu\/"],"description":"Obchod Lr Aloe Vera je va\u0161\u00edm d\u00f4veryhodn\u00fdm miestom pre pr\u00e9miov\u00e9 produkty LR Health & Beauty vyroben\u00e9 v Nemecku. Pon\u00fakame vysokokvalitn\u00e9 rie\u0161enia starostlivosti o ple\u0165 s Aloe Vera, v\u00fd\u017eivu a proti starnutiu, vyroben\u00e9 z \u010dist\u00fdch ingredienci\u00ed a podlo\u017een\u00e9 vedeck\u00fdm v\u00fdskumom. Objavte pr\u00edrodn\u00fa starostlivos\u0165, ktor\u00e1 regeneruje, chr\u00e1ni a revitalizuje va\u0161u ple\u0165 \u2013 a vyu\u017eite exkluz\u00edvne mesa\u010dn\u00e9 ponuky na na\u0161e najpred\u00e1vanej\u0161ie produkty LR Aloe Vera.\nZa\u010dnite svoju cestu za pr\u00edrodnou starostlivos\u0165ou o ple\u0165 e\u0161te dnes a poc\u00ed\u0165te rozdiel.","email":"info@lraloeverashop.eu","telephone":"+49 17670609653","legalName":"Lr Aloe Vera Shop","foundingDate":"2018-04-21","numberOfEmployees":{"@type":"QuantitativeValue","minValue":"1","maxValue":"10"}}]},"product_price_amount":"26.79","product_price_currency":"EUR","og_availability":"instock","product_availability":"instock","product_retailer_item_id":"23114-101SK","product_condition":"new"},"taxonomy_info":{"product_cat":[{"value":216,"label":"Aloe Vera"},{"value":1010,"label":"Ochrana pred slnkom"}],"product_tag":[{"value":1017,"label":"opa\u013eovac\u00ed kr\u00e9m"}]},"featured_image_src_large":["https:\/\/www.lraloeverashop.eu\/wp-content\/uploads\/2022\/12\/Aloe-Vera-Anti-Aging-Sun-Cream-1024x1024.jpg",1024,1024,true],"author_info":[],"comment_info":0,"_links":{"self":[{"href":"https:\/\/www.lraloeverashop.eu\/sk\/wp-json\/wp\/v2\/product\/8584","targetHints":{"allow":["GET"]}}],"collection":[{"href":"https:\/\/www.lraloeverashop.eu\/sk\/wp-json\/wp\/v2\/product"}],"about":[{"href":"https:\/\/www.lraloeverashop.eu\/sk\/wp-json\/wp\/v2\/types\/product"}],"replies":[{"embeddable":true,"href":"https:\/\/www.lraloeverashop.eu\/sk\/wp-json\/wp\/v2\/comments?post=8584"}],"wp:featuredmedia":[{"embeddable":true,"href":"https:\/\/www.lraloeverashop.eu\/sk\/wp-json\/wp\/v2\/media\/8499"}],"wp:attachment":[{"href":"https:\/\/www.lraloeverashop.eu\/sk\/wp-json\/wp\/v2\/media?parent=8584"}],"wp:term":[{"taxonomy":"product_brand","embeddable":true,"href":"https:\/\/www.lraloeverashop.eu\/sk\/wp-json\/wp\/v2\/product_brand?post=8584"},{"taxonomy":"product_cat","embeddable":true,"href":"https:\/\/www.lraloeverashop.eu\/sk\/wp-json\/wp\/v2\/product_cat?post=8584"},{"taxonomy":"product_tag","embeddable":true,"href":"https:\/\/www.lraloeverashop.eu\/sk\/wp-json\/wp\/v2\/product_tag?post=8584"}],"curies":[{"name":"wp","href":"https:\/\/api.w.org\/{rel}","templated":true}]}}