{"id":8572,"date":"2022-12-03T21:24:02","date_gmt":"2022-12-03T20:24:02","guid":{"rendered":"https:\/\/www.lraloeverashop.eu\/product\/serum-na-tvar-s-vitaminom-c\/"},"modified":"2025-05-10T10:11:45","modified_gmt":"2025-05-10T08:11:45","slug":"serum-na-tvar-s-vitaminom-c","status":"publish","type":"product","link":"https:\/\/www.lraloeverashop.eu\/sk\/produkt\/serum-na-tvar-s-vitaminom-c\/","title":{"rendered":"S\u00e9rum na Tv\u00e1r s Vitam\u00ednom C"},"content":{"rendered":"<h2><span style=\"font-size: 16pt;\"><strong>S\u00e9rum na Tv\u00e1r s Vitam\u00ednom C<\/strong><\/span><\/h2>\n<p><span style=\"font-size: 14pt;\"><strong>S\u00e9rum na Tv\u00e1r s Vitam\u00ednom C s rozjas\u0148uj\u00facim \u00fa\u010dinkom pre mladistvo vyzeraj\u00facu ple\u0165<\/strong><\/span><\/p>\n<p>S\u00e9rum s vitam\u00ednom C je skuto\u010dnou vitam\u00ednovou bombou pre hladk\u00fa, kypr\u00fa poko\u017eku a rovnomern\u00fa, \u017eiariv\u00fa ple\u0165! Dokonal\u00e1 energetick\u00e1 podpora <a href=\"https:\/\/www.lraloeverashop.eu\/sk\/produkt\/serum-na-tvar-skin-balance\/\">pre nam\u00e1han\u00fa poko\u017eku<\/a>. Jednoducho naneste na vy\u010disten\u00fa ple\u0165 ve\u010der pred zvy\u010dajnou no\u010dnou starostlivos\u0165ou a za\u010dnite de\u0148 so \u017eiariv\u00fdm leskom!<\/p>\n<p>Vitam\u00edn C je dobr\u00fd nielen pre imunitn\u00fd syst\u00e9m zvn\u00fatra, ale p\u00f4sob\u00ed aj na poko\u017eku zvonka ako trojn\u00e1sobne \u00fa\u010dinn\u00e1 zbra\u0148 proti starnutiu:<\/p>\n<p>1. Dod\u00e1va poko\u017eke maxim\u00e1lnu svie\u017eos\u0165 a podporuje ju pri <a href=\"https:\/\/www.lraloeverashop.eu\/sk\/produkt\/aloe-vera-krem-na-tvar\/\">ukladan\u00ed vlhkosti<\/a>.<br \/>\n2. Redukuje pigmentov\u00e9 \u0161kvrny a zais\u0165uje rovnomern\u00fa ple\u0165.<br \/>\n3. Stimuluje tvorbu kolag\u00e9nu a podporuje regener\u00e1ciu poko\u017eky \u2013 pre pevn\u00fa a hladk\u00fa poko\u017eku.<\/p>\n<p>S na\u0161ou inovat\u00edvnou zlatou technol\u00f3giou dosahujeme maxim\u00e1lnu stabilitu \u00fa\u010dinn\u00fdch l\u00e1tok. V\u010faka najjemnej\u0161\u00edm \u010dasticiam zlata je pln\u00e1 sila vitam\u00ednu C zachovan\u00e1 a\u017e do poslednej kvapky s\u00e9ra!<\/p>\n<p>&nbsp;<\/p>\n<h3><span style=\"font-size: 16pt;\"><strong>Ako pou\u017e\u00edva\u0165<\/strong><\/span><\/h3>\n<p>Aplikujte na vy\u010disten\u00fa ple\u0165 ve\u010der pred zvy\u010dajnou no\u010dnou starostlivos\u0165ou.<\/p>\n","protected":false},"excerpt":{"rendered":"<ul>\n<li>Novinka: vitam\u00ednov\u00e1 bomba pre ple\u0165!<\/li>\n<li>Pre hladk\u00fa, kypr\u00fa poko\u017eku a rovnomern\u00fa, \u017eiariv\u00fa ple\u0165!<\/li>\n<li>Energia pre nam\u00e1han\u00fa poko\u017eku<\/li>\n<li>Redukuje pigmentov\u00e9 \u0161kvrny<\/li>\n<li>Stimuluje tvorbu kolag\u00e9nu<\/li>\n<li>Podporuje regener\u00e1ciu poko\u017eky<\/li>\n<li>Obsah: 30 ml<\/li>\n<\/ul>\n<p>&nbsp;<\/p>\n","protected":false},"featured_media":8485,"comment_status":"open","ping_status":"closed","template":"","meta":{"_kad_blocks_custom_css":"","_kad_blocks_head_custom_js":"","_kad_blocks_body_custom_js":"","_kad_blocks_footer_custom_js":"","_kadence_starter_templates_imported_post":false,"_kad_post_transparent":"default","_kad_post_title":"","_kad_post_layout":"default","_kad_post_sidebar_id":"","_kad_post_content_style":"default","_kad_post_vertical_padding":"default","_kad_post_feature":"","_kad_post_feature_position":"","_kad_post_header":false,"_kad_post_footer":false,"_kad_post_classname":""},"product_brand":[],"product_cat":[276,331,270,396,288,282],"product_tag":[],"class_list":{"0":"post-8572","1":"product","2":"type-product","3":"status-publish","4":"has-post-thumbnail","6":"product_cat-muzi-nad-25-rokov","7":"product_cat-produkty-proti-starnutiu","8":"product_cat-starostlivost-proti-starnutiu","9":"product_cat-zeitgard-sk","10":"product_cat-zeny-do-40","11":"product_cat-zeny-nad-40-rokov","13":"first","14":"instock","15":"taxable","16":"shipping-taxable","17":"purchasable","18":"product-type-simple","19":"entry","20":"content-bg","21":"loop-entry"},"yoast_head":"<!-- This site is optimized with the Yoast SEO Premium plugin v27.4 (Yoast SEO v27.4) - https:\/\/yoast.com\/product\/yoast-seo-premium-wordpress\/ -->\n<title>S\u00e9rum na Tv\u00e1r s Vitam\u00ednom C s rozjas\u0148uj\u00facim \u00fa\u010dinkom<\/title>\n<meta name=\"description\" content=\"Novinka! vitam\u00ednov\u00e1 bomba pre ple\u0165! S\u00e9rum na Tv\u00e1r s Vitam\u00ednom C dod\u00e1va poko\u017eke maxim\u00e1lnu svie\u017eos\u0165 a podporuje ju pri ukladan\u00ed vlhkosti.\" \/>\n<meta name=\"robots\" content=\"index, follow, max-snippet:-1, max-image-preview:large, max-video-preview:-1\" \/>\n<link rel=\"canonical\" href=\"https:\/\/www.lraloeverashop.eu\/sk\/produkt\/serum-na-tvar-s-vitaminom-c\/\" \/>\n<meta property=\"og:locale\" content=\"sk_SK\" \/>\n<meta property=\"og:type\" content=\"article\" \/>\n<meta property=\"og:title\" content=\"S\u00e9rum na Tv\u00e1r s Vitam\u00ednom C\" \/>\n<meta property=\"og:description\" content=\"Novinka! vitam\u00ednov\u00e1 bomba pre ple\u0165! S\u00e9rum na Tv\u00e1r s Vitam\u00ednom C dod\u00e1va poko\u017eke maxim\u00e1lnu svie\u017eos\u0165 a podporuje ju pri ukladan\u00ed vlhkosti.\" \/>\n<meta property=\"og:url\" content=\"https:\/\/www.lraloeverashop.eu\/sk\/produkt\/serum-na-tvar-s-vitaminom-c\/\" \/>\n<meta property=\"og:site_name\" content=\"Lr Obchod Aloe Vera\" \/>\n<meta property=\"article:publisher\" content=\"https:\/\/www.facebook.com\/lraloeverashop.eu\" \/>\n<meta property=\"article:modified_time\" content=\"2025-05-10T08:11:45+00:00\" \/>\n<meta property=\"og:image\" content=\"https:\/\/www.lraloeverashop.eu\/wp-content\/uploads\/2022\/12\/Vitamin-C-Face-Serum.jpg\" \/>\n\t<meta property=\"og:image:width\" content=\"1200\" \/>\n\t<meta property=\"og:image:height\" content=\"1200\" \/>\n\t<meta property=\"og:image:type\" content=\"image\/jpeg\" \/>\n<meta name=\"twitter:card\" content=\"summary_large_image\" \/>\n<meta name=\"twitter:site\" content=\"@natur__kosmetik\" \/>\n<script type=\"application\/ld+json\" class=\"yoast-schema-graph\">{\"@context\":\"https:\\\/\\\/schema.org\",\"@graph\":[{\"@type\":[\"WebPage\",\"ItemPage\"],\"@id\":\"https:\\\/\\\/www.lraloeverashop.eu\\\/sk\\\/produkt\\\/serum-na-tvar-s-vitaminom-c\\\/\",\"url\":\"https:\\\/\\\/www.lraloeverashop.eu\\\/sk\\\/produkt\\\/serum-na-tvar-s-vitaminom-c\\\/\",\"name\":\"S\u00e9rum na Tv\u00e1r s Vitam\u00ednom C s rozjas\u0148uj\u00facim \u00fa\u010dinkom\",\"isPartOf\":{\"@id\":\"https:\\\/\\\/www.lraloeverashop.eu\\\/sk\\\/#website\"},\"primaryImageOfPage\":{\"@id\":\"https:\\\/\\\/www.lraloeverashop.eu\\\/sk\\\/produkt\\\/serum-na-tvar-s-vitaminom-c\\\/#primaryimage\"},\"image\":{\"@id\":\"https:\\\/\\\/www.lraloeverashop.eu\\\/sk\\\/produkt\\\/serum-na-tvar-s-vitaminom-c\\\/#primaryimage\"},\"thumbnailUrl\":\"https:\\\/\\\/www.lraloeverashop.eu\\\/wp-content\\\/uploads\\\/2022\\\/12\\\/Vitamin-C-Face-Serum.jpg\",\"datePublished\":\"2022-12-03T20:24:02+00:00\",\"dateModified\":\"2025-05-10T08:11:45+00:00\",\"description\":\"Novinka! vitam\u00ednov\u00e1 bomba pre ple\u0165! S\u00e9rum na Tv\u00e1r s Vitam\u00ednom C dod\u00e1va poko\u017eke maxim\u00e1lnu svie\u017eos\u0165 a podporuje ju pri ukladan\u00ed vlhkosti.\",\"breadcrumb\":{\"@id\":\"https:\\\/\\\/www.lraloeverashop.eu\\\/sk\\\/produkt\\\/serum-na-tvar-s-vitaminom-c\\\/#breadcrumb\"},\"inLanguage\":\"sk-SK\",\"potentialAction\":[{\"@type\":\"ReadAction\",\"target\":[\"https:\\\/\\\/www.lraloeverashop.eu\\\/sk\\\/produkt\\\/serum-na-tvar-s-vitaminom-c\\\/\"]}]},{\"@type\":\"ImageObject\",\"inLanguage\":\"sk-SK\",\"@id\":\"https:\\\/\\\/www.lraloeverashop.eu\\\/sk\\\/produkt\\\/serum-na-tvar-s-vitaminom-c\\\/#primaryimage\",\"url\":\"https:\\\/\\\/www.lraloeverashop.eu\\\/wp-content\\\/uploads\\\/2022\\\/12\\\/Vitamin-C-Face-Serum.jpg\",\"contentUrl\":\"https:\\\/\\\/www.lraloeverashop.eu\\\/wp-content\\\/uploads\\\/2022\\\/12\\\/Vitamin-C-Face-Serum.jpg\",\"width\":1200,\"height\":1200,\"caption\":\"Zeitgard s\u00e9rum s vitam\u00ednom C na tv\u00e1r s rozjas\u0148uj\u00facim \u00fa\u010dinkom\"},{\"@type\":\"BreadcrumbList\",\"@id\":\"https:\\\/\\\/www.lraloeverashop.eu\\\/sk\\\/produkt\\\/serum-na-tvar-s-vitaminom-c\\\/#breadcrumb\",\"itemListElement\":[{\"@type\":\"ListItem\",\"position\":1,\"name\":\"Home\",\"item\":\"https:\\\/\\\/www.lraloeverashop.eu\\\/sk\\\/\"},{\"@type\":\"ListItem\",\"position\":2,\"name\":\"Obchod\",\"item\":\"https:\\\/\\\/www.lraloeverashop.eu\\\/shop\\\/\"},{\"@type\":\"ListItem\",\"position\":3,\"name\":\"S\u00e9rum na Tv\u00e1r s Vitam\u00ednom C\"}]},{\"@type\":\"WebSite\",\"@id\":\"https:\\\/\\\/www.lraloeverashop.eu\\\/sk\\\/#website\",\"url\":\"https:\\\/\\\/www.lraloeverashop.eu\\\/sk\\\/\",\"name\":\"Lr Obchod Aloe Vera\",\"description\":\"High Quality Lr Aloe Vera Gel, Aloe Vera Cream and Shampoo\",\"publisher\":{\"@id\":\"https:\\\/\\\/www.lraloeverashop.eu\\\/sk\\\/#organization\"},\"potentialAction\":[{\"@type\":\"SearchAction\",\"target\":{\"@type\":\"EntryPoint\",\"urlTemplate\":\"https:\\\/\\\/www.lraloeverashop.eu\\\/sk\\\/?s={search_term_string}\"},\"query-input\":{\"@type\":\"PropertyValueSpecification\",\"valueRequired\":true,\"valueName\":\"search_term_string\"}}],\"inLanguage\":\"sk-SK\"},{\"@type\":\"Organization\",\"@id\":\"https:\\\/\\\/www.lraloeverashop.eu\\\/sk\\\/#organization\",\"name\":\"Lr Obchod Aloe Vera\",\"alternateName\":\"LR\",\"url\":\"https:\\\/\\\/www.lraloeverashop.eu\\\/sk\\\/\",\"logo\":{\"@type\":\"ImageObject\",\"inLanguage\":\"sk-SK\",\"@id\":\"https:\\\/\\\/www.lraloeverashop.eu\\\/sk\\\/#\\\/schema\\\/logo\\\/image\\\/\",\"url\":\"https:\\\/\\\/www.lraloeverashop.eu\\\/wp-content\\\/uploads\\\/2022\\\/09\\\/cropped-Lr-Aloe-Vera-Shop.jpg\",\"contentUrl\":\"https:\\\/\\\/www.lraloeverashop.eu\\\/wp-content\\\/uploads\\\/2022\\\/09\\\/cropped-Lr-Aloe-Vera-Shop.jpg\",\"width\":228,\"height\":76,\"caption\":\"Lr Obchod Aloe Vera\"},\"image\":{\"@id\":\"https:\\\/\\\/www.lraloeverashop.eu\\\/sk\\\/#\\\/schema\\\/logo\\\/image\\\/\"},\"sameAs\":[\"https:\\\/\\\/www.facebook.com\\\/lraloeverashop.eu\",\"https:\\\/\\\/x.com\\\/natur__kosmetik\",\"https:\\\/\\\/www.youtube.com\\\/channel\\\/UC5oN7BJ8nfYb8RpVtjwDEBA\",\"https:\\\/\\\/www.instagram.com\\\/lrbeautyeu\\\/\"],\"description\":\"Obchod Lr Aloe Vera je va\u0161\u00edm d\u00f4veryhodn\u00fdm miestom pre pr\u00e9miov\u00e9 produkty LR Health & Beauty vyroben\u00e9 v Nemecku. Pon\u00fakame vysokokvalitn\u00e9 rie\u0161enia starostlivosti o ple\u0165 s Aloe Vera, v\u00fd\u017eivu a proti starnutiu, vyroben\u00e9 z \u010dist\u00fdch ingredienci\u00ed a podlo\u017een\u00e9 vedeck\u00fdm v\u00fdskumom. Objavte pr\u00edrodn\u00fa starostlivos\u0165, ktor\u00e1 regeneruje, chr\u00e1ni a revitalizuje va\u0161u ple\u0165 \u2013 a vyu\u017eite exkluz\u00edvne mesa\u010dn\u00e9 ponuky na na\u0161e najpred\u00e1vanej\u0161ie produkty LR Aloe Vera.\\nZa\u010dnite svoju cestu za pr\u00edrodnou starostlivos\u0165ou o ple\u0165 e\u0161te dnes a poc\u00ed\u0165te rozdiel.\",\"email\":\"info@lraloeverashop.eu\",\"telephone\":\"+49 17670609653\",\"legalName\":\"Lr Aloe Vera Shop\",\"foundingDate\":\"2018-04-21\",\"numberOfEmployees\":{\"@type\":\"QuantitativeValue\",\"minValue\":\"1\",\"maxValue\":\"10\"}}]}<\/script>\n<meta property=\"product:price:amount\" content=\"48.59\" \/>\n<meta property=\"product:price:currency\" content=\"EUR\" \/>\n<meta property=\"og:availability\" content=\"instock\" \/>\n<meta property=\"product:availability\" content=\"instock\" \/>\n<meta property=\"product:retailer_item_id\" content=\"28191-1SK\" \/>\n<meta property=\"product:condition\" content=\"new\" \/>\n<!-- \/ Yoast SEO Premium plugin. -->","yoast_head_json":{"title":"S\u00e9rum na Tv\u00e1r s Vitam\u00ednom C s rozjas\u0148uj\u00facim \u00fa\u010dinkom","description":"Novinka! vitam\u00ednov\u00e1 bomba pre ple\u0165! S\u00e9rum na Tv\u00e1r s Vitam\u00ednom C dod\u00e1va poko\u017eke maxim\u00e1lnu svie\u017eos\u0165 a podporuje ju pri ukladan\u00ed vlhkosti.","robots":{"index":"index","follow":"follow","max-snippet":"max-snippet:-1","max-image-preview":"max-image-preview:large","max-video-preview":"max-video-preview:-1"},"canonical":"https:\/\/www.lraloeverashop.eu\/sk\/produkt\/serum-na-tvar-s-vitaminom-c\/","og_locale":"sk_SK","og_type":"article","og_title":"S\u00e9rum na Tv\u00e1r s Vitam\u00ednom C","og_description":"Novinka! vitam\u00ednov\u00e1 bomba pre ple\u0165! S\u00e9rum na Tv\u00e1r s Vitam\u00ednom C dod\u00e1va poko\u017eke maxim\u00e1lnu svie\u017eos\u0165 a podporuje ju pri ukladan\u00ed vlhkosti.","og_url":"https:\/\/www.lraloeverashop.eu\/sk\/produkt\/serum-na-tvar-s-vitaminom-c\/","og_site_name":"Lr Obchod Aloe Vera","article_publisher":"https:\/\/www.facebook.com\/lraloeverashop.eu","article_modified_time":"2025-05-10T08:11:45+00:00","og_image":[{"width":1200,"height":1200,"url":"https:\/\/www.lraloeverashop.eu\/wp-content\/uploads\/2022\/12\/Vitamin-C-Face-Serum.jpg","type":"image\/jpeg"}],"twitter_card":"summary_large_image","twitter_site":"@natur__kosmetik","schema":{"@context":"https:\/\/schema.org","@graph":[{"@type":["WebPage","ItemPage"],"@id":"https:\/\/www.lraloeverashop.eu\/sk\/produkt\/serum-na-tvar-s-vitaminom-c\/","url":"https:\/\/www.lraloeverashop.eu\/sk\/produkt\/serum-na-tvar-s-vitaminom-c\/","name":"S\u00e9rum na Tv\u00e1r s Vitam\u00ednom C s rozjas\u0148uj\u00facim \u00fa\u010dinkom","isPartOf":{"@id":"https:\/\/www.lraloeverashop.eu\/sk\/#website"},"primaryImageOfPage":{"@id":"https:\/\/www.lraloeverashop.eu\/sk\/produkt\/serum-na-tvar-s-vitaminom-c\/#primaryimage"},"image":{"@id":"https:\/\/www.lraloeverashop.eu\/sk\/produkt\/serum-na-tvar-s-vitaminom-c\/#primaryimage"},"thumbnailUrl":"https:\/\/www.lraloeverashop.eu\/wp-content\/uploads\/2022\/12\/Vitamin-C-Face-Serum.jpg","datePublished":"2022-12-03T20:24:02+00:00","dateModified":"2025-05-10T08:11:45+00:00","description":"Novinka! vitam\u00ednov\u00e1 bomba pre ple\u0165! S\u00e9rum na Tv\u00e1r s Vitam\u00ednom C dod\u00e1va poko\u017eke maxim\u00e1lnu svie\u017eos\u0165 a podporuje ju pri ukladan\u00ed vlhkosti.","breadcrumb":{"@id":"https:\/\/www.lraloeverashop.eu\/sk\/produkt\/serum-na-tvar-s-vitaminom-c\/#breadcrumb"},"inLanguage":"sk-SK","potentialAction":[{"@type":"ReadAction","target":["https:\/\/www.lraloeverashop.eu\/sk\/produkt\/serum-na-tvar-s-vitaminom-c\/"]}]},{"@type":"ImageObject","inLanguage":"sk-SK","@id":"https:\/\/www.lraloeverashop.eu\/sk\/produkt\/serum-na-tvar-s-vitaminom-c\/#primaryimage","url":"https:\/\/www.lraloeverashop.eu\/wp-content\/uploads\/2022\/12\/Vitamin-C-Face-Serum.jpg","contentUrl":"https:\/\/www.lraloeverashop.eu\/wp-content\/uploads\/2022\/12\/Vitamin-C-Face-Serum.jpg","width":1200,"height":1200,"caption":"Zeitgard s\u00e9rum s vitam\u00ednom C na tv\u00e1r s rozjas\u0148uj\u00facim \u00fa\u010dinkom"},{"@type":"BreadcrumbList","@id":"https:\/\/www.lraloeverashop.eu\/sk\/produkt\/serum-na-tvar-s-vitaminom-c\/#breadcrumb","itemListElement":[{"@type":"ListItem","position":1,"name":"Home","item":"https:\/\/www.lraloeverashop.eu\/sk\/"},{"@type":"ListItem","position":2,"name":"Obchod","item":"https:\/\/www.lraloeverashop.eu\/shop\/"},{"@type":"ListItem","position":3,"name":"S\u00e9rum na Tv\u00e1r s Vitam\u00ednom C"}]},{"@type":"WebSite","@id":"https:\/\/www.lraloeverashop.eu\/sk\/#website","url":"https:\/\/www.lraloeverashop.eu\/sk\/","name":"Lr Obchod Aloe Vera","description":"High Quality Lr Aloe Vera Gel, Aloe Vera Cream and Shampoo","publisher":{"@id":"https:\/\/www.lraloeverashop.eu\/sk\/#organization"},"potentialAction":[{"@type":"SearchAction","target":{"@type":"EntryPoint","urlTemplate":"https:\/\/www.lraloeverashop.eu\/sk\/?s={search_term_string}"},"query-input":{"@type":"PropertyValueSpecification","valueRequired":true,"valueName":"search_term_string"}}],"inLanguage":"sk-SK"},{"@type":"Organization","@id":"https:\/\/www.lraloeverashop.eu\/sk\/#organization","name":"Lr Obchod Aloe Vera","alternateName":"LR","url":"https:\/\/www.lraloeverashop.eu\/sk\/","logo":{"@type":"ImageObject","inLanguage":"sk-SK","@id":"https:\/\/www.lraloeverashop.eu\/sk\/#\/schema\/logo\/image\/","url":"https:\/\/www.lraloeverashop.eu\/wp-content\/uploads\/2022\/09\/cropped-Lr-Aloe-Vera-Shop.jpg","contentUrl":"https:\/\/www.lraloeverashop.eu\/wp-content\/uploads\/2022\/09\/cropped-Lr-Aloe-Vera-Shop.jpg","width":228,"height":76,"caption":"Lr Obchod Aloe Vera"},"image":{"@id":"https:\/\/www.lraloeverashop.eu\/sk\/#\/schema\/logo\/image\/"},"sameAs":["https:\/\/www.facebook.com\/lraloeverashop.eu","https:\/\/x.com\/natur__kosmetik","https:\/\/www.youtube.com\/channel\/UC5oN7BJ8nfYb8RpVtjwDEBA","https:\/\/www.instagram.com\/lrbeautyeu\/"],"description":"Obchod Lr Aloe Vera je va\u0161\u00edm d\u00f4veryhodn\u00fdm miestom pre pr\u00e9miov\u00e9 produkty LR Health & Beauty vyroben\u00e9 v Nemecku. Pon\u00fakame vysokokvalitn\u00e9 rie\u0161enia starostlivosti o ple\u0165 s Aloe Vera, v\u00fd\u017eivu a proti starnutiu, vyroben\u00e9 z \u010dist\u00fdch ingredienci\u00ed a podlo\u017een\u00e9 vedeck\u00fdm v\u00fdskumom. Objavte pr\u00edrodn\u00fa starostlivos\u0165, ktor\u00e1 regeneruje, chr\u00e1ni a revitalizuje va\u0161u ple\u0165 \u2013 a vyu\u017eite exkluz\u00edvne mesa\u010dn\u00e9 ponuky na na\u0161e najpred\u00e1vanej\u0161ie produkty LR Aloe Vera.\nZa\u010dnite svoju cestu za pr\u00edrodnou starostlivos\u0165ou o ple\u0165 e\u0161te dnes a poc\u00ed\u0165te rozdiel.","email":"info@lraloeverashop.eu","telephone":"+49 17670609653","legalName":"Lr Aloe Vera Shop","foundingDate":"2018-04-21","numberOfEmployees":{"@type":"QuantitativeValue","minValue":"1","maxValue":"10"}}]},"product_price_amount":"48.59","product_price_currency":"EUR","og_availability":"instock","product_availability":"instock","product_retailer_item_id":"28191-1SK","product_condition":"new"},"taxonomy_info":{"product_cat":[{"value":276,"label":"Mu\u017ei nad 25 rokov"},{"value":331,"label":"Produkty proti starnutiu"},{"value":270,"label":"Starostlivos\u0165 proti starnutiu"},{"value":396,"label":"Zeitgard"},{"value":288,"label":"\u017deny do 40"},{"value":282,"label":"\u017deny nad 40 rokov"}]},"featured_image_src_large":["https:\/\/www.lraloeverashop.eu\/wp-content\/uploads\/2022\/12\/Vitamin-C-Face-Serum-1024x1024.jpg",1024,1024,true],"author_info":[],"comment_info":0,"_links":{"self":[{"href":"https:\/\/www.lraloeverashop.eu\/sk\/wp-json\/wp\/v2\/product\/8572","targetHints":{"allow":["GET"]}}],"collection":[{"href":"https:\/\/www.lraloeverashop.eu\/sk\/wp-json\/wp\/v2\/product"}],"about":[{"href":"https:\/\/www.lraloeverashop.eu\/sk\/wp-json\/wp\/v2\/types\/product"}],"replies":[{"embeddable":true,"href":"https:\/\/www.lraloeverashop.eu\/sk\/wp-json\/wp\/v2\/comments?post=8572"}],"wp:featuredmedia":[{"embeddable":true,"href":"https:\/\/www.lraloeverashop.eu\/sk\/wp-json\/wp\/v2\/media\/8485"}],"wp:attachment":[{"href":"https:\/\/www.lraloeverashop.eu\/sk\/wp-json\/wp\/v2\/media?parent=8572"}],"wp:term":[{"taxonomy":"product_brand","embeddable":true,"href":"https:\/\/www.lraloeverashop.eu\/sk\/wp-json\/wp\/v2\/product_brand?post=8572"},{"taxonomy":"product_cat","embeddable":true,"href":"https:\/\/www.lraloeverashop.eu\/sk\/wp-json\/wp\/v2\/product_cat?post=8572"},{"taxonomy":"product_tag","embeddable":true,"href":"https:\/\/www.lraloeverashop.eu\/sk\/wp-json\/wp\/v2\/product_tag?post=8572"}],"curies":[{"name":"wp","href":"https:\/\/api.w.org\/{rel}","templated":true}]}}