{"id":29671,"date":"2026-01-06T10:15:35","date_gmt":"2026-01-06T09:15:35","guid":{"rendered":"https:\/\/www.lraloeverashop.eu\/product\/aloe-vera-napoj-acai-pro\/"},"modified":"2026-01-06T10:15:35","modified_gmt":"2026-01-06T09:15:35","slug":"aloe-vera-napoj-acai-pro","status":"publish","type":"product","link":"https:\/\/www.lraloeverashop.eu\/sk\/produkt\/aloe-vera-napoj-acai-pro\/","title":{"rendered":"Aloe Vera N\u00e1poj Acai Pro"},"content":{"rendered":"<h2><span style=\"font-size: 16pt;\"><strong>Aloe Vera Drink Acai Pro<\/strong><\/span><\/h2>\n<p><span style=\"font-size: 14pt;\"><strong>Aloe Vera N\u00e1poj Acai Pro \u2013 Pr\u00e9miov\u00e1 kvalita, ktorej m\u00f4\u017eete d\u00f4verova\u0165<\/strong><\/span><\/p>\n<p>Doprajte svojmu telu extra podporu s osvie\u017euj\u00facim Aloe Vera N\u00e1pojom Acai Pro ktor\u00fd bol navrhnut\u00fd tak, aby pom\u00e1hal telu udr\u017eiava\u0165 rovnov\u00e1hu, energiu a ochranu po\u010das teplej\u0161\u00edch mesiacov. Tento pr\u00e9miov\u00fd doplnok v\u00fd\u017eivy s aloe vera bol starostlivo vyvinut\u00fd spolo\u010dnos\u0165ou LR Health &amp; Beauty a sp\u00e1ja vysokokvalitn\u00e9 aloe vera s prirodzenou silou bob\u00fa\u013e a\u00e7a\u00ed a starostlivo vybran\u00fdch plodov.<\/p>\n<p>Z\u00e1kladom tejto recept\u00fary je 85 % aloe vera g\u00e9l z listov, ktor\u00fd je doplnen\u00fd o a\u00e7a\u00ed, r\u00edbezle, lesn\u00e9 plody a med, v\u010faka \u010domu m\u00e1 n\u00e1poj prirodzene ovocn\u00fa chu\u0165, vhodn\u00fa na ka\u017edodenn\u00e9 u\u017e\u00edvanie. A\u00e7a\u00ed je zn\u00e1me ako superpotravina, v\u010faka vysok\u00e9mu prirodzen\u00e9mu obsahu antioxidantov, ako aj vitam\u00ednov a miner\u00e1lov, ktor\u00e9 <strong><a href=\"https:\/\/www.lraloeverashop.eu\/sk\/produkt\/mind-master-performance-drink-cerveny\/\">podporuj\u00fa celkov\u00fa pohodu<\/a><\/strong>.<\/p>\n<p>&nbsp;<\/p>\n<h3><span style=\"font-size: 16pt;\"><strong>Trojit\u00e1 letn\u00e1 podpora zvn\u00fatra<\/strong><\/span><\/h3>\n<p>Tento Aloe Vera N\u00e1poj Acai Pro bol vyvinut\u00fd so zameran\u00edm na tri k\u013e\u00fa\u010dov\u00e9 oblasti letn\u00e9ho zdravia:<\/p>\n<ul>\n<li><strong>Elektrolytick\u00e1 rovnov\u00e1ha a metabolizmus:<\/strong> V\u010faka obsahu hor\u010d\u00edka, vitam\u00ednu C a zinku pom\u00e1ha recept\u00fara udr\u017eiava\u0165 elektrolytick\u00fa rovnov\u00e1hu a podporuje norm\u00e1lny energetick\u00fd metabolizmus\u00b9, \u010do je obzvl\u00e1\u0161\u0165 d\u00f4le\u017eit\u00e9 po\u010das hor\u00facich dn\u00ed alebo zv\u00fd\u0161enej fyzickej aktivity.<\/li>\n<li><strong>Podpora poko\u017eky a ochrana pred slnkom:<\/strong> Me\u010f a zinok prispievaj\u00fa k ochrane buniek pred oxida\u010dn\u00fdm stresom, pom\u00e1haj\u00fa udr\u017eiava\u0165 norm\u00e1lnu poko\u017eku a podporuj\u00fa <strong><a href=\"https:\/\/www.lraloeverashop.eu\/sk\/produkt\/lr-elixir-krasy\/\">prirodzen\u00fa pigment\u00e1ciu poko\u017eky<\/a><\/strong>\u00b2.<\/li>\n<li><strong>Imunitn\u00e1 ochrana:<\/strong> Zinok, vitam\u00edn C a me\u010f prispievaj\u00fa k norm\u00e1lnemu fungovaniu imunitn\u00e9ho syst\u00e9mu\u00b3 a pom\u00e1haj\u00fa telu zvl\u00e1da\u0165 z\u00e1\u0165a\u017e po\u010das letnej sez\u00f3ny.<\/li>\n<\/ul>\n<p>&nbsp;<\/p>\n<h3><span style=\"font-size: 16pt;\"><strong>Pr\u00e9miov\u00e1 kvalita, ktorej m\u00f4\u017eete d\u00f4verova\u0165<\/strong><\/span><\/h3>\n<p>V\u0161etky Lr aloe vera G\u00e9le na pitie s\u00fa vyroben\u00e9 v Nemecku a nez\u00e1visle testovan\u00e9. Aloe Vera N\u00e1poj Acai Pro je certifikovan\u00fd in\u0161tit\u00faciou <strong><a href=\"https:\/\/sgs-institut-fresenius.de\/\">SGS Institut Fresenius<\/a><\/strong> a International Aloe Science Council (IASC), \u010do potvrdzuje vysok\u00fa kvalitu aloe vera g\u00e9lu z listov, \u0161etrn\u00e9 spracovanie a udr\u017eate\u013en\u00e9 pestovanie v Mexiku.<\/p>\n<p>Recept\u00fara je bez alo\u00ednu a pou\u017e\u00edva v\u00fdhradne starostlivo spracovan\u00fd vn\u00fatorn\u00fd g\u00e9l z listov aloe vera.<\/p>\n<p>&nbsp;<\/p>\n<h3><span style=\"font-size: 16pt;\"><strong>Jednoduch\u00e9 pou\u017eitie, pr\u00edjemn\u00e1 chu\u0165<a href=\"https:\/\/www.lraloeverashop.eu\/wp-content\/uploads\/2026\/01\/acai-pro-200x300.jpg\"><img loading=\"lazy\" decoding=\"async\" class=\"alignright wp-image-29591\" src=\"https:\/\/www.lraloeverashop.eu\/wp-content\/uploads\/2026\/01\/acai-pro-200x300.jpg\" alt=\"Aloe Vera Drink Gel Acai Pro with magnesium, vitamin C and zinc\" width=\"300\" height=\"450\" srcset=\"https:\/\/www.lraloeverashop.eu\/wp-content\/uploads\/2026\/01\/acai-pro-200x300.jpg 200w, https:\/\/www.lraloeverashop.eu\/wp-content\/uploads\/2026\/01\/acai-pro-600x901.jpg 600w, https:\/\/www.lraloeverashop.eu\/wp-content\/uploads\/2026\/01\/acai-pro.jpg 682w\" sizes=\"auto, (max-width: 300px) 100vw, 300px\" \/><\/a><\/strong><\/span><\/h3>\n<p>Odpor\u00fa\u010dan\u00e1 d\u00e1vka je 30 ml trikr\u00e1t denne. Pred pou\u017eit\u00edm dobre pretrepte. Po otvoren\u00ed skladujte v chladni\u010dke a spotrebujte v kr\u00e1tkom \u010dase. \u013dahk\u00e1 ovocn\u00e1 chu\u0165 rob\u00ed tento aloe vera n\u00e1poj pr\u00edjemnou s\u00fa\u010das\u0165ou ka\u017edodennej rutiny \u2013 samostatne alebo zmie\u0161an\u00fd s vodou \u010di d\u017e\u00fasom.<\/p>\n<p>Ke\u010f\u017ee ide o pr\u00edrodn\u00fd produkt, farba aloe vera g\u00e9lu sa m\u00f4\u017ee \u010dasom meni\u0165. Je to \u00faplne norm\u00e1lne a nem\u00e1 to vplyv na kvalitu ani \u00fa\u010dinnos\u0165.<\/p>\n<p>Aloe Vera N\u00e1poj Acai Pro je ide\u00e1lny pre ka\u017ed\u00e9ho, kto h\u013ead\u00e1 vysokokvalitn\u00fd <strong><a href=\"https:\/\/www.lraloeverashop.eu\/sk\/produkt\/aloe-vera-gel-na-pitie-acai-pro\/\">Aloe Vera Gel<\/a><\/strong>, ktor\u00fd sp\u00e1ja podporu poko\u017eky, imunity a hydrat\u00e1cie v jednom praktickom doplnku v\u00fd\u017eivy.<\/p>\n<p>1. Vitam\u00edn C prispieva k norm\u00e1lnemu energetick\u00e9mu metabolizmu; zinok prispieva k norm\u00e1lnemu metabolizmu vitam\u00ednu A; hor\u010d\u00edk prispieva k elektrolytickej rovnov\u00e1he.<br \/>\n2. Me\u010f a zinok prispievaj\u00fa k ochrane buniek pred oxida\u010dn\u00fdm stresom; zinok prispieva k udr\u017eaniu norm\u00e1lnej poko\u017eky; me\u010f prispieva k norm\u00e1lnej pigment\u00e1cii poko\u017eky.<br \/>\n3. Zinok, <strong><a href=\"https:\/\/www.lraloeverashop.eu\/sk\/produkt\/vita-active-cervene-ovocie\/\">Vitam\u00edn C<\/a><\/strong> a me\u010f prispievaj\u00fa k norm\u00e1lnemu fungovaniu imunitn\u00e9ho syst\u00e9mu.<\/p>\n<p>&nbsp;<\/p>\n<h2><span style=\"font-size: 16pt;\"><strong>\u010casto kladen\u00e9 ot\u00e1zky<\/strong><\/span><\/h2>\n<h3><span style=\"font-size: 14pt;\"><strong>Na \u010do sl\u00fa\u017ei Aloe Vera N\u00e1poj Acai Pro?<\/strong><\/span><\/h3>\n<p>Aloe Vera N\u00e1poj Acai Pro je ur\u010den\u00fd na podporu organizmu \u2013 pom\u00e1ha udr\u017eiava\u0165 elektrolytick\u00fa rovnov\u00e1hu, podporuje norm\u00e1lnu poko\u017eku a prirodzen\u00fa pigment\u00e1ciu a prispieva k spr\u00e1vnemu fungovaniu imunitn\u00e9ho syst\u00e9mu.<\/p>\n<h3><span style=\"font-size: 14pt;\"><strong>Ako m\u00e1m u\u017e\u00edva\u0165 Aloe Vera N\u00e1poj Acai Pro?<\/strong><\/span><\/h3>\n<p>Odpor\u00fa\u010dan\u00e1 d\u00e1vka je 30 ml trikr\u00e1t denne. Pred pou\u017eit\u00edm pretrepte. Po otvoren\u00ed skladujte v chladni\u010dke a spotrebujte v kr\u00e1tkom \u010dase.<\/p>\n<h3><span style=\"font-size: 14pt;\"><strong>Je Aloe Vera N\u00e1poj Acai Pro vhodn\u00fd na ka\u017edodenn\u00e9 u\u017e\u00edvanie?<\/strong><\/span><\/h3>\n<p>\u00c1no, m\u00f4\u017ee sa u\u017e\u00edva\u0165 denne ako s\u00fa\u010das\u0165 vyv\u00e1\u017een\u00e9ho \u017eivotn\u00e9ho \u0161t\u00fdlu. Neodpor\u00fa\u010da sa v\u0161ak prekra\u010dova\u0165 odpor\u00fa\u010dan\u00fa denn\u00fa d\u00e1vku a nenahr\u00e1dza pestr\u00fa a vyv\u00e1\u017een\u00fa stravu.<\/p>\n<h3><span style=\"font-size: 14pt;\"><strong>Obsahuje tento aloe vera n\u00e1poj alo\u00edn?<\/strong><\/span><\/h3>\n<p>Nie. Lr Aloe vera n\u00e1poje s\u00fa vyroben\u00e9 z \u010dist\u00e9ho g\u00e9lu z listov aloe vera a s\u00fa bez alo\u00ednu, obsahuj\u00fa iba starostlivo spracovan\u00fd vn\u00fatorn\u00fd g\u00e9l.<\/p>\n<h3><span style=\"font-size: 14pt;\"><strong>Pre\u010do sa niekedy men\u00ed farba g\u00e9lu?<\/strong><\/span><\/h3>\n<p>Ide o pr\u00edrodn\u00fd produkt. Zmeny farby sa m\u00f4\u017eu \u010dasom vyskytn\u00fa\u0165 a nemaj\u00fa vplyv na kvalitu, bezpe\u010dnos\u0165 ani \u00fa\u010dinnos\u0165 aloe vera n\u00e1poja.<\/p>\n","protected":false},"excerpt":{"rendered":"<ul>\n<li>Aloe Vera N\u00e1poj Acai Pro s 85% aloe vera g\u00e9lu a bob\u00fa\u013e a\u00e7a\u00ed.<\/li>\n<li>Podporuje rovnov\u00e1hu elektrolytov, zdravie poko\u017eky a imunitn\u00e9 funkcie<\/li>\n<li>S vitam\u00ednom C, zinkom, hor\u010d\u00edkom a me\u010fou pre ka\u017edodenn\u00fa podporu zdravia.<\/li>\n<li>Vyroben\u00e9 v Nemecku a certifikovan\u00e9 pre kvalitu a \u010distotu.<\/li>\n<li>Mno\u017estvo: 3 x 1000 ml<\/li>\n<\/ul>\n","protected":false},"featured_media":14755,"comment_status":"open","ping_status":"closed","template":"","meta":{"_kad_blocks_custom_css":"","_kad_blocks_head_custom_js":"","_kad_blocks_body_custom_js":"","_kad_blocks_footer_custom_js":"","_kadence_starter_templates_imported_post":false,"_kad_post_transparent":"default","_kad_post_title":"","_kad_post_layout":"default","_kad_post_sidebar_id":"","_kad_post_content_style":"default","_kad_post_vertical_padding":"default","_kad_post_feature":"","_kad_post_feature_position":"","_kad_post_header":false,"_kad_post_footer":false,"_kad_post_classname":""},"product_brand":[],"product_cat":[295,438,420,468,402],"product_tag":[622],"class_list":{"0":"post-29671","1":"product","2":"type-product","3":"status-publish","4":"has-post-thumbnail","6":"product_cat-gely-na-pitie","7":"product_cat-creva-a-travenie","8":"product_cat-kosti-klby-a-svaly","9":"product_cat-specialista","10":"product_cat-zaklad","11":"product_tag-detoxikacne-napoje","13":"first","14":"instock","15":"taxable","16":"shipping-taxable","17":"purchasable","18":"product-type-simple","19":"entry","20":"content-bg","21":"loop-entry"},"yoast_head":"<!-- This site is optimized with the Yoast SEO Premium plugin v27.4 (Yoast SEO v27.4) - https:\/\/yoast.com\/product\/yoast-seo-premium-wordpress\/ -->\n<title>Aloe Vera N\u00e1poj Acai Pro \u2013 Podpora poko\u017eky a imunity<\/title>\n<meta name=\"description\" content=\"Aloe Vera N\u00e1poj Acai Pro s 85 % aloe a a\u00e7a\u00ed. Podporuje elektrolyty, poko\u017eku aj imunitu. Pr\u00e9miov\u00e1 kvalita z Nemecka, bez alo\u00ednu.\" \/>\n<meta name=\"robots\" content=\"index, follow, max-snippet:-1, max-image-preview:large, max-video-preview:-1\" \/>\n<link rel=\"canonical\" href=\"https:\/\/www.lraloeverashop.eu\/sk\/produkt\/aloe-vera-napoj-acai-pro\/\" \/>\n<meta property=\"og:locale\" content=\"sk_SK\" \/>\n<meta property=\"og:type\" content=\"article\" \/>\n<meta property=\"og:title\" content=\"Aloe Vera N\u00e1poj Acai Pro\" \/>\n<meta property=\"og:description\" content=\"Aloe Vera N\u00e1poj Acai Pro s 85 % aloe a a\u00e7a\u00ed. Podporuje elektrolyty, poko\u017eku aj imunitu. Pr\u00e9miov\u00e1 kvalita z Nemecka, bez alo\u00ednu.\" \/>\n<meta property=\"og:url\" content=\"https:\/\/www.lraloeverashop.eu\/sk\/produkt\/aloe-vera-napoj-acai-pro\/\" \/>\n<meta property=\"og:site_name\" content=\"Lr Obchod Aloe Vera\" \/>\n<meta property=\"article:publisher\" content=\"https:\/\/www.facebook.com\/lraloeverashop.eu\" \/>\n<meta property=\"og:image\" content=\"https:\/\/www.lraloeverashop.eu\/wp-content\/uploads\/2024\/04\/Aloe-Vera-Drink-Acai-3-Pieces-Set.jpeg\" \/>\n\t<meta property=\"og:image:width\" content=\"1200\" \/>\n\t<meta property=\"og:image:height\" content=\"1200\" \/>\n\t<meta property=\"og:image:type\" content=\"image\/jpeg\" \/>\n<meta name=\"twitter:card\" content=\"summary_large_image\" \/>\n<meta name=\"twitter:site\" content=\"@natur__kosmetik\" \/>\n<script type=\"application\/ld+json\" class=\"yoast-schema-graph\">{\"@context\":\"https:\\\/\\\/schema.org\",\"@graph\":[{\"@type\":[\"WebPage\",\"ItemPage\"],\"@id\":\"https:\\\/\\\/www.lraloeverashop.eu\\\/sk\\\/produkt\\\/aloe-vera-napoj-acai-pro\\\/\",\"url\":\"https:\\\/\\\/www.lraloeverashop.eu\\\/sk\\\/produkt\\\/aloe-vera-napoj-acai-pro\\\/\",\"name\":\"Aloe Vera N\u00e1poj Acai Pro \u2013 Podpora poko\u017eky a imunity\",\"isPartOf\":{\"@id\":\"https:\\\/\\\/www.lraloeverashop.eu\\\/sk\\\/#website\"},\"primaryImageOfPage\":{\"@id\":\"https:\\\/\\\/www.lraloeverashop.eu\\\/sk\\\/produkt\\\/aloe-vera-napoj-acai-pro\\\/#primaryimage\"},\"image\":{\"@id\":\"https:\\\/\\\/www.lraloeverashop.eu\\\/sk\\\/produkt\\\/aloe-vera-napoj-acai-pro\\\/#primaryimage\"},\"thumbnailUrl\":\"https:\\\/\\\/www.lraloeverashop.eu\\\/wp-content\\\/uploads\\\/2024\\\/04\\\/Aloe-Vera-Drink-Acai-3-Pieces-Set.jpeg\",\"datePublished\":\"2026-01-06T09:15:35+00:00\",\"description\":\"Aloe Vera N\u00e1poj Acai Pro s 85 % aloe a a\u00e7a\u00ed. Podporuje elektrolyty, poko\u017eku aj imunitu. Pr\u00e9miov\u00e1 kvalita z Nemecka, bez alo\u00ednu.\",\"breadcrumb\":{\"@id\":\"https:\\\/\\\/www.lraloeverashop.eu\\\/sk\\\/produkt\\\/aloe-vera-napoj-acai-pro\\\/#breadcrumb\"},\"inLanguage\":\"sk-SK\",\"potentialAction\":[{\"@type\":\"ReadAction\",\"target\":[\"https:\\\/\\\/www.lraloeverashop.eu\\\/sk\\\/produkt\\\/aloe-vera-napoj-acai-pro\\\/\"]}]},{\"@type\":\"ImageObject\",\"inLanguage\":\"sk-SK\",\"@id\":\"https:\\\/\\\/www.lraloeverashop.eu\\\/sk\\\/produkt\\\/aloe-vera-napoj-acai-pro\\\/#primaryimage\",\"url\":\"https:\\\/\\\/www.lraloeverashop.eu\\\/wp-content\\\/uploads\\\/2024\\\/04\\\/Aloe-Vera-Drink-Acai-3-Pieces-Set.jpeg\",\"contentUrl\":\"https:\\\/\\\/www.lraloeverashop.eu\\\/wp-content\\\/uploads\\\/2024\\\/04\\\/Aloe-Vera-Drink-Acai-3-Pieces-Set.jpeg\",\"width\":1200,\"height\":1200,\"caption\":\"Aloe Vera N\u00e1poj Acai Pro s trojitou ochranou pre va\u0161e leto\"},{\"@type\":\"BreadcrumbList\",\"@id\":\"https:\\\/\\\/www.lraloeverashop.eu\\\/sk\\\/produkt\\\/aloe-vera-napoj-acai-pro\\\/#breadcrumb\",\"itemListElement\":[{\"@type\":\"ListItem\",\"position\":1,\"name\":\"Home\",\"item\":\"https:\\\/\\\/www.lraloeverashop.eu\\\/sk\\\/\"},{\"@type\":\"ListItem\",\"position\":2,\"name\":\"Obchod\",\"item\":\"https:\\\/\\\/www.lraloeverashop.eu\\\/shop\\\/\"},{\"@type\":\"ListItem\",\"position\":3,\"name\":\"Aloe Vera N\u00e1poj Acai Pro\"}]},{\"@type\":\"WebSite\",\"@id\":\"https:\\\/\\\/www.lraloeverashop.eu\\\/sk\\\/#website\",\"url\":\"https:\\\/\\\/www.lraloeverashop.eu\\\/sk\\\/\",\"name\":\"Lr Obchod Aloe Vera\",\"description\":\"High Quality Lr Aloe Vera Gel, Aloe Vera Cream and Shampoo\",\"publisher\":{\"@id\":\"https:\\\/\\\/www.lraloeverashop.eu\\\/sk\\\/#organization\"},\"potentialAction\":[{\"@type\":\"SearchAction\",\"target\":{\"@type\":\"EntryPoint\",\"urlTemplate\":\"https:\\\/\\\/www.lraloeverashop.eu\\\/sk\\\/?s={search_term_string}\"},\"query-input\":{\"@type\":\"PropertyValueSpecification\",\"valueRequired\":true,\"valueName\":\"search_term_string\"}}],\"inLanguage\":\"sk-SK\"},{\"@type\":\"Organization\",\"@id\":\"https:\\\/\\\/www.lraloeverashop.eu\\\/sk\\\/#organization\",\"name\":\"Lr Obchod Aloe Vera\",\"alternateName\":\"LR\",\"url\":\"https:\\\/\\\/www.lraloeverashop.eu\\\/sk\\\/\",\"logo\":{\"@type\":\"ImageObject\",\"inLanguage\":\"sk-SK\",\"@id\":\"https:\\\/\\\/www.lraloeverashop.eu\\\/sk\\\/#\\\/schema\\\/logo\\\/image\\\/\",\"url\":\"https:\\\/\\\/www.lraloeverashop.eu\\\/wp-content\\\/uploads\\\/2022\\\/09\\\/cropped-Lr-Aloe-Vera-Shop.jpg\",\"contentUrl\":\"https:\\\/\\\/www.lraloeverashop.eu\\\/wp-content\\\/uploads\\\/2022\\\/09\\\/cropped-Lr-Aloe-Vera-Shop.jpg\",\"width\":228,\"height\":76,\"caption\":\"Lr Obchod Aloe Vera\"},\"image\":{\"@id\":\"https:\\\/\\\/www.lraloeverashop.eu\\\/sk\\\/#\\\/schema\\\/logo\\\/image\\\/\"},\"sameAs\":[\"https:\\\/\\\/www.facebook.com\\\/lraloeverashop.eu\",\"https:\\\/\\\/x.com\\\/natur__kosmetik\",\"https:\\\/\\\/www.youtube.com\\\/channel\\\/UC5oN7BJ8nfYb8RpVtjwDEBA\",\"https:\\\/\\\/www.instagram.com\\\/lrbeautyeu\\\/\"],\"description\":\"Obchod Lr Aloe Vera je va\u0161\u00edm d\u00f4veryhodn\u00fdm miestom pre pr\u00e9miov\u00e9 produkty LR Health & Beauty vyroben\u00e9 v Nemecku. Pon\u00fakame vysokokvalitn\u00e9 rie\u0161enia starostlivosti o ple\u0165 s Aloe Vera, v\u00fd\u017eivu a proti starnutiu, vyroben\u00e9 z \u010dist\u00fdch ingredienci\u00ed a podlo\u017een\u00e9 vedeck\u00fdm v\u00fdskumom. Objavte pr\u00edrodn\u00fa starostlivos\u0165, ktor\u00e1 regeneruje, chr\u00e1ni a revitalizuje va\u0161u ple\u0165 \u2013 a vyu\u017eite exkluz\u00edvne mesa\u010dn\u00e9 ponuky na na\u0161e najpred\u00e1vanej\u0161ie produkty LR Aloe Vera.\\nZa\u010dnite svoju cestu za pr\u00edrodnou starostlivos\u0165ou o ple\u0165 e\u0161te dnes a poc\u00ed\u0165te rozdiel.\",\"email\":\"info@lraloeverashop.eu\",\"telephone\":\"+49 17670609653\",\"legalName\":\"Lr Aloe Vera Shop\",\"foundingDate\":\"2018-04-21\",\"numberOfEmployees\":{\"@type\":\"QuantitativeValue\",\"minValue\":\"1\",\"maxValue\":\"10\"}}]}<\/script>\n<meta property=\"product:price:amount\" content=\"125.79\" \/>\n<meta property=\"product:price:currency\" content=\"EUR\" \/>\n<meta property=\"og:availability\" content=\"instock\" \/>\n<meta property=\"product:availability\" content=\"instock\" \/>\n<meta property=\"product:retailer_item_id\" content=\"81103-1SK\" \/>\n<meta property=\"product:condition\" content=\"new\" \/>\n<!-- \/ Yoast SEO Premium plugin. -->","yoast_head_json":{"title":"Aloe Vera N\u00e1poj Acai Pro \u2013 Podpora poko\u017eky a imunity","description":"Aloe Vera N\u00e1poj Acai Pro s 85 % aloe a a\u00e7a\u00ed. Podporuje elektrolyty, poko\u017eku aj imunitu. Pr\u00e9miov\u00e1 kvalita z Nemecka, bez alo\u00ednu.","robots":{"index":"index","follow":"follow","max-snippet":"max-snippet:-1","max-image-preview":"max-image-preview:large","max-video-preview":"max-video-preview:-1"},"canonical":"https:\/\/www.lraloeverashop.eu\/sk\/produkt\/aloe-vera-napoj-acai-pro\/","og_locale":"sk_SK","og_type":"article","og_title":"Aloe Vera N\u00e1poj Acai Pro","og_description":"Aloe Vera N\u00e1poj Acai Pro s 85 % aloe a a\u00e7a\u00ed. Podporuje elektrolyty, poko\u017eku aj imunitu. Pr\u00e9miov\u00e1 kvalita z Nemecka, bez alo\u00ednu.","og_url":"https:\/\/www.lraloeverashop.eu\/sk\/produkt\/aloe-vera-napoj-acai-pro\/","og_site_name":"Lr Obchod Aloe Vera","article_publisher":"https:\/\/www.facebook.com\/lraloeverashop.eu","og_image":[{"width":1200,"height":1200,"url":"https:\/\/www.lraloeverashop.eu\/wp-content\/uploads\/2024\/04\/Aloe-Vera-Drink-Acai-3-Pieces-Set.jpeg","type":"image\/jpeg"}],"twitter_card":"summary_large_image","twitter_site":"@natur__kosmetik","schema":{"@context":"https:\/\/schema.org","@graph":[{"@type":["WebPage","ItemPage"],"@id":"https:\/\/www.lraloeverashop.eu\/sk\/produkt\/aloe-vera-napoj-acai-pro\/","url":"https:\/\/www.lraloeverashop.eu\/sk\/produkt\/aloe-vera-napoj-acai-pro\/","name":"Aloe Vera N\u00e1poj Acai Pro \u2013 Podpora poko\u017eky a imunity","isPartOf":{"@id":"https:\/\/www.lraloeverashop.eu\/sk\/#website"},"primaryImageOfPage":{"@id":"https:\/\/www.lraloeverashop.eu\/sk\/produkt\/aloe-vera-napoj-acai-pro\/#primaryimage"},"image":{"@id":"https:\/\/www.lraloeverashop.eu\/sk\/produkt\/aloe-vera-napoj-acai-pro\/#primaryimage"},"thumbnailUrl":"https:\/\/www.lraloeverashop.eu\/wp-content\/uploads\/2024\/04\/Aloe-Vera-Drink-Acai-3-Pieces-Set.jpeg","datePublished":"2026-01-06T09:15:35+00:00","description":"Aloe Vera N\u00e1poj Acai Pro s 85 % aloe a a\u00e7a\u00ed. Podporuje elektrolyty, poko\u017eku aj imunitu. Pr\u00e9miov\u00e1 kvalita z Nemecka, bez alo\u00ednu.","breadcrumb":{"@id":"https:\/\/www.lraloeverashop.eu\/sk\/produkt\/aloe-vera-napoj-acai-pro\/#breadcrumb"},"inLanguage":"sk-SK","potentialAction":[{"@type":"ReadAction","target":["https:\/\/www.lraloeverashop.eu\/sk\/produkt\/aloe-vera-napoj-acai-pro\/"]}]},{"@type":"ImageObject","inLanguage":"sk-SK","@id":"https:\/\/www.lraloeverashop.eu\/sk\/produkt\/aloe-vera-napoj-acai-pro\/#primaryimage","url":"https:\/\/www.lraloeverashop.eu\/wp-content\/uploads\/2024\/04\/Aloe-Vera-Drink-Acai-3-Pieces-Set.jpeg","contentUrl":"https:\/\/www.lraloeverashop.eu\/wp-content\/uploads\/2024\/04\/Aloe-Vera-Drink-Acai-3-Pieces-Set.jpeg","width":1200,"height":1200,"caption":"Aloe Vera N\u00e1poj Acai Pro s trojitou ochranou pre va\u0161e leto"},{"@type":"BreadcrumbList","@id":"https:\/\/www.lraloeverashop.eu\/sk\/produkt\/aloe-vera-napoj-acai-pro\/#breadcrumb","itemListElement":[{"@type":"ListItem","position":1,"name":"Home","item":"https:\/\/www.lraloeverashop.eu\/sk\/"},{"@type":"ListItem","position":2,"name":"Obchod","item":"https:\/\/www.lraloeverashop.eu\/shop\/"},{"@type":"ListItem","position":3,"name":"Aloe Vera N\u00e1poj Acai Pro"}]},{"@type":"WebSite","@id":"https:\/\/www.lraloeverashop.eu\/sk\/#website","url":"https:\/\/www.lraloeverashop.eu\/sk\/","name":"Lr Obchod Aloe Vera","description":"High Quality Lr Aloe Vera Gel, Aloe Vera Cream and Shampoo","publisher":{"@id":"https:\/\/www.lraloeverashop.eu\/sk\/#organization"},"potentialAction":[{"@type":"SearchAction","target":{"@type":"EntryPoint","urlTemplate":"https:\/\/www.lraloeverashop.eu\/sk\/?s={search_term_string}"},"query-input":{"@type":"PropertyValueSpecification","valueRequired":true,"valueName":"search_term_string"}}],"inLanguage":"sk-SK"},{"@type":"Organization","@id":"https:\/\/www.lraloeverashop.eu\/sk\/#organization","name":"Lr Obchod Aloe Vera","alternateName":"LR","url":"https:\/\/www.lraloeverashop.eu\/sk\/","logo":{"@type":"ImageObject","inLanguage":"sk-SK","@id":"https:\/\/www.lraloeverashop.eu\/sk\/#\/schema\/logo\/image\/","url":"https:\/\/www.lraloeverashop.eu\/wp-content\/uploads\/2022\/09\/cropped-Lr-Aloe-Vera-Shop.jpg","contentUrl":"https:\/\/www.lraloeverashop.eu\/wp-content\/uploads\/2022\/09\/cropped-Lr-Aloe-Vera-Shop.jpg","width":228,"height":76,"caption":"Lr Obchod Aloe Vera"},"image":{"@id":"https:\/\/www.lraloeverashop.eu\/sk\/#\/schema\/logo\/image\/"},"sameAs":["https:\/\/www.facebook.com\/lraloeverashop.eu","https:\/\/x.com\/natur__kosmetik","https:\/\/www.youtube.com\/channel\/UC5oN7BJ8nfYb8RpVtjwDEBA","https:\/\/www.instagram.com\/lrbeautyeu\/"],"description":"Obchod Lr Aloe Vera je va\u0161\u00edm d\u00f4veryhodn\u00fdm miestom pre pr\u00e9miov\u00e9 produkty LR Health & Beauty vyroben\u00e9 v Nemecku. Pon\u00fakame vysokokvalitn\u00e9 rie\u0161enia starostlivosti o ple\u0165 s Aloe Vera, v\u00fd\u017eivu a proti starnutiu, vyroben\u00e9 z \u010dist\u00fdch ingredienci\u00ed a podlo\u017een\u00e9 vedeck\u00fdm v\u00fdskumom. Objavte pr\u00edrodn\u00fa starostlivos\u0165, ktor\u00e1 regeneruje, chr\u00e1ni a revitalizuje va\u0161u ple\u0165 \u2013 a vyu\u017eite exkluz\u00edvne mesa\u010dn\u00e9 ponuky na na\u0161e najpred\u00e1vanej\u0161ie produkty LR Aloe Vera.\nZa\u010dnite svoju cestu za pr\u00edrodnou starostlivos\u0165ou o ple\u0165 e\u0161te dnes a poc\u00ed\u0165te rozdiel.","email":"info@lraloeverashop.eu","telephone":"+49 17670609653","legalName":"Lr Aloe Vera Shop","foundingDate":"2018-04-21","numberOfEmployees":{"@type":"QuantitativeValue","minValue":"1","maxValue":"10"}}]},"product_price_amount":"125.79","product_price_currency":"EUR","og_availability":"instock","product_availability":"instock","product_retailer_item_id":"81103-1SK","product_condition":"new"},"taxonomy_info":{"product_cat":[{"value":295,"label":"Aloe Vera G\u00e9ly na pitie"},{"value":438,"label":"\u010crev\u00e1 a Tr\u00e1venie"},{"value":420,"label":"Kosti, k\u013aby a Svaly"},{"value":468,"label":"\u0160pecialisti"},{"value":402,"label":"Z\u00e1klad"}],"product_tag":[{"value":622,"label":"Detoxika\u010dn\u00e9 n\u00e1poje"}]},"featured_image_src_large":["https:\/\/www.lraloeverashop.eu\/wp-content\/uploads\/2024\/04\/Aloe-Vera-Drink-Acai-3-Pieces-Set-1024x1024.jpeg",1024,1024,true],"author_info":[],"comment_info":0,"_links":{"self":[{"href":"https:\/\/www.lraloeverashop.eu\/sk\/wp-json\/wp\/v2\/product\/29671","targetHints":{"allow":["GET"]}}],"collection":[{"href":"https:\/\/www.lraloeverashop.eu\/sk\/wp-json\/wp\/v2\/product"}],"about":[{"href":"https:\/\/www.lraloeverashop.eu\/sk\/wp-json\/wp\/v2\/types\/product"}],"replies":[{"embeddable":true,"href":"https:\/\/www.lraloeverashop.eu\/sk\/wp-json\/wp\/v2\/comments?post=29671"}],"wp:featuredmedia":[{"embeddable":true,"href":"https:\/\/www.lraloeverashop.eu\/sk\/wp-json\/wp\/v2\/media\/14755"}],"wp:attachment":[{"href":"https:\/\/www.lraloeverashop.eu\/sk\/wp-json\/wp\/v2\/media?parent=29671"}],"wp:term":[{"taxonomy":"product_brand","embeddable":true,"href":"https:\/\/www.lraloeverashop.eu\/sk\/wp-json\/wp\/v2\/product_brand?post=29671"},{"taxonomy":"product_cat","embeddable":true,"href":"https:\/\/www.lraloeverashop.eu\/sk\/wp-json\/wp\/v2\/product_cat?post=29671"},{"taxonomy":"product_tag","embeddable":true,"href":"https:\/\/www.lraloeverashop.eu\/sk\/wp-json\/wp\/v2\/product_tag?post=29671"}],"curies":[{"name":"wp","href":"https:\/\/api.w.org\/{rel}","templated":true}]}}