{"id":28458,"date":"2025-05-25T12:08:47","date_gmt":"2025-05-25T10:08:47","guid":{"rendered":"https:\/\/www.lraloeverashop.eu\/product\/kremy-na-opalovanie\/"},"modified":"2025-12-15T08:25:57","modified_gmt":"2025-12-15T07:25:57","slug":"kremy-na-opalovanie","status":"publish","type":"product","link":"https:\/\/www.lraloeverashop.eu\/sk\/produkt\/kremy-na-opalovanie\/","title":{"rendered":"Kremy na Opalovanie Lr Aloe Vera"},"content":{"rendered":"<h2><span style=\"font-size: 16pt\"><strong>Kremy na Opalovanie Lr Aloe Vera<\/strong><\/span><\/h2>\n<p><span style=\"font-size: 14pt\"><strong>Kremy na Opalovanie Lr Aloe Vera &#8211; Kompletn\u00e1 pr\u00edrodn\u00e1 ochrana pred slnkom pre cel\u00fa rodinu<\/strong><\/span><\/p>\n<p>Pripravte sa na dokonal\u00fa starostlivos\u0165 o poko\u017eku po\u010das opa\u013eovania. Pou\u017e\u00edvajte Kremy na Opalovanie Lr Aloe Vera \u2013 Je to va\u0161a kompletn\u00e1 sada starostlivosti, navrhnut\u00e1 na ochranu, hydrat\u00e1ciu a obnovu poko\u017eky celej rodiny. \u010ci u\u017e sa chyst\u00e1te na pl\u00e1\u017e, turistiku na slnku alebo si jednoducho u\u017e\u00edvate pobyt vonku, t\u00e1to SPF sada obsahuje v\u0161etko, \u010do potrebujete na prirodzen\u00fa ochranu pred slnkom.<\/p>\n<h3><strong><span style=\"font-size: 16pt\">Ak\u00e9 Kremy na Opalovanie z Aloe Vera obsahuje t\u00e1to sada?<\/span><\/strong><\/h3>\n<p><a href=\"https:\/\/www.lraloeverashop.eu\/sk\/produkt\/aloe-vera-krem-po-opalovani\/\"><strong>Aloe Vera Krem po Opalovani (200 ml)<\/strong><\/a> obohaten\u00fd o 70 % aloe vera a bio v\u00fd\u0165a\u017eok z anan\u00e1su, tento g\u00e9l po opa\u013eovan\u00ed upokojuje slnkom podr\u00e1\u017eden\u00fa poko\u017eku a dod\u00e1va jej intenz\u00edvnu hydrat\u00e1ciu v\u010faka inovat\u00edvnej technol\u00f3gii vodn\u00fdch kvapiek. Zmier\u0148uje za\u010dervenanie, podr\u00e1\u017edenie a suchos\u0165 a podporuje r\u00fdchlu regener\u00e1ciu poko\u017eky.<\/p>\n<p><a href=\"https:\/\/www.lraloeverashop.eu\/sk\/produkt\/mlieko-na-opalovanie-spf-50\/\"><strong>Aloe Vera Mlieko na Opalovanie SPF 50 (75 ml)<\/strong><\/a> ur\u010den\u00e9 pre citliv\u00fa poko\u017eku, toto vysoko ochrann\u00e9 SPF mlieko so \u0161irok\u00fdm spektrom \u00fa\u010dinku obsahuje 40 % aloe vera a r\u00fdchlo sa vstreb\u00e1va so such\u00fdm dotykom. Bez parfum\u00e1cie, nemastn\u00e9 a ide\u00e1lne pre dospel\u00fdch s jemnou alebo svetlou poko\u017ekou.<\/p>\n<p><a href=\"https:\/\/www.lraloeverashop.eu\/sk\/produkt\/opalovaci-sprej-pre-deti-spf-50\/\"><strong>Aloe Vera opa\u013eovac\u00ed sprej pre deti SPF 50 (150 ml)<\/strong><\/a> je jemn\u00fd, vodeodoln\u00fd sprej pre deti \u2013 ide\u00e1lny pre mal\u00fdch dobrodruhov. D\u00e1 sa nanies\u0165 na mokr\u00fa aj such\u00fa poko\u017eku a je obohaten\u00fd o aloe vera a v\u00fd\u0165a\u017eok z anan\u00e1su na upokojenie a ochranu citlivej detskej poko\u017eky.<\/p>\n<p><a href=\"https:\/\/www.lraloeverashop.eu\/sk\/produkt\/aloe-vera-mlieko-na-opalovanie-spf-30\/\"><strong>Aloe Vera opa\u013eovacie mlieko SPF 30 (100 ml)<\/strong><\/a> je vhodn\u00e9 na ka\u017edodenn\u00e9 pou\u017eitie, toto SPF 30 mlieko vyhovuje v\u00e4\u010d\u0161ine typov poko\u017eky a poskytuje stredn\u00fa ochranu pred UV \u017eiaren\u00edm, z\u00e1rove\u0148 hydratuje a vy\u017eivuje poko\u017eku. Jeho jemn\u00e1 text\u00fara nezanech\u00e1va biele stopy a je ide\u00e1lna na ka\u017edodenn\u00e9 pou\u017eitie.<\/p>\n<p><a href=\"https:\/\/www.lraloeverashop.eu\/sk\/produkt\/aloe-vera-opalovaci-krem-proti-starnutiu-spf-50\/\"><strong>Krem na Opalovanie Aloe Vera anti-aging SPF 50 (50 ml)<\/strong><\/a> &#8211; Tento protivr\u00e1skov\u00fd opa\u013eovac\u00ed kr\u00e9m pon\u00faka vysok\u00fa ochranu SPF a z\u00e1rove\u0148 podporuje tvorbu kolag\u00e9nu a pevnos\u0165 poko\u017eky pomocou unik\u00e1tneho peptidov\u00e9ho komplexu. Ide\u00e1lny pre zrel\u00fa ple\u0165 alebo pre t\u00fdch, ktor\u00ed sa ob\u00e1vaj\u00fa pred\u010dasn\u00e9ho starnutia sp\u00f4soben\u00e9ho slnkom.<\/p>\n<h3><strong><span style=\"font-size: 16pt\">Pre\u010do si vybra\u0165 t\u00fato sadu opa\u013eovac\u00edch kr\u00e9mov?<\/span><\/strong><\/h3>\n<ul>\n<li>Najlep\u0161ie Kremy na Opalovanie pre citliv\u00fa poko\u017eku s obsahom a\u017e 70 % aloe vera<\/li>\n<li>Starostlivos\u0165 bez krutosti \u2013 bez syntetick\u00fdch v\u00f4n\u00ed, parab\u00e9nov a miner\u00e1lnych olejov<\/li>\n<li>Podporuje hydrat\u00e1ciu a regener\u00e1ciu poko\u017eky pomocou rastlinn\u00fdch zlo\u017eiek<\/li>\n<li>Jednoduch\u00e1 aplik\u00e1cia v\u010faka r\u00fdchlo vstrebate\u013en\u00fdm, nemastn\u00fdm formul\u00e1m<\/li>\n<li>Veg\u00e1nska starostlivos\u0165 o poko\u017eku, ekologick\u00e1 a bezpe\u010dn\u00e1 pre cel\u00fa rodinu<\/li>\n<\/ul>\n<h3><strong><span style=\"font-size: 16pt\">Ako pou\u017e\u00edva\u0165 sadu opa\u013eovac\u00edch kr\u00e9mov Aloe Vera<\/span><\/strong><\/h3>\n<p><strong>Pred opa\u013eovan\u00edm:<\/strong> Aplikujte Kremy Na Opalovanie Lr Aloe Vera SPF 30 alebo SPF 50 ve\u013ekoryso 30 min\u00fat pred pobytom na slnku. Opakujte aplik\u00e1ciu ka\u017ed\u00e9 2 hodiny alebo po k\u00fapan\u00ed.<\/p>\n<p><strong>Po opa\u013eovan\u00ed:<\/strong> Aplikujte g\u00e9lov\u00fd kr\u00e9m po opa\u013eovan\u00ed na \u010dist\u00fa a such\u00fa poko\u017eku, aby ste zmiernili prehriatie a obnovili hydrat\u00e1ciu.<\/p>\n<h3><strong><span style=\"font-size: 16pt\">\u017diarte prirodzene, zosta\u0148te chr\u00e1nen\u00ed<\/span><\/strong><\/h3>\n<p>\u010ci u\u017e ste na letnej dovolenke alebo na prech\u00e1dzke v parku, Kremy na Opalovanie Lr Aloe Vera poskytuju ochranu pred slnkom, ktorej m\u00f4\u017eete d\u00f4verova\u0165. Chr\u00e1\u0148te, vy\u017eivujte a regenerujte svoju poko\u017eku \u2013 a pritom si osvojte udr\u017eate\u013enej\u0161\u00ed pr\u00edstup k starostlivosti o ple\u0165.<\/p>\n","protected":false},"excerpt":{"rendered":"<p class=\"ai-optimize-22\"><strong>Obsah sady:<\/strong><\/p>\n<ul>\n<li class=\"ai-optimize-23\">Aloe Vera Krem po Opalovani (200 ml)<\/li>\n<li class=\"ai-optimize-24\">Aloe Vera Mlieko na Opalovanie SPF 50 (75 ml)<\/li>\n<li class=\"ai-optimize-25\">Mlieko na Opalovanie Aloe Vera SPF 30 (100 ml)<\/li>\n<li class=\"ai-optimize-26\">Krem na Opalovanie Aloe Vera Anti Aging SPF 50 (50 ml)<\/li>\n<li class=\"ai-optimize-27\">Aloe Vera Sprej na Opalovanie Pre Deti SPF 50 (150 ml)<\/li>\n<\/ul>\n","protected":false},"featured_media":28418,"comment_status":"open","ping_status":"closed","template":"","meta":{"_kad_blocks_custom_css":"","_kad_blocks_head_custom_js":"","_kad_blocks_body_custom_js":"","_kad_blocks_footer_custom_js":"","_kadence_starter_templates_imported_post":false,"_kad_post_transparent":"default","_kad_post_title":"","_kad_post_layout":"default","_kad_post_sidebar_id":"","_kad_post_content_style":"default","_kad_post_vertical_padding":"default","_kad_post_feature":"","_kad_post_feature_position":"","_kad_post_header":false,"_kad_post_footer":false,"_kad_post_classname":""},"product_brand":[],"product_cat":[216,1010,231,355],"product_tag":[1017],"class_list":{"0":"post-28458","1":"product","2":"type-product","3":"status-publish","4":"has-post-thumbnail","6":"product_cat-aloe-vera-sk","7":"product_cat-ochrana-pred-slnkom","8":"product_cat-starostlivost-o-telo","9":"product_cat-zlavy","10":"product_tag-opalovaci-krem","12":"first","13":"instock","14":"sale","15":"taxable","16":"shipping-taxable","17":"purchasable","18":"product-type-simple","19":"entry","20":"content-bg","21":"loop-entry"},"yoast_head":"<!-- This site is optimized with the Yoast SEO Premium plugin v27.4 (Yoast SEO v27.4) - https:\/\/yoast.com\/product\/yoast-seo-premium-wordpress\/ -->\n<title>Kremy na Opalovanie Lr Aloe Vera - SPF set pre cel\u00fa rodinu<\/title>\n<meta name=\"description\" content=\"Vysku\u0161ajte Kremy na Opalovanie Lr Aloe Vera \u2013 v\u00e1\u0161 kompletn\u00fd SPF set s ochranou na b\u00e1ze aloe vera pre citliv\u00fa ple\u0165, deti a potreby proti starnutiu.\" \/>\n<meta name=\"robots\" content=\"index, follow, max-snippet:-1, max-image-preview:large, max-video-preview:-1\" \/>\n<link rel=\"canonical\" href=\"https:\/\/www.lraloeverashop.eu\/sk\/produkt\/kremy-na-opalovanie\/\" \/>\n<meta property=\"og:locale\" content=\"sk_SK\" \/>\n<meta property=\"og:type\" content=\"article\" \/>\n<meta property=\"og:title\" content=\"Kremy na Opalovanie Lr Aloe Vera\" \/>\n<meta property=\"og:description\" content=\"Vysku\u0161ajte Kremy na Opalovanie Lr Aloe Vera \u2013 v\u00e1\u0161 kompletn\u00fd SPF set s ochranou na b\u00e1ze aloe vera pre citliv\u00fa ple\u0165, deti a potreby proti starnutiu.\" \/>\n<meta property=\"og:url\" content=\"https:\/\/www.lraloeverashop.eu\/sk\/produkt\/kremy-na-opalovanie\/\" \/>\n<meta property=\"og:site_name\" content=\"Lr Obchod Aloe Vera\" \/>\n<meta property=\"article:publisher\" content=\"https:\/\/www.facebook.com\/lraloeverashop.eu\" \/>\n<meta property=\"article:modified_time\" content=\"2025-12-15T07:25:57+00:00\" \/>\n<meta property=\"og:image\" content=\"https:\/\/www.lraloeverashop.eu\/wp-content\/uploads\/2025\/05\/Aloe-Vera-Sunbathing-Set.jpg\" \/>\n\t<meta property=\"og:image:width\" content=\"1200\" \/>\n\t<meta property=\"og:image:height\" content=\"1200\" \/>\n\t<meta property=\"og:image:type\" content=\"image\/jpeg\" \/>\n<meta name=\"twitter:card\" content=\"summary_large_image\" \/>\n<meta name=\"twitter:site\" content=\"@natur__kosmetik\" \/>\n<script type=\"application\/ld+json\" class=\"yoast-schema-graph\">{\"@context\":\"https:\\\/\\\/schema.org\",\"@graph\":[{\"@type\":[\"WebPage\",\"ItemPage\"],\"@id\":\"https:\\\/\\\/www.lraloeverashop.eu\\\/sk\\\/produkt\\\/kremy-na-opalovanie\\\/\",\"url\":\"https:\\\/\\\/www.lraloeverashop.eu\\\/sk\\\/produkt\\\/kremy-na-opalovanie\\\/\",\"name\":\"Kremy na Opalovanie Lr Aloe Vera - SPF set pre cel\u00fa rodinu\",\"isPartOf\":{\"@id\":\"https:\\\/\\\/www.lraloeverashop.eu\\\/sk\\\/#website\"},\"primaryImageOfPage\":{\"@id\":\"https:\\\/\\\/www.lraloeverashop.eu\\\/sk\\\/produkt\\\/kremy-na-opalovanie\\\/#primaryimage\"},\"image\":{\"@id\":\"https:\\\/\\\/www.lraloeverashop.eu\\\/sk\\\/produkt\\\/kremy-na-opalovanie\\\/#primaryimage\"},\"thumbnailUrl\":\"https:\\\/\\\/www.lraloeverashop.eu\\\/wp-content\\\/uploads\\\/2025\\\/05\\\/Aloe-Vera-Sunbathing-Set.jpg\",\"datePublished\":\"2025-05-25T10:08:47+00:00\",\"dateModified\":\"2025-12-15T07:25:57+00:00\",\"description\":\"Vysku\u0161ajte Kremy na Opalovanie Lr Aloe Vera \u2013 v\u00e1\u0161 kompletn\u00fd SPF set s ochranou na b\u00e1ze aloe vera pre citliv\u00fa ple\u0165, deti a potreby proti starnutiu.\",\"breadcrumb\":{\"@id\":\"https:\\\/\\\/www.lraloeverashop.eu\\\/sk\\\/produkt\\\/kremy-na-opalovanie\\\/#breadcrumb\"},\"inLanguage\":\"sk-SK\",\"potentialAction\":[{\"@type\":\"ReadAction\",\"target\":[\"https:\\\/\\\/www.lraloeverashop.eu\\\/sk\\\/produkt\\\/kremy-na-opalovanie\\\/\"]}]},{\"@type\":\"ImageObject\",\"inLanguage\":\"sk-SK\",\"@id\":\"https:\\\/\\\/www.lraloeverashop.eu\\\/sk\\\/produkt\\\/kremy-na-opalovanie\\\/#primaryimage\",\"url\":\"https:\\\/\\\/www.lraloeverashop.eu\\\/wp-content\\\/uploads\\\/2025\\\/05\\\/Aloe-Vera-Sunbathing-Set.jpg\",\"contentUrl\":\"https:\\\/\\\/www.lraloeverashop.eu\\\/wp-content\\\/uploads\\\/2025\\\/05\\\/Aloe-Vera-Sunbathing-Set.jpg\",\"width\":1200,\"height\":1200,\"caption\":\"Kremy na opalovanie Lr Aloe Vera \u2013 dokonal\u00e1 pr\u00edrodn\u00e1 ochrana pred slnkom a starostlivos\u0165 po opa\u013eovan\u00ed\"},{\"@type\":\"BreadcrumbList\",\"@id\":\"https:\\\/\\\/www.lraloeverashop.eu\\\/sk\\\/produkt\\\/kremy-na-opalovanie\\\/#breadcrumb\",\"itemListElement\":[{\"@type\":\"ListItem\",\"position\":1,\"name\":\"Home\",\"item\":\"https:\\\/\\\/www.lraloeverashop.eu\\\/sk\\\/\"},{\"@type\":\"ListItem\",\"position\":2,\"name\":\"Obchod\",\"item\":\"https:\\\/\\\/www.lraloeverashop.eu\\\/shop\\\/\"},{\"@type\":\"ListItem\",\"position\":3,\"name\":\"Kremy na Opalovanie Lr Aloe Vera\"}]},{\"@type\":\"WebSite\",\"@id\":\"https:\\\/\\\/www.lraloeverashop.eu\\\/sk\\\/#website\",\"url\":\"https:\\\/\\\/www.lraloeverashop.eu\\\/sk\\\/\",\"name\":\"Lr Obchod Aloe Vera\",\"description\":\"High Quality Lr Aloe Vera Gel, Aloe Vera Cream and Shampoo\",\"publisher\":{\"@id\":\"https:\\\/\\\/www.lraloeverashop.eu\\\/sk\\\/#organization\"},\"potentialAction\":[{\"@type\":\"SearchAction\",\"target\":{\"@type\":\"EntryPoint\",\"urlTemplate\":\"https:\\\/\\\/www.lraloeverashop.eu\\\/sk\\\/?s={search_term_string}\"},\"query-input\":{\"@type\":\"PropertyValueSpecification\",\"valueRequired\":true,\"valueName\":\"search_term_string\"}}],\"inLanguage\":\"sk-SK\"},{\"@type\":\"Organization\",\"@id\":\"https:\\\/\\\/www.lraloeverashop.eu\\\/sk\\\/#organization\",\"name\":\"Lr Obchod Aloe Vera\",\"alternateName\":\"LR\",\"url\":\"https:\\\/\\\/www.lraloeverashop.eu\\\/sk\\\/\",\"logo\":{\"@type\":\"ImageObject\",\"inLanguage\":\"sk-SK\",\"@id\":\"https:\\\/\\\/www.lraloeverashop.eu\\\/sk\\\/#\\\/schema\\\/logo\\\/image\\\/\",\"url\":\"https:\\\/\\\/www.lraloeverashop.eu\\\/wp-content\\\/uploads\\\/2022\\\/09\\\/cropped-Lr-Aloe-Vera-Shop.jpg\",\"contentUrl\":\"https:\\\/\\\/www.lraloeverashop.eu\\\/wp-content\\\/uploads\\\/2022\\\/09\\\/cropped-Lr-Aloe-Vera-Shop.jpg\",\"width\":228,\"height\":76,\"caption\":\"Lr Obchod Aloe Vera\"},\"image\":{\"@id\":\"https:\\\/\\\/www.lraloeverashop.eu\\\/sk\\\/#\\\/schema\\\/logo\\\/image\\\/\"},\"sameAs\":[\"https:\\\/\\\/www.facebook.com\\\/lraloeverashop.eu\",\"https:\\\/\\\/x.com\\\/natur__kosmetik\",\"https:\\\/\\\/www.youtube.com\\\/channel\\\/UC5oN7BJ8nfYb8RpVtjwDEBA\",\"https:\\\/\\\/www.instagram.com\\\/lrbeautyeu\\\/\"],\"description\":\"Obchod Lr Aloe Vera je va\u0161\u00edm d\u00f4veryhodn\u00fdm miestom pre pr\u00e9miov\u00e9 produkty LR Health & Beauty vyroben\u00e9 v Nemecku. Pon\u00fakame vysokokvalitn\u00e9 rie\u0161enia starostlivosti o ple\u0165 s Aloe Vera, v\u00fd\u017eivu a proti starnutiu, vyroben\u00e9 z \u010dist\u00fdch ingredienci\u00ed a podlo\u017een\u00e9 vedeck\u00fdm v\u00fdskumom. Objavte pr\u00edrodn\u00fa starostlivos\u0165, ktor\u00e1 regeneruje, chr\u00e1ni a revitalizuje va\u0161u ple\u0165 \u2013 a vyu\u017eite exkluz\u00edvne mesa\u010dn\u00e9 ponuky na na\u0161e najpred\u00e1vanej\u0161ie produkty LR Aloe Vera.\\nZa\u010dnite svoju cestu za pr\u00edrodnou starostlivos\u0165ou o ple\u0165 e\u0161te dnes a poc\u00ed\u0165te rozdiel.\",\"email\":\"info@lraloeverashop.eu\",\"telephone\":\"+49 17670609653\",\"legalName\":\"Lr Aloe Vera Shop\",\"foundingDate\":\"2018-04-21\",\"numberOfEmployees\":{\"@type\":\"QuantitativeValue\",\"minValue\":\"1\",\"maxValue\":\"10\"}}]}<\/script>\n<meta property=\"product:price:amount\" content=\"98.99\" \/>\n<meta property=\"product:price:currency\" content=\"EUR\" \/>\n<meta property=\"og:availability\" content=\"instock\" \/>\n<meta property=\"product:availability\" content=\"instock\" \/>\n<meta property=\"product:retailer_item_id\" content=\"23136-1SK\" \/>\n<meta property=\"product:condition\" content=\"new\" \/>\n<!-- \/ Yoast SEO Premium plugin. -->","yoast_head_json":{"title":"Kremy na Opalovanie Lr Aloe Vera - SPF set pre cel\u00fa rodinu","description":"Vysku\u0161ajte Kremy na Opalovanie Lr Aloe Vera \u2013 v\u00e1\u0161 kompletn\u00fd SPF set s ochranou na b\u00e1ze aloe vera pre citliv\u00fa ple\u0165, deti a potreby proti starnutiu.","robots":{"index":"index","follow":"follow","max-snippet":"max-snippet:-1","max-image-preview":"max-image-preview:large","max-video-preview":"max-video-preview:-1"},"canonical":"https:\/\/www.lraloeverashop.eu\/sk\/produkt\/kremy-na-opalovanie\/","og_locale":"sk_SK","og_type":"article","og_title":"Kremy na Opalovanie Lr Aloe Vera","og_description":"Vysku\u0161ajte Kremy na Opalovanie Lr Aloe Vera \u2013 v\u00e1\u0161 kompletn\u00fd SPF set s ochranou na b\u00e1ze aloe vera pre citliv\u00fa ple\u0165, deti a potreby proti starnutiu.","og_url":"https:\/\/www.lraloeverashop.eu\/sk\/produkt\/kremy-na-opalovanie\/","og_site_name":"Lr Obchod Aloe Vera","article_publisher":"https:\/\/www.facebook.com\/lraloeverashop.eu","article_modified_time":"2025-12-15T07:25:57+00:00","og_image":[{"width":1200,"height":1200,"url":"https:\/\/www.lraloeverashop.eu\/wp-content\/uploads\/2025\/05\/Aloe-Vera-Sunbathing-Set.jpg","type":"image\/jpeg"}],"twitter_card":"summary_large_image","twitter_site":"@natur__kosmetik","schema":{"@context":"https:\/\/schema.org","@graph":[{"@type":["WebPage","ItemPage"],"@id":"https:\/\/www.lraloeverashop.eu\/sk\/produkt\/kremy-na-opalovanie\/","url":"https:\/\/www.lraloeverashop.eu\/sk\/produkt\/kremy-na-opalovanie\/","name":"Kremy na Opalovanie Lr Aloe Vera - SPF set pre cel\u00fa rodinu","isPartOf":{"@id":"https:\/\/www.lraloeverashop.eu\/sk\/#website"},"primaryImageOfPage":{"@id":"https:\/\/www.lraloeverashop.eu\/sk\/produkt\/kremy-na-opalovanie\/#primaryimage"},"image":{"@id":"https:\/\/www.lraloeverashop.eu\/sk\/produkt\/kremy-na-opalovanie\/#primaryimage"},"thumbnailUrl":"https:\/\/www.lraloeverashop.eu\/wp-content\/uploads\/2025\/05\/Aloe-Vera-Sunbathing-Set.jpg","datePublished":"2025-05-25T10:08:47+00:00","dateModified":"2025-12-15T07:25:57+00:00","description":"Vysku\u0161ajte Kremy na Opalovanie Lr Aloe Vera \u2013 v\u00e1\u0161 kompletn\u00fd SPF set s ochranou na b\u00e1ze aloe vera pre citliv\u00fa ple\u0165, deti a potreby proti starnutiu.","breadcrumb":{"@id":"https:\/\/www.lraloeverashop.eu\/sk\/produkt\/kremy-na-opalovanie\/#breadcrumb"},"inLanguage":"sk-SK","potentialAction":[{"@type":"ReadAction","target":["https:\/\/www.lraloeverashop.eu\/sk\/produkt\/kremy-na-opalovanie\/"]}]},{"@type":"ImageObject","inLanguage":"sk-SK","@id":"https:\/\/www.lraloeverashop.eu\/sk\/produkt\/kremy-na-opalovanie\/#primaryimage","url":"https:\/\/www.lraloeverashop.eu\/wp-content\/uploads\/2025\/05\/Aloe-Vera-Sunbathing-Set.jpg","contentUrl":"https:\/\/www.lraloeverashop.eu\/wp-content\/uploads\/2025\/05\/Aloe-Vera-Sunbathing-Set.jpg","width":1200,"height":1200,"caption":"Kremy na opalovanie Lr Aloe Vera \u2013 dokonal\u00e1 pr\u00edrodn\u00e1 ochrana pred slnkom a starostlivos\u0165 po opa\u013eovan\u00ed"},{"@type":"BreadcrumbList","@id":"https:\/\/www.lraloeverashop.eu\/sk\/produkt\/kremy-na-opalovanie\/#breadcrumb","itemListElement":[{"@type":"ListItem","position":1,"name":"Home","item":"https:\/\/www.lraloeverashop.eu\/sk\/"},{"@type":"ListItem","position":2,"name":"Obchod","item":"https:\/\/www.lraloeverashop.eu\/shop\/"},{"@type":"ListItem","position":3,"name":"Kremy na Opalovanie Lr Aloe Vera"}]},{"@type":"WebSite","@id":"https:\/\/www.lraloeverashop.eu\/sk\/#website","url":"https:\/\/www.lraloeverashop.eu\/sk\/","name":"Lr Obchod Aloe Vera","description":"High Quality Lr Aloe Vera Gel, Aloe Vera Cream and Shampoo","publisher":{"@id":"https:\/\/www.lraloeverashop.eu\/sk\/#organization"},"potentialAction":[{"@type":"SearchAction","target":{"@type":"EntryPoint","urlTemplate":"https:\/\/www.lraloeverashop.eu\/sk\/?s={search_term_string}"},"query-input":{"@type":"PropertyValueSpecification","valueRequired":true,"valueName":"search_term_string"}}],"inLanguage":"sk-SK"},{"@type":"Organization","@id":"https:\/\/www.lraloeverashop.eu\/sk\/#organization","name":"Lr Obchod Aloe Vera","alternateName":"LR","url":"https:\/\/www.lraloeverashop.eu\/sk\/","logo":{"@type":"ImageObject","inLanguage":"sk-SK","@id":"https:\/\/www.lraloeverashop.eu\/sk\/#\/schema\/logo\/image\/","url":"https:\/\/www.lraloeverashop.eu\/wp-content\/uploads\/2022\/09\/cropped-Lr-Aloe-Vera-Shop.jpg","contentUrl":"https:\/\/www.lraloeverashop.eu\/wp-content\/uploads\/2022\/09\/cropped-Lr-Aloe-Vera-Shop.jpg","width":228,"height":76,"caption":"Lr Obchod Aloe Vera"},"image":{"@id":"https:\/\/www.lraloeverashop.eu\/sk\/#\/schema\/logo\/image\/"},"sameAs":["https:\/\/www.facebook.com\/lraloeverashop.eu","https:\/\/x.com\/natur__kosmetik","https:\/\/www.youtube.com\/channel\/UC5oN7BJ8nfYb8RpVtjwDEBA","https:\/\/www.instagram.com\/lrbeautyeu\/"],"description":"Obchod Lr Aloe Vera je va\u0161\u00edm d\u00f4veryhodn\u00fdm miestom pre pr\u00e9miov\u00e9 produkty LR Health & Beauty vyroben\u00e9 v Nemecku. Pon\u00fakame vysokokvalitn\u00e9 rie\u0161enia starostlivosti o ple\u0165 s Aloe Vera, v\u00fd\u017eivu a proti starnutiu, vyroben\u00e9 z \u010dist\u00fdch ingredienci\u00ed a podlo\u017een\u00e9 vedeck\u00fdm v\u00fdskumom. Objavte pr\u00edrodn\u00fa starostlivos\u0165, ktor\u00e1 regeneruje, chr\u00e1ni a revitalizuje va\u0161u ple\u0165 \u2013 a vyu\u017eite exkluz\u00edvne mesa\u010dn\u00e9 ponuky na na\u0161e najpred\u00e1vanej\u0161ie produkty LR Aloe Vera.\nZa\u010dnite svoju cestu za pr\u00edrodnou starostlivos\u0165ou o ple\u0165 e\u0161te dnes a poc\u00ed\u0165te rozdiel.","email":"info@lraloeverashop.eu","telephone":"+49 17670609653","legalName":"Lr Aloe Vera Shop","foundingDate":"2018-04-21","numberOfEmployees":{"@type":"QuantitativeValue","minValue":"1","maxValue":"10"}}]},"product_price_amount":"98.99","product_price_currency":"EUR","og_availability":"instock","product_availability":"instock","product_retailer_item_id":"23136-1SK","product_condition":"new"},"taxonomy_info":{"product_cat":[{"value":216,"label":"Aloe Vera"},{"value":1010,"label":"Ochrana pred slnkom"},{"value":231,"label":"Starostlivos\u0165 o telo"},{"value":355,"label":"Z\u013eavy"}],"product_tag":[{"value":1017,"label":"opa\u013eovac\u00ed kr\u00e9m"}]},"featured_image_src_large":["https:\/\/www.lraloeverashop.eu\/wp-content\/uploads\/2025\/05\/Aloe-Vera-Sunbathing-Set-1024x1024.jpg",1024,1024,true],"author_info":[],"comment_info":0,"_links":{"self":[{"href":"https:\/\/www.lraloeverashop.eu\/sk\/wp-json\/wp\/v2\/product\/28458","targetHints":{"allow":["GET"]}}],"collection":[{"href":"https:\/\/www.lraloeverashop.eu\/sk\/wp-json\/wp\/v2\/product"}],"about":[{"href":"https:\/\/www.lraloeverashop.eu\/sk\/wp-json\/wp\/v2\/types\/product"}],"replies":[{"embeddable":true,"href":"https:\/\/www.lraloeverashop.eu\/sk\/wp-json\/wp\/v2\/comments?post=28458"}],"wp:featuredmedia":[{"embeddable":true,"href":"https:\/\/www.lraloeverashop.eu\/sk\/wp-json\/wp\/v2\/media\/28418"}],"wp:attachment":[{"href":"https:\/\/www.lraloeverashop.eu\/sk\/wp-json\/wp\/v2\/media?parent=28458"}],"wp:term":[{"taxonomy":"product_brand","embeddable":true,"href":"https:\/\/www.lraloeverashop.eu\/sk\/wp-json\/wp\/v2\/product_brand?post=28458"},{"taxonomy":"product_cat","embeddable":true,"href":"https:\/\/www.lraloeverashop.eu\/sk\/wp-json\/wp\/v2\/product_cat?post=28458"},{"taxonomy":"product_tag","embeddable":true,"href":"https:\/\/www.lraloeverashop.eu\/sk\/wp-json\/wp\/v2\/product_tag?post=28458"}],"curies":[{"name":"wp","href":"https:\/\/api.w.org\/{rel}","templated":true}]}}