{"id":28167,"date":"2025-05-06T22:27:00","date_gmt":"2025-05-06T20:27:00","guid":{"rendered":"https:\/\/www.lraloeverashop.eu\/product\/serum-na-tvar-skin-balance\/"},"modified":"2025-05-10T10:09:00","modified_gmt":"2025-05-10T08:09:00","slug":"serum-na-tvar-skin-balance","status":"publish","type":"product","link":"https:\/\/www.lraloeverashop.eu\/sk\/produkt\/serum-na-tvar-skin-balance\/","title":{"rendered":"Serum na Tvar Skin Balance"},"content":{"rendered":"<h2><span style=\"font-size: 16pt;\"><strong>Serum na Tvar Skin Balance <\/strong><\/span><\/h2>\n<p><span style=\"font-size: 14pt;\"><strong>Serum na Tvar Skin Balance pre h\u013abkov\u00fa a dlhotrvaj\u00facu hydrat\u00e1ciu<\/strong><\/span><\/p>\n<p>Dosiahnite vyv\u00e1\u017een\u00fa a zdrav\u00fa ple\u0165 s t\u00fdmto ple\u0165ov\u00fdm s\u00e9rom Aloe Vera Skin Balance. Je navrhnut\u00e9 na ka\u017edodenn\u00fa starostlivos\u0165 a \u010distenie a pom\u00e1ha udr\u017eiava\u0165 optim\u00e1lnu \u00farove\u0148 hydrat\u00e1cie. Jedine\u010dn\u00e9 zlo\u017eenie obsahuje 15 % g\u00e9lu z aloe vera, fermentovan\u00fd g\u00e9l z aloe vera a extrakty z \u010dervenej riasy, bio mandar\u00ednkovej k\u00f4ry a ovocia \u010derimoja. Kvalitn\u00e9 ingrediencie ako bio olivov\u00fd extrakt poskytuj\u00fa \u010fal\u0161ie v\u00fdhody.<\/p>\n<h3><strong><span style=\"font-size: 16pt;\">Hlavn\u00e9 vlastnosti produktu<\/span><\/strong><\/h3>\n<ul>\n<li>Upokojuje podr\u00e1\u017edenie a redukuje za\u010dervenanie<\/li>\n<li>Ple\u0165ov\u00e9 s\u00e9rum Skin Balance poskytuje intenz\u00edvnu hydrat\u00e1ciu<\/li>\n<li>Bez parfum\u00e1cie, jemn\u00e9 a pr\u00edjemne chladiv\u00e9<\/li>\n<li>Odpor\u00fa\u010dan\u00e9 pre norm\u00e1lnu, mastn\u00fa a zmie\u0161an\u00fa ple\u0165<\/li>\n<li>Vhodn\u00e9 ako s\u00e9rum pre citliv\u00fa poko\u017eku<\/li>\n<\/ul>\n<h3><strong><span style=\"font-size: 16pt;\">K\u013e\u00fa\u010dov\u00e9 v\u00fdhody<\/span><\/strong><\/h3>\n<p>Toto hydrata\u010dn\u00e9 Serum na Tvar Skin Balance p\u00f4sob\u00ed r\u00fdchlo a pom\u00e1ha upokoji\u0165 podr\u00e1\u017edenie. Zmier\u0148uje za\u010dervenanie a nap\u00e4tie aj pri pleti n\u00e1chylnej na kuper\u00f3zu alebo rosaceu. Ple\u0165ov\u00e9 s\u00e9rum Skin Balance podporuje obnovu buniek a stimuluje tvorbu kolag\u00e9nu, \u010d\u00edm posil\u0148uje ko\u017en\u00fa bari\u00e9ru a zabezpe\u010duje dlhodob\u00e9 v\u00fdsledky.<\/p>\n<p>Zmes g\u00e9lu z aloe vera, <a href=\"https:\/\/www.lraloeverashop.eu\/sk\/znacka-produktu\/fermentovany-aloe-gel\/\">fermentovan\u00e9ho aloe<\/a>, \u010dervenej riasy, bio mandar\u00ednkovej k\u00f4ry a ovocia \u010derimoja poskytuje h\u013abkov\u00fa hydrat\u00e1ciu. S\u00e9rum dod\u00e1va d\u00f4le\u017eit\u00e9 antioxidanty a \u017eiviny a z\u00e1rove\u0148 zost\u00e1va bez v\u00f4ne a \u0161etrn\u00e9 k poko\u017eke. Chladiv\u00fd efekt poskytuje svie\u017ei pocit pri ka\u017edom pou\u017eit\u00ed.<\/p>\n<p>Extrakt z mandar\u00ednkovej k\u00f4ry, z\u00edskan\u00fd upcykl\u00e1ciou zo slnkom dozret\u00fdch bio mandar\u00ednok z Gr\u00e9cka, poskytuje siln\u00fd antioxida\u010dn\u00fd \u00fa\u010dinok. Pom\u00e1ha upokoji\u0165, spevni\u0165 a zlep\u0161i\u0165 elasticitu poko\u017eky.<\/p>\n<p><a href=\"https:\/\/www.lraloeverashop.eu\/wp-content\/uploads\/2025\/05\/Emergency-Gel.jpg\"><img loading=\"lazy\" decoding=\"async\" class=\"size-full wp-image-27966 aligncenter\" src=\"https:\/\/www.lraloeverashop.eu\/wp-content\/uploads\/2025\/05\/Lr-Skin-Balance-Face-Serum.jpg\" alt=\"Serum na Tvar Skin Balance redukuje za\u010dervenanie\" width=\"1280\" height=\"720\" \/><\/a><\/p>\n<h3><strong><span style=\"font-size: 16pt;\">V\u00fdsledky (pod\u013ea pou\u017e\u00edvate\u013eskej \u0161t\u00fadie)<\/span><\/strong><\/h3>\n<ul>\n<li>Serum na Tvar Zni\u017euje za\u010dervenanie poko\u017eky o 18 % po 28 d\u0148och<\/li>\n<li>75 % potvrdzuje, \u017ee ich poko\u017eka je viac hydratovan\u00e1<\/li>\n<li>70 % si v\u0161imlo svie\u017eej\u0161iu, hlad\u0161iu a uvo\u013enenej\u0161iu poko\u017eku<\/li>\n<li>60 % uv\u00e1dza zn\u00ed\u017eenie ko\u017en\u00fdch probl\u00e9mov<\/li>\n<\/ul>\n<h4><strong><span style=\"font-size: 16pt;\">Ako pou\u017e\u00edva\u0165<\/span><\/strong><\/h4>\n<p>Naneste 1\u20132 pumpi\u010dky na \u010dist\u00fa poko\u017eku r\u00e1no a ve\u010der. Pokra\u010dujte ob\u013e\u00faben\u00fdm denn\u00fdm alebo no\u010dn\u00fdm kr\u00e9mom. Toto Serum na Tvar je vynikaj\u00facim z\u00e1kladom va\u0161ej ka\u017edodennej rutiny a dobre sa kombinuje s be\u017en\u00fdm hydrata\u010dn\u00fdm kr\u00e9mom.<\/p>\n<h3><span style=\"color: #000000;\"><strong><span style=\"font-size: 16pt;\">Pre\u010do si vybra\u0165 Serum na Tvar Skin Balance<\/span><\/strong><\/span><\/h3>\n<p>Ple\u0165ov\u00e9 s\u00e9rum LR Aloe Vera je vhodn\u00e9 pre r\u00f4zne typy pleti vr\u00e1tane norm\u00e1lnej, mastnej a zmie\u0161anej. Je dostato\u010dne jemn\u00e9 aj pre <a href=\"https:\/\/www.lraloeverashop.eu\/sk\/produkt\/aloe-vera-gel-prvej-pomoci\/\">citliv\u00fa poko\u017eku<\/a>. Pou\u017e\u00edvajte ho denne na udr\u017eanie hydrat\u00e1cie a upokojenie pleti.<\/p>\n<p>Ak h\u013ead\u00e1te najlep\u0161ie ple\u0165ov\u00e9 s\u00e9rum na hydrat\u00e1ciu, upokojenie a ochranu, t\u00e1to formula prin\u00e1\u0161a overen\u00e9 v\u00fdhody. Jeho hydrata\u010dn\u00e1 sila sa dobre kombinuje s ak\u00fdmko\u013evek <a href=\"https:\/\/www.lraloeverashop.eu\/sk\/produkt\/aloe-vera-multi-aktivny-denny-krem\/\">ple\u0165ov\u00fdm kr\u00e9mom<\/a>.<\/p>\n<p>Starostlivos\u0165 o ple\u0165 za\u010d\u00edna rovnov\u00e1hou. Vysk\u00fa\u0161ajte toto Serum na Tvar Skin Balance pre hlad\u0161iu, upokojen\u00fa a dobre hydratovan\u00fa poko\u017eku.<\/p>\n","protected":false},"excerpt":{"rendered":"<ul>\n<li>Upokojuje podr\u00e1\u017edenie a redukuje za\u010dervenanie<\/li>\n<li>Zabezpe\u010duje intenz\u00edvnu hydrat\u00e1ciu<\/li>\n<li>Bez parfumu, jemn\u00e9 a mierne chladiv\u00e9<\/li>\n<li>Odpor\u00fa\u010dan\u00e9 pre norm\u00e1lnu, mastn\u00fa a zmie\u0161an\u00fa ple\u0165<\/li>\n<li>Vhodn\u00e9 ako ple\u0165ov\u00e9 s\u00e9rum pre citliv\u00fa poko\u017eku<\/li>\n<li>Obsah: 30 ml<\/li>\n<\/ul>\n<p>&nbsp;<\/p>\n","protected":false},"featured_media":28105,"comment_status":"open","ping_status":"closed","template":"","meta":{"_kad_blocks_custom_css":"","_kad_blocks_head_custom_js":"","_kad_blocks_body_custom_js":"","_kad_blocks_footer_custom_js":"","_kadence_starter_templates_imported_post":false,"_kad_post_transparent":"default","_kad_post_title":"","_kad_post_layout":"default","_kad_post_sidebar_id":"","_kad_post_content_style":"default","_kad_post_vertical_padding":"default","_kad_post_feature":"","_kad_post_feature_position":"","_kad_post_header":false,"_kad_post_footer":false,"_kad_post_classname":""},"product_brand":[],"product_cat":[216,241],"product_tag":[1204,627,624],"class_list":{"0":"post-28167","1":"product","2":"type-product","3":"status-publish","4":"has-post-thumbnail","6":"product_cat-aloe-vera-sk","7":"product_cat-starostlivost-o-tvar","8":"product_tag-fermentovany-aloe-gel","9":"product_tag-sucha-koza","10":"product_tag-sucha-tvar","12":"first","13":"instock","14":"taxable","15":"shipping-taxable","16":"purchasable","17":"product-type-simple","18":"entry","19":"content-bg","20":"loop-entry"},"yoast_head":"<!-- This site is optimized with the Yoast SEO Premium plugin v27.4 (Yoast SEO v27.4) - https:\/\/yoast.com\/product\/yoast-seo-premium-wordpress\/ -->\n<title>Serum na Tvar Skin Balance upokojuje podr\u00e1\u017edenu poko\u017eku tv\u00e1re<\/title>\n<meta name=\"description\" content=\"Dosiahnite vyv\u00e1\u017een\u00fa a zdrav\u00fa ple\u0165! Pouzivajte Serum na Tvar Skin Balance z Aloe Vera. Je ur\u010den\u00fd na ka\u017edodenn\u00fa starostlivos\u0165, udr\u017eiava dobr\u00fa \u00farove\u0148 vlhkosti\" \/>\n<meta name=\"robots\" content=\"index, follow, max-snippet:-1, max-image-preview:large, max-video-preview:-1\" \/>\n<link rel=\"canonical\" href=\"https:\/\/www.lraloeverashop.eu\/sk\/produkt\/serum-na-tvar-skin-balance\/\" \/>\n<meta property=\"og:locale\" content=\"sk_SK\" \/>\n<meta property=\"og:type\" content=\"article\" \/>\n<meta property=\"og:title\" content=\"Serum na Tvar Skin Balance\" \/>\n<meta property=\"og:description\" content=\"Dosiahnite vyv\u00e1\u017een\u00fa a zdrav\u00fa ple\u0165! Pouzivajte Serum na Tvar Skin Balance z Aloe Vera. Je ur\u010den\u00fd na ka\u017edodenn\u00fa starostlivos\u0165, udr\u017eiava dobr\u00fa \u00farove\u0148 vlhkosti\" \/>\n<meta property=\"og:url\" content=\"https:\/\/www.lraloeverashop.eu\/sk\/produkt\/serum-na-tvar-skin-balance\/\" \/>\n<meta property=\"og:site_name\" content=\"Lr Obchod Aloe Vera\" \/>\n<meta property=\"article:publisher\" content=\"https:\/\/www.facebook.com\/lraloeverashop.eu\" \/>\n<meta property=\"article:modified_time\" content=\"2025-05-10T08:09:00+00:00\" \/>\n<meta property=\"og:image\" content=\"https:\/\/www.lraloeverashop.eu\/wp-content\/uploads\/2025\/05\/Aloe-Vera-Skin-Balance-Face-Serum-1.jpeg\" \/>\n\t<meta property=\"og:image:width\" content=\"1200\" \/>\n\t<meta property=\"og:image:height\" content=\"1200\" \/>\n\t<meta property=\"og:image:type\" content=\"image\/jpeg\" \/>\n<meta name=\"twitter:card\" content=\"summary_large_image\" \/>\n<meta name=\"twitter:site\" content=\"@natur__kosmetik\" \/>\n<script type=\"application\/ld+json\" class=\"yoast-schema-graph\">{\"@context\":\"https:\\\/\\\/schema.org\",\"@graph\":[{\"@type\":[\"WebPage\",\"ItemPage\"],\"@id\":\"https:\\\/\\\/www.lraloeverashop.eu\\\/sk\\\/produkt\\\/serum-na-tvar-skin-balance\\\/\",\"url\":\"https:\\\/\\\/www.lraloeverashop.eu\\\/sk\\\/produkt\\\/serum-na-tvar-skin-balance\\\/\",\"name\":\"Serum na Tvar Skin Balance upokojuje podr\u00e1\u017edenu poko\u017eku tv\u00e1re\",\"isPartOf\":{\"@id\":\"https:\\\/\\\/www.lraloeverashop.eu\\\/sk\\\/#website\"},\"primaryImageOfPage\":{\"@id\":\"https:\\\/\\\/www.lraloeverashop.eu\\\/sk\\\/produkt\\\/serum-na-tvar-skin-balance\\\/#primaryimage\"},\"image\":{\"@id\":\"https:\\\/\\\/www.lraloeverashop.eu\\\/sk\\\/produkt\\\/serum-na-tvar-skin-balance\\\/#primaryimage\"},\"thumbnailUrl\":\"https:\\\/\\\/www.lraloeverashop.eu\\\/wp-content\\\/uploads\\\/2025\\\/05\\\/Aloe-Vera-Skin-Balance-Face-Serum-1.jpeg\",\"datePublished\":\"2025-05-06T20:27:00+00:00\",\"dateModified\":\"2025-05-10T08:09:00+00:00\",\"description\":\"Dosiahnite vyv\u00e1\u017een\u00fa a zdrav\u00fa ple\u0165! Pouzivajte Serum na Tvar Skin Balance z Aloe Vera. Je ur\u010den\u00fd na ka\u017edodenn\u00fa starostlivos\u0165, udr\u017eiava dobr\u00fa \u00farove\u0148 vlhkosti\",\"breadcrumb\":{\"@id\":\"https:\\\/\\\/www.lraloeverashop.eu\\\/sk\\\/produkt\\\/serum-na-tvar-skin-balance\\\/#breadcrumb\"},\"inLanguage\":\"sk-SK\",\"potentialAction\":[{\"@type\":\"ReadAction\",\"target\":[\"https:\\\/\\\/www.lraloeverashop.eu\\\/sk\\\/produkt\\\/serum-na-tvar-skin-balance\\\/\"]}]},{\"@type\":\"ImageObject\",\"inLanguage\":\"sk-SK\",\"@id\":\"https:\\\/\\\/www.lraloeverashop.eu\\\/sk\\\/produkt\\\/serum-na-tvar-skin-balance\\\/#primaryimage\",\"url\":\"https:\\\/\\\/www.lraloeverashop.eu\\\/wp-content\\\/uploads\\\/2025\\\/05\\\/Aloe-Vera-Skin-Balance-Face-Serum-1.jpeg\",\"contentUrl\":\"https:\\\/\\\/www.lraloeverashop.eu\\\/wp-content\\\/uploads\\\/2025\\\/05\\\/Aloe-Vera-Skin-Balance-Face-Serum-1.jpeg\",\"width\":1200,\"height\":1200,\"caption\":\"Serum na Tvar Skin Balance redukuje za\u010dervenanie\"},{\"@type\":\"BreadcrumbList\",\"@id\":\"https:\\\/\\\/www.lraloeverashop.eu\\\/sk\\\/produkt\\\/serum-na-tvar-skin-balance\\\/#breadcrumb\",\"itemListElement\":[{\"@type\":\"ListItem\",\"position\":1,\"name\":\"Home\",\"item\":\"https:\\\/\\\/www.lraloeverashop.eu\\\/sk\\\/\"},{\"@type\":\"ListItem\",\"position\":2,\"name\":\"Obchod\",\"item\":\"https:\\\/\\\/www.lraloeverashop.eu\\\/shop\\\/\"},{\"@type\":\"ListItem\",\"position\":3,\"name\":\"Serum na Tvar Skin Balance\"}]},{\"@type\":\"WebSite\",\"@id\":\"https:\\\/\\\/www.lraloeverashop.eu\\\/sk\\\/#website\",\"url\":\"https:\\\/\\\/www.lraloeverashop.eu\\\/sk\\\/\",\"name\":\"Lr Obchod Aloe Vera\",\"description\":\"High Quality Lr Aloe Vera Gel, Aloe Vera Cream and Shampoo\",\"publisher\":{\"@id\":\"https:\\\/\\\/www.lraloeverashop.eu\\\/sk\\\/#organization\"},\"potentialAction\":[{\"@type\":\"SearchAction\",\"target\":{\"@type\":\"EntryPoint\",\"urlTemplate\":\"https:\\\/\\\/www.lraloeverashop.eu\\\/sk\\\/?s={search_term_string}\"},\"query-input\":{\"@type\":\"PropertyValueSpecification\",\"valueRequired\":true,\"valueName\":\"search_term_string\"}}],\"inLanguage\":\"sk-SK\"},{\"@type\":\"Organization\",\"@id\":\"https:\\\/\\\/www.lraloeverashop.eu\\\/sk\\\/#organization\",\"name\":\"Lr Obchod Aloe Vera\",\"alternateName\":\"LR\",\"url\":\"https:\\\/\\\/www.lraloeverashop.eu\\\/sk\\\/\",\"logo\":{\"@type\":\"ImageObject\",\"inLanguage\":\"sk-SK\",\"@id\":\"https:\\\/\\\/www.lraloeverashop.eu\\\/sk\\\/#\\\/schema\\\/logo\\\/image\\\/\",\"url\":\"https:\\\/\\\/www.lraloeverashop.eu\\\/wp-content\\\/uploads\\\/2022\\\/09\\\/cropped-Lr-Aloe-Vera-Shop.jpg\",\"contentUrl\":\"https:\\\/\\\/www.lraloeverashop.eu\\\/wp-content\\\/uploads\\\/2022\\\/09\\\/cropped-Lr-Aloe-Vera-Shop.jpg\",\"width\":228,\"height\":76,\"caption\":\"Lr Obchod Aloe Vera\"},\"image\":{\"@id\":\"https:\\\/\\\/www.lraloeverashop.eu\\\/sk\\\/#\\\/schema\\\/logo\\\/image\\\/\"},\"sameAs\":[\"https:\\\/\\\/www.facebook.com\\\/lraloeverashop.eu\",\"https:\\\/\\\/x.com\\\/natur__kosmetik\",\"https:\\\/\\\/www.youtube.com\\\/channel\\\/UC5oN7BJ8nfYb8RpVtjwDEBA\",\"https:\\\/\\\/www.instagram.com\\\/lrbeautyeu\\\/\"],\"description\":\"Obchod Lr Aloe Vera je va\u0161\u00edm d\u00f4veryhodn\u00fdm miestom pre pr\u00e9miov\u00e9 produkty LR Health & Beauty vyroben\u00e9 v Nemecku. Pon\u00fakame vysokokvalitn\u00e9 rie\u0161enia starostlivosti o ple\u0165 s Aloe Vera, v\u00fd\u017eivu a proti starnutiu, vyroben\u00e9 z \u010dist\u00fdch ingredienci\u00ed a podlo\u017een\u00e9 vedeck\u00fdm v\u00fdskumom. Objavte pr\u00edrodn\u00fa starostlivos\u0165, ktor\u00e1 regeneruje, chr\u00e1ni a revitalizuje va\u0161u ple\u0165 \u2013 a vyu\u017eite exkluz\u00edvne mesa\u010dn\u00e9 ponuky na na\u0161e najpred\u00e1vanej\u0161ie produkty LR Aloe Vera.\\nZa\u010dnite svoju cestu za pr\u00edrodnou starostlivos\u0165ou o ple\u0165 e\u0161te dnes a poc\u00ed\u0165te rozdiel.\",\"email\":\"info@lraloeverashop.eu\",\"telephone\":\"+49 17670609653\",\"legalName\":\"Lr Aloe Vera Shop\",\"foundingDate\":\"2018-04-21\",\"numberOfEmployees\":{\"@type\":\"QuantitativeValue\",\"minValue\":\"1\",\"maxValue\":\"10\"}}]}<\/script>\n<meta property=\"product:price:amount\" content=\"27.49\" \/>\n<meta property=\"product:price:currency\" content=\"EUR\" \/>\n<meta property=\"og:availability\" content=\"instock\" \/>\n<meta property=\"product:availability\" content=\"instock\" \/>\n<meta property=\"product:retailer_item_id\" content=\"20910-1SK\" \/>\n<meta property=\"product:condition\" content=\"new\" \/>\n<!-- \/ Yoast SEO Premium plugin. -->","yoast_head_json":{"title":"Serum na Tvar Skin Balance upokojuje podr\u00e1\u017edenu poko\u017eku tv\u00e1re","description":"Dosiahnite vyv\u00e1\u017een\u00fa a zdrav\u00fa ple\u0165! Pouzivajte Serum na Tvar Skin Balance z Aloe Vera. Je ur\u010den\u00fd na ka\u017edodenn\u00fa starostlivos\u0165, udr\u017eiava dobr\u00fa \u00farove\u0148 vlhkosti","robots":{"index":"index","follow":"follow","max-snippet":"max-snippet:-1","max-image-preview":"max-image-preview:large","max-video-preview":"max-video-preview:-1"},"canonical":"https:\/\/www.lraloeverashop.eu\/sk\/produkt\/serum-na-tvar-skin-balance\/","og_locale":"sk_SK","og_type":"article","og_title":"Serum na Tvar Skin Balance","og_description":"Dosiahnite vyv\u00e1\u017een\u00fa a zdrav\u00fa ple\u0165! Pouzivajte Serum na Tvar Skin Balance z Aloe Vera. Je ur\u010den\u00fd na ka\u017edodenn\u00fa starostlivos\u0165, udr\u017eiava dobr\u00fa \u00farove\u0148 vlhkosti","og_url":"https:\/\/www.lraloeverashop.eu\/sk\/produkt\/serum-na-tvar-skin-balance\/","og_site_name":"Lr Obchod Aloe Vera","article_publisher":"https:\/\/www.facebook.com\/lraloeverashop.eu","article_modified_time":"2025-05-10T08:09:00+00:00","og_image":[{"width":1200,"height":1200,"url":"https:\/\/www.lraloeverashop.eu\/wp-content\/uploads\/2025\/05\/Aloe-Vera-Skin-Balance-Face-Serum-1.jpeg","type":"image\/jpeg"}],"twitter_card":"summary_large_image","twitter_site":"@natur__kosmetik","schema":{"@context":"https:\/\/schema.org","@graph":[{"@type":["WebPage","ItemPage"],"@id":"https:\/\/www.lraloeverashop.eu\/sk\/produkt\/serum-na-tvar-skin-balance\/","url":"https:\/\/www.lraloeverashop.eu\/sk\/produkt\/serum-na-tvar-skin-balance\/","name":"Serum na Tvar Skin Balance upokojuje podr\u00e1\u017edenu poko\u017eku tv\u00e1re","isPartOf":{"@id":"https:\/\/www.lraloeverashop.eu\/sk\/#website"},"primaryImageOfPage":{"@id":"https:\/\/www.lraloeverashop.eu\/sk\/produkt\/serum-na-tvar-skin-balance\/#primaryimage"},"image":{"@id":"https:\/\/www.lraloeverashop.eu\/sk\/produkt\/serum-na-tvar-skin-balance\/#primaryimage"},"thumbnailUrl":"https:\/\/www.lraloeverashop.eu\/wp-content\/uploads\/2025\/05\/Aloe-Vera-Skin-Balance-Face-Serum-1.jpeg","datePublished":"2025-05-06T20:27:00+00:00","dateModified":"2025-05-10T08:09:00+00:00","description":"Dosiahnite vyv\u00e1\u017een\u00fa a zdrav\u00fa ple\u0165! Pouzivajte Serum na Tvar Skin Balance z Aloe Vera. Je ur\u010den\u00fd na ka\u017edodenn\u00fa starostlivos\u0165, udr\u017eiava dobr\u00fa \u00farove\u0148 vlhkosti","breadcrumb":{"@id":"https:\/\/www.lraloeverashop.eu\/sk\/produkt\/serum-na-tvar-skin-balance\/#breadcrumb"},"inLanguage":"sk-SK","potentialAction":[{"@type":"ReadAction","target":["https:\/\/www.lraloeverashop.eu\/sk\/produkt\/serum-na-tvar-skin-balance\/"]}]},{"@type":"ImageObject","inLanguage":"sk-SK","@id":"https:\/\/www.lraloeverashop.eu\/sk\/produkt\/serum-na-tvar-skin-balance\/#primaryimage","url":"https:\/\/www.lraloeverashop.eu\/wp-content\/uploads\/2025\/05\/Aloe-Vera-Skin-Balance-Face-Serum-1.jpeg","contentUrl":"https:\/\/www.lraloeverashop.eu\/wp-content\/uploads\/2025\/05\/Aloe-Vera-Skin-Balance-Face-Serum-1.jpeg","width":1200,"height":1200,"caption":"Serum na Tvar Skin Balance redukuje za\u010dervenanie"},{"@type":"BreadcrumbList","@id":"https:\/\/www.lraloeverashop.eu\/sk\/produkt\/serum-na-tvar-skin-balance\/#breadcrumb","itemListElement":[{"@type":"ListItem","position":1,"name":"Home","item":"https:\/\/www.lraloeverashop.eu\/sk\/"},{"@type":"ListItem","position":2,"name":"Obchod","item":"https:\/\/www.lraloeverashop.eu\/shop\/"},{"@type":"ListItem","position":3,"name":"Serum na Tvar Skin Balance"}]},{"@type":"WebSite","@id":"https:\/\/www.lraloeverashop.eu\/sk\/#website","url":"https:\/\/www.lraloeverashop.eu\/sk\/","name":"Lr Obchod Aloe Vera","description":"High Quality Lr Aloe Vera Gel, Aloe Vera Cream and Shampoo","publisher":{"@id":"https:\/\/www.lraloeverashop.eu\/sk\/#organization"},"potentialAction":[{"@type":"SearchAction","target":{"@type":"EntryPoint","urlTemplate":"https:\/\/www.lraloeverashop.eu\/sk\/?s={search_term_string}"},"query-input":{"@type":"PropertyValueSpecification","valueRequired":true,"valueName":"search_term_string"}}],"inLanguage":"sk-SK"},{"@type":"Organization","@id":"https:\/\/www.lraloeverashop.eu\/sk\/#organization","name":"Lr Obchod Aloe Vera","alternateName":"LR","url":"https:\/\/www.lraloeverashop.eu\/sk\/","logo":{"@type":"ImageObject","inLanguage":"sk-SK","@id":"https:\/\/www.lraloeverashop.eu\/sk\/#\/schema\/logo\/image\/","url":"https:\/\/www.lraloeverashop.eu\/wp-content\/uploads\/2022\/09\/cropped-Lr-Aloe-Vera-Shop.jpg","contentUrl":"https:\/\/www.lraloeverashop.eu\/wp-content\/uploads\/2022\/09\/cropped-Lr-Aloe-Vera-Shop.jpg","width":228,"height":76,"caption":"Lr Obchod Aloe Vera"},"image":{"@id":"https:\/\/www.lraloeverashop.eu\/sk\/#\/schema\/logo\/image\/"},"sameAs":["https:\/\/www.facebook.com\/lraloeverashop.eu","https:\/\/x.com\/natur__kosmetik","https:\/\/www.youtube.com\/channel\/UC5oN7BJ8nfYb8RpVtjwDEBA","https:\/\/www.instagram.com\/lrbeautyeu\/"],"description":"Obchod Lr Aloe Vera je va\u0161\u00edm d\u00f4veryhodn\u00fdm miestom pre pr\u00e9miov\u00e9 produkty LR Health & Beauty vyroben\u00e9 v Nemecku. Pon\u00fakame vysokokvalitn\u00e9 rie\u0161enia starostlivosti o ple\u0165 s Aloe Vera, v\u00fd\u017eivu a proti starnutiu, vyroben\u00e9 z \u010dist\u00fdch ingredienci\u00ed a podlo\u017een\u00e9 vedeck\u00fdm v\u00fdskumom. Objavte pr\u00edrodn\u00fa starostlivos\u0165, ktor\u00e1 regeneruje, chr\u00e1ni a revitalizuje va\u0161u ple\u0165 \u2013 a vyu\u017eite exkluz\u00edvne mesa\u010dn\u00e9 ponuky na na\u0161e najpred\u00e1vanej\u0161ie produkty LR Aloe Vera.\nZa\u010dnite svoju cestu za pr\u00edrodnou starostlivos\u0165ou o ple\u0165 e\u0161te dnes a poc\u00ed\u0165te rozdiel.","email":"info@lraloeverashop.eu","telephone":"+49 17670609653","legalName":"Lr Aloe Vera Shop","foundingDate":"2018-04-21","numberOfEmployees":{"@type":"QuantitativeValue","minValue":"1","maxValue":"10"}}]},"product_price_amount":"27.49","product_price_currency":"EUR","og_availability":"instock","product_availability":"instock","product_retailer_item_id":"20910-1SK","product_condition":"new"},"taxonomy_info":{"product_cat":[{"value":216,"label":"Aloe Vera"},{"value":241,"label":"Starostlivos\u0165 o tv\u00e1r"}],"product_tag":[{"value":1204,"label":"Fermentovan\u00fd aloe g\u00e9l"},{"value":627,"label":"Such\u00e1 ko\u017ea"},{"value":624,"label":"Such\u00e1 tv\u00e1r"}]},"featured_image_src_large":["https:\/\/www.lraloeverashop.eu\/wp-content\/uploads\/2025\/05\/Aloe-Vera-Skin-Balance-Face-Serum-1-1024x1024.jpeg",1024,1024,true],"author_info":[],"comment_info":0,"_links":{"self":[{"href":"https:\/\/www.lraloeverashop.eu\/sk\/wp-json\/wp\/v2\/product\/28167","targetHints":{"allow":["GET"]}}],"collection":[{"href":"https:\/\/www.lraloeverashop.eu\/sk\/wp-json\/wp\/v2\/product"}],"about":[{"href":"https:\/\/www.lraloeverashop.eu\/sk\/wp-json\/wp\/v2\/types\/product"}],"replies":[{"embeddable":true,"href":"https:\/\/www.lraloeverashop.eu\/sk\/wp-json\/wp\/v2\/comments?post=28167"}],"wp:featuredmedia":[{"embeddable":true,"href":"https:\/\/www.lraloeverashop.eu\/sk\/wp-json\/wp\/v2\/media\/28105"}],"wp:attachment":[{"href":"https:\/\/www.lraloeverashop.eu\/sk\/wp-json\/wp\/v2\/media?parent=28167"}],"wp:term":[{"taxonomy":"product_brand","embeddable":true,"href":"https:\/\/www.lraloeverashop.eu\/sk\/wp-json\/wp\/v2\/product_brand?post=28167"},{"taxonomy":"product_cat","embeddable":true,"href":"https:\/\/www.lraloeverashop.eu\/sk\/wp-json\/wp\/v2\/product_cat?post=28167"},{"taxonomy":"product_tag","embeddable":true,"href":"https:\/\/www.lraloeverashop.eu\/sk\/wp-json\/wp\/v2\/product_tag?post=28167"}],"curies":[{"name":"wp","href":"https:\/\/api.w.org\/{rel}","templated":true}]}}