{"id":26283,"date":"2025-03-17T17:45:08","date_gmt":"2025-03-17T16:45:08","guid":{"rendered":"https:\/\/www.lraloeverashop.eu\/?post_type=product&#038;p=26283"},"modified":"2025-12-15T08:30:11","modified_gmt":"2025-12-15T07:30:11","slug":"lr-maska-na-spanie","status":"publish","type":"product","link":"https:\/\/www.lraloeverashop.eu\/sk\/produkt\/lr-maska-na-spanie\/","title":{"rendered":"Lr Maska na Spanie"},"content":{"rendered":"<h2><span style=\"font-size: 16pt;\"><strong>Lr Maska na Spanie<\/strong><\/span><\/h2>\n<p><span style=\"font-size: 14pt;\"><strong>Lr Maska na Spanie &#8211; No\u010dn\u00e1 starostlivos\u0165 o \u017eiariv\u00fa ple\u0165<\/strong><\/span><\/p>\n<p>Zobu\u010fte sa s s \u010derstvou a hlad\u0161ou ple\u0165ou s Lr Maska na Spanie. Toto bezoplachov\u00e9 zlo\u017eenie funguje cez noc a hydratuje, opravuje a osvie\u017euje va\u0161u poko\u017eku po\u010das sp\u00e1nku.<\/p>\n<h3><span style=\"font-size: 16pt;\"><strong>Pre\u010do je pre v\u00e1s ide\u00e1lna:<\/strong><\/span><\/h3>\n<ul>\n<li>Tri sp\u00f4soby \u00fa\u010dinku: Za\u017eite h\u013abkov\u00fa hydrat\u00e1ciu, podporu prirodzenej regener\u00e1cie poko\u017eky a \u00fa\u010dinok proti starnutiu \u2013 to v\u0161etko v jednom produkte.<\/li>\n<li>V\u00fdkonn\u00e1 recept\u00fara pre noc: Ultra Filling Spheres\u2122 a starostlivo vybran\u00e9 zlo\u017eky, ako je jojobov\u00fd olej a extrakt z bob\u00fa\u013e Schisandra, spolupracuj\u00fa s prirodzen\u00fdmi procesmi va\u0161ej poko\u017eky a zanech\u00e1vaj\u00fa v\u00e1m do r\u00e1na mladistv\u00fd lesk.<\/li>\n<li>Pohodln\u00e1 bezoplachov\u00e1 maska: Nie je potrebn\u00e9 \u017eiadne oplachovanie \u2013 jednoducho naneste pred span\u00edm a nechajte ju vykon\u00e1va\u0165 \u0165a\u017ek\u00fa \u200b\u200bpr\u00e1cu, k\u00fdm budete odpo\u010d\u00edva\u0165.<\/li>\n<\/ul>\n<h3><span style=\"font-size: 16pt;\"><strong>Ako pou\u017e\u00edva\u0165<\/strong><\/span><\/h3>\n<p>Maska na Spanie sa aplikujte dvakr\u00e1t t\u00fd\u017edenne pred span\u00edm. Pred \u013eahnut\u00edm nechajte 20 min\u00fat absorbova\u0165, aby ste zabr\u00e1nili prenosu na poste\u013en\u00fa bielize\u0148. Nechajte akt\u00edvne zlo\u017eky masky p\u00f4sobi\u0165 cez noc \u2013 nie je potrebn\u00e9 \u017eiadne oplachovanie. Zobu\u010fte sa s poko\u017ekou, ktor\u00e1 sa c\u00edti rovnako svie\u017ea ako va\u0161a myse\u013e.<\/p>\n<p>Zme\u0148te svoju no\u010dn\u00fa rutinu s produktom, ktor\u00fd kombinuje jednoduchos\u0165 a \u00fa\u010dinnos\u0165. Lr Maska na Spanie sa star\u00e1 o va\u0161u poko\u017eku, tak\u017ee sa m\u00f4\u017eete zobudi\u0165 sebavedomo a \u017eiarivo. Vysk\u00fa\u0161ajte to e\u0161te dnes a za\u017eite ten rozdiel!<\/p>\n","protected":false},"excerpt":{"rendered":"<ul>\n<li><strong><span style=\"color: #ff0000;\">Limitovan\u00e1 ponuka<\/span><\/strong><\/li>\n<li>Bezoplachov\u00e1 maska s inovat\u00edvnym o\u0161etruj\u00facim zlo\u017een\u00edm<\/li>\n<li>Jeden produkt \u2013 tri typy akcie<\/li>\n<li>Intenz\u00edvna hydrat\u00e1cia<\/li>\n<li>Podpora prirodzenej regener\u00e1cie poko\u017eky<\/li>\n<li>\u00da\u010dinok proti starnutiu pre mladistvo vyzeraj\u00facu ple\u0165<\/li>\n<li>Obsah: 2 x 50 ml<\/li>\n<\/ul>\n","protected":false},"featured_media":26293,"comment_status":"open","ping_status":"closed","template":"","meta":{"_kad_blocks_custom_css":"","_kad_blocks_head_custom_js":"","_kad_blocks_body_custom_js":"","_kad_blocks_footer_custom_js":"","_kadence_starter_templates_imported_post":false,"_kad_post_transparent":"default","_kad_post_title":"","_kad_post_layout":"default","_kad_post_sidebar_id":"","_kad_post_content_style":"default","_kad_post_vertical_padding":"default","_kad_post_feature":"","_kad_post_feature_position":"","_kad_post_header":false,"_kad_post_footer":false,"_kad_post_classname":""},"product_brand":[],"product_cat":[276,331,270,396,288,282,355],"product_tag":[],"class_list":{"0":"post-26283","1":"product","2":"type-product","3":"status-publish","4":"has-post-thumbnail","6":"product_cat-muzi-nad-25-rokov","7":"product_cat-produkty-proti-starnutiu","8":"product_cat-starostlivost-proti-starnutiu","9":"product_cat-zeitgard-sk","10":"product_cat-zeny-do-40","11":"product_cat-zeny-nad-40-rokov","12":"product_cat-zlavy","14":"first","15":"outofstock","16":"sale","17":"taxable","18":"shipping-taxable","19":"purchasable","20":"product-type-simple","21":"entry","22":"content-bg","23":"loop-entry"},"yoast_head":"<!-- This site is optimized with the Yoast SEO Premium plugin v27.5 (Yoast SEO v27.5) - https:\/\/yoast.com\/product\/yoast-seo-premium-wordpress\/ -->\n<title>Lr Maska na Spanie s s formulaciou proti starnutiu<\/title>\n<meta name=\"description\" content=\"Pozdravte svie\u017eu, \u017eiariv\u00fa ple\u0165! Lr Maska na Spanie nesklame. Aplikujte pred span\u00edm pre siln\u00e9 no\u010dn\u00e9 o\u0161etrenie. Objednajte si ten svoj!\" \/>\n<meta name=\"robots\" content=\"index, follow, max-snippet:-1, max-image-preview:large, max-video-preview:-1\" \/>\n<link rel=\"canonical\" href=\"https:\/\/www.lraloeverashop.eu\/sk\/produkt\/lr-maska-na-spanie\/\" \/>\n<meta property=\"og:locale\" content=\"sk_SK\" \/>\n<meta property=\"og:type\" content=\"article\" \/>\n<meta property=\"og:title\" content=\"Lr Maska na Spanie\" \/>\n<meta property=\"og:description\" content=\"Pozdravte svie\u017eu, \u017eiariv\u00fa ple\u0165! Lr Maska na Spanie nesklame. Aplikujte pred span\u00edm pre siln\u00e9 no\u010dn\u00e9 o\u0161etrenie. Objednajte si ten svoj!\" \/>\n<meta property=\"og:url\" content=\"https:\/\/www.lraloeverashop.eu\/sk\/produkt\/lr-maska-na-spanie\/\" \/>\n<meta property=\"og:site_name\" content=\"Lr Obchod Aloe Vera\" \/>\n<meta property=\"article:publisher\" content=\"https:\/\/www.facebook.com\/lraloeverashop.eu\" \/>\n<meta property=\"article:modified_time\" content=\"2025-12-15T07:30:11+00:00\" \/>\n<meta property=\"og:image\" content=\"https:\/\/www.lraloeverashop.eu\/wp-content\/uploads\/2025\/03\/Lr-Sleeping-Mask.jpg\" \/>\n\t<meta property=\"og:image:width\" content=\"1200\" \/>\n\t<meta property=\"og:image:height\" content=\"1200\" \/>\n\t<meta property=\"og:image:type\" content=\"image\/jpeg\" \/>\n<meta name=\"twitter:card\" content=\"summary_large_image\" \/>\n<meta name=\"twitter:site\" content=\"@natur__kosmetik\" \/>\n<script type=\"application\/ld+json\" class=\"yoast-schema-graph\">{\"@context\":\"https:\\\/\\\/schema.org\",\"@graph\":[{\"@type\":[\"WebPage\",\"ItemPage\"],\"@id\":\"https:\\\/\\\/www.lraloeverashop.eu\\\/sk\\\/produkt\\\/lr-maska-na-spanie\\\/\",\"url\":\"https:\\\/\\\/www.lraloeverashop.eu\\\/sk\\\/produkt\\\/lr-maska-na-spanie\\\/\",\"name\":\"Lr Maska na Spanie s s formulaciou proti starnutiu\",\"isPartOf\":{\"@id\":\"https:\\\/\\\/www.lraloeverashop.eu\\\/sk\\\/#website\"},\"primaryImageOfPage\":{\"@id\":\"https:\\\/\\\/www.lraloeverashop.eu\\\/sk\\\/produkt\\\/lr-maska-na-spanie\\\/#primaryimage\"},\"image\":{\"@id\":\"https:\\\/\\\/www.lraloeverashop.eu\\\/sk\\\/produkt\\\/lr-maska-na-spanie\\\/#primaryimage\"},\"thumbnailUrl\":\"https:\\\/\\\/www.lraloeverashop.eu\\\/wp-content\\\/uploads\\\/2025\\\/03\\\/Lr-Sleeping-Mask.jpg\",\"datePublished\":\"2025-03-17T16:45:08+00:00\",\"dateModified\":\"2025-12-15T07:30:11+00:00\",\"description\":\"Pozdravte svie\u017eu, \u017eiariv\u00fa ple\u0165! Lr Maska na Spanie nesklame. Aplikujte pred span\u00edm pre siln\u00e9 no\u010dn\u00e9 o\u0161etrenie. Objednajte si ten svoj!\",\"breadcrumb\":{\"@id\":\"https:\\\/\\\/www.lraloeverashop.eu\\\/sk\\\/produkt\\\/lr-maska-na-spanie\\\/#breadcrumb\"},\"inLanguage\":\"sk-SK\",\"potentialAction\":[{\"@type\":\"ReadAction\",\"target\":[\"https:\\\/\\\/www.lraloeverashop.eu\\\/sk\\\/produkt\\\/lr-maska-na-spanie\\\/\"]}]},{\"@type\":\"ImageObject\",\"inLanguage\":\"sk-SK\",\"@id\":\"https:\\\/\\\/www.lraloeverashop.eu\\\/sk\\\/produkt\\\/lr-maska-na-spanie\\\/#primaryimage\",\"url\":\"https:\\\/\\\/www.lraloeverashop.eu\\\/wp-content\\\/uploads\\\/2025\\\/03\\\/Lr-Sleeping-Mask.jpg\",\"contentUrl\":\"https:\\\/\\\/www.lraloeverashop.eu\\\/wp-content\\\/uploads\\\/2025\\\/03\\\/Lr-Sleeping-Mask.jpg\",\"width\":1200,\"height\":1200,\"caption\":\"Lr Maska na spanie s formulou proti starnutiu\"},{\"@type\":\"BreadcrumbList\",\"@id\":\"https:\\\/\\\/www.lraloeverashop.eu\\\/sk\\\/produkt\\\/lr-maska-na-spanie\\\/#breadcrumb\",\"itemListElement\":[{\"@type\":\"ListItem\",\"position\":1,\"name\":\"Home\",\"item\":\"https:\\\/\\\/www.lraloeverashop.eu\\\/sk\\\/aloe-vera-obchod-vsetko-pre-vasu-krasu-a-pohodu\\\/\"},{\"@type\":\"ListItem\",\"position\":2,\"name\":\"Obchod\",\"item\":\"https:\\\/\\\/www.lraloeverashop.eu\\\/sk\\\/obchod\\\/\"},{\"@type\":\"ListItem\",\"position\":3,\"name\":\"Lr Maska na Spanie\"}]},{\"@type\":\"WebSite\",\"@id\":\"https:\\\/\\\/www.lraloeverashop.eu\\\/sk\\\/#website\",\"url\":\"https:\\\/\\\/www.lraloeverashop.eu\\\/sk\\\/\",\"name\":\"Lr Obchod Aloe Vera\",\"description\":\"High Quality Lr Aloe Vera Gel, Aloe Vera Cream and Shampoo\",\"publisher\":{\"@id\":\"https:\\\/\\\/www.lraloeverashop.eu\\\/sk\\\/#organization\"},\"alternateName\":\"LR\",\"potentialAction\":[{\"@type\":\"SearchAction\",\"target\":{\"@type\":\"EntryPoint\",\"urlTemplate\":\"https:\\\/\\\/www.lraloeverashop.eu\\\/sk\\\/?s={search_term_string}\"},\"query-input\":{\"@type\":\"PropertyValueSpecification\",\"valueRequired\":true,\"valueName\":\"search_term_string\"}}],\"inLanguage\":\"sk-SK\"},{\"@type\":\"Organization\",\"@id\":\"https:\\\/\\\/www.lraloeverashop.eu\\\/sk\\\/#organization\",\"name\":\"Lr Obchod Aloe Vera\",\"alternateName\":\"LR\",\"url\":\"https:\\\/\\\/www.lraloeverashop.eu\\\/sk\\\/\",\"logo\":{\"@type\":\"ImageObject\",\"inLanguage\":\"sk-SK\",\"@id\":\"https:\\\/\\\/www.lraloeverashop.eu\\\/sk\\\/#\\\/schema\\\/logo\\\/image\\\/\",\"url\":\"https:\\\/\\\/www.lraloeverashop.eu\\\/wp-content\\\/uploads\\\/2022\\\/09\\\/cropped-Lr-Aloe-Vera-Shop.jpg\",\"contentUrl\":\"https:\\\/\\\/www.lraloeverashop.eu\\\/wp-content\\\/uploads\\\/2022\\\/09\\\/cropped-Lr-Aloe-Vera-Shop.jpg\",\"width\":228,\"height\":76,\"caption\":\"Lr Obchod Aloe Vera\"},\"image\":{\"@id\":\"https:\\\/\\\/www.lraloeverashop.eu\\\/sk\\\/#\\\/schema\\\/logo\\\/image\\\/\"},\"sameAs\":[\"https:\\\/\\\/www.facebook.com\\\/lraloeverashop.eu\",\"https:\\\/\\\/x.com\\\/natur__kosmetik\",\"https:\\\/\\\/www.youtube.com\\\/channel\\\/UC5oN7BJ8nfYb8RpVtjwDEBA\",\"https:\\\/\\\/www.instagram.com\\\/lrbeautyeu\\\/\"],\"description\":\"Obchod Lr Aloe Vera je va\u0161\u00edm d\u00f4veryhodn\u00fdm miestom pre pr\u00e9miov\u00e9 produkty LR Health & Beauty vyroben\u00e9 v Nemecku. Pon\u00fakame vysokokvalitn\u00e9 rie\u0161enia starostlivosti o ple\u0165 s Aloe Vera, v\u00fd\u017eivu a proti starnutiu, vyroben\u00e9 z \u010dist\u00fdch ingredienci\u00ed a podlo\u017een\u00e9 vedeck\u00fdm v\u00fdskumom. Objavte pr\u00edrodn\u00fa starostlivos\u0165, ktor\u00e1 regeneruje, chr\u00e1ni a revitalizuje va\u0161u ple\u0165 \u2013 a vyu\u017eite exkluz\u00edvne mesa\u010dn\u00e9 ponuky na na\u0161e najpred\u00e1vanej\u0161ie produkty LR Aloe Vera.\\nZa\u010dnite svoju cestu za pr\u00edrodnou starostlivos\u0165ou o ple\u0165 e\u0161te dnes a poc\u00ed\u0165te rozdiel.\",\"email\":\"info@lraloeverashop.eu\",\"telephone\":\"+49 17670609653\",\"legalName\":\"Lr Aloe Vera Shop\",\"foundingDate\":\"2018-04-21\",\"numberOfEmployees\":{\"@type\":\"QuantitativeValue\",\"minValue\":\"1\",\"maxValue\":\"10\"}}]}<\/script>\n<meta property=\"product:price:amount\" content=\"42.99\" \/>\n<meta property=\"product:price:currency\" content=\"EUR\" \/>\n<meta property=\"og:availability\" content=\"out of stock\" \/>\n<meta property=\"product:availability\" content=\"out of stock\" \/>\n<meta property=\"product:retailer_item_id\" content=\"71022-1SK\" \/>\n<meta property=\"product:condition\" content=\"new\" \/>\n<!-- \/ Yoast SEO Premium plugin. -->","yoast_head_json":{"title":"Lr Maska na Spanie s s formulaciou proti starnutiu","description":"Pozdravte svie\u017eu, \u017eiariv\u00fa ple\u0165! Lr Maska na Spanie nesklame. Aplikujte pred span\u00edm pre siln\u00e9 no\u010dn\u00e9 o\u0161etrenie. Objednajte si ten svoj!","robots":{"index":"index","follow":"follow","max-snippet":"max-snippet:-1","max-image-preview":"max-image-preview:large","max-video-preview":"max-video-preview:-1"},"canonical":"https:\/\/www.lraloeverashop.eu\/sk\/produkt\/lr-maska-na-spanie\/","og_locale":"sk_SK","og_type":"article","og_title":"Lr Maska na Spanie","og_description":"Pozdravte svie\u017eu, \u017eiariv\u00fa ple\u0165! Lr Maska na Spanie nesklame. Aplikujte pred span\u00edm pre siln\u00e9 no\u010dn\u00e9 o\u0161etrenie. Objednajte si ten svoj!","og_url":"https:\/\/www.lraloeverashop.eu\/sk\/produkt\/lr-maska-na-spanie\/","og_site_name":"Lr Obchod Aloe Vera","article_publisher":"https:\/\/www.facebook.com\/lraloeverashop.eu","article_modified_time":"2025-12-15T07:30:11+00:00","og_image":[{"width":1200,"height":1200,"url":"https:\/\/www.lraloeverashop.eu\/wp-content\/uploads\/2025\/03\/Lr-Sleeping-Mask.jpg","type":"image\/jpeg"}],"twitter_card":"summary_large_image","twitter_site":"@natur__kosmetik","schema":{"@context":"https:\/\/schema.org","@graph":[{"@type":["WebPage","ItemPage"],"@id":"https:\/\/www.lraloeverashop.eu\/sk\/produkt\/lr-maska-na-spanie\/","url":"https:\/\/www.lraloeverashop.eu\/sk\/produkt\/lr-maska-na-spanie\/","name":"Lr Maska na Spanie s s formulaciou proti starnutiu","isPartOf":{"@id":"https:\/\/www.lraloeverashop.eu\/sk\/#website"},"primaryImageOfPage":{"@id":"https:\/\/www.lraloeverashop.eu\/sk\/produkt\/lr-maska-na-spanie\/#primaryimage"},"image":{"@id":"https:\/\/www.lraloeverashop.eu\/sk\/produkt\/lr-maska-na-spanie\/#primaryimage"},"thumbnailUrl":"https:\/\/www.lraloeverashop.eu\/wp-content\/uploads\/2025\/03\/Lr-Sleeping-Mask.jpg","datePublished":"2025-03-17T16:45:08+00:00","dateModified":"2025-12-15T07:30:11+00:00","description":"Pozdravte svie\u017eu, \u017eiariv\u00fa ple\u0165! Lr Maska na Spanie nesklame. Aplikujte pred span\u00edm pre siln\u00e9 no\u010dn\u00e9 o\u0161etrenie. Objednajte si ten svoj!","breadcrumb":{"@id":"https:\/\/www.lraloeverashop.eu\/sk\/produkt\/lr-maska-na-spanie\/#breadcrumb"},"inLanguage":"sk-SK","potentialAction":[{"@type":"ReadAction","target":["https:\/\/www.lraloeverashop.eu\/sk\/produkt\/lr-maska-na-spanie\/"]}]},{"@type":"ImageObject","inLanguage":"sk-SK","@id":"https:\/\/www.lraloeverashop.eu\/sk\/produkt\/lr-maska-na-spanie\/#primaryimage","url":"https:\/\/www.lraloeverashop.eu\/wp-content\/uploads\/2025\/03\/Lr-Sleeping-Mask.jpg","contentUrl":"https:\/\/www.lraloeverashop.eu\/wp-content\/uploads\/2025\/03\/Lr-Sleeping-Mask.jpg","width":1200,"height":1200,"caption":"Lr Maska na spanie s formulou proti starnutiu"},{"@type":"BreadcrumbList","@id":"https:\/\/www.lraloeverashop.eu\/sk\/produkt\/lr-maska-na-spanie\/#breadcrumb","itemListElement":[{"@type":"ListItem","position":1,"name":"Home","item":"https:\/\/www.lraloeverashop.eu\/sk\/aloe-vera-obchod-vsetko-pre-vasu-krasu-a-pohodu\/"},{"@type":"ListItem","position":2,"name":"Obchod","item":"https:\/\/www.lraloeverashop.eu\/sk\/obchod\/"},{"@type":"ListItem","position":3,"name":"Lr Maska na Spanie"}]},{"@type":"WebSite","@id":"https:\/\/www.lraloeverashop.eu\/sk\/#website","url":"https:\/\/www.lraloeverashop.eu\/sk\/","name":"Lr Obchod Aloe Vera","description":"High Quality Lr Aloe Vera Gel, Aloe Vera Cream and Shampoo","publisher":{"@id":"https:\/\/www.lraloeverashop.eu\/sk\/#organization"},"alternateName":"LR","potentialAction":[{"@type":"SearchAction","target":{"@type":"EntryPoint","urlTemplate":"https:\/\/www.lraloeverashop.eu\/sk\/?s={search_term_string}"},"query-input":{"@type":"PropertyValueSpecification","valueRequired":true,"valueName":"search_term_string"}}],"inLanguage":"sk-SK"},{"@type":"Organization","@id":"https:\/\/www.lraloeverashop.eu\/sk\/#organization","name":"Lr Obchod Aloe Vera","alternateName":"LR","url":"https:\/\/www.lraloeverashop.eu\/sk\/","logo":{"@type":"ImageObject","inLanguage":"sk-SK","@id":"https:\/\/www.lraloeverashop.eu\/sk\/#\/schema\/logo\/image\/","url":"https:\/\/www.lraloeverashop.eu\/wp-content\/uploads\/2022\/09\/cropped-Lr-Aloe-Vera-Shop.jpg","contentUrl":"https:\/\/www.lraloeverashop.eu\/wp-content\/uploads\/2022\/09\/cropped-Lr-Aloe-Vera-Shop.jpg","width":228,"height":76,"caption":"Lr Obchod Aloe Vera"},"image":{"@id":"https:\/\/www.lraloeverashop.eu\/sk\/#\/schema\/logo\/image\/"},"sameAs":["https:\/\/www.facebook.com\/lraloeverashop.eu","https:\/\/x.com\/natur__kosmetik","https:\/\/www.youtube.com\/channel\/UC5oN7BJ8nfYb8RpVtjwDEBA","https:\/\/www.instagram.com\/lrbeautyeu\/"],"description":"Obchod Lr Aloe Vera je va\u0161\u00edm d\u00f4veryhodn\u00fdm miestom pre pr\u00e9miov\u00e9 produkty LR Health & Beauty vyroben\u00e9 v Nemecku. Pon\u00fakame vysokokvalitn\u00e9 rie\u0161enia starostlivosti o ple\u0165 s Aloe Vera, v\u00fd\u017eivu a proti starnutiu, vyroben\u00e9 z \u010dist\u00fdch ingredienci\u00ed a podlo\u017een\u00e9 vedeck\u00fdm v\u00fdskumom. Objavte pr\u00edrodn\u00fa starostlivos\u0165, ktor\u00e1 regeneruje, chr\u00e1ni a revitalizuje va\u0161u ple\u0165 \u2013 a vyu\u017eite exkluz\u00edvne mesa\u010dn\u00e9 ponuky na na\u0161e najpred\u00e1vanej\u0161ie produkty LR Aloe Vera.\nZa\u010dnite svoju cestu za pr\u00edrodnou starostlivos\u0165ou o ple\u0165 e\u0161te dnes a poc\u00ed\u0165te rozdiel.","email":"info@lraloeverashop.eu","telephone":"+49 17670609653","legalName":"Lr Aloe Vera Shop","foundingDate":"2018-04-21","numberOfEmployees":{"@type":"QuantitativeValue","minValue":"1","maxValue":"10"}}]},"product_price_amount":"42.99","product_price_currency":"EUR","og_availability":"out of stock","product_availability":"out of stock","product_retailer_item_id":"71022-1SK","product_condition":"new"},"taxonomy_info":{"product_cat":[{"value":276,"label":"Mu\u017ei nad 25 rokov"},{"value":331,"label":"Produkty proti starnutiu"},{"value":270,"label":"Starostlivos\u0165 proti starnutiu"},{"value":396,"label":"Zeitgard"},{"value":288,"label":"\u017deny do 40"},{"value":282,"label":"\u017deny nad 40 rokov"},{"value":355,"label":"Z\u013eavy"}]},"featured_image_src_large":["https:\/\/www.lraloeverashop.eu\/wp-content\/uploads\/2025\/03\/Lr-Sleeping-Mask-1024x1024.jpg",1024,1024,true],"author_info":[],"comment_info":0,"_links":{"self":[{"href":"https:\/\/www.lraloeverashop.eu\/sk\/wp-json\/wp\/v2\/product\/26283","targetHints":{"allow":["GET"]}}],"collection":[{"href":"https:\/\/www.lraloeverashop.eu\/sk\/wp-json\/wp\/v2\/product"}],"about":[{"href":"https:\/\/www.lraloeverashop.eu\/sk\/wp-json\/wp\/v2\/types\/product"}],"replies":[{"embeddable":true,"href":"https:\/\/www.lraloeverashop.eu\/sk\/wp-json\/wp\/v2\/comments?post=26283"}],"wp:featuredmedia":[{"embeddable":true,"href":"https:\/\/www.lraloeverashop.eu\/sk\/wp-json\/wp\/v2\/media\/26293"}],"wp:attachment":[{"href":"https:\/\/www.lraloeverashop.eu\/sk\/wp-json\/wp\/v2\/media?parent=26283"}],"wp:term":[{"taxonomy":"product_brand","embeddable":true,"href":"https:\/\/www.lraloeverashop.eu\/sk\/wp-json\/wp\/v2\/product_brand?post=26283"},{"taxonomy":"product_cat","embeddable":true,"href":"https:\/\/www.lraloeverashop.eu\/sk\/wp-json\/wp\/v2\/product_cat?post=26283"},{"taxonomy":"product_tag","embeddable":true,"href":"https:\/\/www.lraloeverashop.eu\/sk\/wp-json\/wp\/v2\/product_tag?post=26283"}],"curies":[{"name":"wp","href":"https:\/\/api.w.org\/{rel}","templated":true}]}}