{"id":22851,"date":"2025-01-29T03:41:16","date_gmt":"2025-01-29T02:41:16","guid":{"rendered":"https:\/\/www.lraloeverashop.eu\/?post_type=product&#038;p=22851"},"modified":"2025-12-15T08:34:28","modified_gmt":"2025-12-15T07:34:28","slug":"lr-cbd-masazna-gulicka","status":"publish","type":"product","link":"https:\/\/www.lraloeverashop.eu\/sk\/produkt\/lr-cbd-masazna-gulicka\/","title":{"rendered":"Lr CBD Mas\u00e1\u017ena Guli\u010dka"},"content":{"rendered":"<h2><span style=\"font-size: 16pt;\"><strong>Lr CBD Mas\u00e1\u017ena guli\u010dka<\/strong><\/span><\/h2>\n<p><span style=\"font-size: 14pt;\"><strong>Lr CBD Mas\u00e1\u017ena Guli\u010dka &#8211; Jednoduch\u00e9 mas\u00e1\u017ene rie\u0161enie na boles\u0165 a unaven\u00e9 svaly<\/strong><\/span><\/p>\n<p>Relaxa\u010dn\u00e1 Lr CBD Mas\u00e1\u017ena Guli\u010dka s 20% Aloe Vera, organick\u00fdm olejom zo semien konope sativa, CBD, organick\u00fdm extraktom z kurkumy a kadidlom priaznivo p\u00f4sob\u00ed na obzvl\u00e1\u0161\u0165 nam\u00e1han\u00e9 \u010dasti tela.<\/p>\n<p>Cenn\u00e9 zlo\u017eky ako aloe vera, konopn\u00fd olej s CBD, kurkuma a kadidlo sa intenz\u00edvne staraj\u00fa o poko\u017eku, dod\u00e1vaj\u00fa jej vlhkos\u0165, podporuj\u00fa jej regener\u00e1ciu a zabezpe\u010duj\u00fa optim\u00e1lnu k\u013azavos\u0165. V\u010faka tomu s\u00fa ide\u00e1lnymi spolo\u010dn\u00edkmi ako po\u010das, tak aj po upokojuj\u00facej manu\u00e1lnej mas\u00e1\u017ei, ktor\u00e1 dok\u00e1\u017ee <strong><a href=\"https:\/\/www.lraloeverashop.eu\/sk\/produkt\/aloe-vera-relaxacne-hrejive-mlieko\/\">uvo\u013eni\u0165 nam\u00e1han\u00e9<\/a><\/strong> \u010dasti tela ako svaly, k\u013aby, a <strong><a href=\"https:\/\/www.lraloeverashop.eu\/sk\/produkt\/sprchovy-gel-aloe-vera-cbd\/\">poko\u017eku<\/a><\/strong>.<\/p>\n<p><strong>\u0160pecialita Lr CBD Mas\u00e1\u017enej Guli\u010dky:<\/strong> Aktiva\u010dn\u00fd <strong><a href=\"https:\/\/www.lraloeverashop.eu\/sk\/produkt\/cbd-masazna-gulicka\/\">hor\u00faci a studen\u00fd komplex<\/a><\/strong> obsiahnut\u00fd v recept\u00fare zais\u0165uje optim\u00e1lnu relax\u00e1ciu stimul\u00e1ciou mikrocirkul\u00e1cie a uvo\u013enen\u00edm tkaniva &#8211; skuto\u010dn\u00fd p\u00f4\u017eitok najm\u00e4 po \u0161portovej aktivite alebo inej fyzickej n\u00e1mahe.<\/p>\n<p>Mas\u00edrujte nam\u00e1han\u00e9 \u010dasti tela \u013eahk\u00fdm tlakom a poc\u00edtite pr\u00edjemne uvo\u013e\u0148uj\u00faci \u00fa\u010dinok!<\/p>\n<h3><strong><span style=\"font-size: 16pt;\">Postup pou\u017eitia<\/span><\/strong><\/h3>\n<p><strong>Krok 1:<\/strong> Oto\u010dte uz\u00e1ver proti smeru hodinov\u00fdch ru\u010di\u010diek.<\/p>\n<p><strong>Krok 2:<\/strong> Kr\u00fa\u017eiv\u00fdmi pohybmi nan\u00e1\u0161ajte ple\u0165ov\u00fa vodu na nam\u00e1han\u00e9 \u010dasti tela pomocou mas\u00e1\u017eneho roll-onu.<\/p>\n<p><strong>Krok 3:<\/strong> Potom uz\u00e1ver op\u00e4\u0165 zatvorte a doprajte si upokojuj\u00facu mas\u00e1\u017e a vychutnajte si chv\u00edle relaxu!<\/p>\n<p><strong>Krok 4:<\/strong> Tip na cesty: Vmas\u00edrujte ple\u0165ov\u00fa vodu vie\u010dkom znovu uzavret\u00e9ho roll-onu, aby ste si potom nemuseli um\u00fdva\u0165 ruky.<\/p>\n<p><span style=\"color: #ff0000;\"><strong>Upozornenie:<\/strong><\/span> Po kontakte s tekutinou si umyte ruky. Zabr\u00e1\u0148te kontaktu s o\u010dami a sliznicami. V pr\u00edpade n\u00e1hodn\u00e9ho kontaktu ihne\u010f opl\u00e1chnite vodou. V\u00fdrobok uchov\u00e1vajte mimo dosahu det\u00ed.<\/p>\n<h3><strong><span style=\"font-size: 16pt;\">Vedeli ste?<\/span><\/strong><\/h3>\n<p>Lr CBD Mas\u00e1\u017ena Guli\u010dka je zo s\u00e9rie pr\u00e9miovej starostlivosti CBD s cenn\u00fdmi akt\u00edvnymi zlo\u017ekami z Aloe Vera Barbadensis a Cannabis Sativa. Kombin\u00e1cia Aloe Vera &amp; organick\u00e9ho oleja zo semien konope sativa, zmie\u0161an\u00e1 s CBD, m\u00e1 upokojuj\u00faci a intenz\u00edvny o\u0161etruj\u00faci \u00fa\u010dinok na obzvl\u00e1\u0161\u0165 nam\u00e1han\u00fa a nam\u00e1han\u00fa poko\u017eku, preto\u017ee je podporovan\u00fd vlastn\u00fd <strong><a href=\"https:\/\/www.lraloeverashop.eu\/sk\/aloe-vera-krem-s-propolisom\/\">regenera\u010dn\u00fd proces<\/a><\/strong> poko\u017eky a poko\u017eka je vy\u017eivovan\u00e1.<\/p>\n<p>Kanabidiol \u2013 skr\u00e1tene CBD \u2013 je pr\u00edrodn\u00e1 zlo\u017eka z rastliny konope a z\u00edskava sa z jej listov a stoniek. Organick\u00fd olej zo semien kanabisu sativa zmie\u0161an\u00fd s CBD sa m\u00f4\u017ee obzvl\u00e1\u0161\u0165 dobre stara\u0165 o nam\u00e1han\u00fa poko\u017eku v\u010faka svojim upokojuj\u00facim vlastnostiam.<\/p>\n","protected":false},"excerpt":{"rendered":"<ul>\n<li><strong><span style=\"color: #ff0000;\">Limitovan\u00e1 ponuka<\/span><\/strong><\/li>\n<li>Relaxa\u010dn\u00e1 guli\u010dka s 20% aloe vera, organick\u00fdm olejom zo semien konope sativa, CBD, organick\u00fdm extraktom z kurkumy a kadidlom<\/li>\n<li>Upokojuje nam\u00e1han\u00e9 \u010dasti tela<\/li>\n<li>S hor\u00facim a studen\u00fdm komplexom &#8211; aktivuje a z\u00e1rove\u0148 uvo\u013e\u0148uje<\/li>\n<li>Mno\u017estvo: 2 x 50 ml<\/li>\n<\/ul>\n<p>&nbsp;<\/p>\n","protected":false},"featured_media":21830,"comment_status":"open","ping_status":"closed","template":"","meta":{"_kad_blocks_custom_css":"","_kad_blocks_head_custom_js":"","_kad_blocks_body_custom_js":"","_kad_blocks_footer_custom_js":"","_kadence_starter_templates_imported_post":false,"_kad_post_transparent":"default","_kad_post_title":"","_kad_post_layout":"default","_kad_post_sidebar_id":"","_kad_post_content_style":"default","_kad_post_vertical_padding":"default","_kad_post_feature":"","_kad_post_feature_position":"","_kad_post_header":false,"_kad_post_footer":false,"_kad_post_classname":""},"product_brand":[],"product_cat":[216,236,231,355],"product_tag":[619,564,566],"class_list":{"0":"post-22851","1":"product","2":"type-product","3":"status-publish","4":"has-post-thumbnail","6":"product_cat-aloe-vera-sk","7":"product_cat-cbd-sk","8":"product_cat-starostlivost-o-telo","9":"product_cat-zlavy","10":"product_tag-cbd-produkty","11":"product_tag-masaz","12":"product_tag-svalove-napatie","14":"first","15":"outofstock","16":"sale","17":"taxable","18":"shipping-taxable","19":"purchasable","20":"product-type-simple","21":"entry","22":"content-bg","23":"loop-entry"},"yoast_head":"<!-- This site is optimized with the Yoast SEO Premium plugin v27.4 (Yoast SEO v27.4) - https:\/\/yoast.com\/product\/yoast-seo-premium-wordpress\/ -->\n<title>Lr CBD Mas\u00e1\u017ena guli\u010dka pre nam\u00e1han\u00e9 k\u013aby a stuhnut\u00e9 svaly<\/title>\n<meta name=\"description\" content=\"Na\u0161a Relaxa\u010dn\u00e1 Lr CBD Mas\u00e1\u017ena Guli\u010dka upokojuje nam\u00e1han\u00e9 svaly a k\u013aby. Obsahuje aloe vera, CBD, kurkumu a kadidlo pre \u00fapln\u00fa relax\u00e1ciu. Vysk\u00fa\u0161ajte to e\u0161te dnes!\" \/>\n<meta name=\"robots\" content=\"index, follow, max-snippet:-1, max-image-preview:large, max-video-preview:-1\" \/>\n<link rel=\"canonical\" href=\"https:\/\/www.lraloeverashop.eu\/sk\/produkt\/lr-cbd-masazna-gulicka\/\" \/>\n<meta property=\"og:locale\" content=\"sk_SK\" \/>\n<meta property=\"og:type\" content=\"article\" \/>\n<meta property=\"og:title\" content=\"Lr CBD Mas\u00e1\u017ena Guli\u010dka\" \/>\n<meta property=\"og:description\" content=\"Na\u0161a Relaxa\u010dn\u00e1 Lr CBD Mas\u00e1\u017ena Guli\u010dka upokojuje nam\u00e1han\u00e9 svaly a k\u013aby. Obsahuje aloe vera, CBD, kurkumu a kadidlo pre \u00fapln\u00fa relax\u00e1ciu. Vysk\u00fa\u0161ajte to e\u0161te dnes!\" \/>\n<meta property=\"og:url\" content=\"https:\/\/www.lraloeverashop.eu\/sk\/produkt\/lr-cbd-masazna-gulicka\/\" \/>\n<meta property=\"og:site_name\" content=\"Lr Obchod Aloe Vera\" \/>\n<meta property=\"article:publisher\" content=\"https:\/\/www.facebook.com\/lraloeverashop.eu\" \/>\n<meta property=\"article:modified_time\" content=\"2025-12-15T07:34:28+00:00\" \/>\n<meta property=\"og:image\" content=\"https:\/\/www.lraloeverashop.eu\/wp-content\/uploads\/2025\/01\/CBD-Aloe-Vera-Massage-roll-on.jpg\" \/>\n\t<meta property=\"og:image:width\" content=\"1200\" \/>\n\t<meta property=\"og:image:height\" content=\"1200\" \/>\n\t<meta property=\"og:image:type\" content=\"image\/jpeg\" \/>\n<meta name=\"twitter:card\" content=\"summary_large_image\" \/>\n<meta name=\"twitter:site\" content=\"@natur__kosmetik\" \/>\n<script type=\"application\/ld+json\" class=\"yoast-schema-graph\">{\"@context\":\"https:\\\/\\\/schema.org\",\"@graph\":[{\"@type\":[\"WebPage\",\"ItemPage\"],\"@id\":\"https:\\\/\\\/www.lraloeverashop.eu\\\/sk\\\/produkt\\\/lr-cbd-masazna-gulicka\\\/\",\"url\":\"https:\\\/\\\/www.lraloeverashop.eu\\\/sk\\\/produkt\\\/lr-cbd-masazna-gulicka\\\/\",\"name\":\"Lr CBD Mas\u00e1\u017ena guli\u010dka pre nam\u00e1han\u00e9 k\u013aby a stuhnut\u00e9 svaly\",\"isPartOf\":{\"@id\":\"https:\\\/\\\/www.lraloeverashop.eu\\\/sk\\\/#website\"},\"primaryImageOfPage\":{\"@id\":\"https:\\\/\\\/www.lraloeverashop.eu\\\/sk\\\/produkt\\\/lr-cbd-masazna-gulicka\\\/#primaryimage\"},\"image\":{\"@id\":\"https:\\\/\\\/www.lraloeverashop.eu\\\/sk\\\/produkt\\\/lr-cbd-masazna-gulicka\\\/#primaryimage\"},\"thumbnailUrl\":\"https:\\\/\\\/www.lraloeverashop.eu\\\/wp-content\\\/uploads\\\/2025\\\/01\\\/CBD-Aloe-Vera-Massage-roll-on.jpg\",\"datePublished\":\"2025-01-29T02:41:16+00:00\",\"dateModified\":\"2025-12-15T07:34:28+00:00\",\"description\":\"Na\u0161a Relaxa\u010dn\u00e1 Lr CBD Mas\u00e1\u017ena Guli\u010dka upokojuje nam\u00e1han\u00e9 svaly a k\u013aby. Obsahuje aloe vera, CBD, kurkumu a kadidlo pre \u00fapln\u00fa relax\u00e1ciu. Vysk\u00fa\u0161ajte to e\u0161te dnes!\",\"breadcrumb\":{\"@id\":\"https:\\\/\\\/www.lraloeverashop.eu\\\/sk\\\/produkt\\\/lr-cbd-masazna-gulicka\\\/#breadcrumb\"},\"inLanguage\":\"sk-SK\",\"potentialAction\":[{\"@type\":\"ReadAction\",\"target\":[\"https:\\\/\\\/www.lraloeverashop.eu\\\/sk\\\/produkt\\\/lr-cbd-masazna-gulicka\\\/\"]}]},{\"@type\":\"ImageObject\",\"inLanguage\":\"sk-SK\",\"@id\":\"https:\\\/\\\/www.lraloeverashop.eu\\\/sk\\\/produkt\\\/lr-cbd-masazna-gulicka\\\/#primaryimage\",\"url\":\"https:\\\/\\\/www.lraloeverashop.eu\\\/wp-content\\\/uploads\\\/2025\\\/01\\\/CBD-Aloe-Vera-Massage-roll-on.jpg\",\"contentUrl\":\"https:\\\/\\\/www.lraloeverashop.eu\\\/wp-content\\\/uploads\\\/2025\\\/01\\\/CBD-Aloe-Vera-Massage-roll-on.jpg\",\"width\":1200,\"height\":1200,\"caption\":\"Lr CBD Aloe Vera Mas\u00e1\u017eny roll-on Limitovan\u00e1 ponuka\"},{\"@type\":\"BreadcrumbList\",\"@id\":\"https:\\\/\\\/www.lraloeverashop.eu\\\/sk\\\/produkt\\\/lr-cbd-masazna-gulicka\\\/#breadcrumb\",\"itemListElement\":[{\"@type\":\"ListItem\",\"position\":1,\"name\":\"Home\",\"item\":\"https:\\\/\\\/www.lraloeverashop.eu\\\/sk\\\/\"},{\"@type\":\"ListItem\",\"position\":2,\"name\":\"Obchod\",\"item\":\"https:\\\/\\\/www.lraloeverashop.eu\\\/shop\\\/\"},{\"@type\":\"ListItem\",\"position\":3,\"name\":\"Lr CBD Mas\u00e1\u017ena Guli\u010dka\"}]},{\"@type\":\"WebSite\",\"@id\":\"https:\\\/\\\/www.lraloeverashop.eu\\\/sk\\\/#website\",\"url\":\"https:\\\/\\\/www.lraloeverashop.eu\\\/sk\\\/\",\"name\":\"Lr Obchod Aloe Vera\",\"description\":\"High Quality Lr Aloe Vera Gel, Aloe Vera Cream and Shampoo\",\"publisher\":{\"@id\":\"https:\\\/\\\/www.lraloeverashop.eu\\\/sk\\\/#organization\"},\"potentialAction\":[{\"@type\":\"SearchAction\",\"target\":{\"@type\":\"EntryPoint\",\"urlTemplate\":\"https:\\\/\\\/www.lraloeverashop.eu\\\/sk\\\/?s={search_term_string}\"},\"query-input\":{\"@type\":\"PropertyValueSpecification\",\"valueRequired\":true,\"valueName\":\"search_term_string\"}}],\"inLanguage\":\"sk-SK\"},{\"@type\":\"Organization\",\"@id\":\"https:\\\/\\\/www.lraloeverashop.eu\\\/sk\\\/#organization\",\"name\":\"Lr Obchod Aloe Vera\",\"alternateName\":\"LR\",\"url\":\"https:\\\/\\\/www.lraloeverashop.eu\\\/sk\\\/\",\"logo\":{\"@type\":\"ImageObject\",\"inLanguage\":\"sk-SK\",\"@id\":\"https:\\\/\\\/www.lraloeverashop.eu\\\/sk\\\/#\\\/schema\\\/logo\\\/image\\\/\",\"url\":\"https:\\\/\\\/www.lraloeverashop.eu\\\/wp-content\\\/uploads\\\/2022\\\/09\\\/cropped-Lr-Aloe-Vera-Shop.jpg\",\"contentUrl\":\"https:\\\/\\\/www.lraloeverashop.eu\\\/wp-content\\\/uploads\\\/2022\\\/09\\\/cropped-Lr-Aloe-Vera-Shop.jpg\",\"width\":228,\"height\":76,\"caption\":\"Lr Obchod Aloe Vera\"},\"image\":{\"@id\":\"https:\\\/\\\/www.lraloeverashop.eu\\\/sk\\\/#\\\/schema\\\/logo\\\/image\\\/\"},\"sameAs\":[\"https:\\\/\\\/www.facebook.com\\\/lraloeverashop.eu\",\"https:\\\/\\\/x.com\\\/natur__kosmetik\",\"https:\\\/\\\/www.youtube.com\\\/channel\\\/UC5oN7BJ8nfYb8RpVtjwDEBA\",\"https:\\\/\\\/www.instagram.com\\\/lrbeautyeu\\\/\"],\"description\":\"Obchod Lr Aloe Vera je va\u0161\u00edm d\u00f4veryhodn\u00fdm miestom pre pr\u00e9miov\u00e9 produkty LR Health & Beauty vyroben\u00e9 v Nemecku. Pon\u00fakame vysokokvalitn\u00e9 rie\u0161enia starostlivosti o ple\u0165 s Aloe Vera, v\u00fd\u017eivu a proti starnutiu, vyroben\u00e9 z \u010dist\u00fdch ingredienci\u00ed a podlo\u017een\u00e9 vedeck\u00fdm v\u00fdskumom. Objavte pr\u00edrodn\u00fa starostlivos\u0165, ktor\u00e1 regeneruje, chr\u00e1ni a revitalizuje va\u0161u ple\u0165 \u2013 a vyu\u017eite exkluz\u00edvne mesa\u010dn\u00e9 ponuky na na\u0161e najpred\u00e1vanej\u0161ie produkty LR Aloe Vera.\\nZa\u010dnite svoju cestu za pr\u00edrodnou starostlivos\u0165ou o ple\u0165 e\u0161te dnes a poc\u00ed\u0165te rozdiel.\",\"email\":\"info@lraloeverashop.eu\",\"telephone\":\"+49 17670609653\",\"legalName\":\"Lr Aloe Vera Shop\",\"foundingDate\":\"2018-04-21\",\"numberOfEmployees\":{\"@type\":\"QuantitativeValue\",\"minValue\":\"1\",\"maxValue\":\"10\"}}]}<\/script>\n<meta property=\"product:price:amount\" content=\"42.99\" \/>\n<meta property=\"product:price:currency\" content=\"EUR\" \/>\n<meta property=\"og:availability\" content=\"out of stock\" \/>\n<meta property=\"product:availability\" content=\"out of stock\" \/>\n<meta property=\"product:retailer_item_id\" content=\"20829-1SK\" \/>\n<meta property=\"product:condition\" content=\"new\" \/>\n<!-- \/ Yoast SEO Premium plugin. -->","yoast_head_json":{"title":"Lr CBD Mas\u00e1\u017ena guli\u010dka pre nam\u00e1han\u00e9 k\u013aby a stuhnut\u00e9 svaly","description":"Na\u0161a Relaxa\u010dn\u00e1 Lr CBD Mas\u00e1\u017ena Guli\u010dka upokojuje nam\u00e1han\u00e9 svaly a k\u013aby. Obsahuje aloe vera, CBD, kurkumu a kadidlo pre \u00fapln\u00fa relax\u00e1ciu. Vysk\u00fa\u0161ajte to e\u0161te dnes!","robots":{"index":"index","follow":"follow","max-snippet":"max-snippet:-1","max-image-preview":"max-image-preview:large","max-video-preview":"max-video-preview:-1"},"canonical":"https:\/\/www.lraloeverashop.eu\/sk\/produkt\/lr-cbd-masazna-gulicka\/","og_locale":"sk_SK","og_type":"article","og_title":"Lr CBD Mas\u00e1\u017ena Guli\u010dka","og_description":"Na\u0161a Relaxa\u010dn\u00e1 Lr CBD Mas\u00e1\u017ena Guli\u010dka upokojuje nam\u00e1han\u00e9 svaly a k\u013aby. Obsahuje aloe vera, CBD, kurkumu a kadidlo pre \u00fapln\u00fa relax\u00e1ciu. Vysk\u00fa\u0161ajte to e\u0161te dnes!","og_url":"https:\/\/www.lraloeverashop.eu\/sk\/produkt\/lr-cbd-masazna-gulicka\/","og_site_name":"Lr Obchod Aloe Vera","article_publisher":"https:\/\/www.facebook.com\/lraloeverashop.eu","article_modified_time":"2025-12-15T07:34:28+00:00","og_image":[{"width":1200,"height":1200,"url":"https:\/\/www.lraloeverashop.eu\/wp-content\/uploads\/2025\/01\/CBD-Aloe-Vera-Massage-roll-on.jpg","type":"image\/jpeg"}],"twitter_card":"summary_large_image","twitter_site":"@natur__kosmetik","schema":{"@context":"https:\/\/schema.org","@graph":[{"@type":["WebPage","ItemPage"],"@id":"https:\/\/www.lraloeverashop.eu\/sk\/produkt\/lr-cbd-masazna-gulicka\/","url":"https:\/\/www.lraloeverashop.eu\/sk\/produkt\/lr-cbd-masazna-gulicka\/","name":"Lr CBD Mas\u00e1\u017ena guli\u010dka pre nam\u00e1han\u00e9 k\u013aby a stuhnut\u00e9 svaly","isPartOf":{"@id":"https:\/\/www.lraloeverashop.eu\/sk\/#website"},"primaryImageOfPage":{"@id":"https:\/\/www.lraloeverashop.eu\/sk\/produkt\/lr-cbd-masazna-gulicka\/#primaryimage"},"image":{"@id":"https:\/\/www.lraloeverashop.eu\/sk\/produkt\/lr-cbd-masazna-gulicka\/#primaryimage"},"thumbnailUrl":"https:\/\/www.lraloeverashop.eu\/wp-content\/uploads\/2025\/01\/CBD-Aloe-Vera-Massage-roll-on.jpg","datePublished":"2025-01-29T02:41:16+00:00","dateModified":"2025-12-15T07:34:28+00:00","description":"Na\u0161a Relaxa\u010dn\u00e1 Lr CBD Mas\u00e1\u017ena Guli\u010dka upokojuje nam\u00e1han\u00e9 svaly a k\u013aby. Obsahuje aloe vera, CBD, kurkumu a kadidlo pre \u00fapln\u00fa relax\u00e1ciu. Vysk\u00fa\u0161ajte to e\u0161te dnes!","breadcrumb":{"@id":"https:\/\/www.lraloeverashop.eu\/sk\/produkt\/lr-cbd-masazna-gulicka\/#breadcrumb"},"inLanguage":"sk-SK","potentialAction":[{"@type":"ReadAction","target":["https:\/\/www.lraloeverashop.eu\/sk\/produkt\/lr-cbd-masazna-gulicka\/"]}]},{"@type":"ImageObject","inLanguage":"sk-SK","@id":"https:\/\/www.lraloeverashop.eu\/sk\/produkt\/lr-cbd-masazna-gulicka\/#primaryimage","url":"https:\/\/www.lraloeverashop.eu\/wp-content\/uploads\/2025\/01\/CBD-Aloe-Vera-Massage-roll-on.jpg","contentUrl":"https:\/\/www.lraloeverashop.eu\/wp-content\/uploads\/2025\/01\/CBD-Aloe-Vera-Massage-roll-on.jpg","width":1200,"height":1200,"caption":"Lr CBD Aloe Vera Mas\u00e1\u017eny roll-on Limitovan\u00e1 ponuka"},{"@type":"BreadcrumbList","@id":"https:\/\/www.lraloeverashop.eu\/sk\/produkt\/lr-cbd-masazna-gulicka\/#breadcrumb","itemListElement":[{"@type":"ListItem","position":1,"name":"Home","item":"https:\/\/www.lraloeverashop.eu\/sk\/"},{"@type":"ListItem","position":2,"name":"Obchod","item":"https:\/\/www.lraloeverashop.eu\/shop\/"},{"@type":"ListItem","position":3,"name":"Lr CBD Mas\u00e1\u017ena Guli\u010dka"}]},{"@type":"WebSite","@id":"https:\/\/www.lraloeverashop.eu\/sk\/#website","url":"https:\/\/www.lraloeverashop.eu\/sk\/","name":"Lr Obchod Aloe Vera","description":"High Quality Lr Aloe Vera Gel, Aloe Vera Cream and Shampoo","publisher":{"@id":"https:\/\/www.lraloeverashop.eu\/sk\/#organization"},"potentialAction":[{"@type":"SearchAction","target":{"@type":"EntryPoint","urlTemplate":"https:\/\/www.lraloeverashop.eu\/sk\/?s={search_term_string}"},"query-input":{"@type":"PropertyValueSpecification","valueRequired":true,"valueName":"search_term_string"}}],"inLanguage":"sk-SK"},{"@type":"Organization","@id":"https:\/\/www.lraloeverashop.eu\/sk\/#organization","name":"Lr Obchod Aloe Vera","alternateName":"LR","url":"https:\/\/www.lraloeverashop.eu\/sk\/","logo":{"@type":"ImageObject","inLanguage":"sk-SK","@id":"https:\/\/www.lraloeverashop.eu\/sk\/#\/schema\/logo\/image\/","url":"https:\/\/www.lraloeverashop.eu\/wp-content\/uploads\/2022\/09\/cropped-Lr-Aloe-Vera-Shop.jpg","contentUrl":"https:\/\/www.lraloeverashop.eu\/wp-content\/uploads\/2022\/09\/cropped-Lr-Aloe-Vera-Shop.jpg","width":228,"height":76,"caption":"Lr Obchod Aloe Vera"},"image":{"@id":"https:\/\/www.lraloeverashop.eu\/sk\/#\/schema\/logo\/image\/"},"sameAs":["https:\/\/www.facebook.com\/lraloeverashop.eu","https:\/\/x.com\/natur__kosmetik","https:\/\/www.youtube.com\/channel\/UC5oN7BJ8nfYb8RpVtjwDEBA","https:\/\/www.instagram.com\/lrbeautyeu\/"],"description":"Obchod Lr Aloe Vera je va\u0161\u00edm d\u00f4veryhodn\u00fdm miestom pre pr\u00e9miov\u00e9 produkty LR Health & Beauty vyroben\u00e9 v Nemecku. Pon\u00fakame vysokokvalitn\u00e9 rie\u0161enia starostlivosti o ple\u0165 s Aloe Vera, v\u00fd\u017eivu a proti starnutiu, vyroben\u00e9 z \u010dist\u00fdch ingredienci\u00ed a podlo\u017een\u00e9 vedeck\u00fdm v\u00fdskumom. Objavte pr\u00edrodn\u00fa starostlivos\u0165, ktor\u00e1 regeneruje, chr\u00e1ni a revitalizuje va\u0161u ple\u0165 \u2013 a vyu\u017eite exkluz\u00edvne mesa\u010dn\u00e9 ponuky na na\u0161e najpred\u00e1vanej\u0161ie produkty LR Aloe Vera.\nZa\u010dnite svoju cestu za pr\u00edrodnou starostlivos\u0165ou o ple\u0165 e\u0161te dnes a poc\u00ed\u0165te rozdiel.","email":"info@lraloeverashop.eu","telephone":"+49 17670609653","legalName":"Lr Aloe Vera Shop","foundingDate":"2018-04-21","numberOfEmployees":{"@type":"QuantitativeValue","minValue":"1","maxValue":"10"}}]},"product_price_amount":"42.99","product_price_currency":"EUR","og_availability":"out of stock","product_availability":"out of stock","product_retailer_item_id":"20829-1SK","product_condition":"new"},"taxonomy_info":{"product_cat":[{"value":216,"label":"Aloe Vera"},{"value":236,"label":"CBD"},{"value":231,"label":"Starostlivos\u0165 o telo"},{"value":355,"label":"Z\u013eavy"}],"product_tag":[{"value":619,"label":"Cbd produkty"},{"value":564,"label":"Mas\u00e1\u017e"},{"value":566,"label":"Svalov\u00e9 nap\u00e4tie"}]},"featured_image_src_large":["https:\/\/www.lraloeverashop.eu\/wp-content\/uploads\/2025\/01\/CBD-Aloe-Vera-Massage-roll-on-1024x1024.jpg",1024,1024,true],"author_info":[],"comment_info":0,"_links":{"self":[{"href":"https:\/\/www.lraloeverashop.eu\/sk\/wp-json\/wp\/v2\/product\/22851","targetHints":{"allow":["GET"]}}],"collection":[{"href":"https:\/\/www.lraloeverashop.eu\/sk\/wp-json\/wp\/v2\/product"}],"about":[{"href":"https:\/\/www.lraloeverashop.eu\/sk\/wp-json\/wp\/v2\/types\/product"}],"replies":[{"embeddable":true,"href":"https:\/\/www.lraloeverashop.eu\/sk\/wp-json\/wp\/v2\/comments?post=22851"}],"wp:featuredmedia":[{"embeddable":true,"href":"https:\/\/www.lraloeverashop.eu\/sk\/wp-json\/wp\/v2\/media\/21830"}],"wp:attachment":[{"href":"https:\/\/www.lraloeverashop.eu\/sk\/wp-json\/wp\/v2\/media?parent=22851"}],"wp:term":[{"taxonomy":"product_brand","embeddable":true,"href":"https:\/\/www.lraloeverashop.eu\/sk\/wp-json\/wp\/v2\/product_brand?post=22851"},{"taxonomy":"product_cat","embeddable":true,"href":"https:\/\/www.lraloeverashop.eu\/sk\/wp-json\/wp\/v2\/product_cat?post=22851"},{"taxonomy":"product_tag","embeddable":true,"href":"https:\/\/www.lraloeverashop.eu\/sk\/wp-json\/wp\/v2\/product_tag?post=22851"}],"curies":[{"name":"wp","href":"https:\/\/api.w.org\/{rel}","templated":true}]}}