{"id":21886,"date":"2025-01-26T08:21:45","date_gmt":"2025-01-26T07:21:45","guid":{"rendered":"https:\/\/www.lraloeverashop.eu\/?post_type=product&#038;p=21886"},"modified":"2025-12-15T08:35:44","modified_gmt":"2025-12-15T07:35:44","slug":"vlakninovy-doplnok-fiber-boost","status":"publish","type":"product","link":"https:\/\/www.lraloeverashop.eu\/sk\/produkt\/vlakninovy-doplnok-fiber-boost\/","title":{"rendered":"Vl\u00e1kninov\u00fd Doplnok Fiber Boost"},"content":{"rendered":"<h2><span style=\"font-size: 16pt;\"><strong>Vl\u00e1kninov\u00fd Doplnok Fiber Boost<\/strong><\/span><\/h2>\n<p><span style=\"font-size: 14pt;\"><strong>Vl\u00e1kninov\u00fd Doplnok Fiber Boost \u2013 Va\u0161a denn\u00e1 d\u00e1vka vl\u00e1kniny<\/strong><\/span><\/p>\n<p>Bojujete s neust\u00e1lymi pocitmi hladu alebo m\u00e1te nedostatok denn\u00e9ho pr\u00edjmu vl\u00e1kniny? Vl\u00e1kninov\u00fd Doplnok Fiber Boost je tu, aby v\u00e1m zjednodu\u0161il cestu k lep\u0161iemu zdraviu. Tento \u00fa\u010dinn\u00fd doplnok, ktor\u00fd je vytvoren\u00fd tak, aby v\u00e1m pomohol c\u00edti\u0165 sa s\u00fdty a s\u00fastreden\u00fd, podporuje regul\u00e1ciu hmotnosti a celkov\u00fa pohodu, tak\u017ee m\u00f4\u017eete zosta\u0165 na vrchole svojich cie\u013eov.<\/p>\n<h3><span style=\"font-size: 16pt;\"><strong>Pre\u010do by ste si mali vybra\u0165 vl\u00e1kninov\u00fd doplnok Fiber Boost?<\/strong><\/span><\/h3>\n<p>Z\u00edska\u0165 dostatok vl\u00e1kniny v ru\u0161nom \u017eivotnom \u0161t\u00fdle m\u00f4\u017ee by\u0165 \u0165a\u017ek\u00e9. To je d\u00f4vod, pre\u010do Vl\u00e1kninov\u00fd Doplnok kombinuje tri druhy vl\u00e1kniny spolu so z\u00e1kladn\u00fdmi \u017eivinami, aby va\u0161e telo bolo spokojn\u00e9 a nabit\u00e9 energiou. Je to ide\u00e1lne rie\u0161enie pre ka\u017ed\u00e9ho, kto chce rozdrvi\u0165 chute, zlep\u0161i\u0165 tr\u00e1venie a udr\u017ea\u0165 stabilitu hladiny cukru v krvi \u2013 a to v\u0161etko bez pridan\u00fdch cukrov.<\/p>\n<h3><span style=\"font-size: 16pt;\"><strong>V\u00fdhody Doplnku<\/strong><\/span><\/h3>\n<ol>\n<li><strong>Bojuje proti hladu:<\/strong> Vl\u00e1kninov\u00fd Doplnok Fiber Boost zni\u017euje chu\u0165 na hlad medzi jedlami, v\u010faka \u010domu je skvel\u00e1 na regul\u00e1ciu hmotnosti.<\/li>\n<li><strong>Podporuje metabolizmus:<\/strong> Obohaten\u00e9 o chr\u00f3m na regul\u00e1ciu hladiny cukru v krvi.<\/li>\n<li><strong>Zlo\u017eky priazniv\u00e9 pre \u010drev\u00e1:<\/strong> Pom\u00e1ha udr\u017eiava\u0165 hladk\u00e9 tr\u00e1venie a podporuje celkov\u00e9 <strong><a href=\"https:\/\/www.lraloeverashop.eu\/sk\/produkt\/probiotika-pro-12-plus\/\">zdravie \u010driev<\/a><\/strong>.<\/li>\n<li><strong>N\u00edzkokalorick\u00e1 sladkos\u0165:<\/strong> Prirodzene sladen\u00e9 st\u00e9viou, tak\u017ee si ju m\u00f4\u017eete vychutna\u0165 bez viny.<\/li>\n<\/ol>\n<h3><span style=\"font-size: 16pt;\"><strong>Ako pou\u017e\u00edva\u0165<\/strong><\/span><\/h3>\n<p>Vezmite si raz denne Vl\u00e1kninov\u00fd Doplnok. Odpor\u00fa\u010da sa u\u017e\u00edva\u0165 medzi jedlami.<\/p>\n<p><strong>Pr\u00edprava:<\/strong> Do 200 ml mlieka s n\u00edzkym obsahom tuku, mlieka bez lakt\u00f3zy (1,5% tuku) alebo vody ur\u010denej na okam\u017eit\u00fa konzum\u00e1ciu primie\u0161ajte dve lopatky (jednu lopatka = pribli\u017ene 3,5 g). Pou\u017eite aspo\u0148 300 ml pohar. Preto odpor\u00fa\u010dame pr\u00edpravu v LR Shaker.<\/p>\n<p><strong>Pozn\u00e1mka:<\/strong> Uistite sa, \u017ee ste <strong><a href=\"https:\/\/www.lraloeverashop.eu\/sk\/produkt\/bylinkovy-caj-na-chudnutie\/\">pili dos\u0165 tekut\u00edn<\/a><\/strong>. V\u00fdrobok uchov\u00e1vajte mimo dosahu mal\u00fdch det\u00ed. Udr\u017eujte dobre uzavret\u00e9, usu\u0161te a uchov\u00e1vajte pri izbovej teplote. Znovu zatvorte po otvoren\u00ed.<\/p>\n<h3><span style=\"font-size: 16pt;\"><strong>Bonus: Pohodln\u00e9 a flexibiln\u00e9<\/strong><\/span><\/h3>\n<p>\u010ci u\u017e ste doma, v kancel\u00e1rii alebo na cest\u00e1ch, Vl\u00e1kninov\u00fd Doplnok Fiber Boost bez n\u00e1mahy zapadne do v\u00e1\u0161ho d\u0148a. Je navrhnut\u00fd tak, aby dop\u013a\u0148al v\u00e1\u0161 akt\u00edvny \u017eivotn\u00fd \u0161t\u00fdl.<\/p>\n<p>Optim\u00e1lne v\u00fdsledky dosiahnete kombin\u00e1ciou di\u00e9tnej vl\u00e1kniny s vyv\u00e1\u017eenou stravou a pravideln\u00fdm cvi\u010den\u00edm. Pam\u00e4tajte, \u017ee nejde len o <strong><a href=\"https:\/\/www.lraloeverashop.eu\/sk\/produkt\/batatova-polievka-na-chudnutie\/\">potl\u00e1\u010danie hladu<\/a><\/strong>, ale aj o budovanie zdrav\u00e9ho \u017eivotn\u00e9ho \u0161t\u00fdlu.<\/p>\n<p>Spl\u0148te si svoje denn\u00e9 ciele t\u00fdkaj\u00face sa vl\u00e1kniny s \u013eahkos\u0165ou a u\u017e\u00edvajte si vy\u0161\u0161iu spokojnos\u0165 medzi jedlami. Urobte prv\u00fd krok k zdrav\u0161iemu ja u\u017e dnes!<\/p>\n","protected":false},"excerpt":{"rendered":"<ul>\n<li><strong><span style=\"color: #ff0000;\">Limitovan\u00e1 ponuka<\/span><\/strong><\/li>\n<li>Vl\u00e1kna proti ve\u013ek\u00e9mu hladu<\/li>\n<li>Pre v\u0161eobecn\u00e9 blahobyt v ka\u017edodennom \u017eivote<\/li>\n<li>Pre pr\u00edjemn\u00fd pocit tela<\/li>\n<li>N\u00edzka hladina kal\u00f3ri\u00ed s pr\u00edrodnou sladkos\u0165ou Stevie<\/li>\n<li>Bohat\u00e9 na vl\u00e1kno z troch r\u00f4znych zdrojov<\/li>\n<li>Obsah: 2 x 210g<\/li>\n<\/ul>\n<p>&nbsp;<\/p>\n","protected":false},"featured_media":21844,"comment_status":"open","ping_status":"closed","template":"","meta":{"_kad_blocks_custom_css":"","_kad_blocks_head_custom_js":"","_kad_blocks_body_custom_js":"","_kad_blocks_footer_custom_js":"","_kadence_starter_templates_imported_post":false,"_kad_post_transparent":"default","_kad_post_title":"","_kad_post_layout":"default","_kad_post_sidebar_id":"","_kad_post_content_style":"default","_kad_post_vertical_padding":"default","_kad_post_feature":"","_kad_post_feature_position":"","_kad_post_header":false,"_kad_post_footer":false,"_kad_post_classname":""},"product_brand":[],"product_cat":[438,343,337,468,355],"product_tag":[623],"class_list":{"0":"post-21886","1":"product","2":"type-product","3":"status-publish","4":"has-post-thumbnail","6":"product_cat-creva-a-travenie","7":"product_cat-dietny-spolocnik","8":"product_cat-doplnky-stravy","9":"product_cat-specialista","10":"product_cat-zlavy","11":"product_tag-dieta-sk","13":"first","14":"outofstock","15":"sale","16":"taxable","17":"shipping-taxable","18":"purchasable","19":"product-type-simple","20":"entry","21":"content-bg","22":"loop-entry"},"yoast_head":"<!-- This site is optimized with the Yoast SEO Premium plugin v27.4 (Yoast SEO v27.4) - https:\/\/yoast.com\/product\/yoast-seo-premium-wordpress\/ -->\n<title>Vl\u00e1kninov\u00fd Doplnok Fiber Boost - Va\u0161a denn\u00e1 d\u00e1vka vl\u00e1kniny<\/title>\n<meta name=\"description\" content=\"Vl\u00e1kninov\u00fd Doplnok Fiber Boost podporuje telo s vysok\u00fdm obsahom vl\u00e1kniny z troch r\u00f4znych zdrojov vl\u00e1knin a chut\u00ed v\u00fdborne. Dod\u00e1va pocit s\u00fdtosti.\" \/>\n<meta name=\"robots\" content=\"index, follow, max-snippet:-1, max-image-preview:large, max-video-preview:-1\" \/>\n<link rel=\"canonical\" href=\"https:\/\/www.lraloeverashop.eu\/sk\/produkt\/vlakninovy-doplnok-fiber-boost\/\" \/>\n<meta property=\"og:locale\" content=\"sk_SK\" \/>\n<meta property=\"og:type\" content=\"article\" \/>\n<meta property=\"og:title\" content=\"Vl\u00e1kninov\u00fd Doplnok Fiber Boost\" \/>\n<meta property=\"og:description\" content=\"Vl\u00e1kninov\u00fd Doplnok Fiber Boost podporuje telo s vysok\u00fdm obsahom vl\u00e1kniny z troch r\u00f4znych zdrojov vl\u00e1knin a chut\u00ed v\u00fdborne. Dod\u00e1va pocit s\u00fdtosti.\" \/>\n<meta property=\"og:url\" content=\"https:\/\/www.lraloeverashop.eu\/sk\/produkt\/vlakninovy-doplnok-fiber-boost\/\" \/>\n<meta property=\"og:site_name\" content=\"Lr Obchod Aloe Vera\" \/>\n<meta property=\"article:publisher\" content=\"https:\/\/www.facebook.com\/lraloeverashop.eu\" \/>\n<meta property=\"article:modified_time\" content=\"2025-12-15T07:35:44+00:00\" \/>\n<meta property=\"og:image\" content=\"https:\/\/www.lraloeverashop.eu\/wp-content\/uploads\/2025\/01\/Fiber-Boost-Fiber-Supplement.jpg\" \/>\n\t<meta property=\"og:image:width\" content=\"1200\" \/>\n\t<meta property=\"og:image:height\" content=\"1200\" \/>\n\t<meta property=\"og:image:type\" content=\"image\/jpeg\" \/>\n<meta name=\"twitter:card\" content=\"summary_large_image\" \/>\n<meta name=\"twitter:site\" content=\"@natur__kosmetik\" \/>\n<script type=\"application\/ld+json\" class=\"yoast-schema-graph\">{\"@context\":\"https:\\\/\\\/schema.org\",\"@graph\":[{\"@type\":[\"WebPage\",\"ItemPage\"],\"@id\":\"https:\\\/\\\/www.lraloeverashop.eu\\\/sk\\\/produkt\\\/vlakninovy-doplnok-fiber-boost\\\/\",\"url\":\"https:\\\/\\\/www.lraloeverashop.eu\\\/sk\\\/produkt\\\/vlakninovy-doplnok-fiber-boost\\\/\",\"name\":\"Vl\u00e1kninov\u00fd Doplnok Fiber Boost - Va\u0161a denn\u00e1 d\u00e1vka vl\u00e1kniny\",\"isPartOf\":{\"@id\":\"https:\\\/\\\/www.lraloeverashop.eu\\\/sk\\\/#website\"},\"primaryImageOfPage\":{\"@id\":\"https:\\\/\\\/www.lraloeverashop.eu\\\/sk\\\/produkt\\\/vlakninovy-doplnok-fiber-boost\\\/#primaryimage\"},\"image\":{\"@id\":\"https:\\\/\\\/www.lraloeverashop.eu\\\/sk\\\/produkt\\\/vlakninovy-doplnok-fiber-boost\\\/#primaryimage\"},\"thumbnailUrl\":\"https:\\\/\\\/www.lraloeverashop.eu\\\/wp-content\\\/uploads\\\/2025\\\/01\\\/Fiber-Boost-Fiber-Supplement.jpg\",\"datePublished\":\"2025-01-26T07:21:45+00:00\",\"dateModified\":\"2025-12-15T07:35:44+00:00\",\"description\":\"Vl\u00e1kninov\u00fd Doplnok Fiber Boost podporuje telo s vysok\u00fdm obsahom vl\u00e1kniny z troch r\u00f4znych zdrojov vl\u00e1knin a chut\u00ed v\u00fdborne. Dod\u00e1va pocit s\u00fdtosti.\",\"breadcrumb\":{\"@id\":\"https:\\\/\\\/www.lraloeverashop.eu\\\/sk\\\/produkt\\\/vlakninovy-doplnok-fiber-boost\\\/#breadcrumb\"},\"inLanguage\":\"sk-SK\",\"potentialAction\":[{\"@type\":\"ReadAction\",\"target\":[\"https:\\\/\\\/www.lraloeverashop.eu\\\/sk\\\/produkt\\\/vlakninovy-doplnok-fiber-boost\\\/\"]}]},{\"@type\":\"ImageObject\",\"inLanguage\":\"sk-SK\",\"@id\":\"https:\\\/\\\/www.lraloeverashop.eu\\\/sk\\\/produkt\\\/vlakninovy-doplnok-fiber-boost\\\/#primaryimage\",\"url\":\"https:\\\/\\\/www.lraloeverashop.eu\\\/wp-content\\\/uploads\\\/2025\\\/01\\\/Fiber-Boost-Fiber-Supplement.jpg\",\"contentUrl\":\"https:\\\/\\\/www.lraloeverashop.eu\\\/wp-content\\\/uploads\\\/2025\\\/01\\\/Fiber-Boost-Fiber-Supplement.jpg\",\"width\":1200,\"height\":1200,\"caption\":\"Vl\u00e1kninov\u00fd Doplnok Fiber Boost Limitovan\u00e1 ponuka\"},{\"@type\":\"BreadcrumbList\",\"@id\":\"https:\\\/\\\/www.lraloeverashop.eu\\\/sk\\\/produkt\\\/vlakninovy-doplnok-fiber-boost\\\/#breadcrumb\",\"itemListElement\":[{\"@type\":\"ListItem\",\"position\":1,\"name\":\"Home\",\"item\":\"https:\\\/\\\/www.lraloeverashop.eu\\\/sk\\\/\"},{\"@type\":\"ListItem\",\"position\":2,\"name\":\"Obchod\",\"item\":\"https:\\\/\\\/www.lraloeverashop.eu\\\/shop\\\/\"},{\"@type\":\"ListItem\",\"position\":3,\"name\":\"Vl\u00e1kninov\u00fd Doplnok Fiber Boost\"}]},{\"@type\":\"WebSite\",\"@id\":\"https:\\\/\\\/www.lraloeverashop.eu\\\/sk\\\/#website\",\"url\":\"https:\\\/\\\/www.lraloeverashop.eu\\\/sk\\\/\",\"name\":\"Lr Obchod Aloe Vera\",\"description\":\"High Quality Lr Aloe Vera Gel, Aloe Vera Cream and Shampoo\",\"publisher\":{\"@id\":\"https:\\\/\\\/www.lraloeverashop.eu\\\/sk\\\/#organization\"},\"potentialAction\":[{\"@type\":\"SearchAction\",\"target\":{\"@type\":\"EntryPoint\",\"urlTemplate\":\"https:\\\/\\\/www.lraloeverashop.eu\\\/sk\\\/?s={search_term_string}\"},\"query-input\":{\"@type\":\"PropertyValueSpecification\",\"valueRequired\":true,\"valueName\":\"search_term_string\"}}],\"inLanguage\":\"sk-SK\"},{\"@type\":\"Organization\",\"@id\":\"https:\\\/\\\/www.lraloeverashop.eu\\\/sk\\\/#organization\",\"name\":\"Lr Obchod Aloe Vera\",\"alternateName\":\"LR\",\"url\":\"https:\\\/\\\/www.lraloeverashop.eu\\\/sk\\\/\",\"logo\":{\"@type\":\"ImageObject\",\"inLanguage\":\"sk-SK\",\"@id\":\"https:\\\/\\\/www.lraloeverashop.eu\\\/sk\\\/#\\\/schema\\\/logo\\\/image\\\/\",\"url\":\"https:\\\/\\\/www.lraloeverashop.eu\\\/wp-content\\\/uploads\\\/2022\\\/09\\\/cropped-Lr-Aloe-Vera-Shop.jpg\",\"contentUrl\":\"https:\\\/\\\/www.lraloeverashop.eu\\\/wp-content\\\/uploads\\\/2022\\\/09\\\/cropped-Lr-Aloe-Vera-Shop.jpg\",\"width\":228,\"height\":76,\"caption\":\"Lr Obchod Aloe Vera\"},\"image\":{\"@id\":\"https:\\\/\\\/www.lraloeverashop.eu\\\/sk\\\/#\\\/schema\\\/logo\\\/image\\\/\"},\"sameAs\":[\"https:\\\/\\\/www.facebook.com\\\/lraloeverashop.eu\",\"https:\\\/\\\/x.com\\\/natur__kosmetik\",\"https:\\\/\\\/www.youtube.com\\\/channel\\\/UC5oN7BJ8nfYb8RpVtjwDEBA\",\"https:\\\/\\\/www.instagram.com\\\/lrbeautyeu\\\/\"],\"description\":\"Obchod Lr Aloe Vera je va\u0161\u00edm d\u00f4veryhodn\u00fdm miestom pre pr\u00e9miov\u00e9 produkty LR Health & Beauty vyroben\u00e9 v Nemecku. Pon\u00fakame vysokokvalitn\u00e9 rie\u0161enia starostlivosti o ple\u0165 s Aloe Vera, v\u00fd\u017eivu a proti starnutiu, vyroben\u00e9 z \u010dist\u00fdch ingredienci\u00ed a podlo\u017een\u00e9 vedeck\u00fdm v\u00fdskumom. Objavte pr\u00edrodn\u00fa starostlivos\u0165, ktor\u00e1 regeneruje, chr\u00e1ni a revitalizuje va\u0161u ple\u0165 \u2013 a vyu\u017eite exkluz\u00edvne mesa\u010dn\u00e9 ponuky na na\u0161e najpred\u00e1vanej\u0161ie produkty LR Aloe Vera.\\nZa\u010dnite svoju cestu za pr\u00edrodnou starostlivos\u0165ou o ple\u0165 e\u0161te dnes a poc\u00ed\u0165te rozdiel.\",\"email\":\"info@lraloeverashop.eu\",\"telephone\":\"+49 17670609653\",\"legalName\":\"Lr Aloe Vera Shop\",\"foundingDate\":\"2018-04-21\",\"numberOfEmployees\":{\"@type\":\"QuantitativeValue\",\"minValue\":\"1\",\"maxValue\":\"10\"}}]}<\/script>\n<meta property=\"product:price:amount\" content=\"47.98\" \/>\n<meta property=\"product:price:currency\" content=\"EUR\" \/>\n<meta property=\"og:availability\" content=\"out of stock\" \/>\n<meta property=\"product:availability\" content=\"out of stock\" \/>\n<meta property=\"product:retailer_item_id\" content=\"80632-99SK\" \/>\n<meta property=\"product:condition\" content=\"new\" \/>\n<!-- \/ Yoast SEO Premium plugin. -->","yoast_head_json":{"title":"Vl\u00e1kninov\u00fd Doplnok Fiber Boost - Va\u0161a denn\u00e1 d\u00e1vka vl\u00e1kniny","description":"Vl\u00e1kninov\u00fd Doplnok Fiber Boost podporuje telo s vysok\u00fdm obsahom vl\u00e1kniny z troch r\u00f4znych zdrojov vl\u00e1knin a chut\u00ed v\u00fdborne. Dod\u00e1va pocit s\u00fdtosti.","robots":{"index":"index","follow":"follow","max-snippet":"max-snippet:-1","max-image-preview":"max-image-preview:large","max-video-preview":"max-video-preview:-1"},"canonical":"https:\/\/www.lraloeverashop.eu\/sk\/produkt\/vlakninovy-doplnok-fiber-boost\/","og_locale":"sk_SK","og_type":"article","og_title":"Vl\u00e1kninov\u00fd Doplnok Fiber Boost","og_description":"Vl\u00e1kninov\u00fd Doplnok Fiber Boost podporuje telo s vysok\u00fdm obsahom vl\u00e1kniny z troch r\u00f4znych zdrojov vl\u00e1knin a chut\u00ed v\u00fdborne. Dod\u00e1va pocit s\u00fdtosti.","og_url":"https:\/\/www.lraloeverashop.eu\/sk\/produkt\/vlakninovy-doplnok-fiber-boost\/","og_site_name":"Lr Obchod Aloe Vera","article_publisher":"https:\/\/www.facebook.com\/lraloeverashop.eu","article_modified_time":"2025-12-15T07:35:44+00:00","og_image":[{"width":1200,"height":1200,"url":"https:\/\/www.lraloeverashop.eu\/wp-content\/uploads\/2025\/01\/Fiber-Boost-Fiber-Supplement.jpg","type":"image\/jpeg"}],"twitter_card":"summary_large_image","twitter_site":"@natur__kosmetik","schema":{"@context":"https:\/\/schema.org","@graph":[{"@type":["WebPage","ItemPage"],"@id":"https:\/\/www.lraloeverashop.eu\/sk\/produkt\/vlakninovy-doplnok-fiber-boost\/","url":"https:\/\/www.lraloeverashop.eu\/sk\/produkt\/vlakninovy-doplnok-fiber-boost\/","name":"Vl\u00e1kninov\u00fd Doplnok Fiber Boost - Va\u0161a denn\u00e1 d\u00e1vka vl\u00e1kniny","isPartOf":{"@id":"https:\/\/www.lraloeverashop.eu\/sk\/#website"},"primaryImageOfPage":{"@id":"https:\/\/www.lraloeverashop.eu\/sk\/produkt\/vlakninovy-doplnok-fiber-boost\/#primaryimage"},"image":{"@id":"https:\/\/www.lraloeverashop.eu\/sk\/produkt\/vlakninovy-doplnok-fiber-boost\/#primaryimage"},"thumbnailUrl":"https:\/\/www.lraloeverashop.eu\/wp-content\/uploads\/2025\/01\/Fiber-Boost-Fiber-Supplement.jpg","datePublished":"2025-01-26T07:21:45+00:00","dateModified":"2025-12-15T07:35:44+00:00","description":"Vl\u00e1kninov\u00fd Doplnok Fiber Boost podporuje telo s vysok\u00fdm obsahom vl\u00e1kniny z troch r\u00f4znych zdrojov vl\u00e1knin a chut\u00ed v\u00fdborne. Dod\u00e1va pocit s\u00fdtosti.","breadcrumb":{"@id":"https:\/\/www.lraloeverashop.eu\/sk\/produkt\/vlakninovy-doplnok-fiber-boost\/#breadcrumb"},"inLanguage":"sk-SK","potentialAction":[{"@type":"ReadAction","target":["https:\/\/www.lraloeverashop.eu\/sk\/produkt\/vlakninovy-doplnok-fiber-boost\/"]}]},{"@type":"ImageObject","inLanguage":"sk-SK","@id":"https:\/\/www.lraloeverashop.eu\/sk\/produkt\/vlakninovy-doplnok-fiber-boost\/#primaryimage","url":"https:\/\/www.lraloeverashop.eu\/wp-content\/uploads\/2025\/01\/Fiber-Boost-Fiber-Supplement.jpg","contentUrl":"https:\/\/www.lraloeverashop.eu\/wp-content\/uploads\/2025\/01\/Fiber-Boost-Fiber-Supplement.jpg","width":1200,"height":1200,"caption":"Vl\u00e1kninov\u00fd Doplnok Fiber Boost Limitovan\u00e1 ponuka"},{"@type":"BreadcrumbList","@id":"https:\/\/www.lraloeverashop.eu\/sk\/produkt\/vlakninovy-doplnok-fiber-boost\/#breadcrumb","itemListElement":[{"@type":"ListItem","position":1,"name":"Home","item":"https:\/\/www.lraloeverashop.eu\/sk\/"},{"@type":"ListItem","position":2,"name":"Obchod","item":"https:\/\/www.lraloeverashop.eu\/shop\/"},{"@type":"ListItem","position":3,"name":"Vl\u00e1kninov\u00fd Doplnok Fiber Boost"}]},{"@type":"WebSite","@id":"https:\/\/www.lraloeverashop.eu\/sk\/#website","url":"https:\/\/www.lraloeverashop.eu\/sk\/","name":"Lr Obchod Aloe Vera","description":"High Quality Lr Aloe Vera Gel, Aloe Vera Cream and Shampoo","publisher":{"@id":"https:\/\/www.lraloeverashop.eu\/sk\/#organization"},"potentialAction":[{"@type":"SearchAction","target":{"@type":"EntryPoint","urlTemplate":"https:\/\/www.lraloeverashop.eu\/sk\/?s={search_term_string}"},"query-input":{"@type":"PropertyValueSpecification","valueRequired":true,"valueName":"search_term_string"}}],"inLanguage":"sk-SK"},{"@type":"Organization","@id":"https:\/\/www.lraloeverashop.eu\/sk\/#organization","name":"Lr Obchod Aloe Vera","alternateName":"LR","url":"https:\/\/www.lraloeverashop.eu\/sk\/","logo":{"@type":"ImageObject","inLanguage":"sk-SK","@id":"https:\/\/www.lraloeverashop.eu\/sk\/#\/schema\/logo\/image\/","url":"https:\/\/www.lraloeverashop.eu\/wp-content\/uploads\/2022\/09\/cropped-Lr-Aloe-Vera-Shop.jpg","contentUrl":"https:\/\/www.lraloeverashop.eu\/wp-content\/uploads\/2022\/09\/cropped-Lr-Aloe-Vera-Shop.jpg","width":228,"height":76,"caption":"Lr Obchod Aloe Vera"},"image":{"@id":"https:\/\/www.lraloeverashop.eu\/sk\/#\/schema\/logo\/image\/"},"sameAs":["https:\/\/www.facebook.com\/lraloeverashop.eu","https:\/\/x.com\/natur__kosmetik","https:\/\/www.youtube.com\/channel\/UC5oN7BJ8nfYb8RpVtjwDEBA","https:\/\/www.instagram.com\/lrbeautyeu\/"],"description":"Obchod Lr Aloe Vera je va\u0161\u00edm d\u00f4veryhodn\u00fdm miestom pre pr\u00e9miov\u00e9 produkty LR Health & Beauty vyroben\u00e9 v Nemecku. Pon\u00fakame vysokokvalitn\u00e9 rie\u0161enia starostlivosti o ple\u0165 s Aloe Vera, v\u00fd\u017eivu a proti starnutiu, vyroben\u00e9 z \u010dist\u00fdch ingredienci\u00ed a podlo\u017een\u00e9 vedeck\u00fdm v\u00fdskumom. Objavte pr\u00edrodn\u00fa starostlivos\u0165, ktor\u00e1 regeneruje, chr\u00e1ni a revitalizuje va\u0161u ple\u0165 \u2013 a vyu\u017eite exkluz\u00edvne mesa\u010dn\u00e9 ponuky na na\u0161e najpred\u00e1vanej\u0161ie produkty LR Aloe Vera.\nZa\u010dnite svoju cestu za pr\u00edrodnou starostlivos\u0165ou o ple\u0165 e\u0161te dnes a poc\u00ed\u0165te rozdiel.","email":"info@lraloeverashop.eu","telephone":"+49 17670609653","legalName":"Lr Aloe Vera Shop","foundingDate":"2018-04-21","numberOfEmployees":{"@type":"QuantitativeValue","minValue":"1","maxValue":"10"}}]},"product_price_amount":"47.98","product_price_currency":"EUR","og_availability":"out of stock","product_availability":"out of stock","product_retailer_item_id":"80632-99SK","product_condition":"new"},"taxonomy_info":{"product_cat":[{"value":438,"label":"\u010crev\u00e1 a Tr\u00e1venie"},{"value":343,"label":"Di\u00e9tny spolo\u010dn\u00edk"},{"value":337,"label":"N\u00e1hrada jedla"},{"value":468,"label":"\u0160pecialisti"},{"value":355,"label":"Z\u013eavy"}],"product_tag":[{"value":623,"label":"Di\u00e9ta"}]},"featured_image_src_large":["https:\/\/www.lraloeverashop.eu\/wp-content\/uploads\/2025\/01\/Fiber-Boost-Fiber-Supplement-1024x1024.jpg",1024,1024,true],"author_info":[],"comment_info":0,"_links":{"self":[{"href":"https:\/\/www.lraloeverashop.eu\/sk\/wp-json\/wp\/v2\/product\/21886","targetHints":{"allow":["GET"]}}],"collection":[{"href":"https:\/\/www.lraloeverashop.eu\/sk\/wp-json\/wp\/v2\/product"}],"about":[{"href":"https:\/\/www.lraloeverashop.eu\/sk\/wp-json\/wp\/v2\/types\/product"}],"replies":[{"embeddable":true,"href":"https:\/\/www.lraloeverashop.eu\/sk\/wp-json\/wp\/v2\/comments?post=21886"}],"wp:featuredmedia":[{"embeddable":true,"href":"https:\/\/www.lraloeverashop.eu\/sk\/wp-json\/wp\/v2\/media\/21844"}],"wp:attachment":[{"href":"https:\/\/www.lraloeverashop.eu\/sk\/wp-json\/wp\/v2\/media?parent=21886"}],"wp:term":[{"taxonomy":"product_brand","embeddable":true,"href":"https:\/\/www.lraloeverashop.eu\/sk\/wp-json\/wp\/v2\/product_brand?post=21886"},{"taxonomy":"product_cat","embeddable":true,"href":"https:\/\/www.lraloeverashop.eu\/sk\/wp-json\/wp\/v2\/product_cat?post=21886"},{"taxonomy":"product_tag","embeddable":true,"href":"https:\/\/www.lraloeverashop.eu\/sk\/wp-json\/wp\/v2\/product_tag?post=21886"}],"curies":[{"name":"wp","href":"https:\/\/api.w.org\/{rel}","templated":true}]}}