{"id":21862,"date":"2025-01-25T09:19:01","date_gmt":"2025-01-25T08:19:01","guid":{"rendered":"https:\/\/www.lraloeverashop.eu\/?post_type=product&#038;p=21862"},"modified":"2025-12-15T08:36:26","modified_gmt":"2025-12-15T07:36:26","slug":"kremy-proti-vraskam-serox","status":"publish","type":"product","link":"https:\/\/www.lraloeverashop.eu\/sk\/produkt\/kremy-proti-vraskam-serox\/","title":{"rendered":"Kr\u00e9my Proti Vr\u00e1skam Serox"},"content":{"rendered":"<h2><span style=\"font-size: 16pt;\"><strong>Kr\u00e9my Proti Vr\u00e1skam Serox<\/strong><\/span><\/h2>\n<p><span style=\"font-size: 14pt;\"><strong>Kr\u00e9my Proti Vr\u00e1skam Serox \u2013 Kompletn\u00e1 starostlivos\u0165 proti starnutiu<\/strong><\/span><\/p>\n<p>Revitalizujte svoju ple\u0165 e\u0161te dnes. Kr\u00e9my Proti Vr\u00e1skam Serox s\u00fa v\u00e1\u0161im kompletn\u00fdm rie\u0161enim na boj proti vr\u00e1skam na tv\u00e1ri a udr\u017eanie mladistv\u00e9ho lesku. T\u00e1to sada obsahuje s\u00e9rum s okam\u017eit\u00fdm v\u00fdsledkom a <strong><a href=\"https:\/\/www.lraloeverashop.eu\/sk\/produkt\/krem-proti-vraskam-serox\/\">intenz\u00edvny kr\u00e9m proti vr\u00e1skam Serox<\/a><\/strong>, dva \u00fa\u010dinn\u00e9 produkty navrhnut\u00e9 tak, aby poskytovali vidite\u013en\u00e9 v\u00fdsledky, dokonca aj pre jemn\u00e9 linky a vr\u00e1sky pod o\u010dami.<\/p>\n<p>S\u00e9rum na Ple\u0165 Serox kombinuje inovat\u00edvne zlo\u017eky, ako s\u00fa Argireline\u00ae, Ameliox\u00ae a Polylift\u00ae, aby vidite\u013ene redukoval v\u00fdskyt mimick\u00fdch liniek a vr\u00e1sok. Toto \u013eahk\u00e9 s\u00e9rum sa r\u00fdchlo vstreb\u00e1va do poko\u017eky, poskytuje hodv\u00e1bny pocit a osvie\u017euj\u00facu, hladk\u00fa ple\u0165.<\/p>\n<p>Spojte ho s Kr\u00e9mom Proti Vr\u00e1skam Serox, bohat\u00fdm hydrata\u010dn\u00fdm zlo\u017een\u00edm obohaten\u00fdm o Hyaluronic Filling Spheres\u00ae. Tento kr\u00e9m sa zameriava na hlb\u0161ie vr\u00e1sky, dop\u013a\u0148a straten\u00fa elasticitu a zlep\u0161uje objem poko\u017eky pre pevnej\u0161\u00ed a \u017eiarivej\u0161\u00ed vzh\u013ead.<\/p>\n<p>&nbsp;<\/p>\n<h3><span style=\"font-size: 16pt;\"><strong>Vlastnosti a v\u00fdhody<\/strong><\/span><\/h3>\n<ul>\n<li><strong>Redukuje vr\u00e1sky: <\/strong>Kr\u00e9my Proti Vr\u00e1skam Serox spolupracuj\u00fa na zmen\u0161en\u00ed vzh\u013eadu jemn\u00fdch liniek a vr\u00e1sok pod o\u010dami, na \u010dele a v oblasti nosa.<\/li>\n<li><strong>Vysokokvalitn\u00e9 akt\u00edvne zlo\u017eky: <\/strong>Sada Serox proti vr\u00e1skam obsahuje Argireline\u00ae, Ameliox\u00ae, Polylift\u00ae a Hyaluronic Spheres\u00ae pre maxim\u00e1lnu \u00fa\u010dinnos\u0165.<\/li>\n<li><strong>R\u00fdchla absorpcia: <\/strong>\u013dahk\u00e9 s\u00e9rum okam\u017eite prenik\u00e1 do poko\u017eky a nezanech\u00e1va pocit mastnoty.<\/li>\n<li><strong>Zlep\u0161uje pru\u017enos\u0165 poko\u017eky: <\/strong>Posil\u0148uje a omladzuje poko\u017eku pre pevnej\u0161\u00ed a hlad\u0161\u00ed vzh\u013ead.<\/li>\n<li><strong>Hlbok\u00e1 hydrat\u00e1cia: <\/strong>Poskytuje <strong><a href=\"https:\/\/www.lraloeverashop.eu\/sk\/produkt\/aloe-vera-hydratacny-gelovy-koncentrat\/\">intenz\u00edvnu vlhkos\u0165<\/a><\/strong> suchej, nam\u00e1hanej poko\u017eke a zais\u0165uje jej zdrav\u00fa a pru\u017en\u00fa text\u00faru.<\/li>\n<li><strong>Pocit uvo\u013enenej poko\u017eky: <\/strong>Oba Kr\u00e9my na Vr\u00e1sky zanechaj\u00fa poko\u017eku jemn\u00fa, postaran\u00fa a osvie\u017een\u00fa po ka\u017edom pou\u017eit\u00ed.<\/li>\n<\/ul>\n<p>&nbsp;<\/p>\n<h3><span style=\"font-size: 16pt;\"><strong>Ako pou\u017e\u00edva\u0165<\/strong><\/span><\/h3>\n<ol>\n<li>Za\u010dnite so <a href=\"https:\/\/www.lraloeverashop.eu\/sk\/produkt\/serum-na-plet-serox\/\"><strong>S\u00e9rom<\/strong> na Ple\u0165 Serox<\/a>. Naneste mal\u00e9 mno\u017estvo na vy\u010disten\u00fa ple\u0165, zamerajte sa na miesta n\u00e1chyln\u00e9 na tvorbu vr\u00e1sok. Jemne mas\u00edrujte, k\u00fdm sa nevstrebe.<\/li>\n<li>Pokra\u010dujte intenz\u00edvnym kr\u00e9mom proti starnutiu Serox. Naneste ho na tv\u00e1r a krk, aby ste uzamkli hydrat\u00e1ciu a posilnili \u00fa\u010dinky proti starnutiu.<\/li>\n<li>Pre dosiahnutie najlep\u0161\u00edch v\u00fdsledkov pou\u017e\u00edvajte oba produkty r\u00e1no aj ve\u010der.<\/li>\n<\/ol>\n<p>&nbsp;<\/p>\n<h3><span style=\"font-size: 16pt;\"><strong>Pre\u010do si vybra\u0165 pr\u00e1ve tieto Kr\u00e9my Proti Vr\u00e1skam?<\/strong><\/span><\/h3>\n<p>Toto duo dermatologicky testovan\u00fdch produktov, navrhnut\u00e9 pre osoby od 35 rokov a viac, je dokonal\u00fdm doplnkom va\u0161ej rutiny starostlivosti o ple\u0165. \u010ci u\u017e ide o redukciu vr\u00e1sok okolo o\u010d\u00ed alebo zv\u00fd\u0161enie pevnosti poko\u017eky, tieto produkty poskytuj\u00fa cielen\u00e9 rie\u0161enia, ktor\u00e9 v\u00e1m pom\u00f4\u017eu vyzera\u0165 a <strong><a href=\"https:\/\/www.lraloeverashop.eu\/sk\/produkt\/lr-elixir-krasy\/\">c\u00edti\u0165 sa sebavedomo<\/a><\/strong>.<\/p>\n<p>Vr\u00e1\u0165te sp\u00e4\u0165 pru\u017enos\u0165, hladkos\u0165 a mladistv\u00fd lesk. Tieto Kr\u00e9my Proti Vr\u00e1skam Vam pom\u00f4\u017eu. Z\u00edskajte svoju pokro\u010dil\u00fa starostlivos\u0165 proti starnutiu e\u0161te dnes!<\/p>\n","protected":false},"excerpt":{"rendered":"<ul>\n<li>Serox s\u00e9rum s okam\u017eit\u00fdm v\u00fdsledkom, 30 ml<\/li>\n<li>S vysoko kvalitn\u00fdmi ingredienciami: Argireline\u00ae, Ameliox\u00ae a Polylift\u00ae<\/li>\n<li>Serox Intenz\u00edvny kr\u00e9m proti starnutiu, 50 ml<\/li>\n<li>Zjem\u0148uje v\u00fdrazy tv\u00e1re od 35 rokov<\/li>\n<li>Set Vhodn\u00fd aj pre such\u00fa poko\u017eku<\/li>\n<li>Vyroben\u00e9 v Nemecku<\/li>\n<\/ul>\n<p>&nbsp;<\/p>\n","protected":false},"featured_media":21851,"comment_status":"open","ping_status":"closed","template":"","meta":{"_kad_blocks_custom_css":"","_kad_blocks_head_custom_js":"","_kad_blocks_body_custom_js":"","_kad_blocks_footer_custom_js":"","_kadence_starter_templates_imported_post":false,"_kad_post_transparent":"default","_kad_post_title":"","_kad_post_layout":"default","_kad_post_sidebar_id":"","_kad_post_content_style":"default","_kad_post_vertical_padding":"default","_kad_post_feature":"","_kad_post_feature_position":"","_kad_post_header":false,"_kad_post_footer":false,"_kad_post_classname":""},"product_brand":[],"product_cat":[331,390,270,282,355],"product_tag":[706],"class_list":{"0":"post-21862","1":"product","2":"type-product","3":"status-publish","4":"has-post-thumbnail","6":"product_cat-produkty-proti-starnutiu","7":"product_cat-serox-sk","8":"product_cat-starostlivost-proti-starnutiu","9":"product_cat-zeny-nad-40-rokov","10":"product_cat-zlavy","11":"product_tag-na-vrasky-na-tvari","13":"first","14":"outofstock","15":"sale","16":"taxable","17":"shipping-taxable","18":"purchasable","19":"product-type-simple","20":"entry","21":"content-bg","22":"loop-entry"},"yoast_head":"<!-- This site is optimized with the Yoast SEO Premium plugin v27.3 (Yoast SEO v27.3) - https:\/\/yoast.com\/product\/yoast-seo-premium-wordpress\/ -->\n<title>Kr\u00e9my Proti Vr\u00e1skam Serox pre hladkos\u0165 a mladistv\u00fd lesk<\/title>\n<meta name=\"description\" content=\"Vr\u00e1\u0165te sp\u00e4\u0165 pru\u017enos\u0165, hladkos\u0165 a mladistv\u00fd lesk este dnes! Kr\u00e9my Proti Vr\u00e1skam Serox od Lr Health &amp; Beauty V\u00e1m v tom pom\u00f4\u017eu. Vysk\u00fa\u0161ajte a uvid\u00edte.\" \/>\n<meta name=\"robots\" content=\"index, follow, max-snippet:-1, max-image-preview:large, max-video-preview:-1\" \/>\n<link rel=\"canonical\" href=\"https:\/\/www.lraloeverashop.eu\/sk\/produkt\/kremy-proti-vraskam-serox\/\" \/>\n<meta property=\"og:locale\" content=\"sk_SK\" \/>\n<meta property=\"og:type\" content=\"article\" \/>\n<meta property=\"og:title\" content=\"Kr\u00e9my Proti Vr\u00e1skam Serox\" \/>\n<meta property=\"og:description\" content=\"Vr\u00e1\u0165te sp\u00e4\u0165 pru\u017enos\u0165, hladkos\u0165 a mladistv\u00fd lesk este dnes! Kr\u00e9my Proti Vr\u00e1skam Serox od Lr Health &amp; Beauty V\u00e1m v tom pom\u00f4\u017eu. Vysk\u00fa\u0161ajte a uvid\u00edte.\" \/>\n<meta property=\"og:url\" content=\"https:\/\/www.lraloeverashop.eu\/sk\/produkt\/kremy-proti-vraskam-serox\/\" \/>\n<meta property=\"og:site_name\" content=\"Lr Obchod Aloe Vera\" \/>\n<meta property=\"article:publisher\" content=\"https:\/\/www.facebook.com\/lraloeverashop.eu\" \/>\n<meta property=\"article:modified_time\" content=\"2025-12-15T07:36:26+00:00\" \/>\n<meta property=\"og:image\" content=\"https:\/\/www.lraloeverashop.eu\/wp-content\/uploads\/2025\/01\/Serox-Anti-Wrinkle-Set.jpg\" \/>\n\t<meta property=\"og:image:width\" content=\"1200\" \/>\n\t<meta property=\"og:image:height\" content=\"1200\" \/>\n\t<meta property=\"og:image:type\" content=\"image\/jpeg\" \/>\n<meta name=\"twitter:card\" content=\"summary_large_image\" \/>\n<meta name=\"twitter:site\" content=\"@natur__kosmetik\" \/>\n<script type=\"application\/ld+json\" class=\"yoast-schema-graph\">{\"@context\":\"https:\\\/\\\/schema.org\",\"@graph\":[{\"@type\":[\"WebPage\",\"ItemPage\"],\"@id\":\"https:\\\/\\\/www.lraloeverashop.eu\\\/sk\\\/produkt\\\/kremy-proti-vraskam-serox\\\/\",\"url\":\"https:\\\/\\\/www.lraloeverashop.eu\\\/sk\\\/produkt\\\/kremy-proti-vraskam-serox\\\/\",\"name\":\"Kr\u00e9my Proti Vr\u00e1skam Serox pre hladkos\u0165 a mladistv\u00fd lesk\",\"isPartOf\":{\"@id\":\"https:\\\/\\\/www.lraloeverashop.eu\\\/sk\\\/#website\"},\"primaryImageOfPage\":{\"@id\":\"https:\\\/\\\/www.lraloeverashop.eu\\\/sk\\\/produkt\\\/kremy-proti-vraskam-serox\\\/#primaryimage\"},\"image\":{\"@id\":\"https:\\\/\\\/www.lraloeverashop.eu\\\/sk\\\/produkt\\\/kremy-proti-vraskam-serox\\\/#primaryimage\"},\"thumbnailUrl\":\"https:\\\/\\\/www.lraloeverashop.eu\\\/wp-content\\\/uploads\\\/2025\\\/01\\\/Serox-Anti-Wrinkle-Set.jpg\",\"datePublished\":\"2025-01-25T08:19:01+00:00\",\"dateModified\":\"2025-12-15T07:36:26+00:00\",\"description\":\"Vr\u00e1\u0165te sp\u00e4\u0165 pru\u017enos\u0165, hladkos\u0165 a mladistv\u00fd lesk este dnes! Kr\u00e9my Proti Vr\u00e1skam Serox od Lr Health & Beauty V\u00e1m v tom pom\u00f4\u017eu. Vysk\u00fa\u0161ajte a uvid\u00edte.\",\"breadcrumb\":{\"@id\":\"https:\\\/\\\/www.lraloeverashop.eu\\\/sk\\\/produkt\\\/kremy-proti-vraskam-serox\\\/#breadcrumb\"},\"inLanguage\":\"sk-SK\",\"potentialAction\":[{\"@type\":\"ReadAction\",\"target\":[\"https:\\\/\\\/www.lraloeverashop.eu\\\/sk\\\/produkt\\\/kremy-proti-vraskam-serox\\\/\"]}]},{\"@type\":\"ImageObject\",\"inLanguage\":\"sk-SK\",\"@id\":\"https:\\\/\\\/www.lraloeverashop.eu\\\/sk\\\/produkt\\\/kremy-proti-vraskam-serox\\\/#primaryimage\",\"url\":\"https:\\\/\\\/www.lraloeverashop.eu\\\/wp-content\\\/uploads\\\/2025\\\/01\\\/Serox-Anti-Wrinkle-Set.jpg\",\"contentUrl\":\"https:\\\/\\\/www.lraloeverashop.eu\\\/wp-content\\\/uploads\\\/2025\\\/01\\\/Serox-Anti-Wrinkle-Set.jpg\",\"width\":1200,\"height\":1200,\"caption\":\"Kr\u00e9my Proti Vr\u00e1skam Serox sada s okam\u017eit\u00fdm v\u00fdsledkom\"},{\"@type\":\"BreadcrumbList\",\"@id\":\"https:\\\/\\\/www.lraloeverashop.eu\\\/sk\\\/produkt\\\/kremy-proti-vraskam-serox\\\/#breadcrumb\",\"itemListElement\":[{\"@type\":\"ListItem\",\"position\":1,\"name\":\"Home\",\"item\":\"https:\\\/\\\/www.lraloeverashop.eu\\\/sk\\\/\"},{\"@type\":\"ListItem\",\"position\":2,\"name\":\"Obchod\",\"item\":\"https:\\\/\\\/www.lraloeverashop.eu\\\/shop\\\/\"},{\"@type\":\"ListItem\",\"position\":3,\"name\":\"Kr\u00e9my Proti Vr\u00e1skam Serox\"}]},{\"@type\":\"WebSite\",\"@id\":\"https:\\\/\\\/www.lraloeverashop.eu\\\/sk\\\/#website\",\"url\":\"https:\\\/\\\/www.lraloeverashop.eu\\\/sk\\\/\",\"name\":\"Lr Obchod Aloe Vera\",\"description\":\"High Quality Lr Aloe Vera Gel, Aloe Vera Cream and Shampoo\",\"publisher\":{\"@id\":\"https:\\\/\\\/www.lraloeverashop.eu\\\/sk\\\/#organization\"},\"potentialAction\":[{\"@type\":\"SearchAction\",\"target\":{\"@type\":\"EntryPoint\",\"urlTemplate\":\"https:\\\/\\\/www.lraloeverashop.eu\\\/sk\\\/?s={search_term_string}\"},\"query-input\":{\"@type\":\"PropertyValueSpecification\",\"valueRequired\":true,\"valueName\":\"search_term_string\"}}],\"inLanguage\":\"sk-SK\"},{\"@type\":\"Organization\",\"@id\":\"https:\\\/\\\/www.lraloeverashop.eu\\\/sk\\\/#organization\",\"name\":\"Lr Obchod Aloe Vera\",\"alternateName\":\"LR\",\"url\":\"https:\\\/\\\/www.lraloeverashop.eu\\\/sk\\\/\",\"logo\":{\"@type\":\"ImageObject\",\"inLanguage\":\"sk-SK\",\"@id\":\"https:\\\/\\\/www.lraloeverashop.eu\\\/sk\\\/#\\\/schema\\\/logo\\\/image\\\/\",\"url\":\"https:\\\/\\\/www.lraloeverashop.eu\\\/wp-content\\\/uploads\\\/2022\\\/09\\\/cropped-Lr-Aloe-Vera-Shop.jpg\",\"contentUrl\":\"https:\\\/\\\/www.lraloeverashop.eu\\\/wp-content\\\/uploads\\\/2022\\\/09\\\/cropped-Lr-Aloe-Vera-Shop.jpg\",\"width\":228,\"height\":76,\"caption\":\"Lr Obchod Aloe Vera\"},\"image\":{\"@id\":\"https:\\\/\\\/www.lraloeverashop.eu\\\/sk\\\/#\\\/schema\\\/logo\\\/image\\\/\"},\"sameAs\":[\"https:\\\/\\\/www.facebook.com\\\/lraloeverashop.eu\",\"https:\\\/\\\/x.com\\\/natur__kosmetik\",\"https:\\\/\\\/www.youtube.com\\\/channel\\\/UC5oN7BJ8nfYb8RpVtjwDEBA\",\"https:\\\/\\\/www.instagram.com\\\/lrbeautyeu\\\/\"]}]}<\/script>\n<meta property=\"product:price:amount\" content=\"110.89\" \/>\n<meta property=\"product:price:currency\" content=\"EUR\" \/>\n<meta property=\"og:availability\" content=\"out of stock\" \/>\n<meta property=\"product:availability\" content=\"out of stock\" \/>\n<meta property=\"product:retailer_item_id\" content=\"28249-1SK\" \/>\n<meta property=\"product:condition\" content=\"new\" \/>\n<!-- \/ Yoast SEO Premium plugin. -->","yoast_head_json":{"title":"Kr\u00e9my Proti Vr\u00e1skam Serox pre hladkos\u0165 a mladistv\u00fd lesk","description":"Vr\u00e1\u0165te sp\u00e4\u0165 pru\u017enos\u0165, hladkos\u0165 a mladistv\u00fd lesk este dnes! Kr\u00e9my Proti Vr\u00e1skam Serox od Lr Health & Beauty V\u00e1m v tom pom\u00f4\u017eu. Vysk\u00fa\u0161ajte a uvid\u00edte.","robots":{"index":"index","follow":"follow","max-snippet":"max-snippet:-1","max-image-preview":"max-image-preview:large","max-video-preview":"max-video-preview:-1"},"canonical":"https:\/\/www.lraloeverashop.eu\/sk\/produkt\/kremy-proti-vraskam-serox\/","og_locale":"sk_SK","og_type":"article","og_title":"Kr\u00e9my Proti Vr\u00e1skam Serox","og_description":"Vr\u00e1\u0165te sp\u00e4\u0165 pru\u017enos\u0165, hladkos\u0165 a mladistv\u00fd lesk este dnes! Kr\u00e9my Proti Vr\u00e1skam Serox od Lr Health & Beauty V\u00e1m v tom pom\u00f4\u017eu. Vysk\u00fa\u0161ajte a uvid\u00edte.","og_url":"https:\/\/www.lraloeverashop.eu\/sk\/produkt\/kremy-proti-vraskam-serox\/","og_site_name":"Lr Obchod Aloe Vera","article_publisher":"https:\/\/www.facebook.com\/lraloeverashop.eu","article_modified_time":"2025-12-15T07:36:26+00:00","og_image":[{"width":1200,"height":1200,"url":"https:\/\/www.lraloeverashop.eu\/wp-content\/uploads\/2025\/01\/Serox-Anti-Wrinkle-Set.jpg","type":"image\/jpeg"}],"twitter_card":"summary_large_image","twitter_site":"@natur__kosmetik","schema":{"@context":"https:\/\/schema.org","@graph":[{"@type":["WebPage","ItemPage"],"@id":"https:\/\/www.lraloeverashop.eu\/sk\/produkt\/kremy-proti-vraskam-serox\/","url":"https:\/\/www.lraloeverashop.eu\/sk\/produkt\/kremy-proti-vraskam-serox\/","name":"Kr\u00e9my Proti Vr\u00e1skam Serox pre hladkos\u0165 a mladistv\u00fd lesk","isPartOf":{"@id":"https:\/\/www.lraloeverashop.eu\/sk\/#website"},"primaryImageOfPage":{"@id":"https:\/\/www.lraloeverashop.eu\/sk\/produkt\/kremy-proti-vraskam-serox\/#primaryimage"},"image":{"@id":"https:\/\/www.lraloeverashop.eu\/sk\/produkt\/kremy-proti-vraskam-serox\/#primaryimage"},"thumbnailUrl":"https:\/\/www.lraloeverashop.eu\/wp-content\/uploads\/2025\/01\/Serox-Anti-Wrinkle-Set.jpg","datePublished":"2025-01-25T08:19:01+00:00","dateModified":"2025-12-15T07:36:26+00:00","description":"Vr\u00e1\u0165te sp\u00e4\u0165 pru\u017enos\u0165, hladkos\u0165 a mladistv\u00fd lesk este dnes! Kr\u00e9my Proti Vr\u00e1skam Serox od Lr Health & Beauty V\u00e1m v tom pom\u00f4\u017eu. Vysk\u00fa\u0161ajte a uvid\u00edte.","breadcrumb":{"@id":"https:\/\/www.lraloeverashop.eu\/sk\/produkt\/kremy-proti-vraskam-serox\/#breadcrumb"},"inLanguage":"sk-SK","potentialAction":[{"@type":"ReadAction","target":["https:\/\/www.lraloeverashop.eu\/sk\/produkt\/kremy-proti-vraskam-serox\/"]}]},{"@type":"ImageObject","inLanguage":"sk-SK","@id":"https:\/\/www.lraloeverashop.eu\/sk\/produkt\/kremy-proti-vraskam-serox\/#primaryimage","url":"https:\/\/www.lraloeverashop.eu\/wp-content\/uploads\/2025\/01\/Serox-Anti-Wrinkle-Set.jpg","contentUrl":"https:\/\/www.lraloeverashop.eu\/wp-content\/uploads\/2025\/01\/Serox-Anti-Wrinkle-Set.jpg","width":1200,"height":1200,"caption":"Kr\u00e9my Proti Vr\u00e1skam Serox sada s okam\u017eit\u00fdm v\u00fdsledkom"},{"@type":"BreadcrumbList","@id":"https:\/\/www.lraloeverashop.eu\/sk\/produkt\/kremy-proti-vraskam-serox\/#breadcrumb","itemListElement":[{"@type":"ListItem","position":1,"name":"Home","item":"https:\/\/www.lraloeverashop.eu\/sk\/"},{"@type":"ListItem","position":2,"name":"Obchod","item":"https:\/\/www.lraloeverashop.eu\/shop\/"},{"@type":"ListItem","position":3,"name":"Kr\u00e9my Proti Vr\u00e1skam Serox"}]},{"@type":"WebSite","@id":"https:\/\/www.lraloeverashop.eu\/sk\/#website","url":"https:\/\/www.lraloeverashop.eu\/sk\/","name":"Lr Obchod Aloe Vera","description":"High Quality Lr Aloe Vera Gel, Aloe Vera Cream and Shampoo","publisher":{"@id":"https:\/\/www.lraloeverashop.eu\/sk\/#organization"},"potentialAction":[{"@type":"SearchAction","target":{"@type":"EntryPoint","urlTemplate":"https:\/\/www.lraloeverashop.eu\/sk\/?s={search_term_string}"},"query-input":{"@type":"PropertyValueSpecification","valueRequired":true,"valueName":"search_term_string"}}],"inLanguage":"sk-SK"},{"@type":"Organization","@id":"https:\/\/www.lraloeverashop.eu\/sk\/#organization","name":"Lr Obchod Aloe Vera","alternateName":"LR","url":"https:\/\/www.lraloeverashop.eu\/sk\/","logo":{"@type":"ImageObject","inLanguage":"sk-SK","@id":"https:\/\/www.lraloeverashop.eu\/sk\/#\/schema\/logo\/image\/","url":"https:\/\/www.lraloeverashop.eu\/wp-content\/uploads\/2022\/09\/cropped-Lr-Aloe-Vera-Shop.jpg","contentUrl":"https:\/\/www.lraloeverashop.eu\/wp-content\/uploads\/2022\/09\/cropped-Lr-Aloe-Vera-Shop.jpg","width":228,"height":76,"caption":"Lr Obchod Aloe Vera"},"image":{"@id":"https:\/\/www.lraloeverashop.eu\/sk\/#\/schema\/logo\/image\/"},"sameAs":["https:\/\/www.facebook.com\/lraloeverashop.eu","https:\/\/x.com\/natur__kosmetik","https:\/\/www.youtube.com\/channel\/UC5oN7BJ8nfYb8RpVtjwDEBA","https:\/\/www.instagram.com\/lrbeautyeu\/"]}]},"product_price_amount":"110.89","product_price_currency":"EUR","og_availability":"out of stock","product_availability":"out of stock","product_retailer_item_id":"28249-1SK","product_condition":"new"},"taxonomy_info":{"product_cat":[{"value":331,"label":"Produkty proti starnutiu"},{"value":390,"label":"Serox"},{"value":270,"label":"Starostlivos\u0165 proti starnutiu"},{"value":282,"label":"\u017deny nad 40 rokov"},{"value":355,"label":"Z\u013eavy"}],"product_tag":[{"value":706,"label":"na vr\u00e1sky na tv\u00e1ri"}]},"featured_image_src_large":["https:\/\/www.lraloeverashop.eu\/wp-content\/uploads\/2025\/01\/Serox-Anti-Wrinkle-Set-1024x1024.jpg",1024,1024,true],"author_info":[],"comment_info":0,"_links":{"self":[{"href":"https:\/\/www.lraloeverashop.eu\/sk\/wp-json\/wp\/v2\/product\/21862","targetHints":{"allow":["GET"]}}],"collection":[{"href":"https:\/\/www.lraloeverashop.eu\/sk\/wp-json\/wp\/v2\/product"}],"about":[{"href":"https:\/\/www.lraloeverashop.eu\/sk\/wp-json\/wp\/v2\/types\/product"}],"replies":[{"embeddable":true,"href":"https:\/\/www.lraloeverashop.eu\/sk\/wp-json\/wp\/v2\/comments?post=21862"}],"wp:featuredmedia":[{"embeddable":true,"href":"https:\/\/www.lraloeverashop.eu\/sk\/wp-json\/wp\/v2\/media\/21851"}],"wp:attachment":[{"href":"https:\/\/www.lraloeverashop.eu\/sk\/wp-json\/wp\/v2\/media?parent=21862"}],"wp:term":[{"taxonomy":"product_brand","embeddable":true,"href":"https:\/\/www.lraloeverashop.eu\/sk\/wp-json\/wp\/v2\/product_brand?post=21862"},{"taxonomy":"product_cat","embeddable":true,"href":"https:\/\/www.lraloeverashop.eu\/sk\/wp-json\/wp\/v2\/product_cat?post=21862"},{"taxonomy":"product_tag","embeddable":true,"href":"https:\/\/www.lraloeverashop.eu\/sk\/wp-json\/wp\/v2\/product_tag?post=21862"}],"curies":[{"name":"wp","href":"https:\/\/api.w.org\/{rel}","templated":true}]}}